{"id":21992,"date":"2021-10-02T20:13:35","date_gmt":"2021-10-02T20:13:35","guid":{"rendered":"https:\/\/beautelorette.wpengine.com\/spa-etiquette-guide\/"},"modified":"2021-12-01T15:50:03","modified_gmt":"2021-12-01T15:50:03","slug":"bienseance","status":"publish","type":"page","link":"https:\/\/beautesantelorette.ca\/fr\/bienseance\/","title":{"rendered":"Biens\u00e9ance"},"content":{"rendered":"<div class=\"fusion-fullwidth fullwidth-box fusion-builder-row-1 fusion-flex-container nonhundred-percent-fullwidth non-hundred-percent-height-scrolling\" style=\"--awb-border-radius-top-left:0px;--awb-border-radius-top-right:0px;--awb-border-radius-bottom-right:0px;--awb-border-radius-bottom-left:0px;--awb-flex-wrap:wrap;\" ><div class=\"fusion-builder-row fusion-row fusion-flex-align-items-flex-start fusion-flex-content-wrap\" style=\"max-width:1424.8px;margin-left: calc(-4% \/ 2 );margin-right: calc(-4% \/ 2 );\"><div class=\"fusion-layout-column fusion_builder_column fusion-builder-column-0 fusion_builder_column_1_1 1_1 fusion-flex-column\" style=\"--awb-bg-size:cover;--awb-width-large:100%;--awb-margin-top-large:0px;--awb-spacing-right-large:1.92%;--awb-margin-bottom-large:0px;--awb-spacing-left-large:1.92%;--awb-width-medium:100%;--awb-order-medium:0;--awb-spacing-right-medium:1.92%;--awb-spacing-left-medium:1.92%;--awb-width-small:100%;--awb-order-small:0;--awb-spacing-right-small:1.92%;--awb-spacing-left-small:1.92%;\"><div class=\"fusion-column-wrapper fusion-column-has-shadow fusion-flex-justify-content-flex-start fusion-content-layout-column\"><div class=\"fusion-text fusion-text-1 fusion-text-no-margin\" style=\"--awb-text-transform:none;--awb-margin-bottom:50px;\"><p>Merci d&rsquo;avoir visit\u00e9 Beaut\u00e9 Sant\u00e9 Lorette. Les informations suivantes sont faites pour rendre votre visite fluide et douce comme le bonheur!<\/p>\n<h3>Premi\u00e8re Visite<\/h3>\n<p>\u00c0 votre premi\u00e8re visite nous vous demandons de bien vouloir remplir un questionnaire de sant\u00e9 qui aidera nos th\u00e9rapeutes \u00e0 vous offrir leurs services en toute s\u00e9curit\u00e9. Donnez vous entre une demi-heure \u00e0 une heure d\u2019avance pour pouvoir remplir tranquillement le formulaire.<\/p>\n<h3>\u00c0 l\u2019Arriv\u00e9e<\/h3>\n<p>Une fois sur place, vous serez guid\u00e9s vers la salle o\u00f9 vous pourrez vous changer. On vous offrira un peignoir ultra confortable, une serviette de bain et une armoire pour ranger vos affaires personnelles.<\/p>\n<h3>Les Usages<\/h3>\n<p>Arrivez entre une demi-heure et une heure d\u2019avance afin de pouvoir profiter \u00e0 fond de tous nos services. Les traitements se terminent toujours \u00e0 l\u2019heure, ce qui permet de respecter l\u2019horaire de chacun de nos clients. Prenez le temps de gouter \u00e0 votre environnement. S\u2019il vous plait, ayez la gentillesse d\u2019\u00e9teindre vos cellulaires: cela permettra \u00e0 tous et \u00e0 chacun de profiter pleinement de la d\u00e9tente que vous venez chercher. \u00c9vitez toute consommation d\u2019alcool deux heures avant votre traitement. Les cigarettes ne sont pas autoris\u00e9es dans notre \u00e9tablissement.<\/p>\n<h3>\u00c2ge Minimum<\/h3>\n<p>\u00c0 moins d\u2019\u00eatre accompagn\u00e9 par un adulte, l\u2019\u00e2ge minimum requis pour recevoir un traitement est de 18 ans.<\/p>\n<h3>Objets de Valeur<\/h3>\n<p>S\u2019il vous plait, lorsque vous venez nous voir, il est pr\u00e9f\u00e9rable de ne pas apporter d\u2019objets de valeur. La plupart des traitements demande que soient enlev\u00e9s les bijoux. Nous ne pouvons \u00eatre tenus responsable de la perte ou du vol de vos affaires personnelles.<\/p>\n<h3>Cartes-Cadeaux et Certificats-Cadeaux<\/h3>\n<p>Il est important de pr\u00e9senter votre carte ou votre certificat cadeau au moment o\u00f9 le service a lieu. De mani\u00e8re g\u00e9n\u00e9rale, les cartes et certificats ne sont pas remboursables, m\u00eame s\u2019ils sont vol\u00e9s ou perdus. Ils ne peuvent pas \u00eatre transf\u00e9r\u00e9s \u00e0 une autre personne.<\/p>\n<h3>Achat en Ligne des Cartes-Cadeaux et Certificats-Cadeaux<\/h3>\n<p>Beaut\u00e9 Sant\u00e9 Lorette vous offre la possibilit\u00e9 d\u2019acheter en ligne des certificats cadeaux pour chacun des services offerts. Toutes les ventes en ligne sont d\u00e9finitives. En cas de pertes ou de vol, elles ne sont pas remboursables. Elles ne peuvent pas \u00eatre transf\u00e9r\u00e9es \u00e0 une autre personne. Lorsque vous faites l\u2019achat d\u2019une carte ou d\u2019un certificat cadeau en ligne, nous pr\u00e9parons le document et nous vous le faisons parvenir par Poste Canada le jour ouvrable suivant. Comptez 5 \u00e0 7 jours ouvrables pour qu\u2019il parvienne \u00e0 destination. Nous ne sommes pas responsables pour les retards de livraison. Pendant les fins de semaine, les achats en ligne sont possibles, mais notre service de traitement et d\u2019exp\u00e9dition est ferm\u00e9. Conservez s\u2019il vous plait votre re\u00e7u d\u2019achat en ligne.<\/p>\n<h3>Prix \/ Retour \/ Echanges<\/h3>\n<p>Tous nos prix sont sans taxes. Ils sont susceptibles de changer sans pr\u00e9avis. Dans nos locaux, nous acceptons l\u2019argent liquide, les cartes de d\u00e9bit et les cartes de cr\u00e9dit Visa et Mastercard. Les produits qui ont \u00e9t\u00e9 achet\u00e9s dans les 5 derniers jours et qui sont en parfaite condition peuvent \u00eatre retourn\u00e9s ou \u00e9chang\u00e9s. Pass\u00e9s ces 5 jours, aucun retour ne sera accept\u00e9. Beaut\u00e9 Sant\u00e9 Lorette n\u2019est responsable que des produits d\u00e9fectueux ou des produits qui ont caus\u00e9 des r\u00e9actions allergiques.<\/p>\n<h3>Notre \u00c9quipe<\/h3>\n<p>Nous ne pouvons garantir que le ou la th\u00e9rapeute dont vous souhaitez recevoir le soin sera disponible. Cependant nous ferons tout ce qui est en notre mesure pour honorer votre pr\u00e9f\u00e9rence.<\/p>\n<h3>Annulations<\/h3>\n<p>Les rendez-vous doivent \u00eatre annul\u00e9s 24 heures \u00e0 l\u2019avance, soit par t\u00e9l\u00e9phone, soit par courriel. Si vous ne prenez pas le soin d\u2019annuler votre rendez vous dans ces d\u00e9lais, le paiement complet sera requis avant de pouvoir prendre un autre rendez vous. Dans le cas d\u2019un rendez vous pr\u00e9 pay\u00e9, le service sera d\u00e9duit directement dans votre profil.Les clients qui se pr\u00e9sentent en retard \u00e0 un rendez vous recevront leur service dans toute la mesure du possible. Cependant le service sera forc\u00e9ment \u00e9court\u00e9 puisqu\u2019il aura commenc\u00e9 en retard. Le fait de prendre rendez vous avec nous pour un service est consid\u00e9r\u00e9 comme votre acceptation claire et enti\u00e8re de cette politique d\u2019annulation.<\/p>\n<h3>Politique de Confidentialit\u00e9<\/h3>\n<p>Afin de pouvoir assurer \u00e0 notre cliente un service de haut niveau, nous sommes parfois dans l\u2019obligation de collecter, de conserver et de rendre publiques des informations personnelles vous concernant. Beaut\u00e9 Sant\u00e9 Lorette s\u2019engage \u00e0 traiter vos donn\u00e9es personnelles en respectant vos droits et en respectant la loi. Les donn\u00e9es personnelles que nous collectons sont conserv\u00e9es et utilis\u00e9es uniquement par Beaut\u00e9 Sant\u00e9 Lorette, ceci afin de vous offrir des services et des traitement professionnels de grande qualit\u00e9. (voir: <a href=\"\/fr\/politique-de-confidentialite\/\">Politique de Confidentialit\u00e9<\/a>)<\/p>\n<\/div><\/div><\/div><\/div><\/div>\n","protected":false},"excerpt":{"rendered":"","protected":false},"author":1,"featured_media":0,"parent":0,"menu_order":0,"comment_status":"closed","ping_status":"closed","template":"100-width.php","meta":{"footnotes":""},"class_list":["post-21992","page","type-page","status-publish","hentry"],"yoast_head":"<!-- This site is optimized with the Yoast SEO plugin v27.4 - https:\/\/yoast.com\/product\/yoast-seo-wordpress\/ -->\n<title>Biens\u00e9ance - Beaut\u00e9 Sant\u00e9 Lorette<\/title>\n<meta name=\"description\" content=\"Merci d\u2019avoir visit\u00e9 Beaut\u00e9 Sant\u00e9 Lorette. Les informations suivantes sont faites pour rendre votre visite fluide et douce comme le bonheur!\" \/>\n<meta name=\"robots\" content=\"index, follow, max-snippet:-1, max-image-preview:large, max-video-preview:-1\" \/>\n<link rel=\"canonical\" href=\"https:\/\/beautesantelorette.ca\/fr\/bienseance\/\" \/>\n<meta property=\"og:locale\" content=\"fr_FR\" \/>\n<meta property=\"og:type\" content=\"article\" \/>\n<meta property=\"og:title\" content=\"Biens\u00e9ance - Beaut\u00e9 Sant\u00e9 Lorette\" \/>\n<meta property=\"og:description\" content=\"Merci d\u2019avoir visit\u00e9 Beaut\u00e9 Sant\u00e9 Lorette. Les informations suivantes sont faites pour rendre votre visite fluide et douce comme le bonheur!\" \/>\n<meta property=\"og:url\" content=\"https:\/\/beautesantelorette.ca\/fr\/bienseance\/\" \/>\n<meta property=\"og:site_name\" content=\"Beaut\u00e9 Sant\u00e9 Lorette\" \/>\n<meta property=\"article:publisher\" content=\"https:\/\/www.facebook.com\/BeauteSanteLorette\/\" \/>\n<meta property=\"article:modified_time\" content=\"2021-12-01T15:50:03+00:00\" \/>\n<meta name=\"twitter:card\" content=\"summary_large_image\" \/>\n<meta name=\"twitter:label1\" content=\"Dur\u00e9e de lecture estim\u00e9e\" \/>\n\t<meta name=\"twitter:data1\" content=\"8 minutes\" \/>\n<script type=\"application\/ld+json\" class=\"yoast-schema-graph\">{\"@context\":\"https:\\\/\\\/schema.org\",\"@graph\":[{\"@type\":\"WebPage\",\"@id\":\"https:\\\/\\\/beautesantelorette.ca\\\/fr\\\/bienseance\\\/\",\"url\":\"https:\\\/\\\/beautesantelorette.ca\\\/fr\\\/bienseance\\\/\",\"name\":\"Biens\u00e9ance - Beaut\u00e9 Sant\u00e9 Lorette\",\"isPartOf\":{\"@id\":\"https:\\\/\\\/beautesantelorette.ca\\\/fr\\\/#website\"},\"datePublished\":\"2021-10-02T20:13:35+00:00\",\"dateModified\":\"2021-12-01T15:50:03+00:00\",\"description\":\"Merci d\u2019avoir visit\u00e9 Beaut\u00e9 Sant\u00e9 Lorette. Les informations suivantes sont faites pour rendre votre visite fluide et douce comme le bonheur!\",\"breadcrumb\":{\"@id\":\"https:\\\/\\\/beautesantelorette.ca\\\/fr\\\/bienseance\\\/#breadcrumb\"},\"inLanguage\":\"fr-FR\",\"potentialAction\":[{\"@type\":\"ReadAction\",\"target\":[\"https:\\\/\\\/beautesantelorette.ca\\\/fr\\\/bienseance\\\/\"]}]},{\"@type\":\"BreadcrumbList\",\"@id\":\"https:\\\/\\\/beautesantelorette.ca\\\/fr\\\/bienseance\\\/#breadcrumb\",\"itemListElement\":[{\"@type\":\"ListItem\",\"position\":1,\"name\":\"Home\",\"item\":\"https:\\\/\\\/beautesantelorette.ca\\\/fr\\\/\"},{\"@type\":\"ListItem\",\"position\":2,\"name\":\"Biens\u00e9ance\"}]},{\"@type\":\"WebSite\",\"@id\":\"https:\\\/\\\/beautesantelorette.ca\\\/fr\\\/#website\",\"url\":\"https:\\\/\\\/beautesantelorette.ca\\\/fr\\\/\",\"name\":\"Beaut\u00e9 Sant\u00e9 Lorette\",\"description\":\"Confiez-Nous Le Soin de VOTRE PEAU\",\"publisher\":{\"@id\":\"https:\\\/\\\/beautesantelorette.ca\\\/fr\\\/#organization\"},\"potentialAction\":[{\"@type\":\"SearchAction\",\"target\":{\"@type\":\"EntryPoint\",\"urlTemplate\":\"https:\\\/\\\/beautesantelorette.ca\\\/fr\\\/?s={search_term_string}\"},\"query-input\":{\"@type\":\"PropertyValueSpecification\",\"valueRequired\":true,\"valueName\":\"search_term_string\"}}],\"inLanguage\":\"fr-FR\"},{\"@type\":\"Organization\",\"@id\":\"https:\\\/\\\/beautesantelorette.ca\\\/fr\\\/#organization\",\"name\":\"Beaut\u00e9 Sant\u00e9 Lorette\",\"url\":\"https:\\\/\\\/beautesantelorette.ca\\\/fr\\\/\",\"logo\":{\"@type\":\"ImageObject\",\"inLanguage\":\"fr-FR\",\"@id\":\"https:\\\/\\\/beautesantelorette.ca\\\/fr\\\/#\\\/schema\\\/logo\\\/image\\\/\",\"url\":\"https:\\\/\\\/beautesantelorette.ca\\\/wp-content\\\/uploads\\\/2021\\\/10\\\/bsl_surfgirl_logo_pos-1.svg\",\"contentUrl\":\"https:\\\/\\\/beautesantelorette.ca\\\/wp-content\\\/uploads\\\/2021\\\/10\\\/bsl_surfgirl_logo_pos-1.svg\",\"width\":1533,\"height\":1200,\"caption\":\"Beaut\u00e9 Sant\u00e9 Lorette\"},\"image\":{\"@id\":\"https:\\\/\\\/beautesantelorette.ca\\\/fr\\\/#\\\/schema\\\/logo\\\/image\\\/\"},\"sameAs\":[\"https:\\\/\\\/www.facebook.com\\\/BeauteSanteLorette\\\/\",\"https:\\\/\\\/www.instagram.com\\\/beautesantelorette\\\/\"]}]}<\/script>\n<!-- \/ Yoast SEO plugin. -->","yoast_head_json":{"title":"Biens\u00e9ance - Beaut\u00e9 Sant\u00e9 Lorette","description":"Merci d\u2019avoir visit\u00e9 Beaut\u00e9 Sant\u00e9 Lorette. Les informations suivantes sont faites pour rendre votre visite fluide et douce comme le bonheur!","robots":{"index":"index","follow":"follow","max-snippet":"max-snippet:-1","max-image-preview":"max-image-preview:large","max-video-preview":"max-video-preview:-1"},"canonical":"https:\/\/beautesantelorette.ca\/fr\/bienseance\/","og_locale":"fr_FR","og_type":"article","og_title":"Biens\u00e9ance - Beaut\u00e9 Sant\u00e9 Lorette","og_description":"Merci d\u2019avoir visit\u00e9 Beaut\u00e9 Sant\u00e9 Lorette. Les informations suivantes sont faites pour rendre votre visite fluide et douce comme le bonheur!","og_url":"https:\/\/beautesantelorette.ca\/fr\/bienseance\/","og_site_name":"Beaut\u00e9 Sant\u00e9 Lorette","article_publisher":"https:\/\/www.facebook.com\/BeauteSanteLorette\/","article_modified_time":"2021-12-01T15:50:03+00:00","twitter_card":"summary_large_image","twitter_misc":{"Dur\u00e9e de lecture estim\u00e9e":"8 minutes"},"schema":{"@context":"https:\/\/schema.org","@graph":[{"@type":"WebPage","@id":"https:\/\/beautesantelorette.ca\/fr\/bienseance\/","url":"https:\/\/beautesantelorette.ca\/fr\/bienseance\/","name":"Biens\u00e9ance - Beaut\u00e9 Sant\u00e9 Lorette","isPartOf":{"@id":"https:\/\/beautesantelorette.ca\/fr\/#website"},"datePublished":"2021-10-02T20:13:35+00:00","dateModified":"2021-12-01T15:50:03+00:00","description":"Merci d\u2019avoir visit\u00e9 Beaut\u00e9 Sant\u00e9 Lorette. Les informations suivantes sont faites pour rendre votre visite fluide et douce comme le bonheur!","breadcrumb":{"@id":"https:\/\/beautesantelorette.ca\/fr\/bienseance\/#breadcrumb"},"inLanguage":"fr-FR","potentialAction":[{"@type":"ReadAction","target":["https:\/\/beautesantelorette.ca\/fr\/bienseance\/"]}]},{"@type":"BreadcrumbList","@id":"https:\/\/beautesantelorette.ca\/fr\/bienseance\/#breadcrumb","itemListElement":[{"@type":"ListItem","position":1,"name":"Home","item":"https:\/\/beautesantelorette.ca\/fr\/"},{"@type":"ListItem","position":2,"name":"Biens\u00e9ance"}]},{"@type":"WebSite","@id":"https:\/\/beautesantelorette.ca\/fr\/#website","url":"https:\/\/beautesantelorette.ca\/fr\/","name":"Beaut\u00e9 Sant\u00e9 Lorette","description":"Confiez-Nous Le Soin de VOTRE PEAU","publisher":{"@id":"https:\/\/beautesantelorette.ca\/fr\/#organization"},"potentialAction":[{"@type":"SearchAction","target":{"@type":"EntryPoint","urlTemplate":"https:\/\/beautesantelorette.ca\/fr\/?s={search_term_string}"},"query-input":{"@type":"PropertyValueSpecification","valueRequired":true,"valueName":"search_term_string"}}],"inLanguage":"fr-FR"},{"@type":"Organization","@id":"https:\/\/beautesantelorette.ca\/fr\/#organization","name":"Beaut\u00e9 Sant\u00e9 Lorette","url":"https:\/\/beautesantelorette.ca\/fr\/","logo":{"@type":"ImageObject","inLanguage":"fr-FR","@id":"https:\/\/beautesantelorette.ca\/fr\/#\/schema\/logo\/image\/","url":"https:\/\/beautesantelorette.ca\/wp-content\/uploads\/2021\/10\/bsl_surfgirl_logo_pos-1.svg","contentUrl":"https:\/\/beautesantelorette.ca\/wp-content\/uploads\/2021\/10\/bsl_surfgirl_logo_pos-1.svg","width":1533,"height":1200,"caption":"Beaut\u00e9 Sant\u00e9 Lorette"},"image":{"@id":"https:\/\/beautesantelorette.ca\/fr\/#\/schema\/logo\/image\/"},"sameAs":["https:\/\/www.facebook.com\/BeauteSanteLorette\/","https:\/\/www.instagram.com\/beautesantelorette\/"]}]}},"jetpack_sharing_enabled":true,"_links":{"self":[{"href":"https:\/\/beautesantelorette.ca\/fr\/wp-json\/wp\/v2\/pages\/21992","targetHints":{"allow":["GET"]}}],"collection":[{"href":"https:\/\/beautesantelorette.ca\/fr\/wp-json\/wp\/v2\/pages"}],"about":[{"href":"https:\/\/beautesantelorette.ca\/fr\/wp-json\/wp\/v2\/types\/page"}],"author":[{"embeddable":true,"href":"https:\/\/beautesantelorette.ca\/fr\/wp-json\/wp\/v2\/users\/1"}],"replies":[{"embeddable":true,"href":"https:\/\/beautesantelorette.ca\/fr\/wp-json\/wp\/v2\/comments?post=21992"}],"version-history":[{"count":0,"href":"https:\/\/beautesantelorette.ca\/fr\/wp-json\/wp\/v2\/pages\/21992\/revisions"}],"wp:attachment":[{"href":"https:\/\/beautesantelorette.ca\/fr\/wp-json\/wp\/v2\/media?parent=21992"}],"curies":[{"name":"wp","href":"https:\/\/api.w.org\/{rel}","templated":true}]}}