{"id":22070,"date":"2015-10-05T12:47:16","date_gmt":"2015-10-05T12:47:16","guid":{"rendered":"https:\/\/beautelorette.wpengine.com\/product\/cleansing-milk-biotense\/"},"modified":"2022-04-26T13:27:32","modified_gmt":"2022-04-26T13:27:32","slug":"lait-nettoyant-biotense","status":"publish","type":"product","link":"https:\/\/beautesantelorette.ca\/fr\/produit\/lait-nettoyant-biotense\/","title":{"rendered":"Lait Nettoyant BioTense"},"content":{"rendered":"","protected":false},"excerpt":{"rendered":"<p>Le Lait Nettoyant BioTense Nelly De Vuyst d\u00e9maquille et nettoie parfaitement le visage, les paupi\u00e8res et les l\u00e8vres au quotidien. Ce lait l\u00e9ger et onctueux est riche en huile d\u2019argan pour retirer facilement toutes les traces de maquillage et d\u2019impuret\u00e9s en un seul geste.<\/p>\n","protected":false},"featured_media":21589,"comment_status":"open","ping_status":"closed","template":"","meta":[],"product_brand":[],"product_cat":[236,232,248],"product_tag":[],"class_list":{"0":"post-22070","1":"product","2":"type-product","3":"status-publish","4":"has-post-thumbnail","6":"product_cat-bioorganic-fr","7":"product_cat-nelly-de-vuyst-fr","8":"product_cat-nettoyants","10":"first","11":"instock","12":"taxable","13":"shipping-taxable","14":"purchasable","15":"product-type-simple"},"yoast_head":"<!-- This site is optimized with the Yoast SEO plugin v27.4 - https:\/\/yoast.com\/product\/yoast-seo-wordpress\/ -->\n<title>Lait Nettoyant BioTense - Beaut\u00e9 Sant\u00e9 Lorette<\/title>\n<meta name=\"description\" content=\"Le Lait Nettoyant BioTense Nelly De Vuyst d\u00e9maquille et nettoie parfaitement le visage, les paupi\u00e8res et les l\u00e8vres au quotidien. Ce lait l\u00e9ger et onctueux est riche en huile d\u2019argan pour retirer facilement toutes les traces de maquillage et d\u2019impuret\u00e9s en un seul geste.\" \/>\n<meta name=\"robots\" content=\"index, follow, max-snippet:-1, max-image-preview:large, max-video-preview:-1\" \/>\n<link rel=\"canonical\" href=\"https:\/\/beautesantelorette.ca\/fr\/produit\/lait-nettoyant-biotense\/\" \/>\n<meta property=\"og:locale\" content=\"fr_FR\" \/>\n<meta property=\"og:type\" content=\"article\" \/>\n<meta property=\"og:title\" content=\"Lait Nettoyant BioTense - Beaut\u00e9 Sant\u00e9 Lorette\" \/>\n<meta property=\"og:description\" content=\"Le Lait Nettoyant BioTense Nelly De Vuyst d\u00e9maquille et nettoie parfaitement le visage, les paupi\u00e8res et les l\u00e8vres au quotidien. Ce lait l\u00e9ger et onctueux est riche en huile d\u2019argan pour retirer facilement toutes les traces de maquillage et d\u2019impuret\u00e9s en un seul geste.\" \/>\n<meta property=\"og:url\" content=\"https:\/\/beautesantelorette.ca\/fr\/produit\/lait-nettoyant-biotense\/\" \/>\n<meta property=\"og:site_name\" content=\"Beaut\u00e9 Sant\u00e9 Lorette\" \/>\n<meta property=\"article:publisher\" content=\"https:\/\/www.facebook.com\/BeauteSanteLorette\/\" \/>\n<meta property=\"article:modified_time\" content=\"2022-04-26T13:27:32+00:00\" \/>\n<meta property=\"og:image\" content=\"https:\/\/beautesantelorette.ca\/wp-content\/uploads\/2015\/10\/Cleansing-Milk-BioTense.jpg\" \/>\n\t<meta property=\"og:image:width\" content=\"1200\" \/>\n\t<meta property=\"og:image:height\" content=\"1200\" \/>\n\t<meta property=\"og:image:type\" content=\"image\/jpeg\" \/>\n<meta name=\"twitter:card\" content=\"summary_large_image\" \/>\n<script type=\"application\/ld+json\" class=\"yoast-schema-graph\">{\"@context\":\"https:\\\/\\\/schema.org\",\"@graph\":[{\"@type\":\"WebPage\",\"@id\":\"https:\\\/\\\/beautesantelorette.ca\\\/fr\\\/produit\\\/lait-nettoyant-biotense\\\/\",\"url\":\"https:\\\/\\\/beautesantelorette.ca\\\/fr\\\/produit\\\/lait-nettoyant-biotense\\\/\",\"name\":\"Lait Nettoyant BioTense - Beaut\u00e9 Sant\u00e9 Lorette\",\"isPartOf\":{\"@id\":\"https:\\\/\\\/beautesantelorette.ca\\\/fr\\\/#website\"},\"primaryImageOfPage\":{\"@id\":\"https:\\\/\\\/beautesantelorette.ca\\\/fr\\\/produit\\\/lait-nettoyant-biotense\\\/#primaryimage\"},\"image\":{\"@id\":\"https:\\\/\\\/beautesantelorette.ca\\\/fr\\\/produit\\\/lait-nettoyant-biotense\\\/#primaryimage\"},\"thumbnailUrl\":\"https:\\\/\\\/beautesantelorette.ca\\\/wp-content\\\/uploads\\\/2015\\\/10\\\/Cleansing-Milk-BioTense.jpg\",\"datePublished\":\"2015-10-05T12:47:16+00:00\",\"dateModified\":\"2022-04-26T13:27:32+00:00\",\"description\":\"Le Lait Nettoyant BioTense Nelly De Vuyst d\u00e9maquille et nettoie parfaitement le visage, les paupi\u00e8res et les l\u00e8vres au quotidien. Ce lait l\u00e9ger et onctueux est riche en huile d\u2019argan pour retirer facilement toutes les traces de maquillage et d\u2019impuret\u00e9s en un seul geste.\",\"breadcrumb\":{\"@id\":\"https:\\\/\\\/beautesantelorette.ca\\\/fr\\\/produit\\\/lait-nettoyant-biotense\\\/#breadcrumb\"},\"inLanguage\":\"fr-FR\",\"potentialAction\":[{\"@type\":\"ReadAction\",\"target\":[\"https:\\\/\\\/beautesantelorette.ca\\\/fr\\\/produit\\\/lait-nettoyant-biotense\\\/\"]}]},{\"@type\":\"ImageObject\",\"inLanguage\":\"fr-FR\",\"@id\":\"https:\\\/\\\/beautesantelorette.ca\\\/fr\\\/produit\\\/lait-nettoyant-biotense\\\/#primaryimage\",\"url\":\"https:\\\/\\\/beautesantelorette.ca\\\/wp-content\\\/uploads\\\/2015\\\/10\\\/Cleansing-Milk-BioTense.jpg\",\"contentUrl\":\"https:\\\/\\\/beautesantelorette.ca\\\/wp-content\\\/uploads\\\/2015\\\/10\\\/Cleansing-Milk-BioTense.jpg\",\"width\":1200,\"height\":1200,\"caption\":\"Lait Nettoyant BioTense\"},{\"@type\":\"BreadcrumbList\",\"@id\":\"https:\\\/\\\/beautesantelorette.ca\\\/fr\\\/produit\\\/lait-nettoyant-biotense\\\/#breadcrumb\",\"itemListElement\":[{\"@type\":\"ListItem\",\"position\":1,\"name\":\"Home\",\"item\":\"https:\\\/\\\/beautesantelorette.ca\\\/fr\\\/\"},{\"@type\":\"ListItem\",\"position\":2,\"name\":\"Boutique\",\"item\":\"https:\\\/\\\/beautesantelorette.ca\\\/fr\\\/boutique\\\/\"},{\"@type\":\"ListItem\",\"position\":3,\"name\":\"Lait Nettoyant BioTense\"}]},{\"@type\":\"WebSite\",\"@id\":\"https:\\\/\\\/beautesantelorette.ca\\\/fr\\\/#website\",\"url\":\"https:\\\/\\\/beautesantelorette.ca\\\/fr\\\/\",\"name\":\"Beaut\u00e9 Sant\u00e9 Lorette\",\"description\":\"Confiez-Nous Le Soin de VOTRE PEAU\",\"publisher\":{\"@id\":\"https:\\\/\\\/beautesantelorette.ca\\\/fr\\\/#organization\"},\"potentialAction\":[{\"@type\":\"SearchAction\",\"target\":{\"@type\":\"EntryPoint\",\"urlTemplate\":\"https:\\\/\\\/beautesantelorette.ca\\\/fr\\\/?s={search_term_string}\"},\"query-input\":{\"@type\":\"PropertyValueSpecification\",\"valueRequired\":true,\"valueName\":\"search_term_string\"}}],\"inLanguage\":\"fr-FR\"},{\"@type\":\"Organization\",\"@id\":\"https:\\\/\\\/beautesantelorette.ca\\\/fr\\\/#organization\",\"name\":\"Beaut\u00e9 Sant\u00e9 Lorette\",\"url\":\"https:\\\/\\\/beautesantelorette.ca\\\/fr\\\/\",\"logo\":{\"@type\":\"ImageObject\",\"inLanguage\":\"fr-FR\",\"@id\":\"https:\\\/\\\/beautesantelorette.ca\\\/fr\\\/#\\\/schema\\\/logo\\\/image\\\/\",\"url\":\"https:\\\/\\\/beautesantelorette.ca\\\/wp-content\\\/uploads\\\/2021\\\/10\\\/bsl_surfgirl_logo_pos-1.svg\",\"contentUrl\":\"https:\\\/\\\/beautesantelorette.ca\\\/wp-content\\\/uploads\\\/2021\\\/10\\\/bsl_surfgirl_logo_pos-1.svg\",\"width\":1533,\"height\":1200,\"caption\":\"Beaut\u00e9 Sant\u00e9 Lorette\"},\"image\":{\"@id\":\"https:\\\/\\\/beautesantelorette.ca\\\/fr\\\/#\\\/schema\\\/logo\\\/image\\\/\"},\"sameAs\":[\"https:\\\/\\\/www.facebook.com\\\/BeauteSanteLorette\\\/\",\"https:\\\/\\\/www.instagram.com\\\/beautesantelorette\\\/\"]}]}<\/script>\n<!-- \/ Yoast SEO plugin. -->","yoast_head_json":{"title":"Lait Nettoyant BioTense - Beaut\u00e9 Sant\u00e9 Lorette","description":"Le Lait Nettoyant BioTense Nelly De Vuyst d\u00e9maquille et nettoie parfaitement le visage, les paupi\u00e8res et les l\u00e8vres au quotidien. Ce lait l\u00e9ger et onctueux est riche en huile d\u2019argan pour retirer facilement toutes les traces de maquillage et d\u2019impuret\u00e9s en un seul geste.","robots":{"index":"index","follow":"follow","max-snippet":"max-snippet:-1","max-image-preview":"max-image-preview:large","max-video-preview":"max-video-preview:-1"},"canonical":"https:\/\/beautesantelorette.ca\/fr\/produit\/lait-nettoyant-biotense\/","og_locale":"fr_FR","og_type":"article","og_title":"Lait Nettoyant BioTense - Beaut\u00e9 Sant\u00e9 Lorette","og_description":"Le Lait Nettoyant BioTense Nelly De Vuyst d\u00e9maquille et nettoie parfaitement le visage, les paupi\u00e8res et les l\u00e8vres au quotidien. Ce lait l\u00e9ger et onctueux est riche en huile d\u2019argan pour retirer facilement toutes les traces de maquillage et d\u2019impuret\u00e9s en un seul geste.","og_url":"https:\/\/beautesantelorette.ca\/fr\/produit\/lait-nettoyant-biotense\/","og_site_name":"Beaut\u00e9 Sant\u00e9 Lorette","article_publisher":"https:\/\/www.facebook.com\/BeauteSanteLorette\/","article_modified_time":"2022-04-26T13:27:32+00:00","og_image":[{"width":1200,"height":1200,"url":"https:\/\/beautesantelorette.ca\/wp-content\/uploads\/2015\/10\/Cleansing-Milk-BioTense.jpg","type":"image\/jpeg"}],"twitter_card":"summary_large_image","schema":{"@context":"https:\/\/schema.org","@graph":[{"@type":"WebPage","@id":"https:\/\/beautesantelorette.ca\/fr\/produit\/lait-nettoyant-biotense\/","url":"https:\/\/beautesantelorette.ca\/fr\/produit\/lait-nettoyant-biotense\/","name":"Lait Nettoyant BioTense - Beaut\u00e9 Sant\u00e9 Lorette","isPartOf":{"@id":"https:\/\/beautesantelorette.ca\/fr\/#website"},"primaryImageOfPage":{"@id":"https:\/\/beautesantelorette.ca\/fr\/produit\/lait-nettoyant-biotense\/#primaryimage"},"image":{"@id":"https:\/\/beautesantelorette.ca\/fr\/produit\/lait-nettoyant-biotense\/#primaryimage"},"thumbnailUrl":"https:\/\/beautesantelorette.ca\/wp-content\/uploads\/2015\/10\/Cleansing-Milk-BioTense.jpg","datePublished":"2015-10-05T12:47:16+00:00","dateModified":"2022-04-26T13:27:32+00:00","description":"Le Lait Nettoyant BioTense Nelly De Vuyst d\u00e9maquille et nettoie parfaitement le visage, les paupi\u00e8res et les l\u00e8vres au quotidien. Ce lait l\u00e9ger et onctueux est riche en huile d\u2019argan pour retirer facilement toutes les traces de maquillage et d\u2019impuret\u00e9s en un seul geste.","breadcrumb":{"@id":"https:\/\/beautesantelorette.ca\/fr\/produit\/lait-nettoyant-biotense\/#breadcrumb"},"inLanguage":"fr-FR","potentialAction":[{"@type":"ReadAction","target":["https:\/\/beautesantelorette.ca\/fr\/produit\/lait-nettoyant-biotense\/"]}]},{"@type":"ImageObject","inLanguage":"fr-FR","@id":"https:\/\/beautesantelorette.ca\/fr\/produit\/lait-nettoyant-biotense\/#primaryimage","url":"https:\/\/beautesantelorette.ca\/wp-content\/uploads\/2015\/10\/Cleansing-Milk-BioTense.jpg","contentUrl":"https:\/\/beautesantelorette.ca\/wp-content\/uploads\/2015\/10\/Cleansing-Milk-BioTense.jpg","width":1200,"height":1200,"caption":"Lait Nettoyant BioTense"},{"@type":"BreadcrumbList","@id":"https:\/\/beautesantelorette.ca\/fr\/produit\/lait-nettoyant-biotense\/#breadcrumb","itemListElement":[{"@type":"ListItem","position":1,"name":"Home","item":"https:\/\/beautesantelorette.ca\/fr\/"},{"@type":"ListItem","position":2,"name":"Boutique","item":"https:\/\/beautesantelorette.ca\/fr\/boutique\/"},{"@type":"ListItem","position":3,"name":"Lait Nettoyant BioTense"}]},{"@type":"WebSite","@id":"https:\/\/beautesantelorette.ca\/fr\/#website","url":"https:\/\/beautesantelorette.ca\/fr\/","name":"Beaut\u00e9 Sant\u00e9 Lorette","description":"Confiez-Nous Le Soin de VOTRE PEAU","publisher":{"@id":"https:\/\/beautesantelorette.ca\/fr\/#organization"},"potentialAction":[{"@type":"SearchAction","target":{"@type":"EntryPoint","urlTemplate":"https:\/\/beautesantelorette.ca\/fr\/?s={search_term_string}"},"query-input":{"@type":"PropertyValueSpecification","valueRequired":true,"valueName":"search_term_string"}}],"inLanguage":"fr-FR"},{"@type":"Organization","@id":"https:\/\/beautesantelorette.ca\/fr\/#organization","name":"Beaut\u00e9 Sant\u00e9 Lorette","url":"https:\/\/beautesantelorette.ca\/fr\/","logo":{"@type":"ImageObject","inLanguage":"fr-FR","@id":"https:\/\/beautesantelorette.ca\/fr\/#\/schema\/logo\/image\/","url":"https:\/\/beautesantelorette.ca\/wp-content\/uploads\/2021\/10\/bsl_surfgirl_logo_pos-1.svg","contentUrl":"https:\/\/beautesantelorette.ca\/wp-content\/uploads\/2021\/10\/bsl_surfgirl_logo_pos-1.svg","width":1533,"height":1200,"caption":"Beaut\u00e9 Sant\u00e9 Lorette"},"image":{"@id":"https:\/\/beautesantelorette.ca\/fr\/#\/schema\/logo\/image\/"},"sameAs":["https:\/\/www.facebook.com\/BeauteSanteLorette\/","https:\/\/www.instagram.com\/beautesantelorette\/"]}]}},"jetpack_sharing_enabled":true,"_links":{"self":[{"href":"https:\/\/beautesantelorette.ca\/fr\/wp-json\/wp\/v2\/product\/22070","targetHints":{"allow":["GET"]}}],"collection":[{"href":"https:\/\/beautesantelorette.ca\/fr\/wp-json\/wp\/v2\/product"}],"about":[{"href":"https:\/\/beautesantelorette.ca\/fr\/wp-json\/wp\/v2\/types\/product"}],"replies":[{"embeddable":true,"href":"https:\/\/beautesantelorette.ca\/fr\/wp-json\/wp\/v2\/comments?post=22070"}],"wp:featuredmedia":[{"embeddable":true,"href":"https:\/\/beautesantelorette.ca\/fr\/wp-json\/wp\/v2\/media\/21589"}],"wp:attachment":[{"href":"https:\/\/beautesantelorette.ca\/fr\/wp-json\/wp\/v2\/media?parent=22070"}],"wp:term":[{"taxonomy":"product_brand","embeddable":true,"href":"https:\/\/beautesantelorette.ca\/fr\/wp-json\/wp\/v2\/product_brand?post=22070"},{"taxonomy":"product_cat","embeddable":true,"href":"https:\/\/beautesantelorette.ca\/fr\/wp-json\/wp\/v2\/product_cat?post=22070"},{"taxonomy":"product_tag","embeddable":true,"href":"https:\/\/beautesantelorette.ca\/fr\/wp-json\/wp\/v2\/product_tag?post=22070"}],"curies":[{"name":"wp","href":"https:\/\/api.w.org\/{rel}","templated":true}]}}