{"id":22073,"date":"2021-09-29T20:08:38","date_gmt":"2021-09-29T20:08:38","guid":{"rendered":"https:\/\/beautelorette.wpengine.com\/product\/cleansing-milk-hydrocell\/"},"modified":"2025-11-18T13:07:39","modified_gmt":"2025-11-18T13:07:39","slug":"lait-nettoyant-hydrocell","status":"publish","type":"product","link":"https:\/\/beautesantelorette.ca\/fr\/produit\/lait-nettoyant-hydrocell\/","title":{"rendered":"Lait Nettoyant Hydrocell"},"content":{"rendered":"","protected":false},"excerpt":{"rendered":"<p>Le Lait Nettoyant Hydrocell Nelly De Vuyst contient des ingr\u00e9dients qui nettoient d\u00e9licatement et parfaitement la peau tout en respectant la qualit\u00e9 du film hydrolipidique. Sa texture l\u00e9g\u00e8re et velout\u00e9e est id\u00e9ale pour \u00e9liminer les impuret\u00e9s et les traces de maquillage. Il peut \u00eatre utilis\u00e9 au contour des yeux, sur le visage et le cou. Il laissera la peau propre, fra\u00eeche et hydrat\u00e9e.<\/p>\n","protected":false},"featured_media":21625,"comment_status":"open","ping_status":"closed","template":"","meta":[],"product_brand":[],"product_cat":[237,232,248],"product_tag":[],"class_list":{"0":"post-22073","1":"product","2":"type-product","3":"status-publish","4":"has-post-thumbnail","6":"product_cat-bioscience-fr","7":"product_cat-nelly-de-vuyst-fr","8":"product_cat-nettoyants","10":"first","11":"instock","12":"featured","13":"taxable","14":"shipping-taxable","15":"purchasable","16":"product-type-simple"},"yoast_head":"<!-- This site is optimized with the Yoast SEO plugin v27.4 - https:\/\/yoast.com\/product\/yoast-seo-wordpress\/ -->\n<title>Lait Nettoyant Hydrocell - Beaut\u00e9 Sant\u00e9 Lorette<\/title>\n<meta name=\"description\" content=\"Le Lait Nettoyant Hydrocell Nelly De Vuyst contient des ingr\u00e9dients qui nettoient d\u00e9licatement et parfaitement la peau tout en respectant la qualit\u00e9 du film hydrolipidique. Sa texture l\u00e9g\u00e8re et velout\u00e9e est id\u00e9ale pour \u00e9liminer les impuret\u00e9s et les traces de maquillage. Il peut \u00eatre utilis\u00e9 au contour des yeux, sur le visage et le cou. Il laissera la peau propre, fra\u00eeche et hydrat\u00e9e.\" \/>\n<meta name=\"robots\" content=\"index, follow, max-snippet:-1, max-image-preview:large, max-video-preview:-1\" \/>\n<link rel=\"canonical\" href=\"https:\/\/beautesantelorette.ca\/fr\/produit\/lait-nettoyant-hydrocell\/\" \/>\n<meta property=\"og:locale\" content=\"fr_FR\" \/>\n<meta property=\"og:type\" content=\"article\" \/>\n<meta property=\"og:title\" content=\"Lait Nettoyant Hydrocell - Beaut\u00e9 Sant\u00e9 Lorette\" \/>\n<meta property=\"og:description\" content=\"Le Lait Nettoyant Hydrocell Nelly De Vuyst contient des ingr\u00e9dients qui nettoient d\u00e9licatement et parfaitement la peau tout en respectant la qualit\u00e9 du film hydrolipidique. Sa texture l\u00e9g\u00e8re et velout\u00e9e est id\u00e9ale pour \u00e9liminer les impuret\u00e9s et les traces de maquillage. Il peut \u00eatre utilis\u00e9 au contour des yeux, sur le visage et le cou. Il laissera la peau propre, fra\u00eeche et hydrat\u00e9e.\" \/>\n<meta property=\"og:url\" content=\"https:\/\/beautesantelorette.ca\/fr\/produit\/lait-nettoyant-hydrocell\/\" \/>\n<meta property=\"og:site_name\" content=\"Beaut\u00e9 Sant\u00e9 Lorette\" \/>\n<meta property=\"article:publisher\" content=\"https:\/\/www.facebook.com\/BeauteSanteLorette\/\" \/>\n<meta property=\"article:modified_time\" content=\"2025-11-18T13:07:39+00:00\" \/>\n<meta property=\"og:image\" content=\"https:\/\/beautesantelorette.ca\/wp-content\/uploads\/2021\/09\/Cleansing-Milk-Hydrocell.jpg\" \/>\n\t<meta property=\"og:image:width\" content=\"1200\" \/>\n\t<meta property=\"og:image:height\" content=\"1200\" \/>\n\t<meta property=\"og:image:type\" content=\"image\/jpeg\" \/>\n<meta name=\"twitter:card\" content=\"summary_large_image\" \/>\n<script type=\"application\/ld+json\" class=\"yoast-schema-graph\">{\"@context\":\"https:\\\/\\\/schema.org\",\"@graph\":[{\"@type\":\"WebPage\",\"@id\":\"https:\\\/\\\/beautesantelorette.ca\\\/fr\\\/produit\\\/lait-nettoyant-hydrocell\\\/\",\"url\":\"https:\\\/\\\/beautesantelorette.ca\\\/fr\\\/produit\\\/lait-nettoyant-hydrocell\\\/\",\"name\":\"Lait Nettoyant Hydrocell - Beaut\u00e9 Sant\u00e9 Lorette\",\"isPartOf\":{\"@id\":\"https:\\\/\\\/beautesantelorette.ca\\\/fr\\\/#website\"},\"primaryImageOfPage\":{\"@id\":\"https:\\\/\\\/beautesantelorette.ca\\\/fr\\\/produit\\\/lait-nettoyant-hydrocell\\\/#primaryimage\"},\"image\":{\"@id\":\"https:\\\/\\\/beautesantelorette.ca\\\/fr\\\/produit\\\/lait-nettoyant-hydrocell\\\/#primaryimage\"},\"thumbnailUrl\":\"https:\\\/\\\/beautesantelorette.ca\\\/wp-content\\\/uploads\\\/2021\\\/09\\\/Cleansing-Milk-Hydrocell.jpg\",\"datePublished\":\"2021-09-29T20:08:38+00:00\",\"dateModified\":\"2025-11-18T13:07:39+00:00\",\"description\":\"Le Lait Nettoyant Hydrocell Nelly De Vuyst contient des ingr\u00e9dients qui nettoient d\u00e9licatement et parfaitement la peau tout en respectant la qualit\u00e9 du film hydrolipidique. Sa texture l\u00e9g\u00e8re et velout\u00e9e est id\u00e9ale pour \u00e9liminer les impuret\u00e9s et les traces de maquillage. Il peut \u00eatre utilis\u00e9 au contour des yeux, sur le visage et le cou. Il laissera la peau propre, fra\u00eeche et hydrat\u00e9e.\",\"breadcrumb\":{\"@id\":\"https:\\\/\\\/beautesantelorette.ca\\\/fr\\\/produit\\\/lait-nettoyant-hydrocell\\\/#breadcrumb\"},\"inLanguage\":\"fr-FR\",\"potentialAction\":[{\"@type\":\"ReadAction\",\"target\":[\"https:\\\/\\\/beautesantelorette.ca\\\/fr\\\/produit\\\/lait-nettoyant-hydrocell\\\/\"]}]},{\"@type\":\"ImageObject\",\"inLanguage\":\"fr-FR\",\"@id\":\"https:\\\/\\\/beautesantelorette.ca\\\/fr\\\/produit\\\/lait-nettoyant-hydrocell\\\/#primaryimage\",\"url\":\"https:\\\/\\\/beautesantelorette.ca\\\/wp-content\\\/uploads\\\/2021\\\/09\\\/Cleansing-Milk-Hydrocell.jpg\",\"contentUrl\":\"https:\\\/\\\/beautesantelorette.ca\\\/wp-content\\\/uploads\\\/2021\\\/09\\\/Cleansing-Milk-Hydrocell.jpg\",\"width\":1200,\"height\":1200,\"caption\":\"Lait Nettoyant Hydrocell\"},{\"@type\":\"BreadcrumbList\",\"@id\":\"https:\\\/\\\/beautesantelorette.ca\\\/fr\\\/produit\\\/lait-nettoyant-hydrocell\\\/#breadcrumb\",\"itemListElement\":[{\"@type\":\"ListItem\",\"position\":1,\"name\":\"Home\",\"item\":\"https:\\\/\\\/beautesantelorette.ca\\\/fr\\\/\"},{\"@type\":\"ListItem\",\"position\":2,\"name\":\"Boutique\",\"item\":\"https:\\\/\\\/beautesantelorette.ca\\\/fr\\\/boutique\\\/\"},{\"@type\":\"ListItem\",\"position\":3,\"name\":\"Lait Nettoyant Hydrocell\"}]},{\"@type\":\"WebSite\",\"@id\":\"https:\\\/\\\/beautesantelorette.ca\\\/fr\\\/#website\",\"url\":\"https:\\\/\\\/beautesantelorette.ca\\\/fr\\\/\",\"name\":\"Beaut\u00e9 Sant\u00e9 Lorette\",\"description\":\"Confiez-Nous Le Soin de VOTRE PEAU\",\"publisher\":{\"@id\":\"https:\\\/\\\/beautesantelorette.ca\\\/fr\\\/#organization\"},\"potentialAction\":[{\"@type\":\"SearchAction\",\"target\":{\"@type\":\"EntryPoint\",\"urlTemplate\":\"https:\\\/\\\/beautesantelorette.ca\\\/fr\\\/?s={search_term_string}\"},\"query-input\":{\"@type\":\"PropertyValueSpecification\",\"valueRequired\":true,\"valueName\":\"search_term_string\"}}],\"inLanguage\":\"fr-FR\"},{\"@type\":\"Organization\",\"@id\":\"https:\\\/\\\/beautesantelorette.ca\\\/fr\\\/#organization\",\"name\":\"Beaut\u00e9 Sant\u00e9 Lorette\",\"url\":\"https:\\\/\\\/beautesantelorette.ca\\\/fr\\\/\",\"logo\":{\"@type\":\"ImageObject\",\"inLanguage\":\"fr-FR\",\"@id\":\"https:\\\/\\\/beautesantelorette.ca\\\/fr\\\/#\\\/schema\\\/logo\\\/image\\\/\",\"url\":\"https:\\\/\\\/beautesantelorette.ca\\\/wp-content\\\/uploads\\\/2021\\\/10\\\/bsl_surfgirl_logo_pos-1.svg\",\"contentUrl\":\"https:\\\/\\\/beautesantelorette.ca\\\/wp-content\\\/uploads\\\/2021\\\/10\\\/bsl_surfgirl_logo_pos-1.svg\",\"width\":1533,\"height\":1200,\"caption\":\"Beaut\u00e9 Sant\u00e9 Lorette\"},\"image\":{\"@id\":\"https:\\\/\\\/beautesantelorette.ca\\\/fr\\\/#\\\/schema\\\/logo\\\/image\\\/\"},\"sameAs\":[\"https:\\\/\\\/www.facebook.com\\\/BeauteSanteLorette\\\/\",\"https:\\\/\\\/www.instagram.com\\\/beautesantelorette\\\/\"]}]}<\/script>\n<!-- \/ Yoast SEO plugin. -->","yoast_head_json":{"title":"Lait Nettoyant Hydrocell - Beaut\u00e9 Sant\u00e9 Lorette","description":"Le Lait Nettoyant Hydrocell Nelly De Vuyst contient des ingr\u00e9dients qui nettoient d\u00e9licatement et parfaitement la peau tout en respectant la qualit\u00e9 du film hydrolipidique. Sa texture l\u00e9g\u00e8re et velout\u00e9e est id\u00e9ale pour \u00e9liminer les impuret\u00e9s et les traces de maquillage. Il peut \u00eatre utilis\u00e9 au contour des yeux, sur le visage et le cou. Il laissera la peau propre, fra\u00eeche et hydrat\u00e9e.","robots":{"index":"index","follow":"follow","max-snippet":"max-snippet:-1","max-image-preview":"max-image-preview:large","max-video-preview":"max-video-preview:-1"},"canonical":"https:\/\/beautesantelorette.ca\/fr\/produit\/lait-nettoyant-hydrocell\/","og_locale":"fr_FR","og_type":"article","og_title":"Lait Nettoyant Hydrocell - Beaut\u00e9 Sant\u00e9 Lorette","og_description":"Le Lait Nettoyant Hydrocell Nelly De Vuyst contient des ingr\u00e9dients qui nettoient d\u00e9licatement et parfaitement la peau tout en respectant la qualit\u00e9 du film hydrolipidique. Sa texture l\u00e9g\u00e8re et velout\u00e9e est id\u00e9ale pour \u00e9liminer les impuret\u00e9s et les traces de maquillage. Il peut \u00eatre utilis\u00e9 au contour des yeux, sur le visage et le cou. Il laissera la peau propre, fra\u00eeche et hydrat\u00e9e.","og_url":"https:\/\/beautesantelorette.ca\/fr\/produit\/lait-nettoyant-hydrocell\/","og_site_name":"Beaut\u00e9 Sant\u00e9 Lorette","article_publisher":"https:\/\/www.facebook.com\/BeauteSanteLorette\/","article_modified_time":"2025-11-18T13:07:39+00:00","og_image":[{"width":1200,"height":1200,"url":"https:\/\/beautesantelorette.ca\/wp-content\/uploads\/2021\/09\/Cleansing-Milk-Hydrocell.jpg","type":"image\/jpeg"}],"twitter_card":"summary_large_image","schema":{"@context":"https:\/\/schema.org","@graph":[{"@type":"WebPage","@id":"https:\/\/beautesantelorette.ca\/fr\/produit\/lait-nettoyant-hydrocell\/","url":"https:\/\/beautesantelorette.ca\/fr\/produit\/lait-nettoyant-hydrocell\/","name":"Lait Nettoyant Hydrocell - Beaut\u00e9 Sant\u00e9 Lorette","isPartOf":{"@id":"https:\/\/beautesantelorette.ca\/fr\/#website"},"primaryImageOfPage":{"@id":"https:\/\/beautesantelorette.ca\/fr\/produit\/lait-nettoyant-hydrocell\/#primaryimage"},"image":{"@id":"https:\/\/beautesantelorette.ca\/fr\/produit\/lait-nettoyant-hydrocell\/#primaryimage"},"thumbnailUrl":"https:\/\/beautesantelorette.ca\/wp-content\/uploads\/2021\/09\/Cleansing-Milk-Hydrocell.jpg","datePublished":"2021-09-29T20:08:38+00:00","dateModified":"2025-11-18T13:07:39+00:00","description":"Le Lait Nettoyant Hydrocell Nelly De Vuyst contient des ingr\u00e9dients qui nettoient d\u00e9licatement et parfaitement la peau tout en respectant la qualit\u00e9 du film hydrolipidique. Sa texture l\u00e9g\u00e8re et velout\u00e9e est id\u00e9ale pour \u00e9liminer les impuret\u00e9s et les traces de maquillage. Il peut \u00eatre utilis\u00e9 au contour des yeux, sur le visage et le cou. Il laissera la peau propre, fra\u00eeche et hydrat\u00e9e.","breadcrumb":{"@id":"https:\/\/beautesantelorette.ca\/fr\/produit\/lait-nettoyant-hydrocell\/#breadcrumb"},"inLanguage":"fr-FR","potentialAction":[{"@type":"ReadAction","target":["https:\/\/beautesantelorette.ca\/fr\/produit\/lait-nettoyant-hydrocell\/"]}]},{"@type":"ImageObject","inLanguage":"fr-FR","@id":"https:\/\/beautesantelorette.ca\/fr\/produit\/lait-nettoyant-hydrocell\/#primaryimage","url":"https:\/\/beautesantelorette.ca\/wp-content\/uploads\/2021\/09\/Cleansing-Milk-Hydrocell.jpg","contentUrl":"https:\/\/beautesantelorette.ca\/wp-content\/uploads\/2021\/09\/Cleansing-Milk-Hydrocell.jpg","width":1200,"height":1200,"caption":"Lait Nettoyant Hydrocell"},{"@type":"BreadcrumbList","@id":"https:\/\/beautesantelorette.ca\/fr\/produit\/lait-nettoyant-hydrocell\/#breadcrumb","itemListElement":[{"@type":"ListItem","position":1,"name":"Home","item":"https:\/\/beautesantelorette.ca\/fr\/"},{"@type":"ListItem","position":2,"name":"Boutique","item":"https:\/\/beautesantelorette.ca\/fr\/boutique\/"},{"@type":"ListItem","position":3,"name":"Lait Nettoyant Hydrocell"}]},{"@type":"WebSite","@id":"https:\/\/beautesantelorette.ca\/fr\/#website","url":"https:\/\/beautesantelorette.ca\/fr\/","name":"Beaut\u00e9 Sant\u00e9 Lorette","description":"Confiez-Nous Le Soin de VOTRE PEAU","publisher":{"@id":"https:\/\/beautesantelorette.ca\/fr\/#organization"},"potentialAction":[{"@type":"SearchAction","target":{"@type":"EntryPoint","urlTemplate":"https:\/\/beautesantelorette.ca\/fr\/?s={search_term_string}"},"query-input":{"@type":"PropertyValueSpecification","valueRequired":true,"valueName":"search_term_string"}}],"inLanguage":"fr-FR"},{"@type":"Organization","@id":"https:\/\/beautesantelorette.ca\/fr\/#organization","name":"Beaut\u00e9 Sant\u00e9 Lorette","url":"https:\/\/beautesantelorette.ca\/fr\/","logo":{"@type":"ImageObject","inLanguage":"fr-FR","@id":"https:\/\/beautesantelorette.ca\/fr\/#\/schema\/logo\/image\/","url":"https:\/\/beautesantelorette.ca\/wp-content\/uploads\/2021\/10\/bsl_surfgirl_logo_pos-1.svg","contentUrl":"https:\/\/beautesantelorette.ca\/wp-content\/uploads\/2021\/10\/bsl_surfgirl_logo_pos-1.svg","width":1533,"height":1200,"caption":"Beaut\u00e9 Sant\u00e9 Lorette"},"image":{"@id":"https:\/\/beautesantelorette.ca\/fr\/#\/schema\/logo\/image\/"},"sameAs":["https:\/\/www.facebook.com\/BeauteSanteLorette\/","https:\/\/www.instagram.com\/beautesantelorette\/"]}]}},"jetpack_sharing_enabled":true,"_links":{"self":[{"href":"https:\/\/beautesantelorette.ca\/fr\/wp-json\/wp\/v2\/product\/22073","targetHints":{"allow":["GET"]}}],"collection":[{"href":"https:\/\/beautesantelorette.ca\/fr\/wp-json\/wp\/v2\/product"}],"about":[{"href":"https:\/\/beautesantelorette.ca\/fr\/wp-json\/wp\/v2\/types\/product"}],"replies":[{"embeddable":true,"href":"https:\/\/beautesantelorette.ca\/fr\/wp-json\/wp\/v2\/comments?post=22073"}],"wp:featuredmedia":[{"embeddable":true,"href":"https:\/\/beautesantelorette.ca\/fr\/wp-json\/wp\/v2\/media\/21625"}],"wp:attachment":[{"href":"https:\/\/beautesantelorette.ca\/fr\/wp-json\/wp\/v2\/media?parent=22073"}],"wp:term":[{"taxonomy":"product_brand","embeddable":true,"href":"https:\/\/beautesantelorette.ca\/fr\/wp-json\/wp\/v2\/product_brand?post=22073"},{"taxonomy":"product_cat","embeddable":true,"href":"https:\/\/beautesantelorette.ca\/fr\/wp-json\/wp\/v2\/product_cat?post=22073"},{"taxonomy":"product_tag","embeddable":true,"href":"https:\/\/beautesantelorette.ca\/fr\/wp-json\/wp\/v2\/product_tag?post=22073"}],"curies":[{"name":"wp","href":"https:\/\/api.w.org\/{rel}","templated":true}]}}