{"id":22078,"date":"2021-09-29T18:49:50","date_gmt":"2021-09-29T18:49:50","guid":{"rendered":"https:\/\/beautelorette.wpengine.com\/product\/foaming-wash-sensitive-skin-for-men\/"},"modified":"2025-12-05T13:07:33","modified_gmt":"2025-12-05T13:07:33","slug":"nettoyant-moussant-peaux-sensibles-pour-hommes","status":"publish","type":"product","link":"https:\/\/beautesantelorette.ca\/fr\/produit\/nettoyant-moussant-peaux-sensibles-pour-hommes\/","title":{"rendered":"Nettoyant Moussant Peaux Sensibles \u2013 Pour Hommes"},"content":{"rendered":"","protected":false},"excerpt":{"rendered":"<p>Le Nettoyant Moussant Peaux Sensibles &#8211; Pour Hommes Nelly De Vuyst est id\u00e9al pour nettoyer d\u00e9licatement la peau sensible et irrit\u00e9e par le rasage. Compos\u00e9e d\u2019extraits naturels d\u2019avoine, cette mousse onctueuse nettoie efficacement l\u2019\u00e9piderme de toutes ses impuret\u00e9s avec une douceur incomparable. La peau est laiss\u00e9e propre, douce et saine avec une agr\u00e9able sensation de fra\u00eecheur. Peut-\u00eatre utilis\u00e9 lors rasage.<\/p>\n","protected":false},"featured_media":21612,"comment_status":"open","ping_status":"closed","template":"","meta":[],"product_brand":[],"product_cat":[232,248,240,252],"product_tag":[],"class_list":{"0":"post-22078","1":"product","2":"type-product","3":"status-publish","4":"has-post-thumbnail","6":"product_cat-nelly-de-vuyst-fr","7":"product_cat-nettoyants","8":"product_cat-pour-hommes","9":"product_cat-soins-pour-hommes","11":"first","12":"instock","13":"taxable","14":"shipping-taxable","15":"purchasable","16":"product-type-simple"},"yoast_head":"<!-- This site is optimized with the Yoast SEO plugin v27.4 - https:\/\/yoast.com\/product\/yoast-seo-wordpress\/ -->\n<title>Nettoyant Moussant Peaux Sensibles \u2013 Pour Hommes - Beaut\u00e9 Sant\u00e9 Lorette<\/title>\n<meta name=\"description\" content=\"Le Nettoyant Moussant Peaux Sensibles - Pour Hommes Nelly De Vuyst est id\u00e9al pour nettoyer d\u00e9licatement la peau sensible et irrit\u00e9e par le rasage. Compos\u00e9e d\u2019extraits naturels d\u2019avoine, cette mousse onctueuse nettoie efficacement l\u2019\u00e9piderme de toutes ses impuret\u00e9s avec une douceur incomparable. La peau est laiss\u00e9e propre, douce et saine avec une agr\u00e9able sensation de fra\u00eecheur. Peut-\u00eatre utilis\u00e9 lors rasage.\" \/>\n<meta name=\"robots\" content=\"index, follow, max-snippet:-1, max-image-preview:large, max-video-preview:-1\" \/>\n<link rel=\"canonical\" href=\"https:\/\/beautesantelorette.ca\/fr\/produit\/nettoyant-moussant-peaux-sensibles-pour-hommes\/\" \/>\n<meta property=\"og:locale\" content=\"fr_FR\" \/>\n<meta property=\"og:type\" content=\"article\" \/>\n<meta property=\"og:title\" content=\"Nettoyant Moussant Peaux Sensibles \u2013 Pour Hommes - Beaut\u00e9 Sant\u00e9 Lorette\" \/>\n<meta property=\"og:description\" content=\"Le Nettoyant Moussant Peaux Sensibles - Pour Hommes Nelly De Vuyst est id\u00e9al pour nettoyer d\u00e9licatement la peau sensible et irrit\u00e9e par le rasage. Compos\u00e9e d\u2019extraits naturels d\u2019avoine, cette mousse onctueuse nettoie efficacement l\u2019\u00e9piderme de toutes ses impuret\u00e9s avec une douceur incomparable. La peau est laiss\u00e9e propre, douce et saine avec une agr\u00e9able sensation de fra\u00eecheur. Peut-\u00eatre utilis\u00e9 lors rasage.\" \/>\n<meta property=\"og:url\" content=\"https:\/\/beautesantelorette.ca\/fr\/produit\/nettoyant-moussant-peaux-sensibles-pour-hommes\/\" \/>\n<meta property=\"og:site_name\" content=\"Beaut\u00e9 Sant\u00e9 Lorette\" \/>\n<meta property=\"article:publisher\" content=\"https:\/\/www.facebook.com\/BeauteSanteLorette\/\" \/>\n<meta property=\"article:modified_time\" content=\"2025-12-05T13:07:33+00:00\" \/>\n<meta property=\"og:image\" content=\"https:\/\/beautesantelorette.ca\/wp-content\/uploads\/2021\/09\/Foaming-Wash-Sensitive-Skin-\u2013-For-Men.jpg\" \/>\n\t<meta property=\"og:image:width\" content=\"1200\" \/>\n\t<meta property=\"og:image:height\" content=\"1200\" \/>\n\t<meta property=\"og:image:type\" content=\"image\/jpeg\" \/>\n<meta name=\"twitter:card\" content=\"summary_large_image\" \/>\n<script type=\"application\/ld+json\" class=\"yoast-schema-graph\">{\"@context\":\"https:\\\/\\\/schema.org\",\"@graph\":[{\"@type\":\"WebPage\",\"@id\":\"https:\\\/\\\/beautesantelorette.ca\\\/fr\\\/produit\\\/nettoyant-moussant-peaux-sensibles-pour-hommes\\\/\",\"url\":\"https:\\\/\\\/beautesantelorette.ca\\\/fr\\\/produit\\\/nettoyant-moussant-peaux-sensibles-pour-hommes\\\/\",\"name\":\"Nettoyant Moussant Peaux Sensibles \u2013 Pour Hommes - Beaut\u00e9 Sant\u00e9 Lorette\",\"isPartOf\":{\"@id\":\"https:\\\/\\\/beautesantelorette.ca\\\/fr\\\/#website\"},\"primaryImageOfPage\":{\"@id\":\"https:\\\/\\\/beautesantelorette.ca\\\/fr\\\/produit\\\/nettoyant-moussant-peaux-sensibles-pour-hommes\\\/#primaryimage\"},\"image\":{\"@id\":\"https:\\\/\\\/beautesantelorette.ca\\\/fr\\\/produit\\\/nettoyant-moussant-peaux-sensibles-pour-hommes\\\/#primaryimage\"},\"thumbnailUrl\":\"https:\\\/\\\/beautesantelorette.ca\\\/wp-content\\\/uploads\\\/2021\\\/09\\\/Foaming-Wash-Sensitive-Skin-\u2013-For-Men.jpg\",\"datePublished\":\"2021-09-29T18:49:50+00:00\",\"dateModified\":\"2025-12-05T13:07:33+00:00\",\"description\":\"Le Nettoyant Moussant Peaux Sensibles - Pour Hommes Nelly De Vuyst est id\u00e9al pour nettoyer d\u00e9licatement la peau sensible et irrit\u00e9e par le rasage. Compos\u00e9e d\u2019extraits naturels d\u2019avoine, cette mousse onctueuse nettoie efficacement l\u2019\u00e9piderme de toutes ses impuret\u00e9s avec une douceur incomparable. La peau est laiss\u00e9e propre, douce et saine avec une agr\u00e9able sensation de fra\u00eecheur. Peut-\u00eatre utilis\u00e9 lors rasage.\",\"breadcrumb\":{\"@id\":\"https:\\\/\\\/beautesantelorette.ca\\\/fr\\\/produit\\\/nettoyant-moussant-peaux-sensibles-pour-hommes\\\/#breadcrumb\"},\"inLanguage\":\"fr-FR\",\"potentialAction\":[{\"@type\":\"ReadAction\",\"target\":[\"https:\\\/\\\/beautesantelorette.ca\\\/fr\\\/produit\\\/nettoyant-moussant-peaux-sensibles-pour-hommes\\\/\"]}]},{\"@type\":\"ImageObject\",\"inLanguage\":\"fr-FR\",\"@id\":\"https:\\\/\\\/beautesantelorette.ca\\\/fr\\\/produit\\\/nettoyant-moussant-peaux-sensibles-pour-hommes\\\/#primaryimage\",\"url\":\"https:\\\/\\\/beautesantelorette.ca\\\/wp-content\\\/uploads\\\/2021\\\/09\\\/Foaming-Wash-Sensitive-Skin-\u2013-For-Men.jpg\",\"contentUrl\":\"https:\\\/\\\/beautesantelorette.ca\\\/wp-content\\\/uploads\\\/2021\\\/09\\\/Foaming-Wash-Sensitive-Skin-\u2013-For-Men.jpg\",\"width\":1200,\"height\":1200,\"caption\":\"Nettoyant Moussant Peaux Sensibles \u2013 Pour Hommes\"},{\"@type\":\"BreadcrumbList\",\"@id\":\"https:\\\/\\\/beautesantelorette.ca\\\/fr\\\/produit\\\/nettoyant-moussant-peaux-sensibles-pour-hommes\\\/#breadcrumb\",\"itemListElement\":[{\"@type\":\"ListItem\",\"position\":1,\"name\":\"Home\",\"item\":\"https:\\\/\\\/beautesantelorette.ca\\\/fr\\\/\"},{\"@type\":\"ListItem\",\"position\":2,\"name\":\"Boutique\",\"item\":\"https:\\\/\\\/beautesantelorette.ca\\\/fr\\\/boutique\\\/\"},{\"@type\":\"ListItem\",\"position\":3,\"name\":\"Nettoyant Moussant Peaux Sensibles \u2013 Pour Hommes\"}]},{\"@type\":\"WebSite\",\"@id\":\"https:\\\/\\\/beautesantelorette.ca\\\/fr\\\/#website\",\"url\":\"https:\\\/\\\/beautesantelorette.ca\\\/fr\\\/\",\"name\":\"Beaut\u00e9 Sant\u00e9 Lorette\",\"description\":\"Confiez-Nous Le Soin de VOTRE PEAU\",\"publisher\":{\"@id\":\"https:\\\/\\\/beautesantelorette.ca\\\/fr\\\/#organization\"},\"potentialAction\":[{\"@type\":\"SearchAction\",\"target\":{\"@type\":\"EntryPoint\",\"urlTemplate\":\"https:\\\/\\\/beautesantelorette.ca\\\/fr\\\/?s={search_term_string}\"},\"query-input\":{\"@type\":\"PropertyValueSpecification\",\"valueRequired\":true,\"valueName\":\"search_term_string\"}}],\"inLanguage\":\"fr-FR\"},{\"@type\":\"Organization\",\"@id\":\"https:\\\/\\\/beautesantelorette.ca\\\/fr\\\/#organization\",\"name\":\"Beaut\u00e9 Sant\u00e9 Lorette\",\"url\":\"https:\\\/\\\/beautesantelorette.ca\\\/fr\\\/\",\"logo\":{\"@type\":\"ImageObject\",\"inLanguage\":\"fr-FR\",\"@id\":\"https:\\\/\\\/beautesantelorette.ca\\\/fr\\\/#\\\/schema\\\/logo\\\/image\\\/\",\"url\":\"https:\\\/\\\/beautesantelorette.ca\\\/wp-content\\\/uploads\\\/2021\\\/10\\\/bsl_surfgirl_logo_pos-1.svg\",\"contentUrl\":\"https:\\\/\\\/beautesantelorette.ca\\\/wp-content\\\/uploads\\\/2021\\\/10\\\/bsl_surfgirl_logo_pos-1.svg\",\"width\":1533,\"height\":1200,\"caption\":\"Beaut\u00e9 Sant\u00e9 Lorette\"},\"image\":{\"@id\":\"https:\\\/\\\/beautesantelorette.ca\\\/fr\\\/#\\\/schema\\\/logo\\\/image\\\/\"},\"sameAs\":[\"https:\\\/\\\/www.facebook.com\\\/BeauteSanteLorette\\\/\",\"https:\\\/\\\/www.instagram.com\\\/beautesantelorette\\\/\"]}]}<\/script>\n<!-- \/ Yoast SEO plugin. -->","yoast_head_json":{"title":"Nettoyant Moussant Peaux Sensibles \u2013 Pour Hommes - Beaut\u00e9 Sant\u00e9 Lorette","description":"Le Nettoyant Moussant Peaux Sensibles - Pour Hommes Nelly De Vuyst est id\u00e9al pour nettoyer d\u00e9licatement la peau sensible et irrit\u00e9e par le rasage. Compos\u00e9e d\u2019extraits naturels d\u2019avoine, cette mousse onctueuse nettoie efficacement l\u2019\u00e9piderme de toutes ses impuret\u00e9s avec une douceur incomparable. La peau est laiss\u00e9e propre, douce et saine avec une agr\u00e9able sensation de fra\u00eecheur. Peut-\u00eatre utilis\u00e9 lors rasage.","robots":{"index":"index","follow":"follow","max-snippet":"max-snippet:-1","max-image-preview":"max-image-preview:large","max-video-preview":"max-video-preview:-1"},"canonical":"https:\/\/beautesantelorette.ca\/fr\/produit\/nettoyant-moussant-peaux-sensibles-pour-hommes\/","og_locale":"fr_FR","og_type":"article","og_title":"Nettoyant Moussant Peaux Sensibles \u2013 Pour Hommes - Beaut\u00e9 Sant\u00e9 Lorette","og_description":"Le Nettoyant Moussant Peaux Sensibles - Pour Hommes Nelly De Vuyst est id\u00e9al pour nettoyer d\u00e9licatement la peau sensible et irrit\u00e9e par le rasage. Compos\u00e9e d\u2019extraits naturels d\u2019avoine, cette mousse onctueuse nettoie efficacement l\u2019\u00e9piderme de toutes ses impuret\u00e9s avec une douceur incomparable. La peau est laiss\u00e9e propre, douce et saine avec une agr\u00e9able sensation de fra\u00eecheur. Peut-\u00eatre utilis\u00e9 lors rasage.","og_url":"https:\/\/beautesantelorette.ca\/fr\/produit\/nettoyant-moussant-peaux-sensibles-pour-hommes\/","og_site_name":"Beaut\u00e9 Sant\u00e9 Lorette","article_publisher":"https:\/\/www.facebook.com\/BeauteSanteLorette\/","article_modified_time":"2025-12-05T13:07:33+00:00","og_image":[{"width":1200,"height":1200,"url":"https:\/\/beautesantelorette.ca\/wp-content\/uploads\/2021\/09\/Foaming-Wash-Sensitive-Skin-\u2013-For-Men.jpg","type":"image\/jpeg"}],"twitter_card":"summary_large_image","schema":{"@context":"https:\/\/schema.org","@graph":[{"@type":"WebPage","@id":"https:\/\/beautesantelorette.ca\/fr\/produit\/nettoyant-moussant-peaux-sensibles-pour-hommes\/","url":"https:\/\/beautesantelorette.ca\/fr\/produit\/nettoyant-moussant-peaux-sensibles-pour-hommes\/","name":"Nettoyant Moussant Peaux Sensibles \u2013 Pour Hommes - Beaut\u00e9 Sant\u00e9 Lorette","isPartOf":{"@id":"https:\/\/beautesantelorette.ca\/fr\/#website"},"primaryImageOfPage":{"@id":"https:\/\/beautesantelorette.ca\/fr\/produit\/nettoyant-moussant-peaux-sensibles-pour-hommes\/#primaryimage"},"image":{"@id":"https:\/\/beautesantelorette.ca\/fr\/produit\/nettoyant-moussant-peaux-sensibles-pour-hommes\/#primaryimage"},"thumbnailUrl":"https:\/\/beautesantelorette.ca\/wp-content\/uploads\/2021\/09\/Foaming-Wash-Sensitive-Skin-\u2013-For-Men.jpg","datePublished":"2021-09-29T18:49:50+00:00","dateModified":"2025-12-05T13:07:33+00:00","description":"Le Nettoyant Moussant Peaux Sensibles - Pour Hommes Nelly De Vuyst est id\u00e9al pour nettoyer d\u00e9licatement la peau sensible et irrit\u00e9e par le rasage. Compos\u00e9e d\u2019extraits naturels d\u2019avoine, cette mousse onctueuse nettoie efficacement l\u2019\u00e9piderme de toutes ses impuret\u00e9s avec une douceur incomparable. La peau est laiss\u00e9e propre, douce et saine avec une agr\u00e9able sensation de fra\u00eecheur. Peut-\u00eatre utilis\u00e9 lors rasage.","breadcrumb":{"@id":"https:\/\/beautesantelorette.ca\/fr\/produit\/nettoyant-moussant-peaux-sensibles-pour-hommes\/#breadcrumb"},"inLanguage":"fr-FR","potentialAction":[{"@type":"ReadAction","target":["https:\/\/beautesantelorette.ca\/fr\/produit\/nettoyant-moussant-peaux-sensibles-pour-hommes\/"]}]},{"@type":"ImageObject","inLanguage":"fr-FR","@id":"https:\/\/beautesantelorette.ca\/fr\/produit\/nettoyant-moussant-peaux-sensibles-pour-hommes\/#primaryimage","url":"https:\/\/beautesantelorette.ca\/wp-content\/uploads\/2021\/09\/Foaming-Wash-Sensitive-Skin-\u2013-For-Men.jpg","contentUrl":"https:\/\/beautesantelorette.ca\/wp-content\/uploads\/2021\/09\/Foaming-Wash-Sensitive-Skin-\u2013-For-Men.jpg","width":1200,"height":1200,"caption":"Nettoyant Moussant Peaux Sensibles \u2013 Pour Hommes"},{"@type":"BreadcrumbList","@id":"https:\/\/beautesantelorette.ca\/fr\/produit\/nettoyant-moussant-peaux-sensibles-pour-hommes\/#breadcrumb","itemListElement":[{"@type":"ListItem","position":1,"name":"Home","item":"https:\/\/beautesantelorette.ca\/fr\/"},{"@type":"ListItem","position":2,"name":"Boutique","item":"https:\/\/beautesantelorette.ca\/fr\/boutique\/"},{"@type":"ListItem","position":3,"name":"Nettoyant Moussant Peaux Sensibles \u2013 Pour Hommes"}]},{"@type":"WebSite","@id":"https:\/\/beautesantelorette.ca\/fr\/#website","url":"https:\/\/beautesantelorette.ca\/fr\/","name":"Beaut\u00e9 Sant\u00e9 Lorette","description":"Confiez-Nous Le Soin de VOTRE PEAU","publisher":{"@id":"https:\/\/beautesantelorette.ca\/fr\/#organization"},"potentialAction":[{"@type":"SearchAction","target":{"@type":"EntryPoint","urlTemplate":"https:\/\/beautesantelorette.ca\/fr\/?s={search_term_string}"},"query-input":{"@type":"PropertyValueSpecification","valueRequired":true,"valueName":"search_term_string"}}],"inLanguage":"fr-FR"},{"@type":"Organization","@id":"https:\/\/beautesantelorette.ca\/fr\/#organization","name":"Beaut\u00e9 Sant\u00e9 Lorette","url":"https:\/\/beautesantelorette.ca\/fr\/","logo":{"@type":"ImageObject","inLanguage":"fr-FR","@id":"https:\/\/beautesantelorette.ca\/fr\/#\/schema\/logo\/image\/","url":"https:\/\/beautesantelorette.ca\/wp-content\/uploads\/2021\/10\/bsl_surfgirl_logo_pos-1.svg","contentUrl":"https:\/\/beautesantelorette.ca\/wp-content\/uploads\/2021\/10\/bsl_surfgirl_logo_pos-1.svg","width":1533,"height":1200,"caption":"Beaut\u00e9 Sant\u00e9 Lorette"},"image":{"@id":"https:\/\/beautesantelorette.ca\/fr\/#\/schema\/logo\/image\/"},"sameAs":["https:\/\/www.facebook.com\/BeauteSanteLorette\/","https:\/\/www.instagram.com\/beautesantelorette\/"]}]}},"jetpack_sharing_enabled":true,"_links":{"self":[{"href":"https:\/\/beautesantelorette.ca\/fr\/wp-json\/wp\/v2\/product\/22078","targetHints":{"allow":["GET"]}}],"collection":[{"href":"https:\/\/beautesantelorette.ca\/fr\/wp-json\/wp\/v2\/product"}],"about":[{"href":"https:\/\/beautesantelorette.ca\/fr\/wp-json\/wp\/v2\/types\/product"}],"replies":[{"embeddable":true,"href":"https:\/\/beautesantelorette.ca\/fr\/wp-json\/wp\/v2\/comments?post=22078"}],"wp:featuredmedia":[{"embeddable":true,"href":"https:\/\/beautesantelorette.ca\/fr\/wp-json\/wp\/v2\/media\/21612"}],"wp:attachment":[{"href":"https:\/\/beautesantelorette.ca\/fr\/wp-json\/wp\/v2\/media?parent=22078"}],"wp:term":[{"taxonomy":"product_brand","embeddable":true,"href":"https:\/\/beautesantelorette.ca\/fr\/wp-json\/wp\/v2\/product_brand?post=22078"},{"taxonomy":"product_cat","embeddable":true,"href":"https:\/\/beautesantelorette.ca\/fr\/wp-json\/wp\/v2\/product_cat?post=22078"},{"taxonomy":"product_tag","embeddable":true,"href":"https:\/\/beautesantelorette.ca\/fr\/wp-json\/wp\/v2\/product_tag?post=22078"}],"curies":[{"name":"wp","href":"https:\/\/api.w.org\/{rel}","templated":true}]}}