{"id":22084,"date":"2021-09-29T23:52:16","date_gmt":"2021-09-29T23:52:16","guid":{"rendered":"https:\/\/beautelorette.wpengine.com\/product\/soft-net-cleansing-cream\/"},"modified":"2026-02-24T13:07:58","modified_gmt":"2026-02-24T13:07:58","slug":"soft-net-creme-nettoyante","status":"publish","type":"product","link":"https:\/\/beautesantelorette.ca\/fr\/produit\/soft-net-creme-nettoyante\/","title":{"rendered":"Soft Net Cr\u00e8me Nettoyante"},"content":{"rendered":"","protected":false},"excerpt":{"rendered":"<p>Le Soft Net Cr\u00e8me Nettoyante Nelly De Vuyst nettoie d\u00e9licatement le visage et le cou sans d\u00e9s\u00e9quilibrer le pH de la peau. Con\u00e7ue \u00e0 partir d\u2019ingr\u00e9dients botaniques purifiants et bact\u00e9riostatiques, cette formule unique est id\u00e9ale pour \u00e9liminer toutes les impuret\u00e9s, r\u00e9duire l\u2019apparence des points noirs et de la brillance associ\u00e9e \u00e0 l\u2019exc\u00e8s de s\u00e9bum. La peau est parfaitement propre, fra\u00eeche et saine.<\/p>\n","protected":false},"featured_media":22931,"comment_status":"open","ping_status":"closed","template":"","meta":[],"product_brand":[],"product_cat":[237,232,248],"product_tag":[],"class_list":{"0":"post-22084","1":"product","2":"type-product","3":"status-publish","4":"has-post-thumbnail","6":"product_cat-bioscience-fr","7":"product_cat-nelly-de-vuyst-fr","8":"product_cat-nettoyants","10":"first","11":"instock","12":"taxable","13":"shipping-taxable","14":"purchasable","15":"product-type-simple"},"yoast_head":"<!-- This site is optimized with the Yoast SEO plugin v27.5 - https:\/\/yoast.com\/product\/yoast-seo-wordpress\/ -->\n<title>Soft Net Cr\u00e8me Nettoyante - Beaut\u00e9 Sant\u00e9 Lorette<\/title>\n<meta name=\"description\" content=\"Le Soft Net Cr\u00e8me Nettoyante Nelly De Vuyst nettoie d\u00e9licatement le visage et le cou sans d\u00e9s\u00e9quilibrer le pH de la peau. Con\u00e7ue \u00e0 partir d\u2019ingr\u00e9dients botaniques purifiants et bact\u00e9riostatiques, cette formule unique est id\u00e9ale pour \u00e9liminer toutes les impuret\u00e9s, r\u00e9duire l\u2019apparence des points noirs et de la brillance associ\u00e9e \u00e0 l\u2019exc\u00e8s de s\u00e9bum. La peau est parfaitement propre, fra\u00eeche et saine.\" \/>\n<meta name=\"robots\" content=\"index, follow, max-snippet:-1, max-image-preview:large, max-video-preview:-1\" \/>\n<link rel=\"canonical\" href=\"https:\/\/beautesantelorette.ca\/fr\/produit\/soft-net-creme-nettoyante\/\" \/>\n<meta property=\"og:locale\" content=\"fr_FR\" \/>\n<meta property=\"og:type\" content=\"article\" \/>\n<meta property=\"og:title\" content=\"Soft Net Cr\u00e8me Nettoyante - Beaut\u00e9 Sant\u00e9 Lorette\" \/>\n<meta property=\"og:description\" content=\"Le Soft Net Cr\u00e8me Nettoyante Nelly De Vuyst nettoie d\u00e9licatement le visage et le cou sans d\u00e9s\u00e9quilibrer le pH de la peau. Con\u00e7ue \u00e0 partir d\u2019ingr\u00e9dients botaniques purifiants et bact\u00e9riostatiques, cette formule unique est id\u00e9ale pour \u00e9liminer toutes les impuret\u00e9s, r\u00e9duire l\u2019apparence des points noirs et de la brillance associ\u00e9e \u00e0 l\u2019exc\u00e8s de s\u00e9bum. La peau est parfaitement propre, fra\u00eeche et saine.\" \/>\n<meta property=\"og:url\" content=\"https:\/\/beautesantelorette.ca\/fr\/produit\/soft-net-creme-nettoyante\/\" \/>\n<meta property=\"og:site_name\" content=\"Beaut\u00e9 Sant\u00e9 Lorette\" \/>\n<meta property=\"article:publisher\" content=\"https:\/\/www.facebook.com\/BeauteSanteLorette\/\" \/>\n<meta property=\"article:modified_time\" content=\"2026-02-24T13:07:58+00:00\" \/>\n<meta property=\"og:image\" content=\"https:\/\/beautesantelorette.ca\/wp-content\/uploads\/2021\/09\/Pure-Soft-Net-Cleansing-Cream.jpg\" \/>\n\t<meta property=\"og:image:width\" content=\"1200\" \/>\n\t<meta property=\"og:image:height\" content=\"1200\" \/>\n\t<meta property=\"og:image:type\" content=\"image\/jpeg\" \/>\n<meta name=\"twitter:card\" content=\"summary_large_image\" \/>\n<script type=\"application\/ld+json\" class=\"yoast-schema-graph\">{\"@context\":\"https:\\\/\\\/schema.org\",\"@graph\":[{\"@type\":\"WebPage\",\"@id\":\"https:\\\/\\\/beautesantelorette.ca\\\/fr\\\/produit\\\/soft-net-creme-nettoyante\\\/\",\"url\":\"https:\\\/\\\/beautesantelorette.ca\\\/fr\\\/produit\\\/soft-net-creme-nettoyante\\\/\",\"name\":\"Soft Net Cr\u00e8me Nettoyante - Beaut\u00e9 Sant\u00e9 Lorette\",\"isPartOf\":{\"@id\":\"https:\\\/\\\/beautesantelorette.ca\\\/fr\\\/#website\"},\"primaryImageOfPage\":{\"@id\":\"https:\\\/\\\/beautesantelorette.ca\\\/fr\\\/produit\\\/soft-net-creme-nettoyante\\\/#primaryimage\"},\"image\":{\"@id\":\"https:\\\/\\\/beautesantelorette.ca\\\/fr\\\/produit\\\/soft-net-creme-nettoyante\\\/#primaryimage\"},\"thumbnailUrl\":\"https:\\\/\\\/beautesantelorette.ca\\\/wp-content\\\/uploads\\\/2021\\\/09\\\/Pure-Soft-Net-Cleansing-Cream.jpg\",\"datePublished\":\"2021-09-29T23:52:16+00:00\",\"dateModified\":\"2026-02-24T13:07:58+00:00\",\"description\":\"Le Soft Net Cr\u00e8me Nettoyante Nelly De Vuyst nettoie d\u00e9licatement le visage et le cou sans d\u00e9s\u00e9quilibrer le pH de la peau. Con\u00e7ue \u00e0 partir d\u2019ingr\u00e9dients botaniques purifiants et bact\u00e9riostatiques, cette formule unique est id\u00e9ale pour \u00e9liminer toutes les impuret\u00e9s, r\u00e9duire l\u2019apparence des points noirs et de la brillance associ\u00e9e \u00e0 l\u2019exc\u00e8s de s\u00e9bum. La peau est parfaitement propre, fra\u00eeche et saine.\",\"breadcrumb\":{\"@id\":\"https:\\\/\\\/beautesantelorette.ca\\\/fr\\\/produit\\\/soft-net-creme-nettoyante\\\/#breadcrumb\"},\"inLanguage\":\"fr-FR\",\"potentialAction\":[{\"@type\":\"ReadAction\",\"target\":[\"https:\\\/\\\/beautesantelorette.ca\\\/fr\\\/produit\\\/soft-net-creme-nettoyante\\\/\"]}]},{\"@type\":\"ImageObject\",\"inLanguage\":\"fr-FR\",\"@id\":\"https:\\\/\\\/beautesantelorette.ca\\\/fr\\\/produit\\\/soft-net-creme-nettoyante\\\/#primaryimage\",\"url\":\"https:\\\/\\\/beautesantelorette.ca\\\/wp-content\\\/uploads\\\/2021\\\/09\\\/Pure-Soft-Net-Cleansing-Cream.jpg\",\"contentUrl\":\"https:\\\/\\\/beautesantelorette.ca\\\/wp-content\\\/uploads\\\/2021\\\/09\\\/Pure-Soft-Net-Cleansing-Cream.jpg\",\"width\":1200,\"height\":1200},{\"@type\":\"BreadcrumbList\",\"@id\":\"https:\\\/\\\/beautesantelorette.ca\\\/fr\\\/produit\\\/soft-net-creme-nettoyante\\\/#breadcrumb\",\"itemListElement\":[{\"@type\":\"ListItem\",\"position\":1,\"name\":\"Home\",\"item\":\"https:\\\/\\\/beautesantelorette.ca\\\/fr\\\/\"},{\"@type\":\"ListItem\",\"position\":2,\"name\":\"Boutique\",\"item\":\"https:\\\/\\\/beautesantelorette.ca\\\/fr\\\/boutique\\\/\"},{\"@type\":\"ListItem\",\"position\":3,\"name\":\"Soft Net Cr\u00e8me Nettoyante\"}]},{\"@type\":\"WebSite\",\"@id\":\"https:\\\/\\\/beautesantelorette.ca\\\/fr\\\/#website\",\"url\":\"https:\\\/\\\/beautesantelorette.ca\\\/fr\\\/\",\"name\":\"Beaut\u00e9 Sant\u00e9 Lorette\",\"description\":\"Confiez-Nous Le Soin de VOTRE PEAU\",\"publisher\":{\"@id\":\"https:\\\/\\\/beautesantelorette.ca\\\/fr\\\/#organization\"},\"potentialAction\":[{\"@type\":\"SearchAction\",\"target\":{\"@type\":\"EntryPoint\",\"urlTemplate\":\"https:\\\/\\\/beautesantelorette.ca\\\/fr\\\/?s={search_term_string}\"},\"query-input\":{\"@type\":\"PropertyValueSpecification\",\"valueRequired\":true,\"valueName\":\"search_term_string\"}}],\"inLanguage\":\"fr-FR\"},{\"@type\":\"Organization\",\"@id\":\"https:\\\/\\\/beautesantelorette.ca\\\/fr\\\/#organization\",\"name\":\"Beaut\u00e9 Sant\u00e9 Lorette\",\"url\":\"https:\\\/\\\/beautesantelorette.ca\\\/fr\\\/\",\"logo\":{\"@type\":\"ImageObject\",\"inLanguage\":\"fr-FR\",\"@id\":\"https:\\\/\\\/beautesantelorette.ca\\\/fr\\\/#\\\/schema\\\/logo\\\/image\\\/\",\"url\":\"https:\\\/\\\/beautesantelorette.ca\\\/wp-content\\\/uploads\\\/2021\\\/10\\\/bsl_surfgirl_logo_pos-1.svg\",\"contentUrl\":\"https:\\\/\\\/beautesantelorette.ca\\\/wp-content\\\/uploads\\\/2021\\\/10\\\/bsl_surfgirl_logo_pos-1.svg\",\"width\":1533,\"height\":1200,\"caption\":\"Beaut\u00e9 Sant\u00e9 Lorette\"},\"image\":{\"@id\":\"https:\\\/\\\/beautesantelorette.ca\\\/fr\\\/#\\\/schema\\\/logo\\\/image\\\/\"},\"sameAs\":[\"https:\\\/\\\/www.facebook.com\\\/BeauteSanteLorette\\\/\",\"https:\\\/\\\/www.instagram.com\\\/beautesantelorette\\\/\"]}]}<\/script>\n<!-- \/ Yoast SEO plugin. -->","yoast_head_json":{"title":"Soft Net Cr\u00e8me Nettoyante - Beaut\u00e9 Sant\u00e9 Lorette","description":"Le Soft Net Cr\u00e8me Nettoyante Nelly De Vuyst nettoie d\u00e9licatement le visage et le cou sans d\u00e9s\u00e9quilibrer le pH de la peau. Con\u00e7ue \u00e0 partir d\u2019ingr\u00e9dients botaniques purifiants et bact\u00e9riostatiques, cette formule unique est id\u00e9ale pour \u00e9liminer toutes les impuret\u00e9s, r\u00e9duire l\u2019apparence des points noirs et de la brillance associ\u00e9e \u00e0 l\u2019exc\u00e8s de s\u00e9bum. La peau est parfaitement propre, fra\u00eeche et saine.","robots":{"index":"index","follow":"follow","max-snippet":"max-snippet:-1","max-image-preview":"max-image-preview:large","max-video-preview":"max-video-preview:-1"},"canonical":"https:\/\/beautesantelorette.ca\/fr\/produit\/soft-net-creme-nettoyante\/","og_locale":"fr_FR","og_type":"article","og_title":"Soft Net Cr\u00e8me Nettoyante - Beaut\u00e9 Sant\u00e9 Lorette","og_description":"Le Soft Net Cr\u00e8me Nettoyante Nelly De Vuyst nettoie d\u00e9licatement le visage et le cou sans d\u00e9s\u00e9quilibrer le pH de la peau. Con\u00e7ue \u00e0 partir d\u2019ingr\u00e9dients botaniques purifiants et bact\u00e9riostatiques, cette formule unique est id\u00e9ale pour \u00e9liminer toutes les impuret\u00e9s, r\u00e9duire l\u2019apparence des points noirs et de la brillance associ\u00e9e \u00e0 l\u2019exc\u00e8s de s\u00e9bum. La peau est parfaitement propre, fra\u00eeche et saine.","og_url":"https:\/\/beautesantelorette.ca\/fr\/produit\/soft-net-creme-nettoyante\/","og_site_name":"Beaut\u00e9 Sant\u00e9 Lorette","article_publisher":"https:\/\/www.facebook.com\/BeauteSanteLorette\/","article_modified_time":"2026-02-24T13:07:58+00:00","og_image":[{"width":1200,"height":1200,"url":"https:\/\/beautesantelorette.ca\/wp-content\/uploads\/2021\/09\/Pure-Soft-Net-Cleansing-Cream.jpg","type":"image\/jpeg"}],"twitter_card":"summary_large_image","schema":{"@context":"https:\/\/schema.org","@graph":[{"@type":"WebPage","@id":"https:\/\/beautesantelorette.ca\/fr\/produit\/soft-net-creme-nettoyante\/","url":"https:\/\/beautesantelorette.ca\/fr\/produit\/soft-net-creme-nettoyante\/","name":"Soft Net Cr\u00e8me Nettoyante - Beaut\u00e9 Sant\u00e9 Lorette","isPartOf":{"@id":"https:\/\/beautesantelorette.ca\/fr\/#website"},"primaryImageOfPage":{"@id":"https:\/\/beautesantelorette.ca\/fr\/produit\/soft-net-creme-nettoyante\/#primaryimage"},"image":{"@id":"https:\/\/beautesantelorette.ca\/fr\/produit\/soft-net-creme-nettoyante\/#primaryimage"},"thumbnailUrl":"https:\/\/beautesantelorette.ca\/wp-content\/uploads\/2021\/09\/Pure-Soft-Net-Cleansing-Cream.jpg","datePublished":"2021-09-29T23:52:16+00:00","dateModified":"2026-02-24T13:07:58+00:00","description":"Le Soft Net Cr\u00e8me Nettoyante Nelly De Vuyst nettoie d\u00e9licatement le visage et le cou sans d\u00e9s\u00e9quilibrer le pH de la peau. Con\u00e7ue \u00e0 partir d\u2019ingr\u00e9dients botaniques purifiants et bact\u00e9riostatiques, cette formule unique est id\u00e9ale pour \u00e9liminer toutes les impuret\u00e9s, r\u00e9duire l\u2019apparence des points noirs et de la brillance associ\u00e9e \u00e0 l\u2019exc\u00e8s de s\u00e9bum. La peau est parfaitement propre, fra\u00eeche et saine.","breadcrumb":{"@id":"https:\/\/beautesantelorette.ca\/fr\/produit\/soft-net-creme-nettoyante\/#breadcrumb"},"inLanguage":"fr-FR","potentialAction":[{"@type":"ReadAction","target":["https:\/\/beautesantelorette.ca\/fr\/produit\/soft-net-creme-nettoyante\/"]}]},{"@type":"ImageObject","inLanguage":"fr-FR","@id":"https:\/\/beautesantelorette.ca\/fr\/produit\/soft-net-creme-nettoyante\/#primaryimage","url":"https:\/\/beautesantelorette.ca\/wp-content\/uploads\/2021\/09\/Pure-Soft-Net-Cleansing-Cream.jpg","contentUrl":"https:\/\/beautesantelorette.ca\/wp-content\/uploads\/2021\/09\/Pure-Soft-Net-Cleansing-Cream.jpg","width":1200,"height":1200},{"@type":"BreadcrumbList","@id":"https:\/\/beautesantelorette.ca\/fr\/produit\/soft-net-creme-nettoyante\/#breadcrumb","itemListElement":[{"@type":"ListItem","position":1,"name":"Home","item":"https:\/\/beautesantelorette.ca\/fr\/"},{"@type":"ListItem","position":2,"name":"Boutique","item":"https:\/\/beautesantelorette.ca\/fr\/boutique\/"},{"@type":"ListItem","position":3,"name":"Soft Net Cr\u00e8me Nettoyante"}]},{"@type":"WebSite","@id":"https:\/\/beautesantelorette.ca\/fr\/#website","url":"https:\/\/beautesantelorette.ca\/fr\/","name":"Beaut\u00e9 Sant\u00e9 Lorette","description":"Confiez-Nous Le Soin de VOTRE PEAU","publisher":{"@id":"https:\/\/beautesantelorette.ca\/fr\/#organization"},"potentialAction":[{"@type":"SearchAction","target":{"@type":"EntryPoint","urlTemplate":"https:\/\/beautesantelorette.ca\/fr\/?s={search_term_string}"},"query-input":{"@type":"PropertyValueSpecification","valueRequired":true,"valueName":"search_term_string"}}],"inLanguage":"fr-FR"},{"@type":"Organization","@id":"https:\/\/beautesantelorette.ca\/fr\/#organization","name":"Beaut\u00e9 Sant\u00e9 Lorette","url":"https:\/\/beautesantelorette.ca\/fr\/","logo":{"@type":"ImageObject","inLanguage":"fr-FR","@id":"https:\/\/beautesantelorette.ca\/fr\/#\/schema\/logo\/image\/","url":"https:\/\/beautesantelorette.ca\/wp-content\/uploads\/2021\/10\/bsl_surfgirl_logo_pos-1.svg","contentUrl":"https:\/\/beautesantelorette.ca\/wp-content\/uploads\/2021\/10\/bsl_surfgirl_logo_pos-1.svg","width":1533,"height":1200,"caption":"Beaut\u00e9 Sant\u00e9 Lorette"},"image":{"@id":"https:\/\/beautesantelorette.ca\/fr\/#\/schema\/logo\/image\/"},"sameAs":["https:\/\/www.facebook.com\/BeauteSanteLorette\/","https:\/\/www.instagram.com\/beautesantelorette\/"]}]}},"jetpack_sharing_enabled":true,"_links":{"self":[{"href":"https:\/\/beautesantelorette.ca\/fr\/wp-json\/wp\/v2\/product\/22084","targetHints":{"allow":["GET"]}}],"collection":[{"href":"https:\/\/beautesantelorette.ca\/fr\/wp-json\/wp\/v2\/product"}],"about":[{"href":"https:\/\/beautesantelorette.ca\/fr\/wp-json\/wp\/v2\/types\/product"}],"replies":[{"embeddable":true,"href":"https:\/\/beautesantelorette.ca\/fr\/wp-json\/wp\/v2\/comments?post=22084"}],"wp:featuredmedia":[{"embeddable":true,"href":"https:\/\/beautesantelorette.ca\/fr\/wp-json\/wp\/v2\/media\/22931"}],"wp:attachment":[{"href":"https:\/\/beautesantelorette.ca\/fr\/wp-json\/wp\/v2\/media?parent=22084"}],"wp:term":[{"taxonomy":"product_brand","embeddable":true,"href":"https:\/\/beautesantelorette.ca\/fr\/wp-json\/wp\/v2\/product_brand?post=22084"},{"taxonomy":"product_cat","embeddable":true,"href":"https:\/\/beautesantelorette.ca\/fr\/wp-json\/wp\/v2\/product_cat?post=22084"},{"taxonomy":"product_tag","embeddable":true,"href":"https:\/\/beautesantelorette.ca\/fr\/wp-json\/wp\/v2\/product_tag?post=22084"}],"curies":[{"name":"wp","href":"https:\/\/api.w.org\/{rel}","templated":true}]}}