{"id":22092,"date":"2021-09-29T19:16:12","date_gmt":"2021-09-29T19:16:12","guid":{"rendered":"https:\/\/beautelorette.wpengine.com\/product\/3-minutes-gommage-exfoliating-cream\/"},"modified":"2024-06-20T22:50:13","modified_gmt":"2024-06-20T22:50:13","slug":"gommage-3-minutes-creme-exfoliante","status":"publish","type":"product","link":"https:\/\/beautesantelorette.ca\/fr\/produit\/gommage-3-minutes-creme-exfoliante\/","title":{"rendered":"Gommage 3 Minutes \u2013 Cr\u00e8me Exfoliante"},"content":{"rendered":"","protected":false},"excerpt":{"rendered":"<p>Le Gommage 3 Minutes Cr\u00e8me Exfoliante Nelly De Vuyst convient parfaitement \u00e0 tous les types de peau. Il est id\u00e9al pour \u00e9liminer les cellules mortes et les impuret\u00e9s accumul\u00e9es \u00e0 la surface de la peau. Une utilisation r\u00e9guli\u00e8re permet d\u2019att\u00e9nuer l\u2019apparence des imperfections et des pores dilat\u00e9s tout en am\u00e9liorant l\u2019aspect du grain de peau pour un teint radieux et plein de sant\u00e9.<\/p>\n","protected":false},"featured_media":21616,"comment_status":"closed","ping_status":"closed","template":"","meta":[],"product_brand":[],"product_cat":[237,249,232],"product_tag":[],"class_list":{"0":"post-22092","1":"product","2":"type-product","3":"status-publish","4":"has-post-thumbnail","6":"product_cat-bioscience-fr","7":"product_cat-exfoliants-fr","8":"product_cat-nelly-de-vuyst-fr","10":"first","11":"instock","12":"featured","13":"taxable","14":"shipping-taxable","15":"purchasable","16":"product-type-simple"},"yoast_head":"<!-- This site is optimized with the Yoast SEO plugin v27.4 - https:\/\/yoast.com\/product\/yoast-seo-wordpress\/ -->\n<title>Gommage 3 Minutes \u2013 Cr\u00e8me Exfoliante - Beaut\u00e9 Sant\u00e9 Lorette<\/title>\n<meta name=\"description\" content=\"Le Gommage 3 Minutes Cr\u00e8me Exfoliante Nelly De Vuyst convient parfaitement \u00e0 tous les types de peau. Il est id\u00e9al pour \u00e9liminer les cellules mortes et les impuret\u00e9s accumul\u00e9es \u00e0 la surface de la peau. Une utilisation r\u00e9guli\u00e8re permet d\u2019att\u00e9nuer l\u2019apparence des imperfections et des pores dilat\u00e9s tout en am\u00e9liorant l\u2019aspect du grain de peau pour un teint radieux et plein de sant\u00e9.\" \/>\n<meta name=\"robots\" content=\"index, follow, max-snippet:-1, max-image-preview:large, max-video-preview:-1\" \/>\n<link rel=\"canonical\" href=\"https:\/\/beautesantelorette.ca\/fr\/produit\/gommage-3-minutes-creme-exfoliante\/\" \/>\n<meta property=\"og:locale\" content=\"fr_FR\" \/>\n<meta property=\"og:type\" content=\"article\" \/>\n<meta property=\"og:title\" content=\"Gommage 3 Minutes \u2013 Cr\u00e8me Exfoliante - Beaut\u00e9 Sant\u00e9 Lorette\" \/>\n<meta property=\"og:description\" content=\"Le Gommage 3 Minutes Cr\u00e8me Exfoliante Nelly De Vuyst convient parfaitement \u00e0 tous les types de peau. Il est id\u00e9al pour \u00e9liminer les cellules mortes et les impuret\u00e9s accumul\u00e9es \u00e0 la surface de la peau. Une utilisation r\u00e9guli\u00e8re permet d\u2019att\u00e9nuer l\u2019apparence des imperfections et des pores dilat\u00e9s tout en am\u00e9liorant l\u2019aspect du grain de peau pour un teint radieux et plein de sant\u00e9.\" \/>\n<meta property=\"og:url\" content=\"https:\/\/beautesantelorette.ca\/fr\/produit\/gommage-3-minutes-creme-exfoliante\/\" \/>\n<meta property=\"og:site_name\" content=\"Beaut\u00e9 Sant\u00e9 Lorette\" \/>\n<meta property=\"article:publisher\" content=\"https:\/\/www.facebook.com\/BeauteSanteLorette\/\" \/>\n<meta property=\"article:modified_time\" content=\"2024-06-20T22:50:13+00:00\" \/>\n<meta property=\"og:image\" content=\"https:\/\/beautesantelorette.ca\/wp-content\/uploads\/2021\/09\/3-Minutes-Gommage-\u2013-Exfoliating-Cream.jpg\" \/>\n\t<meta property=\"og:image:width\" content=\"1200\" \/>\n\t<meta property=\"og:image:height\" content=\"1200\" \/>\n\t<meta property=\"og:image:type\" content=\"image\/jpeg\" \/>\n<meta name=\"twitter:card\" content=\"summary_large_image\" \/>\n<script type=\"application\/ld+json\" class=\"yoast-schema-graph\">{\"@context\":\"https:\\\/\\\/schema.org\",\"@graph\":[{\"@type\":\"WebPage\",\"@id\":\"https:\\\/\\\/beautesantelorette.ca\\\/fr\\\/produit\\\/gommage-3-minutes-creme-exfoliante\\\/\",\"url\":\"https:\\\/\\\/beautesantelorette.ca\\\/fr\\\/produit\\\/gommage-3-minutes-creme-exfoliante\\\/\",\"name\":\"Gommage 3 Minutes \u2013 Cr\u00e8me Exfoliante - Beaut\u00e9 Sant\u00e9 Lorette\",\"isPartOf\":{\"@id\":\"https:\\\/\\\/beautesantelorette.ca\\\/fr\\\/#website\"},\"primaryImageOfPage\":{\"@id\":\"https:\\\/\\\/beautesantelorette.ca\\\/fr\\\/produit\\\/gommage-3-minutes-creme-exfoliante\\\/#primaryimage\"},\"image\":{\"@id\":\"https:\\\/\\\/beautesantelorette.ca\\\/fr\\\/produit\\\/gommage-3-minutes-creme-exfoliante\\\/#primaryimage\"},\"thumbnailUrl\":\"https:\\\/\\\/beautesantelorette.ca\\\/wp-content\\\/uploads\\\/2021\\\/09\\\/3-Minutes-Gommage-\u2013-Exfoliating-Cream.jpg\",\"datePublished\":\"2021-09-29T19:16:12+00:00\",\"dateModified\":\"2024-06-20T22:50:13+00:00\",\"description\":\"Le Gommage 3 Minutes Cr\u00e8me Exfoliante Nelly De Vuyst convient parfaitement \u00e0 tous les types de peau. Il est id\u00e9al pour \u00e9liminer les cellules mortes et les impuret\u00e9s accumul\u00e9es \u00e0 la surface de la peau. Une utilisation r\u00e9guli\u00e8re permet d\u2019att\u00e9nuer l\u2019apparence des imperfections et des pores dilat\u00e9s tout en am\u00e9liorant l\u2019aspect du grain de peau pour un teint radieux et plein de sant\u00e9.\",\"breadcrumb\":{\"@id\":\"https:\\\/\\\/beautesantelorette.ca\\\/fr\\\/produit\\\/gommage-3-minutes-creme-exfoliante\\\/#breadcrumb\"},\"inLanguage\":\"fr-FR\",\"potentialAction\":[{\"@type\":\"ReadAction\",\"target\":[\"https:\\\/\\\/beautesantelorette.ca\\\/fr\\\/produit\\\/gommage-3-minutes-creme-exfoliante\\\/\"]}]},{\"@type\":\"ImageObject\",\"inLanguage\":\"fr-FR\",\"@id\":\"https:\\\/\\\/beautesantelorette.ca\\\/fr\\\/produit\\\/gommage-3-minutes-creme-exfoliante\\\/#primaryimage\",\"url\":\"https:\\\/\\\/beautesantelorette.ca\\\/wp-content\\\/uploads\\\/2021\\\/09\\\/3-Minutes-Gommage-\u2013-Exfoliating-Cream.jpg\",\"contentUrl\":\"https:\\\/\\\/beautesantelorette.ca\\\/wp-content\\\/uploads\\\/2021\\\/09\\\/3-Minutes-Gommage-\u2013-Exfoliating-Cream.jpg\",\"width\":1200,\"height\":1200,\"caption\":\"Gommage 3 Minutes \u2013 Cr\u00e8me Exfoliante\"},{\"@type\":\"BreadcrumbList\",\"@id\":\"https:\\\/\\\/beautesantelorette.ca\\\/fr\\\/produit\\\/gommage-3-minutes-creme-exfoliante\\\/#breadcrumb\",\"itemListElement\":[{\"@type\":\"ListItem\",\"position\":1,\"name\":\"Home\",\"item\":\"https:\\\/\\\/beautesantelorette.ca\\\/fr\\\/\"},{\"@type\":\"ListItem\",\"position\":2,\"name\":\"Boutique\",\"item\":\"https:\\\/\\\/beautesantelorette.ca\\\/fr\\\/boutique\\\/\"},{\"@type\":\"ListItem\",\"position\":3,\"name\":\"Gommage 3 Minutes \u2013 Cr\u00e8me Exfoliante\"}]},{\"@type\":\"WebSite\",\"@id\":\"https:\\\/\\\/beautesantelorette.ca\\\/fr\\\/#website\",\"url\":\"https:\\\/\\\/beautesantelorette.ca\\\/fr\\\/\",\"name\":\"Beaut\u00e9 Sant\u00e9 Lorette\",\"description\":\"Confiez-Nous Le Soin de VOTRE PEAU\",\"publisher\":{\"@id\":\"https:\\\/\\\/beautesantelorette.ca\\\/fr\\\/#organization\"},\"potentialAction\":[{\"@type\":\"SearchAction\",\"target\":{\"@type\":\"EntryPoint\",\"urlTemplate\":\"https:\\\/\\\/beautesantelorette.ca\\\/fr\\\/?s={search_term_string}\"},\"query-input\":{\"@type\":\"PropertyValueSpecification\",\"valueRequired\":true,\"valueName\":\"search_term_string\"}}],\"inLanguage\":\"fr-FR\"},{\"@type\":\"Organization\",\"@id\":\"https:\\\/\\\/beautesantelorette.ca\\\/fr\\\/#organization\",\"name\":\"Beaut\u00e9 Sant\u00e9 Lorette\",\"url\":\"https:\\\/\\\/beautesantelorette.ca\\\/fr\\\/\",\"logo\":{\"@type\":\"ImageObject\",\"inLanguage\":\"fr-FR\",\"@id\":\"https:\\\/\\\/beautesantelorette.ca\\\/fr\\\/#\\\/schema\\\/logo\\\/image\\\/\",\"url\":\"https:\\\/\\\/beautesantelorette.ca\\\/wp-content\\\/uploads\\\/2021\\\/10\\\/bsl_surfgirl_logo_pos-1.svg\",\"contentUrl\":\"https:\\\/\\\/beautesantelorette.ca\\\/wp-content\\\/uploads\\\/2021\\\/10\\\/bsl_surfgirl_logo_pos-1.svg\",\"width\":1533,\"height\":1200,\"caption\":\"Beaut\u00e9 Sant\u00e9 Lorette\"},\"image\":{\"@id\":\"https:\\\/\\\/beautesantelorette.ca\\\/fr\\\/#\\\/schema\\\/logo\\\/image\\\/\"},\"sameAs\":[\"https:\\\/\\\/www.facebook.com\\\/BeauteSanteLorette\\\/\",\"https:\\\/\\\/www.instagram.com\\\/beautesantelorette\\\/\"]}]}<\/script>\n<!-- \/ Yoast SEO plugin. -->","yoast_head_json":{"title":"Gommage 3 Minutes \u2013 Cr\u00e8me Exfoliante - Beaut\u00e9 Sant\u00e9 Lorette","description":"Le Gommage 3 Minutes Cr\u00e8me Exfoliante Nelly De Vuyst convient parfaitement \u00e0 tous les types de peau. Il est id\u00e9al pour \u00e9liminer les cellules mortes et les impuret\u00e9s accumul\u00e9es \u00e0 la surface de la peau. Une utilisation r\u00e9guli\u00e8re permet d\u2019att\u00e9nuer l\u2019apparence des imperfections et des pores dilat\u00e9s tout en am\u00e9liorant l\u2019aspect du grain de peau pour un teint radieux et plein de sant\u00e9.","robots":{"index":"index","follow":"follow","max-snippet":"max-snippet:-1","max-image-preview":"max-image-preview:large","max-video-preview":"max-video-preview:-1"},"canonical":"https:\/\/beautesantelorette.ca\/fr\/produit\/gommage-3-minutes-creme-exfoliante\/","og_locale":"fr_FR","og_type":"article","og_title":"Gommage 3 Minutes \u2013 Cr\u00e8me Exfoliante - Beaut\u00e9 Sant\u00e9 Lorette","og_description":"Le Gommage 3 Minutes Cr\u00e8me Exfoliante Nelly De Vuyst convient parfaitement \u00e0 tous les types de peau. Il est id\u00e9al pour \u00e9liminer les cellules mortes et les impuret\u00e9s accumul\u00e9es \u00e0 la surface de la peau. Une utilisation r\u00e9guli\u00e8re permet d\u2019att\u00e9nuer l\u2019apparence des imperfections et des pores dilat\u00e9s tout en am\u00e9liorant l\u2019aspect du grain de peau pour un teint radieux et plein de sant\u00e9.","og_url":"https:\/\/beautesantelorette.ca\/fr\/produit\/gommage-3-minutes-creme-exfoliante\/","og_site_name":"Beaut\u00e9 Sant\u00e9 Lorette","article_publisher":"https:\/\/www.facebook.com\/BeauteSanteLorette\/","article_modified_time":"2024-06-20T22:50:13+00:00","og_image":[{"width":1200,"height":1200,"url":"https:\/\/beautesantelorette.ca\/wp-content\/uploads\/2021\/09\/3-Minutes-Gommage-\u2013-Exfoliating-Cream.jpg","type":"image\/jpeg"}],"twitter_card":"summary_large_image","schema":{"@context":"https:\/\/schema.org","@graph":[{"@type":"WebPage","@id":"https:\/\/beautesantelorette.ca\/fr\/produit\/gommage-3-minutes-creme-exfoliante\/","url":"https:\/\/beautesantelorette.ca\/fr\/produit\/gommage-3-minutes-creme-exfoliante\/","name":"Gommage 3 Minutes \u2013 Cr\u00e8me Exfoliante - Beaut\u00e9 Sant\u00e9 Lorette","isPartOf":{"@id":"https:\/\/beautesantelorette.ca\/fr\/#website"},"primaryImageOfPage":{"@id":"https:\/\/beautesantelorette.ca\/fr\/produit\/gommage-3-minutes-creme-exfoliante\/#primaryimage"},"image":{"@id":"https:\/\/beautesantelorette.ca\/fr\/produit\/gommage-3-minutes-creme-exfoliante\/#primaryimage"},"thumbnailUrl":"https:\/\/beautesantelorette.ca\/wp-content\/uploads\/2021\/09\/3-Minutes-Gommage-\u2013-Exfoliating-Cream.jpg","datePublished":"2021-09-29T19:16:12+00:00","dateModified":"2024-06-20T22:50:13+00:00","description":"Le Gommage 3 Minutes Cr\u00e8me Exfoliante Nelly De Vuyst convient parfaitement \u00e0 tous les types de peau. Il est id\u00e9al pour \u00e9liminer les cellules mortes et les impuret\u00e9s accumul\u00e9es \u00e0 la surface de la peau. Une utilisation r\u00e9guli\u00e8re permet d\u2019att\u00e9nuer l\u2019apparence des imperfections et des pores dilat\u00e9s tout en am\u00e9liorant l\u2019aspect du grain de peau pour un teint radieux et plein de sant\u00e9.","breadcrumb":{"@id":"https:\/\/beautesantelorette.ca\/fr\/produit\/gommage-3-minutes-creme-exfoliante\/#breadcrumb"},"inLanguage":"fr-FR","potentialAction":[{"@type":"ReadAction","target":["https:\/\/beautesantelorette.ca\/fr\/produit\/gommage-3-minutes-creme-exfoliante\/"]}]},{"@type":"ImageObject","inLanguage":"fr-FR","@id":"https:\/\/beautesantelorette.ca\/fr\/produit\/gommage-3-minutes-creme-exfoliante\/#primaryimage","url":"https:\/\/beautesantelorette.ca\/wp-content\/uploads\/2021\/09\/3-Minutes-Gommage-\u2013-Exfoliating-Cream.jpg","contentUrl":"https:\/\/beautesantelorette.ca\/wp-content\/uploads\/2021\/09\/3-Minutes-Gommage-\u2013-Exfoliating-Cream.jpg","width":1200,"height":1200,"caption":"Gommage 3 Minutes \u2013 Cr\u00e8me Exfoliante"},{"@type":"BreadcrumbList","@id":"https:\/\/beautesantelorette.ca\/fr\/produit\/gommage-3-minutes-creme-exfoliante\/#breadcrumb","itemListElement":[{"@type":"ListItem","position":1,"name":"Home","item":"https:\/\/beautesantelorette.ca\/fr\/"},{"@type":"ListItem","position":2,"name":"Boutique","item":"https:\/\/beautesantelorette.ca\/fr\/boutique\/"},{"@type":"ListItem","position":3,"name":"Gommage 3 Minutes \u2013 Cr\u00e8me Exfoliante"}]},{"@type":"WebSite","@id":"https:\/\/beautesantelorette.ca\/fr\/#website","url":"https:\/\/beautesantelorette.ca\/fr\/","name":"Beaut\u00e9 Sant\u00e9 Lorette","description":"Confiez-Nous Le Soin de VOTRE PEAU","publisher":{"@id":"https:\/\/beautesantelorette.ca\/fr\/#organization"},"potentialAction":[{"@type":"SearchAction","target":{"@type":"EntryPoint","urlTemplate":"https:\/\/beautesantelorette.ca\/fr\/?s={search_term_string}"},"query-input":{"@type":"PropertyValueSpecification","valueRequired":true,"valueName":"search_term_string"}}],"inLanguage":"fr-FR"},{"@type":"Organization","@id":"https:\/\/beautesantelorette.ca\/fr\/#organization","name":"Beaut\u00e9 Sant\u00e9 Lorette","url":"https:\/\/beautesantelorette.ca\/fr\/","logo":{"@type":"ImageObject","inLanguage":"fr-FR","@id":"https:\/\/beautesantelorette.ca\/fr\/#\/schema\/logo\/image\/","url":"https:\/\/beautesantelorette.ca\/wp-content\/uploads\/2021\/10\/bsl_surfgirl_logo_pos-1.svg","contentUrl":"https:\/\/beautesantelorette.ca\/wp-content\/uploads\/2021\/10\/bsl_surfgirl_logo_pos-1.svg","width":1533,"height":1200,"caption":"Beaut\u00e9 Sant\u00e9 Lorette"},"image":{"@id":"https:\/\/beautesantelorette.ca\/fr\/#\/schema\/logo\/image\/"},"sameAs":["https:\/\/www.facebook.com\/BeauteSanteLorette\/","https:\/\/www.instagram.com\/beautesantelorette\/"]}]}},"jetpack_sharing_enabled":true,"_links":{"self":[{"href":"https:\/\/beautesantelorette.ca\/fr\/wp-json\/wp\/v2\/product\/22092","targetHints":{"allow":["GET"]}}],"collection":[{"href":"https:\/\/beautesantelorette.ca\/fr\/wp-json\/wp\/v2\/product"}],"about":[{"href":"https:\/\/beautesantelorette.ca\/fr\/wp-json\/wp\/v2\/types\/product"}],"replies":[{"embeddable":true,"href":"https:\/\/beautesantelorette.ca\/fr\/wp-json\/wp\/v2\/comments?post=22092"}],"wp:featuredmedia":[{"embeddable":true,"href":"https:\/\/beautesantelorette.ca\/fr\/wp-json\/wp\/v2\/media\/21616"}],"wp:attachment":[{"href":"https:\/\/beautesantelorette.ca\/fr\/wp-json\/wp\/v2\/media?parent=22092"}],"wp:term":[{"taxonomy":"product_brand","embeddable":true,"href":"https:\/\/beautesantelorette.ca\/fr\/wp-json\/wp\/v2\/product_brand?post=22092"},{"taxonomy":"product_cat","embeddable":true,"href":"https:\/\/beautesantelorette.ca\/fr\/wp-json\/wp\/v2\/product_cat?post=22092"},{"taxonomy":"product_tag","embeddable":true,"href":"https:\/\/beautesantelorette.ca\/fr\/wp-json\/wp\/v2\/product_tag?post=22092"}],"curies":[{"name":"wp","href":"https:\/\/api.w.org\/{rel}","templated":true}]}}