{"id":22093,"date":"2021-09-29T19:18:20","date_gmt":"2021-09-29T19:18:20","guid":{"rendered":"https:\/\/beautelorette.wpengine.com\/product\/ndv-body-brush\/"},"modified":"2021-11-23T20:25:47","modified_gmt":"2021-11-23T20:25:47","slug":"brosse-pour-le-corps","status":"publish","type":"product","link":"https:\/\/beautesantelorette.ca\/fr\/produit\/brosse-pour-le-corps\/","title":{"rendered":"Brosse Pour le Corps"},"content":{"rendered":"","protected":false},"excerpt":{"rendered":"<p>Constitu\u00e9e de poils de sanglier, le Brosse pour le Corps Nelly De Vuyst est un outil indispensable pour les soins du corps. Un geste quotidien \u00e9nergisant et oxyg\u00e9nant qui optimise l\u2019absorption et l\u2019efficacit\u00e9 de tous les produits corporels Nelly De Vuyst. \u00c0 utiliser sur la peau s\u00e8che avant la douche en effectuant des mouvements circulaires des pieds vers le c\u0153ur sur les r\u00e9gions concern\u00e9es.<\/p>\n","protected":false},"featured_media":21617,"comment_status":"open","ping_status":"closed","template":"","meta":[],"product_brand":[],"product_cat":[237,249,232],"product_tag":[],"class_list":{"0":"post-22093","1":"product","2":"type-product","3":"status-publish","4":"has-post-thumbnail","6":"product_cat-bioscience-fr","7":"product_cat-exfoliants-fr","8":"product_cat-nelly-de-vuyst-fr","10":"first","11":"instock","12":"taxable","13":"shipping-taxable","14":"purchasable","15":"product-type-simple"},"yoast_head":"<!-- This site is optimized with the Yoast SEO plugin v27.5 - https:\/\/yoast.com\/product\/yoast-seo-wordpress\/ -->\n<title>Brosse Pour le Corps - Beaut\u00e9 Sant\u00e9 Lorette<\/title>\n<meta name=\"description\" content=\"Constitu\u00e9e de poils de sanglier, le Brosse pour le Corps Nelly De Vuyst est un outil indispensable pour les soins du corps. Un geste quotidien \u00e9nergisant et oxyg\u00e9nant qui optimise l\u2019absorption et l\u2019efficacit\u00e9 de tous les produits corporels Nelly De Vuyst. \u00c0 utiliser sur la peau s\u00e8che avant la douche en effectuant des mouvements circulaires des pieds vers le c\u0153ur sur les r\u00e9gions concern\u00e9es.\" \/>\n<meta name=\"robots\" content=\"index, follow, max-snippet:-1, max-image-preview:large, max-video-preview:-1\" \/>\n<link rel=\"canonical\" href=\"https:\/\/beautesantelorette.ca\/fr\/produit\/brosse-pour-le-corps\/\" \/>\n<meta property=\"og:locale\" content=\"fr_FR\" \/>\n<meta property=\"og:type\" content=\"article\" \/>\n<meta property=\"og:title\" content=\"Brosse Pour le Corps - Beaut\u00e9 Sant\u00e9 Lorette\" \/>\n<meta property=\"og:description\" content=\"Constitu\u00e9e de poils de sanglier, le Brosse pour le Corps Nelly De Vuyst est un outil indispensable pour les soins du corps. Un geste quotidien \u00e9nergisant et oxyg\u00e9nant qui optimise l\u2019absorption et l\u2019efficacit\u00e9 de tous les produits corporels Nelly De Vuyst. \u00c0 utiliser sur la peau s\u00e8che avant la douche en effectuant des mouvements circulaires des pieds vers le c\u0153ur sur les r\u00e9gions concern\u00e9es.\" \/>\n<meta property=\"og:url\" content=\"https:\/\/beautesantelorette.ca\/fr\/produit\/brosse-pour-le-corps\/\" \/>\n<meta property=\"og:site_name\" content=\"Beaut\u00e9 Sant\u00e9 Lorette\" \/>\n<meta property=\"article:publisher\" content=\"https:\/\/www.facebook.com\/BeauteSanteLorette\/\" \/>\n<meta property=\"article:modified_time\" content=\"2021-11-23T20:25:47+00:00\" \/>\n<meta property=\"og:image\" content=\"https:\/\/beautesantelorette.ca\/wp-content\/uploads\/2021\/09\/NDV-Body-Brush.jpg\" \/>\n\t<meta property=\"og:image:width\" content=\"1200\" \/>\n\t<meta property=\"og:image:height\" content=\"1200\" \/>\n\t<meta property=\"og:image:type\" content=\"image\/jpeg\" \/>\n<meta name=\"twitter:card\" content=\"summary_large_image\" \/>\n<script type=\"application\/ld+json\" class=\"yoast-schema-graph\">{\"@context\":\"https:\\\/\\\/schema.org\",\"@graph\":[{\"@type\":\"WebPage\",\"@id\":\"https:\\\/\\\/beautesantelorette.ca\\\/fr\\\/produit\\\/brosse-pour-le-corps\\\/\",\"url\":\"https:\\\/\\\/beautesantelorette.ca\\\/fr\\\/produit\\\/brosse-pour-le-corps\\\/\",\"name\":\"Brosse Pour le Corps - Beaut\u00e9 Sant\u00e9 Lorette\",\"isPartOf\":{\"@id\":\"https:\\\/\\\/beautesantelorette.ca\\\/fr\\\/#website\"},\"primaryImageOfPage\":{\"@id\":\"https:\\\/\\\/beautesantelorette.ca\\\/fr\\\/produit\\\/brosse-pour-le-corps\\\/#primaryimage\"},\"image\":{\"@id\":\"https:\\\/\\\/beautesantelorette.ca\\\/fr\\\/produit\\\/brosse-pour-le-corps\\\/#primaryimage\"},\"thumbnailUrl\":\"https:\\\/\\\/beautesantelorette.ca\\\/wp-content\\\/uploads\\\/2021\\\/09\\\/NDV-Body-Brush.jpg\",\"datePublished\":\"2021-09-29T19:18:20+00:00\",\"dateModified\":\"2021-11-23T20:25:47+00:00\",\"description\":\"Constitu\u00e9e de poils de sanglier, le Brosse pour le Corps Nelly De Vuyst est un outil indispensable pour les soins du corps. Un geste quotidien \u00e9nergisant et oxyg\u00e9nant qui optimise l\u2019absorption et l\u2019efficacit\u00e9 de tous les produits corporels Nelly De Vuyst. \u00c0 utiliser sur la peau s\u00e8che avant la douche en effectuant des mouvements circulaires des pieds vers le c\u0153ur sur les r\u00e9gions concern\u00e9es.\",\"breadcrumb\":{\"@id\":\"https:\\\/\\\/beautesantelorette.ca\\\/fr\\\/produit\\\/brosse-pour-le-corps\\\/#breadcrumb\"},\"inLanguage\":\"fr-FR\",\"potentialAction\":[{\"@type\":\"ReadAction\",\"target\":[\"https:\\\/\\\/beautesantelorette.ca\\\/fr\\\/produit\\\/brosse-pour-le-corps\\\/\"]}]},{\"@type\":\"ImageObject\",\"inLanguage\":\"fr-FR\",\"@id\":\"https:\\\/\\\/beautesantelorette.ca\\\/fr\\\/produit\\\/brosse-pour-le-corps\\\/#primaryimage\",\"url\":\"https:\\\/\\\/beautesantelorette.ca\\\/wp-content\\\/uploads\\\/2021\\\/09\\\/NDV-Body-Brush.jpg\",\"contentUrl\":\"https:\\\/\\\/beautesantelorette.ca\\\/wp-content\\\/uploads\\\/2021\\\/09\\\/NDV-Body-Brush.jpg\",\"width\":1200,\"height\":1200,\"caption\":\"Brosse Pour le Corps\"},{\"@type\":\"BreadcrumbList\",\"@id\":\"https:\\\/\\\/beautesantelorette.ca\\\/fr\\\/produit\\\/brosse-pour-le-corps\\\/#breadcrumb\",\"itemListElement\":[{\"@type\":\"ListItem\",\"position\":1,\"name\":\"Home\",\"item\":\"https:\\\/\\\/beautesantelorette.ca\\\/fr\\\/\"},{\"@type\":\"ListItem\",\"position\":2,\"name\":\"Boutique\",\"item\":\"https:\\\/\\\/beautesantelorette.ca\\\/fr\\\/boutique\\\/\"},{\"@type\":\"ListItem\",\"position\":3,\"name\":\"Brosse Pour le Corps\"}]},{\"@type\":\"WebSite\",\"@id\":\"https:\\\/\\\/beautesantelorette.ca\\\/fr\\\/#website\",\"url\":\"https:\\\/\\\/beautesantelorette.ca\\\/fr\\\/\",\"name\":\"Beaut\u00e9 Sant\u00e9 Lorette\",\"description\":\"Confiez-Nous Le Soin de VOTRE PEAU\",\"publisher\":{\"@id\":\"https:\\\/\\\/beautesantelorette.ca\\\/fr\\\/#organization\"},\"potentialAction\":[{\"@type\":\"SearchAction\",\"target\":{\"@type\":\"EntryPoint\",\"urlTemplate\":\"https:\\\/\\\/beautesantelorette.ca\\\/fr\\\/?s={search_term_string}\"},\"query-input\":{\"@type\":\"PropertyValueSpecification\",\"valueRequired\":true,\"valueName\":\"search_term_string\"}}],\"inLanguage\":\"fr-FR\"},{\"@type\":\"Organization\",\"@id\":\"https:\\\/\\\/beautesantelorette.ca\\\/fr\\\/#organization\",\"name\":\"Beaut\u00e9 Sant\u00e9 Lorette\",\"url\":\"https:\\\/\\\/beautesantelorette.ca\\\/fr\\\/\",\"logo\":{\"@type\":\"ImageObject\",\"inLanguage\":\"fr-FR\",\"@id\":\"https:\\\/\\\/beautesantelorette.ca\\\/fr\\\/#\\\/schema\\\/logo\\\/image\\\/\",\"url\":\"https:\\\/\\\/beautesantelorette.ca\\\/wp-content\\\/uploads\\\/2021\\\/10\\\/bsl_surfgirl_logo_pos-1.svg\",\"contentUrl\":\"https:\\\/\\\/beautesantelorette.ca\\\/wp-content\\\/uploads\\\/2021\\\/10\\\/bsl_surfgirl_logo_pos-1.svg\",\"width\":1533,\"height\":1200,\"caption\":\"Beaut\u00e9 Sant\u00e9 Lorette\"},\"image\":{\"@id\":\"https:\\\/\\\/beautesantelorette.ca\\\/fr\\\/#\\\/schema\\\/logo\\\/image\\\/\"},\"sameAs\":[\"https:\\\/\\\/www.facebook.com\\\/BeauteSanteLorette\\\/\",\"https:\\\/\\\/www.instagram.com\\\/beautesantelorette\\\/\"]}]}<\/script>\n<!-- \/ Yoast SEO plugin. -->","yoast_head_json":{"title":"Brosse Pour le Corps - Beaut\u00e9 Sant\u00e9 Lorette","description":"Constitu\u00e9e de poils de sanglier, le Brosse pour le Corps Nelly De Vuyst est un outil indispensable pour les soins du corps. Un geste quotidien \u00e9nergisant et oxyg\u00e9nant qui optimise l\u2019absorption et l\u2019efficacit\u00e9 de tous les produits corporels Nelly De Vuyst. \u00c0 utiliser sur la peau s\u00e8che avant la douche en effectuant des mouvements circulaires des pieds vers le c\u0153ur sur les r\u00e9gions concern\u00e9es.","robots":{"index":"index","follow":"follow","max-snippet":"max-snippet:-1","max-image-preview":"max-image-preview:large","max-video-preview":"max-video-preview:-1"},"canonical":"https:\/\/beautesantelorette.ca\/fr\/produit\/brosse-pour-le-corps\/","og_locale":"fr_FR","og_type":"article","og_title":"Brosse Pour le Corps - Beaut\u00e9 Sant\u00e9 Lorette","og_description":"Constitu\u00e9e de poils de sanglier, le Brosse pour le Corps Nelly De Vuyst est un outil indispensable pour les soins du corps. Un geste quotidien \u00e9nergisant et oxyg\u00e9nant qui optimise l\u2019absorption et l\u2019efficacit\u00e9 de tous les produits corporels Nelly De Vuyst. \u00c0 utiliser sur la peau s\u00e8che avant la douche en effectuant des mouvements circulaires des pieds vers le c\u0153ur sur les r\u00e9gions concern\u00e9es.","og_url":"https:\/\/beautesantelorette.ca\/fr\/produit\/brosse-pour-le-corps\/","og_site_name":"Beaut\u00e9 Sant\u00e9 Lorette","article_publisher":"https:\/\/www.facebook.com\/BeauteSanteLorette\/","article_modified_time":"2021-11-23T20:25:47+00:00","og_image":[{"width":1200,"height":1200,"url":"https:\/\/beautesantelorette.ca\/wp-content\/uploads\/2021\/09\/NDV-Body-Brush.jpg","type":"image\/jpeg"}],"twitter_card":"summary_large_image","schema":{"@context":"https:\/\/schema.org","@graph":[{"@type":"WebPage","@id":"https:\/\/beautesantelorette.ca\/fr\/produit\/brosse-pour-le-corps\/","url":"https:\/\/beautesantelorette.ca\/fr\/produit\/brosse-pour-le-corps\/","name":"Brosse Pour le Corps - Beaut\u00e9 Sant\u00e9 Lorette","isPartOf":{"@id":"https:\/\/beautesantelorette.ca\/fr\/#website"},"primaryImageOfPage":{"@id":"https:\/\/beautesantelorette.ca\/fr\/produit\/brosse-pour-le-corps\/#primaryimage"},"image":{"@id":"https:\/\/beautesantelorette.ca\/fr\/produit\/brosse-pour-le-corps\/#primaryimage"},"thumbnailUrl":"https:\/\/beautesantelorette.ca\/wp-content\/uploads\/2021\/09\/NDV-Body-Brush.jpg","datePublished":"2021-09-29T19:18:20+00:00","dateModified":"2021-11-23T20:25:47+00:00","description":"Constitu\u00e9e de poils de sanglier, le Brosse pour le Corps Nelly De Vuyst est un outil indispensable pour les soins du corps. Un geste quotidien \u00e9nergisant et oxyg\u00e9nant qui optimise l\u2019absorption et l\u2019efficacit\u00e9 de tous les produits corporels Nelly De Vuyst. \u00c0 utiliser sur la peau s\u00e8che avant la douche en effectuant des mouvements circulaires des pieds vers le c\u0153ur sur les r\u00e9gions concern\u00e9es.","breadcrumb":{"@id":"https:\/\/beautesantelorette.ca\/fr\/produit\/brosse-pour-le-corps\/#breadcrumb"},"inLanguage":"fr-FR","potentialAction":[{"@type":"ReadAction","target":["https:\/\/beautesantelorette.ca\/fr\/produit\/brosse-pour-le-corps\/"]}]},{"@type":"ImageObject","inLanguage":"fr-FR","@id":"https:\/\/beautesantelorette.ca\/fr\/produit\/brosse-pour-le-corps\/#primaryimage","url":"https:\/\/beautesantelorette.ca\/wp-content\/uploads\/2021\/09\/NDV-Body-Brush.jpg","contentUrl":"https:\/\/beautesantelorette.ca\/wp-content\/uploads\/2021\/09\/NDV-Body-Brush.jpg","width":1200,"height":1200,"caption":"Brosse Pour le Corps"},{"@type":"BreadcrumbList","@id":"https:\/\/beautesantelorette.ca\/fr\/produit\/brosse-pour-le-corps\/#breadcrumb","itemListElement":[{"@type":"ListItem","position":1,"name":"Home","item":"https:\/\/beautesantelorette.ca\/fr\/"},{"@type":"ListItem","position":2,"name":"Boutique","item":"https:\/\/beautesantelorette.ca\/fr\/boutique\/"},{"@type":"ListItem","position":3,"name":"Brosse Pour le Corps"}]},{"@type":"WebSite","@id":"https:\/\/beautesantelorette.ca\/fr\/#website","url":"https:\/\/beautesantelorette.ca\/fr\/","name":"Beaut\u00e9 Sant\u00e9 Lorette","description":"Confiez-Nous Le Soin de VOTRE PEAU","publisher":{"@id":"https:\/\/beautesantelorette.ca\/fr\/#organization"},"potentialAction":[{"@type":"SearchAction","target":{"@type":"EntryPoint","urlTemplate":"https:\/\/beautesantelorette.ca\/fr\/?s={search_term_string}"},"query-input":{"@type":"PropertyValueSpecification","valueRequired":true,"valueName":"search_term_string"}}],"inLanguage":"fr-FR"},{"@type":"Organization","@id":"https:\/\/beautesantelorette.ca\/fr\/#organization","name":"Beaut\u00e9 Sant\u00e9 Lorette","url":"https:\/\/beautesantelorette.ca\/fr\/","logo":{"@type":"ImageObject","inLanguage":"fr-FR","@id":"https:\/\/beautesantelorette.ca\/fr\/#\/schema\/logo\/image\/","url":"https:\/\/beautesantelorette.ca\/wp-content\/uploads\/2021\/10\/bsl_surfgirl_logo_pos-1.svg","contentUrl":"https:\/\/beautesantelorette.ca\/wp-content\/uploads\/2021\/10\/bsl_surfgirl_logo_pos-1.svg","width":1533,"height":1200,"caption":"Beaut\u00e9 Sant\u00e9 Lorette"},"image":{"@id":"https:\/\/beautesantelorette.ca\/fr\/#\/schema\/logo\/image\/"},"sameAs":["https:\/\/www.facebook.com\/BeauteSanteLorette\/","https:\/\/www.instagram.com\/beautesantelorette\/"]}]}},"jetpack_sharing_enabled":true,"_links":{"self":[{"href":"https:\/\/beautesantelorette.ca\/fr\/wp-json\/wp\/v2\/product\/22093","targetHints":{"allow":["GET"]}}],"collection":[{"href":"https:\/\/beautesantelorette.ca\/fr\/wp-json\/wp\/v2\/product"}],"about":[{"href":"https:\/\/beautesantelorette.ca\/fr\/wp-json\/wp\/v2\/types\/product"}],"replies":[{"embeddable":true,"href":"https:\/\/beautesantelorette.ca\/fr\/wp-json\/wp\/v2\/comments?post=22093"}],"wp:featuredmedia":[{"embeddable":true,"href":"https:\/\/beautesantelorette.ca\/fr\/wp-json\/wp\/v2\/media\/21617"}],"wp:attachment":[{"href":"https:\/\/beautesantelorette.ca\/fr\/wp-json\/wp\/v2\/media?parent=22093"}],"wp:term":[{"taxonomy":"product_brand","embeddable":true,"href":"https:\/\/beautesantelorette.ca\/fr\/wp-json\/wp\/v2\/product_brand?post=22093"},{"taxonomy":"product_cat","embeddable":true,"href":"https:\/\/beautesantelorette.ca\/fr\/wp-json\/wp\/v2\/product_cat?post=22093"},{"taxonomy":"product_tag","embeddable":true,"href":"https:\/\/beautesantelorette.ca\/fr\/wp-json\/wp\/v2\/product_tag?post=22093"}],"curies":[{"name":"wp","href":"https:\/\/api.w.org\/{rel}","templated":true}]}}