{"id":22098,"date":"2021-09-29T20:14:18","date_gmt":"2021-09-29T20:14:18","guid":{"rendered":"https:\/\/beautelorette.wpengine.com\/product\/exfoliating-gel-sensitive-skin-travel\/"},"modified":"2021-11-23T21:39:40","modified_gmt":"2021-11-23T21:39:40","slug":"gel-exfoliant-peaux-sensibles-voyage","status":"publish","type":"product","link":"https:\/\/beautesantelorette.ca\/fr\/produit\/gel-exfoliant-peaux-sensibles-voyage\/","title":{"rendered":"Gel Exfoliant Peaux Sensibles (Voyage)"},"content":{"rendered":"","protected":false},"excerpt":{"rendered":"<p>Le Gel Exfoliant Peaux Sensibles Nelly De Vuyst est id\u00e9al pour \u00e9liminer d\u00e9licatement les cellules mortes des peaux sensibles sans jamais provoquer de sensations de tiraillements, d\u2019irritations ou d\u2019inconfort. Ses ingr\u00e9dients anti-pollution et d\u00e9congestionnants permettent de d\u00e9loger tout en douceur les toxines et les impuret\u00e9s accumul\u00e9es \u00e0 la surface de la peau. Sa texture velout\u00e9e se r\u00e9partit uniform\u00e9ment sur la peau et ne n\u00e9cessite aucun temps de pause. Adoucie et mieux oxyg\u00e9n\u00e9e, la peau r\u00e9v\u00e8le imm\u00e9diatement un teint plus frais et plus lumineux.<\/p>\n","protected":false},"featured_media":21629,"comment_status":"open","ping_status":"closed","template":"","meta":[],"product_brand":[],"product_cat":[237,249,232],"product_tag":[],"class_list":{"0":"post-22098","1":"product","2":"type-product","3":"status-publish","4":"has-post-thumbnail","6":"product_cat-bioscience-fr","7":"product_cat-exfoliants-fr","8":"product_cat-nelly-de-vuyst-fr","10":"first","11":"instock","12":"taxable","13":"shipping-taxable","14":"purchasable","15":"product-type-simple"},"yoast_head":"<!-- This site is optimized with the Yoast SEO plugin v27.4 - https:\/\/yoast.com\/product\/yoast-seo-wordpress\/ -->\n<title>Gel Exfoliant Peaux Sensibles (Voyage) - Beaut\u00e9 Sant\u00e9 Lorette<\/title>\n<meta name=\"description\" content=\"Le Gel Exfoliant Peaux Sensibles Nelly De Vuyst est id\u00e9al pour \u00e9liminer d\u00e9licatement les cellules mortes des peaux sensibles sans jamais provoquer de sensations de tiraillements, d\u2019irritations ou d\u2019inconfort. Ses ingr\u00e9dients anti-pollution et d\u00e9congestionnants permettent de d\u00e9loger tout en douceur les toxines et les impuret\u00e9s accumul\u00e9es \u00e0 la surface de la peau. Sa texture velout\u00e9e se r\u00e9partit uniform\u00e9ment sur la peau et ne n\u00e9cessite aucun temps de pause. Adoucie et mieux oxyg\u00e9n\u00e9e, la peau r\u00e9v\u00e8le imm\u00e9diatement un teint plus frais et plus lumineux.\" \/>\n<meta name=\"robots\" content=\"index, follow, max-snippet:-1, max-image-preview:large, max-video-preview:-1\" \/>\n<link rel=\"canonical\" href=\"https:\/\/beautesantelorette.ca\/fr\/produit\/gel-exfoliant-peaux-sensibles-voyage\/\" \/>\n<meta property=\"og:locale\" content=\"fr_FR\" \/>\n<meta property=\"og:type\" content=\"article\" \/>\n<meta property=\"og:title\" content=\"Gel Exfoliant Peaux Sensibles (Voyage) - Beaut\u00e9 Sant\u00e9 Lorette\" \/>\n<meta property=\"og:description\" content=\"Le Gel Exfoliant Peaux Sensibles Nelly De Vuyst est id\u00e9al pour \u00e9liminer d\u00e9licatement les cellules mortes des peaux sensibles sans jamais provoquer de sensations de tiraillements, d\u2019irritations ou d\u2019inconfort. Ses ingr\u00e9dients anti-pollution et d\u00e9congestionnants permettent de d\u00e9loger tout en douceur les toxines et les impuret\u00e9s accumul\u00e9es \u00e0 la surface de la peau. Sa texture velout\u00e9e se r\u00e9partit uniform\u00e9ment sur la peau et ne n\u00e9cessite aucun temps de pause. Adoucie et mieux oxyg\u00e9n\u00e9e, la peau r\u00e9v\u00e8le imm\u00e9diatement un teint plus frais et plus lumineux.\" \/>\n<meta property=\"og:url\" content=\"https:\/\/beautesantelorette.ca\/fr\/produit\/gel-exfoliant-peaux-sensibles-voyage\/\" \/>\n<meta property=\"og:site_name\" content=\"Beaut\u00e9 Sant\u00e9 Lorette\" \/>\n<meta property=\"article:publisher\" content=\"https:\/\/www.facebook.com\/BeauteSanteLorette\/\" \/>\n<meta property=\"article:modified_time\" content=\"2021-11-23T21:39:40+00:00\" \/>\n<meta property=\"og:image\" content=\"https:\/\/beautesantelorette.ca\/wp-content\/uploads\/2021\/09\/Exfoliating-Gel-Sensitive-Skin-Travel.jpg\" \/>\n\t<meta property=\"og:image:width\" content=\"600\" \/>\n\t<meta property=\"og:image:height\" content=\"600\" \/>\n\t<meta property=\"og:image:type\" content=\"image\/jpeg\" \/>\n<meta name=\"twitter:card\" content=\"summary_large_image\" \/>\n<script type=\"application\/ld+json\" class=\"yoast-schema-graph\">{\"@context\":\"https:\\\/\\\/schema.org\",\"@graph\":[{\"@type\":\"WebPage\",\"@id\":\"https:\\\/\\\/beautesantelorette.ca\\\/fr\\\/produit\\\/gel-exfoliant-peaux-sensibles-voyage\\\/\",\"url\":\"https:\\\/\\\/beautesantelorette.ca\\\/fr\\\/produit\\\/gel-exfoliant-peaux-sensibles-voyage\\\/\",\"name\":\"Gel Exfoliant Peaux Sensibles (Voyage) - Beaut\u00e9 Sant\u00e9 Lorette\",\"isPartOf\":{\"@id\":\"https:\\\/\\\/beautesantelorette.ca\\\/fr\\\/#website\"},\"primaryImageOfPage\":{\"@id\":\"https:\\\/\\\/beautesantelorette.ca\\\/fr\\\/produit\\\/gel-exfoliant-peaux-sensibles-voyage\\\/#primaryimage\"},\"image\":{\"@id\":\"https:\\\/\\\/beautesantelorette.ca\\\/fr\\\/produit\\\/gel-exfoliant-peaux-sensibles-voyage\\\/#primaryimage\"},\"thumbnailUrl\":\"https:\\\/\\\/beautesantelorette.ca\\\/wp-content\\\/uploads\\\/2021\\\/09\\\/Exfoliating-Gel-Sensitive-Skin-Travel.jpg\",\"datePublished\":\"2021-09-29T20:14:18+00:00\",\"dateModified\":\"2021-11-23T21:39:40+00:00\",\"description\":\"Le Gel Exfoliant Peaux Sensibles Nelly De Vuyst est id\u00e9al pour \u00e9liminer d\u00e9licatement les cellules mortes des peaux sensibles sans jamais provoquer de sensations de tiraillements, d\u2019irritations ou d\u2019inconfort. Ses ingr\u00e9dients anti-pollution et d\u00e9congestionnants permettent de d\u00e9loger tout en douceur les toxines et les impuret\u00e9s accumul\u00e9es \u00e0 la surface de la peau. Sa texture velout\u00e9e se r\u00e9partit uniform\u00e9ment sur la peau et ne n\u00e9cessite aucun temps de pause. Adoucie et mieux oxyg\u00e9n\u00e9e, la peau r\u00e9v\u00e8le imm\u00e9diatement un teint plus frais et plus lumineux.\",\"breadcrumb\":{\"@id\":\"https:\\\/\\\/beautesantelorette.ca\\\/fr\\\/produit\\\/gel-exfoliant-peaux-sensibles-voyage\\\/#breadcrumb\"},\"inLanguage\":\"fr-FR\",\"potentialAction\":[{\"@type\":\"ReadAction\",\"target\":[\"https:\\\/\\\/beautesantelorette.ca\\\/fr\\\/produit\\\/gel-exfoliant-peaux-sensibles-voyage\\\/\"]}]},{\"@type\":\"ImageObject\",\"inLanguage\":\"fr-FR\",\"@id\":\"https:\\\/\\\/beautesantelorette.ca\\\/fr\\\/produit\\\/gel-exfoliant-peaux-sensibles-voyage\\\/#primaryimage\",\"url\":\"https:\\\/\\\/beautesantelorette.ca\\\/wp-content\\\/uploads\\\/2021\\\/09\\\/Exfoliating-Gel-Sensitive-Skin-Travel.jpg\",\"contentUrl\":\"https:\\\/\\\/beautesantelorette.ca\\\/wp-content\\\/uploads\\\/2021\\\/09\\\/Exfoliating-Gel-Sensitive-Skin-Travel.jpg\",\"width\":600,\"height\":600,\"caption\":\"Gel Exfoliant Peaux Sensibles (Voyage)\"},{\"@type\":\"BreadcrumbList\",\"@id\":\"https:\\\/\\\/beautesantelorette.ca\\\/fr\\\/produit\\\/gel-exfoliant-peaux-sensibles-voyage\\\/#breadcrumb\",\"itemListElement\":[{\"@type\":\"ListItem\",\"position\":1,\"name\":\"Home\",\"item\":\"https:\\\/\\\/beautesantelorette.ca\\\/fr\\\/\"},{\"@type\":\"ListItem\",\"position\":2,\"name\":\"Boutique\",\"item\":\"https:\\\/\\\/beautesantelorette.ca\\\/fr\\\/boutique\\\/\"},{\"@type\":\"ListItem\",\"position\":3,\"name\":\"Gel Exfoliant Peaux Sensibles (Voyage)\"}]},{\"@type\":\"WebSite\",\"@id\":\"https:\\\/\\\/beautesantelorette.ca\\\/fr\\\/#website\",\"url\":\"https:\\\/\\\/beautesantelorette.ca\\\/fr\\\/\",\"name\":\"Beaut\u00e9 Sant\u00e9 Lorette\",\"description\":\"Confiez-Nous Le Soin de VOTRE PEAU\",\"publisher\":{\"@id\":\"https:\\\/\\\/beautesantelorette.ca\\\/fr\\\/#organization\"},\"potentialAction\":[{\"@type\":\"SearchAction\",\"target\":{\"@type\":\"EntryPoint\",\"urlTemplate\":\"https:\\\/\\\/beautesantelorette.ca\\\/fr\\\/?s={search_term_string}\"},\"query-input\":{\"@type\":\"PropertyValueSpecification\",\"valueRequired\":true,\"valueName\":\"search_term_string\"}}],\"inLanguage\":\"fr-FR\"},{\"@type\":\"Organization\",\"@id\":\"https:\\\/\\\/beautesantelorette.ca\\\/fr\\\/#organization\",\"name\":\"Beaut\u00e9 Sant\u00e9 Lorette\",\"url\":\"https:\\\/\\\/beautesantelorette.ca\\\/fr\\\/\",\"logo\":{\"@type\":\"ImageObject\",\"inLanguage\":\"fr-FR\",\"@id\":\"https:\\\/\\\/beautesantelorette.ca\\\/fr\\\/#\\\/schema\\\/logo\\\/image\\\/\",\"url\":\"https:\\\/\\\/beautesantelorette.ca\\\/wp-content\\\/uploads\\\/2021\\\/10\\\/bsl_surfgirl_logo_pos-1.svg\",\"contentUrl\":\"https:\\\/\\\/beautesantelorette.ca\\\/wp-content\\\/uploads\\\/2021\\\/10\\\/bsl_surfgirl_logo_pos-1.svg\",\"width\":1533,\"height\":1200,\"caption\":\"Beaut\u00e9 Sant\u00e9 Lorette\"},\"image\":{\"@id\":\"https:\\\/\\\/beautesantelorette.ca\\\/fr\\\/#\\\/schema\\\/logo\\\/image\\\/\"},\"sameAs\":[\"https:\\\/\\\/www.facebook.com\\\/BeauteSanteLorette\\\/\",\"https:\\\/\\\/www.instagram.com\\\/beautesantelorette\\\/\"]}]}<\/script>\n<!-- \/ Yoast SEO plugin. -->","yoast_head_json":{"title":"Gel Exfoliant Peaux Sensibles (Voyage) - Beaut\u00e9 Sant\u00e9 Lorette","description":"Le Gel Exfoliant Peaux Sensibles Nelly De Vuyst est id\u00e9al pour \u00e9liminer d\u00e9licatement les cellules mortes des peaux sensibles sans jamais provoquer de sensations de tiraillements, d\u2019irritations ou d\u2019inconfort. Ses ingr\u00e9dients anti-pollution et d\u00e9congestionnants permettent de d\u00e9loger tout en douceur les toxines et les impuret\u00e9s accumul\u00e9es \u00e0 la surface de la peau. Sa texture velout\u00e9e se r\u00e9partit uniform\u00e9ment sur la peau et ne n\u00e9cessite aucun temps de pause. Adoucie et mieux oxyg\u00e9n\u00e9e, la peau r\u00e9v\u00e8le imm\u00e9diatement un teint plus frais et plus lumineux.","robots":{"index":"index","follow":"follow","max-snippet":"max-snippet:-1","max-image-preview":"max-image-preview:large","max-video-preview":"max-video-preview:-1"},"canonical":"https:\/\/beautesantelorette.ca\/fr\/produit\/gel-exfoliant-peaux-sensibles-voyage\/","og_locale":"fr_FR","og_type":"article","og_title":"Gel Exfoliant Peaux Sensibles (Voyage) - Beaut\u00e9 Sant\u00e9 Lorette","og_description":"Le Gel Exfoliant Peaux Sensibles Nelly De Vuyst est id\u00e9al pour \u00e9liminer d\u00e9licatement les cellules mortes des peaux sensibles sans jamais provoquer de sensations de tiraillements, d\u2019irritations ou d\u2019inconfort. Ses ingr\u00e9dients anti-pollution et d\u00e9congestionnants permettent de d\u00e9loger tout en douceur les toxines et les impuret\u00e9s accumul\u00e9es \u00e0 la surface de la peau. Sa texture velout\u00e9e se r\u00e9partit uniform\u00e9ment sur la peau et ne n\u00e9cessite aucun temps de pause. Adoucie et mieux oxyg\u00e9n\u00e9e, la peau r\u00e9v\u00e8le imm\u00e9diatement un teint plus frais et plus lumineux.","og_url":"https:\/\/beautesantelorette.ca\/fr\/produit\/gel-exfoliant-peaux-sensibles-voyage\/","og_site_name":"Beaut\u00e9 Sant\u00e9 Lorette","article_publisher":"https:\/\/www.facebook.com\/BeauteSanteLorette\/","article_modified_time":"2021-11-23T21:39:40+00:00","og_image":[{"width":600,"height":600,"url":"https:\/\/beautesantelorette.ca\/wp-content\/uploads\/2021\/09\/Exfoliating-Gel-Sensitive-Skin-Travel.jpg","type":"image\/jpeg"}],"twitter_card":"summary_large_image","schema":{"@context":"https:\/\/schema.org","@graph":[{"@type":"WebPage","@id":"https:\/\/beautesantelorette.ca\/fr\/produit\/gel-exfoliant-peaux-sensibles-voyage\/","url":"https:\/\/beautesantelorette.ca\/fr\/produit\/gel-exfoliant-peaux-sensibles-voyage\/","name":"Gel Exfoliant Peaux Sensibles (Voyage) - Beaut\u00e9 Sant\u00e9 Lorette","isPartOf":{"@id":"https:\/\/beautesantelorette.ca\/fr\/#website"},"primaryImageOfPage":{"@id":"https:\/\/beautesantelorette.ca\/fr\/produit\/gel-exfoliant-peaux-sensibles-voyage\/#primaryimage"},"image":{"@id":"https:\/\/beautesantelorette.ca\/fr\/produit\/gel-exfoliant-peaux-sensibles-voyage\/#primaryimage"},"thumbnailUrl":"https:\/\/beautesantelorette.ca\/wp-content\/uploads\/2021\/09\/Exfoliating-Gel-Sensitive-Skin-Travel.jpg","datePublished":"2021-09-29T20:14:18+00:00","dateModified":"2021-11-23T21:39:40+00:00","description":"Le Gel Exfoliant Peaux Sensibles Nelly De Vuyst est id\u00e9al pour \u00e9liminer d\u00e9licatement les cellules mortes des peaux sensibles sans jamais provoquer de sensations de tiraillements, d\u2019irritations ou d\u2019inconfort. Ses ingr\u00e9dients anti-pollution et d\u00e9congestionnants permettent de d\u00e9loger tout en douceur les toxines et les impuret\u00e9s accumul\u00e9es \u00e0 la surface de la peau. Sa texture velout\u00e9e se r\u00e9partit uniform\u00e9ment sur la peau et ne n\u00e9cessite aucun temps de pause. Adoucie et mieux oxyg\u00e9n\u00e9e, la peau r\u00e9v\u00e8le imm\u00e9diatement un teint plus frais et plus lumineux.","breadcrumb":{"@id":"https:\/\/beautesantelorette.ca\/fr\/produit\/gel-exfoliant-peaux-sensibles-voyage\/#breadcrumb"},"inLanguage":"fr-FR","potentialAction":[{"@type":"ReadAction","target":["https:\/\/beautesantelorette.ca\/fr\/produit\/gel-exfoliant-peaux-sensibles-voyage\/"]}]},{"@type":"ImageObject","inLanguage":"fr-FR","@id":"https:\/\/beautesantelorette.ca\/fr\/produit\/gel-exfoliant-peaux-sensibles-voyage\/#primaryimage","url":"https:\/\/beautesantelorette.ca\/wp-content\/uploads\/2021\/09\/Exfoliating-Gel-Sensitive-Skin-Travel.jpg","contentUrl":"https:\/\/beautesantelorette.ca\/wp-content\/uploads\/2021\/09\/Exfoliating-Gel-Sensitive-Skin-Travel.jpg","width":600,"height":600,"caption":"Gel Exfoliant Peaux Sensibles (Voyage)"},{"@type":"BreadcrumbList","@id":"https:\/\/beautesantelorette.ca\/fr\/produit\/gel-exfoliant-peaux-sensibles-voyage\/#breadcrumb","itemListElement":[{"@type":"ListItem","position":1,"name":"Home","item":"https:\/\/beautesantelorette.ca\/fr\/"},{"@type":"ListItem","position":2,"name":"Boutique","item":"https:\/\/beautesantelorette.ca\/fr\/boutique\/"},{"@type":"ListItem","position":3,"name":"Gel Exfoliant Peaux Sensibles (Voyage)"}]},{"@type":"WebSite","@id":"https:\/\/beautesantelorette.ca\/fr\/#website","url":"https:\/\/beautesantelorette.ca\/fr\/","name":"Beaut\u00e9 Sant\u00e9 Lorette","description":"Confiez-Nous Le Soin de VOTRE PEAU","publisher":{"@id":"https:\/\/beautesantelorette.ca\/fr\/#organization"},"potentialAction":[{"@type":"SearchAction","target":{"@type":"EntryPoint","urlTemplate":"https:\/\/beautesantelorette.ca\/fr\/?s={search_term_string}"},"query-input":{"@type":"PropertyValueSpecification","valueRequired":true,"valueName":"search_term_string"}}],"inLanguage":"fr-FR"},{"@type":"Organization","@id":"https:\/\/beautesantelorette.ca\/fr\/#organization","name":"Beaut\u00e9 Sant\u00e9 Lorette","url":"https:\/\/beautesantelorette.ca\/fr\/","logo":{"@type":"ImageObject","inLanguage":"fr-FR","@id":"https:\/\/beautesantelorette.ca\/fr\/#\/schema\/logo\/image\/","url":"https:\/\/beautesantelorette.ca\/wp-content\/uploads\/2021\/10\/bsl_surfgirl_logo_pos-1.svg","contentUrl":"https:\/\/beautesantelorette.ca\/wp-content\/uploads\/2021\/10\/bsl_surfgirl_logo_pos-1.svg","width":1533,"height":1200,"caption":"Beaut\u00e9 Sant\u00e9 Lorette"},"image":{"@id":"https:\/\/beautesantelorette.ca\/fr\/#\/schema\/logo\/image\/"},"sameAs":["https:\/\/www.facebook.com\/BeauteSanteLorette\/","https:\/\/www.instagram.com\/beautesantelorette\/"]}]}},"jetpack_sharing_enabled":true,"_links":{"self":[{"href":"https:\/\/beautesantelorette.ca\/fr\/wp-json\/wp\/v2\/product\/22098","targetHints":{"allow":["GET"]}}],"collection":[{"href":"https:\/\/beautesantelorette.ca\/fr\/wp-json\/wp\/v2\/product"}],"about":[{"href":"https:\/\/beautesantelorette.ca\/fr\/wp-json\/wp\/v2\/types\/product"}],"replies":[{"embeddable":true,"href":"https:\/\/beautesantelorette.ca\/fr\/wp-json\/wp\/v2\/comments?post=22098"}],"wp:featuredmedia":[{"embeddable":true,"href":"https:\/\/beautesantelorette.ca\/fr\/wp-json\/wp\/v2\/media\/21629"}],"wp:attachment":[{"href":"https:\/\/beautesantelorette.ca\/fr\/wp-json\/wp\/v2\/media?parent=22098"}],"wp:term":[{"taxonomy":"product_brand","embeddable":true,"href":"https:\/\/beautesantelorette.ca\/fr\/wp-json\/wp\/v2\/product_brand?post=22098"},{"taxonomy":"product_cat","embeddable":true,"href":"https:\/\/beautesantelorette.ca\/fr\/wp-json\/wp\/v2\/product_cat?post=22098"},{"taxonomy":"product_tag","embeddable":true,"href":"https:\/\/beautesantelorette.ca\/fr\/wp-json\/wp\/v2\/product_tag?post=22098"}],"curies":[{"name":"wp","href":"https:\/\/api.w.org\/{rel}","templated":true}]}}