{"id":22099,"date":"2015-10-05T12:18:00","date_gmt":"2015-10-05T12:18:00","guid":{"rendered":"https:\/\/beautelorette.wpengine.com\/product\/exfoliating-sponge\/"},"modified":"2022-04-26T13:31:24","modified_gmt":"2022-04-26T13:31:24","slug":"eponge-exfoliante","status":"publish","type":"product","link":"https:\/\/beautesantelorette.ca\/fr\/produit\/eponge-exfoliante\/","title":{"rendered":"\u00c9ponge Exfoliante"},"content":{"rendered":"","protected":false},"excerpt":{"rendered":"<p>\u00c9ponge Nelly De Vuyst v\u00e9g\u00e9tale naturelle compos\u00e9e de racines de V\u00e9tiver infus\u00e9es aux huiles essentielles de Lavande et de Patchouli. La peau est douce, fra\u00eeche et mieux oxyg\u00e9n\u00e9e. Un outil id\u00e9al \u00e0 utiliser pour aider au nettoyage du visage, du cou et du d\u00e9collet\u00e9 et offrir un gommage superficiel de l\u2019\u00e9piderme.<\/p>\n","protected":false},"featured_media":21591,"comment_status":"open","ping_status":"closed","template":"","meta":[],"product_brand":[],"product_cat":[236,249,232],"product_tag":[],"class_list":{"0":"post-22099","1":"product","2":"type-product","3":"status-publish","4":"has-post-thumbnail","6":"product_cat-bioorganic-fr","7":"product_cat-exfoliants-fr","8":"product_cat-nelly-de-vuyst-fr","10":"first","11":"instock","12":"taxable","13":"shipping-taxable","14":"purchasable","15":"product-type-simple"},"yoast_head":"<!-- This site is optimized with the Yoast SEO plugin v27.4 - https:\/\/yoast.com\/product\/yoast-seo-wordpress\/ -->\n<title>\u00c9ponge Exfoliante - Beaut\u00e9 Sant\u00e9 Lorette<\/title>\n<meta name=\"description\" content=\"\u00c9ponge Nelly De Vuyst v\u00e9g\u00e9tale naturelle compos\u00e9e de racines de V\u00e9tiver infus\u00e9es aux huiles essentielles de Lavande et de Patchouli. La peau est douce, fra\u00eeche et mieux oxyg\u00e9n\u00e9e. Un outil id\u00e9al \u00e0 utiliser pour aider au nettoyage du visage, du cou et du d\u00e9collet\u00e9 et offrir un gommage superficiel de l\u2019\u00e9piderme.\" \/>\n<meta name=\"robots\" content=\"index, follow, max-snippet:-1, max-image-preview:large, max-video-preview:-1\" \/>\n<link rel=\"canonical\" href=\"https:\/\/beautesantelorette.ca\/fr\/produit\/eponge-exfoliante\/\" \/>\n<meta property=\"og:locale\" content=\"fr_FR\" \/>\n<meta property=\"og:type\" content=\"article\" \/>\n<meta property=\"og:title\" content=\"\u00c9ponge Exfoliante - Beaut\u00e9 Sant\u00e9 Lorette\" \/>\n<meta property=\"og:description\" content=\"\u00c9ponge Nelly De Vuyst v\u00e9g\u00e9tale naturelle compos\u00e9e de racines de V\u00e9tiver infus\u00e9es aux huiles essentielles de Lavande et de Patchouli. La peau est douce, fra\u00eeche et mieux oxyg\u00e9n\u00e9e. Un outil id\u00e9al \u00e0 utiliser pour aider au nettoyage du visage, du cou et du d\u00e9collet\u00e9 et offrir un gommage superficiel de l\u2019\u00e9piderme.\" \/>\n<meta property=\"og:url\" content=\"https:\/\/beautesantelorette.ca\/fr\/produit\/eponge-exfoliante\/\" \/>\n<meta property=\"og:site_name\" content=\"Beaut\u00e9 Sant\u00e9 Lorette\" \/>\n<meta property=\"article:publisher\" content=\"https:\/\/www.facebook.com\/BeauteSanteLorette\/\" \/>\n<meta property=\"article:modified_time\" content=\"2022-04-26T13:31:24+00:00\" \/>\n<meta property=\"og:image\" content=\"https:\/\/beautesantelorette.ca\/wp-content\/uploads\/2015\/10\/Exfoliating-Sponge.jpg\" \/>\n\t<meta property=\"og:image:width\" content=\"1200\" \/>\n\t<meta property=\"og:image:height\" content=\"1200\" \/>\n\t<meta property=\"og:image:type\" content=\"image\/jpeg\" \/>\n<meta name=\"twitter:card\" content=\"summary_large_image\" \/>\n<script type=\"application\/ld+json\" class=\"yoast-schema-graph\">{\"@context\":\"https:\\\/\\\/schema.org\",\"@graph\":[{\"@type\":\"WebPage\",\"@id\":\"https:\\\/\\\/beautesantelorette.ca\\\/fr\\\/produit\\\/eponge-exfoliante\\\/\",\"url\":\"https:\\\/\\\/beautesantelorette.ca\\\/fr\\\/produit\\\/eponge-exfoliante\\\/\",\"name\":\"\u00c9ponge Exfoliante - Beaut\u00e9 Sant\u00e9 Lorette\",\"isPartOf\":{\"@id\":\"https:\\\/\\\/beautesantelorette.ca\\\/fr\\\/#website\"},\"primaryImageOfPage\":{\"@id\":\"https:\\\/\\\/beautesantelorette.ca\\\/fr\\\/produit\\\/eponge-exfoliante\\\/#primaryimage\"},\"image\":{\"@id\":\"https:\\\/\\\/beautesantelorette.ca\\\/fr\\\/produit\\\/eponge-exfoliante\\\/#primaryimage\"},\"thumbnailUrl\":\"https:\\\/\\\/beautesantelorette.ca\\\/wp-content\\\/uploads\\\/2015\\\/10\\\/Exfoliating-Sponge.jpg\",\"datePublished\":\"2015-10-05T12:18:00+00:00\",\"dateModified\":\"2022-04-26T13:31:24+00:00\",\"description\":\"\u00c9ponge Nelly De Vuyst v\u00e9g\u00e9tale naturelle compos\u00e9e de racines de V\u00e9tiver infus\u00e9es aux huiles essentielles de Lavande et de Patchouli. La peau est douce, fra\u00eeche et mieux oxyg\u00e9n\u00e9e. Un outil id\u00e9al \u00e0 utiliser pour aider au nettoyage du visage, du cou et du d\u00e9collet\u00e9 et offrir un gommage superficiel de l\u2019\u00e9piderme.\",\"breadcrumb\":{\"@id\":\"https:\\\/\\\/beautesantelorette.ca\\\/fr\\\/produit\\\/eponge-exfoliante\\\/#breadcrumb\"},\"inLanguage\":\"fr-FR\",\"potentialAction\":[{\"@type\":\"ReadAction\",\"target\":[\"https:\\\/\\\/beautesantelorette.ca\\\/fr\\\/produit\\\/eponge-exfoliante\\\/\"]}]},{\"@type\":\"ImageObject\",\"inLanguage\":\"fr-FR\",\"@id\":\"https:\\\/\\\/beautesantelorette.ca\\\/fr\\\/produit\\\/eponge-exfoliante\\\/#primaryimage\",\"url\":\"https:\\\/\\\/beautesantelorette.ca\\\/wp-content\\\/uploads\\\/2015\\\/10\\\/Exfoliating-Sponge.jpg\",\"contentUrl\":\"https:\\\/\\\/beautesantelorette.ca\\\/wp-content\\\/uploads\\\/2015\\\/10\\\/Exfoliating-Sponge.jpg\",\"width\":1200,\"height\":1200,\"caption\":\"\u00c9ponge Exfoliante\"},{\"@type\":\"BreadcrumbList\",\"@id\":\"https:\\\/\\\/beautesantelorette.ca\\\/fr\\\/produit\\\/eponge-exfoliante\\\/#breadcrumb\",\"itemListElement\":[{\"@type\":\"ListItem\",\"position\":1,\"name\":\"Home\",\"item\":\"https:\\\/\\\/beautesantelorette.ca\\\/fr\\\/\"},{\"@type\":\"ListItem\",\"position\":2,\"name\":\"Boutique\",\"item\":\"https:\\\/\\\/beautesantelorette.ca\\\/fr\\\/boutique\\\/\"},{\"@type\":\"ListItem\",\"position\":3,\"name\":\"\u00c9ponge Exfoliante\"}]},{\"@type\":\"WebSite\",\"@id\":\"https:\\\/\\\/beautesantelorette.ca\\\/fr\\\/#website\",\"url\":\"https:\\\/\\\/beautesantelorette.ca\\\/fr\\\/\",\"name\":\"Beaut\u00e9 Sant\u00e9 Lorette\",\"description\":\"Confiez-Nous Le Soin de VOTRE PEAU\",\"publisher\":{\"@id\":\"https:\\\/\\\/beautesantelorette.ca\\\/fr\\\/#organization\"},\"potentialAction\":[{\"@type\":\"SearchAction\",\"target\":{\"@type\":\"EntryPoint\",\"urlTemplate\":\"https:\\\/\\\/beautesantelorette.ca\\\/fr\\\/?s={search_term_string}\"},\"query-input\":{\"@type\":\"PropertyValueSpecification\",\"valueRequired\":true,\"valueName\":\"search_term_string\"}}],\"inLanguage\":\"fr-FR\"},{\"@type\":\"Organization\",\"@id\":\"https:\\\/\\\/beautesantelorette.ca\\\/fr\\\/#organization\",\"name\":\"Beaut\u00e9 Sant\u00e9 Lorette\",\"url\":\"https:\\\/\\\/beautesantelorette.ca\\\/fr\\\/\",\"logo\":{\"@type\":\"ImageObject\",\"inLanguage\":\"fr-FR\",\"@id\":\"https:\\\/\\\/beautesantelorette.ca\\\/fr\\\/#\\\/schema\\\/logo\\\/image\\\/\",\"url\":\"https:\\\/\\\/beautesantelorette.ca\\\/wp-content\\\/uploads\\\/2021\\\/10\\\/bsl_surfgirl_logo_pos-1.svg\",\"contentUrl\":\"https:\\\/\\\/beautesantelorette.ca\\\/wp-content\\\/uploads\\\/2021\\\/10\\\/bsl_surfgirl_logo_pos-1.svg\",\"width\":1533,\"height\":1200,\"caption\":\"Beaut\u00e9 Sant\u00e9 Lorette\"},\"image\":{\"@id\":\"https:\\\/\\\/beautesantelorette.ca\\\/fr\\\/#\\\/schema\\\/logo\\\/image\\\/\"},\"sameAs\":[\"https:\\\/\\\/www.facebook.com\\\/BeauteSanteLorette\\\/\",\"https:\\\/\\\/www.instagram.com\\\/beautesantelorette\\\/\"]}]}<\/script>\n<!-- \/ Yoast SEO plugin. -->","yoast_head_json":{"title":"\u00c9ponge Exfoliante - Beaut\u00e9 Sant\u00e9 Lorette","description":"\u00c9ponge Nelly De Vuyst v\u00e9g\u00e9tale naturelle compos\u00e9e de racines de V\u00e9tiver infus\u00e9es aux huiles essentielles de Lavande et de Patchouli. La peau est douce, fra\u00eeche et mieux oxyg\u00e9n\u00e9e. Un outil id\u00e9al \u00e0 utiliser pour aider au nettoyage du visage, du cou et du d\u00e9collet\u00e9 et offrir un gommage superficiel de l\u2019\u00e9piderme.","robots":{"index":"index","follow":"follow","max-snippet":"max-snippet:-1","max-image-preview":"max-image-preview:large","max-video-preview":"max-video-preview:-1"},"canonical":"https:\/\/beautesantelorette.ca\/fr\/produit\/eponge-exfoliante\/","og_locale":"fr_FR","og_type":"article","og_title":"\u00c9ponge Exfoliante - Beaut\u00e9 Sant\u00e9 Lorette","og_description":"\u00c9ponge Nelly De Vuyst v\u00e9g\u00e9tale naturelle compos\u00e9e de racines de V\u00e9tiver infus\u00e9es aux huiles essentielles de Lavande et de Patchouli. La peau est douce, fra\u00eeche et mieux oxyg\u00e9n\u00e9e. Un outil id\u00e9al \u00e0 utiliser pour aider au nettoyage du visage, du cou et du d\u00e9collet\u00e9 et offrir un gommage superficiel de l\u2019\u00e9piderme.","og_url":"https:\/\/beautesantelorette.ca\/fr\/produit\/eponge-exfoliante\/","og_site_name":"Beaut\u00e9 Sant\u00e9 Lorette","article_publisher":"https:\/\/www.facebook.com\/BeauteSanteLorette\/","article_modified_time":"2022-04-26T13:31:24+00:00","og_image":[{"width":1200,"height":1200,"url":"https:\/\/beautesantelorette.ca\/wp-content\/uploads\/2015\/10\/Exfoliating-Sponge.jpg","type":"image\/jpeg"}],"twitter_card":"summary_large_image","schema":{"@context":"https:\/\/schema.org","@graph":[{"@type":"WebPage","@id":"https:\/\/beautesantelorette.ca\/fr\/produit\/eponge-exfoliante\/","url":"https:\/\/beautesantelorette.ca\/fr\/produit\/eponge-exfoliante\/","name":"\u00c9ponge Exfoliante - Beaut\u00e9 Sant\u00e9 Lorette","isPartOf":{"@id":"https:\/\/beautesantelorette.ca\/fr\/#website"},"primaryImageOfPage":{"@id":"https:\/\/beautesantelorette.ca\/fr\/produit\/eponge-exfoliante\/#primaryimage"},"image":{"@id":"https:\/\/beautesantelorette.ca\/fr\/produit\/eponge-exfoliante\/#primaryimage"},"thumbnailUrl":"https:\/\/beautesantelorette.ca\/wp-content\/uploads\/2015\/10\/Exfoliating-Sponge.jpg","datePublished":"2015-10-05T12:18:00+00:00","dateModified":"2022-04-26T13:31:24+00:00","description":"\u00c9ponge Nelly De Vuyst v\u00e9g\u00e9tale naturelle compos\u00e9e de racines de V\u00e9tiver infus\u00e9es aux huiles essentielles de Lavande et de Patchouli. La peau est douce, fra\u00eeche et mieux oxyg\u00e9n\u00e9e. Un outil id\u00e9al \u00e0 utiliser pour aider au nettoyage du visage, du cou et du d\u00e9collet\u00e9 et offrir un gommage superficiel de l\u2019\u00e9piderme.","breadcrumb":{"@id":"https:\/\/beautesantelorette.ca\/fr\/produit\/eponge-exfoliante\/#breadcrumb"},"inLanguage":"fr-FR","potentialAction":[{"@type":"ReadAction","target":["https:\/\/beautesantelorette.ca\/fr\/produit\/eponge-exfoliante\/"]}]},{"@type":"ImageObject","inLanguage":"fr-FR","@id":"https:\/\/beautesantelorette.ca\/fr\/produit\/eponge-exfoliante\/#primaryimage","url":"https:\/\/beautesantelorette.ca\/wp-content\/uploads\/2015\/10\/Exfoliating-Sponge.jpg","contentUrl":"https:\/\/beautesantelorette.ca\/wp-content\/uploads\/2015\/10\/Exfoliating-Sponge.jpg","width":1200,"height":1200,"caption":"\u00c9ponge Exfoliante"},{"@type":"BreadcrumbList","@id":"https:\/\/beautesantelorette.ca\/fr\/produit\/eponge-exfoliante\/#breadcrumb","itemListElement":[{"@type":"ListItem","position":1,"name":"Home","item":"https:\/\/beautesantelorette.ca\/fr\/"},{"@type":"ListItem","position":2,"name":"Boutique","item":"https:\/\/beautesantelorette.ca\/fr\/boutique\/"},{"@type":"ListItem","position":3,"name":"\u00c9ponge Exfoliante"}]},{"@type":"WebSite","@id":"https:\/\/beautesantelorette.ca\/fr\/#website","url":"https:\/\/beautesantelorette.ca\/fr\/","name":"Beaut\u00e9 Sant\u00e9 Lorette","description":"Confiez-Nous Le Soin de VOTRE PEAU","publisher":{"@id":"https:\/\/beautesantelorette.ca\/fr\/#organization"},"potentialAction":[{"@type":"SearchAction","target":{"@type":"EntryPoint","urlTemplate":"https:\/\/beautesantelorette.ca\/fr\/?s={search_term_string}"},"query-input":{"@type":"PropertyValueSpecification","valueRequired":true,"valueName":"search_term_string"}}],"inLanguage":"fr-FR"},{"@type":"Organization","@id":"https:\/\/beautesantelorette.ca\/fr\/#organization","name":"Beaut\u00e9 Sant\u00e9 Lorette","url":"https:\/\/beautesantelorette.ca\/fr\/","logo":{"@type":"ImageObject","inLanguage":"fr-FR","@id":"https:\/\/beautesantelorette.ca\/fr\/#\/schema\/logo\/image\/","url":"https:\/\/beautesantelorette.ca\/wp-content\/uploads\/2021\/10\/bsl_surfgirl_logo_pos-1.svg","contentUrl":"https:\/\/beautesantelorette.ca\/wp-content\/uploads\/2021\/10\/bsl_surfgirl_logo_pos-1.svg","width":1533,"height":1200,"caption":"Beaut\u00e9 Sant\u00e9 Lorette"},"image":{"@id":"https:\/\/beautesantelorette.ca\/fr\/#\/schema\/logo\/image\/"},"sameAs":["https:\/\/www.facebook.com\/BeauteSanteLorette\/","https:\/\/www.instagram.com\/beautesantelorette\/"]}]}},"jetpack_sharing_enabled":true,"_links":{"self":[{"href":"https:\/\/beautesantelorette.ca\/fr\/wp-json\/wp\/v2\/product\/22099","targetHints":{"allow":["GET"]}}],"collection":[{"href":"https:\/\/beautesantelorette.ca\/fr\/wp-json\/wp\/v2\/product"}],"about":[{"href":"https:\/\/beautesantelorette.ca\/fr\/wp-json\/wp\/v2\/types\/product"}],"replies":[{"embeddable":true,"href":"https:\/\/beautesantelorette.ca\/fr\/wp-json\/wp\/v2\/comments?post=22099"}],"wp:featuredmedia":[{"embeddable":true,"href":"https:\/\/beautesantelorette.ca\/fr\/wp-json\/wp\/v2\/media\/21591"}],"wp:attachment":[{"href":"https:\/\/beautesantelorette.ca\/fr\/wp-json\/wp\/v2\/media?parent=22099"}],"wp:term":[{"taxonomy":"product_brand","embeddable":true,"href":"https:\/\/beautesantelorette.ca\/fr\/wp-json\/wp\/v2\/product_brand?post=22099"},{"taxonomy":"product_cat","embeddable":true,"href":"https:\/\/beautesantelorette.ca\/fr\/wp-json\/wp\/v2\/product_cat?post=22099"},{"taxonomy":"product_tag","embeddable":true,"href":"https:\/\/beautesantelorette.ca\/fr\/wp-json\/wp\/v2\/product_tag?post=22099"}],"curies":[{"name":"wp","href":"https:\/\/api.w.org\/{rel}","templated":true}]}}