{"id":22114,"date":"2021-09-29T23:57:55","date_gmt":"2021-09-29T23:57:55","guid":{"rendered":"https:\/\/beautelorette.wpengine.com\/product\/vitalift-c-ha-serum-30ml\/"},"modified":"2021-11-24T17:49:32","modified_gmt":"2021-11-24T17:49:32","slug":"serum-vitalift-c-ha-30ml","status":"publish","type":"product","link":"https:\/\/beautesantelorette.ca\/fr\/produit\/serum-vitalift-c-ha-30ml\/","title":{"rendered":"S\u00e9rum Vitalift-C HA (30ml)"},"content":{"rendered":"","protected":false},"excerpt":{"rendered":"<p>Le S\u00e9rum VitaLift-C HA Nelly De Vuyst est sp\u00e9cifiquement formul\u00e9 pour r\u00e9duire l\u2019apparence des taches brunes, du teint terne et des signes visibles du vieillissement (rides, ridules etc.). Con\u00e7u \u00e0 partir de liposomes biphas\u00e9s encapsulant un complexe \u00e9claircissant r\u00e9v\u00e9lateur d\u2019\u00e9clat de vitamine C et d\u2019acide hyaluronique, ce s\u00e9rum est id\u00e9al pour les personnes souhaitant une peau revitalis\u00e9e et un teint plus uniforme. Parfait \u00e0 incorporer dans un programme de soin anti-\u00e2ge.<\/p>\n","protected":false},"featured_media":21670,"comment_status":"open","ping_status":"closed","template":"","meta":[],"product_brand":[],"product_cat":[237,232,258],"product_tag":[],"class_list":{"0":"post-22114","1":"product","2":"type-product","3":"status-publish","4":"has-post-thumbnail","6":"product_cat-bioscience-fr","7":"product_cat-nelly-de-vuyst-fr","8":"product_cat-serums-huiles-extraits","10":"first","11":"instock","12":"featured","13":"taxable","14":"shipping-taxable","15":"purchasable","16":"product-type-simple"},"yoast_head":"<!-- This site is optimized with the Yoast SEO plugin v27.3 - https:\/\/yoast.com\/product\/yoast-seo-wordpress\/ -->\n<title>S\u00e9rum Vitalift-C HA (30ml) - Beaut\u00e9 Sant\u00e9 Lorette<\/title>\n<meta name=\"description\" content=\"Le S\u00e9rum VitaLift-C HA Nelly De Vuyst est sp\u00e9cifiquement formul\u00e9 pour r\u00e9duire l\u2019apparence des taches brunes, du teint terne et des signes visibles du vieillissement (rides, ridules etc.). Con\u00e7u \u00e0 partir de liposomes biphas\u00e9s encapsulant un complexe \u00e9claircissant r\u00e9v\u00e9lateur d\u2019\u00e9clat de vitamine C et d\u2019acide hyaluronique, ce s\u00e9rum est id\u00e9al pour les personnes souhaitant une peau revitalis\u00e9e et un teint plus uniforme. Parfait \u00e0 incorporer dans un programme de soin anti-\u00e2ge.\" \/>\n<meta name=\"robots\" content=\"index, follow, max-snippet:-1, max-image-preview:large, max-video-preview:-1\" \/>\n<link rel=\"canonical\" href=\"https:\/\/beautesantelorette.ca\/fr\/produit\/serum-vitalift-c-ha-30ml\/\" \/>\n<meta property=\"og:locale\" content=\"fr_FR\" \/>\n<meta property=\"og:type\" content=\"article\" \/>\n<meta property=\"og:title\" content=\"S\u00e9rum Vitalift-C HA (30ml) - Beaut\u00e9 Sant\u00e9 Lorette\" \/>\n<meta property=\"og:description\" content=\"Le S\u00e9rum VitaLift-C HA Nelly De Vuyst est sp\u00e9cifiquement formul\u00e9 pour r\u00e9duire l\u2019apparence des taches brunes, du teint terne et des signes visibles du vieillissement (rides, ridules etc.). Con\u00e7u \u00e0 partir de liposomes biphas\u00e9s encapsulant un complexe \u00e9claircissant r\u00e9v\u00e9lateur d\u2019\u00e9clat de vitamine C et d\u2019acide hyaluronique, ce s\u00e9rum est id\u00e9al pour les personnes souhaitant une peau revitalis\u00e9e et un teint plus uniforme. Parfait \u00e0 incorporer dans un programme de soin anti-\u00e2ge.\" \/>\n<meta property=\"og:url\" content=\"https:\/\/beautesantelorette.ca\/fr\/produit\/serum-vitalift-c-ha-30ml\/\" \/>\n<meta property=\"og:site_name\" content=\"Beaut\u00e9 Sant\u00e9 Lorette\" \/>\n<meta property=\"article:publisher\" content=\"https:\/\/www.facebook.com\/BeauteSanteLorette\/\" \/>\n<meta property=\"article:modified_time\" content=\"2021-11-24T17:49:32+00:00\" \/>\n<meta property=\"og:image\" content=\"https:\/\/beautesantelorette.ca\/wp-content\/uploads\/2021\/09\/VitaLift-C-HA-Serum-30ML.jpg\" \/>\n\t<meta property=\"og:image:width\" content=\"1200\" \/>\n\t<meta property=\"og:image:height\" content=\"1200\" \/>\n\t<meta property=\"og:image:type\" content=\"image\/jpeg\" \/>\n<meta name=\"twitter:card\" content=\"summary_large_image\" \/>\n<script type=\"application\/ld+json\" class=\"yoast-schema-graph\">{\"@context\":\"https:\\\/\\\/schema.org\",\"@graph\":[{\"@type\":\"WebPage\",\"@id\":\"https:\\\/\\\/beautesantelorette.ca\\\/fr\\\/produit\\\/serum-vitalift-c-ha-30ml\\\/\",\"url\":\"https:\\\/\\\/beautesantelorette.ca\\\/fr\\\/produit\\\/serum-vitalift-c-ha-30ml\\\/\",\"name\":\"S\u00e9rum Vitalift-C HA (30ml) - Beaut\u00e9 Sant\u00e9 Lorette\",\"isPartOf\":{\"@id\":\"https:\\\/\\\/beautesantelorette.ca\\\/fr\\\/#website\"},\"primaryImageOfPage\":{\"@id\":\"https:\\\/\\\/beautesantelorette.ca\\\/fr\\\/produit\\\/serum-vitalift-c-ha-30ml\\\/#primaryimage\"},\"image\":{\"@id\":\"https:\\\/\\\/beautesantelorette.ca\\\/fr\\\/produit\\\/serum-vitalift-c-ha-30ml\\\/#primaryimage\"},\"thumbnailUrl\":\"https:\\\/\\\/beautesantelorette.ca\\\/wp-content\\\/uploads\\\/2021\\\/09\\\/VitaLift-C-HA-Serum-30ML.jpg\",\"datePublished\":\"2021-09-29T23:57:55+00:00\",\"dateModified\":\"2021-11-24T17:49:32+00:00\",\"description\":\"Le S\u00e9rum VitaLift-C HA Nelly De Vuyst est sp\u00e9cifiquement formul\u00e9 pour r\u00e9duire l\u2019apparence des taches brunes, du teint terne et des signes visibles du vieillissement (rides, ridules etc.). Con\u00e7u \u00e0 partir de liposomes biphas\u00e9s encapsulant un complexe \u00e9claircissant r\u00e9v\u00e9lateur d\u2019\u00e9clat de vitamine C et d\u2019acide hyaluronique, ce s\u00e9rum est id\u00e9al pour les personnes souhaitant une peau revitalis\u00e9e et un teint plus uniforme. Parfait \u00e0 incorporer dans un programme de soin anti-\u00e2ge.\",\"breadcrumb\":{\"@id\":\"https:\\\/\\\/beautesantelorette.ca\\\/fr\\\/produit\\\/serum-vitalift-c-ha-30ml\\\/#breadcrumb\"},\"inLanguage\":\"fr-FR\",\"potentialAction\":[{\"@type\":\"ReadAction\",\"target\":[\"https:\\\/\\\/beautesantelorette.ca\\\/fr\\\/produit\\\/serum-vitalift-c-ha-30ml\\\/\"]}]},{\"@type\":\"ImageObject\",\"inLanguage\":\"fr-FR\",\"@id\":\"https:\\\/\\\/beautesantelorette.ca\\\/fr\\\/produit\\\/serum-vitalift-c-ha-30ml\\\/#primaryimage\",\"url\":\"https:\\\/\\\/beautesantelorette.ca\\\/wp-content\\\/uploads\\\/2021\\\/09\\\/VitaLift-C-HA-Serum-30ML.jpg\",\"contentUrl\":\"https:\\\/\\\/beautesantelorette.ca\\\/wp-content\\\/uploads\\\/2021\\\/09\\\/VitaLift-C-HA-Serum-30ML.jpg\",\"width\":1200,\"height\":1200,\"caption\":\"S\u00e9rum Vitalift-C HA (30ml)\"},{\"@type\":\"BreadcrumbList\",\"@id\":\"https:\\\/\\\/beautesantelorette.ca\\\/fr\\\/produit\\\/serum-vitalift-c-ha-30ml\\\/#breadcrumb\",\"itemListElement\":[{\"@type\":\"ListItem\",\"position\":1,\"name\":\"Home\",\"item\":\"https:\\\/\\\/beautesantelorette.ca\\\/fr\\\/\"},{\"@type\":\"ListItem\",\"position\":2,\"name\":\"Boutique\",\"item\":\"https:\\\/\\\/beautesantelorette.ca\\\/fr\\\/boutique\\\/\"},{\"@type\":\"ListItem\",\"position\":3,\"name\":\"S\u00e9rum Vitalift-C HA (30ml)\"}]},{\"@type\":\"WebSite\",\"@id\":\"https:\\\/\\\/beautesantelorette.ca\\\/fr\\\/#website\",\"url\":\"https:\\\/\\\/beautesantelorette.ca\\\/fr\\\/\",\"name\":\"Beaut\u00e9 Sant\u00e9 Lorette\",\"description\":\"Confiez-Nous Le Soin de VOTRE PEAU\",\"publisher\":{\"@id\":\"https:\\\/\\\/beautesantelorette.ca\\\/fr\\\/#organization\"},\"potentialAction\":[{\"@type\":\"SearchAction\",\"target\":{\"@type\":\"EntryPoint\",\"urlTemplate\":\"https:\\\/\\\/beautesantelorette.ca\\\/fr\\\/?s={search_term_string}\"},\"query-input\":{\"@type\":\"PropertyValueSpecification\",\"valueRequired\":true,\"valueName\":\"search_term_string\"}}],\"inLanguage\":\"fr-FR\"},{\"@type\":\"Organization\",\"@id\":\"https:\\\/\\\/beautesantelorette.ca\\\/fr\\\/#organization\",\"name\":\"Beaut\u00e9 Sant\u00e9 Lorette\",\"url\":\"https:\\\/\\\/beautesantelorette.ca\\\/fr\\\/\",\"logo\":{\"@type\":\"ImageObject\",\"inLanguage\":\"fr-FR\",\"@id\":\"https:\\\/\\\/beautesantelorette.ca\\\/fr\\\/#\\\/schema\\\/logo\\\/image\\\/\",\"url\":\"https:\\\/\\\/beautesantelorette.ca\\\/wp-content\\\/uploads\\\/2021\\\/10\\\/bsl_surfgirl_logo_pos-1.svg\",\"contentUrl\":\"https:\\\/\\\/beautesantelorette.ca\\\/wp-content\\\/uploads\\\/2021\\\/10\\\/bsl_surfgirl_logo_pos-1.svg\",\"width\":1533,\"height\":1200,\"caption\":\"Beaut\u00e9 Sant\u00e9 Lorette\"},\"image\":{\"@id\":\"https:\\\/\\\/beautesantelorette.ca\\\/fr\\\/#\\\/schema\\\/logo\\\/image\\\/\"},\"sameAs\":[\"https:\\\/\\\/www.facebook.com\\\/BeauteSanteLorette\\\/\",\"https:\\\/\\\/www.instagram.com\\\/beautesantelorette\\\/\"]}]}<\/script>\n<!-- \/ Yoast SEO plugin. -->","yoast_head_json":{"title":"S\u00e9rum Vitalift-C HA (30ml) - Beaut\u00e9 Sant\u00e9 Lorette","description":"Le S\u00e9rum VitaLift-C HA Nelly De Vuyst est sp\u00e9cifiquement formul\u00e9 pour r\u00e9duire l\u2019apparence des taches brunes, du teint terne et des signes visibles du vieillissement (rides, ridules etc.). Con\u00e7u \u00e0 partir de liposomes biphas\u00e9s encapsulant un complexe \u00e9claircissant r\u00e9v\u00e9lateur d\u2019\u00e9clat de vitamine C et d\u2019acide hyaluronique, ce s\u00e9rum est id\u00e9al pour les personnes souhaitant une peau revitalis\u00e9e et un teint plus uniforme. Parfait \u00e0 incorporer dans un programme de soin anti-\u00e2ge.","robots":{"index":"index","follow":"follow","max-snippet":"max-snippet:-1","max-image-preview":"max-image-preview:large","max-video-preview":"max-video-preview:-1"},"canonical":"https:\/\/beautesantelorette.ca\/fr\/produit\/serum-vitalift-c-ha-30ml\/","og_locale":"fr_FR","og_type":"article","og_title":"S\u00e9rum Vitalift-C HA (30ml) - Beaut\u00e9 Sant\u00e9 Lorette","og_description":"Le S\u00e9rum VitaLift-C HA Nelly De Vuyst est sp\u00e9cifiquement formul\u00e9 pour r\u00e9duire l\u2019apparence des taches brunes, du teint terne et des signes visibles du vieillissement (rides, ridules etc.). Con\u00e7u \u00e0 partir de liposomes biphas\u00e9s encapsulant un complexe \u00e9claircissant r\u00e9v\u00e9lateur d\u2019\u00e9clat de vitamine C et d\u2019acide hyaluronique, ce s\u00e9rum est id\u00e9al pour les personnes souhaitant une peau revitalis\u00e9e et un teint plus uniforme. Parfait \u00e0 incorporer dans un programme de soin anti-\u00e2ge.","og_url":"https:\/\/beautesantelorette.ca\/fr\/produit\/serum-vitalift-c-ha-30ml\/","og_site_name":"Beaut\u00e9 Sant\u00e9 Lorette","article_publisher":"https:\/\/www.facebook.com\/BeauteSanteLorette\/","article_modified_time":"2021-11-24T17:49:32+00:00","og_image":[{"width":1200,"height":1200,"url":"https:\/\/beautesantelorette.ca\/wp-content\/uploads\/2021\/09\/VitaLift-C-HA-Serum-30ML.jpg","type":"image\/jpeg"}],"twitter_card":"summary_large_image","schema":{"@context":"https:\/\/schema.org","@graph":[{"@type":"WebPage","@id":"https:\/\/beautesantelorette.ca\/fr\/produit\/serum-vitalift-c-ha-30ml\/","url":"https:\/\/beautesantelorette.ca\/fr\/produit\/serum-vitalift-c-ha-30ml\/","name":"S\u00e9rum Vitalift-C HA (30ml) - Beaut\u00e9 Sant\u00e9 Lorette","isPartOf":{"@id":"https:\/\/beautesantelorette.ca\/fr\/#website"},"primaryImageOfPage":{"@id":"https:\/\/beautesantelorette.ca\/fr\/produit\/serum-vitalift-c-ha-30ml\/#primaryimage"},"image":{"@id":"https:\/\/beautesantelorette.ca\/fr\/produit\/serum-vitalift-c-ha-30ml\/#primaryimage"},"thumbnailUrl":"https:\/\/beautesantelorette.ca\/wp-content\/uploads\/2021\/09\/VitaLift-C-HA-Serum-30ML.jpg","datePublished":"2021-09-29T23:57:55+00:00","dateModified":"2021-11-24T17:49:32+00:00","description":"Le S\u00e9rum VitaLift-C HA Nelly De Vuyst est sp\u00e9cifiquement formul\u00e9 pour r\u00e9duire l\u2019apparence des taches brunes, du teint terne et des signes visibles du vieillissement (rides, ridules etc.). Con\u00e7u \u00e0 partir de liposomes biphas\u00e9s encapsulant un complexe \u00e9claircissant r\u00e9v\u00e9lateur d\u2019\u00e9clat de vitamine C et d\u2019acide hyaluronique, ce s\u00e9rum est id\u00e9al pour les personnes souhaitant une peau revitalis\u00e9e et un teint plus uniforme. Parfait \u00e0 incorporer dans un programme de soin anti-\u00e2ge.","breadcrumb":{"@id":"https:\/\/beautesantelorette.ca\/fr\/produit\/serum-vitalift-c-ha-30ml\/#breadcrumb"},"inLanguage":"fr-FR","potentialAction":[{"@type":"ReadAction","target":["https:\/\/beautesantelorette.ca\/fr\/produit\/serum-vitalift-c-ha-30ml\/"]}]},{"@type":"ImageObject","inLanguage":"fr-FR","@id":"https:\/\/beautesantelorette.ca\/fr\/produit\/serum-vitalift-c-ha-30ml\/#primaryimage","url":"https:\/\/beautesantelorette.ca\/wp-content\/uploads\/2021\/09\/VitaLift-C-HA-Serum-30ML.jpg","contentUrl":"https:\/\/beautesantelorette.ca\/wp-content\/uploads\/2021\/09\/VitaLift-C-HA-Serum-30ML.jpg","width":1200,"height":1200,"caption":"S\u00e9rum Vitalift-C HA (30ml)"},{"@type":"BreadcrumbList","@id":"https:\/\/beautesantelorette.ca\/fr\/produit\/serum-vitalift-c-ha-30ml\/#breadcrumb","itemListElement":[{"@type":"ListItem","position":1,"name":"Home","item":"https:\/\/beautesantelorette.ca\/fr\/"},{"@type":"ListItem","position":2,"name":"Boutique","item":"https:\/\/beautesantelorette.ca\/fr\/boutique\/"},{"@type":"ListItem","position":3,"name":"S\u00e9rum Vitalift-C HA (30ml)"}]},{"@type":"WebSite","@id":"https:\/\/beautesantelorette.ca\/fr\/#website","url":"https:\/\/beautesantelorette.ca\/fr\/","name":"Beaut\u00e9 Sant\u00e9 Lorette","description":"Confiez-Nous Le Soin de VOTRE PEAU","publisher":{"@id":"https:\/\/beautesantelorette.ca\/fr\/#organization"},"potentialAction":[{"@type":"SearchAction","target":{"@type":"EntryPoint","urlTemplate":"https:\/\/beautesantelorette.ca\/fr\/?s={search_term_string}"},"query-input":{"@type":"PropertyValueSpecification","valueRequired":true,"valueName":"search_term_string"}}],"inLanguage":"fr-FR"},{"@type":"Organization","@id":"https:\/\/beautesantelorette.ca\/fr\/#organization","name":"Beaut\u00e9 Sant\u00e9 Lorette","url":"https:\/\/beautesantelorette.ca\/fr\/","logo":{"@type":"ImageObject","inLanguage":"fr-FR","@id":"https:\/\/beautesantelorette.ca\/fr\/#\/schema\/logo\/image\/","url":"https:\/\/beautesantelorette.ca\/wp-content\/uploads\/2021\/10\/bsl_surfgirl_logo_pos-1.svg","contentUrl":"https:\/\/beautesantelorette.ca\/wp-content\/uploads\/2021\/10\/bsl_surfgirl_logo_pos-1.svg","width":1533,"height":1200,"caption":"Beaut\u00e9 Sant\u00e9 Lorette"},"image":{"@id":"https:\/\/beautesantelorette.ca\/fr\/#\/schema\/logo\/image\/"},"sameAs":["https:\/\/www.facebook.com\/BeauteSanteLorette\/","https:\/\/www.instagram.com\/beautesantelorette\/"]}]}},"jetpack_sharing_enabled":true,"_links":{"self":[{"href":"https:\/\/beautesantelorette.ca\/fr\/wp-json\/wp\/v2\/product\/22114","targetHints":{"allow":["GET"]}}],"collection":[{"href":"https:\/\/beautesantelorette.ca\/fr\/wp-json\/wp\/v2\/product"}],"about":[{"href":"https:\/\/beautesantelorette.ca\/fr\/wp-json\/wp\/v2\/types\/product"}],"replies":[{"embeddable":true,"href":"https:\/\/beautesantelorette.ca\/fr\/wp-json\/wp\/v2\/comments?post=22114"}],"wp:featuredmedia":[{"embeddable":true,"href":"https:\/\/beautesantelorette.ca\/fr\/wp-json\/wp\/v2\/media\/21670"}],"wp:attachment":[{"href":"https:\/\/beautesantelorette.ca\/fr\/wp-json\/wp\/v2\/media?parent=22114"}],"wp:term":[{"taxonomy":"product_brand","embeddable":true,"href":"https:\/\/beautesantelorette.ca\/fr\/wp-json\/wp\/v2\/product_brand?post=22114"},{"taxonomy":"product_cat","embeddable":true,"href":"https:\/\/beautesantelorette.ca\/fr\/wp-json\/wp\/v2\/product_cat?post=22114"},{"taxonomy":"product_tag","embeddable":true,"href":"https:\/\/beautesantelorette.ca\/fr\/wp-json\/wp\/v2\/product_tag?post=22114"}],"curies":[{"name":"wp","href":"https:\/\/api.w.org\/{rel}","templated":true}]}}