{"id":22119,"date":"2021-09-29T23:38:17","date_gmt":"2021-09-29T23:38:17","guid":{"rendered":"https:\/\/beautelorette.wpengine.com\/product\/radiance-oil\/"},"modified":"2021-11-24T21:59:26","modified_gmt":"2021-11-24T21:59:26","slug":"huile-radiance","status":"publish","type":"product","link":"https:\/\/beautesantelorette.ca\/fr\/produit\/huile-radiance\/","title":{"rendered":"Huile Radiance"},"content":{"rendered":"","protected":false},"excerpt":{"rendered":"<p>Une formule unique \u00e0 base d\u2019huiles naturelles \u00e9claircissantes, antioxydantes et r\u00e9g\u00e9n\u00e9rantes, con\u00e7ue pour assurer toute la jeunesse et la vitalit\u00e9 de la peau. Id\u00e9ale pour les teints ternes et fatigu\u00e9s, l\u2019Huile Radiance Nelly De Vuyst utilise les bienfaits de la m\u00e9latonine* pour stimuler les d\u00e9fenses antioxydantes naturelles de la peau pendant la nuit et r\u00e9parer les dommages cellulaires provoqu\u00e9s par les agressions du quotidien, comme les UVs.<\/p>\n","protected":false},"featured_media":22943,"comment_status":"open","ping_status":"closed","template":"","meta":[],"product_brand":[],"product_cat":[237,232,258],"product_tag":[],"class_list":{"0":"post-22119","1":"product","2":"type-product","3":"status-publish","4":"has-post-thumbnail","6":"product_cat-bioscience-fr","7":"product_cat-nelly-de-vuyst-fr","8":"product_cat-serums-huiles-extraits","10":"first","11":"instock","12":"taxable","13":"shipping-taxable","14":"purchasable","15":"product-type-simple"},"yoast_head":"<!-- This site is optimized with the Yoast SEO plugin v27.4 - https:\/\/yoast.com\/product\/yoast-seo-wordpress\/ -->\n<title>Huile Radiance - Beaut\u00e9 Sant\u00e9 Lorette<\/title>\n<meta name=\"description\" content=\"Une formule unique \u00e0 base d\u2019huiles naturelles \u00e9claircissantes, antioxydantes et r\u00e9g\u00e9n\u00e9rantes, con\u00e7ue pour assurer toute la jeunesse et la vitalit\u00e9 de la peau. Id\u00e9ale pour les teints ternes et fatigu\u00e9s, l\u2019Huile Radiance Nelly De Vuyst utilise les bienfaits de la m\u00e9latonine* pour stimuler les d\u00e9fenses antioxydantes naturelles de la peau pendant la nuit et r\u00e9parer les dommages cellulaires provoqu\u00e9s par les agressions du quotidien, comme les UVs.\" \/>\n<meta name=\"robots\" content=\"index, follow, max-snippet:-1, max-image-preview:large, max-video-preview:-1\" \/>\n<link rel=\"canonical\" href=\"https:\/\/beautesantelorette.ca\/fr\/produit\/huile-radiance\/\" \/>\n<meta property=\"og:locale\" content=\"fr_FR\" \/>\n<meta property=\"og:type\" content=\"article\" \/>\n<meta property=\"og:title\" content=\"Huile Radiance - Beaut\u00e9 Sant\u00e9 Lorette\" \/>\n<meta property=\"og:description\" content=\"Une formule unique \u00e0 base d\u2019huiles naturelles \u00e9claircissantes, antioxydantes et r\u00e9g\u00e9n\u00e9rantes, con\u00e7ue pour assurer toute la jeunesse et la vitalit\u00e9 de la peau. Id\u00e9ale pour les teints ternes et fatigu\u00e9s, l\u2019Huile Radiance Nelly De Vuyst utilise les bienfaits de la m\u00e9latonine* pour stimuler les d\u00e9fenses antioxydantes naturelles de la peau pendant la nuit et r\u00e9parer les dommages cellulaires provoqu\u00e9s par les agressions du quotidien, comme les UVs.\" \/>\n<meta property=\"og:url\" content=\"https:\/\/beautesantelorette.ca\/fr\/produit\/huile-radiance\/\" \/>\n<meta property=\"og:site_name\" content=\"Beaut\u00e9 Sant\u00e9 Lorette\" \/>\n<meta property=\"article:publisher\" content=\"https:\/\/www.facebook.com\/BeauteSanteLorette\/\" \/>\n<meta property=\"article:modified_time\" content=\"2021-11-24T21:59:26+00:00\" \/>\n<meta property=\"og:image\" content=\"https:\/\/beautesantelorette.ca\/wp-content\/uploads\/2021\/09\/Radiance-Oil.jpg\" \/>\n\t<meta property=\"og:image:width\" content=\"1200\" \/>\n\t<meta property=\"og:image:height\" content=\"1200\" \/>\n\t<meta property=\"og:image:type\" content=\"image\/jpeg\" \/>\n<meta name=\"twitter:card\" content=\"summary_large_image\" \/>\n<script type=\"application\/ld+json\" class=\"yoast-schema-graph\">{\"@context\":\"https:\\\/\\\/schema.org\",\"@graph\":[{\"@type\":\"WebPage\",\"@id\":\"https:\\\/\\\/beautesantelorette.ca\\\/fr\\\/produit\\\/huile-radiance\\\/\",\"url\":\"https:\\\/\\\/beautesantelorette.ca\\\/fr\\\/produit\\\/huile-radiance\\\/\",\"name\":\"Huile Radiance - Beaut\u00e9 Sant\u00e9 Lorette\",\"isPartOf\":{\"@id\":\"https:\\\/\\\/beautesantelorette.ca\\\/fr\\\/#website\"},\"primaryImageOfPage\":{\"@id\":\"https:\\\/\\\/beautesantelorette.ca\\\/fr\\\/produit\\\/huile-radiance\\\/#primaryimage\"},\"image\":{\"@id\":\"https:\\\/\\\/beautesantelorette.ca\\\/fr\\\/produit\\\/huile-radiance\\\/#primaryimage\"},\"thumbnailUrl\":\"https:\\\/\\\/beautesantelorette.ca\\\/wp-content\\\/uploads\\\/2021\\\/09\\\/Radiance-Melatonin-Oil.jpg\",\"datePublished\":\"2021-09-29T23:38:17+00:00\",\"dateModified\":\"2021-11-24T21:59:26+00:00\",\"description\":\"Une formule unique \u00e0 base d\u2019huiles naturelles \u00e9claircissantes, antioxydantes et r\u00e9g\u00e9n\u00e9rantes, con\u00e7ue pour assurer toute la jeunesse et la vitalit\u00e9 de la peau. Id\u00e9ale pour les teints ternes et fatigu\u00e9s, l\u2019Huile Radiance Nelly De Vuyst utilise les bienfaits de la m\u00e9latonine* pour stimuler les d\u00e9fenses antioxydantes naturelles de la peau pendant la nuit et r\u00e9parer les dommages cellulaires provoqu\u00e9s par les agressions du quotidien, comme les UVs.\",\"breadcrumb\":{\"@id\":\"https:\\\/\\\/beautesantelorette.ca\\\/fr\\\/produit\\\/huile-radiance\\\/#breadcrumb\"},\"inLanguage\":\"fr-FR\",\"potentialAction\":[{\"@type\":\"ReadAction\",\"target\":[\"https:\\\/\\\/beautesantelorette.ca\\\/fr\\\/produit\\\/huile-radiance\\\/\"]}]},{\"@type\":\"ImageObject\",\"inLanguage\":\"fr-FR\",\"@id\":\"https:\\\/\\\/beautesantelorette.ca\\\/fr\\\/produit\\\/huile-radiance\\\/#primaryimage\",\"url\":\"https:\\\/\\\/beautesantelorette.ca\\\/wp-content\\\/uploads\\\/2021\\\/09\\\/Radiance-Melatonin-Oil.jpg\",\"contentUrl\":\"https:\\\/\\\/beautesantelorette.ca\\\/wp-content\\\/uploads\\\/2021\\\/09\\\/Radiance-Melatonin-Oil.jpg\",\"width\":1200,\"height\":1200},{\"@type\":\"BreadcrumbList\",\"@id\":\"https:\\\/\\\/beautesantelorette.ca\\\/fr\\\/produit\\\/huile-radiance\\\/#breadcrumb\",\"itemListElement\":[{\"@type\":\"ListItem\",\"position\":1,\"name\":\"Home\",\"item\":\"https:\\\/\\\/beautesantelorette.ca\\\/fr\\\/\"},{\"@type\":\"ListItem\",\"position\":2,\"name\":\"Boutique\",\"item\":\"https:\\\/\\\/beautesantelorette.ca\\\/fr\\\/boutique\\\/\"},{\"@type\":\"ListItem\",\"position\":3,\"name\":\"Huile Radiance\"}]},{\"@type\":\"WebSite\",\"@id\":\"https:\\\/\\\/beautesantelorette.ca\\\/fr\\\/#website\",\"url\":\"https:\\\/\\\/beautesantelorette.ca\\\/fr\\\/\",\"name\":\"Beaut\u00e9 Sant\u00e9 Lorette\",\"description\":\"Confiez-Nous Le Soin de VOTRE PEAU\",\"publisher\":{\"@id\":\"https:\\\/\\\/beautesantelorette.ca\\\/fr\\\/#organization\"},\"potentialAction\":[{\"@type\":\"SearchAction\",\"target\":{\"@type\":\"EntryPoint\",\"urlTemplate\":\"https:\\\/\\\/beautesantelorette.ca\\\/fr\\\/?s={search_term_string}\"},\"query-input\":{\"@type\":\"PropertyValueSpecification\",\"valueRequired\":true,\"valueName\":\"search_term_string\"}}],\"inLanguage\":\"fr-FR\"},{\"@type\":\"Organization\",\"@id\":\"https:\\\/\\\/beautesantelorette.ca\\\/fr\\\/#organization\",\"name\":\"Beaut\u00e9 Sant\u00e9 Lorette\",\"url\":\"https:\\\/\\\/beautesantelorette.ca\\\/fr\\\/\",\"logo\":{\"@type\":\"ImageObject\",\"inLanguage\":\"fr-FR\",\"@id\":\"https:\\\/\\\/beautesantelorette.ca\\\/fr\\\/#\\\/schema\\\/logo\\\/image\\\/\",\"url\":\"https:\\\/\\\/beautesantelorette.ca\\\/wp-content\\\/uploads\\\/2021\\\/10\\\/bsl_surfgirl_logo_pos-1.svg\",\"contentUrl\":\"https:\\\/\\\/beautesantelorette.ca\\\/wp-content\\\/uploads\\\/2021\\\/10\\\/bsl_surfgirl_logo_pos-1.svg\",\"width\":1533,\"height\":1200,\"caption\":\"Beaut\u00e9 Sant\u00e9 Lorette\"},\"image\":{\"@id\":\"https:\\\/\\\/beautesantelorette.ca\\\/fr\\\/#\\\/schema\\\/logo\\\/image\\\/\"},\"sameAs\":[\"https:\\\/\\\/www.facebook.com\\\/BeauteSanteLorette\\\/\",\"https:\\\/\\\/www.instagram.com\\\/beautesantelorette\\\/\"]}]}<\/script>\n<!-- \/ Yoast SEO plugin. -->","yoast_head_json":{"title":"Huile Radiance - Beaut\u00e9 Sant\u00e9 Lorette","description":"Une formule unique \u00e0 base d\u2019huiles naturelles \u00e9claircissantes, antioxydantes et r\u00e9g\u00e9n\u00e9rantes, con\u00e7ue pour assurer toute la jeunesse et la vitalit\u00e9 de la peau. Id\u00e9ale pour les teints ternes et fatigu\u00e9s, l\u2019Huile Radiance Nelly De Vuyst utilise les bienfaits de la m\u00e9latonine* pour stimuler les d\u00e9fenses antioxydantes naturelles de la peau pendant la nuit et r\u00e9parer les dommages cellulaires provoqu\u00e9s par les agressions du quotidien, comme les UVs.","robots":{"index":"index","follow":"follow","max-snippet":"max-snippet:-1","max-image-preview":"max-image-preview:large","max-video-preview":"max-video-preview:-1"},"canonical":"https:\/\/beautesantelorette.ca\/fr\/produit\/huile-radiance\/","og_locale":"fr_FR","og_type":"article","og_title":"Huile Radiance - Beaut\u00e9 Sant\u00e9 Lorette","og_description":"Une formule unique \u00e0 base d\u2019huiles naturelles \u00e9claircissantes, antioxydantes et r\u00e9g\u00e9n\u00e9rantes, con\u00e7ue pour assurer toute la jeunesse et la vitalit\u00e9 de la peau. Id\u00e9ale pour les teints ternes et fatigu\u00e9s, l\u2019Huile Radiance Nelly De Vuyst utilise les bienfaits de la m\u00e9latonine* pour stimuler les d\u00e9fenses antioxydantes naturelles de la peau pendant la nuit et r\u00e9parer les dommages cellulaires provoqu\u00e9s par les agressions du quotidien, comme les UVs.","og_url":"https:\/\/beautesantelorette.ca\/fr\/produit\/huile-radiance\/","og_site_name":"Beaut\u00e9 Sant\u00e9 Lorette","article_publisher":"https:\/\/www.facebook.com\/BeauteSanteLorette\/","article_modified_time":"2021-11-24T21:59:26+00:00","og_image":[{"width":1200,"height":1200,"url":"https:\/\/beautesantelorette.ca\/wp-content\/uploads\/2021\/09\/Radiance-Oil.jpg","type":"image\/jpeg"}],"twitter_card":"summary_large_image","schema":{"@context":"https:\/\/schema.org","@graph":[{"@type":"WebPage","@id":"https:\/\/beautesantelorette.ca\/fr\/produit\/huile-radiance\/","url":"https:\/\/beautesantelorette.ca\/fr\/produit\/huile-radiance\/","name":"Huile Radiance - Beaut\u00e9 Sant\u00e9 Lorette","isPartOf":{"@id":"https:\/\/beautesantelorette.ca\/fr\/#website"},"primaryImageOfPage":{"@id":"https:\/\/beautesantelorette.ca\/fr\/produit\/huile-radiance\/#primaryimage"},"image":{"@id":"https:\/\/beautesantelorette.ca\/fr\/produit\/huile-radiance\/#primaryimage"},"thumbnailUrl":"https:\/\/beautesantelorette.ca\/wp-content\/uploads\/2021\/09\/Radiance-Melatonin-Oil.jpg","datePublished":"2021-09-29T23:38:17+00:00","dateModified":"2021-11-24T21:59:26+00:00","description":"Une formule unique \u00e0 base d\u2019huiles naturelles \u00e9claircissantes, antioxydantes et r\u00e9g\u00e9n\u00e9rantes, con\u00e7ue pour assurer toute la jeunesse et la vitalit\u00e9 de la peau. Id\u00e9ale pour les teints ternes et fatigu\u00e9s, l\u2019Huile Radiance Nelly De Vuyst utilise les bienfaits de la m\u00e9latonine* pour stimuler les d\u00e9fenses antioxydantes naturelles de la peau pendant la nuit et r\u00e9parer les dommages cellulaires provoqu\u00e9s par les agressions du quotidien, comme les UVs.","breadcrumb":{"@id":"https:\/\/beautesantelorette.ca\/fr\/produit\/huile-radiance\/#breadcrumb"},"inLanguage":"fr-FR","potentialAction":[{"@type":"ReadAction","target":["https:\/\/beautesantelorette.ca\/fr\/produit\/huile-radiance\/"]}]},{"@type":"ImageObject","inLanguage":"fr-FR","@id":"https:\/\/beautesantelorette.ca\/fr\/produit\/huile-radiance\/#primaryimage","url":"https:\/\/beautesantelorette.ca\/wp-content\/uploads\/2021\/09\/Radiance-Melatonin-Oil.jpg","contentUrl":"https:\/\/beautesantelorette.ca\/wp-content\/uploads\/2021\/09\/Radiance-Melatonin-Oil.jpg","width":1200,"height":1200},{"@type":"BreadcrumbList","@id":"https:\/\/beautesantelorette.ca\/fr\/produit\/huile-radiance\/#breadcrumb","itemListElement":[{"@type":"ListItem","position":1,"name":"Home","item":"https:\/\/beautesantelorette.ca\/fr\/"},{"@type":"ListItem","position":2,"name":"Boutique","item":"https:\/\/beautesantelorette.ca\/fr\/boutique\/"},{"@type":"ListItem","position":3,"name":"Huile Radiance"}]},{"@type":"WebSite","@id":"https:\/\/beautesantelorette.ca\/fr\/#website","url":"https:\/\/beautesantelorette.ca\/fr\/","name":"Beaut\u00e9 Sant\u00e9 Lorette","description":"Confiez-Nous Le Soin de VOTRE PEAU","publisher":{"@id":"https:\/\/beautesantelorette.ca\/fr\/#organization"},"potentialAction":[{"@type":"SearchAction","target":{"@type":"EntryPoint","urlTemplate":"https:\/\/beautesantelorette.ca\/fr\/?s={search_term_string}"},"query-input":{"@type":"PropertyValueSpecification","valueRequired":true,"valueName":"search_term_string"}}],"inLanguage":"fr-FR"},{"@type":"Organization","@id":"https:\/\/beautesantelorette.ca\/fr\/#organization","name":"Beaut\u00e9 Sant\u00e9 Lorette","url":"https:\/\/beautesantelorette.ca\/fr\/","logo":{"@type":"ImageObject","inLanguage":"fr-FR","@id":"https:\/\/beautesantelorette.ca\/fr\/#\/schema\/logo\/image\/","url":"https:\/\/beautesantelorette.ca\/wp-content\/uploads\/2021\/10\/bsl_surfgirl_logo_pos-1.svg","contentUrl":"https:\/\/beautesantelorette.ca\/wp-content\/uploads\/2021\/10\/bsl_surfgirl_logo_pos-1.svg","width":1533,"height":1200,"caption":"Beaut\u00e9 Sant\u00e9 Lorette"},"image":{"@id":"https:\/\/beautesantelorette.ca\/fr\/#\/schema\/logo\/image\/"},"sameAs":["https:\/\/www.facebook.com\/BeauteSanteLorette\/","https:\/\/www.instagram.com\/beautesantelorette\/"]}]}},"jetpack_sharing_enabled":true,"_links":{"self":[{"href":"https:\/\/beautesantelorette.ca\/fr\/wp-json\/wp\/v2\/product\/22119","targetHints":{"allow":["GET"]}}],"collection":[{"href":"https:\/\/beautesantelorette.ca\/fr\/wp-json\/wp\/v2\/product"}],"about":[{"href":"https:\/\/beautesantelorette.ca\/fr\/wp-json\/wp\/v2\/types\/product"}],"replies":[{"embeddable":true,"href":"https:\/\/beautesantelorette.ca\/fr\/wp-json\/wp\/v2\/comments?post=22119"}],"wp:featuredmedia":[{"embeddable":true,"href":"https:\/\/beautesantelorette.ca\/fr\/wp-json\/wp\/v2\/media\/22943"}],"wp:attachment":[{"href":"https:\/\/beautesantelorette.ca\/fr\/wp-json\/wp\/v2\/media?parent=22119"}],"wp:term":[{"taxonomy":"product_brand","embeddable":true,"href":"https:\/\/beautesantelorette.ca\/fr\/wp-json\/wp\/v2\/product_brand?post=22119"},{"taxonomy":"product_cat","embeddable":true,"href":"https:\/\/beautesantelorette.ca\/fr\/wp-json\/wp\/v2\/product_cat?post=22119"},{"taxonomy":"product_tag","embeddable":true,"href":"https:\/\/beautesantelorette.ca\/fr\/wp-json\/wp\/v2\/product_tag?post=22119"}],"curies":[{"name":"wp","href":"https:\/\/api.w.org\/{rel}","templated":true}]}}