{"id":22121,"date":"2021-09-29T23:47:34","date_gmt":"2021-09-29T23:47:34","guid":{"rendered":"https:\/\/beautelorette.wpengine.com\/product\/sensitive-skin-extract\/"},"modified":"2021-11-24T22:06:46","modified_gmt":"2021-11-24T22:06:46","slug":"extrait-peaux-sensibles","status":"publish","type":"product","link":"https:\/\/beautesantelorette.ca\/fr\/produit\/extrait-peaux-sensibles\/","title":{"rendered":"Extrait Peaux Sensibles"},"content":{"rendered":"","protected":false},"excerpt":{"rendered":"<p>L\u2019Extrait Peaux Sensibles Nelly De Vuyst est sp\u00e9cialement formul\u00e9 pour la peau sensible et\/ou sujette aux rougeurs, aux irritations ou pr\u00e9sentant des sympt\u00f4mes de la rosac\u00e9e. Formul\u00e9e avec des ingr\u00e9dients botaniques d\u00e9congestionnants et apaisants, cette huile exclusive permet de r\u00e9duire l\u2019apparence des rougeurs et procure une sensation imm\u00e9diate de confort. Les irritations sont apais\u00e9es; le teint est uniformis\u00e9.<\/p>\n","protected":false},"featured_media":22923,"comment_status":"open","ping_status":"closed","template":"","meta":[],"product_brand":[],"product_cat":[237,232,258],"product_tag":[],"class_list":{"0":"post-22121","1":"product","2":"type-product","3":"status-publish","4":"has-post-thumbnail","6":"product_cat-bioscience-fr","7":"product_cat-nelly-de-vuyst-fr","8":"product_cat-serums-huiles-extraits","10":"first","11":"instock","12":"taxable","13":"shipping-taxable","14":"purchasable","15":"product-type-simple"},"yoast_head":"<!-- This site is optimized with the Yoast SEO plugin v27.5 - https:\/\/yoast.com\/product\/yoast-seo-wordpress\/ -->\n<title>Extrait Peaux Sensibles - Beaut\u00e9 Sant\u00e9 Lorette<\/title>\n<meta name=\"description\" content=\"L\u2019Extrait Peaux Sensibles Nelly De Vuyst est sp\u00e9cialement formul\u00e9 pour la peau sensible et\/ou sujette aux rougeurs, aux irritations ou pr\u00e9sentant des sympt\u00f4mes de la rosac\u00e9e. Formul\u00e9e avec des ingr\u00e9dients botaniques d\u00e9congestionnants et apaisants, cette huile exclusive permet de r\u00e9duire l\u2019apparence des rougeurs et procure une sensation imm\u00e9diate de confort. Les irritations sont apais\u00e9es; le teint est uniformis\u00e9.\" \/>\n<meta name=\"robots\" content=\"index, follow, max-snippet:-1, max-image-preview:large, max-video-preview:-1\" \/>\n<link rel=\"canonical\" href=\"https:\/\/beautesantelorette.ca\/fr\/produit\/extrait-peaux-sensibles\/\" \/>\n<meta property=\"og:locale\" content=\"fr_FR\" \/>\n<meta property=\"og:type\" content=\"article\" \/>\n<meta property=\"og:title\" content=\"Extrait Peaux Sensibles - Beaut\u00e9 Sant\u00e9 Lorette\" \/>\n<meta property=\"og:description\" content=\"L\u2019Extrait Peaux Sensibles Nelly De Vuyst est sp\u00e9cialement formul\u00e9 pour la peau sensible et\/ou sujette aux rougeurs, aux irritations ou pr\u00e9sentant des sympt\u00f4mes de la rosac\u00e9e. Formul\u00e9e avec des ingr\u00e9dients botaniques d\u00e9congestionnants et apaisants, cette huile exclusive permet de r\u00e9duire l\u2019apparence des rougeurs et procure une sensation imm\u00e9diate de confort. Les irritations sont apais\u00e9es; le teint est uniformis\u00e9.\" \/>\n<meta property=\"og:url\" content=\"https:\/\/beautesantelorette.ca\/fr\/produit\/extrait-peaux-sensibles\/\" \/>\n<meta property=\"og:site_name\" content=\"Beaut\u00e9 Sant\u00e9 Lorette\" \/>\n<meta property=\"article:publisher\" content=\"https:\/\/www.facebook.com\/BeauteSanteLorette\/\" \/>\n<meta property=\"article:modified_time\" content=\"2021-11-24T22:06:46+00:00\" \/>\n<meta property=\"og:image\" content=\"https:\/\/beautesantelorette.ca\/wp-content\/uploads\/2021\/09\/BioCalm-Sensitive-Skin-Extract-400x400-1.jpg\" \/>\n\t<meta property=\"og:image:width\" content=\"400\" \/>\n\t<meta property=\"og:image:height\" content=\"400\" \/>\n\t<meta property=\"og:image:type\" content=\"image\/jpeg\" \/>\n<meta name=\"twitter:card\" content=\"summary_large_image\" \/>\n<script type=\"application\/ld+json\" class=\"yoast-schema-graph\">{\"@context\":\"https:\\\/\\\/schema.org\",\"@graph\":[{\"@type\":\"WebPage\",\"@id\":\"https:\\\/\\\/beautesantelorette.ca\\\/fr\\\/produit\\\/extrait-peaux-sensibles\\\/\",\"url\":\"https:\\\/\\\/beautesantelorette.ca\\\/fr\\\/produit\\\/extrait-peaux-sensibles\\\/\",\"name\":\"Extrait Peaux Sensibles - Beaut\u00e9 Sant\u00e9 Lorette\",\"isPartOf\":{\"@id\":\"https:\\\/\\\/beautesantelorette.ca\\\/fr\\\/#website\"},\"primaryImageOfPage\":{\"@id\":\"https:\\\/\\\/beautesantelorette.ca\\\/fr\\\/produit\\\/extrait-peaux-sensibles\\\/#primaryimage\"},\"image\":{\"@id\":\"https:\\\/\\\/beautesantelorette.ca\\\/fr\\\/produit\\\/extrait-peaux-sensibles\\\/#primaryimage\"},\"thumbnailUrl\":\"https:\\\/\\\/beautesantelorette.ca\\\/wp-content\\\/uploads\\\/2021\\\/09\\\/BioCalm-Sensitive-Skin-Extract-400x400-1.jpg\",\"datePublished\":\"2021-09-29T23:47:34+00:00\",\"dateModified\":\"2021-11-24T22:06:46+00:00\",\"description\":\"L\u2019Extrait Peaux Sensibles Nelly De Vuyst est sp\u00e9cialement formul\u00e9 pour la peau sensible et\\\/ou sujette aux rougeurs, aux irritations ou pr\u00e9sentant des sympt\u00f4mes de la rosac\u00e9e. Formul\u00e9e avec des ingr\u00e9dients botaniques d\u00e9congestionnants et apaisants, cette huile exclusive permet de r\u00e9duire l\u2019apparence des rougeurs et procure une sensation imm\u00e9diate de confort. Les irritations sont apais\u00e9es; le teint est uniformis\u00e9.\",\"breadcrumb\":{\"@id\":\"https:\\\/\\\/beautesantelorette.ca\\\/fr\\\/produit\\\/extrait-peaux-sensibles\\\/#breadcrumb\"},\"inLanguage\":\"fr-FR\",\"potentialAction\":[{\"@type\":\"ReadAction\",\"target\":[\"https:\\\/\\\/beautesantelorette.ca\\\/fr\\\/produit\\\/extrait-peaux-sensibles\\\/\"]}]},{\"@type\":\"ImageObject\",\"inLanguage\":\"fr-FR\",\"@id\":\"https:\\\/\\\/beautesantelorette.ca\\\/fr\\\/produit\\\/extrait-peaux-sensibles\\\/#primaryimage\",\"url\":\"https:\\\/\\\/beautesantelorette.ca\\\/wp-content\\\/uploads\\\/2021\\\/09\\\/BioCalm-Sensitive-Skin-Extract-400x400-1.jpg\",\"contentUrl\":\"https:\\\/\\\/beautesantelorette.ca\\\/wp-content\\\/uploads\\\/2021\\\/09\\\/BioCalm-Sensitive-Skin-Extract-400x400-1.jpg\",\"width\":400,\"height\":400},{\"@type\":\"BreadcrumbList\",\"@id\":\"https:\\\/\\\/beautesantelorette.ca\\\/fr\\\/produit\\\/extrait-peaux-sensibles\\\/#breadcrumb\",\"itemListElement\":[{\"@type\":\"ListItem\",\"position\":1,\"name\":\"Home\",\"item\":\"https:\\\/\\\/beautesantelorette.ca\\\/fr\\\/\"},{\"@type\":\"ListItem\",\"position\":2,\"name\":\"Boutique\",\"item\":\"https:\\\/\\\/beautesantelorette.ca\\\/fr\\\/boutique\\\/\"},{\"@type\":\"ListItem\",\"position\":3,\"name\":\"Extrait Peaux Sensibles\"}]},{\"@type\":\"WebSite\",\"@id\":\"https:\\\/\\\/beautesantelorette.ca\\\/fr\\\/#website\",\"url\":\"https:\\\/\\\/beautesantelorette.ca\\\/fr\\\/\",\"name\":\"Beaut\u00e9 Sant\u00e9 Lorette\",\"description\":\"Confiez-Nous Le Soin de VOTRE PEAU\",\"publisher\":{\"@id\":\"https:\\\/\\\/beautesantelorette.ca\\\/fr\\\/#organization\"},\"potentialAction\":[{\"@type\":\"SearchAction\",\"target\":{\"@type\":\"EntryPoint\",\"urlTemplate\":\"https:\\\/\\\/beautesantelorette.ca\\\/fr\\\/?s={search_term_string}\"},\"query-input\":{\"@type\":\"PropertyValueSpecification\",\"valueRequired\":true,\"valueName\":\"search_term_string\"}}],\"inLanguage\":\"fr-FR\"},{\"@type\":\"Organization\",\"@id\":\"https:\\\/\\\/beautesantelorette.ca\\\/fr\\\/#organization\",\"name\":\"Beaut\u00e9 Sant\u00e9 Lorette\",\"url\":\"https:\\\/\\\/beautesantelorette.ca\\\/fr\\\/\",\"logo\":{\"@type\":\"ImageObject\",\"inLanguage\":\"fr-FR\",\"@id\":\"https:\\\/\\\/beautesantelorette.ca\\\/fr\\\/#\\\/schema\\\/logo\\\/image\\\/\",\"url\":\"https:\\\/\\\/beautesantelorette.ca\\\/wp-content\\\/uploads\\\/2021\\\/10\\\/bsl_surfgirl_logo_pos-1.svg\",\"contentUrl\":\"https:\\\/\\\/beautesantelorette.ca\\\/wp-content\\\/uploads\\\/2021\\\/10\\\/bsl_surfgirl_logo_pos-1.svg\",\"width\":1533,\"height\":1200,\"caption\":\"Beaut\u00e9 Sant\u00e9 Lorette\"},\"image\":{\"@id\":\"https:\\\/\\\/beautesantelorette.ca\\\/fr\\\/#\\\/schema\\\/logo\\\/image\\\/\"},\"sameAs\":[\"https:\\\/\\\/www.facebook.com\\\/BeauteSanteLorette\\\/\",\"https:\\\/\\\/www.instagram.com\\\/beautesantelorette\\\/\"]}]}<\/script>\n<!-- \/ Yoast SEO plugin. -->","yoast_head_json":{"title":"Extrait Peaux Sensibles - Beaut\u00e9 Sant\u00e9 Lorette","description":"L\u2019Extrait Peaux Sensibles Nelly De Vuyst est sp\u00e9cialement formul\u00e9 pour la peau sensible et\/ou sujette aux rougeurs, aux irritations ou pr\u00e9sentant des sympt\u00f4mes de la rosac\u00e9e. Formul\u00e9e avec des ingr\u00e9dients botaniques d\u00e9congestionnants et apaisants, cette huile exclusive permet de r\u00e9duire l\u2019apparence des rougeurs et procure une sensation imm\u00e9diate de confort. Les irritations sont apais\u00e9es; le teint est uniformis\u00e9.","robots":{"index":"index","follow":"follow","max-snippet":"max-snippet:-1","max-image-preview":"max-image-preview:large","max-video-preview":"max-video-preview:-1"},"canonical":"https:\/\/beautesantelorette.ca\/fr\/produit\/extrait-peaux-sensibles\/","og_locale":"fr_FR","og_type":"article","og_title":"Extrait Peaux Sensibles - Beaut\u00e9 Sant\u00e9 Lorette","og_description":"L\u2019Extrait Peaux Sensibles Nelly De Vuyst est sp\u00e9cialement formul\u00e9 pour la peau sensible et\/ou sujette aux rougeurs, aux irritations ou pr\u00e9sentant des sympt\u00f4mes de la rosac\u00e9e. Formul\u00e9e avec des ingr\u00e9dients botaniques d\u00e9congestionnants et apaisants, cette huile exclusive permet de r\u00e9duire l\u2019apparence des rougeurs et procure une sensation imm\u00e9diate de confort. Les irritations sont apais\u00e9es; le teint est uniformis\u00e9.","og_url":"https:\/\/beautesantelorette.ca\/fr\/produit\/extrait-peaux-sensibles\/","og_site_name":"Beaut\u00e9 Sant\u00e9 Lorette","article_publisher":"https:\/\/www.facebook.com\/BeauteSanteLorette\/","article_modified_time":"2021-11-24T22:06:46+00:00","og_image":[{"width":400,"height":400,"url":"https:\/\/beautesantelorette.ca\/wp-content\/uploads\/2021\/09\/BioCalm-Sensitive-Skin-Extract-400x400-1.jpg","type":"image\/jpeg"}],"twitter_card":"summary_large_image","schema":{"@context":"https:\/\/schema.org","@graph":[{"@type":"WebPage","@id":"https:\/\/beautesantelorette.ca\/fr\/produit\/extrait-peaux-sensibles\/","url":"https:\/\/beautesantelorette.ca\/fr\/produit\/extrait-peaux-sensibles\/","name":"Extrait Peaux Sensibles - Beaut\u00e9 Sant\u00e9 Lorette","isPartOf":{"@id":"https:\/\/beautesantelorette.ca\/fr\/#website"},"primaryImageOfPage":{"@id":"https:\/\/beautesantelorette.ca\/fr\/produit\/extrait-peaux-sensibles\/#primaryimage"},"image":{"@id":"https:\/\/beautesantelorette.ca\/fr\/produit\/extrait-peaux-sensibles\/#primaryimage"},"thumbnailUrl":"https:\/\/beautesantelorette.ca\/wp-content\/uploads\/2021\/09\/BioCalm-Sensitive-Skin-Extract-400x400-1.jpg","datePublished":"2021-09-29T23:47:34+00:00","dateModified":"2021-11-24T22:06:46+00:00","description":"L\u2019Extrait Peaux Sensibles Nelly De Vuyst est sp\u00e9cialement formul\u00e9 pour la peau sensible et\/ou sujette aux rougeurs, aux irritations ou pr\u00e9sentant des sympt\u00f4mes de la rosac\u00e9e. Formul\u00e9e avec des ingr\u00e9dients botaniques d\u00e9congestionnants et apaisants, cette huile exclusive permet de r\u00e9duire l\u2019apparence des rougeurs et procure une sensation imm\u00e9diate de confort. Les irritations sont apais\u00e9es; le teint est uniformis\u00e9.","breadcrumb":{"@id":"https:\/\/beautesantelorette.ca\/fr\/produit\/extrait-peaux-sensibles\/#breadcrumb"},"inLanguage":"fr-FR","potentialAction":[{"@type":"ReadAction","target":["https:\/\/beautesantelorette.ca\/fr\/produit\/extrait-peaux-sensibles\/"]}]},{"@type":"ImageObject","inLanguage":"fr-FR","@id":"https:\/\/beautesantelorette.ca\/fr\/produit\/extrait-peaux-sensibles\/#primaryimage","url":"https:\/\/beautesantelorette.ca\/wp-content\/uploads\/2021\/09\/BioCalm-Sensitive-Skin-Extract-400x400-1.jpg","contentUrl":"https:\/\/beautesantelorette.ca\/wp-content\/uploads\/2021\/09\/BioCalm-Sensitive-Skin-Extract-400x400-1.jpg","width":400,"height":400},{"@type":"BreadcrumbList","@id":"https:\/\/beautesantelorette.ca\/fr\/produit\/extrait-peaux-sensibles\/#breadcrumb","itemListElement":[{"@type":"ListItem","position":1,"name":"Home","item":"https:\/\/beautesantelorette.ca\/fr\/"},{"@type":"ListItem","position":2,"name":"Boutique","item":"https:\/\/beautesantelorette.ca\/fr\/boutique\/"},{"@type":"ListItem","position":3,"name":"Extrait Peaux Sensibles"}]},{"@type":"WebSite","@id":"https:\/\/beautesantelorette.ca\/fr\/#website","url":"https:\/\/beautesantelorette.ca\/fr\/","name":"Beaut\u00e9 Sant\u00e9 Lorette","description":"Confiez-Nous Le Soin de VOTRE PEAU","publisher":{"@id":"https:\/\/beautesantelorette.ca\/fr\/#organization"},"potentialAction":[{"@type":"SearchAction","target":{"@type":"EntryPoint","urlTemplate":"https:\/\/beautesantelorette.ca\/fr\/?s={search_term_string}"},"query-input":{"@type":"PropertyValueSpecification","valueRequired":true,"valueName":"search_term_string"}}],"inLanguage":"fr-FR"},{"@type":"Organization","@id":"https:\/\/beautesantelorette.ca\/fr\/#organization","name":"Beaut\u00e9 Sant\u00e9 Lorette","url":"https:\/\/beautesantelorette.ca\/fr\/","logo":{"@type":"ImageObject","inLanguage":"fr-FR","@id":"https:\/\/beautesantelorette.ca\/fr\/#\/schema\/logo\/image\/","url":"https:\/\/beautesantelorette.ca\/wp-content\/uploads\/2021\/10\/bsl_surfgirl_logo_pos-1.svg","contentUrl":"https:\/\/beautesantelorette.ca\/wp-content\/uploads\/2021\/10\/bsl_surfgirl_logo_pos-1.svg","width":1533,"height":1200,"caption":"Beaut\u00e9 Sant\u00e9 Lorette"},"image":{"@id":"https:\/\/beautesantelorette.ca\/fr\/#\/schema\/logo\/image\/"},"sameAs":["https:\/\/www.facebook.com\/BeauteSanteLorette\/","https:\/\/www.instagram.com\/beautesantelorette\/"]}]}},"jetpack_sharing_enabled":true,"_links":{"self":[{"href":"https:\/\/beautesantelorette.ca\/fr\/wp-json\/wp\/v2\/product\/22121","targetHints":{"allow":["GET"]}}],"collection":[{"href":"https:\/\/beautesantelorette.ca\/fr\/wp-json\/wp\/v2\/product"}],"about":[{"href":"https:\/\/beautesantelorette.ca\/fr\/wp-json\/wp\/v2\/types\/product"}],"replies":[{"embeddable":true,"href":"https:\/\/beautesantelorette.ca\/fr\/wp-json\/wp\/v2\/comments?post=22121"}],"wp:featuredmedia":[{"embeddable":true,"href":"https:\/\/beautesantelorette.ca\/fr\/wp-json\/wp\/v2\/media\/22923"}],"wp:attachment":[{"href":"https:\/\/beautesantelorette.ca\/fr\/wp-json\/wp\/v2\/media?parent=22121"}],"wp:term":[{"taxonomy":"product_brand","embeddable":true,"href":"https:\/\/beautesantelorette.ca\/fr\/wp-json\/wp\/v2\/product_brand?post=22121"},{"taxonomy":"product_cat","embeddable":true,"href":"https:\/\/beautesantelorette.ca\/fr\/wp-json\/wp\/v2\/product_cat?post=22121"},{"taxonomy":"product_tag","embeddable":true,"href":"https:\/\/beautesantelorette.ca\/fr\/wp-json\/wp\/v2\/product_tag?post=22121"}],"curies":[{"name":"wp","href":"https:\/\/api.w.org\/{rel}","templated":true}]}}