{"id":22234,"date":"2021-09-29T21:04:29","date_gmt":"2021-09-29T21:04:29","guid":{"rendered":"https:\/\/beautelorette.wpengine.com\/product\/lifting-complex-mask\/"},"modified":"2021-11-25T20:06:05","modified_gmt":"2021-11-25T20:06:05","slug":"masque-lifting-complex","status":"publish","type":"product","link":"https:\/\/beautesantelorette.ca\/fr\/produit\/masque-lifting-complex\/","title":{"rendered":"Masque Lifting Complex"},"content":{"rendered":"","protected":false},"excerpt":{"rendered":"<p>Le Masque Lifting Complex Nelly De Vuyst est recommand\u00e9 pour la peau manquant de fermet\u00e9. Formul\u00e9 avec un complexe d\u2019ingr\u00e9dients r\u00e9v\u00e9lateurs d\u2019\u00e9clat reconnu, raffermissants et liftants, ce masque offre d\u2019extraordinaire r\u00e9sultats imm\u00e9diats et durables. L\u2019apparence des pores est minimis\u00e9e, la peau para\u00eet plus lisse et l\u2019ovale du visage est red\u00e9fini.<\/p>\n","protected":false},"featured_media":21641,"comment_status":"open","ping_status":"closed","template":"","meta":[],"product_brand":[],"product_cat":[237,251,232],"product_tag":[],"class_list":{"0":"post-22234","1":"product","2":"type-product","3":"status-publish","4":"has-post-thumbnail","6":"product_cat-bioscience-fr","7":"product_cat-masques","8":"product_cat-nelly-de-vuyst-fr","10":"first","11":"instock","12":"taxable","13":"shipping-taxable","14":"purchasable","15":"product-type-simple"},"yoast_head":"<!-- This site is optimized with the Yoast SEO plugin v27.5 - https:\/\/yoast.com\/product\/yoast-seo-wordpress\/ -->\n<title>Masque Lifting Complex - Beaut\u00e9 Sant\u00e9 Lorette<\/title>\n<meta name=\"description\" content=\"Le Masque Lifting Complex Nelly De Vuyst est recommand\u00e9 pour la peau manquant de fermet\u00e9. Formul\u00e9 avec un complexe d\u2019ingr\u00e9dients r\u00e9v\u00e9lateurs d\u2019\u00e9clat reconnu, raffermissants et liftants, ce masque offre d\u2019extraordinaire r\u00e9sultats imm\u00e9diats et durables. L\u2019apparence des pores est minimis\u00e9e, la peau para\u00eet plus lisse et l\u2019ovale du visage est red\u00e9fini.\" \/>\n<meta name=\"robots\" content=\"index, follow, max-snippet:-1, max-image-preview:large, max-video-preview:-1\" \/>\n<link rel=\"canonical\" href=\"https:\/\/beautesantelorette.ca\/fr\/produit\/masque-lifting-complex\/\" \/>\n<meta property=\"og:locale\" content=\"fr_FR\" \/>\n<meta property=\"og:type\" content=\"article\" \/>\n<meta property=\"og:title\" content=\"Masque Lifting Complex - Beaut\u00e9 Sant\u00e9 Lorette\" \/>\n<meta property=\"og:description\" content=\"Le Masque Lifting Complex Nelly De Vuyst est recommand\u00e9 pour la peau manquant de fermet\u00e9. Formul\u00e9 avec un complexe d\u2019ingr\u00e9dients r\u00e9v\u00e9lateurs d\u2019\u00e9clat reconnu, raffermissants et liftants, ce masque offre d\u2019extraordinaire r\u00e9sultats imm\u00e9diats et durables. L\u2019apparence des pores est minimis\u00e9e, la peau para\u00eet plus lisse et l\u2019ovale du visage est red\u00e9fini.\" \/>\n<meta property=\"og:url\" content=\"https:\/\/beautesantelorette.ca\/fr\/produit\/masque-lifting-complex\/\" \/>\n<meta property=\"og:site_name\" content=\"Beaut\u00e9 Sant\u00e9 Lorette\" \/>\n<meta property=\"article:publisher\" content=\"https:\/\/www.facebook.com\/BeauteSanteLorette\/\" \/>\n<meta property=\"article:modified_time\" content=\"2021-11-25T20:06:05+00:00\" \/>\n<meta property=\"og:image\" content=\"https:\/\/beautesantelorette.ca\/wp-content\/uploads\/2021\/09\/Lifting-Complex-Mask.jpg\" \/>\n\t<meta property=\"og:image:width\" content=\"1200\" \/>\n\t<meta property=\"og:image:height\" content=\"1200\" \/>\n\t<meta property=\"og:image:type\" content=\"image\/jpeg\" \/>\n<meta name=\"twitter:card\" content=\"summary_large_image\" \/>\n<script type=\"application\/ld+json\" class=\"yoast-schema-graph\">{\"@context\":\"https:\\\/\\\/schema.org\",\"@graph\":[{\"@type\":\"WebPage\",\"@id\":\"https:\\\/\\\/beautesantelorette.ca\\\/fr\\\/produit\\\/masque-lifting-complex\\\/\",\"url\":\"https:\\\/\\\/beautesantelorette.ca\\\/fr\\\/produit\\\/masque-lifting-complex\\\/\",\"name\":\"Masque Lifting Complex - Beaut\u00e9 Sant\u00e9 Lorette\",\"isPartOf\":{\"@id\":\"https:\\\/\\\/beautesantelorette.ca\\\/fr\\\/#website\"},\"primaryImageOfPage\":{\"@id\":\"https:\\\/\\\/beautesantelorette.ca\\\/fr\\\/produit\\\/masque-lifting-complex\\\/#primaryimage\"},\"image\":{\"@id\":\"https:\\\/\\\/beautesantelorette.ca\\\/fr\\\/produit\\\/masque-lifting-complex\\\/#primaryimage\"},\"thumbnailUrl\":\"https:\\\/\\\/beautesantelorette.ca\\\/wp-content\\\/uploads\\\/2021\\\/09\\\/Lifting-Complex-Mask.jpg\",\"datePublished\":\"2021-09-29T21:04:29+00:00\",\"dateModified\":\"2021-11-25T20:06:05+00:00\",\"description\":\"Le Masque Lifting Complex Nelly De Vuyst est recommand\u00e9 pour la peau manquant de fermet\u00e9. Formul\u00e9 avec un complexe d\u2019ingr\u00e9dients r\u00e9v\u00e9lateurs d\u2019\u00e9clat reconnu, raffermissants et liftants, ce masque offre d\u2019extraordinaire r\u00e9sultats imm\u00e9diats et durables. L\u2019apparence des pores est minimis\u00e9e, la peau para\u00eet plus lisse et l\u2019ovale du visage est red\u00e9fini.\",\"breadcrumb\":{\"@id\":\"https:\\\/\\\/beautesantelorette.ca\\\/fr\\\/produit\\\/masque-lifting-complex\\\/#breadcrumb\"},\"inLanguage\":\"fr-FR\",\"potentialAction\":[{\"@type\":\"ReadAction\",\"target\":[\"https:\\\/\\\/beautesantelorette.ca\\\/fr\\\/produit\\\/masque-lifting-complex\\\/\"]}]},{\"@type\":\"ImageObject\",\"inLanguage\":\"fr-FR\",\"@id\":\"https:\\\/\\\/beautesantelorette.ca\\\/fr\\\/produit\\\/masque-lifting-complex\\\/#primaryimage\",\"url\":\"https:\\\/\\\/beautesantelorette.ca\\\/wp-content\\\/uploads\\\/2021\\\/09\\\/Lifting-Complex-Mask.jpg\",\"contentUrl\":\"https:\\\/\\\/beautesantelorette.ca\\\/wp-content\\\/uploads\\\/2021\\\/09\\\/Lifting-Complex-Mask.jpg\",\"width\":1200,\"height\":1200,\"caption\":\"Masque Lifting Complex\"},{\"@type\":\"BreadcrumbList\",\"@id\":\"https:\\\/\\\/beautesantelorette.ca\\\/fr\\\/produit\\\/masque-lifting-complex\\\/#breadcrumb\",\"itemListElement\":[{\"@type\":\"ListItem\",\"position\":1,\"name\":\"Home\",\"item\":\"https:\\\/\\\/beautesantelorette.ca\\\/fr\\\/\"},{\"@type\":\"ListItem\",\"position\":2,\"name\":\"Boutique\",\"item\":\"https:\\\/\\\/beautesantelorette.ca\\\/fr\\\/boutique\\\/\"},{\"@type\":\"ListItem\",\"position\":3,\"name\":\"Masque Lifting Complex\"}]},{\"@type\":\"WebSite\",\"@id\":\"https:\\\/\\\/beautesantelorette.ca\\\/fr\\\/#website\",\"url\":\"https:\\\/\\\/beautesantelorette.ca\\\/fr\\\/\",\"name\":\"Beaut\u00e9 Sant\u00e9 Lorette\",\"description\":\"Confiez-Nous Le Soin de VOTRE PEAU\",\"publisher\":{\"@id\":\"https:\\\/\\\/beautesantelorette.ca\\\/fr\\\/#organization\"},\"potentialAction\":[{\"@type\":\"SearchAction\",\"target\":{\"@type\":\"EntryPoint\",\"urlTemplate\":\"https:\\\/\\\/beautesantelorette.ca\\\/fr\\\/?s={search_term_string}\"},\"query-input\":{\"@type\":\"PropertyValueSpecification\",\"valueRequired\":true,\"valueName\":\"search_term_string\"}}],\"inLanguage\":\"fr-FR\"},{\"@type\":\"Organization\",\"@id\":\"https:\\\/\\\/beautesantelorette.ca\\\/fr\\\/#organization\",\"name\":\"Beaut\u00e9 Sant\u00e9 Lorette\",\"url\":\"https:\\\/\\\/beautesantelorette.ca\\\/fr\\\/\",\"logo\":{\"@type\":\"ImageObject\",\"inLanguage\":\"fr-FR\",\"@id\":\"https:\\\/\\\/beautesantelorette.ca\\\/fr\\\/#\\\/schema\\\/logo\\\/image\\\/\",\"url\":\"https:\\\/\\\/beautesantelorette.ca\\\/wp-content\\\/uploads\\\/2021\\\/10\\\/bsl_surfgirl_logo_pos-1.svg\",\"contentUrl\":\"https:\\\/\\\/beautesantelorette.ca\\\/wp-content\\\/uploads\\\/2021\\\/10\\\/bsl_surfgirl_logo_pos-1.svg\",\"width\":1533,\"height\":1200,\"caption\":\"Beaut\u00e9 Sant\u00e9 Lorette\"},\"image\":{\"@id\":\"https:\\\/\\\/beautesantelorette.ca\\\/fr\\\/#\\\/schema\\\/logo\\\/image\\\/\"},\"sameAs\":[\"https:\\\/\\\/www.facebook.com\\\/BeauteSanteLorette\\\/\",\"https:\\\/\\\/www.instagram.com\\\/beautesantelorette\\\/\"]}]}<\/script>\n<!-- \/ Yoast SEO plugin. -->","yoast_head_json":{"title":"Masque Lifting Complex - Beaut\u00e9 Sant\u00e9 Lorette","description":"Le Masque Lifting Complex Nelly De Vuyst est recommand\u00e9 pour la peau manquant de fermet\u00e9. Formul\u00e9 avec un complexe d\u2019ingr\u00e9dients r\u00e9v\u00e9lateurs d\u2019\u00e9clat reconnu, raffermissants et liftants, ce masque offre d\u2019extraordinaire r\u00e9sultats imm\u00e9diats et durables. L\u2019apparence des pores est minimis\u00e9e, la peau para\u00eet plus lisse et l\u2019ovale du visage est red\u00e9fini.","robots":{"index":"index","follow":"follow","max-snippet":"max-snippet:-1","max-image-preview":"max-image-preview:large","max-video-preview":"max-video-preview:-1"},"canonical":"https:\/\/beautesantelorette.ca\/fr\/produit\/masque-lifting-complex\/","og_locale":"fr_FR","og_type":"article","og_title":"Masque Lifting Complex - Beaut\u00e9 Sant\u00e9 Lorette","og_description":"Le Masque Lifting Complex Nelly De Vuyst est recommand\u00e9 pour la peau manquant de fermet\u00e9. Formul\u00e9 avec un complexe d\u2019ingr\u00e9dients r\u00e9v\u00e9lateurs d\u2019\u00e9clat reconnu, raffermissants et liftants, ce masque offre d\u2019extraordinaire r\u00e9sultats imm\u00e9diats et durables. L\u2019apparence des pores est minimis\u00e9e, la peau para\u00eet plus lisse et l\u2019ovale du visage est red\u00e9fini.","og_url":"https:\/\/beautesantelorette.ca\/fr\/produit\/masque-lifting-complex\/","og_site_name":"Beaut\u00e9 Sant\u00e9 Lorette","article_publisher":"https:\/\/www.facebook.com\/BeauteSanteLorette\/","article_modified_time":"2021-11-25T20:06:05+00:00","og_image":[{"width":1200,"height":1200,"url":"https:\/\/beautesantelorette.ca\/wp-content\/uploads\/2021\/09\/Lifting-Complex-Mask.jpg","type":"image\/jpeg"}],"twitter_card":"summary_large_image","schema":{"@context":"https:\/\/schema.org","@graph":[{"@type":"WebPage","@id":"https:\/\/beautesantelorette.ca\/fr\/produit\/masque-lifting-complex\/","url":"https:\/\/beautesantelorette.ca\/fr\/produit\/masque-lifting-complex\/","name":"Masque Lifting Complex - Beaut\u00e9 Sant\u00e9 Lorette","isPartOf":{"@id":"https:\/\/beautesantelorette.ca\/fr\/#website"},"primaryImageOfPage":{"@id":"https:\/\/beautesantelorette.ca\/fr\/produit\/masque-lifting-complex\/#primaryimage"},"image":{"@id":"https:\/\/beautesantelorette.ca\/fr\/produit\/masque-lifting-complex\/#primaryimage"},"thumbnailUrl":"https:\/\/beautesantelorette.ca\/wp-content\/uploads\/2021\/09\/Lifting-Complex-Mask.jpg","datePublished":"2021-09-29T21:04:29+00:00","dateModified":"2021-11-25T20:06:05+00:00","description":"Le Masque Lifting Complex Nelly De Vuyst est recommand\u00e9 pour la peau manquant de fermet\u00e9. Formul\u00e9 avec un complexe d\u2019ingr\u00e9dients r\u00e9v\u00e9lateurs d\u2019\u00e9clat reconnu, raffermissants et liftants, ce masque offre d\u2019extraordinaire r\u00e9sultats imm\u00e9diats et durables. L\u2019apparence des pores est minimis\u00e9e, la peau para\u00eet plus lisse et l\u2019ovale du visage est red\u00e9fini.","breadcrumb":{"@id":"https:\/\/beautesantelorette.ca\/fr\/produit\/masque-lifting-complex\/#breadcrumb"},"inLanguage":"fr-FR","potentialAction":[{"@type":"ReadAction","target":["https:\/\/beautesantelorette.ca\/fr\/produit\/masque-lifting-complex\/"]}]},{"@type":"ImageObject","inLanguage":"fr-FR","@id":"https:\/\/beautesantelorette.ca\/fr\/produit\/masque-lifting-complex\/#primaryimage","url":"https:\/\/beautesantelorette.ca\/wp-content\/uploads\/2021\/09\/Lifting-Complex-Mask.jpg","contentUrl":"https:\/\/beautesantelorette.ca\/wp-content\/uploads\/2021\/09\/Lifting-Complex-Mask.jpg","width":1200,"height":1200,"caption":"Masque Lifting Complex"},{"@type":"BreadcrumbList","@id":"https:\/\/beautesantelorette.ca\/fr\/produit\/masque-lifting-complex\/#breadcrumb","itemListElement":[{"@type":"ListItem","position":1,"name":"Home","item":"https:\/\/beautesantelorette.ca\/fr\/"},{"@type":"ListItem","position":2,"name":"Boutique","item":"https:\/\/beautesantelorette.ca\/fr\/boutique\/"},{"@type":"ListItem","position":3,"name":"Masque Lifting Complex"}]},{"@type":"WebSite","@id":"https:\/\/beautesantelorette.ca\/fr\/#website","url":"https:\/\/beautesantelorette.ca\/fr\/","name":"Beaut\u00e9 Sant\u00e9 Lorette","description":"Confiez-Nous Le Soin de VOTRE PEAU","publisher":{"@id":"https:\/\/beautesantelorette.ca\/fr\/#organization"},"potentialAction":[{"@type":"SearchAction","target":{"@type":"EntryPoint","urlTemplate":"https:\/\/beautesantelorette.ca\/fr\/?s={search_term_string}"},"query-input":{"@type":"PropertyValueSpecification","valueRequired":true,"valueName":"search_term_string"}}],"inLanguage":"fr-FR"},{"@type":"Organization","@id":"https:\/\/beautesantelorette.ca\/fr\/#organization","name":"Beaut\u00e9 Sant\u00e9 Lorette","url":"https:\/\/beautesantelorette.ca\/fr\/","logo":{"@type":"ImageObject","inLanguage":"fr-FR","@id":"https:\/\/beautesantelorette.ca\/fr\/#\/schema\/logo\/image\/","url":"https:\/\/beautesantelorette.ca\/wp-content\/uploads\/2021\/10\/bsl_surfgirl_logo_pos-1.svg","contentUrl":"https:\/\/beautesantelorette.ca\/wp-content\/uploads\/2021\/10\/bsl_surfgirl_logo_pos-1.svg","width":1533,"height":1200,"caption":"Beaut\u00e9 Sant\u00e9 Lorette"},"image":{"@id":"https:\/\/beautesantelorette.ca\/fr\/#\/schema\/logo\/image\/"},"sameAs":["https:\/\/www.facebook.com\/BeauteSanteLorette\/","https:\/\/www.instagram.com\/beautesantelorette\/"]}]}},"jetpack_sharing_enabled":true,"_links":{"self":[{"href":"https:\/\/beautesantelorette.ca\/fr\/wp-json\/wp\/v2\/product\/22234","targetHints":{"allow":["GET"]}}],"collection":[{"href":"https:\/\/beautesantelorette.ca\/fr\/wp-json\/wp\/v2\/product"}],"about":[{"href":"https:\/\/beautesantelorette.ca\/fr\/wp-json\/wp\/v2\/types\/product"}],"replies":[{"embeddable":true,"href":"https:\/\/beautesantelorette.ca\/fr\/wp-json\/wp\/v2\/comments?post=22234"}],"wp:featuredmedia":[{"embeddable":true,"href":"https:\/\/beautesantelorette.ca\/fr\/wp-json\/wp\/v2\/media\/21641"}],"wp:attachment":[{"href":"https:\/\/beautesantelorette.ca\/fr\/wp-json\/wp\/v2\/media?parent=22234"}],"wp:term":[{"taxonomy":"product_brand","embeddable":true,"href":"https:\/\/beautesantelorette.ca\/fr\/wp-json\/wp\/v2\/product_brand?post=22234"},{"taxonomy":"product_cat","embeddable":true,"href":"https:\/\/beautesantelorette.ca\/fr\/wp-json\/wp\/v2\/product_cat?post=22234"},{"taxonomy":"product_tag","embeddable":true,"href":"https:\/\/beautesantelorette.ca\/fr\/wp-json\/wp\/v2\/product_tag?post=22234"}],"curies":[{"name":"wp","href":"https:\/\/api.w.org\/{rel}","templated":true}]}}