{"id":22235,"date":"2015-10-05T23:17:06","date_gmt":"2015-10-05T23:17:06","guid":{"rendered":"https:\/\/beautelorette.wpengine.com\/product\/mask-bioacne\/"},"modified":"2021-11-25T20:08:55","modified_gmt":"2021-11-25T20:08:55","slug":"masque-bioacne","status":"publish","type":"product","link":"https:\/\/beautesantelorette.ca\/fr\/produit\/masque-bioacne\/","title":{"rendered":"Masque BioAcne"},"content":{"rendered":"","protected":false},"excerpt":{"rendered":"<p>Le Masque BioAcne Nelly De Vuyst est un soin hebdomadaire id\u00e9al pour la peau grasse \u00e0 tendance acn\u00e9ique. Contient des ingr\u00e9dients purifiants, apaisants et d\u00e9toxifiants qui am\u00e9liorent instantan\u00e9ment l\u2019aspect des pores et aident \u00e0 pr\u00e9venir l\u2019apparition des imperfections. D\u00e8s la premi\u00e8re application, le grain de peau est affin\u00e9, le teint est frais, net et matifi\u00e9. La peau est \u00e9clatante de sant\u00e9.<\/p>\n","protected":false},"featured_media":21581,"comment_status":"open","ping_status":"closed","template":"","meta":[],"product_brand":[],"product_cat":[235,251,232,256],"product_tag":[],"class_list":{"0":"post-22235","1":"product","2":"type-product","3":"status-publish","4":"has-post-thumbnail","6":"product_cat-biomedical-fr","7":"product_cat-masques","8":"product_cat-nelly-de-vuyst-fr","9":"product_cat-traitements","11":"first","12":"instock","13":"taxable","14":"shipping-taxable","15":"purchasable","16":"product-type-simple"},"yoast_head":"<!-- This site is optimized with the Yoast SEO plugin v27.4 - https:\/\/yoast.com\/product\/yoast-seo-wordpress\/ -->\n<title>Masque BioAcne - Beaut\u00e9 Sant\u00e9 Lorette<\/title>\n<meta name=\"description\" content=\"Le Masque BioAcne Nelly De Vuyst est un soin hebdomadaire id\u00e9al pour la peau grasse \u00e0 tendance acn\u00e9ique. Contient des ingr\u00e9dients purifiants, apaisants et d\u00e9toxifiants qui am\u00e9liorent instantan\u00e9ment l\u2019aspect des pores et aident \u00e0 pr\u00e9venir l\u2019apparition des imperfections. D\u00e8s la premi\u00e8re application, le grain de peau est affin\u00e9, le teint est frais, net et matifi\u00e9. La peau est \u00e9clatante de sant\u00e9.\" \/>\n<meta name=\"robots\" content=\"index, follow, max-snippet:-1, max-image-preview:large, max-video-preview:-1\" \/>\n<link rel=\"canonical\" href=\"https:\/\/beautesantelorette.ca\/fr\/produit\/masque-bioacne\/\" \/>\n<meta property=\"og:locale\" content=\"fr_FR\" \/>\n<meta property=\"og:type\" content=\"article\" \/>\n<meta property=\"og:title\" content=\"Masque BioAcne - Beaut\u00e9 Sant\u00e9 Lorette\" \/>\n<meta property=\"og:description\" content=\"Le Masque BioAcne Nelly De Vuyst est un soin hebdomadaire id\u00e9al pour la peau grasse \u00e0 tendance acn\u00e9ique. Contient des ingr\u00e9dients purifiants, apaisants et d\u00e9toxifiants qui am\u00e9liorent instantan\u00e9ment l\u2019aspect des pores et aident \u00e0 pr\u00e9venir l\u2019apparition des imperfections. D\u00e8s la premi\u00e8re application, le grain de peau est affin\u00e9, le teint est frais, net et matifi\u00e9. La peau est \u00e9clatante de sant\u00e9.\" \/>\n<meta property=\"og:url\" content=\"https:\/\/beautesantelorette.ca\/fr\/produit\/masque-bioacne\/\" \/>\n<meta property=\"og:site_name\" content=\"Beaut\u00e9 Sant\u00e9 Lorette\" \/>\n<meta property=\"article:publisher\" content=\"https:\/\/www.facebook.com\/BeauteSanteLorette\/\" \/>\n<meta property=\"article:modified_time\" content=\"2021-11-25T20:08:55+00:00\" \/>\n<meta property=\"og:image\" content=\"https:\/\/beautesantelorette.ca\/wp-content\/uploads\/2015\/10\/Mask-BioAcne.jpg\" \/>\n\t<meta property=\"og:image:width\" content=\"1200\" \/>\n\t<meta property=\"og:image:height\" content=\"1200\" \/>\n\t<meta property=\"og:image:type\" content=\"image\/jpeg\" \/>\n<meta name=\"twitter:card\" content=\"summary_large_image\" \/>\n<script type=\"application\/ld+json\" class=\"yoast-schema-graph\">{\"@context\":\"https:\\\/\\\/schema.org\",\"@graph\":[{\"@type\":\"WebPage\",\"@id\":\"https:\\\/\\\/beautesantelorette.ca\\\/fr\\\/produit\\\/masque-bioacne\\\/\",\"url\":\"https:\\\/\\\/beautesantelorette.ca\\\/fr\\\/produit\\\/masque-bioacne\\\/\",\"name\":\"Masque BioAcne - Beaut\u00e9 Sant\u00e9 Lorette\",\"isPartOf\":{\"@id\":\"https:\\\/\\\/beautesantelorette.ca\\\/fr\\\/#website\"},\"primaryImageOfPage\":{\"@id\":\"https:\\\/\\\/beautesantelorette.ca\\\/fr\\\/produit\\\/masque-bioacne\\\/#primaryimage\"},\"image\":{\"@id\":\"https:\\\/\\\/beautesantelorette.ca\\\/fr\\\/produit\\\/masque-bioacne\\\/#primaryimage\"},\"thumbnailUrl\":\"https:\\\/\\\/beautesantelorette.ca\\\/wp-content\\\/uploads\\\/2015\\\/10\\\/Mask-BioAcne.jpg\",\"datePublished\":\"2015-10-05T23:17:06+00:00\",\"dateModified\":\"2021-11-25T20:08:55+00:00\",\"description\":\"Le Masque BioAcne Nelly De Vuyst est un soin hebdomadaire id\u00e9al pour la peau grasse \u00e0 tendance acn\u00e9ique. Contient des ingr\u00e9dients purifiants, apaisants et d\u00e9toxifiants qui am\u00e9liorent instantan\u00e9ment l\u2019aspect des pores et aident \u00e0 pr\u00e9venir l\u2019apparition des imperfections. D\u00e8s la premi\u00e8re application, le grain de peau est affin\u00e9, le teint est frais, net et matifi\u00e9. La peau est \u00e9clatante de sant\u00e9.\",\"breadcrumb\":{\"@id\":\"https:\\\/\\\/beautesantelorette.ca\\\/fr\\\/produit\\\/masque-bioacne\\\/#breadcrumb\"},\"inLanguage\":\"fr-FR\",\"potentialAction\":[{\"@type\":\"ReadAction\",\"target\":[\"https:\\\/\\\/beautesantelorette.ca\\\/fr\\\/produit\\\/masque-bioacne\\\/\"]}]},{\"@type\":\"ImageObject\",\"inLanguage\":\"fr-FR\",\"@id\":\"https:\\\/\\\/beautesantelorette.ca\\\/fr\\\/produit\\\/masque-bioacne\\\/#primaryimage\",\"url\":\"https:\\\/\\\/beautesantelorette.ca\\\/wp-content\\\/uploads\\\/2015\\\/10\\\/Mask-BioAcne.jpg\",\"contentUrl\":\"https:\\\/\\\/beautesantelorette.ca\\\/wp-content\\\/uploads\\\/2015\\\/10\\\/Mask-BioAcne.jpg\",\"width\":1200,\"height\":1200,\"caption\":\"Masque BioAcne\"},{\"@type\":\"BreadcrumbList\",\"@id\":\"https:\\\/\\\/beautesantelorette.ca\\\/fr\\\/produit\\\/masque-bioacne\\\/#breadcrumb\",\"itemListElement\":[{\"@type\":\"ListItem\",\"position\":1,\"name\":\"Home\",\"item\":\"https:\\\/\\\/beautesantelorette.ca\\\/fr\\\/\"},{\"@type\":\"ListItem\",\"position\":2,\"name\":\"Boutique\",\"item\":\"https:\\\/\\\/beautesantelorette.ca\\\/fr\\\/boutique\\\/\"},{\"@type\":\"ListItem\",\"position\":3,\"name\":\"Masque BioAcne\"}]},{\"@type\":\"WebSite\",\"@id\":\"https:\\\/\\\/beautesantelorette.ca\\\/fr\\\/#website\",\"url\":\"https:\\\/\\\/beautesantelorette.ca\\\/fr\\\/\",\"name\":\"Beaut\u00e9 Sant\u00e9 Lorette\",\"description\":\"Confiez-Nous Le Soin de VOTRE PEAU\",\"publisher\":{\"@id\":\"https:\\\/\\\/beautesantelorette.ca\\\/fr\\\/#organization\"},\"potentialAction\":[{\"@type\":\"SearchAction\",\"target\":{\"@type\":\"EntryPoint\",\"urlTemplate\":\"https:\\\/\\\/beautesantelorette.ca\\\/fr\\\/?s={search_term_string}\"},\"query-input\":{\"@type\":\"PropertyValueSpecification\",\"valueRequired\":true,\"valueName\":\"search_term_string\"}}],\"inLanguage\":\"fr-FR\"},{\"@type\":\"Organization\",\"@id\":\"https:\\\/\\\/beautesantelorette.ca\\\/fr\\\/#organization\",\"name\":\"Beaut\u00e9 Sant\u00e9 Lorette\",\"url\":\"https:\\\/\\\/beautesantelorette.ca\\\/fr\\\/\",\"logo\":{\"@type\":\"ImageObject\",\"inLanguage\":\"fr-FR\",\"@id\":\"https:\\\/\\\/beautesantelorette.ca\\\/fr\\\/#\\\/schema\\\/logo\\\/image\\\/\",\"url\":\"https:\\\/\\\/beautesantelorette.ca\\\/wp-content\\\/uploads\\\/2021\\\/10\\\/bsl_surfgirl_logo_pos-1.svg\",\"contentUrl\":\"https:\\\/\\\/beautesantelorette.ca\\\/wp-content\\\/uploads\\\/2021\\\/10\\\/bsl_surfgirl_logo_pos-1.svg\",\"width\":1533,\"height\":1200,\"caption\":\"Beaut\u00e9 Sant\u00e9 Lorette\"},\"image\":{\"@id\":\"https:\\\/\\\/beautesantelorette.ca\\\/fr\\\/#\\\/schema\\\/logo\\\/image\\\/\"},\"sameAs\":[\"https:\\\/\\\/www.facebook.com\\\/BeauteSanteLorette\\\/\",\"https:\\\/\\\/www.instagram.com\\\/beautesantelorette\\\/\"]}]}<\/script>\n<!-- \/ Yoast SEO plugin. -->","yoast_head_json":{"title":"Masque BioAcne - Beaut\u00e9 Sant\u00e9 Lorette","description":"Le Masque BioAcne Nelly De Vuyst est un soin hebdomadaire id\u00e9al pour la peau grasse \u00e0 tendance acn\u00e9ique. Contient des ingr\u00e9dients purifiants, apaisants et d\u00e9toxifiants qui am\u00e9liorent instantan\u00e9ment l\u2019aspect des pores et aident \u00e0 pr\u00e9venir l\u2019apparition des imperfections. D\u00e8s la premi\u00e8re application, le grain de peau est affin\u00e9, le teint est frais, net et matifi\u00e9. La peau est \u00e9clatante de sant\u00e9.","robots":{"index":"index","follow":"follow","max-snippet":"max-snippet:-1","max-image-preview":"max-image-preview:large","max-video-preview":"max-video-preview:-1"},"canonical":"https:\/\/beautesantelorette.ca\/fr\/produit\/masque-bioacne\/","og_locale":"fr_FR","og_type":"article","og_title":"Masque BioAcne - Beaut\u00e9 Sant\u00e9 Lorette","og_description":"Le Masque BioAcne Nelly De Vuyst est un soin hebdomadaire id\u00e9al pour la peau grasse \u00e0 tendance acn\u00e9ique. Contient des ingr\u00e9dients purifiants, apaisants et d\u00e9toxifiants qui am\u00e9liorent instantan\u00e9ment l\u2019aspect des pores et aident \u00e0 pr\u00e9venir l\u2019apparition des imperfections. D\u00e8s la premi\u00e8re application, le grain de peau est affin\u00e9, le teint est frais, net et matifi\u00e9. La peau est \u00e9clatante de sant\u00e9.","og_url":"https:\/\/beautesantelorette.ca\/fr\/produit\/masque-bioacne\/","og_site_name":"Beaut\u00e9 Sant\u00e9 Lorette","article_publisher":"https:\/\/www.facebook.com\/BeauteSanteLorette\/","article_modified_time":"2021-11-25T20:08:55+00:00","og_image":[{"width":1200,"height":1200,"url":"https:\/\/beautesantelorette.ca\/wp-content\/uploads\/2015\/10\/Mask-BioAcne.jpg","type":"image\/jpeg"}],"twitter_card":"summary_large_image","schema":{"@context":"https:\/\/schema.org","@graph":[{"@type":"WebPage","@id":"https:\/\/beautesantelorette.ca\/fr\/produit\/masque-bioacne\/","url":"https:\/\/beautesantelorette.ca\/fr\/produit\/masque-bioacne\/","name":"Masque BioAcne - Beaut\u00e9 Sant\u00e9 Lorette","isPartOf":{"@id":"https:\/\/beautesantelorette.ca\/fr\/#website"},"primaryImageOfPage":{"@id":"https:\/\/beautesantelorette.ca\/fr\/produit\/masque-bioacne\/#primaryimage"},"image":{"@id":"https:\/\/beautesantelorette.ca\/fr\/produit\/masque-bioacne\/#primaryimage"},"thumbnailUrl":"https:\/\/beautesantelorette.ca\/wp-content\/uploads\/2015\/10\/Mask-BioAcne.jpg","datePublished":"2015-10-05T23:17:06+00:00","dateModified":"2021-11-25T20:08:55+00:00","description":"Le Masque BioAcne Nelly De Vuyst est un soin hebdomadaire id\u00e9al pour la peau grasse \u00e0 tendance acn\u00e9ique. Contient des ingr\u00e9dients purifiants, apaisants et d\u00e9toxifiants qui am\u00e9liorent instantan\u00e9ment l\u2019aspect des pores et aident \u00e0 pr\u00e9venir l\u2019apparition des imperfections. D\u00e8s la premi\u00e8re application, le grain de peau est affin\u00e9, le teint est frais, net et matifi\u00e9. La peau est \u00e9clatante de sant\u00e9.","breadcrumb":{"@id":"https:\/\/beautesantelorette.ca\/fr\/produit\/masque-bioacne\/#breadcrumb"},"inLanguage":"fr-FR","potentialAction":[{"@type":"ReadAction","target":["https:\/\/beautesantelorette.ca\/fr\/produit\/masque-bioacne\/"]}]},{"@type":"ImageObject","inLanguage":"fr-FR","@id":"https:\/\/beautesantelorette.ca\/fr\/produit\/masque-bioacne\/#primaryimage","url":"https:\/\/beautesantelorette.ca\/wp-content\/uploads\/2015\/10\/Mask-BioAcne.jpg","contentUrl":"https:\/\/beautesantelorette.ca\/wp-content\/uploads\/2015\/10\/Mask-BioAcne.jpg","width":1200,"height":1200,"caption":"Masque BioAcne"},{"@type":"BreadcrumbList","@id":"https:\/\/beautesantelorette.ca\/fr\/produit\/masque-bioacne\/#breadcrumb","itemListElement":[{"@type":"ListItem","position":1,"name":"Home","item":"https:\/\/beautesantelorette.ca\/fr\/"},{"@type":"ListItem","position":2,"name":"Boutique","item":"https:\/\/beautesantelorette.ca\/fr\/boutique\/"},{"@type":"ListItem","position":3,"name":"Masque BioAcne"}]},{"@type":"WebSite","@id":"https:\/\/beautesantelorette.ca\/fr\/#website","url":"https:\/\/beautesantelorette.ca\/fr\/","name":"Beaut\u00e9 Sant\u00e9 Lorette","description":"Confiez-Nous Le Soin de VOTRE PEAU","publisher":{"@id":"https:\/\/beautesantelorette.ca\/fr\/#organization"},"potentialAction":[{"@type":"SearchAction","target":{"@type":"EntryPoint","urlTemplate":"https:\/\/beautesantelorette.ca\/fr\/?s={search_term_string}"},"query-input":{"@type":"PropertyValueSpecification","valueRequired":true,"valueName":"search_term_string"}}],"inLanguage":"fr-FR"},{"@type":"Organization","@id":"https:\/\/beautesantelorette.ca\/fr\/#organization","name":"Beaut\u00e9 Sant\u00e9 Lorette","url":"https:\/\/beautesantelorette.ca\/fr\/","logo":{"@type":"ImageObject","inLanguage":"fr-FR","@id":"https:\/\/beautesantelorette.ca\/fr\/#\/schema\/logo\/image\/","url":"https:\/\/beautesantelorette.ca\/wp-content\/uploads\/2021\/10\/bsl_surfgirl_logo_pos-1.svg","contentUrl":"https:\/\/beautesantelorette.ca\/wp-content\/uploads\/2021\/10\/bsl_surfgirl_logo_pos-1.svg","width":1533,"height":1200,"caption":"Beaut\u00e9 Sant\u00e9 Lorette"},"image":{"@id":"https:\/\/beautesantelorette.ca\/fr\/#\/schema\/logo\/image\/"},"sameAs":["https:\/\/www.facebook.com\/BeauteSanteLorette\/","https:\/\/www.instagram.com\/beautesantelorette\/"]}]}},"jetpack_sharing_enabled":true,"_links":{"self":[{"href":"https:\/\/beautesantelorette.ca\/fr\/wp-json\/wp\/v2\/product\/22235","targetHints":{"allow":["GET"]}}],"collection":[{"href":"https:\/\/beautesantelorette.ca\/fr\/wp-json\/wp\/v2\/product"}],"about":[{"href":"https:\/\/beautesantelorette.ca\/fr\/wp-json\/wp\/v2\/types\/product"}],"replies":[{"embeddable":true,"href":"https:\/\/beautesantelorette.ca\/fr\/wp-json\/wp\/v2\/comments?post=22235"}],"wp:featuredmedia":[{"embeddable":true,"href":"https:\/\/beautesantelorette.ca\/fr\/wp-json\/wp\/v2\/media\/21581"}],"wp:attachment":[{"href":"https:\/\/beautesantelorette.ca\/fr\/wp-json\/wp\/v2\/media?parent=22235"}],"wp:term":[{"taxonomy":"product_brand","embeddable":true,"href":"https:\/\/beautesantelorette.ca\/fr\/wp-json\/wp\/v2\/product_brand?post=22235"},{"taxonomy":"product_cat","embeddable":true,"href":"https:\/\/beautesantelorette.ca\/fr\/wp-json\/wp\/v2\/product_cat?post=22235"},{"taxonomy":"product_tag","embeddable":true,"href":"https:\/\/beautesantelorette.ca\/fr\/wp-json\/wp\/v2\/product_tag?post=22235"}],"curies":[{"name":"wp","href":"https:\/\/api.w.org\/{rel}","templated":true}]}}