{"id":22240,"date":"2021-09-29T20:11:21","date_gmt":"2021-09-29T20:11:21","guid":{"rendered":"https:\/\/beautelorette.wpengine.com\/product\/dry-skin-cream\/"},"modified":"2023-01-25T20:43:31","modified_gmt":"2023-01-25T20:43:31","slug":"creme-peaux-seches","status":"publish","type":"product","link":"https:\/\/beautesantelorette.ca\/fr\/produit\/creme-peaux-seches\/","title":{"rendered":"Cr\u00e8me Peaux S\u00e8ches"},"content":{"rendered":"","protected":false},"excerpt":{"rendered":"<p>La Cr\u00e8me Peaux S\u00e8ches Nelly De Vuyst est recommand\u00e9e pour la peau s\u00e8che et\/ou pr\u00e9dispos\u00e9e \u00e0 l\u2019ecz\u00e9ma, au psoriasis ou sensible au froid hivernal. Cette \u00e9mulsion formul\u00e9e \u00e0 partir d\u2019ingr\u00e9dients hydratants* \u00ab biomim\u00e9tiques\u00bb, tels que les facteurs naturels d\u2019hydratation (NMF) et les acides gras essentiels, fournit une hydratation imm\u00e9diate et prolong\u00e9e jusqu\u2019\u00e0 24 heures. D\u00e8s la premi\u00e8re application, la peau para\u00eet imm\u00e9diatement plus saine et plus douce ; les rides et ridules de d\u00e9shydratation sont instantan\u00e9ment liss\u00e9es. La peau est douce avec un fini velout\u00e9. *Hydratation des couches superficielles de l\u2019\u00e9piderme.<\/p>\n","protected":false},"featured_media":21627,"comment_status":"open","ping_status":"closed","template":"","meta":[],"product_brand":[],"product_cat":[237,232,256],"product_tag":[],"class_list":{"0":"post-22240","1":"product","2":"type-product","3":"status-publish","4":"has-post-thumbnail","6":"product_cat-bioscience-fr","7":"product_cat-nelly-de-vuyst-fr","8":"product_cat-traitements","10":"first","11":"instock","12":"taxable","13":"shipping-taxable","14":"purchasable","15":"product-type-simple"},"yoast_head":"<!-- This site is optimized with the Yoast SEO plugin v27.5 - https:\/\/yoast.com\/product\/yoast-seo-wordpress\/ -->\n<title>Cr\u00e8me Peaux S\u00e8ches - Beaut\u00e9 Sant\u00e9 Lorette<\/title>\n<meta name=\"description\" content=\"La Cr\u00e8me Peaux S\u00e8ches Nelly De Vuyst est recommand\u00e9e pour la peau s\u00e8che et\/ou pr\u00e9dispos\u00e9e \u00e0 l\u2019ecz\u00e9ma, au psoriasis ou sensible au froid hivernal. Cette \u00e9mulsion formul\u00e9e \u00e0 partir d\u2019ingr\u00e9dients hydratants* \u00ab biomim\u00e9tiques\u00bb, tels que les facteurs naturels d\u2019hydratation (NMF) et les acides gras essentiels, fournit une hydratation imm\u00e9diate et prolong\u00e9e jusqu\u2019\u00e0 24 heures. D\u00e8s la premi\u00e8re application, la peau para\u00eet imm\u00e9diatement plus saine et plus douce ; les rides et ridules de d\u00e9shydratation sont instantan\u00e9ment liss\u00e9es. La peau est douce avec un fini velout\u00e9. *Hydratation des couches superficielles de l\u2019\u00e9piderme.The Nelly De Vuyst Dry Skin Cream is recommended for dry skin prone to eczema, psoriasis or winter sensitivity. This emulsion formulated with moisturizing* &quot;bio-imitating&quot; ingredients such as natural moisturizing factors (NMF) and essential fatty acids provides immediate and long-term hydration lasting up to 24 hours. From the first application, the skin looks and feels dramatically healthier and softer; fine lines and wrinkles caused by dehydration are instantly smoothed out. The skin is left soft with a velvety finish. *Hydration of the upper layers of the epidermis.\" \/>\n<meta name=\"robots\" content=\"index, follow, max-snippet:-1, max-image-preview:large, max-video-preview:-1\" \/>\n<link rel=\"canonical\" href=\"https:\/\/beautesantelorette.ca\/fr\/produit\/creme-peaux-seches\/\" \/>\n<meta property=\"og:locale\" content=\"fr_FR\" \/>\n<meta property=\"og:type\" content=\"article\" \/>\n<meta property=\"og:title\" content=\"Cr\u00e8me Peaux S\u00e8ches - Beaut\u00e9 Sant\u00e9 Lorette\" \/>\n<meta property=\"og:description\" content=\"La Cr\u00e8me Peaux S\u00e8ches Nelly De Vuyst est recommand\u00e9e pour la peau s\u00e8che et\/ou pr\u00e9dispos\u00e9e \u00e0 l\u2019ecz\u00e9ma, au psoriasis ou sensible au froid hivernal. Cette \u00e9mulsion formul\u00e9e \u00e0 partir d\u2019ingr\u00e9dients hydratants* \u00ab biomim\u00e9tiques\u00bb, tels que les facteurs naturels d\u2019hydratation (NMF) et les acides gras essentiels, fournit une hydratation imm\u00e9diate et prolong\u00e9e jusqu\u2019\u00e0 24 heures. D\u00e8s la premi\u00e8re application, la peau para\u00eet imm\u00e9diatement plus saine et plus douce ; les rides et ridules de d\u00e9shydratation sont instantan\u00e9ment liss\u00e9es. La peau est douce avec un fini velout\u00e9. *Hydratation des couches superficielles de l\u2019\u00e9piderme.The Nelly De Vuyst Dry Skin Cream is recommended for dry skin prone to eczema, psoriasis or winter sensitivity. This emulsion formulated with moisturizing* &quot;bio-imitating&quot; ingredients such as natural moisturizing factors (NMF) and essential fatty acids provides immediate and long-term hydration lasting up to 24 hours. From the first application, the skin looks and feels dramatically healthier and softer; fine lines and wrinkles caused by dehydration are instantly smoothed out. The skin is left soft with a velvety finish. *Hydration of the upper layers of the epidermis.\" \/>\n<meta property=\"og:url\" content=\"https:\/\/beautesantelorette.ca\/fr\/produit\/creme-peaux-seches\/\" \/>\n<meta property=\"og:site_name\" content=\"Beaut\u00e9 Sant\u00e9 Lorette\" \/>\n<meta property=\"article:publisher\" content=\"https:\/\/www.facebook.com\/BeauteSanteLorette\/\" \/>\n<meta property=\"article:modified_time\" content=\"2023-01-25T20:43:31+00:00\" \/>\n<meta property=\"og:image\" content=\"https:\/\/beautesantelorette.ca\/wp-content\/uploads\/2021\/09\/Dry-Skin-Cream.jpg\" \/>\n\t<meta property=\"og:image:width\" content=\"1200\" \/>\n\t<meta property=\"og:image:height\" content=\"1200\" \/>\n\t<meta property=\"og:image:type\" content=\"image\/jpeg\" \/>\n<meta name=\"twitter:card\" content=\"summary_large_image\" \/>\n<script type=\"application\/ld+json\" class=\"yoast-schema-graph\">{\"@context\":\"https:\\\/\\\/schema.org\",\"@graph\":[{\"@type\":\"WebPage\",\"@id\":\"https:\\\/\\\/beautesantelorette.ca\\\/fr\\\/produit\\\/creme-peaux-seches\\\/\",\"url\":\"https:\\\/\\\/beautesantelorette.ca\\\/fr\\\/produit\\\/creme-peaux-seches\\\/\",\"name\":\"Cr\u00e8me Peaux S\u00e8ches - Beaut\u00e9 Sant\u00e9 Lorette\",\"isPartOf\":{\"@id\":\"https:\\\/\\\/beautesantelorette.ca\\\/fr\\\/#website\"},\"primaryImageOfPage\":{\"@id\":\"https:\\\/\\\/beautesantelorette.ca\\\/fr\\\/produit\\\/creme-peaux-seches\\\/#primaryimage\"},\"image\":{\"@id\":\"https:\\\/\\\/beautesantelorette.ca\\\/fr\\\/produit\\\/creme-peaux-seches\\\/#primaryimage\"},\"thumbnailUrl\":\"https:\\\/\\\/beautesantelorette.ca\\\/wp-content\\\/uploads\\\/2021\\\/09\\\/Dry-Skin-Cream.jpg\",\"datePublished\":\"2021-09-29T20:11:21+00:00\",\"dateModified\":\"2023-01-25T20:43:31+00:00\",\"description\":\"La Cr\u00e8me Peaux S\u00e8ches Nelly De Vuyst est recommand\u00e9e pour la peau s\u00e8che et\\\/ou pr\u00e9dispos\u00e9e \u00e0 l\u2019ecz\u00e9ma, au psoriasis ou sensible au froid hivernal. Cette \u00e9mulsion formul\u00e9e \u00e0 partir d\u2019ingr\u00e9dients hydratants* \u00ab biomim\u00e9tiques\u00bb, tels que les facteurs naturels d\u2019hydratation (NMF) et les acides gras essentiels, fournit une hydratation imm\u00e9diate et prolong\u00e9e jusqu\u2019\u00e0 24 heures. D\u00e8s la premi\u00e8re application, la peau para\u00eet imm\u00e9diatement plus saine et plus douce ; les rides et ridules de d\u00e9shydratation sont instantan\u00e9ment liss\u00e9es. La peau est douce avec un fini velout\u00e9. *Hydratation des couches superficielles de l\u2019\u00e9piderme.The Nelly De Vuyst Dry Skin Cream is recommended for dry skin prone to eczema, psoriasis or winter sensitivity. This emulsion formulated with moisturizing* \\\"bio-imitating\\\" ingredients such as natural moisturizing factors (NMF) and essential fatty acids provides immediate and long-term hydration lasting up to 24 hours. From the first application, the skin looks and feels dramatically healthier and softer; fine lines and wrinkles caused by dehydration are instantly smoothed out. The skin is left soft with a velvety finish. *Hydration of the upper layers of the epidermis.\",\"breadcrumb\":{\"@id\":\"https:\\\/\\\/beautesantelorette.ca\\\/fr\\\/produit\\\/creme-peaux-seches\\\/#breadcrumb\"},\"inLanguage\":\"fr-FR\",\"potentialAction\":[{\"@type\":\"ReadAction\",\"target\":[\"https:\\\/\\\/beautesantelorette.ca\\\/fr\\\/produit\\\/creme-peaux-seches\\\/\"]}]},{\"@type\":\"ImageObject\",\"inLanguage\":\"fr-FR\",\"@id\":\"https:\\\/\\\/beautesantelorette.ca\\\/fr\\\/produit\\\/creme-peaux-seches\\\/#primaryimage\",\"url\":\"https:\\\/\\\/beautesantelorette.ca\\\/wp-content\\\/uploads\\\/2021\\\/09\\\/Dry-Skin-Cream.jpg\",\"contentUrl\":\"https:\\\/\\\/beautesantelorette.ca\\\/wp-content\\\/uploads\\\/2021\\\/09\\\/Dry-Skin-Cream.jpg\",\"width\":1200,\"height\":1200,\"caption\":\"Cr\u00e8me Peaux S\u00e8ches\"},{\"@type\":\"BreadcrumbList\",\"@id\":\"https:\\\/\\\/beautesantelorette.ca\\\/fr\\\/produit\\\/creme-peaux-seches\\\/#breadcrumb\",\"itemListElement\":[{\"@type\":\"ListItem\",\"position\":1,\"name\":\"Home\",\"item\":\"https:\\\/\\\/beautesantelorette.ca\\\/fr\\\/\"},{\"@type\":\"ListItem\",\"position\":2,\"name\":\"Boutique\",\"item\":\"https:\\\/\\\/beautesantelorette.ca\\\/fr\\\/boutique\\\/\"},{\"@type\":\"ListItem\",\"position\":3,\"name\":\"Cr\u00e8me Peaux S\u00e8ches\"}]},{\"@type\":\"WebSite\",\"@id\":\"https:\\\/\\\/beautesantelorette.ca\\\/fr\\\/#website\",\"url\":\"https:\\\/\\\/beautesantelorette.ca\\\/fr\\\/\",\"name\":\"Beaut\u00e9 Sant\u00e9 Lorette\",\"description\":\"Confiez-Nous Le Soin de VOTRE PEAU\",\"publisher\":{\"@id\":\"https:\\\/\\\/beautesantelorette.ca\\\/fr\\\/#organization\"},\"potentialAction\":[{\"@type\":\"SearchAction\",\"target\":{\"@type\":\"EntryPoint\",\"urlTemplate\":\"https:\\\/\\\/beautesantelorette.ca\\\/fr\\\/?s={search_term_string}\"},\"query-input\":{\"@type\":\"PropertyValueSpecification\",\"valueRequired\":true,\"valueName\":\"search_term_string\"}}],\"inLanguage\":\"fr-FR\"},{\"@type\":\"Organization\",\"@id\":\"https:\\\/\\\/beautesantelorette.ca\\\/fr\\\/#organization\",\"name\":\"Beaut\u00e9 Sant\u00e9 Lorette\",\"url\":\"https:\\\/\\\/beautesantelorette.ca\\\/fr\\\/\",\"logo\":{\"@type\":\"ImageObject\",\"inLanguage\":\"fr-FR\",\"@id\":\"https:\\\/\\\/beautesantelorette.ca\\\/fr\\\/#\\\/schema\\\/logo\\\/image\\\/\",\"url\":\"https:\\\/\\\/beautesantelorette.ca\\\/wp-content\\\/uploads\\\/2021\\\/10\\\/bsl_surfgirl_logo_pos-1.svg\",\"contentUrl\":\"https:\\\/\\\/beautesantelorette.ca\\\/wp-content\\\/uploads\\\/2021\\\/10\\\/bsl_surfgirl_logo_pos-1.svg\",\"width\":1533,\"height\":1200,\"caption\":\"Beaut\u00e9 Sant\u00e9 Lorette\"},\"image\":{\"@id\":\"https:\\\/\\\/beautesantelorette.ca\\\/fr\\\/#\\\/schema\\\/logo\\\/image\\\/\"},\"sameAs\":[\"https:\\\/\\\/www.facebook.com\\\/BeauteSanteLorette\\\/\",\"https:\\\/\\\/www.instagram.com\\\/beautesantelorette\\\/\"]}]}<\/script>\n<!-- \/ Yoast SEO plugin. -->","yoast_head_json":{"title":"Cr\u00e8me Peaux S\u00e8ches - Beaut\u00e9 Sant\u00e9 Lorette","description":"La Cr\u00e8me Peaux S\u00e8ches Nelly De Vuyst est recommand\u00e9e pour la peau s\u00e8che et\/ou pr\u00e9dispos\u00e9e \u00e0 l\u2019ecz\u00e9ma, au psoriasis ou sensible au froid hivernal. Cette \u00e9mulsion formul\u00e9e \u00e0 partir d\u2019ingr\u00e9dients hydratants* \u00ab biomim\u00e9tiques\u00bb, tels que les facteurs naturels d\u2019hydratation (NMF) et les acides gras essentiels, fournit une hydratation imm\u00e9diate et prolong\u00e9e jusqu\u2019\u00e0 24 heures. D\u00e8s la premi\u00e8re application, la peau para\u00eet imm\u00e9diatement plus saine et plus douce ; les rides et ridules de d\u00e9shydratation sont instantan\u00e9ment liss\u00e9es. La peau est douce avec un fini velout\u00e9. *Hydratation des couches superficielles de l\u2019\u00e9piderme.The Nelly De Vuyst Dry Skin Cream is recommended for dry skin prone to eczema, psoriasis or winter sensitivity. This emulsion formulated with moisturizing* \"bio-imitating\" ingredients such as natural moisturizing factors (NMF) and essential fatty acids provides immediate and long-term hydration lasting up to 24 hours. From the first application, the skin looks and feels dramatically healthier and softer; fine lines and wrinkles caused by dehydration are instantly smoothed out. The skin is left soft with a velvety finish. *Hydration of the upper layers of the epidermis.","robots":{"index":"index","follow":"follow","max-snippet":"max-snippet:-1","max-image-preview":"max-image-preview:large","max-video-preview":"max-video-preview:-1"},"canonical":"https:\/\/beautesantelorette.ca\/fr\/produit\/creme-peaux-seches\/","og_locale":"fr_FR","og_type":"article","og_title":"Cr\u00e8me Peaux S\u00e8ches - Beaut\u00e9 Sant\u00e9 Lorette","og_description":"La Cr\u00e8me Peaux S\u00e8ches Nelly De Vuyst est recommand\u00e9e pour la peau s\u00e8che et\/ou pr\u00e9dispos\u00e9e \u00e0 l\u2019ecz\u00e9ma, au psoriasis ou sensible au froid hivernal. Cette \u00e9mulsion formul\u00e9e \u00e0 partir d\u2019ingr\u00e9dients hydratants* \u00ab biomim\u00e9tiques\u00bb, tels que les facteurs naturels d\u2019hydratation (NMF) et les acides gras essentiels, fournit une hydratation imm\u00e9diate et prolong\u00e9e jusqu\u2019\u00e0 24 heures. D\u00e8s la premi\u00e8re application, la peau para\u00eet imm\u00e9diatement plus saine et plus douce ; les rides et ridules de d\u00e9shydratation sont instantan\u00e9ment liss\u00e9es. La peau est douce avec un fini velout\u00e9. *Hydratation des couches superficielles de l\u2019\u00e9piderme.The Nelly De Vuyst Dry Skin Cream is recommended for dry skin prone to eczema, psoriasis or winter sensitivity. This emulsion formulated with moisturizing* \"bio-imitating\" ingredients such as natural moisturizing factors (NMF) and essential fatty acids provides immediate and long-term hydration lasting up to 24 hours. From the first application, the skin looks and feels dramatically healthier and softer; fine lines and wrinkles caused by dehydration are instantly smoothed out. The skin is left soft with a velvety finish. *Hydration of the upper layers of the epidermis.","og_url":"https:\/\/beautesantelorette.ca\/fr\/produit\/creme-peaux-seches\/","og_site_name":"Beaut\u00e9 Sant\u00e9 Lorette","article_publisher":"https:\/\/www.facebook.com\/BeauteSanteLorette\/","article_modified_time":"2023-01-25T20:43:31+00:00","og_image":[{"width":1200,"height":1200,"url":"https:\/\/beautesantelorette.ca\/wp-content\/uploads\/2021\/09\/Dry-Skin-Cream.jpg","type":"image\/jpeg"}],"twitter_card":"summary_large_image","schema":{"@context":"https:\/\/schema.org","@graph":[{"@type":"WebPage","@id":"https:\/\/beautesantelorette.ca\/fr\/produit\/creme-peaux-seches\/","url":"https:\/\/beautesantelorette.ca\/fr\/produit\/creme-peaux-seches\/","name":"Cr\u00e8me Peaux S\u00e8ches - Beaut\u00e9 Sant\u00e9 Lorette","isPartOf":{"@id":"https:\/\/beautesantelorette.ca\/fr\/#website"},"primaryImageOfPage":{"@id":"https:\/\/beautesantelorette.ca\/fr\/produit\/creme-peaux-seches\/#primaryimage"},"image":{"@id":"https:\/\/beautesantelorette.ca\/fr\/produit\/creme-peaux-seches\/#primaryimage"},"thumbnailUrl":"https:\/\/beautesantelorette.ca\/wp-content\/uploads\/2021\/09\/Dry-Skin-Cream.jpg","datePublished":"2021-09-29T20:11:21+00:00","dateModified":"2023-01-25T20:43:31+00:00","description":"La Cr\u00e8me Peaux S\u00e8ches Nelly De Vuyst est recommand\u00e9e pour la peau s\u00e8che et\/ou pr\u00e9dispos\u00e9e \u00e0 l\u2019ecz\u00e9ma, au psoriasis ou sensible au froid hivernal. Cette \u00e9mulsion formul\u00e9e \u00e0 partir d\u2019ingr\u00e9dients hydratants* \u00ab biomim\u00e9tiques\u00bb, tels que les facteurs naturels d\u2019hydratation (NMF) et les acides gras essentiels, fournit une hydratation imm\u00e9diate et prolong\u00e9e jusqu\u2019\u00e0 24 heures. D\u00e8s la premi\u00e8re application, la peau para\u00eet imm\u00e9diatement plus saine et plus douce ; les rides et ridules de d\u00e9shydratation sont instantan\u00e9ment liss\u00e9es. La peau est douce avec un fini velout\u00e9. *Hydratation des couches superficielles de l\u2019\u00e9piderme.The Nelly De Vuyst Dry Skin Cream is recommended for dry skin prone to eczema, psoriasis or winter sensitivity. This emulsion formulated with moisturizing* \"bio-imitating\" ingredients such as natural moisturizing factors (NMF) and essential fatty acids provides immediate and long-term hydration lasting up to 24 hours. From the first application, the skin looks and feels dramatically healthier and softer; fine lines and wrinkles caused by dehydration are instantly smoothed out. The skin is left soft with a velvety finish. *Hydration of the upper layers of the epidermis.","breadcrumb":{"@id":"https:\/\/beautesantelorette.ca\/fr\/produit\/creme-peaux-seches\/#breadcrumb"},"inLanguage":"fr-FR","potentialAction":[{"@type":"ReadAction","target":["https:\/\/beautesantelorette.ca\/fr\/produit\/creme-peaux-seches\/"]}]},{"@type":"ImageObject","inLanguage":"fr-FR","@id":"https:\/\/beautesantelorette.ca\/fr\/produit\/creme-peaux-seches\/#primaryimage","url":"https:\/\/beautesantelorette.ca\/wp-content\/uploads\/2021\/09\/Dry-Skin-Cream.jpg","contentUrl":"https:\/\/beautesantelorette.ca\/wp-content\/uploads\/2021\/09\/Dry-Skin-Cream.jpg","width":1200,"height":1200,"caption":"Cr\u00e8me Peaux S\u00e8ches"},{"@type":"BreadcrumbList","@id":"https:\/\/beautesantelorette.ca\/fr\/produit\/creme-peaux-seches\/#breadcrumb","itemListElement":[{"@type":"ListItem","position":1,"name":"Home","item":"https:\/\/beautesantelorette.ca\/fr\/"},{"@type":"ListItem","position":2,"name":"Boutique","item":"https:\/\/beautesantelorette.ca\/fr\/boutique\/"},{"@type":"ListItem","position":3,"name":"Cr\u00e8me Peaux S\u00e8ches"}]},{"@type":"WebSite","@id":"https:\/\/beautesantelorette.ca\/fr\/#website","url":"https:\/\/beautesantelorette.ca\/fr\/","name":"Beaut\u00e9 Sant\u00e9 Lorette","description":"Confiez-Nous Le Soin de VOTRE PEAU","publisher":{"@id":"https:\/\/beautesantelorette.ca\/fr\/#organization"},"potentialAction":[{"@type":"SearchAction","target":{"@type":"EntryPoint","urlTemplate":"https:\/\/beautesantelorette.ca\/fr\/?s={search_term_string}"},"query-input":{"@type":"PropertyValueSpecification","valueRequired":true,"valueName":"search_term_string"}}],"inLanguage":"fr-FR"},{"@type":"Organization","@id":"https:\/\/beautesantelorette.ca\/fr\/#organization","name":"Beaut\u00e9 Sant\u00e9 Lorette","url":"https:\/\/beautesantelorette.ca\/fr\/","logo":{"@type":"ImageObject","inLanguage":"fr-FR","@id":"https:\/\/beautesantelorette.ca\/fr\/#\/schema\/logo\/image\/","url":"https:\/\/beautesantelorette.ca\/wp-content\/uploads\/2021\/10\/bsl_surfgirl_logo_pos-1.svg","contentUrl":"https:\/\/beautesantelorette.ca\/wp-content\/uploads\/2021\/10\/bsl_surfgirl_logo_pos-1.svg","width":1533,"height":1200,"caption":"Beaut\u00e9 Sant\u00e9 Lorette"},"image":{"@id":"https:\/\/beautesantelorette.ca\/fr\/#\/schema\/logo\/image\/"},"sameAs":["https:\/\/www.facebook.com\/BeauteSanteLorette\/","https:\/\/www.instagram.com\/beautesantelorette\/"]}]}},"jetpack_sharing_enabled":true,"_links":{"self":[{"href":"https:\/\/beautesantelorette.ca\/fr\/wp-json\/wp\/v2\/product\/22240","targetHints":{"allow":["GET"]}}],"collection":[{"href":"https:\/\/beautesantelorette.ca\/fr\/wp-json\/wp\/v2\/product"}],"about":[{"href":"https:\/\/beautesantelorette.ca\/fr\/wp-json\/wp\/v2\/types\/product"}],"replies":[{"embeddable":true,"href":"https:\/\/beautesantelorette.ca\/fr\/wp-json\/wp\/v2\/comments?post=22240"}],"wp:featuredmedia":[{"embeddable":true,"href":"https:\/\/beautesantelorette.ca\/fr\/wp-json\/wp\/v2\/media\/21627"}],"wp:attachment":[{"href":"https:\/\/beautesantelorette.ca\/fr\/wp-json\/wp\/v2\/media?parent=22240"}],"wp:term":[{"taxonomy":"product_brand","embeddable":true,"href":"https:\/\/beautesantelorette.ca\/fr\/wp-json\/wp\/v2\/product_brand?post=22240"},{"taxonomy":"product_cat","embeddable":true,"href":"https:\/\/beautesantelorette.ca\/fr\/wp-json\/wp\/v2\/product_cat?post=22240"},{"taxonomy":"product_tag","embeddable":true,"href":"https:\/\/beautesantelorette.ca\/fr\/wp-json\/wp\/v2\/product_tag?post=22240"}],"curies":[{"name":"wp","href":"https:\/\/api.w.org\/{rel}","templated":true}]}}