{"id":22244,"date":"2021-09-29T20:58:23","date_gmt":"2021-09-29T20:58:23","guid":{"rendered":"https:\/\/beautelorette.wpengine.com\/product\/lifting-complex-cream-travel\/"},"modified":"2021-11-25T20:27:56","modified_gmt":"2021-11-25T20:27:56","slug":"creme-lifting-complex-voyage","status":"publish","type":"product","link":"https:\/\/beautesantelorette.ca\/fr\/produit\/creme-lifting-complex-voyage\/","title":{"rendered":"Cr\u00e8me Lifting Complex (Voyage)"},"content":{"rendered":"","protected":false},"excerpt":{"rendered":"<p>La Cr\u00e8me Lifting Complex Nelly De Vuyst est sp\u00e9cifiquement recommand\u00e9e pour la peau mature pr\u00e9sentant des rides et manquant de fermet\u00e9. Formul\u00e9e \u00e0 partir d\u2019un complexe r\u00e9volutionnaire de pentapeptides et de lipopeptides reconnus pour stimuler la production de procollag\u00e8ne, de collag\u00e8ne, d\u2019\u00e9lastine et d\u2019acide hyaluronique, la Cr\u00e8me Lifting Complex favorise une peau d\u2019apparence plus ferme et plus douce. Les rides sont visiblement liss\u00e9es et repulp\u00e9es; le contour du visage para\u00eet lift\u00e9. Id\u00e9ale \u00e0 incorporer dans un programme de soin anti-\u00e2ge.<\/p>\n","protected":false},"featured_media":22973,"comment_status":"open","ping_status":"closed","template":"","meta":[],"product_brand":[],"product_cat":[237,232,256],"product_tag":[],"class_list":{"0":"post-22244","1":"product","2":"type-product","3":"status-publish","4":"has-post-thumbnail","6":"product_cat-bioscience-fr","7":"product_cat-nelly-de-vuyst-fr","8":"product_cat-traitements","10":"first","11":"instock","12":"taxable","13":"shipping-taxable","14":"purchasable","15":"product-type-simple"},"yoast_head":"<!-- This site is optimized with the Yoast SEO plugin v27.4 - https:\/\/yoast.com\/product\/yoast-seo-wordpress\/ -->\n<title>Cr\u00e8me Lifting Complex (Voyage) - Beaut\u00e9 Sant\u00e9 Lorette<\/title>\n<meta name=\"description\" content=\"La Cr\u00e8me Lifting Complex Nelly De Vuyst est sp\u00e9cifiquement recommand\u00e9e pour la peau mature pr\u00e9sentant des rides et manquant de fermet\u00e9. Formul\u00e9e \u00e0 partir d\u2019un complexe r\u00e9volutionnaire de pentapeptides et de lipopeptides reconnus pour stimuler la production de procollag\u00e8ne, de collag\u00e8ne, d\u2019\u00e9lastine et d\u2019acide hyaluronique, la Cr\u00e8me Lifting Complex favorise une peau d\u2019apparence plus ferme et plus douce. Les rides sont visiblement liss\u00e9es et repulp\u00e9es; le contour du visage para\u00eet lift\u00e9. Id\u00e9ale \u00e0 incorporer dans un programme de soin anti-\u00e2ge.\" \/>\n<meta name=\"robots\" content=\"index, follow, max-snippet:-1, max-image-preview:large, max-video-preview:-1\" \/>\n<link rel=\"canonical\" href=\"https:\/\/beautesantelorette.ca\/fr\/produit\/creme-lifting-complex-voyage\/\" \/>\n<meta property=\"og:locale\" content=\"fr_FR\" \/>\n<meta property=\"og:type\" content=\"article\" \/>\n<meta property=\"og:title\" content=\"Cr\u00e8me Lifting Complex (Voyage) - Beaut\u00e9 Sant\u00e9 Lorette\" \/>\n<meta property=\"og:description\" content=\"La Cr\u00e8me Lifting Complex Nelly De Vuyst est sp\u00e9cifiquement recommand\u00e9e pour la peau mature pr\u00e9sentant des rides et manquant de fermet\u00e9. Formul\u00e9e \u00e0 partir d\u2019un complexe r\u00e9volutionnaire de pentapeptides et de lipopeptides reconnus pour stimuler la production de procollag\u00e8ne, de collag\u00e8ne, d\u2019\u00e9lastine et d\u2019acide hyaluronique, la Cr\u00e8me Lifting Complex favorise une peau d\u2019apparence plus ferme et plus douce. Les rides sont visiblement liss\u00e9es et repulp\u00e9es; le contour du visage para\u00eet lift\u00e9. Id\u00e9ale \u00e0 incorporer dans un programme de soin anti-\u00e2ge.\" \/>\n<meta property=\"og:url\" content=\"https:\/\/beautesantelorette.ca\/fr\/produit\/creme-lifting-complex-voyage\/\" \/>\n<meta property=\"og:site_name\" content=\"Beaut\u00e9 Sant\u00e9 Lorette\" \/>\n<meta property=\"article:publisher\" content=\"https:\/\/www.facebook.com\/BeauteSanteLorette\/\" \/>\n<meta property=\"article:modified_time\" content=\"2021-11-25T20:27:56+00:00\" \/>\n<meta property=\"og:image\" content=\"https:\/\/beautesantelorette.ca\/wp-content\/uploads\/2021\/09\/Lifting-Complex-Cream-Travel-600x600-1.jpg\" \/>\n\t<meta property=\"og:image:width\" content=\"600\" \/>\n\t<meta property=\"og:image:height\" content=\"600\" \/>\n\t<meta property=\"og:image:type\" content=\"image\/jpeg\" \/>\n<meta name=\"twitter:card\" content=\"summary_large_image\" \/>\n<script type=\"application\/ld+json\" class=\"yoast-schema-graph\">{\"@context\":\"https:\\\/\\\/schema.org\",\"@graph\":[{\"@type\":\"WebPage\",\"@id\":\"https:\\\/\\\/beautesantelorette.ca\\\/fr\\\/produit\\\/creme-lifting-complex-voyage\\\/\",\"url\":\"https:\\\/\\\/beautesantelorette.ca\\\/fr\\\/produit\\\/creme-lifting-complex-voyage\\\/\",\"name\":\"Cr\u00e8me Lifting Complex (Voyage) - Beaut\u00e9 Sant\u00e9 Lorette\",\"isPartOf\":{\"@id\":\"https:\\\/\\\/beautesantelorette.ca\\\/fr\\\/#website\"},\"primaryImageOfPage\":{\"@id\":\"https:\\\/\\\/beautesantelorette.ca\\\/fr\\\/produit\\\/creme-lifting-complex-voyage\\\/#primaryimage\"},\"image\":{\"@id\":\"https:\\\/\\\/beautesantelorette.ca\\\/fr\\\/produit\\\/creme-lifting-complex-voyage\\\/#primaryimage\"},\"thumbnailUrl\":\"https:\\\/\\\/beautesantelorette.ca\\\/wp-content\\\/uploads\\\/2021\\\/09\\\/Lifting-Complex-Cream-Travel-600x600-1.jpg\",\"datePublished\":\"2021-09-29T20:58:23+00:00\",\"dateModified\":\"2021-11-25T20:27:56+00:00\",\"description\":\"La Cr\u00e8me Lifting Complex Nelly De Vuyst est sp\u00e9cifiquement recommand\u00e9e pour la peau mature pr\u00e9sentant des rides et manquant de fermet\u00e9. Formul\u00e9e \u00e0 partir d\u2019un complexe r\u00e9volutionnaire de pentapeptides et de lipopeptides reconnus pour stimuler la production de procollag\u00e8ne, de collag\u00e8ne, d\u2019\u00e9lastine et d\u2019acide hyaluronique, la Cr\u00e8me Lifting Complex favorise une peau d\u2019apparence plus ferme et plus douce. Les rides sont visiblement liss\u00e9es et repulp\u00e9es; le contour du visage para\u00eet lift\u00e9. Id\u00e9ale \u00e0 incorporer dans un programme de soin anti-\u00e2ge.\",\"breadcrumb\":{\"@id\":\"https:\\\/\\\/beautesantelorette.ca\\\/fr\\\/produit\\\/creme-lifting-complex-voyage\\\/#breadcrumb\"},\"inLanguage\":\"fr-FR\",\"potentialAction\":[{\"@type\":\"ReadAction\",\"target\":[\"https:\\\/\\\/beautesantelorette.ca\\\/fr\\\/produit\\\/creme-lifting-complex-voyage\\\/\"]}]},{\"@type\":\"ImageObject\",\"inLanguage\":\"fr-FR\",\"@id\":\"https:\\\/\\\/beautesantelorette.ca\\\/fr\\\/produit\\\/creme-lifting-complex-voyage\\\/#primaryimage\",\"url\":\"https:\\\/\\\/beautesantelorette.ca\\\/wp-content\\\/uploads\\\/2021\\\/09\\\/Lifting-Complex-Cream-Travel-600x600-1.jpg\",\"contentUrl\":\"https:\\\/\\\/beautesantelorette.ca\\\/wp-content\\\/uploads\\\/2021\\\/09\\\/Lifting-Complex-Cream-Travel-600x600-1.jpg\",\"width\":600,\"height\":600},{\"@type\":\"BreadcrumbList\",\"@id\":\"https:\\\/\\\/beautesantelorette.ca\\\/fr\\\/produit\\\/creme-lifting-complex-voyage\\\/#breadcrumb\",\"itemListElement\":[{\"@type\":\"ListItem\",\"position\":1,\"name\":\"Home\",\"item\":\"https:\\\/\\\/beautesantelorette.ca\\\/fr\\\/\"},{\"@type\":\"ListItem\",\"position\":2,\"name\":\"Boutique\",\"item\":\"https:\\\/\\\/beautesantelorette.ca\\\/fr\\\/boutique\\\/\"},{\"@type\":\"ListItem\",\"position\":3,\"name\":\"Cr\u00e8me Lifting Complex (Voyage)\"}]},{\"@type\":\"WebSite\",\"@id\":\"https:\\\/\\\/beautesantelorette.ca\\\/fr\\\/#website\",\"url\":\"https:\\\/\\\/beautesantelorette.ca\\\/fr\\\/\",\"name\":\"Beaut\u00e9 Sant\u00e9 Lorette\",\"description\":\"Confiez-Nous Le Soin de VOTRE PEAU\",\"publisher\":{\"@id\":\"https:\\\/\\\/beautesantelorette.ca\\\/fr\\\/#organization\"},\"potentialAction\":[{\"@type\":\"SearchAction\",\"target\":{\"@type\":\"EntryPoint\",\"urlTemplate\":\"https:\\\/\\\/beautesantelorette.ca\\\/fr\\\/?s={search_term_string}\"},\"query-input\":{\"@type\":\"PropertyValueSpecification\",\"valueRequired\":true,\"valueName\":\"search_term_string\"}}],\"inLanguage\":\"fr-FR\"},{\"@type\":\"Organization\",\"@id\":\"https:\\\/\\\/beautesantelorette.ca\\\/fr\\\/#organization\",\"name\":\"Beaut\u00e9 Sant\u00e9 Lorette\",\"url\":\"https:\\\/\\\/beautesantelorette.ca\\\/fr\\\/\",\"logo\":{\"@type\":\"ImageObject\",\"inLanguage\":\"fr-FR\",\"@id\":\"https:\\\/\\\/beautesantelorette.ca\\\/fr\\\/#\\\/schema\\\/logo\\\/image\\\/\",\"url\":\"https:\\\/\\\/beautesantelorette.ca\\\/wp-content\\\/uploads\\\/2021\\\/10\\\/bsl_surfgirl_logo_pos-1.svg\",\"contentUrl\":\"https:\\\/\\\/beautesantelorette.ca\\\/wp-content\\\/uploads\\\/2021\\\/10\\\/bsl_surfgirl_logo_pos-1.svg\",\"width\":1533,\"height\":1200,\"caption\":\"Beaut\u00e9 Sant\u00e9 Lorette\"},\"image\":{\"@id\":\"https:\\\/\\\/beautesantelorette.ca\\\/fr\\\/#\\\/schema\\\/logo\\\/image\\\/\"},\"sameAs\":[\"https:\\\/\\\/www.facebook.com\\\/BeauteSanteLorette\\\/\",\"https:\\\/\\\/www.instagram.com\\\/beautesantelorette\\\/\"]}]}<\/script>\n<!-- \/ Yoast SEO plugin. -->","yoast_head_json":{"title":"Cr\u00e8me Lifting Complex (Voyage) - Beaut\u00e9 Sant\u00e9 Lorette","description":"La Cr\u00e8me Lifting Complex Nelly De Vuyst est sp\u00e9cifiquement recommand\u00e9e pour la peau mature pr\u00e9sentant des rides et manquant de fermet\u00e9. Formul\u00e9e \u00e0 partir d\u2019un complexe r\u00e9volutionnaire de pentapeptides et de lipopeptides reconnus pour stimuler la production de procollag\u00e8ne, de collag\u00e8ne, d\u2019\u00e9lastine et d\u2019acide hyaluronique, la Cr\u00e8me Lifting Complex favorise une peau d\u2019apparence plus ferme et plus douce. Les rides sont visiblement liss\u00e9es et repulp\u00e9es; le contour du visage para\u00eet lift\u00e9. Id\u00e9ale \u00e0 incorporer dans un programme de soin anti-\u00e2ge.","robots":{"index":"index","follow":"follow","max-snippet":"max-snippet:-1","max-image-preview":"max-image-preview:large","max-video-preview":"max-video-preview:-1"},"canonical":"https:\/\/beautesantelorette.ca\/fr\/produit\/creme-lifting-complex-voyage\/","og_locale":"fr_FR","og_type":"article","og_title":"Cr\u00e8me Lifting Complex (Voyage) - Beaut\u00e9 Sant\u00e9 Lorette","og_description":"La Cr\u00e8me Lifting Complex Nelly De Vuyst est sp\u00e9cifiquement recommand\u00e9e pour la peau mature pr\u00e9sentant des rides et manquant de fermet\u00e9. Formul\u00e9e \u00e0 partir d\u2019un complexe r\u00e9volutionnaire de pentapeptides et de lipopeptides reconnus pour stimuler la production de procollag\u00e8ne, de collag\u00e8ne, d\u2019\u00e9lastine et d\u2019acide hyaluronique, la Cr\u00e8me Lifting Complex favorise une peau d\u2019apparence plus ferme et plus douce. Les rides sont visiblement liss\u00e9es et repulp\u00e9es; le contour du visage para\u00eet lift\u00e9. Id\u00e9ale \u00e0 incorporer dans un programme de soin anti-\u00e2ge.","og_url":"https:\/\/beautesantelorette.ca\/fr\/produit\/creme-lifting-complex-voyage\/","og_site_name":"Beaut\u00e9 Sant\u00e9 Lorette","article_publisher":"https:\/\/www.facebook.com\/BeauteSanteLorette\/","article_modified_time":"2021-11-25T20:27:56+00:00","og_image":[{"width":600,"height":600,"url":"https:\/\/beautesantelorette.ca\/wp-content\/uploads\/2021\/09\/Lifting-Complex-Cream-Travel-600x600-1.jpg","type":"image\/jpeg"}],"twitter_card":"summary_large_image","schema":{"@context":"https:\/\/schema.org","@graph":[{"@type":"WebPage","@id":"https:\/\/beautesantelorette.ca\/fr\/produit\/creme-lifting-complex-voyage\/","url":"https:\/\/beautesantelorette.ca\/fr\/produit\/creme-lifting-complex-voyage\/","name":"Cr\u00e8me Lifting Complex (Voyage) - Beaut\u00e9 Sant\u00e9 Lorette","isPartOf":{"@id":"https:\/\/beautesantelorette.ca\/fr\/#website"},"primaryImageOfPage":{"@id":"https:\/\/beautesantelorette.ca\/fr\/produit\/creme-lifting-complex-voyage\/#primaryimage"},"image":{"@id":"https:\/\/beautesantelorette.ca\/fr\/produit\/creme-lifting-complex-voyage\/#primaryimage"},"thumbnailUrl":"https:\/\/beautesantelorette.ca\/wp-content\/uploads\/2021\/09\/Lifting-Complex-Cream-Travel-600x600-1.jpg","datePublished":"2021-09-29T20:58:23+00:00","dateModified":"2021-11-25T20:27:56+00:00","description":"La Cr\u00e8me Lifting Complex Nelly De Vuyst est sp\u00e9cifiquement recommand\u00e9e pour la peau mature pr\u00e9sentant des rides et manquant de fermet\u00e9. Formul\u00e9e \u00e0 partir d\u2019un complexe r\u00e9volutionnaire de pentapeptides et de lipopeptides reconnus pour stimuler la production de procollag\u00e8ne, de collag\u00e8ne, d\u2019\u00e9lastine et d\u2019acide hyaluronique, la Cr\u00e8me Lifting Complex favorise une peau d\u2019apparence plus ferme et plus douce. Les rides sont visiblement liss\u00e9es et repulp\u00e9es; le contour du visage para\u00eet lift\u00e9. Id\u00e9ale \u00e0 incorporer dans un programme de soin anti-\u00e2ge.","breadcrumb":{"@id":"https:\/\/beautesantelorette.ca\/fr\/produit\/creme-lifting-complex-voyage\/#breadcrumb"},"inLanguage":"fr-FR","potentialAction":[{"@type":"ReadAction","target":["https:\/\/beautesantelorette.ca\/fr\/produit\/creme-lifting-complex-voyage\/"]}]},{"@type":"ImageObject","inLanguage":"fr-FR","@id":"https:\/\/beautesantelorette.ca\/fr\/produit\/creme-lifting-complex-voyage\/#primaryimage","url":"https:\/\/beautesantelorette.ca\/wp-content\/uploads\/2021\/09\/Lifting-Complex-Cream-Travel-600x600-1.jpg","contentUrl":"https:\/\/beautesantelorette.ca\/wp-content\/uploads\/2021\/09\/Lifting-Complex-Cream-Travel-600x600-1.jpg","width":600,"height":600},{"@type":"BreadcrumbList","@id":"https:\/\/beautesantelorette.ca\/fr\/produit\/creme-lifting-complex-voyage\/#breadcrumb","itemListElement":[{"@type":"ListItem","position":1,"name":"Home","item":"https:\/\/beautesantelorette.ca\/fr\/"},{"@type":"ListItem","position":2,"name":"Boutique","item":"https:\/\/beautesantelorette.ca\/fr\/boutique\/"},{"@type":"ListItem","position":3,"name":"Cr\u00e8me Lifting Complex (Voyage)"}]},{"@type":"WebSite","@id":"https:\/\/beautesantelorette.ca\/fr\/#website","url":"https:\/\/beautesantelorette.ca\/fr\/","name":"Beaut\u00e9 Sant\u00e9 Lorette","description":"Confiez-Nous Le Soin de VOTRE PEAU","publisher":{"@id":"https:\/\/beautesantelorette.ca\/fr\/#organization"},"potentialAction":[{"@type":"SearchAction","target":{"@type":"EntryPoint","urlTemplate":"https:\/\/beautesantelorette.ca\/fr\/?s={search_term_string}"},"query-input":{"@type":"PropertyValueSpecification","valueRequired":true,"valueName":"search_term_string"}}],"inLanguage":"fr-FR"},{"@type":"Organization","@id":"https:\/\/beautesantelorette.ca\/fr\/#organization","name":"Beaut\u00e9 Sant\u00e9 Lorette","url":"https:\/\/beautesantelorette.ca\/fr\/","logo":{"@type":"ImageObject","inLanguage":"fr-FR","@id":"https:\/\/beautesantelorette.ca\/fr\/#\/schema\/logo\/image\/","url":"https:\/\/beautesantelorette.ca\/wp-content\/uploads\/2021\/10\/bsl_surfgirl_logo_pos-1.svg","contentUrl":"https:\/\/beautesantelorette.ca\/wp-content\/uploads\/2021\/10\/bsl_surfgirl_logo_pos-1.svg","width":1533,"height":1200,"caption":"Beaut\u00e9 Sant\u00e9 Lorette"},"image":{"@id":"https:\/\/beautesantelorette.ca\/fr\/#\/schema\/logo\/image\/"},"sameAs":["https:\/\/www.facebook.com\/BeauteSanteLorette\/","https:\/\/www.instagram.com\/beautesantelorette\/"]}]}},"jetpack_sharing_enabled":true,"_links":{"self":[{"href":"https:\/\/beautesantelorette.ca\/fr\/wp-json\/wp\/v2\/product\/22244","targetHints":{"allow":["GET"]}}],"collection":[{"href":"https:\/\/beautesantelorette.ca\/fr\/wp-json\/wp\/v2\/product"}],"about":[{"href":"https:\/\/beautesantelorette.ca\/fr\/wp-json\/wp\/v2\/types\/product"}],"replies":[{"embeddable":true,"href":"https:\/\/beautesantelorette.ca\/fr\/wp-json\/wp\/v2\/comments?post=22244"}],"wp:featuredmedia":[{"embeddable":true,"href":"https:\/\/beautesantelorette.ca\/fr\/wp-json\/wp\/v2\/media\/22973"}],"wp:attachment":[{"href":"https:\/\/beautesantelorette.ca\/fr\/wp-json\/wp\/v2\/media?parent=22244"}],"wp:term":[{"taxonomy":"product_brand","embeddable":true,"href":"https:\/\/beautesantelorette.ca\/fr\/wp-json\/wp\/v2\/product_brand?post=22244"},{"taxonomy":"product_cat","embeddable":true,"href":"https:\/\/beautesantelorette.ca\/fr\/wp-json\/wp\/v2\/product_cat?post=22244"},{"taxonomy":"product_tag","embeddable":true,"href":"https:\/\/beautesantelorette.ca\/fr\/wp-json\/wp\/v2\/product_tag?post=22244"}],"curies":[{"name":"wp","href":"https:\/\/api.w.org\/{rel}","templated":true}]}}