{"id":22252,"date":"2021-09-29T23:36:41","date_gmt":"2021-09-29T23:36:41","guid":{"rendered":"https:\/\/beautelorette.wpengine.com\/product\/radiance-cream\/"},"modified":"2021-11-25T20:45:09","modified_gmt":"2021-11-25T20:45:09","slug":"creme-radiance","status":"publish","type":"product","link":"https:\/\/beautesantelorette.ca\/fr\/produit\/creme-radiance\/","title":{"rendered":"Cr\u00e8me Radiance"},"content":{"rendered":"","protected":false},"excerpt":{"rendered":"<p>Le Cr\u00e8me Radiance Nelly De Vuyst est une \u00e9mulsion hydratante* r\u00e9volutionnaire sp\u00e9cialement con\u00e7ue pour tous les types de peau pr\u00e9sentant des taches brunes ou pr\u00e9dispos\u00e9s \u00e0 l\u2019hyperpigmentation et\/ou ayant le teint terne. Formul\u00e9e \u00e0 partir d\u2019algues rouges reconnues pour leurs pouvoirs \u00e9claircissants et r\u00e9v\u00e9lateurs d\u2019\u00e9clat, cette formule unique procure un teint visiblement plus claire, plus uniforme et \u00e9clatant de sant\u00e9 en seulement 30 jours. Contenant de l\u2019huile d\u2019argan r\u00e9g\u00e9n\u00e9rante et anti-\u00e2ge, la Cr\u00e8me Radiance aide la peau \u00e0 maintenir son hydratation* optimale. Id\u00e9ale pour pr\u00e9venir les cicatrices d\u2019acn\u00e9. *Hydratation des couches superficielles de l\u2019\u00e9piderme.<\/p>\n","protected":false},"featured_media":21656,"comment_status":"open","ping_status":"closed","template":"","meta":[],"product_brand":[],"product_cat":[237,232,256],"product_tag":[],"class_list":{"0":"post-22252","1":"product","2":"type-product","3":"status-publish","4":"has-post-thumbnail","6":"product_cat-bioscience-fr","7":"product_cat-nelly-de-vuyst-fr","8":"product_cat-traitements","10":"first","11":"instock","12":"taxable","13":"shipping-taxable","14":"purchasable","15":"product-type-simple"},"yoast_head":"<!-- This site is optimized with the Yoast SEO plugin v27.5 - https:\/\/yoast.com\/product\/yoast-seo-wordpress\/ -->\n<title>Cr\u00e8me Radiance - Beaut\u00e9 Sant\u00e9 Lorette<\/title>\n<meta name=\"description\" content=\"Le Cr\u00e8me Radiance Nelly De Vuyst est une \u00e9mulsion hydratante* r\u00e9volutionnaire sp\u00e9cialement con\u00e7ue pour tous les types de peau pr\u00e9sentant des taches brunes ou pr\u00e9dispos\u00e9s \u00e0 l\u2019hyperpigmentation et\/ou ayant le teint terne. Formul\u00e9e \u00e0 partir d\u2019algues rouges reconnues pour leurs pouvoirs \u00e9claircissants et r\u00e9v\u00e9lateurs d\u2019\u00e9clat, cette formule unique procure un teint visiblement plus claire, plus uniforme et \u00e9clatant de sant\u00e9 en seulement 30 jours. Contenant de l\u2019huile d\u2019argan r\u00e9g\u00e9n\u00e9rante et anti-\u00e2ge, la Cr\u00e8me Radiance aide la peau \u00e0 maintenir son hydratation* optimale. Id\u00e9ale pour pr\u00e9venir les cicatrices d\u2019acn\u00e9. *Hydratation des couches superficielles de l\u2019\u00e9piderme.\" \/>\n<meta name=\"robots\" content=\"index, follow, max-snippet:-1, max-image-preview:large, max-video-preview:-1\" \/>\n<link rel=\"canonical\" href=\"https:\/\/beautesantelorette.ca\/fr\/produit\/creme-radiance\/\" \/>\n<meta property=\"og:locale\" content=\"fr_FR\" \/>\n<meta property=\"og:type\" content=\"article\" \/>\n<meta property=\"og:title\" content=\"Cr\u00e8me Radiance - Beaut\u00e9 Sant\u00e9 Lorette\" \/>\n<meta property=\"og:description\" content=\"Le Cr\u00e8me Radiance Nelly De Vuyst est une \u00e9mulsion hydratante* r\u00e9volutionnaire sp\u00e9cialement con\u00e7ue pour tous les types de peau pr\u00e9sentant des taches brunes ou pr\u00e9dispos\u00e9s \u00e0 l\u2019hyperpigmentation et\/ou ayant le teint terne. Formul\u00e9e \u00e0 partir d\u2019algues rouges reconnues pour leurs pouvoirs \u00e9claircissants et r\u00e9v\u00e9lateurs d\u2019\u00e9clat, cette formule unique procure un teint visiblement plus claire, plus uniforme et \u00e9clatant de sant\u00e9 en seulement 30 jours. Contenant de l\u2019huile d\u2019argan r\u00e9g\u00e9n\u00e9rante et anti-\u00e2ge, la Cr\u00e8me Radiance aide la peau \u00e0 maintenir son hydratation* optimale. Id\u00e9ale pour pr\u00e9venir les cicatrices d\u2019acn\u00e9. *Hydratation des couches superficielles de l\u2019\u00e9piderme.\" \/>\n<meta property=\"og:url\" content=\"https:\/\/beautesantelorette.ca\/fr\/produit\/creme-radiance\/\" \/>\n<meta property=\"og:site_name\" content=\"Beaut\u00e9 Sant\u00e9 Lorette\" \/>\n<meta property=\"article:publisher\" content=\"https:\/\/www.facebook.com\/BeauteSanteLorette\/\" \/>\n<meta property=\"article:modified_time\" content=\"2021-11-25T20:45:09+00:00\" \/>\n<meta property=\"og:image\" content=\"https:\/\/beautesantelorette.ca\/wp-content\/uploads\/2021\/09\/Radiance-Cream.jpg\" \/>\n\t<meta property=\"og:image:width\" content=\"1200\" \/>\n\t<meta property=\"og:image:height\" content=\"1200\" \/>\n\t<meta property=\"og:image:type\" content=\"image\/jpeg\" \/>\n<meta name=\"twitter:card\" content=\"summary_large_image\" \/>\n<script type=\"application\/ld+json\" class=\"yoast-schema-graph\">{\"@context\":\"https:\\\/\\\/schema.org\",\"@graph\":[{\"@type\":\"WebPage\",\"@id\":\"https:\\\/\\\/beautesantelorette.ca\\\/fr\\\/produit\\\/creme-radiance\\\/\",\"url\":\"https:\\\/\\\/beautesantelorette.ca\\\/fr\\\/produit\\\/creme-radiance\\\/\",\"name\":\"Cr\u00e8me Radiance - Beaut\u00e9 Sant\u00e9 Lorette\",\"isPartOf\":{\"@id\":\"https:\\\/\\\/beautesantelorette.ca\\\/fr\\\/#website\"},\"primaryImageOfPage\":{\"@id\":\"https:\\\/\\\/beautesantelorette.ca\\\/fr\\\/produit\\\/creme-radiance\\\/#primaryimage\"},\"image\":{\"@id\":\"https:\\\/\\\/beautesantelorette.ca\\\/fr\\\/produit\\\/creme-radiance\\\/#primaryimage\"},\"thumbnailUrl\":\"https:\\\/\\\/beautesantelorette.ca\\\/wp-content\\\/uploads\\\/2021\\\/09\\\/Radiance-Cream.jpg\",\"datePublished\":\"2021-09-29T23:36:41+00:00\",\"dateModified\":\"2021-11-25T20:45:09+00:00\",\"description\":\"Le Cr\u00e8me Radiance Nelly De Vuyst est une \u00e9mulsion hydratante* r\u00e9volutionnaire sp\u00e9cialement con\u00e7ue pour tous les types de peau pr\u00e9sentant des taches brunes ou pr\u00e9dispos\u00e9s \u00e0 l\u2019hyperpigmentation et\\\/ou ayant le teint terne. Formul\u00e9e \u00e0 partir d\u2019algues rouges reconnues pour leurs pouvoirs \u00e9claircissants et r\u00e9v\u00e9lateurs d\u2019\u00e9clat, cette formule unique procure un teint visiblement plus claire, plus uniforme et \u00e9clatant de sant\u00e9 en seulement 30 jours. Contenant de l\u2019huile d\u2019argan r\u00e9g\u00e9n\u00e9rante et anti-\u00e2ge, la Cr\u00e8me Radiance aide la peau \u00e0 maintenir son hydratation* optimale. Id\u00e9ale pour pr\u00e9venir les cicatrices d\u2019acn\u00e9. *Hydratation des couches superficielles de l\u2019\u00e9piderme.\",\"breadcrumb\":{\"@id\":\"https:\\\/\\\/beautesantelorette.ca\\\/fr\\\/produit\\\/creme-radiance\\\/#breadcrumb\"},\"inLanguage\":\"fr-FR\",\"potentialAction\":[{\"@type\":\"ReadAction\",\"target\":[\"https:\\\/\\\/beautesantelorette.ca\\\/fr\\\/produit\\\/creme-radiance\\\/\"]}]},{\"@type\":\"ImageObject\",\"inLanguage\":\"fr-FR\",\"@id\":\"https:\\\/\\\/beautesantelorette.ca\\\/fr\\\/produit\\\/creme-radiance\\\/#primaryimage\",\"url\":\"https:\\\/\\\/beautesantelorette.ca\\\/wp-content\\\/uploads\\\/2021\\\/09\\\/Radiance-Cream.jpg\",\"contentUrl\":\"https:\\\/\\\/beautesantelorette.ca\\\/wp-content\\\/uploads\\\/2021\\\/09\\\/Radiance-Cream.jpg\",\"width\":1200,\"height\":1200,\"caption\":\"Cr\u00e8me Radiance\"},{\"@type\":\"BreadcrumbList\",\"@id\":\"https:\\\/\\\/beautesantelorette.ca\\\/fr\\\/produit\\\/creme-radiance\\\/#breadcrumb\",\"itemListElement\":[{\"@type\":\"ListItem\",\"position\":1,\"name\":\"Home\",\"item\":\"https:\\\/\\\/beautesantelorette.ca\\\/fr\\\/\"},{\"@type\":\"ListItem\",\"position\":2,\"name\":\"Boutique\",\"item\":\"https:\\\/\\\/beautesantelorette.ca\\\/fr\\\/boutique\\\/\"},{\"@type\":\"ListItem\",\"position\":3,\"name\":\"Cr\u00e8me Radiance\"}]},{\"@type\":\"WebSite\",\"@id\":\"https:\\\/\\\/beautesantelorette.ca\\\/fr\\\/#website\",\"url\":\"https:\\\/\\\/beautesantelorette.ca\\\/fr\\\/\",\"name\":\"Beaut\u00e9 Sant\u00e9 Lorette\",\"description\":\"Confiez-Nous Le Soin de VOTRE PEAU\",\"publisher\":{\"@id\":\"https:\\\/\\\/beautesantelorette.ca\\\/fr\\\/#organization\"},\"potentialAction\":[{\"@type\":\"SearchAction\",\"target\":{\"@type\":\"EntryPoint\",\"urlTemplate\":\"https:\\\/\\\/beautesantelorette.ca\\\/fr\\\/?s={search_term_string}\"},\"query-input\":{\"@type\":\"PropertyValueSpecification\",\"valueRequired\":true,\"valueName\":\"search_term_string\"}}],\"inLanguage\":\"fr-FR\"},{\"@type\":\"Organization\",\"@id\":\"https:\\\/\\\/beautesantelorette.ca\\\/fr\\\/#organization\",\"name\":\"Beaut\u00e9 Sant\u00e9 Lorette\",\"url\":\"https:\\\/\\\/beautesantelorette.ca\\\/fr\\\/\",\"logo\":{\"@type\":\"ImageObject\",\"inLanguage\":\"fr-FR\",\"@id\":\"https:\\\/\\\/beautesantelorette.ca\\\/fr\\\/#\\\/schema\\\/logo\\\/image\\\/\",\"url\":\"https:\\\/\\\/beautesantelorette.ca\\\/wp-content\\\/uploads\\\/2021\\\/10\\\/bsl_surfgirl_logo_pos-1.svg\",\"contentUrl\":\"https:\\\/\\\/beautesantelorette.ca\\\/wp-content\\\/uploads\\\/2021\\\/10\\\/bsl_surfgirl_logo_pos-1.svg\",\"width\":1533,\"height\":1200,\"caption\":\"Beaut\u00e9 Sant\u00e9 Lorette\"},\"image\":{\"@id\":\"https:\\\/\\\/beautesantelorette.ca\\\/fr\\\/#\\\/schema\\\/logo\\\/image\\\/\"},\"sameAs\":[\"https:\\\/\\\/www.facebook.com\\\/BeauteSanteLorette\\\/\",\"https:\\\/\\\/www.instagram.com\\\/beautesantelorette\\\/\"]}]}<\/script>\n<!-- \/ Yoast SEO plugin. -->","yoast_head_json":{"title":"Cr\u00e8me Radiance - Beaut\u00e9 Sant\u00e9 Lorette","description":"Le Cr\u00e8me Radiance Nelly De Vuyst est une \u00e9mulsion hydratante* r\u00e9volutionnaire sp\u00e9cialement con\u00e7ue pour tous les types de peau pr\u00e9sentant des taches brunes ou pr\u00e9dispos\u00e9s \u00e0 l\u2019hyperpigmentation et\/ou ayant le teint terne. Formul\u00e9e \u00e0 partir d\u2019algues rouges reconnues pour leurs pouvoirs \u00e9claircissants et r\u00e9v\u00e9lateurs d\u2019\u00e9clat, cette formule unique procure un teint visiblement plus claire, plus uniforme et \u00e9clatant de sant\u00e9 en seulement 30 jours. Contenant de l\u2019huile d\u2019argan r\u00e9g\u00e9n\u00e9rante et anti-\u00e2ge, la Cr\u00e8me Radiance aide la peau \u00e0 maintenir son hydratation* optimale. Id\u00e9ale pour pr\u00e9venir les cicatrices d\u2019acn\u00e9. *Hydratation des couches superficielles de l\u2019\u00e9piderme.","robots":{"index":"index","follow":"follow","max-snippet":"max-snippet:-1","max-image-preview":"max-image-preview:large","max-video-preview":"max-video-preview:-1"},"canonical":"https:\/\/beautesantelorette.ca\/fr\/produit\/creme-radiance\/","og_locale":"fr_FR","og_type":"article","og_title":"Cr\u00e8me Radiance - Beaut\u00e9 Sant\u00e9 Lorette","og_description":"Le Cr\u00e8me Radiance Nelly De Vuyst est une \u00e9mulsion hydratante* r\u00e9volutionnaire sp\u00e9cialement con\u00e7ue pour tous les types de peau pr\u00e9sentant des taches brunes ou pr\u00e9dispos\u00e9s \u00e0 l\u2019hyperpigmentation et\/ou ayant le teint terne. Formul\u00e9e \u00e0 partir d\u2019algues rouges reconnues pour leurs pouvoirs \u00e9claircissants et r\u00e9v\u00e9lateurs d\u2019\u00e9clat, cette formule unique procure un teint visiblement plus claire, plus uniforme et \u00e9clatant de sant\u00e9 en seulement 30 jours. Contenant de l\u2019huile d\u2019argan r\u00e9g\u00e9n\u00e9rante et anti-\u00e2ge, la Cr\u00e8me Radiance aide la peau \u00e0 maintenir son hydratation* optimale. Id\u00e9ale pour pr\u00e9venir les cicatrices d\u2019acn\u00e9. *Hydratation des couches superficielles de l\u2019\u00e9piderme.","og_url":"https:\/\/beautesantelorette.ca\/fr\/produit\/creme-radiance\/","og_site_name":"Beaut\u00e9 Sant\u00e9 Lorette","article_publisher":"https:\/\/www.facebook.com\/BeauteSanteLorette\/","article_modified_time":"2021-11-25T20:45:09+00:00","og_image":[{"width":1200,"height":1200,"url":"https:\/\/beautesantelorette.ca\/wp-content\/uploads\/2021\/09\/Radiance-Cream.jpg","type":"image\/jpeg"}],"twitter_card":"summary_large_image","schema":{"@context":"https:\/\/schema.org","@graph":[{"@type":"WebPage","@id":"https:\/\/beautesantelorette.ca\/fr\/produit\/creme-radiance\/","url":"https:\/\/beautesantelorette.ca\/fr\/produit\/creme-radiance\/","name":"Cr\u00e8me Radiance - Beaut\u00e9 Sant\u00e9 Lorette","isPartOf":{"@id":"https:\/\/beautesantelorette.ca\/fr\/#website"},"primaryImageOfPage":{"@id":"https:\/\/beautesantelorette.ca\/fr\/produit\/creme-radiance\/#primaryimage"},"image":{"@id":"https:\/\/beautesantelorette.ca\/fr\/produit\/creme-radiance\/#primaryimage"},"thumbnailUrl":"https:\/\/beautesantelorette.ca\/wp-content\/uploads\/2021\/09\/Radiance-Cream.jpg","datePublished":"2021-09-29T23:36:41+00:00","dateModified":"2021-11-25T20:45:09+00:00","description":"Le Cr\u00e8me Radiance Nelly De Vuyst est une \u00e9mulsion hydratante* r\u00e9volutionnaire sp\u00e9cialement con\u00e7ue pour tous les types de peau pr\u00e9sentant des taches brunes ou pr\u00e9dispos\u00e9s \u00e0 l\u2019hyperpigmentation et\/ou ayant le teint terne. Formul\u00e9e \u00e0 partir d\u2019algues rouges reconnues pour leurs pouvoirs \u00e9claircissants et r\u00e9v\u00e9lateurs d\u2019\u00e9clat, cette formule unique procure un teint visiblement plus claire, plus uniforme et \u00e9clatant de sant\u00e9 en seulement 30 jours. Contenant de l\u2019huile d\u2019argan r\u00e9g\u00e9n\u00e9rante et anti-\u00e2ge, la Cr\u00e8me Radiance aide la peau \u00e0 maintenir son hydratation* optimale. Id\u00e9ale pour pr\u00e9venir les cicatrices d\u2019acn\u00e9. *Hydratation des couches superficielles de l\u2019\u00e9piderme.","breadcrumb":{"@id":"https:\/\/beautesantelorette.ca\/fr\/produit\/creme-radiance\/#breadcrumb"},"inLanguage":"fr-FR","potentialAction":[{"@type":"ReadAction","target":["https:\/\/beautesantelorette.ca\/fr\/produit\/creme-radiance\/"]}]},{"@type":"ImageObject","inLanguage":"fr-FR","@id":"https:\/\/beautesantelorette.ca\/fr\/produit\/creme-radiance\/#primaryimage","url":"https:\/\/beautesantelorette.ca\/wp-content\/uploads\/2021\/09\/Radiance-Cream.jpg","contentUrl":"https:\/\/beautesantelorette.ca\/wp-content\/uploads\/2021\/09\/Radiance-Cream.jpg","width":1200,"height":1200,"caption":"Cr\u00e8me Radiance"},{"@type":"BreadcrumbList","@id":"https:\/\/beautesantelorette.ca\/fr\/produit\/creme-radiance\/#breadcrumb","itemListElement":[{"@type":"ListItem","position":1,"name":"Home","item":"https:\/\/beautesantelorette.ca\/fr\/"},{"@type":"ListItem","position":2,"name":"Boutique","item":"https:\/\/beautesantelorette.ca\/fr\/boutique\/"},{"@type":"ListItem","position":3,"name":"Cr\u00e8me Radiance"}]},{"@type":"WebSite","@id":"https:\/\/beautesantelorette.ca\/fr\/#website","url":"https:\/\/beautesantelorette.ca\/fr\/","name":"Beaut\u00e9 Sant\u00e9 Lorette","description":"Confiez-Nous Le Soin de VOTRE PEAU","publisher":{"@id":"https:\/\/beautesantelorette.ca\/fr\/#organization"},"potentialAction":[{"@type":"SearchAction","target":{"@type":"EntryPoint","urlTemplate":"https:\/\/beautesantelorette.ca\/fr\/?s={search_term_string}"},"query-input":{"@type":"PropertyValueSpecification","valueRequired":true,"valueName":"search_term_string"}}],"inLanguage":"fr-FR"},{"@type":"Organization","@id":"https:\/\/beautesantelorette.ca\/fr\/#organization","name":"Beaut\u00e9 Sant\u00e9 Lorette","url":"https:\/\/beautesantelorette.ca\/fr\/","logo":{"@type":"ImageObject","inLanguage":"fr-FR","@id":"https:\/\/beautesantelorette.ca\/fr\/#\/schema\/logo\/image\/","url":"https:\/\/beautesantelorette.ca\/wp-content\/uploads\/2021\/10\/bsl_surfgirl_logo_pos-1.svg","contentUrl":"https:\/\/beautesantelorette.ca\/wp-content\/uploads\/2021\/10\/bsl_surfgirl_logo_pos-1.svg","width":1533,"height":1200,"caption":"Beaut\u00e9 Sant\u00e9 Lorette"},"image":{"@id":"https:\/\/beautesantelorette.ca\/fr\/#\/schema\/logo\/image\/"},"sameAs":["https:\/\/www.facebook.com\/BeauteSanteLorette\/","https:\/\/www.instagram.com\/beautesantelorette\/"]}]}},"jetpack_sharing_enabled":true,"_links":{"self":[{"href":"https:\/\/beautesantelorette.ca\/fr\/wp-json\/wp\/v2\/product\/22252","targetHints":{"allow":["GET"]}}],"collection":[{"href":"https:\/\/beautesantelorette.ca\/fr\/wp-json\/wp\/v2\/product"}],"about":[{"href":"https:\/\/beautesantelorette.ca\/fr\/wp-json\/wp\/v2\/types\/product"}],"replies":[{"embeddable":true,"href":"https:\/\/beautesantelorette.ca\/fr\/wp-json\/wp\/v2\/comments?post=22252"}],"wp:featuredmedia":[{"embeddable":true,"href":"https:\/\/beautesantelorette.ca\/fr\/wp-json\/wp\/v2\/media\/21656"}],"wp:attachment":[{"href":"https:\/\/beautesantelorette.ca\/fr\/wp-json\/wp\/v2\/media?parent=22252"}],"wp:term":[{"taxonomy":"product_brand","embeddable":true,"href":"https:\/\/beautesantelorette.ca\/fr\/wp-json\/wp\/v2\/product_brand?post=22252"},{"taxonomy":"product_cat","embeddable":true,"href":"https:\/\/beautesantelorette.ca\/fr\/wp-json\/wp\/v2\/product_cat?post=22252"},{"taxonomy":"product_tag","embeddable":true,"href":"https:\/\/beautesantelorette.ca\/fr\/wp-json\/wp\/v2\/product_tag?post=22252"}],"curies":[{"name":"wp","href":"https:\/\/api.w.org\/{rel}","templated":true}]}}