{"id":22257,"date":"2021-09-29T18:59:48","date_gmt":"2021-09-29T18:59:48","guid":{"rendered":"https:\/\/beautelorette.wpengine.com\/product\/soothing-emulsion-for-men\/"},"modified":"2021-11-25T21:08:46","modified_gmt":"2021-11-25T21:08:46","slug":"emulsion-apaisante-pour-hommes","status":"publish","type":"product","link":"https:\/\/beautesantelorette.ca\/fr\/produit\/emulsion-apaisante-pour-hommes\/","title":{"rendered":"\u00c9mulsion Apaisante \u2013 Pour Hommes"},"content":{"rendered":"","protected":false},"excerpt":{"rendered":"<p>L\u2019\u00c9mulsion Apaisante Pour Hommes Nelly De Vuyst est sp\u00e9cialement formul\u00e9e pour la peau sensible et\/ou r\u00e9active affect\u00e9e par les facteurs climatiques et environnementaux ou n\u00e9cessitant une barri\u00e8re protectrice renforc\u00e9e. La synergie de ses ingr\u00e9dients apaisants et calmants aide \u00e0 pr\u00e9venir l\u2019apparition des sympt\u00f4mes de la peau r\u00e9active (irritation, d\u00e9mangeaison, br\u00fblure etc.) et procure instantan\u00e9ment une agr\u00e9able sensation de fra\u00eecheur. L\u00e9g\u00e8re et onctueuse, cette \u00e9mulsion offre une hydratation* qui dure toute la journ\u00e9e. *Hydratation des couches superficielles de l\u2019\u00e9piderme.<\/p>\n","protected":false},"featured_media":21615,"comment_status":"open","ping_status":"closed","template":"","meta":[],"product_brand":[],"product_cat":[232,240,252,256],"product_tag":[],"class_list":{"0":"post-22257","1":"product","2":"type-product","3":"status-publish","4":"has-post-thumbnail","6":"product_cat-nelly-de-vuyst-fr","7":"product_cat-pour-hommes","8":"product_cat-soins-pour-hommes","9":"product_cat-traitements","11":"first","12":"instock","13":"taxable","14":"shipping-taxable","15":"purchasable","16":"product-type-simple"},"yoast_head":"<!-- This site is optimized with the Yoast SEO plugin v27.4 - https:\/\/yoast.com\/product\/yoast-seo-wordpress\/ -->\n<title>\u00c9mulsion Apaisante \u2013 Pour Hommes - Beaut\u00e9 Sant\u00e9 Lorette<\/title>\n<meta name=\"description\" content=\"L\u2019\u00c9mulsion Apaisante Pour Hommes Nelly De Vuyst est sp\u00e9cialement formul\u00e9e pour la peau sensible et\/ou r\u00e9active affect\u00e9e par les facteurs climatiques et environnementaux ou n\u00e9cessitant une barri\u00e8re protectrice renforc\u00e9e. La synergie de ses ingr\u00e9dients apaisants et calmants aide \u00e0 pr\u00e9venir l\u2019apparition des sympt\u00f4mes de la peau r\u00e9active (irritation, d\u00e9mangeaison, br\u00fblure etc.) et procure instantan\u00e9ment une agr\u00e9able sensation de fra\u00eecheur. L\u00e9g\u00e8re et onctueuse, cette \u00e9mulsion offre une hydratation* qui dure toute la journ\u00e9e. *Hydratation des couches superficielles de l\u2019\u00e9piderme.\" \/>\n<meta name=\"robots\" content=\"index, follow, max-snippet:-1, max-image-preview:large, max-video-preview:-1\" \/>\n<link rel=\"canonical\" href=\"https:\/\/beautesantelorette.ca\/fr\/produit\/emulsion-apaisante-pour-hommes\/\" \/>\n<meta property=\"og:locale\" content=\"fr_FR\" \/>\n<meta property=\"og:type\" content=\"article\" \/>\n<meta property=\"og:title\" content=\"\u00c9mulsion Apaisante \u2013 Pour Hommes - Beaut\u00e9 Sant\u00e9 Lorette\" \/>\n<meta property=\"og:description\" content=\"L\u2019\u00c9mulsion Apaisante Pour Hommes Nelly De Vuyst est sp\u00e9cialement formul\u00e9e pour la peau sensible et\/ou r\u00e9active affect\u00e9e par les facteurs climatiques et environnementaux ou n\u00e9cessitant une barri\u00e8re protectrice renforc\u00e9e. La synergie de ses ingr\u00e9dients apaisants et calmants aide \u00e0 pr\u00e9venir l\u2019apparition des sympt\u00f4mes de la peau r\u00e9active (irritation, d\u00e9mangeaison, br\u00fblure etc.) et procure instantan\u00e9ment une agr\u00e9able sensation de fra\u00eecheur. L\u00e9g\u00e8re et onctueuse, cette \u00e9mulsion offre une hydratation* qui dure toute la journ\u00e9e. *Hydratation des couches superficielles de l\u2019\u00e9piderme.\" \/>\n<meta property=\"og:url\" content=\"https:\/\/beautesantelorette.ca\/fr\/produit\/emulsion-apaisante-pour-hommes\/\" \/>\n<meta property=\"og:site_name\" content=\"Beaut\u00e9 Sant\u00e9 Lorette\" \/>\n<meta property=\"article:publisher\" content=\"https:\/\/www.facebook.com\/BeauteSanteLorette\/\" \/>\n<meta property=\"article:modified_time\" content=\"2021-11-25T21:08:46+00:00\" \/>\n<meta property=\"og:image\" content=\"https:\/\/beautesantelorette.ca\/wp-content\/uploads\/2021\/09\/Soothing-Emulsion-\u2013-For-Men.jpg\" \/>\n\t<meta property=\"og:image:width\" content=\"1200\" \/>\n\t<meta property=\"og:image:height\" content=\"1200\" \/>\n\t<meta property=\"og:image:type\" content=\"image\/jpeg\" \/>\n<meta name=\"twitter:card\" content=\"summary_large_image\" \/>\n<script type=\"application\/ld+json\" class=\"yoast-schema-graph\">{\"@context\":\"https:\\\/\\\/schema.org\",\"@graph\":[{\"@type\":\"WebPage\",\"@id\":\"https:\\\/\\\/beautesantelorette.ca\\\/fr\\\/produit\\\/emulsion-apaisante-pour-hommes\\\/\",\"url\":\"https:\\\/\\\/beautesantelorette.ca\\\/fr\\\/produit\\\/emulsion-apaisante-pour-hommes\\\/\",\"name\":\"\u00c9mulsion Apaisante \u2013 Pour Hommes - Beaut\u00e9 Sant\u00e9 Lorette\",\"isPartOf\":{\"@id\":\"https:\\\/\\\/beautesantelorette.ca\\\/fr\\\/#website\"},\"primaryImageOfPage\":{\"@id\":\"https:\\\/\\\/beautesantelorette.ca\\\/fr\\\/produit\\\/emulsion-apaisante-pour-hommes\\\/#primaryimage\"},\"image\":{\"@id\":\"https:\\\/\\\/beautesantelorette.ca\\\/fr\\\/produit\\\/emulsion-apaisante-pour-hommes\\\/#primaryimage\"},\"thumbnailUrl\":\"https:\\\/\\\/beautesantelorette.ca\\\/wp-content\\\/uploads\\\/2021\\\/09\\\/Soothing-Emulsion-\u2013-For-Men.jpg\",\"datePublished\":\"2021-09-29T18:59:48+00:00\",\"dateModified\":\"2021-11-25T21:08:46+00:00\",\"description\":\"L\u2019\u00c9mulsion Apaisante Pour Hommes Nelly De Vuyst est sp\u00e9cialement formul\u00e9e pour la peau sensible et\\\/ou r\u00e9active affect\u00e9e par les facteurs climatiques et environnementaux ou n\u00e9cessitant une barri\u00e8re protectrice renforc\u00e9e. La synergie de ses ingr\u00e9dients apaisants et calmants aide \u00e0 pr\u00e9venir l\u2019apparition des sympt\u00f4mes de la peau r\u00e9active (irritation, d\u00e9mangeaison, br\u00fblure etc.) et procure instantan\u00e9ment une agr\u00e9able sensation de fra\u00eecheur. L\u00e9g\u00e8re et onctueuse, cette \u00e9mulsion offre une hydratation* qui dure toute la journ\u00e9e. *Hydratation des couches superficielles de l\u2019\u00e9piderme.\",\"breadcrumb\":{\"@id\":\"https:\\\/\\\/beautesantelorette.ca\\\/fr\\\/produit\\\/emulsion-apaisante-pour-hommes\\\/#breadcrumb\"},\"inLanguage\":\"fr-FR\",\"potentialAction\":[{\"@type\":\"ReadAction\",\"target\":[\"https:\\\/\\\/beautesantelorette.ca\\\/fr\\\/produit\\\/emulsion-apaisante-pour-hommes\\\/\"]}]},{\"@type\":\"ImageObject\",\"inLanguage\":\"fr-FR\",\"@id\":\"https:\\\/\\\/beautesantelorette.ca\\\/fr\\\/produit\\\/emulsion-apaisante-pour-hommes\\\/#primaryimage\",\"url\":\"https:\\\/\\\/beautesantelorette.ca\\\/wp-content\\\/uploads\\\/2021\\\/09\\\/Soothing-Emulsion-\u2013-For-Men.jpg\",\"contentUrl\":\"https:\\\/\\\/beautesantelorette.ca\\\/wp-content\\\/uploads\\\/2021\\\/09\\\/Soothing-Emulsion-\u2013-For-Men.jpg\",\"width\":1200,\"height\":1200,\"caption\":\"\u00c9mulsion Apaisante \u2013 Pour Hommes\"},{\"@type\":\"BreadcrumbList\",\"@id\":\"https:\\\/\\\/beautesantelorette.ca\\\/fr\\\/produit\\\/emulsion-apaisante-pour-hommes\\\/#breadcrumb\",\"itemListElement\":[{\"@type\":\"ListItem\",\"position\":1,\"name\":\"Home\",\"item\":\"https:\\\/\\\/beautesantelorette.ca\\\/fr\\\/\"},{\"@type\":\"ListItem\",\"position\":2,\"name\":\"Boutique\",\"item\":\"https:\\\/\\\/beautesantelorette.ca\\\/fr\\\/boutique\\\/\"},{\"@type\":\"ListItem\",\"position\":3,\"name\":\"\u00c9mulsion Apaisante \u2013 Pour Hommes\"}]},{\"@type\":\"WebSite\",\"@id\":\"https:\\\/\\\/beautesantelorette.ca\\\/fr\\\/#website\",\"url\":\"https:\\\/\\\/beautesantelorette.ca\\\/fr\\\/\",\"name\":\"Beaut\u00e9 Sant\u00e9 Lorette\",\"description\":\"Confiez-Nous Le Soin de VOTRE PEAU\",\"publisher\":{\"@id\":\"https:\\\/\\\/beautesantelorette.ca\\\/fr\\\/#organization\"},\"potentialAction\":[{\"@type\":\"SearchAction\",\"target\":{\"@type\":\"EntryPoint\",\"urlTemplate\":\"https:\\\/\\\/beautesantelorette.ca\\\/fr\\\/?s={search_term_string}\"},\"query-input\":{\"@type\":\"PropertyValueSpecification\",\"valueRequired\":true,\"valueName\":\"search_term_string\"}}],\"inLanguage\":\"fr-FR\"},{\"@type\":\"Organization\",\"@id\":\"https:\\\/\\\/beautesantelorette.ca\\\/fr\\\/#organization\",\"name\":\"Beaut\u00e9 Sant\u00e9 Lorette\",\"url\":\"https:\\\/\\\/beautesantelorette.ca\\\/fr\\\/\",\"logo\":{\"@type\":\"ImageObject\",\"inLanguage\":\"fr-FR\",\"@id\":\"https:\\\/\\\/beautesantelorette.ca\\\/fr\\\/#\\\/schema\\\/logo\\\/image\\\/\",\"url\":\"https:\\\/\\\/beautesantelorette.ca\\\/wp-content\\\/uploads\\\/2021\\\/10\\\/bsl_surfgirl_logo_pos-1.svg\",\"contentUrl\":\"https:\\\/\\\/beautesantelorette.ca\\\/wp-content\\\/uploads\\\/2021\\\/10\\\/bsl_surfgirl_logo_pos-1.svg\",\"width\":1533,\"height\":1200,\"caption\":\"Beaut\u00e9 Sant\u00e9 Lorette\"},\"image\":{\"@id\":\"https:\\\/\\\/beautesantelorette.ca\\\/fr\\\/#\\\/schema\\\/logo\\\/image\\\/\"},\"sameAs\":[\"https:\\\/\\\/www.facebook.com\\\/BeauteSanteLorette\\\/\",\"https:\\\/\\\/www.instagram.com\\\/beautesantelorette\\\/\"]}]}<\/script>\n<!-- \/ Yoast SEO plugin. -->","yoast_head_json":{"title":"\u00c9mulsion Apaisante \u2013 Pour Hommes - Beaut\u00e9 Sant\u00e9 Lorette","description":"L\u2019\u00c9mulsion Apaisante Pour Hommes Nelly De Vuyst est sp\u00e9cialement formul\u00e9e pour la peau sensible et\/ou r\u00e9active affect\u00e9e par les facteurs climatiques et environnementaux ou n\u00e9cessitant une barri\u00e8re protectrice renforc\u00e9e. La synergie de ses ingr\u00e9dients apaisants et calmants aide \u00e0 pr\u00e9venir l\u2019apparition des sympt\u00f4mes de la peau r\u00e9active (irritation, d\u00e9mangeaison, br\u00fblure etc.) et procure instantan\u00e9ment une agr\u00e9able sensation de fra\u00eecheur. L\u00e9g\u00e8re et onctueuse, cette \u00e9mulsion offre une hydratation* qui dure toute la journ\u00e9e. *Hydratation des couches superficielles de l\u2019\u00e9piderme.","robots":{"index":"index","follow":"follow","max-snippet":"max-snippet:-1","max-image-preview":"max-image-preview:large","max-video-preview":"max-video-preview:-1"},"canonical":"https:\/\/beautesantelorette.ca\/fr\/produit\/emulsion-apaisante-pour-hommes\/","og_locale":"fr_FR","og_type":"article","og_title":"\u00c9mulsion Apaisante \u2013 Pour Hommes - Beaut\u00e9 Sant\u00e9 Lorette","og_description":"L\u2019\u00c9mulsion Apaisante Pour Hommes Nelly De Vuyst est sp\u00e9cialement formul\u00e9e pour la peau sensible et\/ou r\u00e9active affect\u00e9e par les facteurs climatiques et environnementaux ou n\u00e9cessitant une barri\u00e8re protectrice renforc\u00e9e. La synergie de ses ingr\u00e9dients apaisants et calmants aide \u00e0 pr\u00e9venir l\u2019apparition des sympt\u00f4mes de la peau r\u00e9active (irritation, d\u00e9mangeaison, br\u00fblure etc.) et procure instantan\u00e9ment une agr\u00e9able sensation de fra\u00eecheur. L\u00e9g\u00e8re et onctueuse, cette \u00e9mulsion offre une hydratation* qui dure toute la journ\u00e9e. *Hydratation des couches superficielles de l\u2019\u00e9piderme.","og_url":"https:\/\/beautesantelorette.ca\/fr\/produit\/emulsion-apaisante-pour-hommes\/","og_site_name":"Beaut\u00e9 Sant\u00e9 Lorette","article_publisher":"https:\/\/www.facebook.com\/BeauteSanteLorette\/","article_modified_time":"2021-11-25T21:08:46+00:00","og_image":[{"width":1200,"height":1200,"url":"https:\/\/beautesantelorette.ca\/wp-content\/uploads\/2021\/09\/Soothing-Emulsion-\u2013-For-Men.jpg","type":"image\/jpeg"}],"twitter_card":"summary_large_image","schema":{"@context":"https:\/\/schema.org","@graph":[{"@type":"WebPage","@id":"https:\/\/beautesantelorette.ca\/fr\/produit\/emulsion-apaisante-pour-hommes\/","url":"https:\/\/beautesantelorette.ca\/fr\/produit\/emulsion-apaisante-pour-hommes\/","name":"\u00c9mulsion Apaisante \u2013 Pour Hommes - Beaut\u00e9 Sant\u00e9 Lorette","isPartOf":{"@id":"https:\/\/beautesantelorette.ca\/fr\/#website"},"primaryImageOfPage":{"@id":"https:\/\/beautesantelorette.ca\/fr\/produit\/emulsion-apaisante-pour-hommes\/#primaryimage"},"image":{"@id":"https:\/\/beautesantelorette.ca\/fr\/produit\/emulsion-apaisante-pour-hommes\/#primaryimage"},"thumbnailUrl":"https:\/\/beautesantelorette.ca\/wp-content\/uploads\/2021\/09\/Soothing-Emulsion-\u2013-For-Men.jpg","datePublished":"2021-09-29T18:59:48+00:00","dateModified":"2021-11-25T21:08:46+00:00","description":"L\u2019\u00c9mulsion Apaisante Pour Hommes Nelly De Vuyst est sp\u00e9cialement formul\u00e9e pour la peau sensible et\/ou r\u00e9active affect\u00e9e par les facteurs climatiques et environnementaux ou n\u00e9cessitant une barri\u00e8re protectrice renforc\u00e9e. La synergie de ses ingr\u00e9dients apaisants et calmants aide \u00e0 pr\u00e9venir l\u2019apparition des sympt\u00f4mes de la peau r\u00e9active (irritation, d\u00e9mangeaison, br\u00fblure etc.) et procure instantan\u00e9ment une agr\u00e9able sensation de fra\u00eecheur. L\u00e9g\u00e8re et onctueuse, cette \u00e9mulsion offre une hydratation* qui dure toute la journ\u00e9e. *Hydratation des couches superficielles de l\u2019\u00e9piderme.","breadcrumb":{"@id":"https:\/\/beautesantelorette.ca\/fr\/produit\/emulsion-apaisante-pour-hommes\/#breadcrumb"},"inLanguage":"fr-FR","potentialAction":[{"@type":"ReadAction","target":["https:\/\/beautesantelorette.ca\/fr\/produit\/emulsion-apaisante-pour-hommes\/"]}]},{"@type":"ImageObject","inLanguage":"fr-FR","@id":"https:\/\/beautesantelorette.ca\/fr\/produit\/emulsion-apaisante-pour-hommes\/#primaryimage","url":"https:\/\/beautesantelorette.ca\/wp-content\/uploads\/2021\/09\/Soothing-Emulsion-\u2013-For-Men.jpg","contentUrl":"https:\/\/beautesantelorette.ca\/wp-content\/uploads\/2021\/09\/Soothing-Emulsion-\u2013-For-Men.jpg","width":1200,"height":1200,"caption":"\u00c9mulsion Apaisante \u2013 Pour Hommes"},{"@type":"BreadcrumbList","@id":"https:\/\/beautesantelorette.ca\/fr\/produit\/emulsion-apaisante-pour-hommes\/#breadcrumb","itemListElement":[{"@type":"ListItem","position":1,"name":"Home","item":"https:\/\/beautesantelorette.ca\/fr\/"},{"@type":"ListItem","position":2,"name":"Boutique","item":"https:\/\/beautesantelorette.ca\/fr\/boutique\/"},{"@type":"ListItem","position":3,"name":"\u00c9mulsion Apaisante \u2013 Pour Hommes"}]},{"@type":"WebSite","@id":"https:\/\/beautesantelorette.ca\/fr\/#website","url":"https:\/\/beautesantelorette.ca\/fr\/","name":"Beaut\u00e9 Sant\u00e9 Lorette","description":"Confiez-Nous Le Soin de VOTRE PEAU","publisher":{"@id":"https:\/\/beautesantelorette.ca\/fr\/#organization"},"potentialAction":[{"@type":"SearchAction","target":{"@type":"EntryPoint","urlTemplate":"https:\/\/beautesantelorette.ca\/fr\/?s={search_term_string}"},"query-input":{"@type":"PropertyValueSpecification","valueRequired":true,"valueName":"search_term_string"}}],"inLanguage":"fr-FR"},{"@type":"Organization","@id":"https:\/\/beautesantelorette.ca\/fr\/#organization","name":"Beaut\u00e9 Sant\u00e9 Lorette","url":"https:\/\/beautesantelorette.ca\/fr\/","logo":{"@type":"ImageObject","inLanguage":"fr-FR","@id":"https:\/\/beautesantelorette.ca\/fr\/#\/schema\/logo\/image\/","url":"https:\/\/beautesantelorette.ca\/wp-content\/uploads\/2021\/10\/bsl_surfgirl_logo_pos-1.svg","contentUrl":"https:\/\/beautesantelorette.ca\/wp-content\/uploads\/2021\/10\/bsl_surfgirl_logo_pos-1.svg","width":1533,"height":1200,"caption":"Beaut\u00e9 Sant\u00e9 Lorette"},"image":{"@id":"https:\/\/beautesantelorette.ca\/fr\/#\/schema\/logo\/image\/"},"sameAs":["https:\/\/www.facebook.com\/BeauteSanteLorette\/","https:\/\/www.instagram.com\/beautesantelorette\/"]}]}},"jetpack_sharing_enabled":true,"_links":{"self":[{"href":"https:\/\/beautesantelorette.ca\/fr\/wp-json\/wp\/v2\/product\/22257","targetHints":{"allow":["GET"]}}],"collection":[{"href":"https:\/\/beautesantelorette.ca\/fr\/wp-json\/wp\/v2\/product"}],"about":[{"href":"https:\/\/beautesantelorette.ca\/fr\/wp-json\/wp\/v2\/types\/product"}],"replies":[{"embeddable":true,"href":"https:\/\/beautesantelorette.ca\/fr\/wp-json\/wp\/v2\/comments?post=22257"}],"wp:featuredmedia":[{"embeddable":true,"href":"https:\/\/beautesantelorette.ca\/fr\/wp-json\/wp\/v2\/media\/21615"}],"wp:attachment":[{"href":"https:\/\/beautesantelorette.ca\/fr\/wp-json\/wp\/v2\/media?parent=22257"}],"wp:term":[{"taxonomy":"product_brand","embeddable":true,"href":"https:\/\/beautesantelorette.ca\/fr\/wp-json\/wp\/v2\/product_brand?post=22257"},{"taxonomy":"product_cat","embeddable":true,"href":"https:\/\/beautesantelorette.ca\/fr\/wp-json\/wp\/v2\/product_cat?post=22257"},{"taxonomy":"product_tag","embeddable":true,"href":"https:\/\/beautesantelorette.ca\/fr\/wp-json\/wp\/v2\/product_tag?post=22257"}],"curies":[{"name":"wp","href":"https:\/\/api.w.org\/{rel}","templated":true}]}}