{"id":22258,"date":"2021-09-29T19:19:57","date_gmt":"2021-09-29T19:19:57","guid":{"rendered":"https:\/\/beautelorette.wpengine.com\/product\/body-massage-oil\/"},"modified":"2023-01-25T20:43:31","modified_gmt":"2023-01-25T20:43:31","slug":"body-massage-oil","status":"publish","type":"product","link":"https:\/\/beautesantelorette.ca\/fr\/produit\/body-massage-oil\/","title":{"rendered":"Huile de Massage Corporel"},"content":{"rendered":"","protected":false},"excerpt":{"rendered":"<p>L\u2019Huile de Massage Corporel Nelly De Vuyst est un complexe d\u2019huiles nourrissantes de haute qualit\u00e9 aux propri\u00e9t\u00e9s sensorielles exceptionnelles pour procurer un toucher et un gliss\u00e9 des mains des plus agr\u00e9ables et relaxants. Cette huile riche et pr\u00e9cieuse rev\u00eat la peau d\u2019un voile lisse et assouplissant laissant la peau douce et velout\u00e9e pour une exp\u00e9rience de massage incomparable.<\/p>\n","protected":false},"featured_media":21618,"comment_status":"open","ping_status":"closed","template":"","meta":[],"product_brand":[],"product_cat":[237,232],"product_tag":[],"class_list":{"0":"post-22258","1":"product","2":"type-product","3":"status-publish","4":"has-post-thumbnail","6":"product_cat-bioscience-fr","7":"product_cat-nelly-de-vuyst-fr","9":"first","10":"instock","11":"taxable","12":"shipping-taxable","13":"purchasable","14":"product-type-simple"},"yoast_head":"<!-- This site is optimized with the Yoast SEO plugin v27.5 - https:\/\/yoast.com\/product\/yoast-seo-wordpress\/ -->\n<title>Huile de Massage Corporel - Beaut\u00e9 Sant\u00e9 Lorette<\/title>\n<meta name=\"description\" content=\"L\u2019Huile de Massage Corporel Nelly De Vuyst est un complexe d\u2019huiles nourrissantes de haute qualit\u00e9 aux propri\u00e9t\u00e9s sensorielles exceptionnelles pour procurer un toucher et un gliss\u00e9 des mains des plus agr\u00e9ables et relaxants. Cette huile riche et pr\u00e9cieuse rev\u00eat la peau d\u2019un voile lisse et assouplissant laissant la peau douce et velout\u00e9e pour une exp\u00e9rience de massage incomparable.\" \/>\n<meta name=\"robots\" content=\"index, follow, max-snippet:-1, max-image-preview:large, max-video-preview:-1\" \/>\n<link rel=\"canonical\" href=\"https:\/\/beautesantelorette.ca\/fr\/produit\/body-massage-oil\/\" \/>\n<meta property=\"og:locale\" content=\"fr_FR\" \/>\n<meta property=\"og:type\" content=\"article\" \/>\n<meta property=\"og:title\" content=\"Huile de Massage Corporel - Beaut\u00e9 Sant\u00e9 Lorette\" \/>\n<meta property=\"og:description\" content=\"L\u2019Huile de Massage Corporel Nelly De Vuyst est un complexe d\u2019huiles nourrissantes de haute qualit\u00e9 aux propri\u00e9t\u00e9s sensorielles exceptionnelles pour procurer un toucher et un gliss\u00e9 des mains des plus agr\u00e9ables et relaxants. Cette huile riche et pr\u00e9cieuse rev\u00eat la peau d\u2019un voile lisse et assouplissant laissant la peau douce et velout\u00e9e pour une exp\u00e9rience de massage incomparable.\" \/>\n<meta property=\"og:url\" content=\"https:\/\/beautesantelorette.ca\/fr\/produit\/body-massage-oil\/\" \/>\n<meta property=\"og:site_name\" content=\"Beaut\u00e9 Sant\u00e9 Lorette\" \/>\n<meta property=\"article:publisher\" content=\"https:\/\/www.facebook.com\/BeauteSanteLorette\/\" \/>\n<meta property=\"article:modified_time\" content=\"2023-01-25T20:43:31+00:00\" \/>\n<meta property=\"og:image\" content=\"https:\/\/beautesantelorette.ca\/wp-content\/uploads\/2021\/09\/Body-Massage-Oil.jpg\" \/>\n\t<meta property=\"og:image:width\" content=\"1200\" \/>\n\t<meta property=\"og:image:height\" content=\"1200\" \/>\n\t<meta property=\"og:image:type\" content=\"image\/jpeg\" \/>\n<meta name=\"twitter:card\" content=\"summary_large_image\" \/>\n<script type=\"application\/ld+json\" class=\"yoast-schema-graph\">{\"@context\":\"https:\\\/\\\/schema.org\",\"@graph\":[{\"@type\":\"WebPage\",\"@id\":\"https:\\\/\\\/beautesantelorette.ca\\\/fr\\\/produit\\\/body-massage-oil\\\/\",\"url\":\"https:\\\/\\\/beautesantelorette.ca\\\/fr\\\/produit\\\/body-massage-oil\\\/\",\"name\":\"Huile de Massage Corporel - Beaut\u00e9 Sant\u00e9 Lorette\",\"isPartOf\":{\"@id\":\"https:\\\/\\\/beautesantelorette.ca\\\/fr\\\/#website\"},\"primaryImageOfPage\":{\"@id\":\"https:\\\/\\\/beautesantelorette.ca\\\/fr\\\/produit\\\/body-massage-oil\\\/#primaryimage\"},\"image\":{\"@id\":\"https:\\\/\\\/beautesantelorette.ca\\\/fr\\\/produit\\\/body-massage-oil\\\/#primaryimage\"},\"thumbnailUrl\":\"https:\\\/\\\/beautesantelorette.ca\\\/wp-content\\\/uploads\\\/2021\\\/09\\\/Body-Massage-Oil.jpg\",\"datePublished\":\"2021-09-29T19:19:57+00:00\",\"dateModified\":\"2023-01-25T20:43:31+00:00\",\"description\":\"L\u2019Huile de Massage Corporel Nelly De Vuyst est un complexe d\u2019huiles nourrissantes de haute qualit\u00e9 aux propri\u00e9t\u00e9s sensorielles exceptionnelles pour procurer un toucher et un gliss\u00e9 des mains des plus agr\u00e9ables et relaxants. Cette huile riche et pr\u00e9cieuse rev\u00eat la peau d\u2019un voile lisse et assouplissant laissant la peau douce et velout\u00e9e pour une exp\u00e9rience de massage incomparable.\",\"breadcrumb\":{\"@id\":\"https:\\\/\\\/beautesantelorette.ca\\\/fr\\\/produit\\\/body-massage-oil\\\/#breadcrumb\"},\"inLanguage\":\"fr-FR\",\"potentialAction\":[{\"@type\":\"ReadAction\",\"target\":[\"https:\\\/\\\/beautesantelorette.ca\\\/fr\\\/produit\\\/body-massage-oil\\\/\"]}]},{\"@type\":\"ImageObject\",\"inLanguage\":\"fr-FR\",\"@id\":\"https:\\\/\\\/beautesantelorette.ca\\\/fr\\\/produit\\\/body-massage-oil\\\/#primaryimage\",\"url\":\"https:\\\/\\\/beautesantelorette.ca\\\/wp-content\\\/uploads\\\/2021\\\/09\\\/Body-Massage-Oil.jpg\",\"contentUrl\":\"https:\\\/\\\/beautesantelorette.ca\\\/wp-content\\\/uploads\\\/2021\\\/09\\\/Body-Massage-Oil.jpg\",\"width\":1200,\"height\":1200,\"caption\":\"Huile de Massage Corporel\"},{\"@type\":\"BreadcrumbList\",\"@id\":\"https:\\\/\\\/beautesantelorette.ca\\\/fr\\\/produit\\\/body-massage-oil\\\/#breadcrumb\",\"itemListElement\":[{\"@type\":\"ListItem\",\"position\":1,\"name\":\"Home\",\"item\":\"https:\\\/\\\/beautesantelorette.ca\\\/fr\\\/\"},{\"@type\":\"ListItem\",\"position\":2,\"name\":\"Boutique\",\"item\":\"https:\\\/\\\/beautesantelorette.ca\\\/fr\\\/boutique\\\/\"},{\"@type\":\"ListItem\",\"position\":3,\"name\":\"Huile de Massage Corporel\"}]},{\"@type\":\"WebSite\",\"@id\":\"https:\\\/\\\/beautesantelorette.ca\\\/fr\\\/#website\",\"url\":\"https:\\\/\\\/beautesantelorette.ca\\\/fr\\\/\",\"name\":\"Beaut\u00e9 Sant\u00e9 Lorette\",\"description\":\"Confiez-Nous Le Soin de VOTRE PEAU\",\"publisher\":{\"@id\":\"https:\\\/\\\/beautesantelorette.ca\\\/fr\\\/#organization\"},\"potentialAction\":[{\"@type\":\"SearchAction\",\"target\":{\"@type\":\"EntryPoint\",\"urlTemplate\":\"https:\\\/\\\/beautesantelorette.ca\\\/fr\\\/?s={search_term_string}\"},\"query-input\":{\"@type\":\"PropertyValueSpecification\",\"valueRequired\":true,\"valueName\":\"search_term_string\"}}],\"inLanguage\":\"fr-FR\"},{\"@type\":\"Organization\",\"@id\":\"https:\\\/\\\/beautesantelorette.ca\\\/fr\\\/#organization\",\"name\":\"Beaut\u00e9 Sant\u00e9 Lorette\",\"url\":\"https:\\\/\\\/beautesantelorette.ca\\\/fr\\\/\",\"logo\":{\"@type\":\"ImageObject\",\"inLanguage\":\"fr-FR\",\"@id\":\"https:\\\/\\\/beautesantelorette.ca\\\/fr\\\/#\\\/schema\\\/logo\\\/image\\\/\",\"url\":\"https:\\\/\\\/beautesantelorette.ca\\\/wp-content\\\/uploads\\\/2021\\\/10\\\/bsl_surfgirl_logo_pos-1.svg\",\"contentUrl\":\"https:\\\/\\\/beautesantelorette.ca\\\/wp-content\\\/uploads\\\/2021\\\/10\\\/bsl_surfgirl_logo_pos-1.svg\",\"width\":1533,\"height\":1200,\"caption\":\"Beaut\u00e9 Sant\u00e9 Lorette\"},\"image\":{\"@id\":\"https:\\\/\\\/beautesantelorette.ca\\\/fr\\\/#\\\/schema\\\/logo\\\/image\\\/\"},\"sameAs\":[\"https:\\\/\\\/www.facebook.com\\\/BeauteSanteLorette\\\/\",\"https:\\\/\\\/www.instagram.com\\\/beautesantelorette\\\/\"]}]}<\/script>\n<!-- \/ Yoast SEO plugin. -->","yoast_head_json":{"title":"Huile de Massage Corporel - Beaut\u00e9 Sant\u00e9 Lorette","description":"L\u2019Huile de Massage Corporel Nelly De Vuyst est un complexe d\u2019huiles nourrissantes de haute qualit\u00e9 aux propri\u00e9t\u00e9s sensorielles exceptionnelles pour procurer un toucher et un gliss\u00e9 des mains des plus agr\u00e9ables et relaxants. Cette huile riche et pr\u00e9cieuse rev\u00eat la peau d\u2019un voile lisse et assouplissant laissant la peau douce et velout\u00e9e pour une exp\u00e9rience de massage incomparable.","robots":{"index":"index","follow":"follow","max-snippet":"max-snippet:-1","max-image-preview":"max-image-preview:large","max-video-preview":"max-video-preview:-1"},"canonical":"https:\/\/beautesantelorette.ca\/fr\/produit\/body-massage-oil\/","og_locale":"fr_FR","og_type":"article","og_title":"Huile de Massage Corporel - Beaut\u00e9 Sant\u00e9 Lorette","og_description":"L\u2019Huile de Massage Corporel Nelly De Vuyst est un complexe d\u2019huiles nourrissantes de haute qualit\u00e9 aux propri\u00e9t\u00e9s sensorielles exceptionnelles pour procurer un toucher et un gliss\u00e9 des mains des plus agr\u00e9ables et relaxants. Cette huile riche et pr\u00e9cieuse rev\u00eat la peau d\u2019un voile lisse et assouplissant laissant la peau douce et velout\u00e9e pour une exp\u00e9rience de massage incomparable.","og_url":"https:\/\/beautesantelorette.ca\/fr\/produit\/body-massage-oil\/","og_site_name":"Beaut\u00e9 Sant\u00e9 Lorette","article_publisher":"https:\/\/www.facebook.com\/BeauteSanteLorette\/","article_modified_time":"2023-01-25T20:43:31+00:00","og_image":[{"width":1200,"height":1200,"url":"https:\/\/beautesantelorette.ca\/wp-content\/uploads\/2021\/09\/Body-Massage-Oil.jpg","type":"image\/jpeg"}],"twitter_card":"summary_large_image","schema":{"@context":"https:\/\/schema.org","@graph":[{"@type":"WebPage","@id":"https:\/\/beautesantelorette.ca\/fr\/produit\/body-massage-oil\/","url":"https:\/\/beautesantelorette.ca\/fr\/produit\/body-massage-oil\/","name":"Huile de Massage Corporel - Beaut\u00e9 Sant\u00e9 Lorette","isPartOf":{"@id":"https:\/\/beautesantelorette.ca\/fr\/#website"},"primaryImageOfPage":{"@id":"https:\/\/beautesantelorette.ca\/fr\/produit\/body-massage-oil\/#primaryimage"},"image":{"@id":"https:\/\/beautesantelorette.ca\/fr\/produit\/body-massage-oil\/#primaryimage"},"thumbnailUrl":"https:\/\/beautesantelorette.ca\/wp-content\/uploads\/2021\/09\/Body-Massage-Oil.jpg","datePublished":"2021-09-29T19:19:57+00:00","dateModified":"2023-01-25T20:43:31+00:00","description":"L\u2019Huile de Massage Corporel Nelly De Vuyst est un complexe d\u2019huiles nourrissantes de haute qualit\u00e9 aux propri\u00e9t\u00e9s sensorielles exceptionnelles pour procurer un toucher et un gliss\u00e9 des mains des plus agr\u00e9ables et relaxants. Cette huile riche et pr\u00e9cieuse rev\u00eat la peau d\u2019un voile lisse et assouplissant laissant la peau douce et velout\u00e9e pour une exp\u00e9rience de massage incomparable.","breadcrumb":{"@id":"https:\/\/beautesantelorette.ca\/fr\/produit\/body-massage-oil\/#breadcrumb"},"inLanguage":"fr-FR","potentialAction":[{"@type":"ReadAction","target":["https:\/\/beautesantelorette.ca\/fr\/produit\/body-massage-oil\/"]}]},{"@type":"ImageObject","inLanguage":"fr-FR","@id":"https:\/\/beautesantelorette.ca\/fr\/produit\/body-massage-oil\/#primaryimage","url":"https:\/\/beautesantelorette.ca\/wp-content\/uploads\/2021\/09\/Body-Massage-Oil.jpg","contentUrl":"https:\/\/beautesantelorette.ca\/wp-content\/uploads\/2021\/09\/Body-Massage-Oil.jpg","width":1200,"height":1200,"caption":"Huile de Massage Corporel"},{"@type":"BreadcrumbList","@id":"https:\/\/beautesantelorette.ca\/fr\/produit\/body-massage-oil\/#breadcrumb","itemListElement":[{"@type":"ListItem","position":1,"name":"Home","item":"https:\/\/beautesantelorette.ca\/fr\/"},{"@type":"ListItem","position":2,"name":"Boutique","item":"https:\/\/beautesantelorette.ca\/fr\/boutique\/"},{"@type":"ListItem","position":3,"name":"Huile de Massage Corporel"}]},{"@type":"WebSite","@id":"https:\/\/beautesantelorette.ca\/fr\/#website","url":"https:\/\/beautesantelorette.ca\/fr\/","name":"Beaut\u00e9 Sant\u00e9 Lorette","description":"Confiez-Nous Le Soin de VOTRE PEAU","publisher":{"@id":"https:\/\/beautesantelorette.ca\/fr\/#organization"},"potentialAction":[{"@type":"SearchAction","target":{"@type":"EntryPoint","urlTemplate":"https:\/\/beautesantelorette.ca\/fr\/?s={search_term_string}"},"query-input":{"@type":"PropertyValueSpecification","valueRequired":true,"valueName":"search_term_string"}}],"inLanguage":"fr-FR"},{"@type":"Organization","@id":"https:\/\/beautesantelorette.ca\/fr\/#organization","name":"Beaut\u00e9 Sant\u00e9 Lorette","url":"https:\/\/beautesantelorette.ca\/fr\/","logo":{"@type":"ImageObject","inLanguage":"fr-FR","@id":"https:\/\/beautesantelorette.ca\/fr\/#\/schema\/logo\/image\/","url":"https:\/\/beautesantelorette.ca\/wp-content\/uploads\/2021\/10\/bsl_surfgirl_logo_pos-1.svg","contentUrl":"https:\/\/beautesantelorette.ca\/wp-content\/uploads\/2021\/10\/bsl_surfgirl_logo_pos-1.svg","width":1533,"height":1200,"caption":"Beaut\u00e9 Sant\u00e9 Lorette"},"image":{"@id":"https:\/\/beautesantelorette.ca\/fr\/#\/schema\/logo\/image\/"},"sameAs":["https:\/\/www.facebook.com\/BeauteSanteLorette\/","https:\/\/www.instagram.com\/beautesantelorette\/"]}]}},"jetpack_sharing_enabled":true,"_links":{"self":[{"href":"https:\/\/beautesantelorette.ca\/fr\/wp-json\/wp\/v2\/product\/22258","targetHints":{"allow":["GET"]}}],"collection":[{"href":"https:\/\/beautesantelorette.ca\/fr\/wp-json\/wp\/v2\/product"}],"about":[{"href":"https:\/\/beautesantelorette.ca\/fr\/wp-json\/wp\/v2\/types\/product"}],"replies":[{"embeddable":true,"href":"https:\/\/beautesantelorette.ca\/fr\/wp-json\/wp\/v2\/comments?post=22258"}],"wp:featuredmedia":[{"embeddable":true,"href":"https:\/\/beautesantelorette.ca\/fr\/wp-json\/wp\/v2\/media\/21618"}],"wp:attachment":[{"href":"https:\/\/beautesantelorette.ca\/fr\/wp-json\/wp\/v2\/media?parent=22258"}],"wp:term":[{"taxonomy":"product_brand","embeddable":true,"href":"https:\/\/beautesantelorette.ca\/fr\/wp-json\/wp\/v2\/product_brand?post=22258"},{"taxonomy":"product_cat","embeddable":true,"href":"https:\/\/beautesantelorette.ca\/fr\/wp-json\/wp\/v2\/product_cat?post=22258"},{"taxonomy":"product_tag","embeddable":true,"href":"https:\/\/beautesantelorette.ca\/fr\/wp-json\/wp\/v2\/product_tag?post=22258"}],"curies":[{"name":"wp","href":"https:\/\/api.w.org\/{rel}","templated":true}]}}