{"id":22259,"date":"2021-09-29T19:25:24","date_gmt":"2021-09-29T19:25:24","guid":{"rendered":"https:\/\/beautelorette.wpengine.com\/product\/circulacreme\/"},"modified":"2025-01-03T22:51:15","modified_gmt":"2025-01-03T22:51:15","slug":"circulacreme","status":"publish","type":"product","link":"https:\/\/beautesantelorette.ca\/fr\/produit\/circulacreme\/","title":{"rendered":"CirculaCr\u00e8me"},"content":{"rendered":"","protected":false},"excerpt":{"rendered":"<p>La CirculaCr\u00e8me Nelly De Vuyst est id\u00e9ale pour les personnes sujettes aux jambes lourdes, \u00e0 la cellulite hydrique, \u00e0 l\u2019arthrite, \u00e0 l\u2019ost\u00e9oporose, ayant des douleurs musculaires, des douleurs ou des douleurs articulaires inflammatoires. Cette cr\u00e8me th\u00e9rapeutique aide au r\u00e9\u00e9quilibre des pressions hydrostatiques. Compos\u00e9e d\u2019ingr\u00e9dients d\u00e9congestionnants, drainants, vasoconstricteurs et anti-inflammatoires. R\u00e9duit l\u2019inflammation au niveau articulaire et musculaire. Am\u00e9liore l\u2019apparence de la cellulite hydrique.<\/p>\n","protected":false},"featured_media":21622,"comment_status":"open","ping_status":"closed","template":"","meta":[],"product_brand":[],"product_cat":[237,232,259],"product_tag":[],"class_list":{"0":"post-22259","1":"product","2":"type-product","3":"status-publish","4":"has-post-thumbnail","6":"product_cat-bioscience-fr","7":"product_cat-nelly-de-vuyst-fr","8":"product_cat-soins-des-cheveux-corps","10":"first","11":"instock","12":"taxable","13":"shipping-taxable","14":"purchasable","15":"product-type-simple"},"yoast_head":"<!-- This site is optimized with the Yoast SEO plugin v27.4 - https:\/\/yoast.com\/product\/yoast-seo-wordpress\/ -->\n<title>CirculaCr\u00e8me - Beaut\u00e9 Sant\u00e9 Lorette<\/title>\n<meta name=\"description\" content=\"La CirculaCr\u00e8me Nelly De Vuyst est id\u00e9ale pour les personnes sujettes aux jambes lourdes, \u00e0 la cellulite hydrique, \u00e0 l\u2019arthrite, \u00e0 l\u2019ost\u00e9oporose, ayant des douleurs musculaires, des douleurs ou des douleurs articulaires inflammatoires. Cette cr\u00e8me th\u00e9rapeutique aide au r\u00e9\u00e9quilibre des pressions hydrostatiques. Compos\u00e9e d\u2019ingr\u00e9dients d\u00e9congestionnants, drainants, vasoconstricteurs et anti-inflammatoires. R\u00e9duit l\u2019inflammation au niveau articulaire et musculaire. Am\u00e9liore l\u2019apparence de la cellulite hydrique.\" \/>\n<meta name=\"robots\" content=\"index, follow, max-snippet:-1, max-image-preview:large, max-video-preview:-1\" \/>\n<link rel=\"canonical\" href=\"https:\/\/beautesantelorette.ca\/fr\/produit\/circulacreme\/\" \/>\n<meta property=\"og:locale\" content=\"fr_FR\" \/>\n<meta property=\"og:type\" content=\"article\" \/>\n<meta property=\"og:title\" content=\"CirculaCr\u00e8me - Beaut\u00e9 Sant\u00e9 Lorette\" \/>\n<meta property=\"og:description\" content=\"La CirculaCr\u00e8me Nelly De Vuyst est id\u00e9ale pour les personnes sujettes aux jambes lourdes, \u00e0 la cellulite hydrique, \u00e0 l\u2019arthrite, \u00e0 l\u2019ost\u00e9oporose, ayant des douleurs musculaires, des douleurs ou des douleurs articulaires inflammatoires. Cette cr\u00e8me th\u00e9rapeutique aide au r\u00e9\u00e9quilibre des pressions hydrostatiques. Compos\u00e9e d\u2019ingr\u00e9dients d\u00e9congestionnants, drainants, vasoconstricteurs et anti-inflammatoires. R\u00e9duit l\u2019inflammation au niveau articulaire et musculaire. Am\u00e9liore l\u2019apparence de la cellulite hydrique.\" \/>\n<meta property=\"og:url\" content=\"https:\/\/beautesantelorette.ca\/fr\/produit\/circulacreme\/\" \/>\n<meta property=\"og:site_name\" content=\"Beaut\u00e9 Sant\u00e9 Lorette\" \/>\n<meta property=\"article:publisher\" content=\"https:\/\/www.facebook.com\/BeauteSanteLorette\/\" \/>\n<meta property=\"article:modified_time\" content=\"2025-01-03T22:51:15+00:00\" \/>\n<meta property=\"og:image\" content=\"https:\/\/beautesantelorette.ca\/wp-content\/uploads\/2021\/09\/CirculaCreme.jpg\" \/>\n\t<meta property=\"og:image:width\" content=\"1200\" \/>\n\t<meta property=\"og:image:height\" content=\"1200\" \/>\n\t<meta property=\"og:image:type\" content=\"image\/jpeg\" \/>\n<meta name=\"twitter:card\" content=\"summary_large_image\" \/>\n<script type=\"application\/ld+json\" class=\"yoast-schema-graph\">{\"@context\":\"https:\\\/\\\/schema.org\",\"@graph\":[{\"@type\":\"WebPage\",\"@id\":\"https:\\\/\\\/beautesantelorette.ca\\\/fr\\\/produit\\\/circulacreme\\\/\",\"url\":\"https:\\\/\\\/beautesantelorette.ca\\\/fr\\\/produit\\\/circulacreme\\\/\",\"name\":\"CirculaCr\u00e8me - Beaut\u00e9 Sant\u00e9 Lorette\",\"isPartOf\":{\"@id\":\"https:\\\/\\\/beautesantelorette.ca\\\/fr\\\/#website\"},\"primaryImageOfPage\":{\"@id\":\"https:\\\/\\\/beautesantelorette.ca\\\/fr\\\/produit\\\/circulacreme\\\/#primaryimage\"},\"image\":{\"@id\":\"https:\\\/\\\/beautesantelorette.ca\\\/fr\\\/produit\\\/circulacreme\\\/#primaryimage\"},\"thumbnailUrl\":\"https:\\\/\\\/beautesantelorette.ca\\\/wp-content\\\/uploads\\\/2021\\\/09\\\/CirculaCreme.jpg\",\"datePublished\":\"2021-09-29T19:25:24+00:00\",\"dateModified\":\"2025-01-03T22:51:15+00:00\",\"description\":\"La CirculaCr\u00e8me Nelly De Vuyst est id\u00e9ale pour les personnes sujettes aux jambes lourdes, \u00e0 la cellulite hydrique, \u00e0 l\u2019arthrite, \u00e0 l\u2019ost\u00e9oporose, ayant des douleurs musculaires, des douleurs ou des douleurs articulaires inflammatoires. Cette cr\u00e8me th\u00e9rapeutique aide au r\u00e9\u00e9quilibre des pressions hydrostatiques. Compos\u00e9e d\u2019ingr\u00e9dients d\u00e9congestionnants, drainants, vasoconstricteurs et anti-inflammatoires. R\u00e9duit l\u2019inflammation au niveau articulaire et musculaire. Am\u00e9liore l\u2019apparence de la cellulite hydrique.\",\"breadcrumb\":{\"@id\":\"https:\\\/\\\/beautesantelorette.ca\\\/fr\\\/produit\\\/circulacreme\\\/#breadcrumb\"},\"inLanguage\":\"fr-FR\",\"potentialAction\":[{\"@type\":\"ReadAction\",\"target\":[\"https:\\\/\\\/beautesantelorette.ca\\\/fr\\\/produit\\\/circulacreme\\\/\"]}]},{\"@type\":\"ImageObject\",\"inLanguage\":\"fr-FR\",\"@id\":\"https:\\\/\\\/beautesantelorette.ca\\\/fr\\\/produit\\\/circulacreme\\\/#primaryimage\",\"url\":\"https:\\\/\\\/beautesantelorette.ca\\\/wp-content\\\/uploads\\\/2021\\\/09\\\/CirculaCreme.jpg\",\"contentUrl\":\"https:\\\/\\\/beautesantelorette.ca\\\/wp-content\\\/uploads\\\/2021\\\/09\\\/CirculaCreme.jpg\",\"width\":1200,\"height\":1200,\"caption\":\"CirculaCr\u00e8me\"},{\"@type\":\"BreadcrumbList\",\"@id\":\"https:\\\/\\\/beautesantelorette.ca\\\/fr\\\/produit\\\/circulacreme\\\/#breadcrumb\",\"itemListElement\":[{\"@type\":\"ListItem\",\"position\":1,\"name\":\"Home\",\"item\":\"https:\\\/\\\/beautesantelorette.ca\\\/fr\\\/\"},{\"@type\":\"ListItem\",\"position\":2,\"name\":\"Boutique\",\"item\":\"https:\\\/\\\/beautesantelorette.ca\\\/fr\\\/boutique\\\/\"},{\"@type\":\"ListItem\",\"position\":3,\"name\":\"CirculaCr\u00e8me\"}]},{\"@type\":\"WebSite\",\"@id\":\"https:\\\/\\\/beautesantelorette.ca\\\/fr\\\/#website\",\"url\":\"https:\\\/\\\/beautesantelorette.ca\\\/fr\\\/\",\"name\":\"Beaut\u00e9 Sant\u00e9 Lorette\",\"description\":\"Confiez-Nous Le Soin de VOTRE PEAU\",\"publisher\":{\"@id\":\"https:\\\/\\\/beautesantelorette.ca\\\/fr\\\/#organization\"},\"potentialAction\":[{\"@type\":\"SearchAction\",\"target\":{\"@type\":\"EntryPoint\",\"urlTemplate\":\"https:\\\/\\\/beautesantelorette.ca\\\/fr\\\/?s={search_term_string}\"},\"query-input\":{\"@type\":\"PropertyValueSpecification\",\"valueRequired\":true,\"valueName\":\"search_term_string\"}}],\"inLanguage\":\"fr-FR\"},{\"@type\":\"Organization\",\"@id\":\"https:\\\/\\\/beautesantelorette.ca\\\/fr\\\/#organization\",\"name\":\"Beaut\u00e9 Sant\u00e9 Lorette\",\"url\":\"https:\\\/\\\/beautesantelorette.ca\\\/fr\\\/\",\"logo\":{\"@type\":\"ImageObject\",\"inLanguage\":\"fr-FR\",\"@id\":\"https:\\\/\\\/beautesantelorette.ca\\\/fr\\\/#\\\/schema\\\/logo\\\/image\\\/\",\"url\":\"https:\\\/\\\/beautesantelorette.ca\\\/wp-content\\\/uploads\\\/2021\\\/10\\\/bsl_surfgirl_logo_pos-1.svg\",\"contentUrl\":\"https:\\\/\\\/beautesantelorette.ca\\\/wp-content\\\/uploads\\\/2021\\\/10\\\/bsl_surfgirl_logo_pos-1.svg\",\"width\":1533,\"height\":1200,\"caption\":\"Beaut\u00e9 Sant\u00e9 Lorette\"},\"image\":{\"@id\":\"https:\\\/\\\/beautesantelorette.ca\\\/fr\\\/#\\\/schema\\\/logo\\\/image\\\/\"},\"sameAs\":[\"https:\\\/\\\/www.facebook.com\\\/BeauteSanteLorette\\\/\",\"https:\\\/\\\/www.instagram.com\\\/beautesantelorette\\\/\"]}]}<\/script>\n<!-- \/ Yoast SEO plugin. -->","yoast_head_json":{"title":"CirculaCr\u00e8me - Beaut\u00e9 Sant\u00e9 Lorette","description":"La CirculaCr\u00e8me Nelly De Vuyst est id\u00e9ale pour les personnes sujettes aux jambes lourdes, \u00e0 la cellulite hydrique, \u00e0 l\u2019arthrite, \u00e0 l\u2019ost\u00e9oporose, ayant des douleurs musculaires, des douleurs ou des douleurs articulaires inflammatoires. Cette cr\u00e8me th\u00e9rapeutique aide au r\u00e9\u00e9quilibre des pressions hydrostatiques. Compos\u00e9e d\u2019ingr\u00e9dients d\u00e9congestionnants, drainants, vasoconstricteurs et anti-inflammatoires. R\u00e9duit l\u2019inflammation au niveau articulaire et musculaire. Am\u00e9liore l\u2019apparence de la cellulite hydrique.","robots":{"index":"index","follow":"follow","max-snippet":"max-snippet:-1","max-image-preview":"max-image-preview:large","max-video-preview":"max-video-preview:-1"},"canonical":"https:\/\/beautesantelorette.ca\/fr\/produit\/circulacreme\/","og_locale":"fr_FR","og_type":"article","og_title":"CirculaCr\u00e8me - Beaut\u00e9 Sant\u00e9 Lorette","og_description":"La CirculaCr\u00e8me Nelly De Vuyst est id\u00e9ale pour les personnes sujettes aux jambes lourdes, \u00e0 la cellulite hydrique, \u00e0 l\u2019arthrite, \u00e0 l\u2019ost\u00e9oporose, ayant des douleurs musculaires, des douleurs ou des douleurs articulaires inflammatoires. Cette cr\u00e8me th\u00e9rapeutique aide au r\u00e9\u00e9quilibre des pressions hydrostatiques. Compos\u00e9e d\u2019ingr\u00e9dients d\u00e9congestionnants, drainants, vasoconstricteurs et anti-inflammatoires. R\u00e9duit l\u2019inflammation au niveau articulaire et musculaire. Am\u00e9liore l\u2019apparence de la cellulite hydrique.","og_url":"https:\/\/beautesantelorette.ca\/fr\/produit\/circulacreme\/","og_site_name":"Beaut\u00e9 Sant\u00e9 Lorette","article_publisher":"https:\/\/www.facebook.com\/BeauteSanteLorette\/","article_modified_time":"2025-01-03T22:51:15+00:00","og_image":[{"width":1200,"height":1200,"url":"https:\/\/beautesantelorette.ca\/wp-content\/uploads\/2021\/09\/CirculaCreme.jpg","type":"image\/jpeg"}],"twitter_card":"summary_large_image","schema":{"@context":"https:\/\/schema.org","@graph":[{"@type":"WebPage","@id":"https:\/\/beautesantelorette.ca\/fr\/produit\/circulacreme\/","url":"https:\/\/beautesantelorette.ca\/fr\/produit\/circulacreme\/","name":"CirculaCr\u00e8me - Beaut\u00e9 Sant\u00e9 Lorette","isPartOf":{"@id":"https:\/\/beautesantelorette.ca\/fr\/#website"},"primaryImageOfPage":{"@id":"https:\/\/beautesantelorette.ca\/fr\/produit\/circulacreme\/#primaryimage"},"image":{"@id":"https:\/\/beautesantelorette.ca\/fr\/produit\/circulacreme\/#primaryimage"},"thumbnailUrl":"https:\/\/beautesantelorette.ca\/wp-content\/uploads\/2021\/09\/CirculaCreme.jpg","datePublished":"2021-09-29T19:25:24+00:00","dateModified":"2025-01-03T22:51:15+00:00","description":"La CirculaCr\u00e8me Nelly De Vuyst est id\u00e9ale pour les personnes sujettes aux jambes lourdes, \u00e0 la cellulite hydrique, \u00e0 l\u2019arthrite, \u00e0 l\u2019ost\u00e9oporose, ayant des douleurs musculaires, des douleurs ou des douleurs articulaires inflammatoires. Cette cr\u00e8me th\u00e9rapeutique aide au r\u00e9\u00e9quilibre des pressions hydrostatiques. Compos\u00e9e d\u2019ingr\u00e9dients d\u00e9congestionnants, drainants, vasoconstricteurs et anti-inflammatoires. R\u00e9duit l\u2019inflammation au niveau articulaire et musculaire. Am\u00e9liore l\u2019apparence de la cellulite hydrique.","breadcrumb":{"@id":"https:\/\/beautesantelorette.ca\/fr\/produit\/circulacreme\/#breadcrumb"},"inLanguage":"fr-FR","potentialAction":[{"@type":"ReadAction","target":["https:\/\/beautesantelorette.ca\/fr\/produit\/circulacreme\/"]}]},{"@type":"ImageObject","inLanguage":"fr-FR","@id":"https:\/\/beautesantelorette.ca\/fr\/produit\/circulacreme\/#primaryimage","url":"https:\/\/beautesantelorette.ca\/wp-content\/uploads\/2021\/09\/CirculaCreme.jpg","contentUrl":"https:\/\/beautesantelorette.ca\/wp-content\/uploads\/2021\/09\/CirculaCreme.jpg","width":1200,"height":1200,"caption":"CirculaCr\u00e8me"},{"@type":"BreadcrumbList","@id":"https:\/\/beautesantelorette.ca\/fr\/produit\/circulacreme\/#breadcrumb","itemListElement":[{"@type":"ListItem","position":1,"name":"Home","item":"https:\/\/beautesantelorette.ca\/fr\/"},{"@type":"ListItem","position":2,"name":"Boutique","item":"https:\/\/beautesantelorette.ca\/fr\/boutique\/"},{"@type":"ListItem","position":3,"name":"CirculaCr\u00e8me"}]},{"@type":"WebSite","@id":"https:\/\/beautesantelorette.ca\/fr\/#website","url":"https:\/\/beautesantelorette.ca\/fr\/","name":"Beaut\u00e9 Sant\u00e9 Lorette","description":"Confiez-Nous Le Soin de VOTRE PEAU","publisher":{"@id":"https:\/\/beautesantelorette.ca\/fr\/#organization"},"potentialAction":[{"@type":"SearchAction","target":{"@type":"EntryPoint","urlTemplate":"https:\/\/beautesantelorette.ca\/fr\/?s={search_term_string}"},"query-input":{"@type":"PropertyValueSpecification","valueRequired":true,"valueName":"search_term_string"}}],"inLanguage":"fr-FR"},{"@type":"Organization","@id":"https:\/\/beautesantelorette.ca\/fr\/#organization","name":"Beaut\u00e9 Sant\u00e9 Lorette","url":"https:\/\/beautesantelorette.ca\/fr\/","logo":{"@type":"ImageObject","inLanguage":"fr-FR","@id":"https:\/\/beautesantelorette.ca\/fr\/#\/schema\/logo\/image\/","url":"https:\/\/beautesantelorette.ca\/wp-content\/uploads\/2021\/10\/bsl_surfgirl_logo_pos-1.svg","contentUrl":"https:\/\/beautesantelorette.ca\/wp-content\/uploads\/2021\/10\/bsl_surfgirl_logo_pos-1.svg","width":1533,"height":1200,"caption":"Beaut\u00e9 Sant\u00e9 Lorette"},"image":{"@id":"https:\/\/beautesantelorette.ca\/fr\/#\/schema\/logo\/image\/"},"sameAs":["https:\/\/www.facebook.com\/BeauteSanteLorette\/","https:\/\/www.instagram.com\/beautesantelorette\/"]}]}},"jetpack_sharing_enabled":true,"_links":{"self":[{"href":"https:\/\/beautesantelorette.ca\/fr\/wp-json\/wp\/v2\/product\/22259","targetHints":{"allow":["GET"]}}],"collection":[{"href":"https:\/\/beautesantelorette.ca\/fr\/wp-json\/wp\/v2\/product"}],"about":[{"href":"https:\/\/beautesantelorette.ca\/fr\/wp-json\/wp\/v2\/types\/product"}],"replies":[{"embeddable":true,"href":"https:\/\/beautesantelorette.ca\/fr\/wp-json\/wp\/v2\/comments?post=22259"}],"wp:featuredmedia":[{"embeddable":true,"href":"https:\/\/beautesantelorette.ca\/fr\/wp-json\/wp\/v2\/media\/21622"}],"wp:attachment":[{"href":"https:\/\/beautesantelorette.ca\/fr\/wp-json\/wp\/v2\/media?parent=22259"}],"wp:term":[{"taxonomy":"product_brand","embeddable":true,"href":"https:\/\/beautesantelorette.ca\/fr\/wp-json\/wp\/v2\/product_brand?post=22259"},{"taxonomy":"product_cat","embeddable":true,"href":"https:\/\/beautesantelorette.ca\/fr\/wp-json\/wp\/v2\/product_cat?post=22259"},{"taxonomy":"product_tag","embeddable":true,"href":"https:\/\/beautesantelorette.ca\/fr\/wp-json\/wp\/v2\/product_tag?post=22259"}],"curies":[{"name":"wp","href":"https:\/\/api.w.org\/{rel}","templated":true}]}}