{"id":22260,"date":"2021-09-29T20:05:14","date_gmt":"2021-09-29T20:05:14","guid":{"rendered":"https:\/\/beautelorette.wpengine.com\/product\/circulaoil\/"},"modified":"2021-11-26T16:41:11","modified_gmt":"2021-11-26T16:41:11","slug":"circulaoil","status":"publish","type":"product","link":"https:\/\/beautesantelorette.ca\/fr\/produit\/circulaoil\/","title":{"rendered":"CirculaOil"},"content":{"rendered":"","protected":false},"excerpt":{"rendered":"<p>Le CirculaOil Nelly De Vuyst est id\u00e9ale pour les jambes lourdes pr\u00e9sentant de la \u00ab peau de crocodile \u00bb. Une huile corporelle qui restaure l\u2019hydratation optimale de la peau des jambes. Compos\u00e9e d\u2019ingr\u00e9dients d\u00e9congestionnants, anti-inflammatoires et vaso-tonifiants. Id\u00e9ale pour les personnes pr\u00e9dispos\u00e9es aux probl\u00e8mes circulatoires (insuffisance veineuse etc.). Dissipe les sensations de douleurs et de jambes lourdes. Procure une sensation imm\u00e9diate de fra\u00eecheur et de l\u00e9g\u00e8ret\u00e9.<\/p>\n","protected":false},"featured_media":21623,"comment_status":"open","ping_status":"closed","template":"","meta":[],"product_brand":[],"product_cat":[237,232,259],"product_tag":[],"class_list":{"0":"post-22260","1":"product","2":"type-product","3":"status-publish","4":"has-post-thumbnail","6":"product_cat-bioscience-fr","7":"product_cat-nelly-de-vuyst-fr","8":"product_cat-soins-des-cheveux-corps","10":"first","11":"instock","12":"taxable","13":"shipping-taxable","14":"purchasable","15":"product-type-simple"},"yoast_head":"<!-- This site is optimized with the Yoast SEO plugin v27.4 - https:\/\/yoast.com\/product\/yoast-seo-wordpress\/ -->\n<title>CirculaOil - Beaut\u00e9 Sant\u00e9 Lorette<\/title>\n<meta name=\"description\" content=\"Le CirculaOil Nelly De Vuyst est id\u00e9ale pour les jambes lourdes pr\u00e9sentant de la \u00ab peau de crocodile \u00bb. Une huile corporelle qui restaure l\u2019hydratation optimale de la peau des jambes. Compos\u00e9e d\u2019ingr\u00e9dients d\u00e9congestionnants, anti-inflammatoires et vaso-tonifiants. Id\u00e9ale pour les personnes pr\u00e9dispos\u00e9es aux probl\u00e8mes circulatoires (insuffisance veineuse etc.). Dissipe les sensations de douleurs et de jambes lourdes. Procure une sensation imm\u00e9diate de fra\u00eecheur et de l\u00e9g\u00e8ret\u00e9.\" \/>\n<meta name=\"robots\" content=\"index, follow, max-snippet:-1, max-image-preview:large, max-video-preview:-1\" \/>\n<link rel=\"canonical\" href=\"https:\/\/beautesantelorette.ca\/fr\/produit\/circulaoil\/\" \/>\n<meta property=\"og:locale\" content=\"fr_FR\" \/>\n<meta property=\"og:type\" content=\"article\" \/>\n<meta property=\"og:title\" content=\"CirculaOil - Beaut\u00e9 Sant\u00e9 Lorette\" \/>\n<meta property=\"og:description\" content=\"Le CirculaOil Nelly De Vuyst est id\u00e9ale pour les jambes lourdes pr\u00e9sentant de la \u00ab peau de crocodile \u00bb. Une huile corporelle qui restaure l\u2019hydratation optimale de la peau des jambes. Compos\u00e9e d\u2019ingr\u00e9dients d\u00e9congestionnants, anti-inflammatoires et vaso-tonifiants. Id\u00e9ale pour les personnes pr\u00e9dispos\u00e9es aux probl\u00e8mes circulatoires (insuffisance veineuse etc.). Dissipe les sensations de douleurs et de jambes lourdes. Procure une sensation imm\u00e9diate de fra\u00eecheur et de l\u00e9g\u00e8ret\u00e9.\" \/>\n<meta property=\"og:url\" content=\"https:\/\/beautesantelorette.ca\/fr\/produit\/circulaoil\/\" \/>\n<meta property=\"og:site_name\" content=\"Beaut\u00e9 Sant\u00e9 Lorette\" \/>\n<meta property=\"article:publisher\" content=\"https:\/\/www.facebook.com\/BeauteSanteLorette\/\" \/>\n<meta property=\"article:modified_time\" content=\"2021-11-26T16:41:11+00:00\" \/>\n<meta property=\"og:image\" content=\"https:\/\/beautesantelorette.ca\/wp-content\/uploads\/2021\/09\/CirculaOil.jpg\" \/>\n\t<meta property=\"og:image:width\" content=\"1200\" \/>\n\t<meta property=\"og:image:height\" content=\"1200\" \/>\n\t<meta property=\"og:image:type\" content=\"image\/jpeg\" \/>\n<meta name=\"twitter:card\" content=\"summary_large_image\" \/>\n<script type=\"application\/ld+json\" class=\"yoast-schema-graph\">{\"@context\":\"https:\\\/\\\/schema.org\",\"@graph\":[{\"@type\":\"WebPage\",\"@id\":\"https:\\\/\\\/beautesantelorette.ca\\\/fr\\\/produit\\\/circulaoil\\\/\",\"url\":\"https:\\\/\\\/beautesantelorette.ca\\\/fr\\\/produit\\\/circulaoil\\\/\",\"name\":\"CirculaOil - Beaut\u00e9 Sant\u00e9 Lorette\",\"isPartOf\":{\"@id\":\"https:\\\/\\\/beautesantelorette.ca\\\/fr\\\/#website\"},\"primaryImageOfPage\":{\"@id\":\"https:\\\/\\\/beautesantelorette.ca\\\/fr\\\/produit\\\/circulaoil\\\/#primaryimage\"},\"image\":{\"@id\":\"https:\\\/\\\/beautesantelorette.ca\\\/fr\\\/produit\\\/circulaoil\\\/#primaryimage\"},\"thumbnailUrl\":\"https:\\\/\\\/beautesantelorette.ca\\\/wp-content\\\/uploads\\\/2021\\\/09\\\/CirculaOil.jpg\",\"datePublished\":\"2021-09-29T20:05:14+00:00\",\"dateModified\":\"2021-11-26T16:41:11+00:00\",\"description\":\"Le CirculaOil Nelly De Vuyst est id\u00e9ale pour les jambes lourdes pr\u00e9sentant de la \u00ab peau de crocodile \u00bb. Une huile corporelle qui restaure l\u2019hydratation optimale de la peau des jambes. Compos\u00e9e d\u2019ingr\u00e9dients d\u00e9congestionnants, anti-inflammatoires et vaso-tonifiants. Id\u00e9ale pour les personnes pr\u00e9dispos\u00e9es aux probl\u00e8mes circulatoires (insuffisance veineuse etc.). Dissipe les sensations de douleurs et de jambes lourdes. Procure une sensation imm\u00e9diate de fra\u00eecheur et de l\u00e9g\u00e8ret\u00e9.\",\"breadcrumb\":{\"@id\":\"https:\\\/\\\/beautesantelorette.ca\\\/fr\\\/produit\\\/circulaoil\\\/#breadcrumb\"},\"inLanguage\":\"fr-FR\",\"potentialAction\":[{\"@type\":\"ReadAction\",\"target\":[\"https:\\\/\\\/beautesantelorette.ca\\\/fr\\\/produit\\\/circulaoil\\\/\"]}]},{\"@type\":\"ImageObject\",\"inLanguage\":\"fr-FR\",\"@id\":\"https:\\\/\\\/beautesantelorette.ca\\\/fr\\\/produit\\\/circulaoil\\\/#primaryimage\",\"url\":\"https:\\\/\\\/beautesantelorette.ca\\\/wp-content\\\/uploads\\\/2021\\\/09\\\/CirculaOil.jpg\",\"contentUrl\":\"https:\\\/\\\/beautesantelorette.ca\\\/wp-content\\\/uploads\\\/2021\\\/09\\\/CirculaOil.jpg\",\"width\":1200,\"height\":1200,\"caption\":\"CirculaOil\"},{\"@type\":\"BreadcrumbList\",\"@id\":\"https:\\\/\\\/beautesantelorette.ca\\\/fr\\\/produit\\\/circulaoil\\\/#breadcrumb\",\"itemListElement\":[{\"@type\":\"ListItem\",\"position\":1,\"name\":\"Home\",\"item\":\"https:\\\/\\\/beautesantelorette.ca\\\/fr\\\/\"},{\"@type\":\"ListItem\",\"position\":2,\"name\":\"Boutique\",\"item\":\"https:\\\/\\\/beautesantelorette.ca\\\/fr\\\/boutique\\\/\"},{\"@type\":\"ListItem\",\"position\":3,\"name\":\"CirculaOil\"}]},{\"@type\":\"WebSite\",\"@id\":\"https:\\\/\\\/beautesantelorette.ca\\\/fr\\\/#website\",\"url\":\"https:\\\/\\\/beautesantelorette.ca\\\/fr\\\/\",\"name\":\"Beaut\u00e9 Sant\u00e9 Lorette\",\"description\":\"Confiez-Nous Le Soin de VOTRE PEAU\",\"publisher\":{\"@id\":\"https:\\\/\\\/beautesantelorette.ca\\\/fr\\\/#organization\"},\"potentialAction\":[{\"@type\":\"SearchAction\",\"target\":{\"@type\":\"EntryPoint\",\"urlTemplate\":\"https:\\\/\\\/beautesantelorette.ca\\\/fr\\\/?s={search_term_string}\"},\"query-input\":{\"@type\":\"PropertyValueSpecification\",\"valueRequired\":true,\"valueName\":\"search_term_string\"}}],\"inLanguage\":\"fr-FR\"},{\"@type\":\"Organization\",\"@id\":\"https:\\\/\\\/beautesantelorette.ca\\\/fr\\\/#organization\",\"name\":\"Beaut\u00e9 Sant\u00e9 Lorette\",\"url\":\"https:\\\/\\\/beautesantelorette.ca\\\/fr\\\/\",\"logo\":{\"@type\":\"ImageObject\",\"inLanguage\":\"fr-FR\",\"@id\":\"https:\\\/\\\/beautesantelorette.ca\\\/fr\\\/#\\\/schema\\\/logo\\\/image\\\/\",\"url\":\"https:\\\/\\\/beautesantelorette.ca\\\/wp-content\\\/uploads\\\/2021\\\/10\\\/bsl_surfgirl_logo_pos-1.svg\",\"contentUrl\":\"https:\\\/\\\/beautesantelorette.ca\\\/wp-content\\\/uploads\\\/2021\\\/10\\\/bsl_surfgirl_logo_pos-1.svg\",\"width\":1533,\"height\":1200,\"caption\":\"Beaut\u00e9 Sant\u00e9 Lorette\"},\"image\":{\"@id\":\"https:\\\/\\\/beautesantelorette.ca\\\/fr\\\/#\\\/schema\\\/logo\\\/image\\\/\"},\"sameAs\":[\"https:\\\/\\\/www.facebook.com\\\/BeauteSanteLorette\\\/\",\"https:\\\/\\\/www.instagram.com\\\/beautesantelorette\\\/\"]}]}<\/script>\n<!-- \/ Yoast SEO plugin. -->","yoast_head_json":{"title":"CirculaOil - Beaut\u00e9 Sant\u00e9 Lorette","description":"Le CirculaOil Nelly De Vuyst est id\u00e9ale pour les jambes lourdes pr\u00e9sentant de la \u00ab peau de crocodile \u00bb. Une huile corporelle qui restaure l\u2019hydratation optimale de la peau des jambes. Compos\u00e9e d\u2019ingr\u00e9dients d\u00e9congestionnants, anti-inflammatoires et vaso-tonifiants. Id\u00e9ale pour les personnes pr\u00e9dispos\u00e9es aux probl\u00e8mes circulatoires (insuffisance veineuse etc.). Dissipe les sensations de douleurs et de jambes lourdes. Procure une sensation imm\u00e9diate de fra\u00eecheur et de l\u00e9g\u00e8ret\u00e9.","robots":{"index":"index","follow":"follow","max-snippet":"max-snippet:-1","max-image-preview":"max-image-preview:large","max-video-preview":"max-video-preview:-1"},"canonical":"https:\/\/beautesantelorette.ca\/fr\/produit\/circulaoil\/","og_locale":"fr_FR","og_type":"article","og_title":"CirculaOil - Beaut\u00e9 Sant\u00e9 Lorette","og_description":"Le CirculaOil Nelly De Vuyst est id\u00e9ale pour les jambes lourdes pr\u00e9sentant de la \u00ab peau de crocodile \u00bb. Une huile corporelle qui restaure l\u2019hydratation optimale de la peau des jambes. Compos\u00e9e d\u2019ingr\u00e9dients d\u00e9congestionnants, anti-inflammatoires et vaso-tonifiants. Id\u00e9ale pour les personnes pr\u00e9dispos\u00e9es aux probl\u00e8mes circulatoires (insuffisance veineuse etc.). Dissipe les sensations de douleurs et de jambes lourdes. Procure une sensation imm\u00e9diate de fra\u00eecheur et de l\u00e9g\u00e8ret\u00e9.","og_url":"https:\/\/beautesantelorette.ca\/fr\/produit\/circulaoil\/","og_site_name":"Beaut\u00e9 Sant\u00e9 Lorette","article_publisher":"https:\/\/www.facebook.com\/BeauteSanteLorette\/","article_modified_time":"2021-11-26T16:41:11+00:00","og_image":[{"width":1200,"height":1200,"url":"https:\/\/beautesantelorette.ca\/wp-content\/uploads\/2021\/09\/CirculaOil.jpg","type":"image\/jpeg"}],"twitter_card":"summary_large_image","schema":{"@context":"https:\/\/schema.org","@graph":[{"@type":"WebPage","@id":"https:\/\/beautesantelorette.ca\/fr\/produit\/circulaoil\/","url":"https:\/\/beautesantelorette.ca\/fr\/produit\/circulaoil\/","name":"CirculaOil - Beaut\u00e9 Sant\u00e9 Lorette","isPartOf":{"@id":"https:\/\/beautesantelorette.ca\/fr\/#website"},"primaryImageOfPage":{"@id":"https:\/\/beautesantelorette.ca\/fr\/produit\/circulaoil\/#primaryimage"},"image":{"@id":"https:\/\/beautesantelorette.ca\/fr\/produit\/circulaoil\/#primaryimage"},"thumbnailUrl":"https:\/\/beautesantelorette.ca\/wp-content\/uploads\/2021\/09\/CirculaOil.jpg","datePublished":"2021-09-29T20:05:14+00:00","dateModified":"2021-11-26T16:41:11+00:00","description":"Le CirculaOil Nelly De Vuyst est id\u00e9ale pour les jambes lourdes pr\u00e9sentant de la \u00ab peau de crocodile \u00bb. Une huile corporelle qui restaure l\u2019hydratation optimale de la peau des jambes. Compos\u00e9e d\u2019ingr\u00e9dients d\u00e9congestionnants, anti-inflammatoires et vaso-tonifiants. Id\u00e9ale pour les personnes pr\u00e9dispos\u00e9es aux probl\u00e8mes circulatoires (insuffisance veineuse etc.). Dissipe les sensations de douleurs et de jambes lourdes. Procure une sensation imm\u00e9diate de fra\u00eecheur et de l\u00e9g\u00e8ret\u00e9.","breadcrumb":{"@id":"https:\/\/beautesantelorette.ca\/fr\/produit\/circulaoil\/#breadcrumb"},"inLanguage":"fr-FR","potentialAction":[{"@type":"ReadAction","target":["https:\/\/beautesantelorette.ca\/fr\/produit\/circulaoil\/"]}]},{"@type":"ImageObject","inLanguage":"fr-FR","@id":"https:\/\/beautesantelorette.ca\/fr\/produit\/circulaoil\/#primaryimage","url":"https:\/\/beautesantelorette.ca\/wp-content\/uploads\/2021\/09\/CirculaOil.jpg","contentUrl":"https:\/\/beautesantelorette.ca\/wp-content\/uploads\/2021\/09\/CirculaOil.jpg","width":1200,"height":1200,"caption":"CirculaOil"},{"@type":"BreadcrumbList","@id":"https:\/\/beautesantelorette.ca\/fr\/produit\/circulaoil\/#breadcrumb","itemListElement":[{"@type":"ListItem","position":1,"name":"Home","item":"https:\/\/beautesantelorette.ca\/fr\/"},{"@type":"ListItem","position":2,"name":"Boutique","item":"https:\/\/beautesantelorette.ca\/fr\/boutique\/"},{"@type":"ListItem","position":3,"name":"CirculaOil"}]},{"@type":"WebSite","@id":"https:\/\/beautesantelorette.ca\/fr\/#website","url":"https:\/\/beautesantelorette.ca\/fr\/","name":"Beaut\u00e9 Sant\u00e9 Lorette","description":"Confiez-Nous Le Soin de VOTRE PEAU","publisher":{"@id":"https:\/\/beautesantelorette.ca\/fr\/#organization"},"potentialAction":[{"@type":"SearchAction","target":{"@type":"EntryPoint","urlTemplate":"https:\/\/beautesantelorette.ca\/fr\/?s={search_term_string}"},"query-input":{"@type":"PropertyValueSpecification","valueRequired":true,"valueName":"search_term_string"}}],"inLanguage":"fr-FR"},{"@type":"Organization","@id":"https:\/\/beautesantelorette.ca\/fr\/#organization","name":"Beaut\u00e9 Sant\u00e9 Lorette","url":"https:\/\/beautesantelorette.ca\/fr\/","logo":{"@type":"ImageObject","inLanguage":"fr-FR","@id":"https:\/\/beautesantelorette.ca\/fr\/#\/schema\/logo\/image\/","url":"https:\/\/beautesantelorette.ca\/wp-content\/uploads\/2021\/10\/bsl_surfgirl_logo_pos-1.svg","contentUrl":"https:\/\/beautesantelorette.ca\/wp-content\/uploads\/2021\/10\/bsl_surfgirl_logo_pos-1.svg","width":1533,"height":1200,"caption":"Beaut\u00e9 Sant\u00e9 Lorette"},"image":{"@id":"https:\/\/beautesantelorette.ca\/fr\/#\/schema\/logo\/image\/"},"sameAs":["https:\/\/www.facebook.com\/BeauteSanteLorette\/","https:\/\/www.instagram.com\/beautesantelorette\/"]}]}},"jetpack_sharing_enabled":true,"_links":{"self":[{"href":"https:\/\/beautesantelorette.ca\/fr\/wp-json\/wp\/v2\/product\/22260","targetHints":{"allow":["GET"]}}],"collection":[{"href":"https:\/\/beautesantelorette.ca\/fr\/wp-json\/wp\/v2\/product"}],"about":[{"href":"https:\/\/beautesantelorette.ca\/fr\/wp-json\/wp\/v2\/types\/product"}],"replies":[{"embeddable":true,"href":"https:\/\/beautesantelorette.ca\/fr\/wp-json\/wp\/v2\/comments?post=22260"}],"wp:featuredmedia":[{"embeddable":true,"href":"https:\/\/beautesantelorette.ca\/fr\/wp-json\/wp\/v2\/media\/21623"}],"wp:attachment":[{"href":"https:\/\/beautesantelorette.ca\/fr\/wp-json\/wp\/v2\/media?parent=22260"}],"wp:term":[{"taxonomy":"product_brand","embeddable":true,"href":"https:\/\/beautesantelorette.ca\/fr\/wp-json\/wp\/v2\/product_brand?post=22260"},{"taxonomy":"product_cat","embeddable":true,"href":"https:\/\/beautesantelorette.ca\/fr\/wp-json\/wp\/v2\/product_cat?post=22260"},{"taxonomy":"product_tag","embeddable":true,"href":"https:\/\/beautesantelorette.ca\/fr\/wp-json\/wp\/v2\/product_tag?post=22260"}],"curies":[{"name":"wp","href":"https:\/\/api.w.org\/{rel}","templated":true}]}}