{"id":22261,"date":"2015-09-10T22:04:01","date_gmt":"2015-09-10T22:04:01","guid":{"rendered":"https:\/\/beautelorette.wpengine.com\/product\/cleansing-foam-biofemme\/"},"modified":"2022-04-26T14:00:43","modified_gmt":"2022-04-26T14:00:43","slug":"mousse-nettoyante-biofemme","status":"publish","type":"product","link":"https:\/\/beautesantelorette.ca\/fr\/produit\/mousse-nettoyante-biofemme\/","title":{"rendered":"Mousse Nettoyante BioFemme"},"content":{"rendered":"","protected":false},"excerpt":{"rendered":"<p>Le Mousse Nettoyante BioFemme Nelly De Vuyst est d\u00e9licate et ultra-douce con\u00e7ue sp\u00e9cialement pour l\u2019hygi\u00e8ne intime f\u00e9minine quotidienne. Id\u00e9ale pour maintenir le bon \u00e9quilibre de la flore intime et assurer une sensation de fra\u00eecheur qui dure toute la journ\u00e9e.<\/p>\n","protected":false},"featured_media":21601,"comment_status":"open","ping_status":"closed","template":"","meta":[],"product_brand":[],"product_cat":[234,250,232,259],"product_tag":[],"class_list":{"0":"post-22261","1":"product","2":"type-product","3":"status-publish","4":"has-post-thumbnail","6":"product_cat-biofemme-fr","7":"product_cat-hygiene-feminine","8":"product_cat-nelly-de-vuyst-fr","9":"product_cat-soins-des-cheveux-corps","11":"first","12":"instock","13":"taxable","14":"shipping-taxable","15":"purchasable","16":"product-type-simple"},"yoast_head":"<!-- This site is optimized with the Yoast SEO plugin v27.4 - https:\/\/yoast.com\/product\/yoast-seo-wordpress\/ -->\n<title>Mousse Nettoyante BioFemme - Beaut\u00e9 Sant\u00e9 Lorette<\/title>\n<meta name=\"description\" content=\"Le Mousse Nettoyante BioFemme Nelly De Vuyst est d\u00e9licate et ultra-douce con\u00e7ue sp\u00e9cialement pour l\u2019hygi\u00e8ne intime f\u00e9minine quotidienne. Id\u00e9ale pour maintenir le bon \u00e9quilibre de la flore intime et assurer une sensation de fra\u00eecheur qui dure toute la journ\u00e9e.\" \/>\n<meta name=\"robots\" content=\"index, follow, max-snippet:-1, max-image-preview:large, max-video-preview:-1\" \/>\n<link rel=\"canonical\" href=\"https:\/\/beautesantelorette.ca\/fr\/produit\/mousse-nettoyante-biofemme\/\" \/>\n<meta property=\"og:locale\" content=\"fr_FR\" \/>\n<meta property=\"og:type\" content=\"article\" \/>\n<meta property=\"og:title\" content=\"Mousse Nettoyante BioFemme - Beaut\u00e9 Sant\u00e9 Lorette\" \/>\n<meta property=\"og:description\" content=\"Le Mousse Nettoyante BioFemme Nelly De Vuyst est d\u00e9licate et ultra-douce con\u00e7ue sp\u00e9cialement pour l\u2019hygi\u00e8ne intime f\u00e9minine quotidienne. Id\u00e9ale pour maintenir le bon \u00e9quilibre de la flore intime et assurer une sensation de fra\u00eecheur qui dure toute la journ\u00e9e.\" \/>\n<meta property=\"og:url\" content=\"https:\/\/beautesantelorette.ca\/fr\/produit\/mousse-nettoyante-biofemme\/\" \/>\n<meta property=\"og:site_name\" content=\"Beaut\u00e9 Sant\u00e9 Lorette\" \/>\n<meta property=\"article:publisher\" content=\"https:\/\/www.facebook.com\/BeauteSanteLorette\/\" \/>\n<meta property=\"article:modified_time\" content=\"2022-04-26T14:00:43+00:00\" \/>\n<meta property=\"og:image\" content=\"https:\/\/beautesantelorette.ca\/wp-content\/uploads\/2015\/09\/Cleansing-Foam-BioFemme.jpg\" \/>\n\t<meta property=\"og:image:width\" content=\"1200\" \/>\n\t<meta property=\"og:image:height\" content=\"1200\" \/>\n\t<meta property=\"og:image:type\" content=\"image\/jpeg\" \/>\n<meta name=\"twitter:card\" content=\"summary_large_image\" \/>\n<script type=\"application\/ld+json\" class=\"yoast-schema-graph\">{\"@context\":\"https:\\\/\\\/schema.org\",\"@graph\":[{\"@type\":\"WebPage\",\"@id\":\"https:\\\/\\\/beautesantelorette.ca\\\/fr\\\/produit\\\/mousse-nettoyante-biofemme\\\/\",\"url\":\"https:\\\/\\\/beautesantelorette.ca\\\/fr\\\/produit\\\/mousse-nettoyante-biofemme\\\/\",\"name\":\"Mousse Nettoyante BioFemme - Beaut\u00e9 Sant\u00e9 Lorette\",\"isPartOf\":{\"@id\":\"https:\\\/\\\/beautesantelorette.ca\\\/fr\\\/#website\"},\"primaryImageOfPage\":{\"@id\":\"https:\\\/\\\/beautesantelorette.ca\\\/fr\\\/produit\\\/mousse-nettoyante-biofemme\\\/#primaryimage\"},\"image\":{\"@id\":\"https:\\\/\\\/beautesantelorette.ca\\\/fr\\\/produit\\\/mousse-nettoyante-biofemme\\\/#primaryimage\"},\"thumbnailUrl\":\"https:\\\/\\\/beautesantelorette.ca\\\/wp-content\\\/uploads\\\/2015\\\/09\\\/Cleansing-Foam-BioFemme.jpg\",\"datePublished\":\"2015-09-10T22:04:01+00:00\",\"dateModified\":\"2022-04-26T14:00:43+00:00\",\"description\":\"Le Mousse Nettoyante BioFemme Nelly De Vuyst est d\u00e9licate et ultra-douce con\u00e7ue sp\u00e9cialement pour l\u2019hygi\u00e8ne intime f\u00e9minine quotidienne. Id\u00e9ale pour maintenir le bon \u00e9quilibre de la flore intime et assurer une sensation de fra\u00eecheur qui dure toute la journ\u00e9e.\",\"breadcrumb\":{\"@id\":\"https:\\\/\\\/beautesantelorette.ca\\\/fr\\\/produit\\\/mousse-nettoyante-biofemme\\\/#breadcrumb\"},\"inLanguage\":\"fr-FR\",\"potentialAction\":[{\"@type\":\"ReadAction\",\"target\":[\"https:\\\/\\\/beautesantelorette.ca\\\/fr\\\/produit\\\/mousse-nettoyante-biofemme\\\/\"]}]},{\"@type\":\"ImageObject\",\"inLanguage\":\"fr-FR\",\"@id\":\"https:\\\/\\\/beautesantelorette.ca\\\/fr\\\/produit\\\/mousse-nettoyante-biofemme\\\/#primaryimage\",\"url\":\"https:\\\/\\\/beautesantelorette.ca\\\/wp-content\\\/uploads\\\/2015\\\/09\\\/Cleansing-Foam-BioFemme.jpg\",\"contentUrl\":\"https:\\\/\\\/beautesantelorette.ca\\\/wp-content\\\/uploads\\\/2015\\\/09\\\/Cleansing-Foam-BioFemme.jpg\",\"width\":1200,\"height\":1200,\"caption\":\"Mousse Nettoyante BioFemme\"},{\"@type\":\"BreadcrumbList\",\"@id\":\"https:\\\/\\\/beautesantelorette.ca\\\/fr\\\/produit\\\/mousse-nettoyante-biofemme\\\/#breadcrumb\",\"itemListElement\":[{\"@type\":\"ListItem\",\"position\":1,\"name\":\"Home\",\"item\":\"https:\\\/\\\/beautesantelorette.ca\\\/fr\\\/\"},{\"@type\":\"ListItem\",\"position\":2,\"name\":\"Boutique\",\"item\":\"https:\\\/\\\/beautesantelorette.ca\\\/fr\\\/boutique\\\/\"},{\"@type\":\"ListItem\",\"position\":3,\"name\":\"Mousse Nettoyante BioFemme\"}]},{\"@type\":\"WebSite\",\"@id\":\"https:\\\/\\\/beautesantelorette.ca\\\/fr\\\/#website\",\"url\":\"https:\\\/\\\/beautesantelorette.ca\\\/fr\\\/\",\"name\":\"Beaut\u00e9 Sant\u00e9 Lorette\",\"description\":\"Confiez-Nous Le Soin de VOTRE PEAU\",\"publisher\":{\"@id\":\"https:\\\/\\\/beautesantelorette.ca\\\/fr\\\/#organization\"},\"potentialAction\":[{\"@type\":\"SearchAction\",\"target\":{\"@type\":\"EntryPoint\",\"urlTemplate\":\"https:\\\/\\\/beautesantelorette.ca\\\/fr\\\/?s={search_term_string}\"},\"query-input\":{\"@type\":\"PropertyValueSpecification\",\"valueRequired\":true,\"valueName\":\"search_term_string\"}}],\"inLanguage\":\"fr-FR\"},{\"@type\":\"Organization\",\"@id\":\"https:\\\/\\\/beautesantelorette.ca\\\/fr\\\/#organization\",\"name\":\"Beaut\u00e9 Sant\u00e9 Lorette\",\"url\":\"https:\\\/\\\/beautesantelorette.ca\\\/fr\\\/\",\"logo\":{\"@type\":\"ImageObject\",\"inLanguage\":\"fr-FR\",\"@id\":\"https:\\\/\\\/beautesantelorette.ca\\\/fr\\\/#\\\/schema\\\/logo\\\/image\\\/\",\"url\":\"https:\\\/\\\/beautesantelorette.ca\\\/wp-content\\\/uploads\\\/2021\\\/10\\\/bsl_surfgirl_logo_pos-1.svg\",\"contentUrl\":\"https:\\\/\\\/beautesantelorette.ca\\\/wp-content\\\/uploads\\\/2021\\\/10\\\/bsl_surfgirl_logo_pos-1.svg\",\"width\":1533,\"height\":1200,\"caption\":\"Beaut\u00e9 Sant\u00e9 Lorette\"},\"image\":{\"@id\":\"https:\\\/\\\/beautesantelorette.ca\\\/fr\\\/#\\\/schema\\\/logo\\\/image\\\/\"},\"sameAs\":[\"https:\\\/\\\/www.facebook.com\\\/BeauteSanteLorette\\\/\",\"https:\\\/\\\/www.instagram.com\\\/beautesantelorette\\\/\"]}]}<\/script>\n<!-- \/ Yoast SEO plugin. -->","yoast_head_json":{"title":"Mousse Nettoyante BioFemme - Beaut\u00e9 Sant\u00e9 Lorette","description":"Le Mousse Nettoyante BioFemme Nelly De Vuyst est d\u00e9licate et ultra-douce con\u00e7ue sp\u00e9cialement pour l\u2019hygi\u00e8ne intime f\u00e9minine quotidienne. Id\u00e9ale pour maintenir le bon \u00e9quilibre de la flore intime et assurer une sensation de fra\u00eecheur qui dure toute la journ\u00e9e.","robots":{"index":"index","follow":"follow","max-snippet":"max-snippet:-1","max-image-preview":"max-image-preview:large","max-video-preview":"max-video-preview:-1"},"canonical":"https:\/\/beautesantelorette.ca\/fr\/produit\/mousse-nettoyante-biofemme\/","og_locale":"fr_FR","og_type":"article","og_title":"Mousse Nettoyante BioFemme - Beaut\u00e9 Sant\u00e9 Lorette","og_description":"Le Mousse Nettoyante BioFemme Nelly De Vuyst est d\u00e9licate et ultra-douce con\u00e7ue sp\u00e9cialement pour l\u2019hygi\u00e8ne intime f\u00e9minine quotidienne. Id\u00e9ale pour maintenir le bon \u00e9quilibre de la flore intime et assurer une sensation de fra\u00eecheur qui dure toute la journ\u00e9e.","og_url":"https:\/\/beautesantelorette.ca\/fr\/produit\/mousse-nettoyante-biofemme\/","og_site_name":"Beaut\u00e9 Sant\u00e9 Lorette","article_publisher":"https:\/\/www.facebook.com\/BeauteSanteLorette\/","article_modified_time":"2022-04-26T14:00:43+00:00","og_image":[{"width":1200,"height":1200,"url":"https:\/\/beautesantelorette.ca\/wp-content\/uploads\/2015\/09\/Cleansing-Foam-BioFemme.jpg","type":"image\/jpeg"}],"twitter_card":"summary_large_image","schema":{"@context":"https:\/\/schema.org","@graph":[{"@type":"WebPage","@id":"https:\/\/beautesantelorette.ca\/fr\/produit\/mousse-nettoyante-biofemme\/","url":"https:\/\/beautesantelorette.ca\/fr\/produit\/mousse-nettoyante-biofemme\/","name":"Mousse Nettoyante BioFemme - Beaut\u00e9 Sant\u00e9 Lorette","isPartOf":{"@id":"https:\/\/beautesantelorette.ca\/fr\/#website"},"primaryImageOfPage":{"@id":"https:\/\/beautesantelorette.ca\/fr\/produit\/mousse-nettoyante-biofemme\/#primaryimage"},"image":{"@id":"https:\/\/beautesantelorette.ca\/fr\/produit\/mousse-nettoyante-biofemme\/#primaryimage"},"thumbnailUrl":"https:\/\/beautesantelorette.ca\/wp-content\/uploads\/2015\/09\/Cleansing-Foam-BioFemme.jpg","datePublished":"2015-09-10T22:04:01+00:00","dateModified":"2022-04-26T14:00:43+00:00","description":"Le Mousse Nettoyante BioFemme Nelly De Vuyst est d\u00e9licate et ultra-douce con\u00e7ue sp\u00e9cialement pour l\u2019hygi\u00e8ne intime f\u00e9minine quotidienne. Id\u00e9ale pour maintenir le bon \u00e9quilibre de la flore intime et assurer une sensation de fra\u00eecheur qui dure toute la journ\u00e9e.","breadcrumb":{"@id":"https:\/\/beautesantelorette.ca\/fr\/produit\/mousse-nettoyante-biofemme\/#breadcrumb"},"inLanguage":"fr-FR","potentialAction":[{"@type":"ReadAction","target":["https:\/\/beautesantelorette.ca\/fr\/produit\/mousse-nettoyante-biofemme\/"]}]},{"@type":"ImageObject","inLanguage":"fr-FR","@id":"https:\/\/beautesantelorette.ca\/fr\/produit\/mousse-nettoyante-biofemme\/#primaryimage","url":"https:\/\/beautesantelorette.ca\/wp-content\/uploads\/2015\/09\/Cleansing-Foam-BioFemme.jpg","contentUrl":"https:\/\/beautesantelorette.ca\/wp-content\/uploads\/2015\/09\/Cleansing-Foam-BioFemme.jpg","width":1200,"height":1200,"caption":"Mousse Nettoyante BioFemme"},{"@type":"BreadcrumbList","@id":"https:\/\/beautesantelorette.ca\/fr\/produit\/mousse-nettoyante-biofemme\/#breadcrumb","itemListElement":[{"@type":"ListItem","position":1,"name":"Home","item":"https:\/\/beautesantelorette.ca\/fr\/"},{"@type":"ListItem","position":2,"name":"Boutique","item":"https:\/\/beautesantelorette.ca\/fr\/boutique\/"},{"@type":"ListItem","position":3,"name":"Mousse Nettoyante BioFemme"}]},{"@type":"WebSite","@id":"https:\/\/beautesantelorette.ca\/fr\/#website","url":"https:\/\/beautesantelorette.ca\/fr\/","name":"Beaut\u00e9 Sant\u00e9 Lorette","description":"Confiez-Nous Le Soin de VOTRE PEAU","publisher":{"@id":"https:\/\/beautesantelorette.ca\/fr\/#organization"},"potentialAction":[{"@type":"SearchAction","target":{"@type":"EntryPoint","urlTemplate":"https:\/\/beautesantelorette.ca\/fr\/?s={search_term_string}"},"query-input":{"@type":"PropertyValueSpecification","valueRequired":true,"valueName":"search_term_string"}}],"inLanguage":"fr-FR"},{"@type":"Organization","@id":"https:\/\/beautesantelorette.ca\/fr\/#organization","name":"Beaut\u00e9 Sant\u00e9 Lorette","url":"https:\/\/beautesantelorette.ca\/fr\/","logo":{"@type":"ImageObject","inLanguage":"fr-FR","@id":"https:\/\/beautesantelorette.ca\/fr\/#\/schema\/logo\/image\/","url":"https:\/\/beautesantelorette.ca\/wp-content\/uploads\/2021\/10\/bsl_surfgirl_logo_pos-1.svg","contentUrl":"https:\/\/beautesantelorette.ca\/wp-content\/uploads\/2021\/10\/bsl_surfgirl_logo_pos-1.svg","width":1533,"height":1200,"caption":"Beaut\u00e9 Sant\u00e9 Lorette"},"image":{"@id":"https:\/\/beautesantelorette.ca\/fr\/#\/schema\/logo\/image\/"},"sameAs":["https:\/\/www.facebook.com\/BeauteSanteLorette\/","https:\/\/www.instagram.com\/beautesantelorette\/"]}]}},"jetpack_sharing_enabled":true,"_links":{"self":[{"href":"https:\/\/beautesantelorette.ca\/fr\/wp-json\/wp\/v2\/product\/22261","targetHints":{"allow":["GET"]}}],"collection":[{"href":"https:\/\/beautesantelorette.ca\/fr\/wp-json\/wp\/v2\/product"}],"about":[{"href":"https:\/\/beautesantelorette.ca\/fr\/wp-json\/wp\/v2\/types\/product"}],"replies":[{"embeddable":true,"href":"https:\/\/beautesantelorette.ca\/fr\/wp-json\/wp\/v2\/comments?post=22261"}],"wp:featuredmedia":[{"embeddable":true,"href":"https:\/\/beautesantelorette.ca\/fr\/wp-json\/wp\/v2\/media\/21601"}],"wp:attachment":[{"href":"https:\/\/beautesantelorette.ca\/fr\/wp-json\/wp\/v2\/media?parent=22261"}],"wp:term":[{"taxonomy":"product_brand","embeddable":true,"href":"https:\/\/beautesantelorette.ca\/fr\/wp-json\/wp\/v2\/product_brand?post=22261"},{"taxonomy":"product_cat","embeddable":true,"href":"https:\/\/beautesantelorette.ca\/fr\/wp-json\/wp\/v2\/product_cat?post=22261"},{"taxonomy":"product_tag","embeddable":true,"href":"https:\/\/beautesantelorette.ca\/fr\/wp-json\/wp\/v2\/product_tag?post=22261"}],"curies":[{"name":"wp","href":"https:\/\/api.w.org\/{rel}","templated":true}]}}