{"id":22276,"date":"2021-09-29T17:51:00","date_gmt":"2021-09-29T17:51:00","guid":{"rendered":"https:\/\/beautelorette.wpengine.com\/product\/ph-soothing-gel-biofemme\/"},"modified":"2021-11-26T17:10:56","modified_gmt":"2021-11-26T17:10:56","slug":"gel-apaisant-ph-biofemme","status":"publish","type":"product","link":"https:\/\/beautesantelorette.ca\/fr\/produit\/gel-apaisant-ph-biofemme\/","title":{"rendered":"Gel Apaisant pH BioFemme"},"content":{"rendered":"","protected":false},"excerpt":{"rendered":"<p>Le Gel Apaisant pH BioFemme Nelly De Vuyst pr\u00e9vient les sympt\u00f4mes reli\u00e9s au d\u00e9s\u00e9quilibre de la flore intime tels que les infections r\u00e9currentes. Aide au r\u00e9\u00e9quilibre du pH physiologique et de l\u2019\u00e9cosyst\u00e8me de la r\u00e9gion intime f\u00e9minine pour une protection contre les agressions externes.<\/p>\n","protected":false},"featured_media":21607,"comment_status":"open","ping_status":"closed","template":"","meta":[],"product_brand":[],"product_cat":[234,250,232,259],"product_tag":[],"class_list":{"0":"post-22276","1":"product","2":"type-product","3":"status-publish","4":"has-post-thumbnail","6":"product_cat-biofemme-fr","7":"product_cat-hygiene-feminine","8":"product_cat-nelly-de-vuyst-fr","9":"product_cat-soins-des-cheveux-corps","11":"first","12":"instock","13":"taxable","14":"shipping-taxable","15":"purchasable","16":"product-type-simple"},"yoast_head":"<!-- This site is optimized with the Yoast SEO plugin v27.5 - https:\/\/yoast.com\/product\/yoast-seo-wordpress\/ -->\n<title>Gel Apaisant pH BioFemme - Beaut\u00e9 Sant\u00e9 Lorette<\/title>\n<meta name=\"description\" content=\"Le Gel Apaisant pH BioFemme Nelly De Vuyst pr\u00e9vient les sympt\u00f4mes reli\u00e9s au d\u00e9s\u00e9quilibre de la flore intime tels que les infections r\u00e9currentes. Aide au r\u00e9\u00e9quilibre du pH physiologique et de l\u2019\u00e9cosyst\u00e8me de la r\u00e9gion intime f\u00e9minine pour une protection contre les agressions externes.\" \/>\n<meta name=\"robots\" content=\"index, follow, max-snippet:-1, max-image-preview:large, max-video-preview:-1\" \/>\n<link rel=\"canonical\" href=\"https:\/\/beautesantelorette.ca\/fr\/produit\/gel-apaisant-ph-biofemme\/\" \/>\n<meta property=\"og:locale\" content=\"fr_FR\" \/>\n<meta property=\"og:type\" content=\"article\" \/>\n<meta property=\"og:title\" content=\"Gel Apaisant pH BioFemme - Beaut\u00e9 Sant\u00e9 Lorette\" \/>\n<meta property=\"og:description\" content=\"Le Gel Apaisant pH BioFemme Nelly De Vuyst pr\u00e9vient les sympt\u00f4mes reli\u00e9s au d\u00e9s\u00e9quilibre de la flore intime tels que les infections r\u00e9currentes. Aide au r\u00e9\u00e9quilibre du pH physiologique et de l\u2019\u00e9cosyst\u00e8me de la r\u00e9gion intime f\u00e9minine pour une protection contre les agressions externes.\" \/>\n<meta property=\"og:url\" content=\"https:\/\/beautesantelorette.ca\/fr\/produit\/gel-apaisant-ph-biofemme\/\" \/>\n<meta property=\"og:site_name\" content=\"Beaut\u00e9 Sant\u00e9 Lorette\" \/>\n<meta property=\"article:publisher\" content=\"https:\/\/www.facebook.com\/BeauteSanteLorette\/\" \/>\n<meta property=\"article:modified_time\" content=\"2021-11-26T17:10:56+00:00\" \/>\n<meta property=\"og:image\" content=\"https:\/\/beautesantelorette.ca\/wp-content\/uploads\/2021\/09\/pH-Soothing-Gel-BioFemme.jpg\" \/>\n\t<meta property=\"og:image:width\" content=\"1200\" \/>\n\t<meta property=\"og:image:height\" content=\"1200\" \/>\n\t<meta property=\"og:image:type\" content=\"image\/jpeg\" \/>\n<meta name=\"twitter:card\" content=\"summary_large_image\" \/>\n<script type=\"application\/ld+json\" class=\"yoast-schema-graph\">{\"@context\":\"https:\\\/\\\/schema.org\",\"@graph\":[{\"@type\":\"WebPage\",\"@id\":\"https:\\\/\\\/beautesantelorette.ca\\\/fr\\\/produit\\\/gel-apaisant-ph-biofemme\\\/\",\"url\":\"https:\\\/\\\/beautesantelorette.ca\\\/fr\\\/produit\\\/gel-apaisant-ph-biofemme\\\/\",\"name\":\"Gel Apaisant pH BioFemme - Beaut\u00e9 Sant\u00e9 Lorette\",\"isPartOf\":{\"@id\":\"https:\\\/\\\/beautesantelorette.ca\\\/fr\\\/#website\"},\"primaryImageOfPage\":{\"@id\":\"https:\\\/\\\/beautesantelorette.ca\\\/fr\\\/produit\\\/gel-apaisant-ph-biofemme\\\/#primaryimage\"},\"image\":{\"@id\":\"https:\\\/\\\/beautesantelorette.ca\\\/fr\\\/produit\\\/gel-apaisant-ph-biofemme\\\/#primaryimage\"},\"thumbnailUrl\":\"https:\\\/\\\/beautesantelorette.ca\\\/wp-content\\\/uploads\\\/2021\\\/09\\\/pH-Soothing-Gel-BioFemme.jpg\",\"datePublished\":\"2021-09-29T17:51:00+00:00\",\"dateModified\":\"2021-11-26T17:10:56+00:00\",\"description\":\"Le Gel Apaisant pH BioFemme Nelly De Vuyst pr\u00e9vient les sympt\u00f4mes reli\u00e9s au d\u00e9s\u00e9quilibre de la flore intime tels que les infections r\u00e9currentes. Aide au r\u00e9\u00e9quilibre du pH physiologique et de l\u2019\u00e9cosyst\u00e8me de la r\u00e9gion intime f\u00e9minine pour une protection contre les agressions externes.\",\"breadcrumb\":{\"@id\":\"https:\\\/\\\/beautesantelorette.ca\\\/fr\\\/produit\\\/gel-apaisant-ph-biofemme\\\/#breadcrumb\"},\"inLanguage\":\"fr-FR\",\"potentialAction\":[{\"@type\":\"ReadAction\",\"target\":[\"https:\\\/\\\/beautesantelorette.ca\\\/fr\\\/produit\\\/gel-apaisant-ph-biofemme\\\/\"]}]},{\"@type\":\"ImageObject\",\"inLanguage\":\"fr-FR\",\"@id\":\"https:\\\/\\\/beautesantelorette.ca\\\/fr\\\/produit\\\/gel-apaisant-ph-biofemme\\\/#primaryimage\",\"url\":\"https:\\\/\\\/beautesantelorette.ca\\\/wp-content\\\/uploads\\\/2021\\\/09\\\/pH-Soothing-Gel-BioFemme.jpg\",\"contentUrl\":\"https:\\\/\\\/beautesantelorette.ca\\\/wp-content\\\/uploads\\\/2021\\\/09\\\/pH-Soothing-Gel-BioFemme.jpg\",\"width\":1200,\"height\":1200,\"caption\":\"Gel Apaisant pH BioFemme\"},{\"@type\":\"BreadcrumbList\",\"@id\":\"https:\\\/\\\/beautesantelorette.ca\\\/fr\\\/produit\\\/gel-apaisant-ph-biofemme\\\/#breadcrumb\",\"itemListElement\":[{\"@type\":\"ListItem\",\"position\":1,\"name\":\"Home\",\"item\":\"https:\\\/\\\/beautesantelorette.ca\\\/fr\\\/\"},{\"@type\":\"ListItem\",\"position\":2,\"name\":\"Boutique\",\"item\":\"https:\\\/\\\/beautesantelorette.ca\\\/fr\\\/boutique\\\/\"},{\"@type\":\"ListItem\",\"position\":3,\"name\":\"Gel Raffermissant BioFemme\",\"item\":\"https:\\\/\\\/beautesantelorette.ca\\\/fr\\\/produit\\\/gel-raffermissant-biofemme\\\/\"},{\"@type\":\"ListItem\",\"position\":4,\"name\":\"Gel Apaisant pH BioFemme\"}]},{\"@type\":\"WebSite\",\"@id\":\"https:\\\/\\\/beautesantelorette.ca\\\/fr\\\/#website\",\"url\":\"https:\\\/\\\/beautesantelorette.ca\\\/fr\\\/\",\"name\":\"Beaut\u00e9 Sant\u00e9 Lorette\",\"description\":\"Confiez-Nous Le Soin de VOTRE PEAU\",\"publisher\":{\"@id\":\"https:\\\/\\\/beautesantelorette.ca\\\/fr\\\/#organization\"},\"potentialAction\":[{\"@type\":\"SearchAction\",\"target\":{\"@type\":\"EntryPoint\",\"urlTemplate\":\"https:\\\/\\\/beautesantelorette.ca\\\/fr\\\/?s={search_term_string}\"},\"query-input\":{\"@type\":\"PropertyValueSpecification\",\"valueRequired\":true,\"valueName\":\"search_term_string\"}}],\"inLanguage\":\"fr-FR\"},{\"@type\":\"Organization\",\"@id\":\"https:\\\/\\\/beautesantelorette.ca\\\/fr\\\/#organization\",\"name\":\"Beaut\u00e9 Sant\u00e9 Lorette\",\"url\":\"https:\\\/\\\/beautesantelorette.ca\\\/fr\\\/\",\"logo\":{\"@type\":\"ImageObject\",\"inLanguage\":\"fr-FR\",\"@id\":\"https:\\\/\\\/beautesantelorette.ca\\\/fr\\\/#\\\/schema\\\/logo\\\/image\\\/\",\"url\":\"https:\\\/\\\/beautesantelorette.ca\\\/wp-content\\\/uploads\\\/2021\\\/10\\\/bsl_surfgirl_logo_pos-1.svg\",\"contentUrl\":\"https:\\\/\\\/beautesantelorette.ca\\\/wp-content\\\/uploads\\\/2021\\\/10\\\/bsl_surfgirl_logo_pos-1.svg\",\"width\":1533,\"height\":1200,\"caption\":\"Beaut\u00e9 Sant\u00e9 Lorette\"},\"image\":{\"@id\":\"https:\\\/\\\/beautesantelorette.ca\\\/fr\\\/#\\\/schema\\\/logo\\\/image\\\/\"},\"sameAs\":[\"https:\\\/\\\/www.facebook.com\\\/BeauteSanteLorette\\\/\",\"https:\\\/\\\/www.instagram.com\\\/beautesantelorette\\\/\"]}]}<\/script>\n<!-- \/ Yoast SEO plugin. -->","yoast_head_json":{"title":"Gel Apaisant pH BioFemme - Beaut\u00e9 Sant\u00e9 Lorette","description":"Le Gel Apaisant pH BioFemme Nelly De Vuyst pr\u00e9vient les sympt\u00f4mes reli\u00e9s au d\u00e9s\u00e9quilibre de la flore intime tels que les infections r\u00e9currentes. Aide au r\u00e9\u00e9quilibre du pH physiologique et de l\u2019\u00e9cosyst\u00e8me de la r\u00e9gion intime f\u00e9minine pour une protection contre les agressions externes.","robots":{"index":"index","follow":"follow","max-snippet":"max-snippet:-1","max-image-preview":"max-image-preview:large","max-video-preview":"max-video-preview:-1"},"canonical":"https:\/\/beautesantelorette.ca\/fr\/produit\/gel-apaisant-ph-biofemme\/","og_locale":"fr_FR","og_type":"article","og_title":"Gel Apaisant pH BioFemme - Beaut\u00e9 Sant\u00e9 Lorette","og_description":"Le Gel Apaisant pH BioFemme Nelly De Vuyst pr\u00e9vient les sympt\u00f4mes reli\u00e9s au d\u00e9s\u00e9quilibre de la flore intime tels que les infections r\u00e9currentes. Aide au r\u00e9\u00e9quilibre du pH physiologique et de l\u2019\u00e9cosyst\u00e8me de la r\u00e9gion intime f\u00e9minine pour une protection contre les agressions externes.","og_url":"https:\/\/beautesantelorette.ca\/fr\/produit\/gel-apaisant-ph-biofemme\/","og_site_name":"Beaut\u00e9 Sant\u00e9 Lorette","article_publisher":"https:\/\/www.facebook.com\/BeauteSanteLorette\/","article_modified_time":"2021-11-26T17:10:56+00:00","og_image":[{"width":1200,"height":1200,"url":"https:\/\/beautesantelorette.ca\/wp-content\/uploads\/2021\/09\/pH-Soothing-Gel-BioFemme.jpg","type":"image\/jpeg"}],"twitter_card":"summary_large_image","schema":{"@context":"https:\/\/schema.org","@graph":[{"@type":"WebPage","@id":"https:\/\/beautesantelorette.ca\/fr\/produit\/gel-apaisant-ph-biofemme\/","url":"https:\/\/beautesantelorette.ca\/fr\/produit\/gel-apaisant-ph-biofemme\/","name":"Gel Apaisant pH BioFemme - Beaut\u00e9 Sant\u00e9 Lorette","isPartOf":{"@id":"https:\/\/beautesantelorette.ca\/fr\/#website"},"primaryImageOfPage":{"@id":"https:\/\/beautesantelorette.ca\/fr\/produit\/gel-apaisant-ph-biofemme\/#primaryimage"},"image":{"@id":"https:\/\/beautesantelorette.ca\/fr\/produit\/gel-apaisant-ph-biofemme\/#primaryimage"},"thumbnailUrl":"https:\/\/beautesantelorette.ca\/wp-content\/uploads\/2021\/09\/pH-Soothing-Gel-BioFemme.jpg","datePublished":"2021-09-29T17:51:00+00:00","dateModified":"2021-11-26T17:10:56+00:00","description":"Le Gel Apaisant pH BioFemme Nelly De Vuyst pr\u00e9vient les sympt\u00f4mes reli\u00e9s au d\u00e9s\u00e9quilibre de la flore intime tels que les infections r\u00e9currentes. Aide au r\u00e9\u00e9quilibre du pH physiologique et de l\u2019\u00e9cosyst\u00e8me de la r\u00e9gion intime f\u00e9minine pour une protection contre les agressions externes.","breadcrumb":{"@id":"https:\/\/beautesantelorette.ca\/fr\/produit\/gel-apaisant-ph-biofemme\/#breadcrumb"},"inLanguage":"fr-FR","potentialAction":[{"@type":"ReadAction","target":["https:\/\/beautesantelorette.ca\/fr\/produit\/gel-apaisant-ph-biofemme\/"]}]},{"@type":"ImageObject","inLanguage":"fr-FR","@id":"https:\/\/beautesantelorette.ca\/fr\/produit\/gel-apaisant-ph-biofemme\/#primaryimage","url":"https:\/\/beautesantelorette.ca\/wp-content\/uploads\/2021\/09\/pH-Soothing-Gel-BioFemme.jpg","contentUrl":"https:\/\/beautesantelorette.ca\/wp-content\/uploads\/2021\/09\/pH-Soothing-Gel-BioFemme.jpg","width":1200,"height":1200,"caption":"Gel Apaisant pH BioFemme"},{"@type":"BreadcrumbList","@id":"https:\/\/beautesantelorette.ca\/fr\/produit\/gel-apaisant-ph-biofemme\/#breadcrumb","itemListElement":[{"@type":"ListItem","position":1,"name":"Home","item":"https:\/\/beautesantelorette.ca\/fr\/"},{"@type":"ListItem","position":2,"name":"Boutique","item":"https:\/\/beautesantelorette.ca\/fr\/boutique\/"},{"@type":"ListItem","position":3,"name":"Gel Raffermissant BioFemme","item":"https:\/\/beautesantelorette.ca\/fr\/produit\/gel-raffermissant-biofemme\/"},{"@type":"ListItem","position":4,"name":"Gel Apaisant pH BioFemme"}]},{"@type":"WebSite","@id":"https:\/\/beautesantelorette.ca\/fr\/#website","url":"https:\/\/beautesantelorette.ca\/fr\/","name":"Beaut\u00e9 Sant\u00e9 Lorette","description":"Confiez-Nous Le Soin de VOTRE PEAU","publisher":{"@id":"https:\/\/beautesantelorette.ca\/fr\/#organization"},"potentialAction":[{"@type":"SearchAction","target":{"@type":"EntryPoint","urlTemplate":"https:\/\/beautesantelorette.ca\/fr\/?s={search_term_string}"},"query-input":{"@type":"PropertyValueSpecification","valueRequired":true,"valueName":"search_term_string"}}],"inLanguage":"fr-FR"},{"@type":"Organization","@id":"https:\/\/beautesantelorette.ca\/fr\/#organization","name":"Beaut\u00e9 Sant\u00e9 Lorette","url":"https:\/\/beautesantelorette.ca\/fr\/","logo":{"@type":"ImageObject","inLanguage":"fr-FR","@id":"https:\/\/beautesantelorette.ca\/fr\/#\/schema\/logo\/image\/","url":"https:\/\/beautesantelorette.ca\/wp-content\/uploads\/2021\/10\/bsl_surfgirl_logo_pos-1.svg","contentUrl":"https:\/\/beautesantelorette.ca\/wp-content\/uploads\/2021\/10\/bsl_surfgirl_logo_pos-1.svg","width":1533,"height":1200,"caption":"Beaut\u00e9 Sant\u00e9 Lorette"},"image":{"@id":"https:\/\/beautesantelorette.ca\/fr\/#\/schema\/logo\/image\/"},"sameAs":["https:\/\/www.facebook.com\/BeauteSanteLorette\/","https:\/\/www.instagram.com\/beautesantelorette\/"]}]}},"jetpack_sharing_enabled":true,"_links":{"self":[{"href":"https:\/\/beautesantelorette.ca\/fr\/wp-json\/wp\/v2\/product\/22276","targetHints":{"allow":["GET"]}}],"collection":[{"href":"https:\/\/beautesantelorette.ca\/fr\/wp-json\/wp\/v2\/product"}],"about":[{"href":"https:\/\/beautesantelorette.ca\/fr\/wp-json\/wp\/v2\/types\/product"}],"replies":[{"embeddable":true,"href":"https:\/\/beautesantelorette.ca\/fr\/wp-json\/wp\/v2\/comments?post=22276"}],"wp:featuredmedia":[{"embeddable":true,"href":"https:\/\/beautesantelorette.ca\/fr\/wp-json\/wp\/v2\/media\/21607"}],"wp:attachment":[{"href":"https:\/\/beautesantelorette.ca\/fr\/wp-json\/wp\/v2\/media?parent=22276"}],"wp:term":[{"taxonomy":"product_brand","embeddable":true,"href":"https:\/\/beautesantelorette.ca\/fr\/wp-json\/wp\/v2\/product_brand?post=22276"},{"taxonomy":"product_cat","embeddable":true,"href":"https:\/\/beautesantelorette.ca\/fr\/wp-json\/wp\/v2\/product_cat?post=22276"},{"taxonomy":"product_tag","embeddable":true,"href":"https:\/\/beautesantelorette.ca\/fr\/wp-json\/wp\/v2\/product_tag?post=22276"}],"curies":[{"name":"wp","href":"https:\/\/api.w.org\/{rel}","templated":true}]}}