{"id":22282,"date":"2021-10-18T15:17:13","date_gmt":"2021-10-18T15:17:13","guid":{"rendered":"https:\/\/beautelorette.wpengine.com\/product\/deep-cleansing-balm\/"},"modified":"2022-03-24T14:07:50","modified_gmt":"2022-03-24T14:07:50","slug":"beaume-en-lait-demaquillant","status":"publish","type":"product","link":"https:\/\/beautesantelorette.ca\/fr\/produit\/beaume-en-lait-demaquillant\/","title":{"rendered":"Beaume-En-Lait D\u00e9maquillant"},"content":{"rendered":"","protected":false},"excerpt":{"rendered":"<p>Le Beaume-En-Lait D\u00e9maquillant Physiodermie a une texture gel qui se transforme en une huile douce et soyeuse au contact de la peau, puis s\u2019\u00e9mulsionne en un lait velout\u00e9 au contact de l\u2019eau. L\u2019huile encapsule les r\u00e9sidus (maquillage et impuret\u00e9s) et se transforme ensuite en un lait nettoyant non gras et tr\u00e8s facile \u00e0 rincer. Nettoie la peau en profondeur gr\u00e2ce \u00e0 ses deux \u00e9tapes de nettoyage, associ\u00e9es \u00e0 deux textures : l\u2019huile et le lait. Laisse la peau parfaitement propre, souple et douce, pr\u00eate \u00e0 recevoir le soin suivant.<\/p>\n","protected":false},"featured_media":21941,"comment_status":"open","ping_status":"closed","template":"","meta":[],"product_brand":[],"product_cat":[247,248,233],"product_tag":[],"class_list":{"0":"post-22282","1":"product","2":"type-product","3":"status-publish","4":"has-post-thumbnail","6":"product_cat-collection-suisse-biologique","7":"product_cat-nettoyants","8":"product_cat-physiodermie-fr","10":"first","11":"instock","12":"taxable","13":"shipping-taxable","14":"purchasable","15":"product-type-simple"},"yoast_head":"<!-- This site is optimized with the Yoast SEO plugin v27.4 - https:\/\/yoast.com\/product\/yoast-seo-wordpress\/ -->\n<title>Beaume-En-Lait D\u00e9maquillant - Beaut\u00e9 Sant\u00e9 Lorette<\/title>\n<meta name=\"description\" content=\"Le Beaume-En-Lait D\u00e9maquillant Physiodermie a une texture gel qui se transforme en une huile douce et soyeuse au contact de la peau, puis s\u2019\u00e9mulsionne en un lait velout\u00e9 au contact de l\u2019eau. L\u2019huile encapsule les r\u00e9sidus (maquillage et impuret\u00e9s) et se transforme ensuite en un lait nettoyant non gras et tr\u00e8s facile \u00e0 rincer. Nettoie la peau en profondeur gr\u00e2ce \u00e0 ses deux \u00e9tapes de nettoyage, associ\u00e9es \u00e0 deux textures : l\u2019huile et le lait. Laisse la peau parfaitement propre, souple et douce, pr\u00eate \u00e0 recevoir le soin suivant.\" \/>\n<meta name=\"robots\" content=\"index, follow, max-snippet:-1, max-image-preview:large, max-video-preview:-1\" \/>\n<link rel=\"canonical\" href=\"https:\/\/beautesantelorette.ca\/fr\/produit\/beaume-en-lait-demaquillant\/\" \/>\n<meta property=\"og:locale\" content=\"fr_FR\" \/>\n<meta property=\"og:type\" content=\"article\" \/>\n<meta property=\"og:title\" content=\"Beaume-En-Lait D\u00e9maquillant - Beaut\u00e9 Sant\u00e9 Lorette\" \/>\n<meta property=\"og:description\" content=\"Le Beaume-En-Lait D\u00e9maquillant Physiodermie a une texture gel qui se transforme en une huile douce et soyeuse au contact de la peau, puis s\u2019\u00e9mulsionne en un lait velout\u00e9 au contact de l\u2019eau. L\u2019huile encapsule les r\u00e9sidus (maquillage et impuret\u00e9s) et se transforme ensuite en un lait nettoyant non gras et tr\u00e8s facile \u00e0 rincer. Nettoie la peau en profondeur gr\u00e2ce \u00e0 ses deux \u00e9tapes de nettoyage, associ\u00e9es \u00e0 deux textures : l\u2019huile et le lait. Laisse la peau parfaitement propre, souple et douce, pr\u00eate \u00e0 recevoir le soin suivant.\" \/>\n<meta property=\"og:url\" content=\"https:\/\/beautesantelorette.ca\/fr\/produit\/beaume-en-lait-demaquillant\/\" \/>\n<meta property=\"og:site_name\" content=\"Beaut\u00e9 Sant\u00e9 Lorette\" \/>\n<meta property=\"article:publisher\" content=\"https:\/\/www.facebook.com\/BeauteSanteLorette\/\" \/>\n<meta property=\"article:modified_time\" content=\"2022-03-24T14:07:50+00:00\" \/>\n<meta property=\"og:image\" content=\"https:\/\/beautesantelorette.ca\/wp-content\/uploads\/2021\/10\/Deep-Cleansing-Balm.jpg\" \/>\n\t<meta property=\"og:image:width\" content=\"1200\" \/>\n\t<meta property=\"og:image:height\" content=\"1200\" \/>\n\t<meta property=\"og:image:type\" content=\"image\/jpeg\" \/>\n<meta name=\"twitter:card\" content=\"summary_large_image\" \/>\n<script type=\"application\/ld+json\" class=\"yoast-schema-graph\">{\"@context\":\"https:\\\/\\\/schema.org\",\"@graph\":[{\"@type\":\"WebPage\",\"@id\":\"https:\\\/\\\/beautesantelorette.ca\\\/fr\\\/produit\\\/beaume-en-lait-demaquillant\\\/\",\"url\":\"https:\\\/\\\/beautesantelorette.ca\\\/fr\\\/produit\\\/beaume-en-lait-demaquillant\\\/\",\"name\":\"Beaume-En-Lait D\u00e9maquillant - Beaut\u00e9 Sant\u00e9 Lorette\",\"isPartOf\":{\"@id\":\"https:\\\/\\\/beautesantelorette.ca\\\/fr\\\/#website\"},\"primaryImageOfPage\":{\"@id\":\"https:\\\/\\\/beautesantelorette.ca\\\/fr\\\/produit\\\/beaume-en-lait-demaquillant\\\/#primaryimage\"},\"image\":{\"@id\":\"https:\\\/\\\/beautesantelorette.ca\\\/fr\\\/produit\\\/beaume-en-lait-demaquillant\\\/#primaryimage\"},\"thumbnailUrl\":\"https:\\\/\\\/beautesantelorette.ca\\\/wp-content\\\/uploads\\\/2021\\\/10\\\/Deep-Cleansing-Balm.jpg\",\"datePublished\":\"2021-10-18T15:17:13+00:00\",\"dateModified\":\"2022-03-24T14:07:50+00:00\",\"description\":\"Le Beaume-En-Lait D\u00e9maquillant Physiodermie a une texture gel qui se transforme en une huile douce et soyeuse au contact de la peau, puis s\u2019\u00e9mulsionne en un lait velout\u00e9 au contact de l\u2019eau. L\u2019huile encapsule les r\u00e9sidus (maquillage et impuret\u00e9s) et se transforme ensuite en un lait nettoyant non gras et tr\u00e8s facile \u00e0 rincer. Nettoie la peau en profondeur gr\u00e2ce \u00e0 ses deux \u00e9tapes de nettoyage, associ\u00e9es \u00e0 deux textures : l\u2019huile et le lait. Laisse la peau parfaitement propre, souple et douce, pr\u00eate \u00e0 recevoir le soin suivant.\",\"breadcrumb\":{\"@id\":\"https:\\\/\\\/beautesantelorette.ca\\\/fr\\\/produit\\\/beaume-en-lait-demaquillant\\\/#breadcrumb\"},\"inLanguage\":\"fr-FR\",\"potentialAction\":[{\"@type\":\"ReadAction\",\"target\":[\"https:\\\/\\\/beautesantelorette.ca\\\/fr\\\/produit\\\/beaume-en-lait-demaquillant\\\/\"]}]},{\"@type\":\"ImageObject\",\"inLanguage\":\"fr-FR\",\"@id\":\"https:\\\/\\\/beautesantelorette.ca\\\/fr\\\/produit\\\/beaume-en-lait-demaquillant\\\/#primaryimage\",\"url\":\"https:\\\/\\\/beautesantelorette.ca\\\/wp-content\\\/uploads\\\/2021\\\/10\\\/Deep-Cleansing-Balm.jpg\",\"contentUrl\":\"https:\\\/\\\/beautesantelorette.ca\\\/wp-content\\\/uploads\\\/2021\\\/10\\\/Deep-Cleansing-Balm.jpg\",\"width\":1200,\"height\":1200,\"caption\":\"Beaume-En-Lait D\u00e9maquillant\"},{\"@type\":\"BreadcrumbList\",\"@id\":\"https:\\\/\\\/beautesantelorette.ca\\\/fr\\\/produit\\\/beaume-en-lait-demaquillant\\\/#breadcrumb\",\"itemListElement\":[{\"@type\":\"ListItem\",\"position\":1,\"name\":\"Home\",\"item\":\"https:\\\/\\\/beautesantelorette.ca\\\/fr\\\/\"},{\"@type\":\"ListItem\",\"position\":2,\"name\":\"Boutique\",\"item\":\"https:\\\/\\\/beautesantelorette.ca\\\/fr\\\/boutique\\\/\"},{\"@type\":\"ListItem\",\"position\":3,\"name\":\"Beaume-En-Lait D\u00e9maquillant\"}]},{\"@type\":\"WebSite\",\"@id\":\"https:\\\/\\\/beautesantelorette.ca\\\/fr\\\/#website\",\"url\":\"https:\\\/\\\/beautesantelorette.ca\\\/fr\\\/\",\"name\":\"Beaut\u00e9 Sant\u00e9 Lorette\",\"description\":\"Confiez-Nous Le Soin de VOTRE PEAU\",\"publisher\":{\"@id\":\"https:\\\/\\\/beautesantelorette.ca\\\/fr\\\/#organization\"},\"potentialAction\":[{\"@type\":\"SearchAction\",\"target\":{\"@type\":\"EntryPoint\",\"urlTemplate\":\"https:\\\/\\\/beautesantelorette.ca\\\/fr\\\/?s={search_term_string}\"},\"query-input\":{\"@type\":\"PropertyValueSpecification\",\"valueRequired\":true,\"valueName\":\"search_term_string\"}}],\"inLanguage\":\"fr-FR\"},{\"@type\":\"Organization\",\"@id\":\"https:\\\/\\\/beautesantelorette.ca\\\/fr\\\/#organization\",\"name\":\"Beaut\u00e9 Sant\u00e9 Lorette\",\"url\":\"https:\\\/\\\/beautesantelorette.ca\\\/fr\\\/\",\"logo\":{\"@type\":\"ImageObject\",\"inLanguage\":\"fr-FR\",\"@id\":\"https:\\\/\\\/beautesantelorette.ca\\\/fr\\\/#\\\/schema\\\/logo\\\/image\\\/\",\"url\":\"https:\\\/\\\/beautesantelorette.ca\\\/wp-content\\\/uploads\\\/2021\\\/10\\\/bsl_surfgirl_logo_pos-1.svg\",\"contentUrl\":\"https:\\\/\\\/beautesantelorette.ca\\\/wp-content\\\/uploads\\\/2021\\\/10\\\/bsl_surfgirl_logo_pos-1.svg\",\"width\":1533,\"height\":1200,\"caption\":\"Beaut\u00e9 Sant\u00e9 Lorette\"},\"image\":{\"@id\":\"https:\\\/\\\/beautesantelorette.ca\\\/fr\\\/#\\\/schema\\\/logo\\\/image\\\/\"},\"sameAs\":[\"https:\\\/\\\/www.facebook.com\\\/BeauteSanteLorette\\\/\",\"https:\\\/\\\/www.instagram.com\\\/beautesantelorette\\\/\"]}]}<\/script>\n<!-- \/ Yoast SEO plugin. -->","yoast_head_json":{"title":"Beaume-En-Lait D\u00e9maquillant - Beaut\u00e9 Sant\u00e9 Lorette","description":"Le Beaume-En-Lait D\u00e9maquillant Physiodermie a une texture gel qui se transforme en une huile douce et soyeuse au contact de la peau, puis s\u2019\u00e9mulsionne en un lait velout\u00e9 au contact de l\u2019eau. L\u2019huile encapsule les r\u00e9sidus (maquillage et impuret\u00e9s) et se transforme ensuite en un lait nettoyant non gras et tr\u00e8s facile \u00e0 rincer. Nettoie la peau en profondeur gr\u00e2ce \u00e0 ses deux \u00e9tapes de nettoyage, associ\u00e9es \u00e0 deux textures : l\u2019huile et le lait. Laisse la peau parfaitement propre, souple et douce, pr\u00eate \u00e0 recevoir le soin suivant.","robots":{"index":"index","follow":"follow","max-snippet":"max-snippet:-1","max-image-preview":"max-image-preview:large","max-video-preview":"max-video-preview:-1"},"canonical":"https:\/\/beautesantelorette.ca\/fr\/produit\/beaume-en-lait-demaquillant\/","og_locale":"fr_FR","og_type":"article","og_title":"Beaume-En-Lait D\u00e9maquillant - Beaut\u00e9 Sant\u00e9 Lorette","og_description":"Le Beaume-En-Lait D\u00e9maquillant Physiodermie a une texture gel qui se transforme en une huile douce et soyeuse au contact de la peau, puis s\u2019\u00e9mulsionne en un lait velout\u00e9 au contact de l\u2019eau. L\u2019huile encapsule les r\u00e9sidus (maquillage et impuret\u00e9s) et se transforme ensuite en un lait nettoyant non gras et tr\u00e8s facile \u00e0 rincer. Nettoie la peau en profondeur gr\u00e2ce \u00e0 ses deux \u00e9tapes de nettoyage, associ\u00e9es \u00e0 deux textures : l\u2019huile et le lait. Laisse la peau parfaitement propre, souple et douce, pr\u00eate \u00e0 recevoir le soin suivant.","og_url":"https:\/\/beautesantelorette.ca\/fr\/produit\/beaume-en-lait-demaquillant\/","og_site_name":"Beaut\u00e9 Sant\u00e9 Lorette","article_publisher":"https:\/\/www.facebook.com\/BeauteSanteLorette\/","article_modified_time":"2022-03-24T14:07:50+00:00","og_image":[{"width":1200,"height":1200,"url":"https:\/\/beautesantelorette.ca\/wp-content\/uploads\/2021\/10\/Deep-Cleansing-Balm.jpg","type":"image\/jpeg"}],"twitter_card":"summary_large_image","schema":{"@context":"https:\/\/schema.org","@graph":[{"@type":"WebPage","@id":"https:\/\/beautesantelorette.ca\/fr\/produit\/beaume-en-lait-demaquillant\/","url":"https:\/\/beautesantelorette.ca\/fr\/produit\/beaume-en-lait-demaquillant\/","name":"Beaume-En-Lait D\u00e9maquillant - Beaut\u00e9 Sant\u00e9 Lorette","isPartOf":{"@id":"https:\/\/beautesantelorette.ca\/fr\/#website"},"primaryImageOfPage":{"@id":"https:\/\/beautesantelorette.ca\/fr\/produit\/beaume-en-lait-demaquillant\/#primaryimage"},"image":{"@id":"https:\/\/beautesantelorette.ca\/fr\/produit\/beaume-en-lait-demaquillant\/#primaryimage"},"thumbnailUrl":"https:\/\/beautesantelorette.ca\/wp-content\/uploads\/2021\/10\/Deep-Cleansing-Balm.jpg","datePublished":"2021-10-18T15:17:13+00:00","dateModified":"2022-03-24T14:07:50+00:00","description":"Le Beaume-En-Lait D\u00e9maquillant Physiodermie a une texture gel qui se transforme en une huile douce et soyeuse au contact de la peau, puis s\u2019\u00e9mulsionne en un lait velout\u00e9 au contact de l\u2019eau. L\u2019huile encapsule les r\u00e9sidus (maquillage et impuret\u00e9s) et se transforme ensuite en un lait nettoyant non gras et tr\u00e8s facile \u00e0 rincer. Nettoie la peau en profondeur gr\u00e2ce \u00e0 ses deux \u00e9tapes de nettoyage, associ\u00e9es \u00e0 deux textures : l\u2019huile et le lait. Laisse la peau parfaitement propre, souple et douce, pr\u00eate \u00e0 recevoir le soin suivant.","breadcrumb":{"@id":"https:\/\/beautesantelorette.ca\/fr\/produit\/beaume-en-lait-demaquillant\/#breadcrumb"},"inLanguage":"fr-FR","potentialAction":[{"@type":"ReadAction","target":["https:\/\/beautesantelorette.ca\/fr\/produit\/beaume-en-lait-demaquillant\/"]}]},{"@type":"ImageObject","inLanguage":"fr-FR","@id":"https:\/\/beautesantelorette.ca\/fr\/produit\/beaume-en-lait-demaquillant\/#primaryimage","url":"https:\/\/beautesantelorette.ca\/wp-content\/uploads\/2021\/10\/Deep-Cleansing-Balm.jpg","contentUrl":"https:\/\/beautesantelorette.ca\/wp-content\/uploads\/2021\/10\/Deep-Cleansing-Balm.jpg","width":1200,"height":1200,"caption":"Beaume-En-Lait D\u00e9maquillant"},{"@type":"BreadcrumbList","@id":"https:\/\/beautesantelorette.ca\/fr\/produit\/beaume-en-lait-demaquillant\/#breadcrumb","itemListElement":[{"@type":"ListItem","position":1,"name":"Home","item":"https:\/\/beautesantelorette.ca\/fr\/"},{"@type":"ListItem","position":2,"name":"Boutique","item":"https:\/\/beautesantelorette.ca\/fr\/boutique\/"},{"@type":"ListItem","position":3,"name":"Beaume-En-Lait D\u00e9maquillant"}]},{"@type":"WebSite","@id":"https:\/\/beautesantelorette.ca\/fr\/#website","url":"https:\/\/beautesantelorette.ca\/fr\/","name":"Beaut\u00e9 Sant\u00e9 Lorette","description":"Confiez-Nous Le Soin de VOTRE PEAU","publisher":{"@id":"https:\/\/beautesantelorette.ca\/fr\/#organization"},"potentialAction":[{"@type":"SearchAction","target":{"@type":"EntryPoint","urlTemplate":"https:\/\/beautesantelorette.ca\/fr\/?s={search_term_string}"},"query-input":{"@type":"PropertyValueSpecification","valueRequired":true,"valueName":"search_term_string"}}],"inLanguage":"fr-FR"},{"@type":"Organization","@id":"https:\/\/beautesantelorette.ca\/fr\/#organization","name":"Beaut\u00e9 Sant\u00e9 Lorette","url":"https:\/\/beautesantelorette.ca\/fr\/","logo":{"@type":"ImageObject","inLanguage":"fr-FR","@id":"https:\/\/beautesantelorette.ca\/fr\/#\/schema\/logo\/image\/","url":"https:\/\/beautesantelorette.ca\/wp-content\/uploads\/2021\/10\/bsl_surfgirl_logo_pos-1.svg","contentUrl":"https:\/\/beautesantelorette.ca\/wp-content\/uploads\/2021\/10\/bsl_surfgirl_logo_pos-1.svg","width":1533,"height":1200,"caption":"Beaut\u00e9 Sant\u00e9 Lorette"},"image":{"@id":"https:\/\/beautesantelorette.ca\/fr\/#\/schema\/logo\/image\/"},"sameAs":["https:\/\/www.facebook.com\/BeauteSanteLorette\/","https:\/\/www.instagram.com\/beautesantelorette\/"]}]}},"jetpack_sharing_enabled":true,"_links":{"self":[{"href":"https:\/\/beautesantelorette.ca\/fr\/wp-json\/wp\/v2\/product\/22282","targetHints":{"allow":["GET"]}}],"collection":[{"href":"https:\/\/beautesantelorette.ca\/fr\/wp-json\/wp\/v2\/product"}],"about":[{"href":"https:\/\/beautesantelorette.ca\/fr\/wp-json\/wp\/v2\/types\/product"}],"replies":[{"embeddable":true,"href":"https:\/\/beautesantelorette.ca\/fr\/wp-json\/wp\/v2\/comments?post=22282"}],"wp:featuredmedia":[{"embeddable":true,"href":"https:\/\/beautesantelorette.ca\/fr\/wp-json\/wp\/v2\/media\/21941"}],"wp:attachment":[{"href":"https:\/\/beautesantelorette.ca\/fr\/wp-json\/wp\/v2\/media?parent=22282"}],"wp:term":[{"taxonomy":"product_brand","embeddable":true,"href":"https:\/\/beautesantelorette.ca\/fr\/wp-json\/wp\/v2\/product_brand?post=22282"},{"taxonomy":"product_cat","embeddable":true,"href":"https:\/\/beautesantelorette.ca\/fr\/wp-json\/wp\/v2\/product_cat?post=22282"},{"taxonomy":"product_tag","embeddable":true,"href":"https:\/\/beautesantelorette.ca\/fr\/wp-json\/wp\/v2\/product_tag?post=22282"}],"curies":[{"name":"wp","href":"https:\/\/api.w.org\/{rel}","templated":true}]}}