{"id":22311,"date":"2021-09-30T15:38:33","date_gmt":"2021-09-30T15:38:33","guid":{"rendered":"https:\/\/beautelorette.wpengine.com\/product\/evolution-shower-hydrating-milk-sl\/"},"modified":"2023-01-25T20:55:01","modified_gmt":"2023-01-25T20:55:01","slug":"evolution-lait-dhygiene-corporel-sl","status":"publish","type":"product","link":"https:\/\/beautesantelorette.ca\/fr\/produit\/evolution-lait-dhygiene-corporel-sl\/","title":{"rendered":"Evolution Lait d\u2019Hygiene Corporel SL"},"content":{"rendered":"","protected":false},"excerpt":{"rendered":"<p>L&rsquo;Evolution Lait d\u2019Hygiene Corporel SL Physiodermie est un lait nettoyant moussant tr\u00e8s doux. Nettoie tout en respectant l\u2019\u00e9piderme. Laisse la peau douce et souple. Convient pour le visage et le corps. 95% des femmes recommandent ce produit*.<\/p>\n<p>* Test d\u2019usage r\u00e9alis\u00e9 sur 21 femmes \u00e0 la peau sensible pendant 4 semaines.<\/p>\n","protected":false},"featured_media":21673,"comment_status":"open","ping_status":"closed","template":"","meta":[],"product_brand":[],"product_cat":[248,233],"product_tag":[],"class_list":{"0":"post-22311","1":"product","2":"type-product","3":"status-publish","4":"has-post-thumbnail","6":"product_cat-nettoyants","7":"product_cat-physiodermie-fr","9":"first","10":"instock","11":"taxable","12":"shipping-taxable","13":"purchasable","14":"product-type-simple"},"yoast_head":"<!-- This site is optimized with the Yoast SEO plugin v27.5 - https:\/\/yoast.com\/product\/yoast-seo-wordpress\/ -->\n<title>Evolution Lait d\u2019Hygiene Corporel SL - Beaut\u00e9 Sant\u00e9 Lorette<\/title>\n<meta name=\"description\" content=\"L&#039;Evolution Lait d\u2019Hygiene Corporel SL Physiodermie est un lait nettoyant moussant tr\u00e8s doux. Nettoie tout en respectant l\u2019\u00e9piderme. Laisse la peau douce et souple. Convient pour le visage et le corps. 95% des femmes recommandent ce produit*.\" \/>\n<meta name=\"robots\" content=\"index, follow, max-snippet:-1, max-image-preview:large, max-video-preview:-1\" \/>\n<link rel=\"canonical\" href=\"https:\/\/beautesantelorette.ca\/fr\/produit\/evolution-lait-dhygiene-corporel-sl\/\" \/>\n<meta property=\"og:locale\" content=\"fr_FR\" \/>\n<meta property=\"og:type\" content=\"article\" \/>\n<meta property=\"og:title\" content=\"Evolution Lait d\u2019Hygiene Corporel SL - Beaut\u00e9 Sant\u00e9 Lorette\" \/>\n<meta property=\"og:description\" content=\"L&#039;Evolution Lait d\u2019Hygiene Corporel SL Physiodermie est un lait nettoyant moussant tr\u00e8s doux. Nettoie tout en respectant l\u2019\u00e9piderme. Laisse la peau douce et souple. Convient pour le visage et le corps. 95% des femmes recommandent ce produit*.\" \/>\n<meta property=\"og:url\" content=\"https:\/\/beautesantelorette.ca\/fr\/produit\/evolution-lait-dhygiene-corporel-sl\/\" \/>\n<meta property=\"og:site_name\" content=\"Beaut\u00e9 Sant\u00e9 Lorette\" \/>\n<meta property=\"article:publisher\" content=\"https:\/\/www.facebook.com\/BeauteSanteLorette\/\" \/>\n<meta property=\"article:modified_time\" content=\"2023-01-25T20:55:01+00:00\" \/>\n<meta property=\"og:image\" content=\"https:\/\/beautesantelorette.ca\/wp-content\/uploads\/2021\/09\/Evolution-Shower-Hydrating-Milk-SL.jpg\" \/>\n\t<meta property=\"og:image:width\" content=\"1200\" \/>\n\t<meta property=\"og:image:height\" content=\"1200\" \/>\n\t<meta property=\"og:image:type\" content=\"image\/jpeg\" \/>\n<meta name=\"twitter:card\" content=\"summary_large_image\" \/>\n<script type=\"application\/ld+json\" class=\"yoast-schema-graph\">{\"@context\":\"https:\\\/\\\/schema.org\",\"@graph\":[{\"@type\":\"WebPage\",\"@id\":\"https:\\\/\\\/beautesantelorette.ca\\\/fr\\\/produit\\\/evolution-lait-dhygiene-corporel-sl\\\/\",\"url\":\"https:\\\/\\\/beautesantelorette.ca\\\/fr\\\/produit\\\/evolution-lait-dhygiene-corporel-sl\\\/\",\"name\":\"Evolution Lait d\u2019Hygiene Corporel SL - Beaut\u00e9 Sant\u00e9 Lorette\",\"isPartOf\":{\"@id\":\"https:\\\/\\\/beautesantelorette.ca\\\/fr\\\/#website\"},\"primaryImageOfPage\":{\"@id\":\"https:\\\/\\\/beautesantelorette.ca\\\/fr\\\/produit\\\/evolution-lait-dhygiene-corporel-sl\\\/#primaryimage\"},\"image\":{\"@id\":\"https:\\\/\\\/beautesantelorette.ca\\\/fr\\\/produit\\\/evolution-lait-dhygiene-corporel-sl\\\/#primaryimage\"},\"thumbnailUrl\":\"https:\\\/\\\/beautesantelorette.ca\\\/wp-content\\\/uploads\\\/2021\\\/09\\\/Evolution-Shower-Hydrating-Milk-SL.jpg\",\"datePublished\":\"2021-09-30T15:38:33+00:00\",\"dateModified\":\"2023-01-25T20:55:01+00:00\",\"description\":\"L'Evolution Lait d\u2019Hygiene Corporel SL Physiodermie est un lait nettoyant moussant tr\u00e8s doux. Nettoie tout en respectant l\u2019\u00e9piderme. Laisse la peau douce et souple. Convient pour le visage et le corps. 95% des femmes recommandent ce produit*.\",\"breadcrumb\":{\"@id\":\"https:\\\/\\\/beautesantelorette.ca\\\/fr\\\/produit\\\/evolution-lait-dhygiene-corporel-sl\\\/#breadcrumb\"},\"inLanguage\":\"fr-FR\",\"potentialAction\":[{\"@type\":\"ReadAction\",\"target\":[\"https:\\\/\\\/beautesantelorette.ca\\\/fr\\\/produit\\\/evolution-lait-dhygiene-corporel-sl\\\/\"]}]},{\"@type\":\"ImageObject\",\"inLanguage\":\"fr-FR\",\"@id\":\"https:\\\/\\\/beautesantelorette.ca\\\/fr\\\/produit\\\/evolution-lait-dhygiene-corporel-sl\\\/#primaryimage\",\"url\":\"https:\\\/\\\/beautesantelorette.ca\\\/wp-content\\\/uploads\\\/2021\\\/09\\\/Evolution-Shower-Hydrating-Milk-SL.jpg\",\"contentUrl\":\"https:\\\/\\\/beautesantelorette.ca\\\/wp-content\\\/uploads\\\/2021\\\/09\\\/Evolution-Shower-Hydrating-Milk-SL.jpg\",\"width\":1200,\"height\":1200,\"caption\":\"Evolution Lait d\u2019Hygiene Corporel SL\"},{\"@type\":\"BreadcrumbList\",\"@id\":\"https:\\\/\\\/beautesantelorette.ca\\\/fr\\\/produit\\\/evolution-lait-dhygiene-corporel-sl\\\/#breadcrumb\",\"itemListElement\":[{\"@type\":\"ListItem\",\"position\":1,\"name\":\"Home\",\"item\":\"https:\\\/\\\/beautesantelorette.ca\\\/fr\\\/\"},{\"@type\":\"ListItem\",\"position\":2,\"name\":\"Boutique\",\"item\":\"https:\\\/\\\/beautesantelorette.ca\\\/fr\\\/boutique\\\/\"},{\"@type\":\"ListItem\",\"position\":3,\"name\":\"Evolution Lait d\u2019Hygiene Corporel SL\"}]},{\"@type\":\"WebSite\",\"@id\":\"https:\\\/\\\/beautesantelorette.ca\\\/fr\\\/#website\",\"url\":\"https:\\\/\\\/beautesantelorette.ca\\\/fr\\\/\",\"name\":\"Beaut\u00e9 Sant\u00e9 Lorette\",\"description\":\"Confiez-Nous Le Soin de VOTRE PEAU\",\"publisher\":{\"@id\":\"https:\\\/\\\/beautesantelorette.ca\\\/fr\\\/#organization\"},\"potentialAction\":[{\"@type\":\"SearchAction\",\"target\":{\"@type\":\"EntryPoint\",\"urlTemplate\":\"https:\\\/\\\/beautesantelorette.ca\\\/fr\\\/?s={search_term_string}\"},\"query-input\":{\"@type\":\"PropertyValueSpecification\",\"valueRequired\":true,\"valueName\":\"search_term_string\"}}],\"inLanguage\":\"fr-FR\"},{\"@type\":\"Organization\",\"@id\":\"https:\\\/\\\/beautesantelorette.ca\\\/fr\\\/#organization\",\"name\":\"Beaut\u00e9 Sant\u00e9 Lorette\",\"url\":\"https:\\\/\\\/beautesantelorette.ca\\\/fr\\\/\",\"logo\":{\"@type\":\"ImageObject\",\"inLanguage\":\"fr-FR\",\"@id\":\"https:\\\/\\\/beautesantelorette.ca\\\/fr\\\/#\\\/schema\\\/logo\\\/image\\\/\",\"url\":\"https:\\\/\\\/beautesantelorette.ca\\\/wp-content\\\/uploads\\\/2021\\\/10\\\/bsl_surfgirl_logo_pos-1.svg\",\"contentUrl\":\"https:\\\/\\\/beautesantelorette.ca\\\/wp-content\\\/uploads\\\/2021\\\/10\\\/bsl_surfgirl_logo_pos-1.svg\",\"width\":1533,\"height\":1200,\"caption\":\"Beaut\u00e9 Sant\u00e9 Lorette\"},\"image\":{\"@id\":\"https:\\\/\\\/beautesantelorette.ca\\\/fr\\\/#\\\/schema\\\/logo\\\/image\\\/\"},\"sameAs\":[\"https:\\\/\\\/www.facebook.com\\\/BeauteSanteLorette\\\/\",\"https:\\\/\\\/www.instagram.com\\\/beautesantelorette\\\/\"]}]}<\/script>\n<!-- \/ Yoast SEO plugin. -->","yoast_head_json":{"title":"Evolution Lait d\u2019Hygiene Corporel SL - Beaut\u00e9 Sant\u00e9 Lorette","description":"L'Evolution Lait d\u2019Hygiene Corporel SL Physiodermie est un lait nettoyant moussant tr\u00e8s doux. Nettoie tout en respectant l\u2019\u00e9piderme. Laisse la peau douce et souple. Convient pour le visage et le corps. 95% des femmes recommandent ce produit*.","robots":{"index":"index","follow":"follow","max-snippet":"max-snippet:-1","max-image-preview":"max-image-preview:large","max-video-preview":"max-video-preview:-1"},"canonical":"https:\/\/beautesantelorette.ca\/fr\/produit\/evolution-lait-dhygiene-corporel-sl\/","og_locale":"fr_FR","og_type":"article","og_title":"Evolution Lait d\u2019Hygiene Corporel SL - Beaut\u00e9 Sant\u00e9 Lorette","og_description":"L'Evolution Lait d\u2019Hygiene Corporel SL Physiodermie est un lait nettoyant moussant tr\u00e8s doux. Nettoie tout en respectant l\u2019\u00e9piderme. Laisse la peau douce et souple. Convient pour le visage et le corps. 95% des femmes recommandent ce produit*.","og_url":"https:\/\/beautesantelorette.ca\/fr\/produit\/evolution-lait-dhygiene-corporel-sl\/","og_site_name":"Beaut\u00e9 Sant\u00e9 Lorette","article_publisher":"https:\/\/www.facebook.com\/BeauteSanteLorette\/","article_modified_time":"2023-01-25T20:55:01+00:00","og_image":[{"width":1200,"height":1200,"url":"https:\/\/beautesantelorette.ca\/wp-content\/uploads\/2021\/09\/Evolution-Shower-Hydrating-Milk-SL.jpg","type":"image\/jpeg"}],"twitter_card":"summary_large_image","schema":{"@context":"https:\/\/schema.org","@graph":[{"@type":"WebPage","@id":"https:\/\/beautesantelorette.ca\/fr\/produit\/evolution-lait-dhygiene-corporel-sl\/","url":"https:\/\/beautesantelorette.ca\/fr\/produit\/evolution-lait-dhygiene-corporel-sl\/","name":"Evolution Lait d\u2019Hygiene Corporel SL - Beaut\u00e9 Sant\u00e9 Lorette","isPartOf":{"@id":"https:\/\/beautesantelorette.ca\/fr\/#website"},"primaryImageOfPage":{"@id":"https:\/\/beautesantelorette.ca\/fr\/produit\/evolution-lait-dhygiene-corporel-sl\/#primaryimage"},"image":{"@id":"https:\/\/beautesantelorette.ca\/fr\/produit\/evolution-lait-dhygiene-corporel-sl\/#primaryimage"},"thumbnailUrl":"https:\/\/beautesantelorette.ca\/wp-content\/uploads\/2021\/09\/Evolution-Shower-Hydrating-Milk-SL.jpg","datePublished":"2021-09-30T15:38:33+00:00","dateModified":"2023-01-25T20:55:01+00:00","description":"L'Evolution Lait d\u2019Hygiene Corporel SL Physiodermie est un lait nettoyant moussant tr\u00e8s doux. Nettoie tout en respectant l\u2019\u00e9piderme. Laisse la peau douce et souple. Convient pour le visage et le corps. 95% des femmes recommandent ce produit*.","breadcrumb":{"@id":"https:\/\/beautesantelorette.ca\/fr\/produit\/evolution-lait-dhygiene-corporel-sl\/#breadcrumb"},"inLanguage":"fr-FR","potentialAction":[{"@type":"ReadAction","target":["https:\/\/beautesantelorette.ca\/fr\/produit\/evolution-lait-dhygiene-corporel-sl\/"]}]},{"@type":"ImageObject","inLanguage":"fr-FR","@id":"https:\/\/beautesantelorette.ca\/fr\/produit\/evolution-lait-dhygiene-corporel-sl\/#primaryimage","url":"https:\/\/beautesantelorette.ca\/wp-content\/uploads\/2021\/09\/Evolution-Shower-Hydrating-Milk-SL.jpg","contentUrl":"https:\/\/beautesantelorette.ca\/wp-content\/uploads\/2021\/09\/Evolution-Shower-Hydrating-Milk-SL.jpg","width":1200,"height":1200,"caption":"Evolution Lait d\u2019Hygiene Corporel SL"},{"@type":"BreadcrumbList","@id":"https:\/\/beautesantelorette.ca\/fr\/produit\/evolution-lait-dhygiene-corporel-sl\/#breadcrumb","itemListElement":[{"@type":"ListItem","position":1,"name":"Home","item":"https:\/\/beautesantelorette.ca\/fr\/"},{"@type":"ListItem","position":2,"name":"Boutique","item":"https:\/\/beautesantelorette.ca\/fr\/boutique\/"},{"@type":"ListItem","position":3,"name":"Evolution Lait d\u2019Hygiene Corporel SL"}]},{"@type":"WebSite","@id":"https:\/\/beautesantelorette.ca\/fr\/#website","url":"https:\/\/beautesantelorette.ca\/fr\/","name":"Beaut\u00e9 Sant\u00e9 Lorette","description":"Confiez-Nous Le Soin de VOTRE PEAU","publisher":{"@id":"https:\/\/beautesantelorette.ca\/fr\/#organization"},"potentialAction":[{"@type":"SearchAction","target":{"@type":"EntryPoint","urlTemplate":"https:\/\/beautesantelorette.ca\/fr\/?s={search_term_string}"},"query-input":{"@type":"PropertyValueSpecification","valueRequired":true,"valueName":"search_term_string"}}],"inLanguage":"fr-FR"},{"@type":"Organization","@id":"https:\/\/beautesantelorette.ca\/fr\/#organization","name":"Beaut\u00e9 Sant\u00e9 Lorette","url":"https:\/\/beautesantelorette.ca\/fr\/","logo":{"@type":"ImageObject","inLanguage":"fr-FR","@id":"https:\/\/beautesantelorette.ca\/fr\/#\/schema\/logo\/image\/","url":"https:\/\/beautesantelorette.ca\/wp-content\/uploads\/2021\/10\/bsl_surfgirl_logo_pos-1.svg","contentUrl":"https:\/\/beautesantelorette.ca\/wp-content\/uploads\/2021\/10\/bsl_surfgirl_logo_pos-1.svg","width":1533,"height":1200,"caption":"Beaut\u00e9 Sant\u00e9 Lorette"},"image":{"@id":"https:\/\/beautesantelorette.ca\/fr\/#\/schema\/logo\/image\/"},"sameAs":["https:\/\/www.facebook.com\/BeauteSanteLorette\/","https:\/\/www.instagram.com\/beautesantelorette\/"]}]}},"jetpack_sharing_enabled":true,"_links":{"self":[{"href":"https:\/\/beautesantelorette.ca\/fr\/wp-json\/wp\/v2\/product\/22311","targetHints":{"allow":["GET"]}}],"collection":[{"href":"https:\/\/beautesantelorette.ca\/fr\/wp-json\/wp\/v2\/product"}],"about":[{"href":"https:\/\/beautesantelorette.ca\/fr\/wp-json\/wp\/v2\/types\/product"}],"replies":[{"embeddable":true,"href":"https:\/\/beautesantelorette.ca\/fr\/wp-json\/wp\/v2\/comments?post=22311"}],"wp:featuredmedia":[{"embeddable":true,"href":"https:\/\/beautesantelorette.ca\/fr\/wp-json\/wp\/v2\/media\/21673"}],"wp:attachment":[{"href":"https:\/\/beautesantelorette.ca\/fr\/wp-json\/wp\/v2\/media?parent=22311"}],"wp:term":[{"taxonomy":"product_brand","embeddable":true,"href":"https:\/\/beautesantelorette.ca\/fr\/wp-json\/wp\/v2\/product_brand?post=22311"},{"taxonomy":"product_cat","embeddable":true,"href":"https:\/\/beautesantelorette.ca\/fr\/wp-json\/wp\/v2\/product_cat?post=22311"},{"taxonomy":"product_tag","embeddable":true,"href":"https:\/\/beautesantelorette.ca\/fr\/wp-json\/wp\/v2\/product_tag?post=22311"}],"curies":[{"name":"wp","href":"https:\/\/api.w.org\/{rel}","templated":true}]}}