{"id":22315,"date":"2021-09-30T15:56:46","date_gmt":"2021-09-30T15:56:46","guid":{"rendered":"https:\/\/beautelorette.wpengine.com\/product\/toner-emulsion\/"},"modified":"2021-11-26T20:28:42","modified_gmt":"2021-11-26T20:28:42","slug":"emulsion-tonifiante","status":"publish","type":"product","link":"https:\/\/beautesantelorette.ca\/fr\/produit\/emulsion-tonifiante\/","title":{"rendered":"Emulsion Tonifiante"},"content":{"rendered":"","protected":false},"excerpt":{"rendered":"<p>L&rsquo;Emulsion Tonifiante Physiodermie retend la peau et r\u00e9tablit son \u00e9lasticit\u00e9. Soin intensif pour peau manquant de tonus. Aide \u00e0 redensifier la texture de l\u2019\u00e9piderme pour recr\u00e9er un ovale d\u2019apparance mieux d\u00e9finie. Aussi parfaite pour le cou relach\u00e9 et le d\u00e9collet\u00e9 manquant de fermet\u00e9.<\/p>\n","protected":false},"featured_media":21684,"comment_status":"open","ping_status":"closed","template":"","meta":[],"product_brand":[],"product_cat":[233,256],"product_tag":[],"class_list":{"0":"post-22315","1":"product","2":"type-product","3":"status-publish","4":"has-post-thumbnail","6":"product_cat-physiodermie-fr","7":"product_cat-traitements","9":"first","10":"instock","11":"taxable","12":"shipping-taxable","13":"purchasable","14":"product-type-simple"},"yoast_head":"<!-- This site is optimized with the Yoast SEO plugin v27.4 - https:\/\/yoast.com\/product\/yoast-seo-wordpress\/ -->\n<title>Emulsion Tonifiante - Beaut\u00e9 Sant\u00e9 Lorette<\/title>\n<meta name=\"description\" content=\"L&#039;Emulsion Tonifiante Physiodermie retend la peau et r\u00e9tablit son \u00e9lasticit\u00e9. Soin intensif pour peau manquant de tonus. Aide \u00e0 redensifier la texture de l\u2019\u00e9piderme pour recr\u00e9er un ovale d\u2019apparance mieux d\u00e9finie. Aussi parfaite pour le cou relach\u00e9 et le d\u00e9collet\u00e9 manquant de fermet\u00e9.\" \/>\n<meta name=\"robots\" content=\"index, follow, max-snippet:-1, max-image-preview:large, max-video-preview:-1\" \/>\n<link rel=\"canonical\" href=\"https:\/\/beautesantelorette.ca\/fr\/produit\/emulsion-tonifiante\/\" \/>\n<meta property=\"og:locale\" content=\"fr_FR\" \/>\n<meta property=\"og:type\" content=\"article\" \/>\n<meta property=\"og:title\" content=\"Emulsion Tonifiante - Beaut\u00e9 Sant\u00e9 Lorette\" \/>\n<meta property=\"og:description\" content=\"L&#039;Emulsion Tonifiante Physiodermie retend la peau et r\u00e9tablit son \u00e9lasticit\u00e9. Soin intensif pour peau manquant de tonus. Aide \u00e0 redensifier la texture de l\u2019\u00e9piderme pour recr\u00e9er un ovale d\u2019apparance mieux d\u00e9finie. Aussi parfaite pour le cou relach\u00e9 et le d\u00e9collet\u00e9 manquant de fermet\u00e9.\" \/>\n<meta property=\"og:url\" content=\"https:\/\/beautesantelorette.ca\/fr\/produit\/emulsion-tonifiante\/\" \/>\n<meta property=\"og:site_name\" content=\"Beaut\u00e9 Sant\u00e9 Lorette\" \/>\n<meta property=\"article:publisher\" content=\"https:\/\/www.facebook.com\/BeauteSanteLorette\/\" \/>\n<meta property=\"article:modified_time\" content=\"2021-11-26T20:28:42+00:00\" \/>\n<meta property=\"og:image\" content=\"https:\/\/beautesantelorette.ca\/wp-content\/uploads\/2021\/09\/Toner-Emulsion.jpg\" \/>\n\t<meta property=\"og:image:width\" content=\"1200\" \/>\n\t<meta property=\"og:image:height\" content=\"1200\" \/>\n\t<meta property=\"og:image:type\" content=\"image\/jpeg\" \/>\n<meta name=\"twitter:card\" content=\"summary_large_image\" \/>\n<script type=\"application\/ld+json\" class=\"yoast-schema-graph\">{\"@context\":\"https:\\\/\\\/schema.org\",\"@graph\":[{\"@type\":\"WebPage\",\"@id\":\"https:\\\/\\\/beautesantelorette.ca\\\/fr\\\/produit\\\/emulsion-tonifiante\\\/\",\"url\":\"https:\\\/\\\/beautesantelorette.ca\\\/fr\\\/produit\\\/emulsion-tonifiante\\\/\",\"name\":\"Emulsion Tonifiante - Beaut\u00e9 Sant\u00e9 Lorette\",\"isPartOf\":{\"@id\":\"https:\\\/\\\/beautesantelorette.ca\\\/fr\\\/#website\"},\"primaryImageOfPage\":{\"@id\":\"https:\\\/\\\/beautesantelorette.ca\\\/fr\\\/produit\\\/emulsion-tonifiante\\\/#primaryimage\"},\"image\":{\"@id\":\"https:\\\/\\\/beautesantelorette.ca\\\/fr\\\/produit\\\/emulsion-tonifiante\\\/#primaryimage\"},\"thumbnailUrl\":\"https:\\\/\\\/beautesantelorette.ca\\\/wp-content\\\/uploads\\\/2021\\\/09\\\/Toner-Emulsion.jpg\",\"datePublished\":\"2021-09-30T15:56:46+00:00\",\"dateModified\":\"2021-11-26T20:28:42+00:00\",\"description\":\"L'Emulsion Tonifiante Physiodermie retend la peau et r\u00e9tablit son \u00e9lasticit\u00e9. Soin intensif pour peau manquant de tonus. Aide \u00e0 redensifier la texture de l\u2019\u00e9piderme pour recr\u00e9er un ovale d\u2019apparance mieux d\u00e9finie. Aussi parfaite pour le cou relach\u00e9 et le d\u00e9collet\u00e9 manquant de fermet\u00e9.\",\"breadcrumb\":{\"@id\":\"https:\\\/\\\/beautesantelorette.ca\\\/fr\\\/produit\\\/emulsion-tonifiante\\\/#breadcrumb\"},\"inLanguage\":\"fr-FR\",\"potentialAction\":[{\"@type\":\"ReadAction\",\"target\":[\"https:\\\/\\\/beautesantelorette.ca\\\/fr\\\/produit\\\/emulsion-tonifiante\\\/\"]}]},{\"@type\":\"ImageObject\",\"inLanguage\":\"fr-FR\",\"@id\":\"https:\\\/\\\/beautesantelorette.ca\\\/fr\\\/produit\\\/emulsion-tonifiante\\\/#primaryimage\",\"url\":\"https:\\\/\\\/beautesantelorette.ca\\\/wp-content\\\/uploads\\\/2021\\\/09\\\/Toner-Emulsion.jpg\",\"contentUrl\":\"https:\\\/\\\/beautesantelorette.ca\\\/wp-content\\\/uploads\\\/2021\\\/09\\\/Toner-Emulsion.jpg\",\"width\":1200,\"height\":1200,\"caption\":\"Emulsion Tonifiante\"},{\"@type\":\"BreadcrumbList\",\"@id\":\"https:\\\/\\\/beautesantelorette.ca\\\/fr\\\/produit\\\/emulsion-tonifiante\\\/#breadcrumb\",\"itemListElement\":[{\"@type\":\"ListItem\",\"position\":1,\"name\":\"Home\",\"item\":\"https:\\\/\\\/beautesantelorette.ca\\\/fr\\\/\"},{\"@type\":\"ListItem\",\"position\":2,\"name\":\"Boutique\",\"item\":\"https:\\\/\\\/beautesantelorette.ca\\\/fr\\\/boutique\\\/\"},{\"@type\":\"ListItem\",\"position\":3,\"name\":\"Emulsion Tonifiante\"}]},{\"@type\":\"WebSite\",\"@id\":\"https:\\\/\\\/beautesantelorette.ca\\\/fr\\\/#website\",\"url\":\"https:\\\/\\\/beautesantelorette.ca\\\/fr\\\/\",\"name\":\"Beaut\u00e9 Sant\u00e9 Lorette\",\"description\":\"Confiez-Nous Le Soin de VOTRE PEAU\",\"publisher\":{\"@id\":\"https:\\\/\\\/beautesantelorette.ca\\\/fr\\\/#organization\"},\"potentialAction\":[{\"@type\":\"SearchAction\",\"target\":{\"@type\":\"EntryPoint\",\"urlTemplate\":\"https:\\\/\\\/beautesantelorette.ca\\\/fr\\\/?s={search_term_string}\"},\"query-input\":{\"@type\":\"PropertyValueSpecification\",\"valueRequired\":true,\"valueName\":\"search_term_string\"}}],\"inLanguage\":\"fr-FR\"},{\"@type\":\"Organization\",\"@id\":\"https:\\\/\\\/beautesantelorette.ca\\\/fr\\\/#organization\",\"name\":\"Beaut\u00e9 Sant\u00e9 Lorette\",\"url\":\"https:\\\/\\\/beautesantelorette.ca\\\/fr\\\/\",\"logo\":{\"@type\":\"ImageObject\",\"inLanguage\":\"fr-FR\",\"@id\":\"https:\\\/\\\/beautesantelorette.ca\\\/fr\\\/#\\\/schema\\\/logo\\\/image\\\/\",\"url\":\"https:\\\/\\\/beautesantelorette.ca\\\/wp-content\\\/uploads\\\/2021\\\/10\\\/bsl_surfgirl_logo_pos-1.svg\",\"contentUrl\":\"https:\\\/\\\/beautesantelorette.ca\\\/wp-content\\\/uploads\\\/2021\\\/10\\\/bsl_surfgirl_logo_pos-1.svg\",\"width\":1533,\"height\":1200,\"caption\":\"Beaut\u00e9 Sant\u00e9 Lorette\"},\"image\":{\"@id\":\"https:\\\/\\\/beautesantelorette.ca\\\/fr\\\/#\\\/schema\\\/logo\\\/image\\\/\"},\"sameAs\":[\"https:\\\/\\\/www.facebook.com\\\/BeauteSanteLorette\\\/\",\"https:\\\/\\\/www.instagram.com\\\/beautesantelorette\\\/\"]}]}<\/script>\n<!-- \/ Yoast SEO plugin. -->","yoast_head_json":{"title":"Emulsion Tonifiante - Beaut\u00e9 Sant\u00e9 Lorette","description":"L'Emulsion Tonifiante Physiodermie retend la peau et r\u00e9tablit son \u00e9lasticit\u00e9. Soin intensif pour peau manquant de tonus. Aide \u00e0 redensifier la texture de l\u2019\u00e9piderme pour recr\u00e9er un ovale d\u2019apparance mieux d\u00e9finie. Aussi parfaite pour le cou relach\u00e9 et le d\u00e9collet\u00e9 manquant de fermet\u00e9.","robots":{"index":"index","follow":"follow","max-snippet":"max-snippet:-1","max-image-preview":"max-image-preview:large","max-video-preview":"max-video-preview:-1"},"canonical":"https:\/\/beautesantelorette.ca\/fr\/produit\/emulsion-tonifiante\/","og_locale":"fr_FR","og_type":"article","og_title":"Emulsion Tonifiante - Beaut\u00e9 Sant\u00e9 Lorette","og_description":"L'Emulsion Tonifiante Physiodermie retend la peau et r\u00e9tablit son \u00e9lasticit\u00e9. Soin intensif pour peau manquant de tonus. Aide \u00e0 redensifier la texture de l\u2019\u00e9piderme pour recr\u00e9er un ovale d\u2019apparance mieux d\u00e9finie. Aussi parfaite pour le cou relach\u00e9 et le d\u00e9collet\u00e9 manquant de fermet\u00e9.","og_url":"https:\/\/beautesantelorette.ca\/fr\/produit\/emulsion-tonifiante\/","og_site_name":"Beaut\u00e9 Sant\u00e9 Lorette","article_publisher":"https:\/\/www.facebook.com\/BeauteSanteLorette\/","article_modified_time":"2021-11-26T20:28:42+00:00","og_image":[{"width":1200,"height":1200,"url":"https:\/\/beautesantelorette.ca\/wp-content\/uploads\/2021\/09\/Toner-Emulsion.jpg","type":"image\/jpeg"}],"twitter_card":"summary_large_image","schema":{"@context":"https:\/\/schema.org","@graph":[{"@type":"WebPage","@id":"https:\/\/beautesantelorette.ca\/fr\/produit\/emulsion-tonifiante\/","url":"https:\/\/beautesantelorette.ca\/fr\/produit\/emulsion-tonifiante\/","name":"Emulsion Tonifiante - Beaut\u00e9 Sant\u00e9 Lorette","isPartOf":{"@id":"https:\/\/beautesantelorette.ca\/fr\/#website"},"primaryImageOfPage":{"@id":"https:\/\/beautesantelorette.ca\/fr\/produit\/emulsion-tonifiante\/#primaryimage"},"image":{"@id":"https:\/\/beautesantelorette.ca\/fr\/produit\/emulsion-tonifiante\/#primaryimage"},"thumbnailUrl":"https:\/\/beautesantelorette.ca\/wp-content\/uploads\/2021\/09\/Toner-Emulsion.jpg","datePublished":"2021-09-30T15:56:46+00:00","dateModified":"2021-11-26T20:28:42+00:00","description":"L'Emulsion Tonifiante Physiodermie retend la peau et r\u00e9tablit son \u00e9lasticit\u00e9. Soin intensif pour peau manquant de tonus. Aide \u00e0 redensifier la texture de l\u2019\u00e9piderme pour recr\u00e9er un ovale d\u2019apparance mieux d\u00e9finie. Aussi parfaite pour le cou relach\u00e9 et le d\u00e9collet\u00e9 manquant de fermet\u00e9.","breadcrumb":{"@id":"https:\/\/beautesantelorette.ca\/fr\/produit\/emulsion-tonifiante\/#breadcrumb"},"inLanguage":"fr-FR","potentialAction":[{"@type":"ReadAction","target":["https:\/\/beautesantelorette.ca\/fr\/produit\/emulsion-tonifiante\/"]}]},{"@type":"ImageObject","inLanguage":"fr-FR","@id":"https:\/\/beautesantelorette.ca\/fr\/produit\/emulsion-tonifiante\/#primaryimage","url":"https:\/\/beautesantelorette.ca\/wp-content\/uploads\/2021\/09\/Toner-Emulsion.jpg","contentUrl":"https:\/\/beautesantelorette.ca\/wp-content\/uploads\/2021\/09\/Toner-Emulsion.jpg","width":1200,"height":1200,"caption":"Emulsion Tonifiante"},{"@type":"BreadcrumbList","@id":"https:\/\/beautesantelorette.ca\/fr\/produit\/emulsion-tonifiante\/#breadcrumb","itemListElement":[{"@type":"ListItem","position":1,"name":"Home","item":"https:\/\/beautesantelorette.ca\/fr\/"},{"@type":"ListItem","position":2,"name":"Boutique","item":"https:\/\/beautesantelorette.ca\/fr\/boutique\/"},{"@type":"ListItem","position":3,"name":"Emulsion Tonifiante"}]},{"@type":"WebSite","@id":"https:\/\/beautesantelorette.ca\/fr\/#website","url":"https:\/\/beautesantelorette.ca\/fr\/","name":"Beaut\u00e9 Sant\u00e9 Lorette","description":"Confiez-Nous Le Soin de VOTRE PEAU","publisher":{"@id":"https:\/\/beautesantelorette.ca\/fr\/#organization"},"potentialAction":[{"@type":"SearchAction","target":{"@type":"EntryPoint","urlTemplate":"https:\/\/beautesantelorette.ca\/fr\/?s={search_term_string}"},"query-input":{"@type":"PropertyValueSpecification","valueRequired":true,"valueName":"search_term_string"}}],"inLanguage":"fr-FR"},{"@type":"Organization","@id":"https:\/\/beautesantelorette.ca\/fr\/#organization","name":"Beaut\u00e9 Sant\u00e9 Lorette","url":"https:\/\/beautesantelorette.ca\/fr\/","logo":{"@type":"ImageObject","inLanguage":"fr-FR","@id":"https:\/\/beautesantelorette.ca\/fr\/#\/schema\/logo\/image\/","url":"https:\/\/beautesantelorette.ca\/wp-content\/uploads\/2021\/10\/bsl_surfgirl_logo_pos-1.svg","contentUrl":"https:\/\/beautesantelorette.ca\/wp-content\/uploads\/2021\/10\/bsl_surfgirl_logo_pos-1.svg","width":1533,"height":1200,"caption":"Beaut\u00e9 Sant\u00e9 Lorette"},"image":{"@id":"https:\/\/beautesantelorette.ca\/fr\/#\/schema\/logo\/image\/"},"sameAs":["https:\/\/www.facebook.com\/BeauteSanteLorette\/","https:\/\/www.instagram.com\/beautesantelorette\/"]}]}},"jetpack_sharing_enabled":true,"_links":{"self":[{"href":"https:\/\/beautesantelorette.ca\/fr\/wp-json\/wp\/v2\/product\/22315","targetHints":{"allow":["GET"]}}],"collection":[{"href":"https:\/\/beautesantelorette.ca\/fr\/wp-json\/wp\/v2\/product"}],"about":[{"href":"https:\/\/beautesantelorette.ca\/fr\/wp-json\/wp\/v2\/types\/product"}],"replies":[{"embeddable":true,"href":"https:\/\/beautesantelorette.ca\/fr\/wp-json\/wp\/v2\/comments?post=22315"}],"wp:featuredmedia":[{"embeddable":true,"href":"https:\/\/beautesantelorette.ca\/fr\/wp-json\/wp\/v2\/media\/21684"}],"wp:attachment":[{"href":"https:\/\/beautesantelorette.ca\/fr\/wp-json\/wp\/v2\/media?parent=22315"}],"wp:term":[{"taxonomy":"product_brand","embeddable":true,"href":"https:\/\/beautesantelorette.ca\/fr\/wp-json\/wp\/v2\/product_brand?post=22315"},{"taxonomy":"product_cat","embeddable":true,"href":"https:\/\/beautesantelorette.ca\/fr\/wp-json\/wp\/v2\/product_cat?post=22315"},{"taxonomy":"product_tag","embeddable":true,"href":"https:\/\/beautesantelorette.ca\/fr\/wp-json\/wp\/v2\/product_tag?post=22315"}],"curies":[{"name":"wp","href":"https:\/\/api.w.org\/{rel}","templated":true}]}}