{"id":22327,"date":"2021-09-30T16:24:02","date_gmt":"2021-09-30T16:24:02","guid":{"rendered":"https:\/\/beautelorette.wpengine.com\/product\/global-lift-30-day-program\/"},"modified":"2021-11-26T21:39:22","modified_gmt":"2021-11-26T21:39:22","slug":"programme-global-lift-30-jours","status":"publish","type":"product","link":"https:\/\/beautesantelorette.ca\/fr\/produit\/programme-global-lift-30-jours\/","title":{"rendered":"Programme Global Lift 30 Jours"},"content":{"rendered":"","protected":false},"excerpt":{"rendered":"<p>Le Programme Global Lift 30 Jours Physiodermie est une cure intensive de rajeunissement cutan\u00e9. Pour le visage et le d\u00e9collet\u00e9. Anti-\u00e2ge, lifting. Ce concept unique et exclusif tient compte des multiples facteurs responsables du vieillissement pr\u00e9matur\u00e9 de la peau. Compos\u00e9 de deux produits qui agissent en synergie pour des r\u00e9sultats optimaux.<\/p>\n<p><strong>Inclus:<\/strong> S\u00e9rum [5 ml x7] + Soin Chrono+ [30 ml]<\/p>\n","protected":false},"featured_media":21694,"comment_status":"open","ping_status":"closed","template":"","meta":[],"product_brand":[],"product_cat":[239,233,256],"product_tag":[],"class_list":{"0":"post-22327","1":"product","2":"type-product","3":"status-publish","4":"has-post-thumbnail","6":"product_cat-chrono-repair-fr","7":"product_cat-physiodermie-fr","8":"product_cat-traitements","10":"first","11":"instock","12":"featured","13":"taxable","14":"shipping-taxable","15":"purchasable","16":"product-type-simple"},"yoast_head":"<!-- This site is optimized with the Yoast SEO plugin v27.4 - https:\/\/yoast.com\/product\/yoast-seo-wordpress\/ -->\n<title>Programme Global Lift 30 Jours - Beaut\u00e9 Sant\u00e9 Lorette<\/title>\n<meta name=\"description\" content=\"Le Programme Global Lift 30 Jours Physiodermie est une cure intensive de rajeunissement cutan\u00e9. Pour le visage et le d\u00e9collet\u00e9. Anti-\u00e2ge, lifting. Ce concept unique et exclusif tient compte des multiples facteurs responsables du vieillissement pr\u00e9matur\u00e9 de la peau. Compos\u00e9 de deux produits qui agissent en synergie pour des r\u00e9sultats optimaux.\" \/>\n<meta name=\"robots\" content=\"index, follow, max-snippet:-1, max-image-preview:large, max-video-preview:-1\" \/>\n<link rel=\"canonical\" href=\"https:\/\/beautesantelorette.ca\/fr\/produit\/programme-global-lift-30-jours\/\" \/>\n<meta property=\"og:locale\" content=\"fr_FR\" \/>\n<meta property=\"og:type\" content=\"article\" \/>\n<meta property=\"og:title\" content=\"Programme Global Lift 30 Jours - Beaut\u00e9 Sant\u00e9 Lorette\" \/>\n<meta property=\"og:description\" content=\"Le Programme Global Lift 30 Jours Physiodermie est une cure intensive de rajeunissement cutan\u00e9. Pour le visage et le d\u00e9collet\u00e9. Anti-\u00e2ge, lifting. Ce concept unique et exclusif tient compte des multiples facteurs responsables du vieillissement pr\u00e9matur\u00e9 de la peau. Compos\u00e9 de deux produits qui agissent en synergie pour des r\u00e9sultats optimaux.\" \/>\n<meta property=\"og:url\" content=\"https:\/\/beautesantelorette.ca\/fr\/produit\/programme-global-lift-30-jours\/\" \/>\n<meta property=\"og:site_name\" content=\"Beaut\u00e9 Sant\u00e9 Lorette\" \/>\n<meta property=\"article:publisher\" content=\"https:\/\/www.facebook.com\/BeauteSanteLorette\/\" \/>\n<meta property=\"article:modified_time\" content=\"2021-11-26T21:39:22+00:00\" \/>\n<meta property=\"og:image\" content=\"https:\/\/beautesantelorette.ca\/wp-content\/uploads\/2021\/09\/Global-Lift-30-Day-Program.jpg\" \/>\n\t<meta property=\"og:image:width\" content=\"1200\" \/>\n\t<meta property=\"og:image:height\" content=\"1200\" \/>\n\t<meta property=\"og:image:type\" content=\"image\/jpeg\" \/>\n<meta name=\"twitter:card\" content=\"summary_large_image\" \/>\n<script type=\"application\/ld+json\" class=\"yoast-schema-graph\">{\"@context\":\"https:\\\/\\\/schema.org\",\"@graph\":[{\"@type\":\"WebPage\",\"@id\":\"https:\\\/\\\/beautesantelorette.ca\\\/fr\\\/produit\\\/programme-global-lift-30-jours\\\/\",\"url\":\"https:\\\/\\\/beautesantelorette.ca\\\/fr\\\/produit\\\/programme-global-lift-30-jours\\\/\",\"name\":\"Programme Global Lift 30 Jours - Beaut\u00e9 Sant\u00e9 Lorette\",\"isPartOf\":{\"@id\":\"https:\\\/\\\/beautesantelorette.ca\\\/fr\\\/#website\"},\"primaryImageOfPage\":{\"@id\":\"https:\\\/\\\/beautesantelorette.ca\\\/fr\\\/produit\\\/programme-global-lift-30-jours\\\/#primaryimage\"},\"image\":{\"@id\":\"https:\\\/\\\/beautesantelorette.ca\\\/fr\\\/produit\\\/programme-global-lift-30-jours\\\/#primaryimage\"},\"thumbnailUrl\":\"https:\\\/\\\/beautesantelorette.ca\\\/wp-content\\\/uploads\\\/2021\\\/09\\\/Global-Lift-30-Day-Program.jpg\",\"datePublished\":\"2021-09-30T16:24:02+00:00\",\"dateModified\":\"2021-11-26T21:39:22+00:00\",\"description\":\"Le Programme Global Lift 30 Jours Physiodermie est une cure intensive de rajeunissement cutan\u00e9. Pour le visage et le d\u00e9collet\u00e9. Anti-\u00e2ge, lifting. Ce concept unique et exclusif tient compte des multiples facteurs responsables du vieillissement pr\u00e9matur\u00e9 de la peau. Compos\u00e9 de deux produits qui agissent en synergie pour des r\u00e9sultats optimaux.\",\"breadcrumb\":{\"@id\":\"https:\\\/\\\/beautesantelorette.ca\\\/fr\\\/produit\\\/programme-global-lift-30-jours\\\/#breadcrumb\"},\"inLanguage\":\"fr-FR\",\"potentialAction\":[{\"@type\":\"ReadAction\",\"target\":[\"https:\\\/\\\/beautesantelorette.ca\\\/fr\\\/produit\\\/programme-global-lift-30-jours\\\/\"]}]},{\"@type\":\"ImageObject\",\"inLanguage\":\"fr-FR\",\"@id\":\"https:\\\/\\\/beautesantelorette.ca\\\/fr\\\/produit\\\/programme-global-lift-30-jours\\\/#primaryimage\",\"url\":\"https:\\\/\\\/beautesantelorette.ca\\\/wp-content\\\/uploads\\\/2021\\\/09\\\/Global-Lift-30-Day-Program.jpg\",\"contentUrl\":\"https:\\\/\\\/beautesantelorette.ca\\\/wp-content\\\/uploads\\\/2021\\\/09\\\/Global-Lift-30-Day-Program.jpg\",\"width\":1200,\"height\":1200,\"caption\":\"Programme Global Lift 30 Jours\"},{\"@type\":\"BreadcrumbList\",\"@id\":\"https:\\\/\\\/beautesantelorette.ca\\\/fr\\\/produit\\\/programme-global-lift-30-jours\\\/#breadcrumb\",\"itemListElement\":[{\"@type\":\"ListItem\",\"position\":1,\"name\":\"Home\",\"item\":\"https:\\\/\\\/beautesantelorette.ca\\\/fr\\\/\"},{\"@type\":\"ListItem\",\"position\":2,\"name\":\"Boutique\",\"item\":\"https:\\\/\\\/beautesantelorette.ca\\\/fr\\\/boutique\\\/\"},{\"@type\":\"ListItem\",\"position\":3,\"name\":\"Programme Global Lift 30 Jours\"}]},{\"@type\":\"WebSite\",\"@id\":\"https:\\\/\\\/beautesantelorette.ca\\\/fr\\\/#website\",\"url\":\"https:\\\/\\\/beautesantelorette.ca\\\/fr\\\/\",\"name\":\"Beaut\u00e9 Sant\u00e9 Lorette\",\"description\":\"Confiez-Nous Le Soin de VOTRE PEAU\",\"publisher\":{\"@id\":\"https:\\\/\\\/beautesantelorette.ca\\\/fr\\\/#organization\"},\"potentialAction\":[{\"@type\":\"SearchAction\",\"target\":{\"@type\":\"EntryPoint\",\"urlTemplate\":\"https:\\\/\\\/beautesantelorette.ca\\\/fr\\\/?s={search_term_string}\"},\"query-input\":{\"@type\":\"PropertyValueSpecification\",\"valueRequired\":true,\"valueName\":\"search_term_string\"}}],\"inLanguage\":\"fr-FR\"},{\"@type\":\"Organization\",\"@id\":\"https:\\\/\\\/beautesantelorette.ca\\\/fr\\\/#organization\",\"name\":\"Beaut\u00e9 Sant\u00e9 Lorette\",\"url\":\"https:\\\/\\\/beautesantelorette.ca\\\/fr\\\/\",\"logo\":{\"@type\":\"ImageObject\",\"inLanguage\":\"fr-FR\",\"@id\":\"https:\\\/\\\/beautesantelorette.ca\\\/fr\\\/#\\\/schema\\\/logo\\\/image\\\/\",\"url\":\"https:\\\/\\\/beautesantelorette.ca\\\/wp-content\\\/uploads\\\/2021\\\/10\\\/bsl_surfgirl_logo_pos-1.svg\",\"contentUrl\":\"https:\\\/\\\/beautesantelorette.ca\\\/wp-content\\\/uploads\\\/2021\\\/10\\\/bsl_surfgirl_logo_pos-1.svg\",\"width\":1533,\"height\":1200,\"caption\":\"Beaut\u00e9 Sant\u00e9 Lorette\"},\"image\":{\"@id\":\"https:\\\/\\\/beautesantelorette.ca\\\/fr\\\/#\\\/schema\\\/logo\\\/image\\\/\"},\"sameAs\":[\"https:\\\/\\\/www.facebook.com\\\/BeauteSanteLorette\\\/\",\"https:\\\/\\\/www.instagram.com\\\/beautesantelorette\\\/\"]}]}<\/script>\n<!-- \/ Yoast SEO plugin. -->","yoast_head_json":{"title":"Programme Global Lift 30 Jours - Beaut\u00e9 Sant\u00e9 Lorette","description":"Le Programme Global Lift 30 Jours Physiodermie est une cure intensive de rajeunissement cutan\u00e9. Pour le visage et le d\u00e9collet\u00e9. Anti-\u00e2ge, lifting. Ce concept unique et exclusif tient compte des multiples facteurs responsables du vieillissement pr\u00e9matur\u00e9 de la peau. Compos\u00e9 de deux produits qui agissent en synergie pour des r\u00e9sultats optimaux.","robots":{"index":"index","follow":"follow","max-snippet":"max-snippet:-1","max-image-preview":"max-image-preview:large","max-video-preview":"max-video-preview:-1"},"canonical":"https:\/\/beautesantelorette.ca\/fr\/produit\/programme-global-lift-30-jours\/","og_locale":"fr_FR","og_type":"article","og_title":"Programme Global Lift 30 Jours - Beaut\u00e9 Sant\u00e9 Lorette","og_description":"Le Programme Global Lift 30 Jours Physiodermie est une cure intensive de rajeunissement cutan\u00e9. Pour le visage et le d\u00e9collet\u00e9. Anti-\u00e2ge, lifting. Ce concept unique et exclusif tient compte des multiples facteurs responsables du vieillissement pr\u00e9matur\u00e9 de la peau. Compos\u00e9 de deux produits qui agissent en synergie pour des r\u00e9sultats optimaux.","og_url":"https:\/\/beautesantelorette.ca\/fr\/produit\/programme-global-lift-30-jours\/","og_site_name":"Beaut\u00e9 Sant\u00e9 Lorette","article_publisher":"https:\/\/www.facebook.com\/BeauteSanteLorette\/","article_modified_time":"2021-11-26T21:39:22+00:00","og_image":[{"width":1200,"height":1200,"url":"https:\/\/beautesantelorette.ca\/wp-content\/uploads\/2021\/09\/Global-Lift-30-Day-Program.jpg","type":"image\/jpeg"}],"twitter_card":"summary_large_image","schema":{"@context":"https:\/\/schema.org","@graph":[{"@type":"WebPage","@id":"https:\/\/beautesantelorette.ca\/fr\/produit\/programme-global-lift-30-jours\/","url":"https:\/\/beautesantelorette.ca\/fr\/produit\/programme-global-lift-30-jours\/","name":"Programme Global Lift 30 Jours - Beaut\u00e9 Sant\u00e9 Lorette","isPartOf":{"@id":"https:\/\/beautesantelorette.ca\/fr\/#website"},"primaryImageOfPage":{"@id":"https:\/\/beautesantelorette.ca\/fr\/produit\/programme-global-lift-30-jours\/#primaryimage"},"image":{"@id":"https:\/\/beautesantelorette.ca\/fr\/produit\/programme-global-lift-30-jours\/#primaryimage"},"thumbnailUrl":"https:\/\/beautesantelorette.ca\/wp-content\/uploads\/2021\/09\/Global-Lift-30-Day-Program.jpg","datePublished":"2021-09-30T16:24:02+00:00","dateModified":"2021-11-26T21:39:22+00:00","description":"Le Programme Global Lift 30 Jours Physiodermie est une cure intensive de rajeunissement cutan\u00e9. Pour le visage et le d\u00e9collet\u00e9. Anti-\u00e2ge, lifting. Ce concept unique et exclusif tient compte des multiples facteurs responsables du vieillissement pr\u00e9matur\u00e9 de la peau. Compos\u00e9 de deux produits qui agissent en synergie pour des r\u00e9sultats optimaux.","breadcrumb":{"@id":"https:\/\/beautesantelorette.ca\/fr\/produit\/programme-global-lift-30-jours\/#breadcrumb"},"inLanguage":"fr-FR","potentialAction":[{"@type":"ReadAction","target":["https:\/\/beautesantelorette.ca\/fr\/produit\/programme-global-lift-30-jours\/"]}]},{"@type":"ImageObject","inLanguage":"fr-FR","@id":"https:\/\/beautesantelorette.ca\/fr\/produit\/programme-global-lift-30-jours\/#primaryimage","url":"https:\/\/beautesantelorette.ca\/wp-content\/uploads\/2021\/09\/Global-Lift-30-Day-Program.jpg","contentUrl":"https:\/\/beautesantelorette.ca\/wp-content\/uploads\/2021\/09\/Global-Lift-30-Day-Program.jpg","width":1200,"height":1200,"caption":"Programme Global Lift 30 Jours"},{"@type":"BreadcrumbList","@id":"https:\/\/beautesantelorette.ca\/fr\/produit\/programme-global-lift-30-jours\/#breadcrumb","itemListElement":[{"@type":"ListItem","position":1,"name":"Home","item":"https:\/\/beautesantelorette.ca\/fr\/"},{"@type":"ListItem","position":2,"name":"Boutique","item":"https:\/\/beautesantelorette.ca\/fr\/boutique\/"},{"@type":"ListItem","position":3,"name":"Programme Global Lift 30 Jours"}]},{"@type":"WebSite","@id":"https:\/\/beautesantelorette.ca\/fr\/#website","url":"https:\/\/beautesantelorette.ca\/fr\/","name":"Beaut\u00e9 Sant\u00e9 Lorette","description":"Confiez-Nous Le Soin de VOTRE PEAU","publisher":{"@id":"https:\/\/beautesantelorette.ca\/fr\/#organization"},"potentialAction":[{"@type":"SearchAction","target":{"@type":"EntryPoint","urlTemplate":"https:\/\/beautesantelorette.ca\/fr\/?s={search_term_string}"},"query-input":{"@type":"PropertyValueSpecification","valueRequired":true,"valueName":"search_term_string"}}],"inLanguage":"fr-FR"},{"@type":"Organization","@id":"https:\/\/beautesantelorette.ca\/fr\/#organization","name":"Beaut\u00e9 Sant\u00e9 Lorette","url":"https:\/\/beautesantelorette.ca\/fr\/","logo":{"@type":"ImageObject","inLanguage":"fr-FR","@id":"https:\/\/beautesantelorette.ca\/fr\/#\/schema\/logo\/image\/","url":"https:\/\/beautesantelorette.ca\/wp-content\/uploads\/2021\/10\/bsl_surfgirl_logo_pos-1.svg","contentUrl":"https:\/\/beautesantelorette.ca\/wp-content\/uploads\/2021\/10\/bsl_surfgirl_logo_pos-1.svg","width":1533,"height":1200,"caption":"Beaut\u00e9 Sant\u00e9 Lorette"},"image":{"@id":"https:\/\/beautesantelorette.ca\/fr\/#\/schema\/logo\/image\/"},"sameAs":["https:\/\/www.facebook.com\/BeauteSanteLorette\/","https:\/\/www.instagram.com\/beautesantelorette\/"]}]}},"jetpack_sharing_enabled":true,"_links":{"self":[{"href":"https:\/\/beautesantelorette.ca\/fr\/wp-json\/wp\/v2\/product\/22327","targetHints":{"allow":["GET"]}}],"collection":[{"href":"https:\/\/beautesantelorette.ca\/fr\/wp-json\/wp\/v2\/product"}],"about":[{"href":"https:\/\/beautesantelorette.ca\/fr\/wp-json\/wp\/v2\/types\/product"}],"replies":[{"embeddable":true,"href":"https:\/\/beautesantelorette.ca\/fr\/wp-json\/wp\/v2\/comments?post=22327"}],"wp:featuredmedia":[{"embeddable":true,"href":"https:\/\/beautesantelorette.ca\/fr\/wp-json\/wp\/v2\/media\/21694"}],"wp:attachment":[{"href":"https:\/\/beautesantelorette.ca\/fr\/wp-json\/wp\/v2\/media?parent=22327"}],"wp:term":[{"taxonomy":"product_brand","embeddable":true,"href":"https:\/\/beautesantelorette.ca\/fr\/wp-json\/wp\/v2\/product_brand?post=22327"},{"taxonomy":"product_cat","embeddable":true,"href":"https:\/\/beautesantelorette.ca\/fr\/wp-json\/wp\/v2\/product_cat?post=22327"},{"taxonomy":"product_tag","embeddable":true,"href":"https:\/\/beautesantelorette.ca\/fr\/wp-json\/wp\/v2\/product_tag?post=22327"}],"curies":[{"name":"wp","href":"https:\/\/api.w.org\/{rel}","templated":true}]}}