{"id":22335,"date":"2021-09-30T16:59:19","date_gmt":"2021-09-30T16:59:19","guid":{"rendered":"https:\/\/beautelorette.wpengine.com\/product\/essential-oligo-concentrate\/"},"modified":"2021-11-27T15:13:28","modified_gmt":"2021-11-27T15:13:28","slug":"oligo-elements-essentiel","status":"publish","type":"product","link":"https:\/\/beautesantelorette.ca\/fr\/produit\/oligo-elements-essentiel\/","title":{"rendered":"Oligo-\u00c9l\u00e9ments Essentiel"},"content":{"rendered":"","protected":false},"excerpt":{"rendered":"<p>L&rsquo;Oligo-\u00c9l\u00e9ments Essentiel Physiodermie est id\u00e9al pour tous types de peau. Riche en min\u00e9raux, vitamines et oligo-\u00e9l\u00e9ments revitalisants pour un effet coup de fouet, remise en forme de la peau. Renforce la texture de l\u2019\u00e9piderme par un complexe filmog\u00e8ne pour l\u2019isoler des agressions ext\u00e9rieures. R\u00e9duit les signes de fatigue et revitalise la peau. Restaure un teint d\u2019aspect sain et lumineux.<\/p>\n","protected":false},"featured_media":21700,"comment_status":"open","ping_status":"closed","template":"","meta":[],"product_brand":[],"product_cat":[233,258],"product_tag":[],"class_list":{"0":"post-22335","1":"product","2":"type-product","3":"status-publish","4":"has-post-thumbnail","6":"product_cat-physiodermie-fr","7":"product_cat-serums-huiles-extraits","9":"first","10":"instock","11":"taxable","12":"shipping-taxable","13":"purchasable","14":"product-type-simple"},"yoast_head":"<!-- This site is optimized with the Yoast SEO plugin v27.5 - https:\/\/yoast.com\/product\/yoast-seo-wordpress\/ -->\n<title>Oligo-\u00c9l\u00e9ments Essentiel - Beaut\u00e9 Sant\u00e9 Lorette<\/title>\n<meta name=\"description\" content=\"L&#039;Oligo-\u00c9l\u00e9ments Essentiel Physiodermie est id\u00e9al pour tous types de peau. Riche en min\u00e9raux, vitamines et oligo-\u00e9l\u00e9ments revitalisants pour un effet coup de fouet, remise en forme de la peau. Renforce la texture de l\u2019\u00e9piderme par un complexe filmog\u00e8ne pour l\u2019isoler des agressions ext\u00e9rieures. R\u00e9duit les signes de fatigue et revitalise la peau. Restaure un teint d\u2019aspect sain et lumineux.\" \/>\n<meta name=\"robots\" content=\"index, follow, max-snippet:-1, max-image-preview:large, max-video-preview:-1\" \/>\n<link rel=\"canonical\" href=\"https:\/\/beautesantelorette.ca\/fr\/produit\/oligo-elements-essentiel\/\" \/>\n<meta property=\"og:locale\" content=\"fr_FR\" \/>\n<meta property=\"og:type\" content=\"article\" \/>\n<meta property=\"og:title\" content=\"Oligo-\u00c9l\u00e9ments Essentiel - Beaut\u00e9 Sant\u00e9 Lorette\" \/>\n<meta property=\"og:description\" content=\"L&#039;Oligo-\u00c9l\u00e9ments Essentiel Physiodermie est id\u00e9al pour tous types de peau. Riche en min\u00e9raux, vitamines et oligo-\u00e9l\u00e9ments revitalisants pour un effet coup de fouet, remise en forme de la peau. Renforce la texture de l\u2019\u00e9piderme par un complexe filmog\u00e8ne pour l\u2019isoler des agressions ext\u00e9rieures. R\u00e9duit les signes de fatigue et revitalise la peau. Restaure un teint d\u2019aspect sain et lumineux.\" \/>\n<meta property=\"og:url\" content=\"https:\/\/beautesantelorette.ca\/fr\/produit\/oligo-elements-essentiel\/\" \/>\n<meta property=\"og:site_name\" content=\"Beaut\u00e9 Sant\u00e9 Lorette\" \/>\n<meta property=\"article:publisher\" content=\"https:\/\/www.facebook.com\/BeauteSanteLorette\/\" \/>\n<meta property=\"article:modified_time\" content=\"2021-11-27T15:13:28+00:00\" \/>\n<meta property=\"og:image\" content=\"https:\/\/beautesantelorette.ca\/wp-content\/uploads\/2021\/09\/Essential-Oligo-Concentrate.jpg\" \/>\n\t<meta property=\"og:image:width\" content=\"1200\" \/>\n\t<meta property=\"og:image:height\" content=\"1200\" \/>\n\t<meta property=\"og:image:type\" content=\"image\/jpeg\" \/>\n<meta name=\"twitter:card\" content=\"summary_large_image\" \/>\n<script type=\"application\/ld+json\" class=\"yoast-schema-graph\">{\"@context\":\"https:\\\/\\\/schema.org\",\"@graph\":[{\"@type\":\"WebPage\",\"@id\":\"https:\\\/\\\/beautesantelorette.ca\\\/fr\\\/produit\\\/oligo-elements-essentiel\\\/\",\"url\":\"https:\\\/\\\/beautesantelorette.ca\\\/fr\\\/produit\\\/oligo-elements-essentiel\\\/\",\"name\":\"Oligo-\u00c9l\u00e9ments Essentiel - Beaut\u00e9 Sant\u00e9 Lorette\",\"isPartOf\":{\"@id\":\"https:\\\/\\\/beautesantelorette.ca\\\/fr\\\/#website\"},\"primaryImageOfPage\":{\"@id\":\"https:\\\/\\\/beautesantelorette.ca\\\/fr\\\/produit\\\/oligo-elements-essentiel\\\/#primaryimage\"},\"image\":{\"@id\":\"https:\\\/\\\/beautesantelorette.ca\\\/fr\\\/produit\\\/oligo-elements-essentiel\\\/#primaryimage\"},\"thumbnailUrl\":\"https:\\\/\\\/beautesantelorette.ca\\\/wp-content\\\/uploads\\\/2021\\\/09\\\/Essential-Oligo-Concentrate.jpg\",\"datePublished\":\"2021-09-30T16:59:19+00:00\",\"dateModified\":\"2021-11-27T15:13:28+00:00\",\"description\":\"L'Oligo-\u00c9l\u00e9ments Essentiel Physiodermie est id\u00e9al pour tous types de peau. Riche en min\u00e9raux, vitamines et oligo-\u00e9l\u00e9ments revitalisants pour un effet coup de fouet, remise en forme de la peau. Renforce la texture de l\u2019\u00e9piderme par un complexe filmog\u00e8ne pour l\u2019isoler des agressions ext\u00e9rieures. R\u00e9duit les signes de fatigue et revitalise la peau. Restaure un teint d\u2019aspect sain et lumineux.\",\"breadcrumb\":{\"@id\":\"https:\\\/\\\/beautesantelorette.ca\\\/fr\\\/produit\\\/oligo-elements-essentiel\\\/#breadcrumb\"},\"inLanguage\":\"fr-FR\",\"potentialAction\":[{\"@type\":\"ReadAction\",\"target\":[\"https:\\\/\\\/beautesantelorette.ca\\\/fr\\\/produit\\\/oligo-elements-essentiel\\\/\"]}]},{\"@type\":\"ImageObject\",\"inLanguage\":\"fr-FR\",\"@id\":\"https:\\\/\\\/beautesantelorette.ca\\\/fr\\\/produit\\\/oligo-elements-essentiel\\\/#primaryimage\",\"url\":\"https:\\\/\\\/beautesantelorette.ca\\\/wp-content\\\/uploads\\\/2021\\\/09\\\/Essential-Oligo-Concentrate.jpg\",\"contentUrl\":\"https:\\\/\\\/beautesantelorette.ca\\\/wp-content\\\/uploads\\\/2021\\\/09\\\/Essential-Oligo-Concentrate.jpg\",\"width\":1200,\"height\":1200,\"caption\":\"Oligo-\u00c9l\u00e9ments Essentiel\"},{\"@type\":\"BreadcrumbList\",\"@id\":\"https:\\\/\\\/beautesantelorette.ca\\\/fr\\\/produit\\\/oligo-elements-essentiel\\\/#breadcrumb\",\"itemListElement\":[{\"@type\":\"ListItem\",\"position\":1,\"name\":\"Home\",\"item\":\"https:\\\/\\\/beautesantelorette.ca\\\/fr\\\/\"},{\"@type\":\"ListItem\",\"position\":2,\"name\":\"Boutique\",\"item\":\"https:\\\/\\\/beautesantelorette.ca\\\/fr\\\/boutique\\\/\"},{\"@type\":\"ListItem\",\"position\":3,\"name\":\"Oligo-\u00c9l\u00e9ments Essentiel\"}]},{\"@type\":\"WebSite\",\"@id\":\"https:\\\/\\\/beautesantelorette.ca\\\/fr\\\/#website\",\"url\":\"https:\\\/\\\/beautesantelorette.ca\\\/fr\\\/\",\"name\":\"Beaut\u00e9 Sant\u00e9 Lorette\",\"description\":\"Confiez-Nous Le Soin de VOTRE PEAU\",\"publisher\":{\"@id\":\"https:\\\/\\\/beautesantelorette.ca\\\/fr\\\/#organization\"},\"potentialAction\":[{\"@type\":\"SearchAction\",\"target\":{\"@type\":\"EntryPoint\",\"urlTemplate\":\"https:\\\/\\\/beautesantelorette.ca\\\/fr\\\/?s={search_term_string}\"},\"query-input\":{\"@type\":\"PropertyValueSpecification\",\"valueRequired\":true,\"valueName\":\"search_term_string\"}}],\"inLanguage\":\"fr-FR\"},{\"@type\":\"Organization\",\"@id\":\"https:\\\/\\\/beautesantelorette.ca\\\/fr\\\/#organization\",\"name\":\"Beaut\u00e9 Sant\u00e9 Lorette\",\"url\":\"https:\\\/\\\/beautesantelorette.ca\\\/fr\\\/\",\"logo\":{\"@type\":\"ImageObject\",\"inLanguage\":\"fr-FR\",\"@id\":\"https:\\\/\\\/beautesantelorette.ca\\\/fr\\\/#\\\/schema\\\/logo\\\/image\\\/\",\"url\":\"https:\\\/\\\/beautesantelorette.ca\\\/wp-content\\\/uploads\\\/2021\\\/10\\\/bsl_surfgirl_logo_pos-1.svg\",\"contentUrl\":\"https:\\\/\\\/beautesantelorette.ca\\\/wp-content\\\/uploads\\\/2021\\\/10\\\/bsl_surfgirl_logo_pos-1.svg\",\"width\":1533,\"height\":1200,\"caption\":\"Beaut\u00e9 Sant\u00e9 Lorette\"},\"image\":{\"@id\":\"https:\\\/\\\/beautesantelorette.ca\\\/fr\\\/#\\\/schema\\\/logo\\\/image\\\/\"},\"sameAs\":[\"https:\\\/\\\/www.facebook.com\\\/BeauteSanteLorette\\\/\",\"https:\\\/\\\/www.instagram.com\\\/beautesantelorette\\\/\"]}]}<\/script>\n<!-- \/ Yoast SEO plugin. -->","yoast_head_json":{"title":"Oligo-\u00c9l\u00e9ments Essentiel - Beaut\u00e9 Sant\u00e9 Lorette","description":"L'Oligo-\u00c9l\u00e9ments Essentiel Physiodermie est id\u00e9al pour tous types de peau. Riche en min\u00e9raux, vitamines et oligo-\u00e9l\u00e9ments revitalisants pour un effet coup de fouet, remise en forme de la peau. Renforce la texture de l\u2019\u00e9piderme par un complexe filmog\u00e8ne pour l\u2019isoler des agressions ext\u00e9rieures. R\u00e9duit les signes de fatigue et revitalise la peau. Restaure un teint d\u2019aspect sain et lumineux.","robots":{"index":"index","follow":"follow","max-snippet":"max-snippet:-1","max-image-preview":"max-image-preview:large","max-video-preview":"max-video-preview:-1"},"canonical":"https:\/\/beautesantelorette.ca\/fr\/produit\/oligo-elements-essentiel\/","og_locale":"fr_FR","og_type":"article","og_title":"Oligo-\u00c9l\u00e9ments Essentiel - Beaut\u00e9 Sant\u00e9 Lorette","og_description":"L'Oligo-\u00c9l\u00e9ments Essentiel Physiodermie est id\u00e9al pour tous types de peau. Riche en min\u00e9raux, vitamines et oligo-\u00e9l\u00e9ments revitalisants pour un effet coup de fouet, remise en forme de la peau. Renforce la texture de l\u2019\u00e9piderme par un complexe filmog\u00e8ne pour l\u2019isoler des agressions ext\u00e9rieures. R\u00e9duit les signes de fatigue et revitalise la peau. Restaure un teint d\u2019aspect sain et lumineux.","og_url":"https:\/\/beautesantelorette.ca\/fr\/produit\/oligo-elements-essentiel\/","og_site_name":"Beaut\u00e9 Sant\u00e9 Lorette","article_publisher":"https:\/\/www.facebook.com\/BeauteSanteLorette\/","article_modified_time":"2021-11-27T15:13:28+00:00","og_image":[{"width":1200,"height":1200,"url":"https:\/\/beautesantelorette.ca\/wp-content\/uploads\/2021\/09\/Essential-Oligo-Concentrate.jpg","type":"image\/jpeg"}],"twitter_card":"summary_large_image","schema":{"@context":"https:\/\/schema.org","@graph":[{"@type":"WebPage","@id":"https:\/\/beautesantelorette.ca\/fr\/produit\/oligo-elements-essentiel\/","url":"https:\/\/beautesantelorette.ca\/fr\/produit\/oligo-elements-essentiel\/","name":"Oligo-\u00c9l\u00e9ments Essentiel - Beaut\u00e9 Sant\u00e9 Lorette","isPartOf":{"@id":"https:\/\/beautesantelorette.ca\/fr\/#website"},"primaryImageOfPage":{"@id":"https:\/\/beautesantelorette.ca\/fr\/produit\/oligo-elements-essentiel\/#primaryimage"},"image":{"@id":"https:\/\/beautesantelorette.ca\/fr\/produit\/oligo-elements-essentiel\/#primaryimage"},"thumbnailUrl":"https:\/\/beautesantelorette.ca\/wp-content\/uploads\/2021\/09\/Essential-Oligo-Concentrate.jpg","datePublished":"2021-09-30T16:59:19+00:00","dateModified":"2021-11-27T15:13:28+00:00","description":"L'Oligo-\u00c9l\u00e9ments Essentiel Physiodermie est id\u00e9al pour tous types de peau. Riche en min\u00e9raux, vitamines et oligo-\u00e9l\u00e9ments revitalisants pour un effet coup de fouet, remise en forme de la peau. Renforce la texture de l\u2019\u00e9piderme par un complexe filmog\u00e8ne pour l\u2019isoler des agressions ext\u00e9rieures. R\u00e9duit les signes de fatigue et revitalise la peau. Restaure un teint d\u2019aspect sain et lumineux.","breadcrumb":{"@id":"https:\/\/beautesantelorette.ca\/fr\/produit\/oligo-elements-essentiel\/#breadcrumb"},"inLanguage":"fr-FR","potentialAction":[{"@type":"ReadAction","target":["https:\/\/beautesantelorette.ca\/fr\/produit\/oligo-elements-essentiel\/"]}]},{"@type":"ImageObject","inLanguage":"fr-FR","@id":"https:\/\/beautesantelorette.ca\/fr\/produit\/oligo-elements-essentiel\/#primaryimage","url":"https:\/\/beautesantelorette.ca\/wp-content\/uploads\/2021\/09\/Essential-Oligo-Concentrate.jpg","contentUrl":"https:\/\/beautesantelorette.ca\/wp-content\/uploads\/2021\/09\/Essential-Oligo-Concentrate.jpg","width":1200,"height":1200,"caption":"Oligo-\u00c9l\u00e9ments Essentiel"},{"@type":"BreadcrumbList","@id":"https:\/\/beautesantelorette.ca\/fr\/produit\/oligo-elements-essentiel\/#breadcrumb","itemListElement":[{"@type":"ListItem","position":1,"name":"Home","item":"https:\/\/beautesantelorette.ca\/fr\/"},{"@type":"ListItem","position":2,"name":"Boutique","item":"https:\/\/beautesantelorette.ca\/fr\/boutique\/"},{"@type":"ListItem","position":3,"name":"Oligo-\u00c9l\u00e9ments Essentiel"}]},{"@type":"WebSite","@id":"https:\/\/beautesantelorette.ca\/fr\/#website","url":"https:\/\/beautesantelorette.ca\/fr\/","name":"Beaut\u00e9 Sant\u00e9 Lorette","description":"Confiez-Nous Le Soin de VOTRE PEAU","publisher":{"@id":"https:\/\/beautesantelorette.ca\/fr\/#organization"},"potentialAction":[{"@type":"SearchAction","target":{"@type":"EntryPoint","urlTemplate":"https:\/\/beautesantelorette.ca\/fr\/?s={search_term_string}"},"query-input":{"@type":"PropertyValueSpecification","valueRequired":true,"valueName":"search_term_string"}}],"inLanguage":"fr-FR"},{"@type":"Organization","@id":"https:\/\/beautesantelorette.ca\/fr\/#organization","name":"Beaut\u00e9 Sant\u00e9 Lorette","url":"https:\/\/beautesantelorette.ca\/fr\/","logo":{"@type":"ImageObject","inLanguage":"fr-FR","@id":"https:\/\/beautesantelorette.ca\/fr\/#\/schema\/logo\/image\/","url":"https:\/\/beautesantelorette.ca\/wp-content\/uploads\/2021\/10\/bsl_surfgirl_logo_pos-1.svg","contentUrl":"https:\/\/beautesantelorette.ca\/wp-content\/uploads\/2021\/10\/bsl_surfgirl_logo_pos-1.svg","width":1533,"height":1200,"caption":"Beaut\u00e9 Sant\u00e9 Lorette"},"image":{"@id":"https:\/\/beautesantelorette.ca\/fr\/#\/schema\/logo\/image\/"},"sameAs":["https:\/\/www.facebook.com\/BeauteSanteLorette\/","https:\/\/www.instagram.com\/beautesantelorette\/"]}]}},"jetpack_sharing_enabled":true,"_links":{"self":[{"href":"https:\/\/beautesantelorette.ca\/fr\/wp-json\/wp\/v2\/product\/22335","targetHints":{"allow":["GET"]}}],"collection":[{"href":"https:\/\/beautesantelorette.ca\/fr\/wp-json\/wp\/v2\/product"}],"about":[{"href":"https:\/\/beautesantelorette.ca\/fr\/wp-json\/wp\/v2\/types\/product"}],"replies":[{"embeddable":true,"href":"https:\/\/beautesantelorette.ca\/fr\/wp-json\/wp\/v2\/comments?post=22335"}],"wp:featuredmedia":[{"embeddable":true,"href":"https:\/\/beautesantelorette.ca\/fr\/wp-json\/wp\/v2\/media\/21700"}],"wp:attachment":[{"href":"https:\/\/beautesantelorette.ca\/fr\/wp-json\/wp\/v2\/media?parent=22335"}],"wp:term":[{"taxonomy":"product_brand","embeddable":true,"href":"https:\/\/beautesantelorette.ca\/fr\/wp-json\/wp\/v2\/product_brand?post=22335"},{"taxonomy":"product_cat","embeddable":true,"href":"https:\/\/beautesantelorette.ca\/fr\/wp-json\/wp\/v2\/product_cat?post=22335"},{"taxonomy":"product_tag","embeddable":true,"href":"https:\/\/beautesantelorette.ca\/fr\/wp-json\/wp\/v2\/product_tag?post=22335"}],"curies":[{"name":"wp","href":"https:\/\/api.w.org\/{rel}","templated":true}]}}