{"id":22338,"date":"2021-09-30T15:45:52","date_gmt":"2021-09-30T15:45:52","guid":{"rendered":"https:\/\/beautelorette.wpengine.com\/product\/dry-skin-emulsion\/"},"modified":"2021-11-27T15:22:29","modified_gmt":"2021-11-27T15:22:29","slug":"emulsion-peau-seche","status":"publish","type":"product","link":"https:\/\/beautesantelorette.ca\/fr\/produit\/emulsion-peau-seche\/","title":{"rendered":"Emulsion Peau S\u00e8che"},"content":{"rendered":"","protected":false},"excerpt":{"rendered":"<p>L&rsquo;Emulsion Peau S\u00e8che Physiodermie restaure la barri\u00e8re hydro-lipidique de la peau et fournit des ingr\u00e9dients lipidiques essentiels. Reconstitue la barri\u00e8re d\u2019hydratation cutan\u00e9e. Prot\u00e8ge la peau des agresseurs de l\u2019environnement qui sont la cause de la s\u00e9cheresse de la peau. Fournit \u00e0 l\u2019\u00e9piderme des lipides topiques sans sensation grasse.<\/p>\n","protected":false},"featured_media":21686,"comment_status":"open","ping_status":"closed","template":"","meta":[],"product_brand":[],"product_cat":[233,256],"product_tag":[],"class_list":{"0":"post-22338","1":"product","2":"type-product","3":"status-publish","4":"has-post-thumbnail","6":"product_cat-physiodermie-fr","7":"product_cat-traitements","9":"first","10":"instock","11":"taxable","12":"shipping-taxable","13":"purchasable","14":"product-type-simple"},"yoast_head":"<!-- This site is optimized with the Yoast SEO plugin v27.5 - https:\/\/yoast.com\/product\/yoast-seo-wordpress\/ -->\n<title>Emulsion Peau S\u00e8che - Beaut\u00e9 Sant\u00e9 Lorette<\/title>\n<meta name=\"description\" content=\"L&#039;Emulsion Peau S\u00e8che Physiodermie restaure la barri\u00e8re hydro-lipidique de la peau et fournit des ingr\u00e9dients lipidiques essentiels. Reconstitue la barri\u00e8re d\u2019hydratation cutan\u00e9e. Prot\u00e8ge la peau des agresseurs de l\u2019environnement qui sont la cause de la s\u00e9cheresse de la peau. Fournit \u00e0 l\u2019\u00e9piderme des lipides topiques sans sensation grasse.\" \/>\n<meta name=\"robots\" content=\"index, follow, max-snippet:-1, max-image-preview:large, max-video-preview:-1\" \/>\n<link rel=\"canonical\" href=\"https:\/\/beautesantelorette.ca\/fr\/produit\/emulsion-peau-seche\/\" \/>\n<meta property=\"og:locale\" content=\"fr_FR\" \/>\n<meta property=\"og:type\" content=\"article\" \/>\n<meta property=\"og:title\" content=\"Emulsion Peau S\u00e8che - Beaut\u00e9 Sant\u00e9 Lorette\" \/>\n<meta property=\"og:description\" content=\"L&#039;Emulsion Peau S\u00e8che Physiodermie restaure la barri\u00e8re hydro-lipidique de la peau et fournit des ingr\u00e9dients lipidiques essentiels. Reconstitue la barri\u00e8re d\u2019hydratation cutan\u00e9e. Prot\u00e8ge la peau des agresseurs de l\u2019environnement qui sont la cause de la s\u00e9cheresse de la peau. Fournit \u00e0 l\u2019\u00e9piderme des lipides topiques sans sensation grasse.\" \/>\n<meta property=\"og:url\" content=\"https:\/\/beautesantelorette.ca\/fr\/produit\/emulsion-peau-seche\/\" \/>\n<meta property=\"og:site_name\" content=\"Beaut\u00e9 Sant\u00e9 Lorette\" \/>\n<meta property=\"article:publisher\" content=\"https:\/\/www.facebook.com\/BeauteSanteLorette\/\" \/>\n<meta property=\"article:modified_time\" content=\"2021-11-27T15:22:29+00:00\" \/>\n<meta property=\"og:image\" content=\"https:\/\/beautesantelorette.ca\/wp-content\/uploads\/2021\/09\/Dry-Skin-Emulsion-1.jpg\" \/>\n\t<meta property=\"og:image:width\" content=\"1200\" \/>\n\t<meta property=\"og:image:height\" content=\"1200\" \/>\n\t<meta property=\"og:image:type\" content=\"image\/jpeg\" \/>\n<meta name=\"twitter:card\" content=\"summary_large_image\" \/>\n<script type=\"application\/ld+json\" class=\"yoast-schema-graph\">{\"@context\":\"https:\\\/\\\/schema.org\",\"@graph\":[{\"@type\":\"WebPage\",\"@id\":\"https:\\\/\\\/beautesantelorette.ca\\\/fr\\\/produit\\\/emulsion-peau-seche\\\/\",\"url\":\"https:\\\/\\\/beautesantelorette.ca\\\/fr\\\/produit\\\/emulsion-peau-seche\\\/\",\"name\":\"Emulsion Peau S\u00e8che - Beaut\u00e9 Sant\u00e9 Lorette\",\"isPartOf\":{\"@id\":\"https:\\\/\\\/beautesantelorette.ca\\\/fr\\\/#website\"},\"primaryImageOfPage\":{\"@id\":\"https:\\\/\\\/beautesantelorette.ca\\\/fr\\\/produit\\\/emulsion-peau-seche\\\/#primaryimage\"},\"image\":{\"@id\":\"https:\\\/\\\/beautesantelorette.ca\\\/fr\\\/produit\\\/emulsion-peau-seche\\\/#primaryimage\"},\"thumbnailUrl\":\"https:\\\/\\\/beautesantelorette.ca\\\/wp-content\\\/uploads\\\/2021\\\/09\\\/Dry-Skin-Emulsion-1.jpg\",\"datePublished\":\"2021-09-30T15:45:52+00:00\",\"dateModified\":\"2021-11-27T15:22:29+00:00\",\"description\":\"L'Emulsion Peau S\u00e8che Physiodermie restaure la barri\u00e8re hydro-lipidique de la peau et fournit des ingr\u00e9dients lipidiques essentiels. Reconstitue la barri\u00e8re d\u2019hydratation cutan\u00e9e. Prot\u00e8ge la peau des agresseurs de l\u2019environnement qui sont la cause de la s\u00e9cheresse de la peau. Fournit \u00e0 l\u2019\u00e9piderme des lipides topiques sans sensation grasse.\",\"breadcrumb\":{\"@id\":\"https:\\\/\\\/beautesantelorette.ca\\\/fr\\\/produit\\\/emulsion-peau-seche\\\/#breadcrumb\"},\"inLanguage\":\"fr-FR\",\"potentialAction\":[{\"@type\":\"ReadAction\",\"target\":[\"https:\\\/\\\/beautesantelorette.ca\\\/fr\\\/produit\\\/emulsion-peau-seche\\\/\"]}]},{\"@type\":\"ImageObject\",\"inLanguage\":\"fr-FR\",\"@id\":\"https:\\\/\\\/beautesantelorette.ca\\\/fr\\\/produit\\\/emulsion-peau-seche\\\/#primaryimage\",\"url\":\"https:\\\/\\\/beautesantelorette.ca\\\/wp-content\\\/uploads\\\/2021\\\/09\\\/Dry-Skin-Emulsion-1.jpg\",\"contentUrl\":\"https:\\\/\\\/beautesantelorette.ca\\\/wp-content\\\/uploads\\\/2021\\\/09\\\/Dry-Skin-Emulsion-1.jpg\",\"width\":1200,\"height\":1200,\"caption\":\"Emulsion Peau S\u00e8che\"},{\"@type\":\"BreadcrumbList\",\"@id\":\"https:\\\/\\\/beautesantelorette.ca\\\/fr\\\/produit\\\/emulsion-peau-seche\\\/#breadcrumb\",\"itemListElement\":[{\"@type\":\"ListItem\",\"position\":1,\"name\":\"Home\",\"item\":\"https:\\\/\\\/beautesantelorette.ca\\\/fr\\\/\"},{\"@type\":\"ListItem\",\"position\":2,\"name\":\"Boutique\",\"item\":\"https:\\\/\\\/beautesantelorette.ca\\\/fr\\\/boutique\\\/\"},{\"@type\":\"ListItem\",\"position\":3,\"name\":\"Emulsion Peau S\u00e8che\"}]},{\"@type\":\"WebSite\",\"@id\":\"https:\\\/\\\/beautesantelorette.ca\\\/fr\\\/#website\",\"url\":\"https:\\\/\\\/beautesantelorette.ca\\\/fr\\\/\",\"name\":\"Beaut\u00e9 Sant\u00e9 Lorette\",\"description\":\"Confiez-Nous Le Soin de VOTRE PEAU\",\"publisher\":{\"@id\":\"https:\\\/\\\/beautesantelorette.ca\\\/fr\\\/#organization\"},\"potentialAction\":[{\"@type\":\"SearchAction\",\"target\":{\"@type\":\"EntryPoint\",\"urlTemplate\":\"https:\\\/\\\/beautesantelorette.ca\\\/fr\\\/?s={search_term_string}\"},\"query-input\":{\"@type\":\"PropertyValueSpecification\",\"valueRequired\":true,\"valueName\":\"search_term_string\"}}],\"inLanguage\":\"fr-FR\"},{\"@type\":\"Organization\",\"@id\":\"https:\\\/\\\/beautesantelorette.ca\\\/fr\\\/#organization\",\"name\":\"Beaut\u00e9 Sant\u00e9 Lorette\",\"url\":\"https:\\\/\\\/beautesantelorette.ca\\\/fr\\\/\",\"logo\":{\"@type\":\"ImageObject\",\"inLanguage\":\"fr-FR\",\"@id\":\"https:\\\/\\\/beautesantelorette.ca\\\/fr\\\/#\\\/schema\\\/logo\\\/image\\\/\",\"url\":\"https:\\\/\\\/beautesantelorette.ca\\\/wp-content\\\/uploads\\\/2021\\\/10\\\/bsl_surfgirl_logo_pos-1.svg\",\"contentUrl\":\"https:\\\/\\\/beautesantelorette.ca\\\/wp-content\\\/uploads\\\/2021\\\/10\\\/bsl_surfgirl_logo_pos-1.svg\",\"width\":1533,\"height\":1200,\"caption\":\"Beaut\u00e9 Sant\u00e9 Lorette\"},\"image\":{\"@id\":\"https:\\\/\\\/beautesantelorette.ca\\\/fr\\\/#\\\/schema\\\/logo\\\/image\\\/\"},\"sameAs\":[\"https:\\\/\\\/www.facebook.com\\\/BeauteSanteLorette\\\/\",\"https:\\\/\\\/www.instagram.com\\\/beautesantelorette\\\/\"]}]}<\/script>\n<!-- \/ Yoast SEO plugin. -->","yoast_head_json":{"title":"Emulsion Peau S\u00e8che - Beaut\u00e9 Sant\u00e9 Lorette","description":"L'Emulsion Peau S\u00e8che Physiodermie restaure la barri\u00e8re hydro-lipidique de la peau et fournit des ingr\u00e9dients lipidiques essentiels. Reconstitue la barri\u00e8re d\u2019hydratation cutan\u00e9e. Prot\u00e8ge la peau des agresseurs de l\u2019environnement qui sont la cause de la s\u00e9cheresse de la peau. Fournit \u00e0 l\u2019\u00e9piderme des lipides topiques sans sensation grasse.","robots":{"index":"index","follow":"follow","max-snippet":"max-snippet:-1","max-image-preview":"max-image-preview:large","max-video-preview":"max-video-preview:-1"},"canonical":"https:\/\/beautesantelorette.ca\/fr\/produit\/emulsion-peau-seche\/","og_locale":"fr_FR","og_type":"article","og_title":"Emulsion Peau S\u00e8che - Beaut\u00e9 Sant\u00e9 Lorette","og_description":"L'Emulsion Peau S\u00e8che Physiodermie restaure la barri\u00e8re hydro-lipidique de la peau et fournit des ingr\u00e9dients lipidiques essentiels. Reconstitue la barri\u00e8re d\u2019hydratation cutan\u00e9e. Prot\u00e8ge la peau des agresseurs de l\u2019environnement qui sont la cause de la s\u00e9cheresse de la peau. Fournit \u00e0 l\u2019\u00e9piderme des lipides topiques sans sensation grasse.","og_url":"https:\/\/beautesantelorette.ca\/fr\/produit\/emulsion-peau-seche\/","og_site_name":"Beaut\u00e9 Sant\u00e9 Lorette","article_publisher":"https:\/\/www.facebook.com\/BeauteSanteLorette\/","article_modified_time":"2021-11-27T15:22:29+00:00","og_image":[{"width":1200,"height":1200,"url":"https:\/\/beautesantelorette.ca\/wp-content\/uploads\/2021\/09\/Dry-Skin-Emulsion-1.jpg","type":"image\/jpeg"}],"twitter_card":"summary_large_image","schema":{"@context":"https:\/\/schema.org","@graph":[{"@type":"WebPage","@id":"https:\/\/beautesantelorette.ca\/fr\/produit\/emulsion-peau-seche\/","url":"https:\/\/beautesantelorette.ca\/fr\/produit\/emulsion-peau-seche\/","name":"Emulsion Peau S\u00e8che - Beaut\u00e9 Sant\u00e9 Lorette","isPartOf":{"@id":"https:\/\/beautesantelorette.ca\/fr\/#website"},"primaryImageOfPage":{"@id":"https:\/\/beautesantelorette.ca\/fr\/produit\/emulsion-peau-seche\/#primaryimage"},"image":{"@id":"https:\/\/beautesantelorette.ca\/fr\/produit\/emulsion-peau-seche\/#primaryimage"},"thumbnailUrl":"https:\/\/beautesantelorette.ca\/wp-content\/uploads\/2021\/09\/Dry-Skin-Emulsion-1.jpg","datePublished":"2021-09-30T15:45:52+00:00","dateModified":"2021-11-27T15:22:29+00:00","description":"L'Emulsion Peau S\u00e8che Physiodermie restaure la barri\u00e8re hydro-lipidique de la peau et fournit des ingr\u00e9dients lipidiques essentiels. Reconstitue la barri\u00e8re d\u2019hydratation cutan\u00e9e. Prot\u00e8ge la peau des agresseurs de l\u2019environnement qui sont la cause de la s\u00e9cheresse de la peau. Fournit \u00e0 l\u2019\u00e9piderme des lipides topiques sans sensation grasse.","breadcrumb":{"@id":"https:\/\/beautesantelorette.ca\/fr\/produit\/emulsion-peau-seche\/#breadcrumb"},"inLanguage":"fr-FR","potentialAction":[{"@type":"ReadAction","target":["https:\/\/beautesantelorette.ca\/fr\/produit\/emulsion-peau-seche\/"]}]},{"@type":"ImageObject","inLanguage":"fr-FR","@id":"https:\/\/beautesantelorette.ca\/fr\/produit\/emulsion-peau-seche\/#primaryimage","url":"https:\/\/beautesantelorette.ca\/wp-content\/uploads\/2021\/09\/Dry-Skin-Emulsion-1.jpg","contentUrl":"https:\/\/beautesantelorette.ca\/wp-content\/uploads\/2021\/09\/Dry-Skin-Emulsion-1.jpg","width":1200,"height":1200,"caption":"Emulsion Peau S\u00e8che"},{"@type":"BreadcrumbList","@id":"https:\/\/beautesantelorette.ca\/fr\/produit\/emulsion-peau-seche\/#breadcrumb","itemListElement":[{"@type":"ListItem","position":1,"name":"Home","item":"https:\/\/beautesantelorette.ca\/fr\/"},{"@type":"ListItem","position":2,"name":"Boutique","item":"https:\/\/beautesantelorette.ca\/fr\/boutique\/"},{"@type":"ListItem","position":3,"name":"Emulsion Peau S\u00e8che"}]},{"@type":"WebSite","@id":"https:\/\/beautesantelorette.ca\/fr\/#website","url":"https:\/\/beautesantelorette.ca\/fr\/","name":"Beaut\u00e9 Sant\u00e9 Lorette","description":"Confiez-Nous Le Soin de VOTRE PEAU","publisher":{"@id":"https:\/\/beautesantelorette.ca\/fr\/#organization"},"potentialAction":[{"@type":"SearchAction","target":{"@type":"EntryPoint","urlTemplate":"https:\/\/beautesantelorette.ca\/fr\/?s={search_term_string}"},"query-input":{"@type":"PropertyValueSpecification","valueRequired":true,"valueName":"search_term_string"}}],"inLanguage":"fr-FR"},{"@type":"Organization","@id":"https:\/\/beautesantelorette.ca\/fr\/#organization","name":"Beaut\u00e9 Sant\u00e9 Lorette","url":"https:\/\/beautesantelorette.ca\/fr\/","logo":{"@type":"ImageObject","inLanguage":"fr-FR","@id":"https:\/\/beautesantelorette.ca\/fr\/#\/schema\/logo\/image\/","url":"https:\/\/beautesantelorette.ca\/wp-content\/uploads\/2021\/10\/bsl_surfgirl_logo_pos-1.svg","contentUrl":"https:\/\/beautesantelorette.ca\/wp-content\/uploads\/2021\/10\/bsl_surfgirl_logo_pos-1.svg","width":1533,"height":1200,"caption":"Beaut\u00e9 Sant\u00e9 Lorette"},"image":{"@id":"https:\/\/beautesantelorette.ca\/fr\/#\/schema\/logo\/image\/"},"sameAs":["https:\/\/www.facebook.com\/BeauteSanteLorette\/","https:\/\/www.instagram.com\/beautesantelorette\/"]}]}},"jetpack_sharing_enabled":true,"_links":{"self":[{"href":"https:\/\/beautesantelorette.ca\/fr\/wp-json\/wp\/v2\/product\/22338","targetHints":{"allow":["GET"]}}],"collection":[{"href":"https:\/\/beautesantelorette.ca\/fr\/wp-json\/wp\/v2\/product"}],"about":[{"href":"https:\/\/beautesantelorette.ca\/fr\/wp-json\/wp\/v2\/types\/product"}],"replies":[{"embeddable":true,"href":"https:\/\/beautesantelorette.ca\/fr\/wp-json\/wp\/v2\/comments?post=22338"}],"wp:featuredmedia":[{"embeddable":true,"href":"https:\/\/beautesantelorette.ca\/fr\/wp-json\/wp\/v2\/media\/21686"}],"wp:attachment":[{"href":"https:\/\/beautesantelorette.ca\/fr\/wp-json\/wp\/v2\/media?parent=22338"}],"wp:term":[{"taxonomy":"product_brand","embeddable":true,"href":"https:\/\/beautesantelorette.ca\/fr\/wp-json\/wp\/v2\/product_brand?post=22338"},{"taxonomy":"product_cat","embeddable":true,"href":"https:\/\/beautesantelorette.ca\/fr\/wp-json\/wp\/v2\/product_cat?post=22338"},{"taxonomy":"product_tag","embeddable":true,"href":"https:\/\/beautesantelorette.ca\/fr\/wp-json\/wp\/v2\/product_tag?post=22338"}],"curies":[{"name":"wp","href":"https:\/\/api.w.org\/{rel}","templated":true}]}}