{"id":22350,"date":"2021-09-30T16:50:27","date_gmt":"2021-09-30T16:50:27","guid":{"rendered":"https:\/\/beautelorette.wpengine.com\/product\/chrono-action-serum\/"},"modified":"2021-11-27T15:48:32","modified_gmt":"2021-11-27T15:48:32","slug":"chrono-serum-intensificateur","status":"publish","type":"product","link":"https:\/\/beautesantelorette.ca\/fr\/produit\/chrono-serum-intensificateur\/","title":{"rendered":"Chrono S\u00e9rum Intensificateur"},"content":{"rendered":"","protected":false},"excerpt":{"rendered":"<p>Le Chrono S\u00e9rum Intensificateur Physiodermie contient notre complexe \u00e9claircissant hautement concentr\u00e9 + vitamine C liposoluble stable. Effet \u00e9claircissant prouv\u00e9 sur peau fonc\u00e9e. Aide \u00e0 \u00e9liminer le noircissement de la surface. Puissant effet \u00e9claircissant et anti-\u00e2ge. La peau para\u00eet progressivement plus jeune et plus claire. Booster puissant, effet revitalisant. R\u00e9v\u00e8le l&rsquo;\u00e9clat du teint (am\u00e9liore la luminosit\u00e9, anti teint terne).<\/p>\n","protected":false},"featured_media":21696,"comment_status":"open","ping_status":"closed","template":"","meta":[],"product_brand":[],"product_cat":[239,233,258],"product_tag":[],"class_list":{"0":"post-22350","1":"product","2":"type-product","3":"status-publish","4":"has-post-thumbnail","6":"product_cat-chrono-repair-fr","7":"product_cat-physiodermie-fr","8":"product_cat-serums-huiles-extraits","10":"first","11":"instock","12":"taxable","13":"shipping-taxable","14":"purchasable","15":"product-type-simple"},"yoast_head":"<!-- This site is optimized with the Yoast SEO plugin v27.4 - https:\/\/yoast.com\/product\/yoast-seo-wordpress\/ -->\n<title>Chrono S\u00e9rum Intensificateur - Beaut\u00e9 Sant\u00e9 Lorette<\/title>\n<meta name=\"description\" content=\"Le Chrono S\u00e9rum Intensificateur Physiodermie contient notre complexe \u00e9claircissant hautement concentr\u00e9 + vitamine C liposoluble stable. Effet \u00e9claircissant prouv\u00e9 sur peau fonc\u00e9e. Aide \u00e0 \u00e9liminer le noircissement de la surface. Puissant effet \u00e9claircissant et anti-\u00e2ge. La peau para\u00eet progressivement plus jeune et plus claire. Booster puissant, effet revitalisant. R\u00e9v\u00e8le l&#039;\u00e9clat du teint (am\u00e9liore la luminosit\u00e9, anti teint terne).\" \/>\n<meta name=\"robots\" content=\"index, follow, max-snippet:-1, max-image-preview:large, max-video-preview:-1\" \/>\n<link rel=\"canonical\" href=\"https:\/\/beautesantelorette.ca\/fr\/produit\/chrono-serum-intensificateur\/\" \/>\n<meta property=\"og:locale\" content=\"fr_FR\" \/>\n<meta property=\"og:type\" content=\"article\" \/>\n<meta property=\"og:title\" content=\"Chrono S\u00e9rum Intensificateur - Beaut\u00e9 Sant\u00e9 Lorette\" \/>\n<meta property=\"og:description\" content=\"Le Chrono S\u00e9rum Intensificateur Physiodermie contient notre complexe \u00e9claircissant hautement concentr\u00e9 + vitamine C liposoluble stable. Effet \u00e9claircissant prouv\u00e9 sur peau fonc\u00e9e. Aide \u00e0 \u00e9liminer le noircissement de la surface. Puissant effet \u00e9claircissant et anti-\u00e2ge. La peau para\u00eet progressivement plus jeune et plus claire. Booster puissant, effet revitalisant. R\u00e9v\u00e8le l&#039;\u00e9clat du teint (am\u00e9liore la luminosit\u00e9, anti teint terne).\" \/>\n<meta property=\"og:url\" content=\"https:\/\/beautesantelorette.ca\/fr\/produit\/chrono-serum-intensificateur\/\" \/>\n<meta property=\"og:site_name\" content=\"Beaut\u00e9 Sant\u00e9 Lorette\" \/>\n<meta property=\"article:publisher\" content=\"https:\/\/www.facebook.com\/BeauteSanteLorette\/\" \/>\n<meta property=\"article:modified_time\" content=\"2021-11-27T15:48:32+00:00\" \/>\n<meta property=\"og:image\" content=\"https:\/\/beautesantelorette.ca\/wp-content\/uploads\/2021\/09\/Chrono-Action-Serum.jpg\" \/>\n\t<meta property=\"og:image:width\" content=\"1200\" \/>\n\t<meta property=\"og:image:height\" content=\"1200\" \/>\n\t<meta property=\"og:image:type\" content=\"image\/jpeg\" \/>\n<meta name=\"twitter:card\" content=\"summary_large_image\" \/>\n<script type=\"application\/ld+json\" class=\"yoast-schema-graph\">{\"@context\":\"https:\\\/\\\/schema.org\",\"@graph\":[{\"@type\":\"WebPage\",\"@id\":\"https:\\\/\\\/beautesantelorette.ca\\\/fr\\\/produit\\\/chrono-serum-intensificateur\\\/\",\"url\":\"https:\\\/\\\/beautesantelorette.ca\\\/fr\\\/produit\\\/chrono-serum-intensificateur\\\/\",\"name\":\"Chrono S\u00e9rum Intensificateur - Beaut\u00e9 Sant\u00e9 Lorette\",\"isPartOf\":{\"@id\":\"https:\\\/\\\/beautesantelorette.ca\\\/fr\\\/#website\"},\"primaryImageOfPage\":{\"@id\":\"https:\\\/\\\/beautesantelorette.ca\\\/fr\\\/produit\\\/chrono-serum-intensificateur\\\/#primaryimage\"},\"image\":{\"@id\":\"https:\\\/\\\/beautesantelorette.ca\\\/fr\\\/produit\\\/chrono-serum-intensificateur\\\/#primaryimage\"},\"thumbnailUrl\":\"https:\\\/\\\/beautesantelorette.ca\\\/wp-content\\\/uploads\\\/2021\\\/09\\\/Chrono-Action-Serum.jpg\",\"datePublished\":\"2021-09-30T16:50:27+00:00\",\"dateModified\":\"2021-11-27T15:48:32+00:00\",\"description\":\"Le Chrono S\u00e9rum Intensificateur Physiodermie contient notre complexe \u00e9claircissant hautement concentr\u00e9 + vitamine C liposoluble stable. Effet \u00e9claircissant prouv\u00e9 sur peau fonc\u00e9e. Aide \u00e0 \u00e9liminer le noircissement de la surface. Puissant effet \u00e9claircissant et anti-\u00e2ge. La peau para\u00eet progressivement plus jeune et plus claire. Booster puissant, effet revitalisant. R\u00e9v\u00e8le l'\u00e9clat du teint (am\u00e9liore la luminosit\u00e9, anti teint terne).\",\"breadcrumb\":{\"@id\":\"https:\\\/\\\/beautesantelorette.ca\\\/fr\\\/produit\\\/chrono-serum-intensificateur\\\/#breadcrumb\"},\"inLanguage\":\"fr-FR\",\"potentialAction\":[{\"@type\":\"ReadAction\",\"target\":[\"https:\\\/\\\/beautesantelorette.ca\\\/fr\\\/produit\\\/chrono-serum-intensificateur\\\/\"]}]},{\"@type\":\"ImageObject\",\"inLanguage\":\"fr-FR\",\"@id\":\"https:\\\/\\\/beautesantelorette.ca\\\/fr\\\/produit\\\/chrono-serum-intensificateur\\\/#primaryimage\",\"url\":\"https:\\\/\\\/beautesantelorette.ca\\\/wp-content\\\/uploads\\\/2021\\\/09\\\/Chrono-Action-Serum.jpg\",\"contentUrl\":\"https:\\\/\\\/beautesantelorette.ca\\\/wp-content\\\/uploads\\\/2021\\\/09\\\/Chrono-Action-Serum.jpg\",\"width\":1200,\"height\":1200,\"caption\":\"Chrono S\u00e9rum Intensificateur\"},{\"@type\":\"BreadcrumbList\",\"@id\":\"https:\\\/\\\/beautesantelorette.ca\\\/fr\\\/produit\\\/chrono-serum-intensificateur\\\/#breadcrumb\",\"itemListElement\":[{\"@type\":\"ListItem\",\"position\":1,\"name\":\"Home\",\"item\":\"https:\\\/\\\/beautesantelorette.ca\\\/fr\\\/\"},{\"@type\":\"ListItem\",\"position\":2,\"name\":\"Boutique\",\"item\":\"https:\\\/\\\/beautesantelorette.ca\\\/fr\\\/boutique\\\/\"},{\"@type\":\"ListItem\",\"position\":3,\"name\":\"Chrono S\u00e9rum Intensificateur\"}]},{\"@type\":\"WebSite\",\"@id\":\"https:\\\/\\\/beautesantelorette.ca\\\/fr\\\/#website\",\"url\":\"https:\\\/\\\/beautesantelorette.ca\\\/fr\\\/\",\"name\":\"Beaut\u00e9 Sant\u00e9 Lorette\",\"description\":\"Confiez-Nous Le Soin de VOTRE PEAU\",\"publisher\":{\"@id\":\"https:\\\/\\\/beautesantelorette.ca\\\/fr\\\/#organization\"},\"potentialAction\":[{\"@type\":\"SearchAction\",\"target\":{\"@type\":\"EntryPoint\",\"urlTemplate\":\"https:\\\/\\\/beautesantelorette.ca\\\/fr\\\/?s={search_term_string}\"},\"query-input\":{\"@type\":\"PropertyValueSpecification\",\"valueRequired\":true,\"valueName\":\"search_term_string\"}}],\"inLanguage\":\"fr-FR\"},{\"@type\":\"Organization\",\"@id\":\"https:\\\/\\\/beautesantelorette.ca\\\/fr\\\/#organization\",\"name\":\"Beaut\u00e9 Sant\u00e9 Lorette\",\"url\":\"https:\\\/\\\/beautesantelorette.ca\\\/fr\\\/\",\"logo\":{\"@type\":\"ImageObject\",\"inLanguage\":\"fr-FR\",\"@id\":\"https:\\\/\\\/beautesantelorette.ca\\\/fr\\\/#\\\/schema\\\/logo\\\/image\\\/\",\"url\":\"https:\\\/\\\/beautesantelorette.ca\\\/wp-content\\\/uploads\\\/2021\\\/10\\\/bsl_surfgirl_logo_pos-1.svg\",\"contentUrl\":\"https:\\\/\\\/beautesantelorette.ca\\\/wp-content\\\/uploads\\\/2021\\\/10\\\/bsl_surfgirl_logo_pos-1.svg\",\"width\":1533,\"height\":1200,\"caption\":\"Beaut\u00e9 Sant\u00e9 Lorette\"},\"image\":{\"@id\":\"https:\\\/\\\/beautesantelorette.ca\\\/fr\\\/#\\\/schema\\\/logo\\\/image\\\/\"},\"sameAs\":[\"https:\\\/\\\/www.facebook.com\\\/BeauteSanteLorette\\\/\",\"https:\\\/\\\/www.instagram.com\\\/beautesantelorette\\\/\"]}]}<\/script>\n<!-- \/ Yoast SEO plugin. -->","yoast_head_json":{"title":"Chrono S\u00e9rum Intensificateur - Beaut\u00e9 Sant\u00e9 Lorette","description":"Le Chrono S\u00e9rum Intensificateur Physiodermie contient notre complexe \u00e9claircissant hautement concentr\u00e9 + vitamine C liposoluble stable. Effet \u00e9claircissant prouv\u00e9 sur peau fonc\u00e9e. Aide \u00e0 \u00e9liminer le noircissement de la surface. Puissant effet \u00e9claircissant et anti-\u00e2ge. La peau para\u00eet progressivement plus jeune et plus claire. Booster puissant, effet revitalisant. R\u00e9v\u00e8le l'\u00e9clat du teint (am\u00e9liore la luminosit\u00e9, anti teint terne).","robots":{"index":"index","follow":"follow","max-snippet":"max-snippet:-1","max-image-preview":"max-image-preview:large","max-video-preview":"max-video-preview:-1"},"canonical":"https:\/\/beautesantelorette.ca\/fr\/produit\/chrono-serum-intensificateur\/","og_locale":"fr_FR","og_type":"article","og_title":"Chrono S\u00e9rum Intensificateur - Beaut\u00e9 Sant\u00e9 Lorette","og_description":"Le Chrono S\u00e9rum Intensificateur Physiodermie contient notre complexe \u00e9claircissant hautement concentr\u00e9 + vitamine C liposoluble stable. Effet \u00e9claircissant prouv\u00e9 sur peau fonc\u00e9e. Aide \u00e0 \u00e9liminer le noircissement de la surface. Puissant effet \u00e9claircissant et anti-\u00e2ge. La peau para\u00eet progressivement plus jeune et plus claire. Booster puissant, effet revitalisant. R\u00e9v\u00e8le l'\u00e9clat du teint (am\u00e9liore la luminosit\u00e9, anti teint terne).","og_url":"https:\/\/beautesantelorette.ca\/fr\/produit\/chrono-serum-intensificateur\/","og_site_name":"Beaut\u00e9 Sant\u00e9 Lorette","article_publisher":"https:\/\/www.facebook.com\/BeauteSanteLorette\/","article_modified_time":"2021-11-27T15:48:32+00:00","og_image":[{"width":1200,"height":1200,"url":"https:\/\/beautesantelorette.ca\/wp-content\/uploads\/2021\/09\/Chrono-Action-Serum.jpg","type":"image\/jpeg"}],"twitter_card":"summary_large_image","schema":{"@context":"https:\/\/schema.org","@graph":[{"@type":"WebPage","@id":"https:\/\/beautesantelorette.ca\/fr\/produit\/chrono-serum-intensificateur\/","url":"https:\/\/beautesantelorette.ca\/fr\/produit\/chrono-serum-intensificateur\/","name":"Chrono S\u00e9rum Intensificateur - Beaut\u00e9 Sant\u00e9 Lorette","isPartOf":{"@id":"https:\/\/beautesantelorette.ca\/fr\/#website"},"primaryImageOfPage":{"@id":"https:\/\/beautesantelorette.ca\/fr\/produit\/chrono-serum-intensificateur\/#primaryimage"},"image":{"@id":"https:\/\/beautesantelorette.ca\/fr\/produit\/chrono-serum-intensificateur\/#primaryimage"},"thumbnailUrl":"https:\/\/beautesantelorette.ca\/wp-content\/uploads\/2021\/09\/Chrono-Action-Serum.jpg","datePublished":"2021-09-30T16:50:27+00:00","dateModified":"2021-11-27T15:48:32+00:00","description":"Le Chrono S\u00e9rum Intensificateur Physiodermie contient notre complexe \u00e9claircissant hautement concentr\u00e9 + vitamine C liposoluble stable. Effet \u00e9claircissant prouv\u00e9 sur peau fonc\u00e9e. Aide \u00e0 \u00e9liminer le noircissement de la surface. Puissant effet \u00e9claircissant et anti-\u00e2ge. La peau para\u00eet progressivement plus jeune et plus claire. Booster puissant, effet revitalisant. R\u00e9v\u00e8le l'\u00e9clat du teint (am\u00e9liore la luminosit\u00e9, anti teint terne).","breadcrumb":{"@id":"https:\/\/beautesantelorette.ca\/fr\/produit\/chrono-serum-intensificateur\/#breadcrumb"},"inLanguage":"fr-FR","potentialAction":[{"@type":"ReadAction","target":["https:\/\/beautesantelorette.ca\/fr\/produit\/chrono-serum-intensificateur\/"]}]},{"@type":"ImageObject","inLanguage":"fr-FR","@id":"https:\/\/beautesantelorette.ca\/fr\/produit\/chrono-serum-intensificateur\/#primaryimage","url":"https:\/\/beautesantelorette.ca\/wp-content\/uploads\/2021\/09\/Chrono-Action-Serum.jpg","contentUrl":"https:\/\/beautesantelorette.ca\/wp-content\/uploads\/2021\/09\/Chrono-Action-Serum.jpg","width":1200,"height":1200,"caption":"Chrono S\u00e9rum Intensificateur"},{"@type":"BreadcrumbList","@id":"https:\/\/beautesantelorette.ca\/fr\/produit\/chrono-serum-intensificateur\/#breadcrumb","itemListElement":[{"@type":"ListItem","position":1,"name":"Home","item":"https:\/\/beautesantelorette.ca\/fr\/"},{"@type":"ListItem","position":2,"name":"Boutique","item":"https:\/\/beautesantelorette.ca\/fr\/boutique\/"},{"@type":"ListItem","position":3,"name":"Chrono S\u00e9rum Intensificateur"}]},{"@type":"WebSite","@id":"https:\/\/beautesantelorette.ca\/fr\/#website","url":"https:\/\/beautesantelorette.ca\/fr\/","name":"Beaut\u00e9 Sant\u00e9 Lorette","description":"Confiez-Nous Le Soin de VOTRE PEAU","publisher":{"@id":"https:\/\/beautesantelorette.ca\/fr\/#organization"},"potentialAction":[{"@type":"SearchAction","target":{"@type":"EntryPoint","urlTemplate":"https:\/\/beautesantelorette.ca\/fr\/?s={search_term_string}"},"query-input":{"@type":"PropertyValueSpecification","valueRequired":true,"valueName":"search_term_string"}}],"inLanguage":"fr-FR"},{"@type":"Organization","@id":"https:\/\/beautesantelorette.ca\/fr\/#organization","name":"Beaut\u00e9 Sant\u00e9 Lorette","url":"https:\/\/beautesantelorette.ca\/fr\/","logo":{"@type":"ImageObject","inLanguage":"fr-FR","@id":"https:\/\/beautesantelorette.ca\/fr\/#\/schema\/logo\/image\/","url":"https:\/\/beautesantelorette.ca\/wp-content\/uploads\/2021\/10\/bsl_surfgirl_logo_pos-1.svg","contentUrl":"https:\/\/beautesantelorette.ca\/wp-content\/uploads\/2021\/10\/bsl_surfgirl_logo_pos-1.svg","width":1533,"height":1200,"caption":"Beaut\u00e9 Sant\u00e9 Lorette"},"image":{"@id":"https:\/\/beautesantelorette.ca\/fr\/#\/schema\/logo\/image\/"},"sameAs":["https:\/\/www.facebook.com\/BeauteSanteLorette\/","https:\/\/www.instagram.com\/beautesantelorette\/"]}]}},"jetpack_sharing_enabled":true,"_links":{"self":[{"href":"https:\/\/beautesantelorette.ca\/fr\/wp-json\/wp\/v2\/product\/22350","targetHints":{"allow":["GET"]}}],"collection":[{"href":"https:\/\/beautesantelorette.ca\/fr\/wp-json\/wp\/v2\/product"}],"about":[{"href":"https:\/\/beautesantelorette.ca\/fr\/wp-json\/wp\/v2\/types\/product"}],"replies":[{"embeddable":true,"href":"https:\/\/beautesantelorette.ca\/fr\/wp-json\/wp\/v2\/comments?post=22350"}],"wp:featuredmedia":[{"embeddable":true,"href":"https:\/\/beautesantelorette.ca\/fr\/wp-json\/wp\/v2\/media\/21696"}],"wp:attachment":[{"href":"https:\/\/beautesantelorette.ca\/fr\/wp-json\/wp\/v2\/media?parent=22350"}],"wp:term":[{"taxonomy":"product_brand","embeddable":true,"href":"https:\/\/beautesantelorette.ca\/fr\/wp-json\/wp\/v2\/product_brand?post=22350"},{"taxonomy":"product_cat","embeddable":true,"href":"https:\/\/beautesantelorette.ca\/fr\/wp-json\/wp\/v2\/product_cat?post=22350"},{"taxonomy":"product_tag","embeddable":true,"href":"https:\/\/beautesantelorette.ca\/fr\/wp-json\/wp\/v2\/product_tag?post=22350"}],"curies":[{"name":"wp","href":"https:\/\/api.w.org\/{rel}","templated":true}]}}