{"id":22377,"date":"2021-09-30T17:20:48","date_gmt":"2021-09-30T17:20:48","guid":{"rendered":"https:\/\/beautelorette.wpengine.com\/product\/essential-bath-oil-hy-normalizing\/"},"modified":"2021-11-27T16:55:01","modified_gmt":"2021-11-27T16:55:01","slug":"physiobain-hy-normalisant","status":"publish","type":"product","link":"https:\/\/beautesantelorette.ca\/fr\/produit\/physiobain-hy-normalisant\/","title":{"rendered":"Physiobain HY Normalisant"},"content":{"rendered":"","protected":false},"excerpt":{"rendered":"<p>Le Physiobain HY Normalisant Physiodermie est un traitement sp\u00e9cifique pour les jambes lourdes, les varices et la cellulite. Riche en huiles essentielles rafra\u00eechissantes qui aident \u00e0 soulager la sensation de jambes lourdes et \u00e0 r\u00e9duire l\u2019aspect de la cellulite. Peut \u00eatre utilis\u00e9 dans le bain ou seulement de mani\u00e8re localis\u00e9e en bain de pieds.<\/p>\n","protected":false},"featured_media":21705,"comment_status":"open","ping_status":"closed","template":"","meta":[],"product_brand":[],"product_cat":[246,233,259],"product_tag":[],"class_list":{"0":"post-22377","1":"product","2":"type-product","3":"status-publish","4":"has-post-thumbnail","6":"product_cat-physiobains","7":"product_cat-physiodermie-fr","8":"product_cat-soins-des-cheveux-corps","10":"first","11":"instock","12":"taxable","13":"shipping-taxable","14":"purchasable","15":"product-type-simple"},"yoast_head":"<!-- This site is optimized with the Yoast SEO plugin v27.5 - https:\/\/yoast.com\/product\/yoast-seo-wordpress\/ -->\n<title>Physiobain HY Normalisant - Beaut\u00e9 Sant\u00e9 Lorette<\/title>\n<meta name=\"description\" content=\"Le Physiobain HY Normalisant Physiodermie est un traitement sp\u00e9cifique pour les jambes lourdes, les varices et la cellulite. Riche en huiles essentielles rafra\u00eechissantes qui aident \u00e0 soulager la sensation de jambes lourdes et \u00e0 r\u00e9duire l\u2019aspect de la cellulite. Peut \u00eatre utilis\u00e9 dans le bain ou seulement de mani\u00e8re localis\u00e9e en bain de pieds.\" \/>\n<meta name=\"robots\" content=\"index, follow, max-snippet:-1, max-image-preview:large, max-video-preview:-1\" \/>\n<link rel=\"canonical\" href=\"https:\/\/beautesantelorette.ca\/fr\/produit\/physiobain-hy-normalisant\/\" \/>\n<meta property=\"og:locale\" content=\"fr_FR\" \/>\n<meta property=\"og:type\" content=\"article\" \/>\n<meta property=\"og:title\" content=\"Physiobain HY Normalisant - Beaut\u00e9 Sant\u00e9 Lorette\" \/>\n<meta property=\"og:description\" content=\"Le Physiobain HY Normalisant Physiodermie est un traitement sp\u00e9cifique pour les jambes lourdes, les varices et la cellulite. Riche en huiles essentielles rafra\u00eechissantes qui aident \u00e0 soulager la sensation de jambes lourdes et \u00e0 r\u00e9duire l\u2019aspect de la cellulite. Peut \u00eatre utilis\u00e9 dans le bain ou seulement de mani\u00e8re localis\u00e9e en bain de pieds.\" \/>\n<meta property=\"og:url\" content=\"https:\/\/beautesantelorette.ca\/fr\/produit\/physiobain-hy-normalisant\/\" \/>\n<meta property=\"og:site_name\" content=\"Beaut\u00e9 Sant\u00e9 Lorette\" \/>\n<meta property=\"article:publisher\" content=\"https:\/\/www.facebook.com\/BeauteSanteLorette\/\" \/>\n<meta property=\"article:modified_time\" content=\"2021-11-27T16:55:01+00:00\" \/>\n<meta property=\"og:image\" content=\"https:\/\/beautesantelorette.ca\/wp-content\/uploads\/2021\/09\/Essential-Bath-Oil-HY-Normalizing.jpg\" \/>\n\t<meta property=\"og:image:width\" content=\"1200\" \/>\n\t<meta property=\"og:image:height\" content=\"1200\" \/>\n\t<meta property=\"og:image:type\" content=\"image\/jpeg\" \/>\n<meta name=\"twitter:card\" content=\"summary_large_image\" \/>\n<script type=\"application\/ld+json\" class=\"yoast-schema-graph\">{\"@context\":\"https:\\\/\\\/schema.org\",\"@graph\":[{\"@type\":\"WebPage\",\"@id\":\"https:\\\/\\\/beautesantelorette.ca\\\/fr\\\/produit\\\/physiobain-hy-normalisant\\\/\",\"url\":\"https:\\\/\\\/beautesantelorette.ca\\\/fr\\\/produit\\\/physiobain-hy-normalisant\\\/\",\"name\":\"Physiobain HY Normalisant - Beaut\u00e9 Sant\u00e9 Lorette\",\"isPartOf\":{\"@id\":\"https:\\\/\\\/beautesantelorette.ca\\\/fr\\\/#website\"},\"primaryImageOfPage\":{\"@id\":\"https:\\\/\\\/beautesantelorette.ca\\\/fr\\\/produit\\\/physiobain-hy-normalisant\\\/#primaryimage\"},\"image\":{\"@id\":\"https:\\\/\\\/beautesantelorette.ca\\\/fr\\\/produit\\\/physiobain-hy-normalisant\\\/#primaryimage\"},\"thumbnailUrl\":\"https:\\\/\\\/beautesantelorette.ca\\\/wp-content\\\/uploads\\\/2021\\\/09\\\/Essential-Bath-Oil-HY-Normalizing.jpg\",\"datePublished\":\"2021-09-30T17:20:48+00:00\",\"dateModified\":\"2021-11-27T16:55:01+00:00\",\"description\":\"Le Physiobain HY Normalisant Physiodermie est un traitement sp\u00e9cifique pour les jambes lourdes, les varices et la cellulite. Riche en huiles essentielles rafra\u00eechissantes qui aident \u00e0 soulager la sensation de jambes lourdes et \u00e0 r\u00e9duire l\u2019aspect de la cellulite. Peut \u00eatre utilis\u00e9 dans le bain ou seulement de mani\u00e8re localis\u00e9e en bain de pieds.\",\"breadcrumb\":{\"@id\":\"https:\\\/\\\/beautesantelorette.ca\\\/fr\\\/produit\\\/physiobain-hy-normalisant\\\/#breadcrumb\"},\"inLanguage\":\"fr-FR\",\"potentialAction\":[{\"@type\":\"ReadAction\",\"target\":[\"https:\\\/\\\/beautesantelorette.ca\\\/fr\\\/produit\\\/physiobain-hy-normalisant\\\/\"]}]},{\"@type\":\"ImageObject\",\"inLanguage\":\"fr-FR\",\"@id\":\"https:\\\/\\\/beautesantelorette.ca\\\/fr\\\/produit\\\/physiobain-hy-normalisant\\\/#primaryimage\",\"url\":\"https:\\\/\\\/beautesantelorette.ca\\\/wp-content\\\/uploads\\\/2021\\\/09\\\/Essential-Bath-Oil-HY-Normalizing.jpg\",\"contentUrl\":\"https:\\\/\\\/beautesantelorette.ca\\\/wp-content\\\/uploads\\\/2021\\\/09\\\/Essential-Bath-Oil-HY-Normalizing.jpg\",\"width\":1200,\"height\":1200,\"caption\":\"Physiobain HY Normalisant\"},{\"@type\":\"BreadcrumbList\",\"@id\":\"https:\\\/\\\/beautesantelorette.ca\\\/fr\\\/produit\\\/physiobain-hy-normalisant\\\/#breadcrumb\",\"itemListElement\":[{\"@type\":\"ListItem\",\"position\":1,\"name\":\"Home\",\"item\":\"https:\\\/\\\/beautesantelorette.ca\\\/fr\\\/\"},{\"@type\":\"ListItem\",\"position\":2,\"name\":\"Boutique\",\"item\":\"https:\\\/\\\/beautesantelorette.ca\\\/fr\\\/boutique\\\/\"},{\"@type\":\"ListItem\",\"position\":3,\"name\":\"Physiobain HY Normalisant\"}]},{\"@type\":\"WebSite\",\"@id\":\"https:\\\/\\\/beautesantelorette.ca\\\/fr\\\/#website\",\"url\":\"https:\\\/\\\/beautesantelorette.ca\\\/fr\\\/\",\"name\":\"Beaut\u00e9 Sant\u00e9 Lorette\",\"description\":\"Confiez-Nous Le Soin de VOTRE PEAU\",\"publisher\":{\"@id\":\"https:\\\/\\\/beautesantelorette.ca\\\/fr\\\/#organization\"},\"potentialAction\":[{\"@type\":\"SearchAction\",\"target\":{\"@type\":\"EntryPoint\",\"urlTemplate\":\"https:\\\/\\\/beautesantelorette.ca\\\/fr\\\/?s={search_term_string}\"},\"query-input\":{\"@type\":\"PropertyValueSpecification\",\"valueRequired\":true,\"valueName\":\"search_term_string\"}}],\"inLanguage\":\"fr-FR\"},{\"@type\":\"Organization\",\"@id\":\"https:\\\/\\\/beautesantelorette.ca\\\/fr\\\/#organization\",\"name\":\"Beaut\u00e9 Sant\u00e9 Lorette\",\"url\":\"https:\\\/\\\/beautesantelorette.ca\\\/fr\\\/\",\"logo\":{\"@type\":\"ImageObject\",\"inLanguage\":\"fr-FR\",\"@id\":\"https:\\\/\\\/beautesantelorette.ca\\\/fr\\\/#\\\/schema\\\/logo\\\/image\\\/\",\"url\":\"https:\\\/\\\/beautesantelorette.ca\\\/wp-content\\\/uploads\\\/2021\\\/10\\\/bsl_surfgirl_logo_pos-1.svg\",\"contentUrl\":\"https:\\\/\\\/beautesantelorette.ca\\\/wp-content\\\/uploads\\\/2021\\\/10\\\/bsl_surfgirl_logo_pos-1.svg\",\"width\":1533,\"height\":1200,\"caption\":\"Beaut\u00e9 Sant\u00e9 Lorette\"},\"image\":{\"@id\":\"https:\\\/\\\/beautesantelorette.ca\\\/fr\\\/#\\\/schema\\\/logo\\\/image\\\/\"},\"sameAs\":[\"https:\\\/\\\/www.facebook.com\\\/BeauteSanteLorette\\\/\",\"https:\\\/\\\/www.instagram.com\\\/beautesantelorette\\\/\"]}]}<\/script>\n<!-- \/ Yoast SEO plugin. -->","yoast_head_json":{"title":"Physiobain HY Normalisant - Beaut\u00e9 Sant\u00e9 Lorette","description":"Le Physiobain HY Normalisant Physiodermie est un traitement sp\u00e9cifique pour les jambes lourdes, les varices et la cellulite. Riche en huiles essentielles rafra\u00eechissantes qui aident \u00e0 soulager la sensation de jambes lourdes et \u00e0 r\u00e9duire l\u2019aspect de la cellulite. Peut \u00eatre utilis\u00e9 dans le bain ou seulement de mani\u00e8re localis\u00e9e en bain de pieds.","robots":{"index":"index","follow":"follow","max-snippet":"max-snippet:-1","max-image-preview":"max-image-preview:large","max-video-preview":"max-video-preview:-1"},"canonical":"https:\/\/beautesantelorette.ca\/fr\/produit\/physiobain-hy-normalisant\/","og_locale":"fr_FR","og_type":"article","og_title":"Physiobain HY Normalisant - Beaut\u00e9 Sant\u00e9 Lorette","og_description":"Le Physiobain HY Normalisant Physiodermie est un traitement sp\u00e9cifique pour les jambes lourdes, les varices et la cellulite. Riche en huiles essentielles rafra\u00eechissantes qui aident \u00e0 soulager la sensation de jambes lourdes et \u00e0 r\u00e9duire l\u2019aspect de la cellulite. Peut \u00eatre utilis\u00e9 dans le bain ou seulement de mani\u00e8re localis\u00e9e en bain de pieds.","og_url":"https:\/\/beautesantelorette.ca\/fr\/produit\/physiobain-hy-normalisant\/","og_site_name":"Beaut\u00e9 Sant\u00e9 Lorette","article_publisher":"https:\/\/www.facebook.com\/BeauteSanteLorette\/","article_modified_time":"2021-11-27T16:55:01+00:00","og_image":[{"width":1200,"height":1200,"url":"https:\/\/beautesantelorette.ca\/wp-content\/uploads\/2021\/09\/Essential-Bath-Oil-HY-Normalizing.jpg","type":"image\/jpeg"}],"twitter_card":"summary_large_image","schema":{"@context":"https:\/\/schema.org","@graph":[{"@type":"WebPage","@id":"https:\/\/beautesantelorette.ca\/fr\/produit\/physiobain-hy-normalisant\/","url":"https:\/\/beautesantelorette.ca\/fr\/produit\/physiobain-hy-normalisant\/","name":"Physiobain HY Normalisant - Beaut\u00e9 Sant\u00e9 Lorette","isPartOf":{"@id":"https:\/\/beautesantelorette.ca\/fr\/#website"},"primaryImageOfPage":{"@id":"https:\/\/beautesantelorette.ca\/fr\/produit\/physiobain-hy-normalisant\/#primaryimage"},"image":{"@id":"https:\/\/beautesantelorette.ca\/fr\/produit\/physiobain-hy-normalisant\/#primaryimage"},"thumbnailUrl":"https:\/\/beautesantelorette.ca\/wp-content\/uploads\/2021\/09\/Essential-Bath-Oil-HY-Normalizing.jpg","datePublished":"2021-09-30T17:20:48+00:00","dateModified":"2021-11-27T16:55:01+00:00","description":"Le Physiobain HY Normalisant Physiodermie est un traitement sp\u00e9cifique pour les jambes lourdes, les varices et la cellulite. Riche en huiles essentielles rafra\u00eechissantes qui aident \u00e0 soulager la sensation de jambes lourdes et \u00e0 r\u00e9duire l\u2019aspect de la cellulite. Peut \u00eatre utilis\u00e9 dans le bain ou seulement de mani\u00e8re localis\u00e9e en bain de pieds.","breadcrumb":{"@id":"https:\/\/beautesantelorette.ca\/fr\/produit\/physiobain-hy-normalisant\/#breadcrumb"},"inLanguage":"fr-FR","potentialAction":[{"@type":"ReadAction","target":["https:\/\/beautesantelorette.ca\/fr\/produit\/physiobain-hy-normalisant\/"]}]},{"@type":"ImageObject","inLanguage":"fr-FR","@id":"https:\/\/beautesantelorette.ca\/fr\/produit\/physiobain-hy-normalisant\/#primaryimage","url":"https:\/\/beautesantelorette.ca\/wp-content\/uploads\/2021\/09\/Essential-Bath-Oil-HY-Normalizing.jpg","contentUrl":"https:\/\/beautesantelorette.ca\/wp-content\/uploads\/2021\/09\/Essential-Bath-Oil-HY-Normalizing.jpg","width":1200,"height":1200,"caption":"Physiobain HY Normalisant"},{"@type":"BreadcrumbList","@id":"https:\/\/beautesantelorette.ca\/fr\/produit\/physiobain-hy-normalisant\/#breadcrumb","itemListElement":[{"@type":"ListItem","position":1,"name":"Home","item":"https:\/\/beautesantelorette.ca\/fr\/"},{"@type":"ListItem","position":2,"name":"Boutique","item":"https:\/\/beautesantelorette.ca\/fr\/boutique\/"},{"@type":"ListItem","position":3,"name":"Physiobain HY Normalisant"}]},{"@type":"WebSite","@id":"https:\/\/beautesantelorette.ca\/fr\/#website","url":"https:\/\/beautesantelorette.ca\/fr\/","name":"Beaut\u00e9 Sant\u00e9 Lorette","description":"Confiez-Nous Le Soin de VOTRE PEAU","publisher":{"@id":"https:\/\/beautesantelorette.ca\/fr\/#organization"},"potentialAction":[{"@type":"SearchAction","target":{"@type":"EntryPoint","urlTemplate":"https:\/\/beautesantelorette.ca\/fr\/?s={search_term_string}"},"query-input":{"@type":"PropertyValueSpecification","valueRequired":true,"valueName":"search_term_string"}}],"inLanguage":"fr-FR"},{"@type":"Organization","@id":"https:\/\/beautesantelorette.ca\/fr\/#organization","name":"Beaut\u00e9 Sant\u00e9 Lorette","url":"https:\/\/beautesantelorette.ca\/fr\/","logo":{"@type":"ImageObject","inLanguage":"fr-FR","@id":"https:\/\/beautesantelorette.ca\/fr\/#\/schema\/logo\/image\/","url":"https:\/\/beautesantelorette.ca\/wp-content\/uploads\/2021\/10\/bsl_surfgirl_logo_pos-1.svg","contentUrl":"https:\/\/beautesantelorette.ca\/wp-content\/uploads\/2021\/10\/bsl_surfgirl_logo_pos-1.svg","width":1533,"height":1200,"caption":"Beaut\u00e9 Sant\u00e9 Lorette"},"image":{"@id":"https:\/\/beautesantelorette.ca\/fr\/#\/schema\/logo\/image\/"},"sameAs":["https:\/\/www.facebook.com\/BeauteSanteLorette\/","https:\/\/www.instagram.com\/beautesantelorette\/"]}]}},"jetpack_sharing_enabled":true,"_links":{"self":[{"href":"https:\/\/beautesantelorette.ca\/fr\/wp-json\/wp\/v2\/product\/22377","targetHints":{"allow":["GET"]}}],"collection":[{"href":"https:\/\/beautesantelorette.ca\/fr\/wp-json\/wp\/v2\/product"}],"about":[{"href":"https:\/\/beautesantelorette.ca\/fr\/wp-json\/wp\/v2\/types\/product"}],"replies":[{"embeddable":true,"href":"https:\/\/beautesantelorette.ca\/fr\/wp-json\/wp\/v2\/comments?post=22377"}],"wp:featuredmedia":[{"embeddable":true,"href":"https:\/\/beautesantelorette.ca\/fr\/wp-json\/wp\/v2\/media\/21705"}],"wp:attachment":[{"href":"https:\/\/beautesantelorette.ca\/fr\/wp-json\/wp\/v2\/media?parent=22377"}],"wp:term":[{"taxonomy":"product_brand","embeddable":true,"href":"https:\/\/beautesantelorette.ca\/fr\/wp-json\/wp\/v2\/product_brand?post=22377"},{"taxonomy":"product_cat","embeddable":true,"href":"https:\/\/beautesantelorette.ca\/fr\/wp-json\/wp\/v2\/product_cat?post=22377"},{"taxonomy":"product_tag","embeddable":true,"href":"https:\/\/beautesantelorette.ca\/fr\/wp-json\/wp\/v2\/product_tag?post=22377"}],"curies":[{"name":"wp","href":"https:\/\/api.w.org\/{rel}","templated":true}]}}