{"id":22383,"date":"2021-09-30T17:36:20","date_gmt":"2021-09-30T17:36:20","guid":{"rendered":"https:\/\/beautelorette.wpengine.com\/product\/bioarome-cn-soothing\/"},"modified":"2022-05-30T15:23:31","modified_gmt":"2022-05-30T15:23:31","slug":"bioarome-cn-calmant","status":"publish","type":"product","link":"https:\/\/beautesantelorette.ca\/fr\/produit\/bioarome-cn-calmant\/","title":{"rendered":"Bioarome CN Calmant"},"content":{"rendered":"","protected":false},"excerpt":{"rendered":"<p>Le Bioarome CN Calmant Physiodermie est id\u00e9al sur toutes les zones de tensions, cellulite douloureuse, jambes ou pieds douloureux, cou, peaux sensibles etc. Gr\u00e2ce \u00e0 sa synergie exclusive d\u2019huiles essentielles et extraits de plantes adoucissants associ\u00e9e \u00e0 la technologie M.E.I.M.A, ce s\u00e9rum ultra doux apaise les peaux sensibles et irrit\u00e9es pour laisser un teint unifi\u00e9 et une sensation de confort.<\/p>\n","protected":false},"featured_media":21709,"comment_status":"open","ping_status":"closed","template":"","meta":[],"product_brand":[],"product_cat":[245,233,258],"product_tag":[],"class_list":{"0":"post-22383","1":"product","2":"type-product","3":"status-publish","4":"has-post-thumbnail","6":"product_cat-bioaromes-fr","7":"product_cat-physiodermie-fr","8":"product_cat-serums-huiles-extraits","10":"first","11":"instock","12":"taxable","13":"shipping-taxable","14":"purchasable","15":"product-type-simple"},"yoast_head":"<!-- This site is optimized with the Yoast SEO plugin v27.4 - https:\/\/yoast.com\/product\/yoast-seo-wordpress\/ -->\n<title>Bioarome CN Calmant - Beaut\u00e9 Sant\u00e9 Lorette<\/title>\n<meta name=\"description\" content=\"Le Bioarome CN Calmant Physiodermie est id\u00e9al sur toutes les zones de tensions, cellulite douloureuse, jambes ou pieds douloureux, cou, peaux sensibles etc. Gr\u00e2ce \u00e0 sa synergie exclusive d\u2019huiles essentielles et extraits de plantes adoucissants associ\u00e9e \u00e0 la technologie M.E.I.M.A, ce s\u00e9rum ultra doux apaise les peaux sensibles et irrit\u00e9es pour laisser un teint unifi\u00e9 et une sensation de confort.\" \/>\n<meta name=\"robots\" content=\"index, follow, max-snippet:-1, max-image-preview:large, max-video-preview:-1\" \/>\n<link rel=\"canonical\" href=\"https:\/\/beautesantelorette.ca\/fr\/produit\/bioarome-cn-calmant\/\" \/>\n<meta property=\"og:locale\" content=\"fr_FR\" \/>\n<meta property=\"og:type\" content=\"article\" \/>\n<meta property=\"og:title\" content=\"Bioarome CN Calmant - Beaut\u00e9 Sant\u00e9 Lorette\" \/>\n<meta property=\"og:description\" content=\"Le Bioarome CN Calmant Physiodermie est id\u00e9al sur toutes les zones de tensions, cellulite douloureuse, jambes ou pieds douloureux, cou, peaux sensibles etc. Gr\u00e2ce \u00e0 sa synergie exclusive d\u2019huiles essentielles et extraits de plantes adoucissants associ\u00e9e \u00e0 la technologie M.E.I.M.A, ce s\u00e9rum ultra doux apaise les peaux sensibles et irrit\u00e9es pour laisser un teint unifi\u00e9 et une sensation de confort.\" \/>\n<meta property=\"og:url\" content=\"https:\/\/beautesantelorette.ca\/fr\/produit\/bioarome-cn-calmant\/\" \/>\n<meta property=\"og:site_name\" content=\"Beaut\u00e9 Sant\u00e9 Lorette\" \/>\n<meta property=\"article:publisher\" content=\"https:\/\/www.facebook.com\/BeauteSanteLorette\/\" \/>\n<meta property=\"article:modified_time\" content=\"2022-05-30T15:23:31+00:00\" \/>\n<meta property=\"og:image\" content=\"https:\/\/beautesantelorette.ca\/wp-content\/uploads\/2021\/09\/Bioarome-CN-Soothing.jpg\" \/>\n\t<meta property=\"og:image:width\" content=\"1200\" \/>\n\t<meta property=\"og:image:height\" content=\"1200\" \/>\n\t<meta property=\"og:image:type\" content=\"image\/jpeg\" \/>\n<meta name=\"twitter:card\" content=\"summary_large_image\" \/>\n<script type=\"application\/ld+json\" class=\"yoast-schema-graph\">{\"@context\":\"https:\\\/\\\/schema.org\",\"@graph\":[{\"@type\":\"WebPage\",\"@id\":\"https:\\\/\\\/beautesantelorette.ca\\\/fr\\\/produit\\\/bioarome-cn-calmant\\\/\",\"url\":\"https:\\\/\\\/beautesantelorette.ca\\\/fr\\\/produit\\\/bioarome-cn-calmant\\\/\",\"name\":\"Bioarome CN Calmant - Beaut\u00e9 Sant\u00e9 Lorette\",\"isPartOf\":{\"@id\":\"https:\\\/\\\/beautesantelorette.ca\\\/fr\\\/#website\"},\"primaryImageOfPage\":{\"@id\":\"https:\\\/\\\/beautesantelorette.ca\\\/fr\\\/produit\\\/bioarome-cn-calmant\\\/#primaryimage\"},\"image\":{\"@id\":\"https:\\\/\\\/beautesantelorette.ca\\\/fr\\\/produit\\\/bioarome-cn-calmant\\\/#primaryimage\"},\"thumbnailUrl\":\"https:\\\/\\\/beautesantelorette.ca\\\/wp-content\\\/uploads\\\/2021\\\/09\\\/Bioarome-CN-Soothing.jpg\",\"datePublished\":\"2021-09-30T17:36:20+00:00\",\"dateModified\":\"2022-05-30T15:23:31+00:00\",\"description\":\"Le Bioarome CN Calmant Physiodermie est id\u00e9al sur toutes les zones de tensions, cellulite douloureuse, jambes ou pieds douloureux, cou, peaux sensibles etc. Gr\u00e2ce \u00e0 sa synergie exclusive d\u2019huiles essentielles et extraits de plantes adoucissants associ\u00e9e \u00e0 la technologie M.E.I.M.A, ce s\u00e9rum ultra doux apaise les peaux sensibles et irrit\u00e9es pour laisser un teint unifi\u00e9 et une sensation de confort.\",\"breadcrumb\":{\"@id\":\"https:\\\/\\\/beautesantelorette.ca\\\/fr\\\/produit\\\/bioarome-cn-calmant\\\/#breadcrumb\"},\"inLanguage\":\"fr-FR\",\"potentialAction\":[{\"@type\":\"ReadAction\",\"target\":[\"https:\\\/\\\/beautesantelorette.ca\\\/fr\\\/produit\\\/bioarome-cn-calmant\\\/\"]}]},{\"@type\":\"ImageObject\",\"inLanguage\":\"fr-FR\",\"@id\":\"https:\\\/\\\/beautesantelorette.ca\\\/fr\\\/produit\\\/bioarome-cn-calmant\\\/#primaryimage\",\"url\":\"https:\\\/\\\/beautesantelorette.ca\\\/wp-content\\\/uploads\\\/2021\\\/09\\\/Bioarome-CN-Soothing.jpg\",\"contentUrl\":\"https:\\\/\\\/beautesantelorette.ca\\\/wp-content\\\/uploads\\\/2021\\\/09\\\/Bioarome-CN-Soothing.jpg\",\"width\":1200,\"height\":1200,\"caption\":\"Bioarome CN Calmant\"},{\"@type\":\"BreadcrumbList\",\"@id\":\"https:\\\/\\\/beautesantelorette.ca\\\/fr\\\/produit\\\/bioarome-cn-calmant\\\/#breadcrumb\",\"itemListElement\":[{\"@type\":\"ListItem\",\"position\":1,\"name\":\"Home\",\"item\":\"https:\\\/\\\/beautesantelorette.ca\\\/fr\\\/\"},{\"@type\":\"ListItem\",\"position\":2,\"name\":\"Boutique\",\"item\":\"https:\\\/\\\/beautesantelorette.ca\\\/fr\\\/boutique\\\/\"},{\"@type\":\"ListItem\",\"position\":3,\"name\":\"Bioarome CN Calmant\"}]},{\"@type\":\"WebSite\",\"@id\":\"https:\\\/\\\/beautesantelorette.ca\\\/fr\\\/#website\",\"url\":\"https:\\\/\\\/beautesantelorette.ca\\\/fr\\\/\",\"name\":\"Beaut\u00e9 Sant\u00e9 Lorette\",\"description\":\"Confiez-Nous Le Soin de VOTRE PEAU\",\"publisher\":{\"@id\":\"https:\\\/\\\/beautesantelorette.ca\\\/fr\\\/#organization\"},\"potentialAction\":[{\"@type\":\"SearchAction\",\"target\":{\"@type\":\"EntryPoint\",\"urlTemplate\":\"https:\\\/\\\/beautesantelorette.ca\\\/fr\\\/?s={search_term_string}\"},\"query-input\":{\"@type\":\"PropertyValueSpecification\",\"valueRequired\":true,\"valueName\":\"search_term_string\"}}],\"inLanguage\":\"fr-FR\"},{\"@type\":\"Organization\",\"@id\":\"https:\\\/\\\/beautesantelorette.ca\\\/fr\\\/#organization\",\"name\":\"Beaut\u00e9 Sant\u00e9 Lorette\",\"url\":\"https:\\\/\\\/beautesantelorette.ca\\\/fr\\\/\",\"logo\":{\"@type\":\"ImageObject\",\"inLanguage\":\"fr-FR\",\"@id\":\"https:\\\/\\\/beautesantelorette.ca\\\/fr\\\/#\\\/schema\\\/logo\\\/image\\\/\",\"url\":\"https:\\\/\\\/beautesantelorette.ca\\\/wp-content\\\/uploads\\\/2021\\\/10\\\/bsl_surfgirl_logo_pos-1.svg\",\"contentUrl\":\"https:\\\/\\\/beautesantelorette.ca\\\/wp-content\\\/uploads\\\/2021\\\/10\\\/bsl_surfgirl_logo_pos-1.svg\",\"width\":1533,\"height\":1200,\"caption\":\"Beaut\u00e9 Sant\u00e9 Lorette\"},\"image\":{\"@id\":\"https:\\\/\\\/beautesantelorette.ca\\\/fr\\\/#\\\/schema\\\/logo\\\/image\\\/\"},\"sameAs\":[\"https:\\\/\\\/www.facebook.com\\\/BeauteSanteLorette\\\/\",\"https:\\\/\\\/www.instagram.com\\\/beautesantelorette\\\/\"]}]}<\/script>\n<!-- \/ Yoast SEO plugin. -->","yoast_head_json":{"title":"Bioarome CN Calmant - Beaut\u00e9 Sant\u00e9 Lorette","description":"Le Bioarome CN Calmant Physiodermie est id\u00e9al sur toutes les zones de tensions, cellulite douloureuse, jambes ou pieds douloureux, cou, peaux sensibles etc. Gr\u00e2ce \u00e0 sa synergie exclusive d\u2019huiles essentielles et extraits de plantes adoucissants associ\u00e9e \u00e0 la technologie M.E.I.M.A, ce s\u00e9rum ultra doux apaise les peaux sensibles et irrit\u00e9es pour laisser un teint unifi\u00e9 et une sensation de confort.","robots":{"index":"index","follow":"follow","max-snippet":"max-snippet:-1","max-image-preview":"max-image-preview:large","max-video-preview":"max-video-preview:-1"},"canonical":"https:\/\/beautesantelorette.ca\/fr\/produit\/bioarome-cn-calmant\/","og_locale":"fr_FR","og_type":"article","og_title":"Bioarome CN Calmant - Beaut\u00e9 Sant\u00e9 Lorette","og_description":"Le Bioarome CN Calmant Physiodermie est id\u00e9al sur toutes les zones de tensions, cellulite douloureuse, jambes ou pieds douloureux, cou, peaux sensibles etc. Gr\u00e2ce \u00e0 sa synergie exclusive d\u2019huiles essentielles et extraits de plantes adoucissants associ\u00e9e \u00e0 la technologie M.E.I.M.A, ce s\u00e9rum ultra doux apaise les peaux sensibles et irrit\u00e9es pour laisser un teint unifi\u00e9 et une sensation de confort.","og_url":"https:\/\/beautesantelorette.ca\/fr\/produit\/bioarome-cn-calmant\/","og_site_name":"Beaut\u00e9 Sant\u00e9 Lorette","article_publisher":"https:\/\/www.facebook.com\/BeauteSanteLorette\/","article_modified_time":"2022-05-30T15:23:31+00:00","og_image":[{"width":1200,"height":1200,"url":"https:\/\/beautesantelorette.ca\/wp-content\/uploads\/2021\/09\/Bioarome-CN-Soothing.jpg","type":"image\/jpeg"}],"twitter_card":"summary_large_image","schema":{"@context":"https:\/\/schema.org","@graph":[{"@type":"WebPage","@id":"https:\/\/beautesantelorette.ca\/fr\/produit\/bioarome-cn-calmant\/","url":"https:\/\/beautesantelorette.ca\/fr\/produit\/bioarome-cn-calmant\/","name":"Bioarome CN Calmant - Beaut\u00e9 Sant\u00e9 Lorette","isPartOf":{"@id":"https:\/\/beautesantelorette.ca\/fr\/#website"},"primaryImageOfPage":{"@id":"https:\/\/beautesantelorette.ca\/fr\/produit\/bioarome-cn-calmant\/#primaryimage"},"image":{"@id":"https:\/\/beautesantelorette.ca\/fr\/produit\/bioarome-cn-calmant\/#primaryimage"},"thumbnailUrl":"https:\/\/beautesantelorette.ca\/wp-content\/uploads\/2021\/09\/Bioarome-CN-Soothing.jpg","datePublished":"2021-09-30T17:36:20+00:00","dateModified":"2022-05-30T15:23:31+00:00","description":"Le Bioarome CN Calmant Physiodermie est id\u00e9al sur toutes les zones de tensions, cellulite douloureuse, jambes ou pieds douloureux, cou, peaux sensibles etc. Gr\u00e2ce \u00e0 sa synergie exclusive d\u2019huiles essentielles et extraits de plantes adoucissants associ\u00e9e \u00e0 la technologie M.E.I.M.A, ce s\u00e9rum ultra doux apaise les peaux sensibles et irrit\u00e9es pour laisser un teint unifi\u00e9 et une sensation de confort.","breadcrumb":{"@id":"https:\/\/beautesantelorette.ca\/fr\/produit\/bioarome-cn-calmant\/#breadcrumb"},"inLanguage":"fr-FR","potentialAction":[{"@type":"ReadAction","target":["https:\/\/beautesantelorette.ca\/fr\/produit\/bioarome-cn-calmant\/"]}]},{"@type":"ImageObject","inLanguage":"fr-FR","@id":"https:\/\/beautesantelorette.ca\/fr\/produit\/bioarome-cn-calmant\/#primaryimage","url":"https:\/\/beautesantelorette.ca\/wp-content\/uploads\/2021\/09\/Bioarome-CN-Soothing.jpg","contentUrl":"https:\/\/beautesantelorette.ca\/wp-content\/uploads\/2021\/09\/Bioarome-CN-Soothing.jpg","width":1200,"height":1200,"caption":"Bioarome CN Calmant"},{"@type":"BreadcrumbList","@id":"https:\/\/beautesantelorette.ca\/fr\/produit\/bioarome-cn-calmant\/#breadcrumb","itemListElement":[{"@type":"ListItem","position":1,"name":"Home","item":"https:\/\/beautesantelorette.ca\/fr\/"},{"@type":"ListItem","position":2,"name":"Boutique","item":"https:\/\/beautesantelorette.ca\/fr\/boutique\/"},{"@type":"ListItem","position":3,"name":"Bioarome CN Calmant"}]},{"@type":"WebSite","@id":"https:\/\/beautesantelorette.ca\/fr\/#website","url":"https:\/\/beautesantelorette.ca\/fr\/","name":"Beaut\u00e9 Sant\u00e9 Lorette","description":"Confiez-Nous Le Soin de VOTRE PEAU","publisher":{"@id":"https:\/\/beautesantelorette.ca\/fr\/#organization"},"potentialAction":[{"@type":"SearchAction","target":{"@type":"EntryPoint","urlTemplate":"https:\/\/beautesantelorette.ca\/fr\/?s={search_term_string}"},"query-input":{"@type":"PropertyValueSpecification","valueRequired":true,"valueName":"search_term_string"}}],"inLanguage":"fr-FR"},{"@type":"Organization","@id":"https:\/\/beautesantelorette.ca\/fr\/#organization","name":"Beaut\u00e9 Sant\u00e9 Lorette","url":"https:\/\/beautesantelorette.ca\/fr\/","logo":{"@type":"ImageObject","inLanguage":"fr-FR","@id":"https:\/\/beautesantelorette.ca\/fr\/#\/schema\/logo\/image\/","url":"https:\/\/beautesantelorette.ca\/wp-content\/uploads\/2021\/10\/bsl_surfgirl_logo_pos-1.svg","contentUrl":"https:\/\/beautesantelorette.ca\/wp-content\/uploads\/2021\/10\/bsl_surfgirl_logo_pos-1.svg","width":1533,"height":1200,"caption":"Beaut\u00e9 Sant\u00e9 Lorette"},"image":{"@id":"https:\/\/beautesantelorette.ca\/fr\/#\/schema\/logo\/image\/"},"sameAs":["https:\/\/www.facebook.com\/BeauteSanteLorette\/","https:\/\/www.instagram.com\/beautesantelorette\/"]}]}},"jetpack_sharing_enabled":true,"_links":{"self":[{"href":"https:\/\/beautesantelorette.ca\/fr\/wp-json\/wp\/v2\/product\/22383","targetHints":{"allow":["GET"]}}],"collection":[{"href":"https:\/\/beautesantelorette.ca\/fr\/wp-json\/wp\/v2\/product"}],"about":[{"href":"https:\/\/beautesantelorette.ca\/fr\/wp-json\/wp\/v2\/types\/product"}],"replies":[{"embeddable":true,"href":"https:\/\/beautesantelorette.ca\/fr\/wp-json\/wp\/v2\/comments?post=22383"}],"wp:featuredmedia":[{"embeddable":true,"href":"https:\/\/beautesantelorette.ca\/fr\/wp-json\/wp\/v2\/media\/21709"}],"wp:attachment":[{"href":"https:\/\/beautesantelorette.ca\/fr\/wp-json\/wp\/v2\/media?parent=22383"}],"wp:term":[{"taxonomy":"product_brand","embeddable":true,"href":"https:\/\/beautesantelorette.ca\/fr\/wp-json\/wp\/v2\/product_brand?post=22383"},{"taxonomy":"product_cat","embeddable":true,"href":"https:\/\/beautesantelorette.ca\/fr\/wp-json\/wp\/v2\/product_cat?post=22383"},{"taxonomy":"product_tag","embeddable":true,"href":"https:\/\/beautesantelorette.ca\/fr\/wp-json\/wp\/v2\/product_tag?post=22383"}],"curies":[{"name":"wp","href":"https:\/\/api.w.org\/{rel}","templated":true}]}}