{"id":22387,"date":"2021-09-30T17:42:14","date_gmt":"2021-09-30T17:42:14","guid":{"rendered":"https:\/\/beautelorette.wpengine.com\/product\/bioarome-fl-anti-redness\/"},"modified":"2022-05-30T15:20:05","modified_gmt":"2022-05-30T15:20:05","slug":"bioarome-fl-anti-rougeurs","status":"publish","type":"product","link":"https:\/\/beautesantelorette.ca\/fr\/produit\/bioarome-fl-anti-rougeurs\/","title":{"rendered":"Bioarome FL Anti-Rougeurs"},"content":{"rendered":"","protected":false},"excerpt":{"rendered":"<p>Le Bioarome FL Anti-Rougeurs Physiodermie convient pour peau congestionn\u00e9e, peau sensible, fragilit\u00e9 capillaire, en particulier sur les jambes. Une utilisation r\u00e9guli\u00e8re permettra de r\u00e9duire l\u2019apparence des rougeurs et de laisser la peau douce et le teint uniforme. *r\u00e9duit les rougeurs caus\u00e9e par la peau s\u00e8che.<\/p>\n","protected":false},"featured_media":21712,"comment_status":"open","ping_status":"closed","template":"","meta":[],"product_brand":[],"product_cat":[245,233,258],"product_tag":[],"class_list":{"0":"post-22387","1":"product","2":"type-product","3":"status-publish","4":"has-post-thumbnail","6":"product_cat-bioaromes-fr","7":"product_cat-physiodermie-fr","8":"product_cat-serums-huiles-extraits","10":"first","11":"instock","12":"taxable","13":"shipping-taxable","14":"purchasable","15":"product-type-simple"},"yoast_head":"<!-- This site is optimized with the Yoast SEO plugin v27.5 - https:\/\/yoast.com\/product\/yoast-seo-wordpress\/ -->\n<title>Bioarome FL Anti-Rougeurs - Beaut\u00e9 Sant\u00e9 Lorette<\/title>\n<meta name=\"description\" content=\"Le Bioarome FL Anti-Rougeurs Physiodermie convient pour peau congestionn\u00e9e, peau sensible, fragilit\u00e9 capillaire, en particulier sur les jambes. Une utilisation r\u00e9guli\u00e8re permettra de r\u00e9duire l\u2019apparence des rougeurs et de laisser la peau douce et le teint uniforme. *r\u00e9duit les rougeurs caus\u00e9e par la peau s\u00e8che.\" \/>\n<meta name=\"robots\" content=\"index, follow, max-snippet:-1, max-image-preview:large, max-video-preview:-1\" \/>\n<link rel=\"canonical\" href=\"https:\/\/beautesantelorette.ca\/fr\/produit\/bioarome-fl-anti-rougeurs\/\" \/>\n<meta property=\"og:locale\" content=\"fr_FR\" \/>\n<meta property=\"og:type\" content=\"article\" \/>\n<meta property=\"og:title\" content=\"Bioarome FL Anti-Rougeurs - Beaut\u00e9 Sant\u00e9 Lorette\" \/>\n<meta property=\"og:description\" content=\"Le Bioarome FL Anti-Rougeurs Physiodermie convient pour peau congestionn\u00e9e, peau sensible, fragilit\u00e9 capillaire, en particulier sur les jambes. Une utilisation r\u00e9guli\u00e8re permettra de r\u00e9duire l\u2019apparence des rougeurs et de laisser la peau douce et le teint uniforme. *r\u00e9duit les rougeurs caus\u00e9e par la peau s\u00e8che.\" \/>\n<meta property=\"og:url\" content=\"https:\/\/beautesantelorette.ca\/fr\/produit\/bioarome-fl-anti-rougeurs\/\" \/>\n<meta property=\"og:site_name\" content=\"Beaut\u00e9 Sant\u00e9 Lorette\" \/>\n<meta property=\"article:publisher\" content=\"https:\/\/www.facebook.com\/BeauteSanteLorette\/\" \/>\n<meta property=\"article:modified_time\" content=\"2022-05-30T15:20:05+00:00\" \/>\n<meta property=\"og:image\" content=\"https:\/\/beautesantelorette.ca\/wp-content\/uploads\/2021\/09\/Bioarome-FL-Anti-Redness.jpg\" \/>\n\t<meta property=\"og:image:width\" content=\"1200\" \/>\n\t<meta property=\"og:image:height\" content=\"1200\" \/>\n\t<meta property=\"og:image:type\" content=\"image\/jpeg\" \/>\n<meta name=\"twitter:card\" content=\"summary_large_image\" \/>\n<script type=\"application\/ld+json\" class=\"yoast-schema-graph\">{\"@context\":\"https:\\\/\\\/schema.org\",\"@graph\":[{\"@type\":\"WebPage\",\"@id\":\"https:\\\/\\\/beautesantelorette.ca\\\/fr\\\/produit\\\/bioarome-fl-anti-rougeurs\\\/\",\"url\":\"https:\\\/\\\/beautesantelorette.ca\\\/fr\\\/produit\\\/bioarome-fl-anti-rougeurs\\\/\",\"name\":\"Bioarome FL Anti-Rougeurs - Beaut\u00e9 Sant\u00e9 Lorette\",\"isPartOf\":{\"@id\":\"https:\\\/\\\/beautesantelorette.ca\\\/fr\\\/#website\"},\"primaryImageOfPage\":{\"@id\":\"https:\\\/\\\/beautesantelorette.ca\\\/fr\\\/produit\\\/bioarome-fl-anti-rougeurs\\\/#primaryimage\"},\"image\":{\"@id\":\"https:\\\/\\\/beautesantelorette.ca\\\/fr\\\/produit\\\/bioarome-fl-anti-rougeurs\\\/#primaryimage\"},\"thumbnailUrl\":\"https:\\\/\\\/beautesantelorette.ca\\\/wp-content\\\/uploads\\\/2021\\\/09\\\/Bioarome-FL-Anti-Redness.jpg\",\"datePublished\":\"2021-09-30T17:42:14+00:00\",\"dateModified\":\"2022-05-30T15:20:05+00:00\",\"description\":\"Le Bioarome FL Anti-Rougeurs Physiodermie convient pour peau congestionn\u00e9e, peau sensible, fragilit\u00e9 capillaire, en particulier sur les jambes. Une utilisation r\u00e9guli\u00e8re permettra de r\u00e9duire l\u2019apparence des rougeurs et de laisser la peau douce et le teint uniforme. *r\u00e9duit les rougeurs caus\u00e9e par la peau s\u00e8che.\",\"breadcrumb\":{\"@id\":\"https:\\\/\\\/beautesantelorette.ca\\\/fr\\\/produit\\\/bioarome-fl-anti-rougeurs\\\/#breadcrumb\"},\"inLanguage\":\"fr-FR\",\"potentialAction\":[{\"@type\":\"ReadAction\",\"target\":[\"https:\\\/\\\/beautesantelorette.ca\\\/fr\\\/produit\\\/bioarome-fl-anti-rougeurs\\\/\"]}]},{\"@type\":\"ImageObject\",\"inLanguage\":\"fr-FR\",\"@id\":\"https:\\\/\\\/beautesantelorette.ca\\\/fr\\\/produit\\\/bioarome-fl-anti-rougeurs\\\/#primaryimage\",\"url\":\"https:\\\/\\\/beautesantelorette.ca\\\/wp-content\\\/uploads\\\/2021\\\/09\\\/Bioarome-FL-Anti-Redness.jpg\",\"contentUrl\":\"https:\\\/\\\/beautesantelorette.ca\\\/wp-content\\\/uploads\\\/2021\\\/09\\\/Bioarome-FL-Anti-Redness.jpg\",\"width\":1200,\"height\":1200,\"caption\":\"Bioarome FL Anti-Rougeurs\"},{\"@type\":\"BreadcrumbList\",\"@id\":\"https:\\\/\\\/beautesantelorette.ca\\\/fr\\\/produit\\\/bioarome-fl-anti-rougeurs\\\/#breadcrumb\",\"itemListElement\":[{\"@type\":\"ListItem\",\"position\":1,\"name\":\"Home\",\"item\":\"https:\\\/\\\/beautesantelorette.ca\\\/fr\\\/\"},{\"@type\":\"ListItem\",\"position\":2,\"name\":\"Boutique\",\"item\":\"https:\\\/\\\/beautesantelorette.ca\\\/fr\\\/boutique\\\/\"},{\"@type\":\"ListItem\",\"position\":3,\"name\":\"Bioarome FL Anti-Rougeurs\"}]},{\"@type\":\"WebSite\",\"@id\":\"https:\\\/\\\/beautesantelorette.ca\\\/fr\\\/#website\",\"url\":\"https:\\\/\\\/beautesantelorette.ca\\\/fr\\\/\",\"name\":\"Beaut\u00e9 Sant\u00e9 Lorette\",\"description\":\"Confiez-Nous Le Soin de VOTRE PEAU\",\"publisher\":{\"@id\":\"https:\\\/\\\/beautesantelorette.ca\\\/fr\\\/#organization\"},\"potentialAction\":[{\"@type\":\"SearchAction\",\"target\":{\"@type\":\"EntryPoint\",\"urlTemplate\":\"https:\\\/\\\/beautesantelorette.ca\\\/fr\\\/?s={search_term_string}\"},\"query-input\":{\"@type\":\"PropertyValueSpecification\",\"valueRequired\":true,\"valueName\":\"search_term_string\"}}],\"inLanguage\":\"fr-FR\"},{\"@type\":\"Organization\",\"@id\":\"https:\\\/\\\/beautesantelorette.ca\\\/fr\\\/#organization\",\"name\":\"Beaut\u00e9 Sant\u00e9 Lorette\",\"url\":\"https:\\\/\\\/beautesantelorette.ca\\\/fr\\\/\",\"logo\":{\"@type\":\"ImageObject\",\"inLanguage\":\"fr-FR\",\"@id\":\"https:\\\/\\\/beautesantelorette.ca\\\/fr\\\/#\\\/schema\\\/logo\\\/image\\\/\",\"url\":\"https:\\\/\\\/beautesantelorette.ca\\\/wp-content\\\/uploads\\\/2021\\\/10\\\/bsl_surfgirl_logo_pos-1.svg\",\"contentUrl\":\"https:\\\/\\\/beautesantelorette.ca\\\/wp-content\\\/uploads\\\/2021\\\/10\\\/bsl_surfgirl_logo_pos-1.svg\",\"width\":1533,\"height\":1200,\"caption\":\"Beaut\u00e9 Sant\u00e9 Lorette\"},\"image\":{\"@id\":\"https:\\\/\\\/beautesantelorette.ca\\\/fr\\\/#\\\/schema\\\/logo\\\/image\\\/\"},\"sameAs\":[\"https:\\\/\\\/www.facebook.com\\\/BeauteSanteLorette\\\/\",\"https:\\\/\\\/www.instagram.com\\\/beautesantelorette\\\/\"]}]}<\/script>\n<!-- \/ Yoast SEO plugin. -->","yoast_head_json":{"title":"Bioarome FL Anti-Rougeurs - Beaut\u00e9 Sant\u00e9 Lorette","description":"Le Bioarome FL Anti-Rougeurs Physiodermie convient pour peau congestionn\u00e9e, peau sensible, fragilit\u00e9 capillaire, en particulier sur les jambes. Une utilisation r\u00e9guli\u00e8re permettra de r\u00e9duire l\u2019apparence des rougeurs et de laisser la peau douce et le teint uniforme. *r\u00e9duit les rougeurs caus\u00e9e par la peau s\u00e8che.","robots":{"index":"index","follow":"follow","max-snippet":"max-snippet:-1","max-image-preview":"max-image-preview:large","max-video-preview":"max-video-preview:-1"},"canonical":"https:\/\/beautesantelorette.ca\/fr\/produit\/bioarome-fl-anti-rougeurs\/","og_locale":"fr_FR","og_type":"article","og_title":"Bioarome FL Anti-Rougeurs - Beaut\u00e9 Sant\u00e9 Lorette","og_description":"Le Bioarome FL Anti-Rougeurs Physiodermie convient pour peau congestionn\u00e9e, peau sensible, fragilit\u00e9 capillaire, en particulier sur les jambes. Une utilisation r\u00e9guli\u00e8re permettra de r\u00e9duire l\u2019apparence des rougeurs et de laisser la peau douce et le teint uniforme. *r\u00e9duit les rougeurs caus\u00e9e par la peau s\u00e8che.","og_url":"https:\/\/beautesantelorette.ca\/fr\/produit\/bioarome-fl-anti-rougeurs\/","og_site_name":"Beaut\u00e9 Sant\u00e9 Lorette","article_publisher":"https:\/\/www.facebook.com\/BeauteSanteLorette\/","article_modified_time":"2022-05-30T15:20:05+00:00","og_image":[{"width":1200,"height":1200,"url":"https:\/\/beautesantelorette.ca\/wp-content\/uploads\/2021\/09\/Bioarome-FL-Anti-Redness.jpg","type":"image\/jpeg"}],"twitter_card":"summary_large_image","schema":{"@context":"https:\/\/schema.org","@graph":[{"@type":"WebPage","@id":"https:\/\/beautesantelorette.ca\/fr\/produit\/bioarome-fl-anti-rougeurs\/","url":"https:\/\/beautesantelorette.ca\/fr\/produit\/bioarome-fl-anti-rougeurs\/","name":"Bioarome FL Anti-Rougeurs - Beaut\u00e9 Sant\u00e9 Lorette","isPartOf":{"@id":"https:\/\/beautesantelorette.ca\/fr\/#website"},"primaryImageOfPage":{"@id":"https:\/\/beautesantelorette.ca\/fr\/produit\/bioarome-fl-anti-rougeurs\/#primaryimage"},"image":{"@id":"https:\/\/beautesantelorette.ca\/fr\/produit\/bioarome-fl-anti-rougeurs\/#primaryimage"},"thumbnailUrl":"https:\/\/beautesantelorette.ca\/wp-content\/uploads\/2021\/09\/Bioarome-FL-Anti-Redness.jpg","datePublished":"2021-09-30T17:42:14+00:00","dateModified":"2022-05-30T15:20:05+00:00","description":"Le Bioarome FL Anti-Rougeurs Physiodermie convient pour peau congestionn\u00e9e, peau sensible, fragilit\u00e9 capillaire, en particulier sur les jambes. Une utilisation r\u00e9guli\u00e8re permettra de r\u00e9duire l\u2019apparence des rougeurs et de laisser la peau douce et le teint uniforme. *r\u00e9duit les rougeurs caus\u00e9e par la peau s\u00e8che.","breadcrumb":{"@id":"https:\/\/beautesantelorette.ca\/fr\/produit\/bioarome-fl-anti-rougeurs\/#breadcrumb"},"inLanguage":"fr-FR","potentialAction":[{"@type":"ReadAction","target":["https:\/\/beautesantelorette.ca\/fr\/produit\/bioarome-fl-anti-rougeurs\/"]}]},{"@type":"ImageObject","inLanguage":"fr-FR","@id":"https:\/\/beautesantelorette.ca\/fr\/produit\/bioarome-fl-anti-rougeurs\/#primaryimage","url":"https:\/\/beautesantelorette.ca\/wp-content\/uploads\/2021\/09\/Bioarome-FL-Anti-Redness.jpg","contentUrl":"https:\/\/beautesantelorette.ca\/wp-content\/uploads\/2021\/09\/Bioarome-FL-Anti-Redness.jpg","width":1200,"height":1200,"caption":"Bioarome FL Anti-Rougeurs"},{"@type":"BreadcrumbList","@id":"https:\/\/beautesantelorette.ca\/fr\/produit\/bioarome-fl-anti-rougeurs\/#breadcrumb","itemListElement":[{"@type":"ListItem","position":1,"name":"Home","item":"https:\/\/beautesantelorette.ca\/fr\/"},{"@type":"ListItem","position":2,"name":"Boutique","item":"https:\/\/beautesantelorette.ca\/fr\/boutique\/"},{"@type":"ListItem","position":3,"name":"Bioarome FL Anti-Rougeurs"}]},{"@type":"WebSite","@id":"https:\/\/beautesantelorette.ca\/fr\/#website","url":"https:\/\/beautesantelorette.ca\/fr\/","name":"Beaut\u00e9 Sant\u00e9 Lorette","description":"Confiez-Nous Le Soin de VOTRE PEAU","publisher":{"@id":"https:\/\/beautesantelorette.ca\/fr\/#organization"},"potentialAction":[{"@type":"SearchAction","target":{"@type":"EntryPoint","urlTemplate":"https:\/\/beautesantelorette.ca\/fr\/?s={search_term_string}"},"query-input":{"@type":"PropertyValueSpecification","valueRequired":true,"valueName":"search_term_string"}}],"inLanguage":"fr-FR"},{"@type":"Organization","@id":"https:\/\/beautesantelorette.ca\/fr\/#organization","name":"Beaut\u00e9 Sant\u00e9 Lorette","url":"https:\/\/beautesantelorette.ca\/fr\/","logo":{"@type":"ImageObject","inLanguage":"fr-FR","@id":"https:\/\/beautesantelorette.ca\/fr\/#\/schema\/logo\/image\/","url":"https:\/\/beautesantelorette.ca\/wp-content\/uploads\/2021\/10\/bsl_surfgirl_logo_pos-1.svg","contentUrl":"https:\/\/beautesantelorette.ca\/wp-content\/uploads\/2021\/10\/bsl_surfgirl_logo_pos-1.svg","width":1533,"height":1200,"caption":"Beaut\u00e9 Sant\u00e9 Lorette"},"image":{"@id":"https:\/\/beautesantelorette.ca\/fr\/#\/schema\/logo\/image\/"},"sameAs":["https:\/\/www.facebook.com\/BeauteSanteLorette\/","https:\/\/www.instagram.com\/beautesantelorette\/"]}]}},"jetpack_sharing_enabled":true,"_links":{"self":[{"href":"https:\/\/beautesantelorette.ca\/fr\/wp-json\/wp\/v2\/product\/22387","targetHints":{"allow":["GET"]}}],"collection":[{"href":"https:\/\/beautesantelorette.ca\/fr\/wp-json\/wp\/v2\/product"}],"about":[{"href":"https:\/\/beautesantelorette.ca\/fr\/wp-json\/wp\/v2\/types\/product"}],"replies":[{"embeddable":true,"href":"https:\/\/beautesantelorette.ca\/fr\/wp-json\/wp\/v2\/comments?post=22387"}],"wp:featuredmedia":[{"embeddable":true,"href":"https:\/\/beautesantelorette.ca\/fr\/wp-json\/wp\/v2\/media\/21712"}],"wp:attachment":[{"href":"https:\/\/beautesantelorette.ca\/fr\/wp-json\/wp\/v2\/media?parent=22387"}],"wp:term":[{"taxonomy":"product_brand","embeddable":true,"href":"https:\/\/beautesantelorette.ca\/fr\/wp-json\/wp\/v2\/product_brand?post=22387"},{"taxonomy":"product_cat","embeddable":true,"href":"https:\/\/beautesantelorette.ca\/fr\/wp-json\/wp\/v2\/product_cat?post=22387"},{"taxonomy":"product_tag","embeddable":true,"href":"https:\/\/beautesantelorette.ca\/fr\/wp-json\/wp\/v2\/product_tag?post=22387"}],"curies":[{"name":"wp","href":"https:\/\/api.w.org\/{rel}","templated":true}]}}