{"id":22471,"date":"2021-11-13T17:53:49","date_gmt":"2021-11-13T17:53:49","guid":{"rendered":"https:\/\/beautelorette.wpengine.com\/product\/electrolysis\/"},"modified":"2024-01-17T19:57:10","modified_gmt":"2024-01-17T19:57:10","slug":"electrolyse","status":"publish","type":"product","link":"https:\/\/beautesantelorette.ca\/fr\/produit\/electrolyse\/","title":{"rendered":"\u00c9lectrolyse"},"content":{"rendered":"","protected":false},"excerpt":{"rendered":"<p>L&rsquo;\u00e9lectrolyse est une proc\u00e9dure tr\u00e8s efficace et s\u00fbre qui offre des r\u00e9sultats durables. L&rsquo;\u00e9lectrolyse peut \u00eatre utilis\u00e9e sur tout le corps, y compris les sourcils, le visage et l&rsquo;abdomen. Cette technique d\u2019\u00e9pilation souvent utilis\u00e9e apr\u00e8s les traitements IPL \u00e9limine les poils d\u00e9finitivement. Une consultation gratuite sera faite au pr\u00e9alable.<\/p>\n<p>[fusion_fontawesome icon=\"fa-clock fas\" size=\"16px\" hide_on_mobile=\"small-visibility,medium-visibility,large-visibility\" sticky_display=\"normal,sticky\" iconcolor=\"#39ABE1\" iconcolor_hover=\"#39ABE1\" circle=\"no\" bg_size=\"-1\" animation_direction=\"left\" animation_speed=\"0.3\"][\/fusion_fontawesome] 30 Mins<\/p>\n<p>* T\u00c9L\u00c9PHONEZ-NOUS POUR LE PRIX : <a href=\"tel:+1 (819) 778-3233\">+1 (819) 778-3233<a><\/p>\n","protected":false},"featured_media":22470,"comment_status":"open","ping_status":"closed","template":"","meta":[],"product_brand":[],"product_cat":[265],"product_tag":[],"class_list":{"0":"post-22471","1":"product","2":"type-product","3":"status-publish","4":"has-post-thumbnail","6":"product_cat-epilation","7":"product_shipping_class-certificats-cadeaux","9":"first","10":"instock","11":"taxable","12":"shipping-taxable","13":"product-type-simple"},"yoast_head":"<!-- This site is optimized with the Yoast SEO plugin v27.3 - https:\/\/yoast.com\/product\/yoast-seo-wordpress\/ -->\n<title>\u00c9lectrolyse - Beaut\u00e9 Sant\u00e9 Lorette<\/title>\n<meta name=\"description\" content=\"L&#039;\u00e9lectrolyse est une proc\u00e9dure tr\u00e8s efficace et s\u00fbre qui offre des r\u00e9sultats durables. L&#039;\u00e9lectrolyse peut \u00eatre utilis\u00e9e sur tout le corps, y compris les sourcils, le visage et l&#039;abdomen. Cette technique d\u2019\u00e9pilation souvent utilis\u00e9e apr\u00e8s les traitements IPL \u00e9limine les poils d\u00e9finitivement. Une consultation gratuite sera faite au pr\u00e9alable.\" \/>\n<meta name=\"robots\" content=\"index, follow, max-snippet:-1, max-image-preview:large, max-video-preview:-1\" \/>\n<link rel=\"canonical\" href=\"https:\/\/beautesantelorette.ca\/fr\/produit\/electrolyse\/\" \/>\n<meta property=\"og:locale\" content=\"fr_FR\" \/>\n<meta property=\"og:type\" content=\"article\" \/>\n<meta property=\"og:title\" content=\"\u00c9lectrolyse - Beaut\u00e9 Sant\u00e9 Lorette\" \/>\n<meta property=\"og:description\" content=\"L&#039;\u00e9lectrolyse est une proc\u00e9dure tr\u00e8s efficace et s\u00fbre qui offre des r\u00e9sultats durables. L&#039;\u00e9lectrolyse peut \u00eatre utilis\u00e9e sur tout le corps, y compris les sourcils, le visage et l&#039;abdomen. Cette technique d\u2019\u00e9pilation souvent utilis\u00e9e apr\u00e8s les traitements IPL \u00e9limine les poils d\u00e9finitivement. Une consultation gratuite sera faite au pr\u00e9alable.\" \/>\n<meta property=\"og:url\" content=\"https:\/\/beautesantelorette.ca\/fr\/produit\/electrolyse\/\" \/>\n<meta property=\"og:site_name\" content=\"Beaut\u00e9 Sant\u00e9 Lorette\" \/>\n<meta property=\"article:publisher\" content=\"https:\/\/www.facebook.com\/BeauteSanteLorette\/\" \/>\n<meta property=\"article:modified_time\" content=\"2024-01-17T19:57:10+00:00\" \/>\n<meta property=\"og:image\" content=\"https:\/\/beautesantelorette.ca\/wp-content\/uploads\/2021\/11\/Electrolysis.jpg\" \/>\n\t<meta property=\"og:image:width\" content=\"1200\" \/>\n\t<meta property=\"og:image:height\" content=\"1200\" \/>\n\t<meta property=\"og:image:type\" content=\"image\/jpeg\" \/>\n<meta name=\"twitter:card\" content=\"summary_large_image\" \/>\n<script type=\"application\/ld+json\" class=\"yoast-schema-graph\">{\"@context\":\"https:\\\/\\\/schema.org\",\"@graph\":[{\"@type\":\"WebPage\",\"@id\":\"https:\\\/\\\/beautesantelorette.ca\\\/fr\\\/produit\\\/electrolyse\\\/\",\"url\":\"https:\\\/\\\/beautesantelorette.ca\\\/fr\\\/produit\\\/electrolyse\\\/\",\"name\":\"\u00c9lectrolyse - Beaut\u00e9 Sant\u00e9 Lorette\",\"isPartOf\":{\"@id\":\"https:\\\/\\\/beautesantelorette.ca\\\/fr\\\/#website\"},\"primaryImageOfPage\":{\"@id\":\"https:\\\/\\\/beautesantelorette.ca\\\/fr\\\/produit\\\/electrolyse\\\/#primaryimage\"},\"image\":{\"@id\":\"https:\\\/\\\/beautesantelorette.ca\\\/fr\\\/produit\\\/electrolyse\\\/#primaryimage\"},\"thumbnailUrl\":\"https:\\\/\\\/beautesantelorette.ca\\\/wp-content\\\/uploads\\\/2021\\\/11\\\/Electrolysis.jpg\",\"datePublished\":\"2021-11-13T17:53:49+00:00\",\"dateModified\":\"2024-01-17T19:57:10+00:00\",\"description\":\"L'\u00e9lectrolyse est une proc\u00e9dure tr\u00e8s efficace et s\u00fbre qui offre des r\u00e9sultats durables. L'\u00e9lectrolyse peut \u00eatre utilis\u00e9e sur tout le corps, y compris les sourcils, le visage et l'abdomen. Cette technique d\u2019\u00e9pilation souvent utilis\u00e9e apr\u00e8s les traitements IPL \u00e9limine les poils d\u00e9finitivement. Une consultation gratuite sera faite au pr\u00e9alable.\",\"breadcrumb\":{\"@id\":\"https:\\\/\\\/beautesantelorette.ca\\\/fr\\\/produit\\\/electrolyse\\\/#breadcrumb\"},\"inLanguage\":\"fr-FR\",\"potentialAction\":[{\"@type\":\"ReadAction\",\"target\":[\"https:\\\/\\\/beautesantelorette.ca\\\/fr\\\/produit\\\/electrolyse\\\/\"]}]},{\"@type\":\"ImageObject\",\"inLanguage\":\"fr-FR\",\"@id\":\"https:\\\/\\\/beautesantelorette.ca\\\/fr\\\/produit\\\/electrolyse\\\/#primaryimage\",\"url\":\"https:\\\/\\\/beautesantelorette.ca\\\/wp-content\\\/uploads\\\/2021\\\/11\\\/Electrolysis.jpg\",\"contentUrl\":\"https:\\\/\\\/beautesantelorette.ca\\\/wp-content\\\/uploads\\\/2021\\\/11\\\/Electrolysis.jpg\",\"width\":1200,\"height\":1200,\"caption\":\"\u00c9lectrolyse\"},{\"@type\":\"BreadcrumbList\",\"@id\":\"https:\\\/\\\/beautesantelorette.ca\\\/fr\\\/produit\\\/electrolyse\\\/#breadcrumb\",\"itemListElement\":[{\"@type\":\"ListItem\",\"position\":1,\"name\":\"Home\",\"item\":\"https:\\\/\\\/beautesantelorette.ca\\\/fr\\\/\"},{\"@type\":\"ListItem\",\"position\":2,\"name\":\"Boutique\",\"item\":\"https:\\\/\\\/beautesantelorette.ca\\\/fr\\\/boutique\\\/\"},{\"@type\":\"ListItem\",\"position\":3,\"name\":\"\u00c9lectrolyse\"}]},{\"@type\":\"WebSite\",\"@id\":\"https:\\\/\\\/beautesantelorette.ca\\\/fr\\\/#website\",\"url\":\"https:\\\/\\\/beautesantelorette.ca\\\/fr\\\/\",\"name\":\"Beaut\u00e9 Sant\u00e9 Lorette\",\"description\":\"Confiez-Nous Le Soin de VOTRE PEAU\",\"publisher\":{\"@id\":\"https:\\\/\\\/beautesantelorette.ca\\\/fr\\\/#organization\"},\"potentialAction\":[{\"@type\":\"SearchAction\",\"target\":{\"@type\":\"EntryPoint\",\"urlTemplate\":\"https:\\\/\\\/beautesantelorette.ca\\\/fr\\\/?s={search_term_string}\"},\"query-input\":{\"@type\":\"PropertyValueSpecification\",\"valueRequired\":true,\"valueName\":\"search_term_string\"}}],\"inLanguage\":\"fr-FR\"},{\"@type\":\"Organization\",\"@id\":\"https:\\\/\\\/beautesantelorette.ca\\\/fr\\\/#organization\",\"name\":\"Beaut\u00e9 Sant\u00e9 Lorette\",\"url\":\"https:\\\/\\\/beautesantelorette.ca\\\/fr\\\/\",\"logo\":{\"@type\":\"ImageObject\",\"inLanguage\":\"fr-FR\",\"@id\":\"https:\\\/\\\/beautesantelorette.ca\\\/fr\\\/#\\\/schema\\\/logo\\\/image\\\/\",\"url\":\"https:\\\/\\\/beautesantelorette.ca\\\/wp-content\\\/uploads\\\/2021\\\/10\\\/bsl_surfgirl_logo_pos-1.svg\",\"contentUrl\":\"https:\\\/\\\/beautesantelorette.ca\\\/wp-content\\\/uploads\\\/2021\\\/10\\\/bsl_surfgirl_logo_pos-1.svg\",\"width\":1533,\"height\":1200,\"caption\":\"Beaut\u00e9 Sant\u00e9 Lorette\"},\"image\":{\"@id\":\"https:\\\/\\\/beautesantelorette.ca\\\/fr\\\/#\\\/schema\\\/logo\\\/image\\\/\"},\"sameAs\":[\"https:\\\/\\\/www.facebook.com\\\/BeauteSanteLorette\\\/\",\"https:\\\/\\\/www.instagram.com\\\/beautesantelorette\\\/\"]}]}<\/script>\n<!-- \/ Yoast SEO plugin. -->","yoast_head_json":{"title":"\u00c9lectrolyse - Beaut\u00e9 Sant\u00e9 Lorette","description":"L'\u00e9lectrolyse est une proc\u00e9dure tr\u00e8s efficace et s\u00fbre qui offre des r\u00e9sultats durables. L'\u00e9lectrolyse peut \u00eatre utilis\u00e9e sur tout le corps, y compris les sourcils, le visage et l'abdomen. Cette technique d\u2019\u00e9pilation souvent utilis\u00e9e apr\u00e8s les traitements IPL \u00e9limine les poils d\u00e9finitivement. Une consultation gratuite sera faite au pr\u00e9alable.","robots":{"index":"index","follow":"follow","max-snippet":"max-snippet:-1","max-image-preview":"max-image-preview:large","max-video-preview":"max-video-preview:-1"},"canonical":"https:\/\/beautesantelorette.ca\/fr\/produit\/electrolyse\/","og_locale":"fr_FR","og_type":"article","og_title":"\u00c9lectrolyse - Beaut\u00e9 Sant\u00e9 Lorette","og_description":"L'\u00e9lectrolyse est une proc\u00e9dure tr\u00e8s efficace et s\u00fbre qui offre des r\u00e9sultats durables. L'\u00e9lectrolyse peut \u00eatre utilis\u00e9e sur tout le corps, y compris les sourcils, le visage et l'abdomen. Cette technique d\u2019\u00e9pilation souvent utilis\u00e9e apr\u00e8s les traitements IPL \u00e9limine les poils d\u00e9finitivement. Une consultation gratuite sera faite au pr\u00e9alable.","og_url":"https:\/\/beautesantelorette.ca\/fr\/produit\/electrolyse\/","og_site_name":"Beaut\u00e9 Sant\u00e9 Lorette","article_publisher":"https:\/\/www.facebook.com\/BeauteSanteLorette\/","article_modified_time":"2024-01-17T19:57:10+00:00","og_image":[{"width":1200,"height":1200,"url":"https:\/\/beautesantelorette.ca\/wp-content\/uploads\/2021\/11\/Electrolysis.jpg","type":"image\/jpeg"}],"twitter_card":"summary_large_image","schema":{"@context":"https:\/\/schema.org","@graph":[{"@type":"WebPage","@id":"https:\/\/beautesantelorette.ca\/fr\/produit\/electrolyse\/","url":"https:\/\/beautesantelorette.ca\/fr\/produit\/electrolyse\/","name":"\u00c9lectrolyse - Beaut\u00e9 Sant\u00e9 Lorette","isPartOf":{"@id":"https:\/\/beautesantelorette.ca\/fr\/#website"},"primaryImageOfPage":{"@id":"https:\/\/beautesantelorette.ca\/fr\/produit\/electrolyse\/#primaryimage"},"image":{"@id":"https:\/\/beautesantelorette.ca\/fr\/produit\/electrolyse\/#primaryimage"},"thumbnailUrl":"https:\/\/beautesantelorette.ca\/wp-content\/uploads\/2021\/11\/Electrolysis.jpg","datePublished":"2021-11-13T17:53:49+00:00","dateModified":"2024-01-17T19:57:10+00:00","description":"L'\u00e9lectrolyse est une proc\u00e9dure tr\u00e8s efficace et s\u00fbre qui offre des r\u00e9sultats durables. L'\u00e9lectrolyse peut \u00eatre utilis\u00e9e sur tout le corps, y compris les sourcils, le visage et l'abdomen. Cette technique d\u2019\u00e9pilation souvent utilis\u00e9e apr\u00e8s les traitements IPL \u00e9limine les poils d\u00e9finitivement. Une consultation gratuite sera faite au pr\u00e9alable.","breadcrumb":{"@id":"https:\/\/beautesantelorette.ca\/fr\/produit\/electrolyse\/#breadcrumb"},"inLanguage":"fr-FR","potentialAction":[{"@type":"ReadAction","target":["https:\/\/beautesantelorette.ca\/fr\/produit\/electrolyse\/"]}]},{"@type":"ImageObject","inLanguage":"fr-FR","@id":"https:\/\/beautesantelorette.ca\/fr\/produit\/electrolyse\/#primaryimage","url":"https:\/\/beautesantelorette.ca\/wp-content\/uploads\/2021\/11\/Electrolysis.jpg","contentUrl":"https:\/\/beautesantelorette.ca\/wp-content\/uploads\/2021\/11\/Electrolysis.jpg","width":1200,"height":1200,"caption":"\u00c9lectrolyse"},{"@type":"BreadcrumbList","@id":"https:\/\/beautesantelorette.ca\/fr\/produit\/electrolyse\/#breadcrumb","itemListElement":[{"@type":"ListItem","position":1,"name":"Home","item":"https:\/\/beautesantelorette.ca\/fr\/"},{"@type":"ListItem","position":2,"name":"Boutique","item":"https:\/\/beautesantelorette.ca\/fr\/boutique\/"},{"@type":"ListItem","position":3,"name":"\u00c9lectrolyse"}]},{"@type":"WebSite","@id":"https:\/\/beautesantelorette.ca\/fr\/#website","url":"https:\/\/beautesantelorette.ca\/fr\/","name":"Beaut\u00e9 Sant\u00e9 Lorette","description":"Confiez-Nous Le Soin de VOTRE PEAU","publisher":{"@id":"https:\/\/beautesantelorette.ca\/fr\/#organization"},"potentialAction":[{"@type":"SearchAction","target":{"@type":"EntryPoint","urlTemplate":"https:\/\/beautesantelorette.ca\/fr\/?s={search_term_string}"},"query-input":{"@type":"PropertyValueSpecification","valueRequired":true,"valueName":"search_term_string"}}],"inLanguage":"fr-FR"},{"@type":"Organization","@id":"https:\/\/beautesantelorette.ca\/fr\/#organization","name":"Beaut\u00e9 Sant\u00e9 Lorette","url":"https:\/\/beautesantelorette.ca\/fr\/","logo":{"@type":"ImageObject","inLanguage":"fr-FR","@id":"https:\/\/beautesantelorette.ca\/fr\/#\/schema\/logo\/image\/","url":"https:\/\/beautesantelorette.ca\/wp-content\/uploads\/2021\/10\/bsl_surfgirl_logo_pos-1.svg","contentUrl":"https:\/\/beautesantelorette.ca\/wp-content\/uploads\/2021\/10\/bsl_surfgirl_logo_pos-1.svg","width":1533,"height":1200,"caption":"Beaut\u00e9 Sant\u00e9 Lorette"},"image":{"@id":"https:\/\/beautesantelorette.ca\/fr\/#\/schema\/logo\/image\/"},"sameAs":["https:\/\/www.facebook.com\/BeauteSanteLorette\/","https:\/\/www.instagram.com\/beautesantelorette\/"]}]}},"jetpack_sharing_enabled":true,"_links":{"self":[{"href":"https:\/\/beautesantelorette.ca\/fr\/wp-json\/wp\/v2\/product\/22471","targetHints":{"allow":["GET"]}}],"collection":[{"href":"https:\/\/beautesantelorette.ca\/fr\/wp-json\/wp\/v2\/product"}],"about":[{"href":"https:\/\/beautesantelorette.ca\/fr\/wp-json\/wp\/v2\/types\/product"}],"replies":[{"embeddable":true,"href":"https:\/\/beautesantelorette.ca\/fr\/wp-json\/wp\/v2\/comments?post=22471"}],"wp:featuredmedia":[{"embeddable":true,"href":"https:\/\/beautesantelorette.ca\/fr\/wp-json\/wp\/v2\/media\/22470"}],"wp:attachment":[{"href":"https:\/\/beautesantelorette.ca\/fr\/wp-json\/wp\/v2\/media?parent=22471"}],"wp:term":[{"taxonomy":"product_brand","embeddable":true,"href":"https:\/\/beautesantelorette.ca\/fr\/wp-json\/wp\/v2\/product_brand?post=22471"},{"taxonomy":"product_cat","embeddable":true,"href":"https:\/\/beautesantelorette.ca\/fr\/wp-json\/wp\/v2\/product_cat?post=22471"},{"taxonomy":"product_tag","embeddable":true,"href":"https:\/\/beautesantelorette.ca\/fr\/wp-json\/wp\/v2\/product_tag?post=22471"}],"curies":[{"name":"wp","href":"https:\/\/api.w.org\/{rel}","templated":true}]}}