{"id":22525,"date":"2021-10-01T17:48:23","date_gmt":"2021-10-01T17:48:23","guid":{"rendered":"https:\/\/beautelorette.wpengine.com\/product\/baby-2-in-1-cleansing-gel-body-hair-50ml\/"},"modified":"2024-03-10T23:57:42","modified_gmt":"2024-03-10T23:57:42","slug":"gel-nettoyant-2-en-1-cheveux-et-corps-bebe-50ml","status":"publish","type":"product","link":"https:\/\/beautesantelorette.ca\/fr\/produit\/gel-nettoyant-2-en-1-cheveux-et-corps-bebe-50ml\/","title":{"rendered":"Gel Nettoyant 2-en-1 Cheveux et Corps B\u00e9b\u00e9 (50ml)"},"content":{"rendered":"","protected":false},"excerpt":{"rendered":"<p>Cette formule Gel Nettoyant 2-en-1 Cheveux et Corps B\u00e9b\u00e9 Druide propose une base nettoyante v\u00e9g\u00e9tale ultra-douce qui nettoie la peau et les cheveux de b\u00e9b\u00e9 sans les irriter et respecte l\u2019\u00e9quilibre de leur peau d\u00e9licate. Ce gel est fabriqu\u00e9 \u00e0 base d\u2019Aloe Vera, d\u2019extrait de racine de Guimauve et d\u2019Ac\u00e9rola, d\u2019Avoine, de beurre de Coco, d\u2019huile d\u2019Avocat et d\u2019huile essentielle de Camomille Romaine, dont les ar\u00f4mes apaisants aident b\u00e9b\u00e9 \u00e0 se d\u00e9tendre et favorise son sommeil.<\/p>\n","protected":false},"featured_media":21766,"comment_status":"open","ping_status":"closed","template":"","meta":[],"product_brand":[],"product_cat":[238,231,230,259],"product_tag":[],"class_list":{"0":"post-22525","1":"product","2":"type-product","3":"status-publish","4":"has-post-thumbnail","6":"product_cat-biolove-fr","7":"product_cat-druide-fr","8":"product_cat-soins-bebe","9":"product_cat-soins-des-cheveux-corps","11":"first","12":"instock","13":"taxable","14":"shipping-taxable","15":"purchasable","16":"product-type-simple"},"yoast_head":"<!-- This site is optimized with the Yoast SEO plugin v27.4 - https:\/\/yoast.com\/product\/yoast-seo-wordpress\/ -->\n<title>Gel Nettoyant 2-en-1 Cheveux et Corps B\u00e9b\u00e9 (50ml) - Beaut\u00e9 Sant\u00e9 Lorette<\/title>\n<meta name=\"description\" content=\"Cette formule Gel Nettoyant 2-en-1 Cheveux et Corps B\u00e9b\u00e9 Druide propose une base nettoyante v\u00e9g\u00e9tale ultra-douce qui nettoie la peau et les cheveux de b\u00e9b\u00e9 sans les irriter et respecte l\u2019\u00e9quilibre de leur peau d\u00e9licate. Ce gel est fabriqu\u00e9 \u00e0 base d\u2019Aloe Vera, d\u2019extrait de racine de Guimauve et d\u2019Ac\u00e9rola, d\u2019Avoine, de beurre de Coco, d\u2019huile d\u2019Avocat et d\u2019huile essentielle de Camomille Romaine, dont les ar\u00f4mes apaisants aident b\u00e9b\u00e9 \u00e0 se d\u00e9tendre et favorise son sommeil.\" \/>\n<meta name=\"robots\" content=\"index, follow, max-snippet:-1, max-image-preview:large, max-video-preview:-1\" \/>\n<link rel=\"canonical\" href=\"https:\/\/beautesantelorette.ca\/fr\/produit\/gel-nettoyant-2-en-1-cheveux-et-corps-bebe-50ml\/\" \/>\n<meta property=\"og:locale\" content=\"fr_FR\" \/>\n<meta property=\"og:type\" content=\"article\" \/>\n<meta property=\"og:title\" content=\"Gel Nettoyant 2-en-1 Cheveux et Corps B\u00e9b\u00e9 (50ml) - Beaut\u00e9 Sant\u00e9 Lorette\" \/>\n<meta property=\"og:description\" content=\"Cette formule Gel Nettoyant 2-en-1 Cheveux et Corps B\u00e9b\u00e9 Druide propose une base nettoyante v\u00e9g\u00e9tale ultra-douce qui nettoie la peau et les cheveux de b\u00e9b\u00e9 sans les irriter et respecte l\u2019\u00e9quilibre de leur peau d\u00e9licate. Ce gel est fabriqu\u00e9 \u00e0 base d\u2019Aloe Vera, d\u2019extrait de racine de Guimauve et d\u2019Ac\u00e9rola, d\u2019Avoine, de beurre de Coco, d\u2019huile d\u2019Avocat et d\u2019huile essentielle de Camomille Romaine, dont les ar\u00f4mes apaisants aident b\u00e9b\u00e9 \u00e0 se d\u00e9tendre et favorise son sommeil.\" \/>\n<meta property=\"og:url\" content=\"https:\/\/beautesantelorette.ca\/fr\/produit\/gel-nettoyant-2-en-1-cheveux-et-corps-bebe-50ml\/\" \/>\n<meta property=\"og:site_name\" content=\"Beaut\u00e9 Sant\u00e9 Lorette\" \/>\n<meta property=\"article:publisher\" content=\"https:\/\/www.facebook.com\/BeauteSanteLorette\/\" \/>\n<meta property=\"article:modified_time\" content=\"2024-03-10T23:57:42+00:00\" \/>\n<meta property=\"og:image\" content=\"https:\/\/beautesantelorette.ca\/wp-content\/uploads\/2021\/10\/2-in-1-Cleansing-Gel-Body-Hair-50ml.jpg\" \/>\n\t<meta property=\"og:image:width\" content=\"900\" \/>\n\t<meta property=\"og:image:height\" content=\"900\" \/>\n\t<meta property=\"og:image:type\" content=\"image\/jpeg\" \/>\n<meta name=\"twitter:card\" content=\"summary_large_image\" \/>\n<script type=\"application\/ld+json\" class=\"yoast-schema-graph\">{\"@context\":\"https:\\\/\\\/schema.org\",\"@graph\":[{\"@type\":\"WebPage\",\"@id\":\"https:\\\/\\\/beautesantelorette.ca\\\/fr\\\/produit\\\/gel-nettoyant-2-en-1-cheveux-et-corps-bebe-50ml\\\/\",\"url\":\"https:\\\/\\\/beautesantelorette.ca\\\/fr\\\/produit\\\/gel-nettoyant-2-en-1-cheveux-et-corps-bebe-50ml\\\/\",\"name\":\"Gel Nettoyant 2-en-1 Cheveux et Corps B\u00e9b\u00e9 (50ml) - Beaut\u00e9 Sant\u00e9 Lorette\",\"isPartOf\":{\"@id\":\"https:\\\/\\\/beautesantelorette.ca\\\/fr\\\/#website\"},\"primaryImageOfPage\":{\"@id\":\"https:\\\/\\\/beautesantelorette.ca\\\/fr\\\/produit\\\/gel-nettoyant-2-en-1-cheveux-et-corps-bebe-50ml\\\/#primaryimage\"},\"image\":{\"@id\":\"https:\\\/\\\/beautesantelorette.ca\\\/fr\\\/produit\\\/gel-nettoyant-2-en-1-cheveux-et-corps-bebe-50ml\\\/#primaryimage\"},\"thumbnailUrl\":\"https:\\\/\\\/beautesantelorette.ca\\\/wp-content\\\/uploads\\\/2021\\\/10\\\/2-in-1-Cleansing-Gel-Body-Hair-50ml.jpg\",\"datePublished\":\"2021-10-01T17:48:23+00:00\",\"dateModified\":\"2024-03-10T23:57:42+00:00\",\"description\":\"Cette formule Gel Nettoyant 2-en-1 Cheveux et Corps B\u00e9b\u00e9 Druide propose une base nettoyante v\u00e9g\u00e9tale ultra-douce qui nettoie la peau et les cheveux de b\u00e9b\u00e9 sans les irriter et respecte l\u2019\u00e9quilibre de leur peau d\u00e9licate. Ce gel est fabriqu\u00e9 \u00e0 base d\u2019Aloe Vera, d\u2019extrait de racine de Guimauve et d\u2019Ac\u00e9rola, d\u2019Avoine, de beurre de Coco, d\u2019huile d\u2019Avocat et d\u2019huile essentielle de Camomille Romaine, dont les ar\u00f4mes apaisants aident b\u00e9b\u00e9 \u00e0 se d\u00e9tendre et favorise son sommeil.\",\"breadcrumb\":{\"@id\":\"https:\\\/\\\/beautesantelorette.ca\\\/fr\\\/produit\\\/gel-nettoyant-2-en-1-cheveux-et-corps-bebe-50ml\\\/#breadcrumb\"},\"inLanguage\":\"fr-FR\",\"potentialAction\":[{\"@type\":\"ReadAction\",\"target\":[\"https:\\\/\\\/beautesantelorette.ca\\\/fr\\\/produit\\\/gel-nettoyant-2-en-1-cheveux-et-corps-bebe-50ml\\\/\"]}]},{\"@type\":\"ImageObject\",\"inLanguage\":\"fr-FR\",\"@id\":\"https:\\\/\\\/beautesantelorette.ca\\\/fr\\\/produit\\\/gel-nettoyant-2-en-1-cheveux-et-corps-bebe-50ml\\\/#primaryimage\",\"url\":\"https:\\\/\\\/beautesantelorette.ca\\\/wp-content\\\/uploads\\\/2021\\\/10\\\/2-in-1-Cleansing-Gel-Body-Hair-50ml.jpg\",\"contentUrl\":\"https:\\\/\\\/beautesantelorette.ca\\\/wp-content\\\/uploads\\\/2021\\\/10\\\/2-in-1-Cleansing-Gel-Body-Hair-50ml.jpg\",\"width\":900,\"height\":900,\"caption\":\"Gel Nettoyant 2-en-1 Cheveux et Corps B\u00e9b\u00e9\"},{\"@type\":\"BreadcrumbList\",\"@id\":\"https:\\\/\\\/beautesantelorette.ca\\\/fr\\\/produit\\\/gel-nettoyant-2-en-1-cheveux-et-corps-bebe-50ml\\\/#breadcrumb\",\"itemListElement\":[{\"@type\":\"ListItem\",\"position\":1,\"name\":\"Home\",\"item\":\"https:\\\/\\\/beautesantelorette.ca\\\/fr\\\/\"},{\"@type\":\"ListItem\",\"position\":2,\"name\":\"Boutique\",\"item\":\"https:\\\/\\\/beautesantelorette.ca\\\/fr\\\/boutique\\\/\"},{\"@type\":\"ListItem\",\"position\":3,\"name\":\"Gel Nettoyant 2-en-1 Cheveux et Corps B\u00e9b\u00e9 (50ml)\"}]},{\"@type\":\"WebSite\",\"@id\":\"https:\\\/\\\/beautesantelorette.ca\\\/fr\\\/#website\",\"url\":\"https:\\\/\\\/beautesantelorette.ca\\\/fr\\\/\",\"name\":\"Beaut\u00e9 Sant\u00e9 Lorette\",\"description\":\"Confiez-Nous Le Soin de VOTRE PEAU\",\"publisher\":{\"@id\":\"https:\\\/\\\/beautesantelorette.ca\\\/fr\\\/#organization\"},\"potentialAction\":[{\"@type\":\"SearchAction\",\"target\":{\"@type\":\"EntryPoint\",\"urlTemplate\":\"https:\\\/\\\/beautesantelorette.ca\\\/fr\\\/?s={search_term_string}\"},\"query-input\":{\"@type\":\"PropertyValueSpecification\",\"valueRequired\":true,\"valueName\":\"search_term_string\"}}],\"inLanguage\":\"fr-FR\"},{\"@type\":\"Organization\",\"@id\":\"https:\\\/\\\/beautesantelorette.ca\\\/fr\\\/#organization\",\"name\":\"Beaut\u00e9 Sant\u00e9 Lorette\",\"url\":\"https:\\\/\\\/beautesantelorette.ca\\\/fr\\\/\",\"logo\":{\"@type\":\"ImageObject\",\"inLanguage\":\"fr-FR\",\"@id\":\"https:\\\/\\\/beautesantelorette.ca\\\/fr\\\/#\\\/schema\\\/logo\\\/image\\\/\",\"url\":\"https:\\\/\\\/beautesantelorette.ca\\\/wp-content\\\/uploads\\\/2021\\\/10\\\/bsl_surfgirl_logo_pos-1.svg\",\"contentUrl\":\"https:\\\/\\\/beautesantelorette.ca\\\/wp-content\\\/uploads\\\/2021\\\/10\\\/bsl_surfgirl_logo_pos-1.svg\",\"width\":1533,\"height\":1200,\"caption\":\"Beaut\u00e9 Sant\u00e9 Lorette\"},\"image\":{\"@id\":\"https:\\\/\\\/beautesantelorette.ca\\\/fr\\\/#\\\/schema\\\/logo\\\/image\\\/\"},\"sameAs\":[\"https:\\\/\\\/www.facebook.com\\\/BeauteSanteLorette\\\/\",\"https:\\\/\\\/www.instagram.com\\\/beautesantelorette\\\/\"]}]}<\/script>\n<!-- \/ Yoast SEO plugin. -->","yoast_head_json":{"title":"Gel Nettoyant 2-en-1 Cheveux et Corps B\u00e9b\u00e9 (50ml) - Beaut\u00e9 Sant\u00e9 Lorette","description":"Cette formule Gel Nettoyant 2-en-1 Cheveux et Corps B\u00e9b\u00e9 Druide propose une base nettoyante v\u00e9g\u00e9tale ultra-douce qui nettoie la peau et les cheveux de b\u00e9b\u00e9 sans les irriter et respecte l\u2019\u00e9quilibre de leur peau d\u00e9licate. Ce gel est fabriqu\u00e9 \u00e0 base d\u2019Aloe Vera, d\u2019extrait de racine de Guimauve et d\u2019Ac\u00e9rola, d\u2019Avoine, de beurre de Coco, d\u2019huile d\u2019Avocat et d\u2019huile essentielle de Camomille Romaine, dont les ar\u00f4mes apaisants aident b\u00e9b\u00e9 \u00e0 se d\u00e9tendre et favorise son sommeil.","robots":{"index":"index","follow":"follow","max-snippet":"max-snippet:-1","max-image-preview":"max-image-preview:large","max-video-preview":"max-video-preview:-1"},"canonical":"https:\/\/beautesantelorette.ca\/fr\/produit\/gel-nettoyant-2-en-1-cheveux-et-corps-bebe-50ml\/","og_locale":"fr_FR","og_type":"article","og_title":"Gel Nettoyant 2-en-1 Cheveux et Corps B\u00e9b\u00e9 (50ml) - Beaut\u00e9 Sant\u00e9 Lorette","og_description":"Cette formule Gel Nettoyant 2-en-1 Cheveux et Corps B\u00e9b\u00e9 Druide propose une base nettoyante v\u00e9g\u00e9tale ultra-douce qui nettoie la peau et les cheveux de b\u00e9b\u00e9 sans les irriter et respecte l\u2019\u00e9quilibre de leur peau d\u00e9licate. Ce gel est fabriqu\u00e9 \u00e0 base d\u2019Aloe Vera, d\u2019extrait de racine de Guimauve et d\u2019Ac\u00e9rola, d\u2019Avoine, de beurre de Coco, d\u2019huile d\u2019Avocat et d\u2019huile essentielle de Camomille Romaine, dont les ar\u00f4mes apaisants aident b\u00e9b\u00e9 \u00e0 se d\u00e9tendre et favorise son sommeil.","og_url":"https:\/\/beautesantelorette.ca\/fr\/produit\/gel-nettoyant-2-en-1-cheveux-et-corps-bebe-50ml\/","og_site_name":"Beaut\u00e9 Sant\u00e9 Lorette","article_publisher":"https:\/\/www.facebook.com\/BeauteSanteLorette\/","article_modified_time":"2024-03-10T23:57:42+00:00","og_image":[{"width":900,"height":900,"url":"https:\/\/beautesantelorette.ca\/wp-content\/uploads\/2021\/10\/2-in-1-Cleansing-Gel-Body-Hair-50ml.jpg","type":"image\/jpeg"}],"twitter_card":"summary_large_image","schema":{"@context":"https:\/\/schema.org","@graph":[{"@type":"WebPage","@id":"https:\/\/beautesantelorette.ca\/fr\/produit\/gel-nettoyant-2-en-1-cheveux-et-corps-bebe-50ml\/","url":"https:\/\/beautesantelorette.ca\/fr\/produit\/gel-nettoyant-2-en-1-cheveux-et-corps-bebe-50ml\/","name":"Gel Nettoyant 2-en-1 Cheveux et Corps B\u00e9b\u00e9 (50ml) - Beaut\u00e9 Sant\u00e9 Lorette","isPartOf":{"@id":"https:\/\/beautesantelorette.ca\/fr\/#website"},"primaryImageOfPage":{"@id":"https:\/\/beautesantelorette.ca\/fr\/produit\/gel-nettoyant-2-en-1-cheveux-et-corps-bebe-50ml\/#primaryimage"},"image":{"@id":"https:\/\/beautesantelorette.ca\/fr\/produit\/gel-nettoyant-2-en-1-cheveux-et-corps-bebe-50ml\/#primaryimage"},"thumbnailUrl":"https:\/\/beautesantelorette.ca\/wp-content\/uploads\/2021\/10\/2-in-1-Cleansing-Gel-Body-Hair-50ml.jpg","datePublished":"2021-10-01T17:48:23+00:00","dateModified":"2024-03-10T23:57:42+00:00","description":"Cette formule Gel Nettoyant 2-en-1 Cheveux et Corps B\u00e9b\u00e9 Druide propose une base nettoyante v\u00e9g\u00e9tale ultra-douce qui nettoie la peau et les cheveux de b\u00e9b\u00e9 sans les irriter et respecte l\u2019\u00e9quilibre de leur peau d\u00e9licate. Ce gel est fabriqu\u00e9 \u00e0 base d\u2019Aloe Vera, d\u2019extrait de racine de Guimauve et d\u2019Ac\u00e9rola, d\u2019Avoine, de beurre de Coco, d\u2019huile d\u2019Avocat et d\u2019huile essentielle de Camomille Romaine, dont les ar\u00f4mes apaisants aident b\u00e9b\u00e9 \u00e0 se d\u00e9tendre et favorise son sommeil.","breadcrumb":{"@id":"https:\/\/beautesantelorette.ca\/fr\/produit\/gel-nettoyant-2-en-1-cheveux-et-corps-bebe-50ml\/#breadcrumb"},"inLanguage":"fr-FR","potentialAction":[{"@type":"ReadAction","target":["https:\/\/beautesantelorette.ca\/fr\/produit\/gel-nettoyant-2-en-1-cheveux-et-corps-bebe-50ml\/"]}]},{"@type":"ImageObject","inLanguage":"fr-FR","@id":"https:\/\/beautesantelorette.ca\/fr\/produit\/gel-nettoyant-2-en-1-cheveux-et-corps-bebe-50ml\/#primaryimage","url":"https:\/\/beautesantelorette.ca\/wp-content\/uploads\/2021\/10\/2-in-1-Cleansing-Gel-Body-Hair-50ml.jpg","contentUrl":"https:\/\/beautesantelorette.ca\/wp-content\/uploads\/2021\/10\/2-in-1-Cleansing-Gel-Body-Hair-50ml.jpg","width":900,"height":900,"caption":"Gel Nettoyant 2-en-1 Cheveux et Corps B\u00e9b\u00e9"},{"@type":"BreadcrumbList","@id":"https:\/\/beautesantelorette.ca\/fr\/produit\/gel-nettoyant-2-en-1-cheveux-et-corps-bebe-50ml\/#breadcrumb","itemListElement":[{"@type":"ListItem","position":1,"name":"Home","item":"https:\/\/beautesantelorette.ca\/fr\/"},{"@type":"ListItem","position":2,"name":"Boutique","item":"https:\/\/beautesantelorette.ca\/fr\/boutique\/"},{"@type":"ListItem","position":3,"name":"Gel Nettoyant 2-en-1 Cheveux et Corps B\u00e9b\u00e9 (50ml)"}]},{"@type":"WebSite","@id":"https:\/\/beautesantelorette.ca\/fr\/#website","url":"https:\/\/beautesantelorette.ca\/fr\/","name":"Beaut\u00e9 Sant\u00e9 Lorette","description":"Confiez-Nous Le Soin de VOTRE PEAU","publisher":{"@id":"https:\/\/beautesantelorette.ca\/fr\/#organization"},"potentialAction":[{"@type":"SearchAction","target":{"@type":"EntryPoint","urlTemplate":"https:\/\/beautesantelorette.ca\/fr\/?s={search_term_string}"},"query-input":{"@type":"PropertyValueSpecification","valueRequired":true,"valueName":"search_term_string"}}],"inLanguage":"fr-FR"},{"@type":"Organization","@id":"https:\/\/beautesantelorette.ca\/fr\/#organization","name":"Beaut\u00e9 Sant\u00e9 Lorette","url":"https:\/\/beautesantelorette.ca\/fr\/","logo":{"@type":"ImageObject","inLanguage":"fr-FR","@id":"https:\/\/beautesantelorette.ca\/fr\/#\/schema\/logo\/image\/","url":"https:\/\/beautesantelorette.ca\/wp-content\/uploads\/2021\/10\/bsl_surfgirl_logo_pos-1.svg","contentUrl":"https:\/\/beautesantelorette.ca\/wp-content\/uploads\/2021\/10\/bsl_surfgirl_logo_pos-1.svg","width":1533,"height":1200,"caption":"Beaut\u00e9 Sant\u00e9 Lorette"},"image":{"@id":"https:\/\/beautesantelorette.ca\/fr\/#\/schema\/logo\/image\/"},"sameAs":["https:\/\/www.facebook.com\/BeauteSanteLorette\/","https:\/\/www.instagram.com\/beautesantelorette\/"]}]}},"jetpack_sharing_enabled":true,"_links":{"self":[{"href":"https:\/\/beautesantelorette.ca\/fr\/wp-json\/wp\/v2\/product\/22525","targetHints":{"allow":["GET"]}}],"collection":[{"href":"https:\/\/beautesantelorette.ca\/fr\/wp-json\/wp\/v2\/product"}],"about":[{"href":"https:\/\/beautesantelorette.ca\/fr\/wp-json\/wp\/v2\/types\/product"}],"replies":[{"embeddable":true,"href":"https:\/\/beautesantelorette.ca\/fr\/wp-json\/wp\/v2\/comments?post=22525"}],"wp:featuredmedia":[{"embeddable":true,"href":"https:\/\/beautesantelorette.ca\/fr\/wp-json\/wp\/v2\/media\/21766"}],"wp:attachment":[{"href":"https:\/\/beautesantelorette.ca\/fr\/wp-json\/wp\/v2\/media?parent=22525"}],"wp:term":[{"taxonomy":"product_brand","embeddable":true,"href":"https:\/\/beautesantelorette.ca\/fr\/wp-json\/wp\/v2\/product_brand?post=22525"},{"taxonomy":"product_cat","embeddable":true,"href":"https:\/\/beautesantelorette.ca\/fr\/wp-json\/wp\/v2\/product_cat?post=22525"},{"taxonomy":"product_tag","embeddable":true,"href":"https:\/\/beautesantelorette.ca\/fr\/wp-json\/wp\/v2\/product_tag?post=22525"}],"curies":[{"name":"wp","href":"https:\/\/api.w.org\/{rel}","templated":true}]}}