{"id":22545,"date":"2021-09-30T18:57:50","date_gmt":"2021-09-30T18:57:50","guid":{"rendered":"https:\/\/beautelorette.wpengine.com\/product\/purpure-hand-cream\/"},"modified":"2024-11-14T10:14:03","modified_gmt":"2024-11-14T10:14:03","slug":"creme-a-mains-purpure","status":"publish","type":"product","link":"https:\/\/beautesantelorette.ca\/fr\/produit\/creme-a-mains-purpure\/","title":{"rendered":"Cr\u00e8me \u00e0 Mains Pur&#038;Pure"},"content":{"rendered":"","protected":false},"excerpt":{"rendered":"<p>La Cr\u00e8me \u00e0 Mains Pur&amp;Pure Druide est cr\u00e9meuse, hydratante et nourrissante. R\u00e9pare et prot\u00e8ge la peau d\u00e9licate et sensible des mains. Riche en vitamines et en acides gras essentiels r\u00e9g\u00e9n\u00e9rants. Apporte instantan\u00e9ment douceur et confort aux peaux s\u00e8ches et sensibles. P\u00e9n\u00e8tre rapidement sans laisser de fini collant ou huileux. Id\u00e9al pour les mains s\u00e8ches, sensibles et rugueuses.<\/p>\n","protected":false},"featured_media":21734,"comment_status":"open","ping_status":"closed","template":"","meta":[],"product_brand":[],"product_cat":[231,241,259],"product_tag":[],"class_list":{"0":"post-22545","1":"product","2":"type-product","3":"status-publish","4":"has-post-thumbnail","6":"product_cat-druide-fr","7":"product_cat-purpure-fr","8":"product_cat-soins-des-cheveux-corps","10":"first","11":"instock","12":"taxable","13":"shipping-taxable","14":"purchasable","15":"product-type-simple"},"yoast_head":"<!-- This site is optimized with the Yoast SEO plugin v27.4 - https:\/\/yoast.com\/product\/yoast-seo-wordpress\/ -->\n<title>Cr\u00e8me \u00e0 Mains Pur&amp;Pure - Beaut\u00e9 Sant\u00e9 Lorette<\/title>\n<meta name=\"description\" content=\"La Cr\u00e8me \u00e0 Mains Pur&amp;Pure Druide est cr\u00e9meuse, hydratante et nourrissante. R\u00e9pare et prot\u00e8ge la peau d\u00e9licate et sensible des mains. Riche en vitamines et en acides gras essentiels r\u00e9g\u00e9n\u00e9rants. Apporte instantan\u00e9ment douceur et confort aux peaux s\u00e8ches et sensibles. P\u00e9n\u00e8tre rapidement sans laisser de fini collant ou huileux. Id\u00e9al pour les mains s\u00e8ches, sensibles et rugueuses.\" \/>\n<meta name=\"robots\" content=\"index, follow, max-snippet:-1, max-image-preview:large, max-video-preview:-1\" \/>\n<link rel=\"canonical\" href=\"https:\/\/beautesantelorette.ca\/fr\/produit\/creme-a-mains-purpure\/\" \/>\n<meta property=\"og:locale\" content=\"fr_FR\" \/>\n<meta property=\"og:type\" content=\"article\" \/>\n<meta property=\"og:title\" content=\"Cr\u00e8me \u00e0 Mains Pur&amp;Pure - Beaut\u00e9 Sant\u00e9 Lorette\" \/>\n<meta property=\"og:description\" content=\"La Cr\u00e8me \u00e0 Mains Pur&amp;Pure Druide est cr\u00e9meuse, hydratante et nourrissante. R\u00e9pare et prot\u00e8ge la peau d\u00e9licate et sensible des mains. Riche en vitamines et en acides gras essentiels r\u00e9g\u00e9n\u00e9rants. Apporte instantan\u00e9ment douceur et confort aux peaux s\u00e8ches et sensibles. P\u00e9n\u00e8tre rapidement sans laisser de fini collant ou huileux. Id\u00e9al pour les mains s\u00e8ches, sensibles et rugueuses.\" \/>\n<meta property=\"og:url\" content=\"https:\/\/beautesantelorette.ca\/fr\/produit\/creme-a-mains-purpure\/\" \/>\n<meta property=\"og:site_name\" content=\"Beaut\u00e9 Sant\u00e9 Lorette\" \/>\n<meta property=\"article:publisher\" content=\"https:\/\/www.facebook.com\/BeauteSanteLorette\/\" \/>\n<meta property=\"article:modified_time\" content=\"2024-11-14T10:14:03+00:00\" \/>\n<meta property=\"og:image\" content=\"https:\/\/beautesantelorette.ca\/wp-content\/uploads\/2021\/09\/PurPure-Hand-Cream.jpg\" \/>\n\t<meta property=\"og:image:width\" content=\"600\" \/>\n\t<meta property=\"og:image:height\" content=\"600\" \/>\n\t<meta property=\"og:image:type\" content=\"image\/jpeg\" \/>\n<meta name=\"twitter:card\" content=\"summary_large_image\" \/>\n<script type=\"application\/ld+json\" class=\"yoast-schema-graph\">{\"@context\":\"https:\\\/\\\/schema.org\",\"@graph\":[{\"@type\":\"WebPage\",\"@id\":\"https:\\\/\\\/beautesantelorette.ca\\\/fr\\\/produit\\\/creme-a-mains-purpure\\\/\",\"url\":\"https:\\\/\\\/beautesantelorette.ca\\\/fr\\\/produit\\\/creme-a-mains-purpure\\\/\",\"name\":\"Cr\u00e8me \u00e0 Mains Pur&Pure - Beaut\u00e9 Sant\u00e9 Lorette\",\"isPartOf\":{\"@id\":\"https:\\\/\\\/beautesantelorette.ca\\\/fr\\\/#website\"},\"primaryImageOfPage\":{\"@id\":\"https:\\\/\\\/beautesantelorette.ca\\\/fr\\\/produit\\\/creme-a-mains-purpure\\\/#primaryimage\"},\"image\":{\"@id\":\"https:\\\/\\\/beautesantelorette.ca\\\/fr\\\/produit\\\/creme-a-mains-purpure\\\/#primaryimage\"},\"thumbnailUrl\":\"https:\\\/\\\/beautesantelorette.ca\\\/wp-content\\\/uploads\\\/2021\\\/09\\\/PurPure-Hand-Cream.jpg\",\"datePublished\":\"2021-09-30T18:57:50+00:00\",\"dateModified\":\"2024-11-14T10:14:03+00:00\",\"description\":\"La Cr\u00e8me \u00e0 Mains Pur&Pure Druide est cr\u00e9meuse, hydratante et nourrissante. R\u00e9pare et prot\u00e8ge la peau d\u00e9licate et sensible des mains. Riche en vitamines et en acides gras essentiels r\u00e9g\u00e9n\u00e9rants. Apporte instantan\u00e9ment douceur et confort aux peaux s\u00e8ches et sensibles. P\u00e9n\u00e8tre rapidement sans laisser de fini collant ou huileux. Id\u00e9al pour les mains s\u00e8ches, sensibles et rugueuses.\",\"breadcrumb\":{\"@id\":\"https:\\\/\\\/beautesantelorette.ca\\\/fr\\\/produit\\\/creme-a-mains-purpure\\\/#breadcrumb\"},\"inLanguage\":\"fr-FR\",\"potentialAction\":[{\"@type\":\"ReadAction\",\"target\":[\"https:\\\/\\\/beautesantelorette.ca\\\/fr\\\/produit\\\/creme-a-mains-purpure\\\/\"]}]},{\"@type\":\"ImageObject\",\"inLanguage\":\"fr-FR\",\"@id\":\"https:\\\/\\\/beautesantelorette.ca\\\/fr\\\/produit\\\/creme-a-mains-purpure\\\/#primaryimage\",\"url\":\"https:\\\/\\\/beautesantelorette.ca\\\/wp-content\\\/uploads\\\/2021\\\/09\\\/PurPure-Hand-Cream.jpg\",\"contentUrl\":\"https:\\\/\\\/beautesantelorette.ca\\\/wp-content\\\/uploads\\\/2021\\\/09\\\/PurPure-Hand-Cream.jpg\",\"width\":600,\"height\":600,\"caption\":\"Cr\u00e8me \u00e0 Mains Pur&Pure\"},{\"@type\":\"BreadcrumbList\",\"@id\":\"https:\\\/\\\/beautesantelorette.ca\\\/fr\\\/produit\\\/creme-a-mains-purpure\\\/#breadcrumb\",\"itemListElement\":[{\"@type\":\"ListItem\",\"position\":1,\"name\":\"Home\",\"item\":\"https:\\\/\\\/beautesantelorette.ca\\\/fr\\\/\"},{\"@type\":\"ListItem\",\"position\":2,\"name\":\"Boutique\",\"item\":\"https:\\\/\\\/beautesantelorette.ca\\\/fr\\\/boutique\\\/\"},{\"@type\":\"ListItem\",\"position\":3,\"name\":\"Cr\u00e8me \u00e0 Mains Pur&#038;Pure\"}]},{\"@type\":\"WebSite\",\"@id\":\"https:\\\/\\\/beautesantelorette.ca\\\/fr\\\/#website\",\"url\":\"https:\\\/\\\/beautesantelorette.ca\\\/fr\\\/\",\"name\":\"Beaut\u00e9 Sant\u00e9 Lorette\",\"description\":\"Confiez-Nous Le Soin de VOTRE PEAU\",\"publisher\":{\"@id\":\"https:\\\/\\\/beautesantelorette.ca\\\/fr\\\/#organization\"},\"potentialAction\":[{\"@type\":\"SearchAction\",\"target\":{\"@type\":\"EntryPoint\",\"urlTemplate\":\"https:\\\/\\\/beautesantelorette.ca\\\/fr\\\/?s={search_term_string}\"},\"query-input\":{\"@type\":\"PropertyValueSpecification\",\"valueRequired\":true,\"valueName\":\"search_term_string\"}}],\"inLanguage\":\"fr-FR\"},{\"@type\":\"Organization\",\"@id\":\"https:\\\/\\\/beautesantelorette.ca\\\/fr\\\/#organization\",\"name\":\"Beaut\u00e9 Sant\u00e9 Lorette\",\"url\":\"https:\\\/\\\/beautesantelorette.ca\\\/fr\\\/\",\"logo\":{\"@type\":\"ImageObject\",\"inLanguage\":\"fr-FR\",\"@id\":\"https:\\\/\\\/beautesantelorette.ca\\\/fr\\\/#\\\/schema\\\/logo\\\/image\\\/\",\"url\":\"https:\\\/\\\/beautesantelorette.ca\\\/wp-content\\\/uploads\\\/2021\\\/10\\\/bsl_surfgirl_logo_pos-1.svg\",\"contentUrl\":\"https:\\\/\\\/beautesantelorette.ca\\\/wp-content\\\/uploads\\\/2021\\\/10\\\/bsl_surfgirl_logo_pos-1.svg\",\"width\":1533,\"height\":1200,\"caption\":\"Beaut\u00e9 Sant\u00e9 Lorette\"},\"image\":{\"@id\":\"https:\\\/\\\/beautesantelorette.ca\\\/fr\\\/#\\\/schema\\\/logo\\\/image\\\/\"},\"sameAs\":[\"https:\\\/\\\/www.facebook.com\\\/BeauteSanteLorette\\\/\",\"https:\\\/\\\/www.instagram.com\\\/beautesantelorette\\\/\"]}]}<\/script>\n<!-- \/ Yoast SEO plugin. -->","yoast_head_json":{"title":"Cr\u00e8me \u00e0 Mains Pur&Pure - Beaut\u00e9 Sant\u00e9 Lorette","description":"La Cr\u00e8me \u00e0 Mains Pur&Pure Druide est cr\u00e9meuse, hydratante et nourrissante. R\u00e9pare et prot\u00e8ge la peau d\u00e9licate et sensible des mains. Riche en vitamines et en acides gras essentiels r\u00e9g\u00e9n\u00e9rants. Apporte instantan\u00e9ment douceur et confort aux peaux s\u00e8ches et sensibles. P\u00e9n\u00e8tre rapidement sans laisser de fini collant ou huileux. Id\u00e9al pour les mains s\u00e8ches, sensibles et rugueuses.","robots":{"index":"index","follow":"follow","max-snippet":"max-snippet:-1","max-image-preview":"max-image-preview:large","max-video-preview":"max-video-preview:-1"},"canonical":"https:\/\/beautesantelorette.ca\/fr\/produit\/creme-a-mains-purpure\/","og_locale":"fr_FR","og_type":"article","og_title":"Cr\u00e8me \u00e0 Mains Pur&Pure - Beaut\u00e9 Sant\u00e9 Lorette","og_description":"La Cr\u00e8me \u00e0 Mains Pur&Pure Druide est cr\u00e9meuse, hydratante et nourrissante. R\u00e9pare et prot\u00e8ge la peau d\u00e9licate et sensible des mains. Riche en vitamines et en acides gras essentiels r\u00e9g\u00e9n\u00e9rants. Apporte instantan\u00e9ment douceur et confort aux peaux s\u00e8ches et sensibles. P\u00e9n\u00e8tre rapidement sans laisser de fini collant ou huileux. Id\u00e9al pour les mains s\u00e8ches, sensibles et rugueuses.","og_url":"https:\/\/beautesantelorette.ca\/fr\/produit\/creme-a-mains-purpure\/","og_site_name":"Beaut\u00e9 Sant\u00e9 Lorette","article_publisher":"https:\/\/www.facebook.com\/BeauteSanteLorette\/","article_modified_time":"2024-11-14T10:14:03+00:00","og_image":[{"width":600,"height":600,"url":"https:\/\/beautesantelorette.ca\/wp-content\/uploads\/2021\/09\/PurPure-Hand-Cream.jpg","type":"image\/jpeg"}],"twitter_card":"summary_large_image","schema":{"@context":"https:\/\/schema.org","@graph":[{"@type":"WebPage","@id":"https:\/\/beautesantelorette.ca\/fr\/produit\/creme-a-mains-purpure\/","url":"https:\/\/beautesantelorette.ca\/fr\/produit\/creme-a-mains-purpure\/","name":"Cr\u00e8me \u00e0 Mains Pur&Pure - Beaut\u00e9 Sant\u00e9 Lorette","isPartOf":{"@id":"https:\/\/beautesantelorette.ca\/fr\/#website"},"primaryImageOfPage":{"@id":"https:\/\/beautesantelorette.ca\/fr\/produit\/creme-a-mains-purpure\/#primaryimage"},"image":{"@id":"https:\/\/beautesantelorette.ca\/fr\/produit\/creme-a-mains-purpure\/#primaryimage"},"thumbnailUrl":"https:\/\/beautesantelorette.ca\/wp-content\/uploads\/2021\/09\/PurPure-Hand-Cream.jpg","datePublished":"2021-09-30T18:57:50+00:00","dateModified":"2024-11-14T10:14:03+00:00","description":"La Cr\u00e8me \u00e0 Mains Pur&Pure Druide est cr\u00e9meuse, hydratante et nourrissante. R\u00e9pare et prot\u00e8ge la peau d\u00e9licate et sensible des mains. Riche en vitamines et en acides gras essentiels r\u00e9g\u00e9n\u00e9rants. Apporte instantan\u00e9ment douceur et confort aux peaux s\u00e8ches et sensibles. P\u00e9n\u00e8tre rapidement sans laisser de fini collant ou huileux. Id\u00e9al pour les mains s\u00e8ches, sensibles et rugueuses.","breadcrumb":{"@id":"https:\/\/beautesantelorette.ca\/fr\/produit\/creme-a-mains-purpure\/#breadcrumb"},"inLanguage":"fr-FR","potentialAction":[{"@type":"ReadAction","target":["https:\/\/beautesantelorette.ca\/fr\/produit\/creme-a-mains-purpure\/"]}]},{"@type":"ImageObject","inLanguage":"fr-FR","@id":"https:\/\/beautesantelorette.ca\/fr\/produit\/creme-a-mains-purpure\/#primaryimage","url":"https:\/\/beautesantelorette.ca\/wp-content\/uploads\/2021\/09\/PurPure-Hand-Cream.jpg","contentUrl":"https:\/\/beautesantelorette.ca\/wp-content\/uploads\/2021\/09\/PurPure-Hand-Cream.jpg","width":600,"height":600,"caption":"Cr\u00e8me \u00e0 Mains Pur&Pure"},{"@type":"BreadcrumbList","@id":"https:\/\/beautesantelorette.ca\/fr\/produit\/creme-a-mains-purpure\/#breadcrumb","itemListElement":[{"@type":"ListItem","position":1,"name":"Home","item":"https:\/\/beautesantelorette.ca\/fr\/"},{"@type":"ListItem","position":2,"name":"Boutique","item":"https:\/\/beautesantelorette.ca\/fr\/boutique\/"},{"@type":"ListItem","position":3,"name":"Cr\u00e8me \u00e0 Mains Pur&#038;Pure"}]},{"@type":"WebSite","@id":"https:\/\/beautesantelorette.ca\/fr\/#website","url":"https:\/\/beautesantelorette.ca\/fr\/","name":"Beaut\u00e9 Sant\u00e9 Lorette","description":"Confiez-Nous Le Soin de VOTRE PEAU","publisher":{"@id":"https:\/\/beautesantelorette.ca\/fr\/#organization"},"potentialAction":[{"@type":"SearchAction","target":{"@type":"EntryPoint","urlTemplate":"https:\/\/beautesantelorette.ca\/fr\/?s={search_term_string}"},"query-input":{"@type":"PropertyValueSpecification","valueRequired":true,"valueName":"search_term_string"}}],"inLanguage":"fr-FR"},{"@type":"Organization","@id":"https:\/\/beautesantelorette.ca\/fr\/#organization","name":"Beaut\u00e9 Sant\u00e9 Lorette","url":"https:\/\/beautesantelorette.ca\/fr\/","logo":{"@type":"ImageObject","inLanguage":"fr-FR","@id":"https:\/\/beautesantelorette.ca\/fr\/#\/schema\/logo\/image\/","url":"https:\/\/beautesantelorette.ca\/wp-content\/uploads\/2021\/10\/bsl_surfgirl_logo_pos-1.svg","contentUrl":"https:\/\/beautesantelorette.ca\/wp-content\/uploads\/2021\/10\/bsl_surfgirl_logo_pos-1.svg","width":1533,"height":1200,"caption":"Beaut\u00e9 Sant\u00e9 Lorette"},"image":{"@id":"https:\/\/beautesantelorette.ca\/fr\/#\/schema\/logo\/image\/"},"sameAs":["https:\/\/www.facebook.com\/BeauteSanteLorette\/","https:\/\/www.instagram.com\/beautesantelorette\/"]}]}},"jetpack_sharing_enabled":true,"_links":{"self":[{"href":"https:\/\/beautesantelorette.ca\/fr\/wp-json\/wp\/v2\/product\/22545","targetHints":{"allow":["GET"]}}],"collection":[{"href":"https:\/\/beautesantelorette.ca\/fr\/wp-json\/wp\/v2\/product"}],"about":[{"href":"https:\/\/beautesantelorette.ca\/fr\/wp-json\/wp\/v2\/types\/product"}],"replies":[{"embeddable":true,"href":"https:\/\/beautesantelorette.ca\/fr\/wp-json\/wp\/v2\/comments?post=22545"}],"wp:featuredmedia":[{"embeddable":true,"href":"https:\/\/beautesantelorette.ca\/fr\/wp-json\/wp\/v2\/media\/21734"}],"wp:attachment":[{"href":"https:\/\/beautesantelorette.ca\/fr\/wp-json\/wp\/v2\/media?parent=22545"}],"wp:term":[{"taxonomy":"product_brand","embeddable":true,"href":"https:\/\/beautesantelorette.ca\/fr\/wp-json\/wp\/v2\/product_brand?post=22545"},{"taxonomy":"product_cat","embeddable":true,"href":"https:\/\/beautesantelorette.ca\/fr\/wp-json\/wp\/v2\/product_cat?post=22545"},{"taxonomy":"product_tag","embeddable":true,"href":"https:\/\/beautesantelorette.ca\/fr\/wp-json\/wp\/v2\/product_tag?post=22545"}],"curies":[{"name":"wp","href":"https:\/\/api.w.org\/{rel}","templated":true}]}}