{"id":22547,"date":"2021-09-30T18:59:24","date_gmt":"2021-09-30T18:59:24","guid":{"rendered":"https:\/\/beautelorette.wpengine.com\/product\/purpure-hydrating-face-cream\/"},"modified":"2022-05-30T14:46:07","modified_gmt":"2022-05-30T14:46:07","slug":"creme-visage-hydratante-purpure","status":"publish","type":"product","link":"https:\/\/beautesantelorette.ca\/fr\/produit\/creme-visage-hydratante-purpure\/","title":{"rendered":"Cr\u00e8me Visage Hydratante Pur&#038;Pure"},"content":{"rendered":"","protected":false},"excerpt":{"rendered":"<p>La Cr\u00e8me Visage Hydratante Pur&amp;Pure Druide est sp\u00e9cialement con\u00e7ue pour hydrater et prot\u00e9ger la peau sensible, fragile et intol\u00e9rantes toute la journ\u00e9e. Procure un soulagement imm\u00e9diat et prolong\u00e9 de la peau d\u00e8s l\u2019application. Texture l\u00e9g\u00e8re non grasse sans effet brillant. Id\u00e9al pour les peaux sensibles, fragiles et intol\u00e9rante.<\/p>\n","protected":false},"featured_media":21735,"comment_status":"open","ping_status":"closed","template":"","meta":[],"product_brand":[],"product_cat":[231,241,256],"product_tag":[],"class_list":{"0":"post-22547","1":"product","2":"type-product","3":"status-publish","4":"has-post-thumbnail","6":"product_cat-druide-fr","7":"product_cat-purpure-fr","8":"product_cat-traitements","10":"first","11":"instock","12":"taxable","13":"shipping-taxable","14":"purchasable","15":"product-type-simple"},"yoast_head":"<!-- This site is optimized with the Yoast SEO plugin v27.5 - https:\/\/yoast.com\/product\/yoast-seo-wordpress\/ -->\n<title>Cr\u00e8me Visage Hydratante Pur&amp;Pure - Beaut\u00e9 Sant\u00e9 Lorette<\/title>\n<meta name=\"description\" content=\"La Cr\u00e8me Visage Hydratante Pur&amp;Pure Druide est sp\u00e9cialement con\u00e7ue pour hydrater et prot\u00e9ger la peau sensible, fragile et intol\u00e9rantes toute la journ\u00e9e. Procure un soulagement imm\u00e9diat et prolong\u00e9 de la peau d\u00e8s l\u2019application. Texture l\u00e9g\u00e8re non grasse sans effet brillant. Id\u00e9al pour les peaux sensibles, fragiles et intol\u00e9rante.\" \/>\n<meta name=\"robots\" content=\"index, follow, max-snippet:-1, max-image-preview:large, max-video-preview:-1\" \/>\n<link rel=\"canonical\" href=\"https:\/\/beautesantelorette.ca\/fr\/produit\/creme-visage-hydratante-purpure\/\" \/>\n<meta property=\"og:locale\" content=\"fr_FR\" \/>\n<meta property=\"og:type\" content=\"article\" \/>\n<meta property=\"og:title\" content=\"Cr\u00e8me Visage Hydratante Pur&amp;Pure - Beaut\u00e9 Sant\u00e9 Lorette\" \/>\n<meta property=\"og:description\" content=\"La Cr\u00e8me Visage Hydratante Pur&amp;Pure Druide est sp\u00e9cialement con\u00e7ue pour hydrater et prot\u00e9ger la peau sensible, fragile et intol\u00e9rantes toute la journ\u00e9e. Procure un soulagement imm\u00e9diat et prolong\u00e9 de la peau d\u00e8s l\u2019application. Texture l\u00e9g\u00e8re non grasse sans effet brillant. Id\u00e9al pour les peaux sensibles, fragiles et intol\u00e9rante.\" \/>\n<meta property=\"og:url\" content=\"https:\/\/beautesantelorette.ca\/fr\/produit\/creme-visage-hydratante-purpure\/\" \/>\n<meta property=\"og:site_name\" content=\"Beaut\u00e9 Sant\u00e9 Lorette\" \/>\n<meta property=\"article:publisher\" content=\"https:\/\/www.facebook.com\/BeauteSanteLorette\/\" \/>\n<meta property=\"article:modified_time\" content=\"2022-05-30T14:46:07+00:00\" \/>\n<meta property=\"og:image\" content=\"https:\/\/beautesantelorette.ca\/wp-content\/uploads\/2021\/09\/PurPure-Hydrating-Face-Cream.jpg\" \/>\n\t<meta property=\"og:image:width\" content=\"1200\" \/>\n\t<meta property=\"og:image:height\" content=\"1200\" \/>\n\t<meta property=\"og:image:type\" content=\"image\/jpeg\" \/>\n<meta name=\"twitter:card\" content=\"summary_large_image\" \/>\n<script type=\"application\/ld+json\" class=\"yoast-schema-graph\">{\"@context\":\"https:\\\/\\\/schema.org\",\"@graph\":[{\"@type\":\"WebPage\",\"@id\":\"https:\\\/\\\/beautesantelorette.ca\\\/fr\\\/produit\\\/creme-visage-hydratante-purpure\\\/\",\"url\":\"https:\\\/\\\/beautesantelorette.ca\\\/fr\\\/produit\\\/creme-visage-hydratante-purpure\\\/\",\"name\":\"Cr\u00e8me Visage Hydratante Pur&Pure - Beaut\u00e9 Sant\u00e9 Lorette\",\"isPartOf\":{\"@id\":\"https:\\\/\\\/beautesantelorette.ca\\\/fr\\\/#website\"},\"primaryImageOfPage\":{\"@id\":\"https:\\\/\\\/beautesantelorette.ca\\\/fr\\\/produit\\\/creme-visage-hydratante-purpure\\\/#primaryimage\"},\"image\":{\"@id\":\"https:\\\/\\\/beautesantelorette.ca\\\/fr\\\/produit\\\/creme-visage-hydratante-purpure\\\/#primaryimage\"},\"thumbnailUrl\":\"https:\\\/\\\/beautesantelorette.ca\\\/wp-content\\\/uploads\\\/2021\\\/09\\\/PurPure-Hydrating-Face-Cream.jpg\",\"datePublished\":\"2021-09-30T18:59:24+00:00\",\"dateModified\":\"2022-05-30T14:46:07+00:00\",\"description\":\"La Cr\u00e8me Visage Hydratante Pur&Pure Druide est sp\u00e9cialement con\u00e7ue pour hydrater et prot\u00e9ger la peau sensible, fragile et intol\u00e9rantes toute la journ\u00e9e. Procure un soulagement imm\u00e9diat et prolong\u00e9 de la peau d\u00e8s l\u2019application. Texture l\u00e9g\u00e8re non grasse sans effet brillant. Id\u00e9al pour les peaux sensibles, fragiles et intol\u00e9rante.\",\"breadcrumb\":{\"@id\":\"https:\\\/\\\/beautesantelorette.ca\\\/fr\\\/produit\\\/creme-visage-hydratante-purpure\\\/#breadcrumb\"},\"inLanguage\":\"fr-FR\",\"potentialAction\":[{\"@type\":\"ReadAction\",\"target\":[\"https:\\\/\\\/beautesantelorette.ca\\\/fr\\\/produit\\\/creme-visage-hydratante-purpure\\\/\"]}]},{\"@type\":\"ImageObject\",\"inLanguage\":\"fr-FR\",\"@id\":\"https:\\\/\\\/beautesantelorette.ca\\\/fr\\\/produit\\\/creme-visage-hydratante-purpure\\\/#primaryimage\",\"url\":\"https:\\\/\\\/beautesantelorette.ca\\\/wp-content\\\/uploads\\\/2021\\\/09\\\/PurPure-Hydrating-Face-Cream.jpg\",\"contentUrl\":\"https:\\\/\\\/beautesantelorette.ca\\\/wp-content\\\/uploads\\\/2021\\\/09\\\/PurPure-Hydrating-Face-Cream.jpg\",\"width\":1200,\"height\":1200,\"caption\":\"Cr\u00e8me Visage Hydratante Pur&Pure\"},{\"@type\":\"BreadcrumbList\",\"@id\":\"https:\\\/\\\/beautesantelorette.ca\\\/fr\\\/produit\\\/creme-visage-hydratante-purpure\\\/#breadcrumb\",\"itemListElement\":[{\"@type\":\"ListItem\",\"position\":1,\"name\":\"Home\",\"item\":\"https:\\\/\\\/beautesantelorette.ca\\\/fr\\\/\"},{\"@type\":\"ListItem\",\"position\":2,\"name\":\"Boutique\",\"item\":\"https:\\\/\\\/beautesantelorette.ca\\\/fr\\\/boutique\\\/\"},{\"@type\":\"ListItem\",\"position\":3,\"name\":\"Cr\u00e8me Visage Hydratante Pur&#038;Pure\"}]},{\"@type\":\"WebSite\",\"@id\":\"https:\\\/\\\/beautesantelorette.ca\\\/fr\\\/#website\",\"url\":\"https:\\\/\\\/beautesantelorette.ca\\\/fr\\\/\",\"name\":\"Beaut\u00e9 Sant\u00e9 Lorette\",\"description\":\"Confiez-Nous Le Soin de VOTRE PEAU\",\"publisher\":{\"@id\":\"https:\\\/\\\/beautesantelorette.ca\\\/fr\\\/#organization\"},\"potentialAction\":[{\"@type\":\"SearchAction\",\"target\":{\"@type\":\"EntryPoint\",\"urlTemplate\":\"https:\\\/\\\/beautesantelorette.ca\\\/fr\\\/?s={search_term_string}\"},\"query-input\":{\"@type\":\"PropertyValueSpecification\",\"valueRequired\":true,\"valueName\":\"search_term_string\"}}],\"inLanguage\":\"fr-FR\"},{\"@type\":\"Organization\",\"@id\":\"https:\\\/\\\/beautesantelorette.ca\\\/fr\\\/#organization\",\"name\":\"Beaut\u00e9 Sant\u00e9 Lorette\",\"url\":\"https:\\\/\\\/beautesantelorette.ca\\\/fr\\\/\",\"logo\":{\"@type\":\"ImageObject\",\"inLanguage\":\"fr-FR\",\"@id\":\"https:\\\/\\\/beautesantelorette.ca\\\/fr\\\/#\\\/schema\\\/logo\\\/image\\\/\",\"url\":\"https:\\\/\\\/beautesantelorette.ca\\\/wp-content\\\/uploads\\\/2021\\\/10\\\/bsl_surfgirl_logo_pos-1.svg\",\"contentUrl\":\"https:\\\/\\\/beautesantelorette.ca\\\/wp-content\\\/uploads\\\/2021\\\/10\\\/bsl_surfgirl_logo_pos-1.svg\",\"width\":1533,\"height\":1200,\"caption\":\"Beaut\u00e9 Sant\u00e9 Lorette\"},\"image\":{\"@id\":\"https:\\\/\\\/beautesantelorette.ca\\\/fr\\\/#\\\/schema\\\/logo\\\/image\\\/\"},\"sameAs\":[\"https:\\\/\\\/www.facebook.com\\\/BeauteSanteLorette\\\/\",\"https:\\\/\\\/www.instagram.com\\\/beautesantelorette\\\/\"]}]}<\/script>\n<!-- \/ Yoast SEO plugin. -->","yoast_head_json":{"title":"Cr\u00e8me Visage Hydratante Pur&Pure - Beaut\u00e9 Sant\u00e9 Lorette","description":"La Cr\u00e8me Visage Hydratante Pur&Pure Druide est sp\u00e9cialement con\u00e7ue pour hydrater et prot\u00e9ger la peau sensible, fragile et intol\u00e9rantes toute la journ\u00e9e. Procure un soulagement imm\u00e9diat et prolong\u00e9 de la peau d\u00e8s l\u2019application. Texture l\u00e9g\u00e8re non grasse sans effet brillant. Id\u00e9al pour les peaux sensibles, fragiles et intol\u00e9rante.","robots":{"index":"index","follow":"follow","max-snippet":"max-snippet:-1","max-image-preview":"max-image-preview:large","max-video-preview":"max-video-preview:-1"},"canonical":"https:\/\/beautesantelorette.ca\/fr\/produit\/creme-visage-hydratante-purpure\/","og_locale":"fr_FR","og_type":"article","og_title":"Cr\u00e8me Visage Hydratante Pur&Pure - Beaut\u00e9 Sant\u00e9 Lorette","og_description":"La Cr\u00e8me Visage Hydratante Pur&Pure Druide est sp\u00e9cialement con\u00e7ue pour hydrater et prot\u00e9ger la peau sensible, fragile et intol\u00e9rantes toute la journ\u00e9e. Procure un soulagement imm\u00e9diat et prolong\u00e9 de la peau d\u00e8s l\u2019application. Texture l\u00e9g\u00e8re non grasse sans effet brillant. Id\u00e9al pour les peaux sensibles, fragiles et intol\u00e9rante.","og_url":"https:\/\/beautesantelorette.ca\/fr\/produit\/creme-visage-hydratante-purpure\/","og_site_name":"Beaut\u00e9 Sant\u00e9 Lorette","article_publisher":"https:\/\/www.facebook.com\/BeauteSanteLorette\/","article_modified_time":"2022-05-30T14:46:07+00:00","og_image":[{"width":1200,"height":1200,"url":"https:\/\/beautesantelorette.ca\/wp-content\/uploads\/2021\/09\/PurPure-Hydrating-Face-Cream.jpg","type":"image\/jpeg"}],"twitter_card":"summary_large_image","schema":{"@context":"https:\/\/schema.org","@graph":[{"@type":"WebPage","@id":"https:\/\/beautesantelorette.ca\/fr\/produit\/creme-visage-hydratante-purpure\/","url":"https:\/\/beautesantelorette.ca\/fr\/produit\/creme-visage-hydratante-purpure\/","name":"Cr\u00e8me Visage Hydratante Pur&Pure - Beaut\u00e9 Sant\u00e9 Lorette","isPartOf":{"@id":"https:\/\/beautesantelorette.ca\/fr\/#website"},"primaryImageOfPage":{"@id":"https:\/\/beautesantelorette.ca\/fr\/produit\/creme-visage-hydratante-purpure\/#primaryimage"},"image":{"@id":"https:\/\/beautesantelorette.ca\/fr\/produit\/creme-visage-hydratante-purpure\/#primaryimage"},"thumbnailUrl":"https:\/\/beautesantelorette.ca\/wp-content\/uploads\/2021\/09\/PurPure-Hydrating-Face-Cream.jpg","datePublished":"2021-09-30T18:59:24+00:00","dateModified":"2022-05-30T14:46:07+00:00","description":"La Cr\u00e8me Visage Hydratante Pur&Pure Druide est sp\u00e9cialement con\u00e7ue pour hydrater et prot\u00e9ger la peau sensible, fragile et intol\u00e9rantes toute la journ\u00e9e. Procure un soulagement imm\u00e9diat et prolong\u00e9 de la peau d\u00e8s l\u2019application. Texture l\u00e9g\u00e8re non grasse sans effet brillant. Id\u00e9al pour les peaux sensibles, fragiles et intol\u00e9rante.","breadcrumb":{"@id":"https:\/\/beautesantelorette.ca\/fr\/produit\/creme-visage-hydratante-purpure\/#breadcrumb"},"inLanguage":"fr-FR","potentialAction":[{"@type":"ReadAction","target":["https:\/\/beautesantelorette.ca\/fr\/produit\/creme-visage-hydratante-purpure\/"]}]},{"@type":"ImageObject","inLanguage":"fr-FR","@id":"https:\/\/beautesantelorette.ca\/fr\/produit\/creme-visage-hydratante-purpure\/#primaryimage","url":"https:\/\/beautesantelorette.ca\/wp-content\/uploads\/2021\/09\/PurPure-Hydrating-Face-Cream.jpg","contentUrl":"https:\/\/beautesantelorette.ca\/wp-content\/uploads\/2021\/09\/PurPure-Hydrating-Face-Cream.jpg","width":1200,"height":1200,"caption":"Cr\u00e8me Visage Hydratante Pur&Pure"},{"@type":"BreadcrumbList","@id":"https:\/\/beautesantelorette.ca\/fr\/produit\/creme-visage-hydratante-purpure\/#breadcrumb","itemListElement":[{"@type":"ListItem","position":1,"name":"Home","item":"https:\/\/beautesantelorette.ca\/fr\/"},{"@type":"ListItem","position":2,"name":"Boutique","item":"https:\/\/beautesantelorette.ca\/fr\/boutique\/"},{"@type":"ListItem","position":3,"name":"Cr\u00e8me Visage Hydratante Pur&#038;Pure"}]},{"@type":"WebSite","@id":"https:\/\/beautesantelorette.ca\/fr\/#website","url":"https:\/\/beautesantelorette.ca\/fr\/","name":"Beaut\u00e9 Sant\u00e9 Lorette","description":"Confiez-Nous Le Soin de VOTRE PEAU","publisher":{"@id":"https:\/\/beautesantelorette.ca\/fr\/#organization"},"potentialAction":[{"@type":"SearchAction","target":{"@type":"EntryPoint","urlTemplate":"https:\/\/beautesantelorette.ca\/fr\/?s={search_term_string}"},"query-input":{"@type":"PropertyValueSpecification","valueRequired":true,"valueName":"search_term_string"}}],"inLanguage":"fr-FR"},{"@type":"Organization","@id":"https:\/\/beautesantelorette.ca\/fr\/#organization","name":"Beaut\u00e9 Sant\u00e9 Lorette","url":"https:\/\/beautesantelorette.ca\/fr\/","logo":{"@type":"ImageObject","inLanguage":"fr-FR","@id":"https:\/\/beautesantelorette.ca\/fr\/#\/schema\/logo\/image\/","url":"https:\/\/beautesantelorette.ca\/wp-content\/uploads\/2021\/10\/bsl_surfgirl_logo_pos-1.svg","contentUrl":"https:\/\/beautesantelorette.ca\/wp-content\/uploads\/2021\/10\/bsl_surfgirl_logo_pos-1.svg","width":1533,"height":1200,"caption":"Beaut\u00e9 Sant\u00e9 Lorette"},"image":{"@id":"https:\/\/beautesantelorette.ca\/fr\/#\/schema\/logo\/image\/"},"sameAs":["https:\/\/www.facebook.com\/BeauteSanteLorette\/","https:\/\/www.instagram.com\/beautesantelorette\/"]}]}},"jetpack_sharing_enabled":true,"_links":{"self":[{"href":"https:\/\/beautesantelorette.ca\/fr\/wp-json\/wp\/v2\/product\/22547","targetHints":{"allow":["GET"]}}],"collection":[{"href":"https:\/\/beautesantelorette.ca\/fr\/wp-json\/wp\/v2\/product"}],"about":[{"href":"https:\/\/beautesantelorette.ca\/fr\/wp-json\/wp\/v2\/types\/product"}],"replies":[{"embeddable":true,"href":"https:\/\/beautesantelorette.ca\/fr\/wp-json\/wp\/v2\/comments?post=22547"}],"wp:featuredmedia":[{"embeddable":true,"href":"https:\/\/beautesantelorette.ca\/fr\/wp-json\/wp\/v2\/media\/21735"}],"wp:attachment":[{"href":"https:\/\/beautesantelorette.ca\/fr\/wp-json\/wp\/v2\/media?parent=22547"}],"wp:term":[{"taxonomy":"product_brand","embeddable":true,"href":"https:\/\/beautesantelorette.ca\/fr\/wp-json\/wp\/v2\/product_brand?post=22547"},{"taxonomy":"product_cat","embeddable":true,"href":"https:\/\/beautesantelorette.ca\/fr\/wp-json\/wp\/v2\/product_cat?post=22547"},{"taxonomy":"product_tag","embeddable":true,"href":"https:\/\/beautesantelorette.ca\/fr\/wp-json\/wp\/v2\/product_tag?post=22547"}],"curies":[{"name":"wp","href":"https:\/\/api.w.org\/{rel}","templated":true}]}}