{"id":22551,"date":"2021-09-30T19:04:31","date_gmt":"2021-09-30T19:04:31","guid":{"rendered":"https:\/\/beautelorette.wpengine.com\/product\/purpure-shower-gel\/"},"modified":"2022-05-30T14:43:39","modified_gmt":"2022-05-30T14:43:39","slug":"gel-douche-purpure","status":"publish","type":"product","link":"https:\/\/beautesantelorette.ca\/fr\/produit\/gel-douche-purpure\/","title":{"rendered":"Gel Douche Pur&#038;Pure"},"content":{"rendered":"","protected":false},"excerpt":{"rendered":"<p>Moussant, sans sulfate, le Gel Douche Pur&amp;Pure Druide est con\u00e7u pour nettoyer en douceur le corps et les cheveux. Forme une mousse l\u00e9g\u00e8re, cr\u00e9meuse et confortable qui purifie et apaise la peau du corps et du cuir chevelu. pH neutre adapt\u00e9 \u00e0 la peau des b\u00e9b\u00e9s ou aux zones intimes du corps. Id\u00e9al pour les peaux sensibles pr\u00e9dispos\u00e9es \u00e0 l\u2019ecz\u00e9ma, la peau des b\u00e9b\u00e9s, la peau des zones intimes et pour une utilisation sur les cheveux.<\/p>\n","protected":false},"featured_media":21737,"comment_status":"open","ping_status":"closed","template":"","meta":[],"product_brand":[],"product_cat":[231,241,259],"product_tag":[],"class_list":{"0":"post-22551","1":"product","2":"type-product","3":"status-publish","4":"has-post-thumbnail","6":"product_cat-druide-fr","7":"product_cat-purpure-fr","8":"product_cat-soins-des-cheveux-corps","10":"first","11":"instock","12":"taxable","13":"shipping-taxable","14":"purchasable","15":"product-type-simple"},"yoast_head":"<!-- This site is optimized with the Yoast SEO plugin v27.5 - https:\/\/yoast.com\/product\/yoast-seo-wordpress\/ -->\n<title>Gel Douche Pur&amp;Pure - Beaut\u00e9 Sant\u00e9 Lorette<\/title>\n<meta name=\"description\" content=\"Moussant, sans sulfate, le Gel Douche Pur&amp;Pure Druide est con\u00e7u pour nettoyer en douceur le corps et les cheveux. Forme une mousse l\u00e9g\u00e8re, cr\u00e9meuse et confortable qui purifie et apaise la peau du corps et du cuir chevelu. pH neutre adapt\u00e9 \u00e0 la peau des b\u00e9b\u00e9s ou aux zones intimes du corps. Id\u00e9al pour les peaux sensibles pr\u00e9dispos\u00e9es \u00e0 l\u2019ecz\u00e9ma, la peau des b\u00e9b\u00e9s, la peau des zones intimes et pour une utilisation sur les cheveux.\" \/>\n<meta name=\"robots\" content=\"index, follow, max-snippet:-1, max-image-preview:large, max-video-preview:-1\" \/>\n<link rel=\"canonical\" href=\"https:\/\/beautesantelorette.ca\/fr\/produit\/gel-douche-purpure\/\" \/>\n<meta property=\"og:locale\" content=\"fr_FR\" \/>\n<meta property=\"og:type\" content=\"article\" \/>\n<meta property=\"og:title\" content=\"Gel Douche Pur&amp;Pure - Beaut\u00e9 Sant\u00e9 Lorette\" \/>\n<meta property=\"og:description\" content=\"Moussant, sans sulfate, le Gel Douche Pur&amp;Pure Druide est con\u00e7u pour nettoyer en douceur le corps et les cheveux. Forme une mousse l\u00e9g\u00e8re, cr\u00e9meuse et confortable qui purifie et apaise la peau du corps et du cuir chevelu. pH neutre adapt\u00e9 \u00e0 la peau des b\u00e9b\u00e9s ou aux zones intimes du corps. Id\u00e9al pour les peaux sensibles pr\u00e9dispos\u00e9es \u00e0 l\u2019ecz\u00e9ma, la peau des b\u00e9b\u00e9s, la peau des zones intimes et pour une utilisation sur les cheveux.\" \/>\n<meta property=\"og:url\" content=\"https:\/\/beautesantelorette.ca\/fr\/produit\/gel-douche-purpure\/\" \/>\n<meta property=\"og:site_name\" content=\"Beaut\u00e9 Sant\u00e9 Lorette\" \/>\n<meta property=\"article:publisher\" content=\"https:\/\/www.facebook.com\/BeauteSanteLorette\/\" \/>\n<meta property=\"article:modified_time\" content=\"2022-05-30T14:43:39+00:00\" \/>\n<meta property=\"og:image\" content=\"https:\/\/beautesantelorette.ca\/wp-content\/uploads\/2021\/09\/PurPure-Shower-Gel.jpg\" \/>\n\t<meta property=\"og:image:width\" content=\"1200\" \/>\n\t<meta property=\"og:image:height\" content=\"1200\" \/>\n\t<meta property=\"og:image:type\" content=\"image\/jpeg\" \/>\n<meta name=\"twitter:card\" content=\"summary_large_image\" \/>\n<script type=\"application\/ld+json\" class=\"yoast-schema-graph\">{\"@context\":\"https:\\\/\\\/schema.org\",\"@graph\":[{\"@type\":\"WebPage\",\"@id\":\"https:\\\/\\\/beautesantelorette.ca\\\/fr\\\/produit\\\/gel-douche-purpure\\\/\",\"url\":\"https:\\\/\\\/beautesantelorette.ca\\\/fr\\\/produit\\\/gel-douche-purpure\\\/\",\"name\":\"Gel Douche Pur&Pure - Beaut\u00e9 Sant\u00e9 Lorette\",\"isPartOf\":{\"@id\":\"https:\\\/\\\/beautesantelorette.ca\\\/fr\\\/#website\"},\"primaryImageOfPage\":{\"@id\":\"https:\\\/\\\/beautesantelorette.ca\\\/fr\\\/produit\\\/gel-douche-purpure\\\/#primaryimage\"},\"image\":{\"@id\":\"https:\\\/\\\/beautesantelorette.ca\\\/fr\\\/produit\\\/gel-douche-purpure\\\/#primaryimage\"},\"thumbnailUrl\":\"https:\\\/\\\/beautesantelorette.ca\\\/wp-content\\\/uploads\\\/2021\\\/09\\\/PurPure-Shower-Gel.jpg\",\"datePublished\":\"2021-09-30T19:04:31+00:00\",\"dateModified\":\"2022-05-30T14:43:39+00:00\",\"description\":\"Moussant, sans sulfate, le Gel Douche Pur&Pure Druide est con\u00e7u pour nettoyer en douceur le corps et les cheveux. Forme une mousse l\u00e9g\u00e8re, cr\u00e9meuse et confortable qui purifie et apaise la peau du corps et du cuir chevelu. pH neutre adapt\u00e9 \u00e0 la peau des b\u00e9b\u00e9s ou aux zones intimes du corps. Id\u00e9al pour les peaux sensibles pr\u00e9dispos\u00e9es \u00e0 l\u2019ecz\u00e9ma, la peau des b\u00e9b\u00e9s, la peau des zones intimes et pour une utilisation sur les cheveux.\",\"breadcrumb\":{\"@id\":\"https:\\\/\\\/beautesantelorette.ca\\\/fr\\\/produit\\\/gel-douche-purpure\\\/#breadcrumb\"},\"inLanguage\":\"fr-FR\",\"potentialAction\":[{\"@type\":\"ReadAction\",\"target\":[\"https:\\\/\\\/beautesantelorette.ca\\\/fr\\\/produit\\\/gel-douche-purpure\\\/\"]}]},{\"@type\":\"ImageObject\",\"inLanguage\":\"fr-FR\",\"@id\":\"https:\\\/\\\/beautesantelorette.ca\\\/fr\\\/produit\\\/gel-douche-purpure\\\/#primaryimage\",\"url\":\"https:\\\/\\\/beautesantelorette.ca\\\/wp-content\\\/uploads\\\/2021\\\/09\\\/PurPure-Shower-Gel.jpg\",\"contentUrl\":\"https:\\\/\\\/beautesantelorette.ca\\\/wp-content\\\/uploads\\\/2021\\\/09\\\/PurPure-Shower-Gel.jpg\",\"width\":1200,\"height\":1200,\"caption\":\"Gel Douche Pur&Pure\"},{\"@type\":\"BreadcrumbList\",\"@id\":\"https:\\\/\\\/beautesantelorette.ca\\\/fr\\\/produit\\\/gel-douche-purpure\\\/#breadcrumb\",\"itemListElement\":[{\"@type\":\"ListItem\",\"position\":1,\"name\":\"Home\",\"item\":\"https:\\\/\\\/beautesantelorette.ca\\\/fr\\\/\"},{\"@type\":\"ListItem\",\"position\":2,\"name\":\"Boutique\",\"item\":\"https:\\\/\\\/beautesantelorette.ca\\\/fr\\\/boutique\\\/\"},{\"@type\":\"ListItem\",\"position\":3,\"name\":\"Gel Douche Pur&#038;Pure\"}]},{\"@type\":\"WebSite\",\"@id\":\"https:\\\/\\\/beautesantelorette.ca\\\/fr\\\/#website\",\"url\":\"https:\\\/\\\/beautesantelorette.ca\\\/fr\\\/\",\"name\":\"Beaut\u00e9 Sant\u00e9 Lorette\",\"description\":\"Confiez-Nous Le Soin de VOTRE PEAU\",\"publisher\":{\"@id\":\"https:\\\/\\\/beautesantelorette.ca\\\/fr\\\/#organization\"},\"potentialAction\":[{\"@type\":\"SearchAction\",\"target\":{\"@type\":\"EntryPoint\",\"urlTemplate\":\"https:\\\/\\\/beautesantelorette.ca\\\/fr\\\/?s={search_term_string}\"},\"query-input\":{\"@type\":\"PropertyValueSpecification\",\"valueRequired\":true,\"valueName\":\"search_term_string\"}}],\"inLanguage\":\"fr-FR\"},{\"@type\":\"Organization\",\"@id\":\"https:\\\/\\\/beautesantelorette.ca\\\/fr\\\/#organization\",\"name\":\"Beaut\u00e9 Sant\u00e9 Lorette\",\"url\":\"https:\\\/\\\/beautesantelorette.ca\\\/fr\\\/\",\"logo\":{\"@type\":\"ImageObject\",\"inLanguage\":\"fr-FR\",\"@id\":\"https:\\\/\\\/beautesantelorette.ca\\\/fr\\\/#\\\/schema\\\/logo\\\/image\\\/\",\"url\":\"https:\\\/\\\/beautesantelorette.ca\\\/wp-content\\\/uploads\\\/2021\\\/10\\\/bsl_surfgirl_logo_pos-1.svg\",\"contentUrl\":\"https:\\\/\\\/beautesantelorette.ca\\\/wp-content\\\/uploads\\\/2021\\\/10\\\/bsl_surfgirl_logo_pos-1.svg\",\"width\":1533,\"height\":1200,\"caption\":\"Beaut\u00e9 Sant\u00e9 Lorette\"},\"image\":{\"@id\":\"https:\\\/\\\/beautesantelorette.ca\\\/fr\\\/#\\\/schema\\\/logo\\\/image\\\/\"},\"sameAs\":[\"https:\\\/\\\/www.facebook.com\\\/BeauteSanteLorette\\\/\",\"https:\\\/\\\/www.instagram.com\\\/beautesantelorette\\\/\"]}]}<\/script>\n<!-- \/ Yoast SEO plugin. -->","yoast_head_json":{"title":"Gel Douche Pur&Pure - Beaut\u00e9 Sant\u00e9 Lorette","description":"Moussant, sans sulfate, le Gel Douche Pur&Pure Druide est con\u00e7u pour nettoyer en douceur le corps et les cheveux. Forme une mousse l\u00e9g\u00e8re, cr\u00e9meuse et confortable qui purifie et apaise la peau du corps et du cuir chevelu. pH neutre adapt\u00e9 \u00e0 la peau des b\u00e9b\u00e9s ou aux zones intimes du corps. Id\u00e9al pour les peaux sensibles pr\u00e9dispos\u00e9es \u00e0 l\u2019ecz\u00e9ma, la peau des b\u00e9b\u00e9s, la peau des zones intimes et pour une utilisation sur les cheveux.","robots":{"index":"index","follow":"follow","max-snippet":"max-snippet:-1","max-image-preview":"max-image-preview:large","max-video-preview":"max-video-preview:-1"},"canonical":"https:\/\/beautesantelorette.ca\/fr\/produit\/gel-douche-purpure\/","og_locale":"fr_FR","og_type":"article","og_title":"Gel Douche Pur&Pure - Beaut\u00e9 Sant\u00e9 Lorette","og_description":"Moussant, sans sulfate, le Gel Douche Pur&Pure Druide est con\u00e7u pour nettoyer en douceur le corps et les cheveux. Forme une mousse l\u00e9g\u00e8re, cr\u00e9meuse et confortable qui purifie et apaise la peau du corps et du cuir chevelu. pH neutre adapt\u00e9 \u00e0 la peau des b\u00e9b\u00e9s ou aux zones intimes du corps. Id\u00e9al pour les peaux sensibles pr\u00e9dispos\u00e9es \u00e0 l\u2019ecz\u00e9ma, la peau des b\u00e9b\u00e9s, la peau des zones intimes et pour une utilisation sur les cheveux.","og_url":"https:\/\/beautesantelorette.ca\/fr\/produit\/gel-douche-purpure\/","og_site_name":"Beaut\u00e9 Sant\u00e9 Lorette","article_publisher":"https:\/\/www.facebook.com\/BeauteSanteLorette\/","article_modified_time":"2022-05-30T14:43:39+00:00","og_image":[{"width":1200,"height":1200,"url":"https:\/\/beautesantelorette.ca\/wp-content\/uploads\/2021\/09\/PurPure-Shower-Gel.jpg","type":"image\/jpeg"}],"twitter_card":"summary_large_image","schema":{"@context":"https:\/\/schema.org","@graph":[{"@type":"WebPage","@id":"https:\/\/beautesantelorette.ca\/fr\/produit\/gel-douche-purpure\/","url":"https:\/\/beautesantelorette.ca\/fr\/produit\/gel-douche-purpure\/","name":"Gel Douche Pur&Pure - Beaut\u00e9 Sant\u00e9 Lorette","isPartOf":{"@id":"https:\/\/beautesantelorette.ca\/fr\/#website"},"primaryImageOfPage":{"@id":"https:\/\/beautesantelorette.ca\/fr\/produit\/gel-douche-purpure\/#primaryimage"},"image":{"@id":"https:\/\/beautesantelorette.ca\/fr\/produit\/gel-douche-purpure\/#primaryimage"},"thumbnailUrl":"https:\/\/beautesantelorette.ca\/wp-content\/uploads\/2021\/09\/PurPure-Shower-Gel.jpg","datePublished":"2021-09-30T19:04:31+00:00","dateModified":"2022-05-30T14:43:39+00:00","description":"Moussant, sans sulfate, le Gel Douche Pur&Pure Druide est con\u00e7u pour nettoyer en douceur le corps et les cheveux. Forme une mousse l\u00e9g\u00e8re, cr\u00e9meuse et confortable qui purifie et apaise la peau du corps et du cuir chevelu. pH neutre adapt\u00e9 \u00e0 la peau des b\u00e9b\u00e9s ou aux zones intimes du corps. Id\u00e9al pour les peaux sensibles pr\u00e9dispos\u00e9es \u00e0 l\u2019ecz\u00e9ma, la peau des b\u00e9b\u00e9s, la peau des zones intimes et pour une utilisation sur les cheveux.","breadcrumb":{"@id":"https:\/\/beautesantelorette.ca\/fr\/produit\/gel-douche-purpure\/#breadcrumb"},"inLanguage":"fr-FR","potentialAction":[{"@type":"ReadAction","target":["https:\/\/beautesantelorette.ca\/fr\/produit\/gel-douche-purpure\/"]}]},{"@type":"ImageObject","inLanguage":"fr-FR","@id":"https:\/\/beautesantelorette.ca\/fr\/produit\/gel-douche-purpure\/#primaryimage","url":"https:\/\/beautesantelorette.ca\/wp-content\/uploads\/2021\/09\/PurPure-Shower-Gel.jpg","contentUrl":"https:\/\/beautesantelorette.ca\/wp-content\/uploads\/2021\/09\/PurPure-Shower-Gel.jpg","width":1200,"height":1200,"caption":"Gel Douche Pur&Pure"},{"@type":"BreadcrumbList","@id":"https:\/\/beautesantelorette.ca\/fr\/produit\/gel-douche-purpure\/#breadcrumb","itemListElement":[{"@type":"ListItem","position":1,"name":"Home","item":"https:\/\/beautesantelorette.ca\/fr\/"},{"@type":"ListItem","position":2,"name":"Boutique","item":"https:\/\/beautesantelorette.ca\/fr\/boutique\/"},{"@type":"ListItem","position":3,"name":"Gel Douche Pur&#038;Pure"}]},{"@type":"WebSite","@id":"https:\/\/beautesantelorette.ca\/fr\/#website","url":"https:\/\/beautesantelorette.ca\/fr\/","name":"Beaut\u00e9 Sant\u00e9 Lorette","description":"Confiez-Nous Le Soin de VOTRE PEAU","publisher":{"@id":"https:\/\/beautesantelorette.ca\/fr\/#organization"},"potentialAction":[{"@type":"SearchAction","target":{"@type":"EntryPoint","urlTemplate":"https:\/\/beautesantelorette.ca\/fr\/?s={search_term_string}"},"query-input":{"@type":"PropertyValueSpecification","valueRequired":true,"valueName":"search_term_string"}}],"inLanguage":"fr-FR"},{"@type":"Organization","@id":"https:\/\/beautesantelorette.ca\/fr\/#organization","name":"Beaut\u00e9 Sant\u00e9 Lorette","url":"https:\/\/beautesantelorette.ca\/fr\/","logo":{"@type":"ImageObject","inLanguage":"fr-FR","@id":"https:\/\/beautesantelorette.ca\/fr\/#\/schema\/logo\/image\/","url":"https:\/\/beautesantelorette.ca\/wp-content\/uploads\/2021\/10\/bsl_surfgirl_logo_pos-1.svg","contentUrl":"https:\/\/beautesantelorette.ca\/wp-content\/uploads\/2021\/10\/bsl_surfgirl_logo_pos-1.svg","width":1533,"height":1200,"caption":"Beaut\u00e9 Sant\u00e9 Lorette"},"image":{"@id":"https:\/\/beautesantelorette.ca\/fr\/#\/schema\/logo\/image\/"},"sameAs":["https:\/\/www.facebook.com\/BeauteSanteLorette\/","https:\/\/www.instagram.com\/beautesantelorette\/"]}]}},"jetpack_sharing_enabled":true,"_links":{"self":[{"href":"https:\/\/beautesantelorette.ca\/fr\/wp-json\/wp\/v2\/product\/22551","targetHints":{"allow":["GET"]}}],"collection":[{"href":"https:\/\/beautesantelorette.ca\/fr\/wp-json\/wp\/v2\/product"}],"about":[{"href":"https:\/\/beautesantelorette.ca\/fr\/wp-json\/wp\/v2\/types\/product"}],"replies":[{"embeddable":true,"href":"https:\/\/beautesantelorette.ca\/fr\/wp-json\/wp\/v2\/comments?post=22551"}],"wp:featuredmedia":[{"embeddable":true,"href":"https:\/\/beautesantelorette.ca\/fr\/wp-json\/wp\/v2\/media\/21737"}],"wp:attachment":[{"href":"https:\/\/beautesantelorette.ca\/fr\/wp-json\/wp\/v2\/media?parent=22551"}],"wp:term":[{"taxonomy":"product_brand","embeddable":true,"href":"https:\/\/beautesantelorette.ca\/fr\/wp-json\/wp\/v2\/product_brand?post=22551"},{"taxonomy":"product_cat","embeddable":true,"href":"https:\/\/beautesantelorette.ca\/fr\/wp-json\/wp\/v2\/product_cat?post=22551"},{"taxonomy":"product_tag","embeddable":true,"href":"https:\/\/beautesantelorette.ca\/fr\/wp-json\/wp\/v2\/product_tag?post=22551"}],"curies":[{"name":"wp","href":"https:\/\/api.w.org\/{rel}","templated":true}]}}