{"id":22573,"date":"2021-10-01T17:13:49","date_gmt":"2021-10-01T17:13:49","guid":{"rendered":"https:\/\/beautelorette.wpengine.com\/product\/ecotrail-deodorant-spray\/"},"modified":"2022-05-30T14:27:45","modified_gmt":"2022-05-30T14:27:45","slug":"deodorant-vapo-ecotrail","status":"publish","type":"product","link":"https:\/\/beautesantelorette.ca\/fr\/produit\/deodorant-vapo-ecotrail\/","title":{"rendered":"D\u00e9odorant Vapo \u00c9cotrail"},"content":{"rendered":"","protected":false},"excerpt":{"rendered":"<p>D\u00e9odorant Vapo \u00c9cotrail Druide biologique, sans aluminium et sans alcool, qui pr\u00e9vient et neutralise les odeurs de transpiration en respectant la peau. Laisse un fini sec et confortable sans provoquer d\u2019irritations. Offre aux aisselles fraicheur et propret\u00e9 pendant 24 heures. Ne laisse aucunes traces sur les v\u00eatement. Formule biod\u00e9gradable, sans parab\u00e8ne, v\u00e9gane et sans gluten. Id\u00e9ale pour toute la famille.<\/p>\n","protected":false},"featured_media":21753,"comment_status":"open","ping_status":"closed","template":"","meta":[],"product_brand":[],"product_cat":[231,244,253,259],"product_tag":[],"class_list":{"0":"post-22573","1":"product","2":"type-product","3":"status-publish","4":"has-post-thumbnail","6":"product_cat-druide-fr","7":"product_cat-ecotrail-plein-air-fr","8":"product_cat-plein-air","9":"product_cat-soins-des-cheveux-corps","11":"first","12":"instock","13":"taxable","14":"shipping-taxable","15":"purchasable","16":"product-type-simple"},"yoast_head":"<!-- This site is optimized with the Yoast SEO plugin v27.4 - https:\/\/yoast.com\/product\/yoast-seo-wordpress\/ -->\n<title>D\u00e9odorant Vapo \u00c9cotrail - Beaut\u00e9 Sant\u00e9 Lorette<\/title>\n<meta name=\"description\" content=\"D\u00e9odorant Vapo \u00c9cotrail Druide biologique, sans aluminium et sans alcool, qui pr\u00e9vient et neutralise les odeurs de transpiration en respectant la peau. Laisse un fini sec et confortable sans provoquer d\u2019irritations. Offre aux aisselles fraicheur et propret\u00e9 pendant 24 heures. Ne laisse aucunes traces sur les v\u00eatement. Formule biod\u00e9gradable, sans parab\u00e8ne, v\u00e9gane et sans gluten. Id\u00e9ale pour toute la famille.\" \/>\n<meta name=\"robots\" content=\"index, follow, max-snippet:-1, max-image-preview:large, max-video-preview:-1\" \/>\n<link rel=\"canonical\" href=\"https:\/\/beautesantelorette.ca\/fr\/produit\/deodorant-vapo-ecotrail\/\" \/>\n<meta property=\"og:locale\" content=\"fr_FR\" \/>\n<meta property=\"og:type\" content=\"article\" \/>\n<meta property=\"og:title\" content=\"D\u00e9odorant Vapo \u00c9cotrail - Beaut\u00e9 Sant\u00e9 Lorette\" \/>\n<meta property=\"og:description\" content=\"D\u00e9odorant Vapo \u00c9cotrail Druide biologique, sans aluminium et sans alcool, qui pr\u00e9vient et neutralise les odeurs de transpiration en respectant la peau. Laisse un fini sec et confortable sans provoquer d\u2019irritations. Offre aux aisselles fraicheur et propret\u00e9 pendant 24 heures. Ne laisse aucunes traces sur les v\u00eatement. Formule biod\u00e9gradable, sans parab\u00e8ne, v\u00e9gane et sans gluten. Id\u00e9ale pour toute la famille.\" \/>\n<meta property=\"og:url\" content=\"https:\/\/beautesantelorette.ca\/fr\/produit\/deodorant-vapo-ecotrail\/\" \/>\n<meta property=\"og:site_name\" content=\"Beaut\u00e9 Sant\u00e9 Lorette\" \/>\n<meta property=\"article:publisher\" content=\"https:\/\/www.facebook.com\/BeauteSanteLorette\/\" \/>\n<meta property=\"article:modified_time\" content=\"2022-05-30T14:27:45+00:00\" \/>\n<meta property=\"og:image\" content=\"https:\/\/beautesantelorette.ca\/wp-content\/uploads\/2021\/10\/Ecotrail-Deodorant-Spray.jpg\" \/>\n\t<meta property=\"og:image:width\" content=\"1200\" \/>\n\t<meta property=\"og:image:height\" content=\"1200\" \/>\n\t<meta property=\"og:image:type\" content=\"image\/jpeg\" \/>\n<meta name=\"twitter:card\" content=\"summary_large_image\" \/>\n<script type=\"application\/ld+json\" class=\"yoast-schema-graph\">{\"@context\":\"https:\\\/\\\/schema.org\",\"@graph\":[{\"@type\":\"WebPage\",\"@id\":\"https:\\\/\\\/beautesantelorette.ca\\\/fr\\\/produit\\\/deodorant-vapo-ecotrail\\\/\",\"url\":\"https:\\\/\\\/beautesantelorette.ca\\\/fr\\\/produit\\\/deodorant-vapo-ecotrail\\\/\",\"name\":\"D\u00e9odorant Vapo \u00c9cotrail - Beaut\u00e9 Sant\u00e9 Lorette\",\"isPartOf\":{\"@id\":\"https:\\\/\\\/beautesantelorette.ca\\\/fr\\\/#website\"},\"primaryImageOfPage\":{\"@id\":\"https:\\\/\\\/beautesantelorette.ca\\\/fr\\\/produit\\\/deodorant-vapo-ecotrail\\\/#primaryimage\"},\"image\":{\"@id\":\"https:\\\/\\\/beautesantelorette.ca\\\/fr\\\/produit\\\/deodorant-vapo-ecotrail\\\/#primaryimage\"},\"thumbnailUrl\":\"https:\\\/\\\/beautesantelorette.ca\\\/wp-content\\\/uploads\\\/2021\\\/10\\\/Ecotrail-Deodorant-Spray.jpg\",\"datePublished\":\"2021-10-01T17:13:49+00:00\",\"dateModified\":\"2022-05-30T14:27:45+00:00\",\"description\":\"D\u00e9odorant Vapo \u00c9cotrail Druide biologique, sans aluminium et sans alcool, qui pr\u00e9vient et neutralise les odeurs de transpiration en respectant la peau. Laisse un fini sec et confortable sans provoquer d\u2019irritations. Offre aux aisselles fraicheur et propret\u00e9 pendant 24 heures. Ne laisse aucunes traces sur les v\u00eatement. Formule biod\u00e9gradable, sans parab\u00e8ne, v\u00e9gane et sans gluten. Id\u00e9ale pour toute la famille.\",\"breadcrumb\":{\"@id\":\"https:\\\/\\\/beautesantelorette.ca\\\/fr\\\/produit\\\/deodorant-vapo-ecotrail\\\/#breadcrumb\"},\"inLanguage\":\"fr-FR\",\"potentialAction\":[{\"@type\":\"ReadAction\",\"target\":[\"https:\\\/\\\/beautesantelorette.ca\\\/fr\\\/produit\\\/deodorant-vapo-ecotrail\\\/\"]}]},{\"@type\":\"ImageObject\",\"inLanguage\":\"fr-FR\",\"@id\":\"https:\\\/\\\/beautesantelorette.ca\\\/fr\\\/produit\\\/deodorant-vapo-ecotrail\\\/#primaryimage\",\"url\":\"https:\\\/\\\/beautesantelorette.ca\\\/wp-content\\\/uploads\\\/2021\\\/10\\\/Ecotrail-Deodorant-Spray.jpg\",\"contentUrl\":\"https:\\\/\\\/beautesantelorette.ca\\\/wp-content\\\/uploads\\\/2021\\\/10\\\/Ecotrail-Deodorant-Spray.jpg\",\"width\":1200,\"height\":1200,\"caption\":\"D\u00e9odorant Vapo \u00c9cotrail\"},{\"@type\":\"BreadcrumbList\",\"@id\":\"https:\\\/\\\/beautesantelorette.ca\\\/fr\\\/produit\\\/deodorant-vapo-ecotrail\\\/#breadcrumb\",\"itemListElement\":[{\"@type\":\"ListItem\",\"position\":1,\"name\":\"Home\",\"item\":\"https:\\\/\\\/beautesantelorette.ca\\\/fr\\\/\"},{\"@type\":\"ListItem\",\"position\":2,\"name\":\"Boutique\",\"item\":\"https:\\\/\\\/beautesantelorette.ca\\\/fr\\\/boutique\\\/\"},{\"@type\":\"ListItem\",\"position\":3,\"name\":\"D\u00e9odorant Vapo \u00c9cotrail\"}]},{\"@type\":\"WebSite\",\"@id\":\"https:\\\/\\\/beautesantelorette.ca\\\/fr\\\/#website\",\"url\":\"https:\\\/\\\/beautesantelorette.ca\\\/fr\\\/\",\"name\":\"Beaut\u00e9 Sant\u00e9 Lorette\",\"description\":\"Confiez-Nous Le Soin de VOTRE PEAU\",\"publisher\":{\"@id\":\"https:\\\/\\\/beautesantelorette.ca\\\/fr\\\/#organization\"},\"potentialAction\":[{\"@type\":\"SearchAction\",\"target\":{\"@type\":\"EntryPoint\",\"urlTemplate\":\"https:\\\/\\\/beautesantelorette.ca\\\/fr\\\/?s={search_term_string}\"},\"query-input\":{\"@type\":\"PropertyValueSpecification\",\"valueRequired\":true,\"valueName\":\"search_term_string\"}}],\"inLanguage\":\"fr-FR\"},{\"@type\":\"Organization\",\"@id\":\"https:\\\/\\\/beautesantelorette.ca\\\/fr\\\/#organization\",\"name\":\"Beaut\u00e9 Sant\u00e9 Lorette\",\"url\":\"https:\\\/\\\/beautesantelorette.ca\\\/fr\\\/\",\"logo\":{\"@type\":\"ImageObject\",\"inLanguage\":\"fr-FR\",\"@id\":\"https:\\\/\\\/beautesantelorette.ca\\\/fr\\\/#\\\/schema\\\/logo\\\/image\\\/\",\"url\":\"https:\\\/\\\/beautesantelorette.ca\\\/wp-content\\\/uploads\\\/2021\\\/10\\\/bsl_surfgirl_logo_pos-1.svg\",\"contentUrl\":\"https:\\\/\\\/beautesantelorette.ca\\\/wp-content\\\/uploads\\\/2021\\\/10\\\/bsl_surfgirl_logo_pos-1.svg\",\"width\":1533,\"height\":1200,\"caption\":\"Beaut\u00e9 Sant\u00e9 Lorette\"},\"image\":{\"@id\":\"https:\\\/\\\/beautesantelorette.ca\\\/fr\\\/#\\\/schema\\\/logo\\\/image\\\/\"},\"sameAs\":[\"https:\\\/\\\/www.facebook.com\\\/BeauteSanteLorette\\\/\",\"https:\\\/\\\/www.instagram.com\\\/beautesantelorette\\\/\"]}]}<\/script>\n<!-- \/ Yoast SEO plugin. -->","yoast_head_json":{"title":"D\u00e9odorant Vapo \u00c9cotrail - Beaut\u00e9 Sant\u00e9 Lorette","description":"D\u00e9odorant Vapo \u00c9cotrail Druide biologique, sans aluminium et sans alcool, qui pr\u00e9vient et neutralise les odeurs de transpiration en respectant la peau. Laisse un fini sec et confortable sans provoquer d\u2019irritations. Offre aux aisselles fraicheur et propret\u00e9 pendant 24 heures. Ne laisse aucunes traces sur les v\u00eatement. Formule biod\u00e9gradable, sans parab\u00e8ne, v\u00e9gane et sans gluten. Id\u00e9ale pour toute la famille.","robots":{"index":"index","follow":"follow","max-snippet":"max-snippet:-1","max-image-preview":"max-image-preview:large","max-video-preview":"max-video-preview:-1"},"canonical":"https:\/\/beautesantelorette.ca\/fr\/produit\/deodorant-vapo-ecotrail\/","og_locale":"fr_FR","og_type":"article","og_title":"D\u00e9odorant Vapo \u00c9cotrail - Beaut\u00e9 Sant\u00e9 Lorette","og_description":"D\u00e9odorant Vapo \u00c9cotrail Druide biologique, sans aluminium et sans alcool, qui pr\u00e9vient et neutralise les odeurs de transpiration en respectant la peau. Laisse un fini sec et confortable sans provoquer d\u2019irritations. Offre aux aisselles fraicheur et propret\u00e9 pendant 24 heures. Ne laisse aucunes traces sur les v\u00eatement. Formule biod\u00e9gradable, sans parab\u00e8ne, v\u00e9gane et sans gluten. Id\u00e9ale pour toute la famille.","og_url":"https:\/\/beautesantelorette.ca\/fr\/produit\/deodorant-vapo-ecotrail\/","og_site_name":"Beaut\u00e9 Sant\u00e9 Lorette","article_publisher":"https:\/\/www.facebook.com\/BeauteSanteLorette\/","article_modified_time":"2022-05-30T14:27:45+00:00","og_image":[{"width":1200,"height":1200,"url":"https:\/\/beautesantelorette.ca\/wp-content\/uploads\/2021\/10\/Ecotrail-Deodorant-Spray.jpg","type":"image\/jpeg"}],"twitter_card":"summary_large_image","schema":{"@context":"https:\/\/schema.org","@graph":[{"@type":"WebPage","@id":"https:\/\/beautesantelorette.ca\/fr\/produit\/deodorant-vapo-ecotrail\/","url":"https:\/\/beautesantelorette.ca\/fr\/produit\/deodorant-vapo-ecotrail\/","name":"D\u00e9odorant Vapo \u00c9cotrail - Beaut\u00e9 Sant\u00e9 Lorette","isPartOf":{"@id":"https:\/\/beautesantelorette.ca\/fr\/#website"},"primaryImageOfPage":{"@id":"https:\/\/beautesantelorette.ca\/fr\/produit\/deodorant-vapo-ecotrail\/#primaryimage"},"image":{"@id":"https:\/\/beautesantelorette.ca\/fr\/produit\/deodorant-vapo-ecotrail\/#primaryimage"},"thumbnailUrl":"https:\/\/beautesantelorette.ca\/wp-content\/uploads\/2021\/10\/Ecotrail-Deodorant-Spray.jpg","datePublished":"2021-10-01T17:13:49+00:00","dateModified":"2022-05-30T14:27:45+00:00","description":"D\u00e9odorant Vapo \u00c9cotrail Druide biologique, sans aluminium et sans alcool, qui pr\u00e9vient et neutralise les odeurs de transpiration en respectant la peau. Laisse un fini sec et confortable sans provoquer d\u2019irritations. Offre aux aisselles fraicheur et propret\u00e9 pendant 24 heures. Ne laisse aucunes traces sur les v\u00eatement. Formule biod\u00e9gradable, sans parab\u00e8ne, v\u00e9gane et sans gluten. Id\u00e9ale pour toute la famille.","breadcrumb":{"@id":"https:\/\/beautesantelorette.ca\/fr\/produit\/deodorant-vapo-ecotrail\/#breadcrumb"},"inLanguage":"fr-FR","potentialAction":[{"@type":"ReadAction","target":["https:\/\/beautesantelorette.ca\/fr\/produit\/deodorant-vapo-ecotrail\/"]}]},{"@type":"ImageObject","inLanguage":"fr-FR","@id":"https:\/\/beautesantelorette.ca\/fr\/produit\/deodorant-vapo-ecotrail\/#primaryimage","url":"https:\/\/beautesantelorette.ca\/wp-content\/uploads\/2021\/10\/Ecotrail-Deodorant-Spray.jpg","contentUrl":"https:\/\/beautesantelorette.ca\/wp-content\/uploads\/2021\/10\/Ecotrail-Deodorant-Spray.jpg","width":1200,"height":1200,"caption":"D\u00e9odorant Vapo \u00c9cotrail"},{"@type":"BreadcrumbList","@id":"https:\/\/beautesantelorette.ca\/fr\/produit\/deodorant-vapo-ecotrail\/#breadcrumb","itemListElement":[{"@type":"ListItem","position":1,"name":"Home","item":"https:\/\/beautesantelorette.ca\/fr\/"},{"@type":"ListItem","position":2,"name":"Boutique","item":"https:\/\/beautesantelorette.ca\/fr\/boutique\/"},{"@type":"ListItem","position":3,"name":"D\u00e9odorant Vapo \u00c9cotrail"}]},{"@type":"WebSite","@id":"https:\/\/beautesantelorette.ca\/fr\/#website","url":"https:\/\/beautesantelorette.ca\/fr\/","name":"Beaut\u00e9 Sant\u00e9 Lorette","description":"Confiez-Nous Le Soin de VOTRE PEAU","publisher":{"@id":"https:\/\/beautesantelorette.ca\/fr\/#organization"},"potentialAction":[{"@type":"SearchAction","target":{"@type":"EntryPoint","urlTemplate":"https:\/\/beautesantelorette.ca\/fr\/?s={search_term_string}"},"query-input":{"@type":"PropertyValueSpecification","valueRequired":true,"valueName":"search_term_string"}}],"inLanguage":"fr-FR"},{"@type":"Organization","@id":"https:\/\/beautesantelorette.ca\/fr\/#organization","name":"Beaut\u00e9 Sant\u00e9 Lorette","url":"https:\/\/beautesantelorette.ca\/fr\/","logo":{"@type":"ImageObject","inLanguage":"fr-FR","@id":"https:\/\/beautesantelorette.ca\/fr\/#\/schema\/logo\/image\/","url":"https:\/\/beautesantelorette.ca\/wp-content\/uploads\/2021\/10\/bsl_surfgirl_logo_pos-1.svg","contentUrl":"https:\/\/beautesantelorette.ca\/wp-content\/uploads\/2021\/10\/bsl_surfgirl_logo_pos-1.svg","width":1533,"height":1200,"caption":"Beaut\u00e9 Sant\u00e9 Lorette"},"image":{"@id":"https:\/\/beautesantelorette.ca\/fr\/#\/schema\/logo\/image\/"},"sameAs":["https:\/\/www.facebook.com\/BeauteSanteLorette\/","https:\/\/www.instagram.com\/beautesantelorette\/"]}]}},"jetpack_sharing_enabled":true,"_links":{"self":[{"href":"https:\/\/beautesantelorette.ca\/fr\/wp-json\/wp\/v2\/product\/22573","targetHints":{"allow":["GET"]}}],"collection":[{"href":"https:\/\/beautesantelorette.ca\/fr\/wp-json\/wp\/v2\/product"}],"about":[{"href":"https:\/\/beautesantelorette.ca\/fr\/wp-json\/wp\/v2\/types\/product"}],"replies":[{"embeddable":true,"href":"https:\/\/beautesantelorette.ca\/fr\/wp-json\/wp\/v2\/comments?post=22573"}],"wp:featuredmedia":[{"embeddable":true,"href":"https:\/\/beautesantelorette.ca\/fr\/wp-json\/wp\/v2\/media\/21753"}],"wp:attachment":[{"href":"https:\/\/beautesantelorette.ca\/fr\/wp-json\/wp\/v2\/media?parent=22573"}],"wp:term":[{"taxonomy":"product_brand","embeddable":true,"href":"https:\/\/beautesantelorette.ca\/fr\/wp-json\/wp\/v2\/product_brand?post=22573"},{"taxonomy":"product_cat","embeddable":true,"href":"https:\/\/beautesantelorette.ca\/fr\/wp-json\/wp\/v2\/product_cat?post=22573"},{"taxonomy":"product_tag","embeddable":true,"href":"https:\/\/beautesantelorette.ca\/fr\/wp-json\/wp\/v2\/product_tag?post=22573"}],"curies":[{"name":"wp","href":"https:\/\/api.w.org\/{rel}","templated":true}]}}