{"id":22598,"date":"2021-10-01T19:27:25","date_gmt":"2021-10-01T19:27:25","guid":{"rendered":"https:\/\/beautelorette.wpengine.com\/product\/anti-aging-cream\/"},"modified":"2024-11-19T09:54:42","modified_gmt":"2024-11-19T09:54:42","slug":"creme-anti-age","status":"publish","type":"product","link":"https:\/\/beautesantelorette.ca\/fr\/produit\/creme-anti-age\/","title":{"rendered":"Cr\u00e8me Anti-\u00c2ge"},"content":{"rendered":"","protected":false},"excerpt":{"rendered":"<p>Cr\u00e8me Anti-\u00c2ge Druide qui nourrit la peau en l\u2019hydratant de sorte que le teint appara\u00eet revitalis\u00e9 et les rides semblent estomp\u00e9es. Enrichie en extrait de fleur de Marronnier d\u2019Inde et de Lotus, riches en esculine protectrice et en oligo\u00e9l\u00e9ments et en acide hyaluronique. Appliquer quotidiennement, pour une peau qui para\u00eet visiblement revitalis\u00e9e et rajeunie.<\/p>\n","protected":false},"featured_media":21778,"comment_status":"open","ping_status":"closed","template":"","meta":[],"product_brand":[],"product_cat":[238,231,256],"product_tag":[],"class_list":{"0":"post-22598","1":"product","2":"type-product","3":"status-publish","4":"has-post-thumbnail","6":"product_cat-biolove-fr","7":"product_cat-druide-fr","8":"product_cat-traitements","10":"first","11":"instock","12":"taxable","13":"shipping-taxable","14":"purchasable","15":"product-type-simple"},"yoast_head":"<!-- This site is optimized with the Yoast SEO plugin v27.3 - https:\/\/yoast.com\/product\/yoast-seo-wordpress\/ -->\n<title>Cr\u00e8me Anti-\u00c2ge - Beaut\u00e9 Sant\u00e9 Lorette<\/title>\n<meta name=\"description\" content=\"Cr\u00e8me Anti-\u00c2ge Druide qui nourrit la peau en l\u2019hydratant de sorte que le teint appara\u00eet revitalis\u00e9 et les rides semblent estomp\u00e9es. Enrichie en extrait de fleur de Marronnier d\u2019Inde et de Lotus, riches en esculine protectrice et en oligo\u00e9l\u00e9ments et en acide hyaluronique. Appliquer quotidiennement, pour une peau qui para\u00eet visiblement revitalis\u00e9e et rajeunie.\" \/>\n<meta name=\"robots\" content=\"index, follow, max-snippet:-1, max-image-preview:large, max-video-preview:-1\" \/>\n<link rel=\"canonical\" href=\"https:\/\/beautesantelorette.ca\/fr\/produit\/creme-anti-age\/\" \/>\n<meta property=\"og:locale\" content=\"fr_FR\" \/>\n<meta property=\"og:type\" content=\"article\" \/>\n<meta property=\"og:title\" content=\"Cr\u00e8me Anti-\u00c2ge - Beaut\u00e9 Sant\u00e9 Lorette\" \/>\n<meta property=\"og:description\" content=\"Cr\u00e8me Anti-\u00c2ge Druide qui nourrit la peau en l\u2019hydratant de sorte que le teint appara\u00eet revitalis\u00e9 et les rides semblent estomp\u00e9es. Enrichie en extrait de fleur de Marronnier d\u2019Inde et de Lotus, riches en esculine protectrice et en oligo\u00e9l\u00e9ments et en acide hyaluronique. Appliquer quotidiennement, pour une peau qui para\u00eet visiblement revitalis\u00e9e et rajeunie.\" \/>\n<meta property=\"og:url\" content=\"https:\/\/beautesantelorette.ca\/fr\/produit\/creme-anti-age\/\" \/>\n<meta property=\"og:site_name\" content=\"Beaut\u00e9 Sant\u00e9 Lorette\" \/>\n<meta property=\"article:publisher\" content=\"https:\/\/www.facebook.com\/BeauteSanteLorette\/\" \/>\n<meta property=\"article:modified_time\" content=\"2024-11-19T09:54:42+00:00\" \/>\n<meta property=\"og:image\" content=\"https:\/\/beautesantelorette.ca\/wp-content\/uploads\/2021\/10\/Anti-Aging-Cream.jpg\" \/>\n\t<meta property=\"og:image:width\" content=\"1200\" \/>\n\t<meta property=\"og:image:height\" content=\"1200\" \/>\n\t<meta property=\"og:image:type\" content=\"image\/jpeg\" \/>\n<meta name=\"twitter:card\" content=\"summary_large_image\" \/>\n<script type=\"application\/ld+json\" class=\"yoast-schema-graph\">{\"@context\":\"https:\\\/\\\/schema.org\",\"@graph\":[{\"@type\":\"WebPage\",\"@id\":\"https:\\\/\\\/beautesantelorette.ca\\\/fr\\\/produit\\\/creme-anti-age\\\/\",\"url\":\"https:\\\/\\\/beautesantelorette.ca\\\/fr\\\/produit\\\/creme-anti-age\\\/\",\"name\":\"Cr\u00e8me Anti-\u00c2ge - Beaut\u00e9 Sant\u00e9 Lorette\",\"isPartOf\":{\"@id\":\"https:\\\/\\\/beautesantelorette.ca\\\/fr\\\/#website\"},\"primaryImageOfPage\":{\"@id\":\"https:\\\/\\\/beautesantelorette.ca\\\/fr\\\/produit\\\/creme-anti-age\\\/#primaryimage\"},\"image\":{\"@id\":\"https:\\\/\\\/beautesantelorette.ca\\\/fr\\\/produit\\\/creme-anti-age\\\/#primaryimage\"},\"thumbnailUrl\":\"https:\\\/\\\/beautesantelorette.ca\\\/wp-content\\\/uploads\\\/2021\\\/10\\\/Anti-Aging-Cream.jpg\",\"datePublished\":\"2021-10-01T19:27:25+00:00\",\"dateModified\":\"2024-11-19T09:54:42+00:00\",\"description\":\"Cr\u00e8me Anti-\u00c2ge Druide qui nourrit la peau en l\u2019hydratant de sorte que le teint appara\u00eet revitalis\u00e9 et les rides semblent estomp\u00e9es. Enrichie en extrait de fleur de Marronnier d\u2019Inde et de Lotus, riches en esculine protectrice et en oligo\u00e9l\u00e9ments et en acide hyaluronique. Appliquer quotidiennement, pour une peau qui para\u00eet visiblement revitalis\u00e9e et rajeunie.\",\"breadcrumb\":{\"@id\":\"https:\\\/\\\/beautesantelorette.ca\\\/fr\\\/produit\\\/creme-anti-age\\\/#breadcrumb\"},\"inLanguage\":\"fr-FR\",\"potentialAction\":[{\"@type\":\"ReadAction\",\"target\":[\"https:\\\/\\\/beautesantelorette.ca\\\/fr\\\/produit\\\/creme-anti-age\\\/\"]}]},{\"@type\":\"ImageObject\",\"inLanguage\":\"fr-FR\",\"@id\":\"https:\\\/\\\/beautesantelorette.ca\\\/fr\\\/produit\\\/creme-anti-age\\\/#primaryimage\",\"url\":\"https:\\\/\\\/beautesantelorette.ca\\\/wp-content\\\/uploads\\\/2021\\\/10\\\/Anti-Aging-Cream.jpg\",\"contentUrl\":\"https:\\\/\\\/beautesantelorette.ca\\\/wp-content\\\/uploads\\\/2021\\\/10\\\/Anti-Aging-Cream.jpg\",\"width\":1200,\"height\":1200,\"caption\":\"Cr\u00e8me Anti-\u00c2ge\"},{\"@type\":\"BreadcrumbList\",\"@id\":\"https:\\\/\\\/beautesantelorette.ca\\\/fr\\\/produit\\\/creme-anti-age\\\/#breadcrumb\",\"itemListElement\":[{\"@type\":\"ListItem\",\"position\":1,\"name\":\"Home\",\"item\":\"https:\\\/\\\/beautesantelorette.ca\\\/fr\\\/\"},{\"@type\":\"ListItem\",\"position\":2,\"name\":\"Boutique\",\"item\":\"https:\\\/\\\/beautesantelorette.ca\\\/fr\\\/boutique\\\/\"},{\"@type\":\"ListItem\",\"position\":3,\"name\":\"Cr\u00e8me Anti-\u00c2ge\"}]},{\"@type\":\"WebSite\",\"@id\":\"https:\\\/\\\/beautesantelorette.ca\\\/fr\\\/#website\",\"url\":\"https:\\\/\\\/beautesantelorette.ca\\\/fr\\\/\",\"name\":\"Beaut\u00e9 Sant\u00e9 Lorette\",\"description\":\"Confiez-Nous Le Soin de VOTRE PEAU\",\"publisher\":{\"@id\":\"https:\\\/\\\/beautesantelorette.ca\\\/fr\\\/#organization\"},\"potentialAction\":[{\"@type\":\"SearchAction\",\"target\":{\"@type\":\"EntryPoint\",\"urlTemplate\":\"https:\\\/\\\/beautesantelorette.ca\\\/fr\\\/?s={search_term_string}\"},\"query-input\":{\"@type\":\"PropertyValueSpecification\",\"valueRequired\":true,\"valueName\":\"search_term_string\"}}],\"inLanguage\":\"fr-FR\"},{\"@type\":\"Organization\",\"@id\":\"https:\\\/\\\/beautesantelorette.ca\\\/fr\\\/#organization\",\"name\":\"Beaut\u00e9 Sant\u00e9 Lorette\",\"url\":\"https:\\\/\\\/beautesantelorette.ca\\\/fr\\\/\",\"logo\":{\"@type\":\"ImageObject\",\"inLanguage\":\"fr-FR\",\"@id\":\"https:\\\/\\\/beautesantelorette.ca\\\/fr\\\/#\\\/schema\\\/logo\\\/image\\\/\",\"url\":\"https:\\\/\\\/beautesantelorette.ca\\\/wp-content\\\/uploads\\\/2021\\\/10\\\/bsl_surfgirl_logo_pos-1.svg\",\"contentUrl\":\"https:\\\/\\\/beautesantelorette.ca\\\/wp-content\\\/uploads\\\/2021\\\/10\\\/bsl_surfgirl_logo_pos-1.svg\",\"width\":1533,\"height\":1200,\"caption\":\"Beaut\u00e9 Sant\u00e9 Lorette\"},\"image\":{\"@id\":\"https:\\\/\\\/beautesantelorette.ca\\\/fr\\\/#\\\/schema\\\/logo\\\/image\\\/\"},\"sameAs\":[\"https:\\\/\\\/www.facebook.com\\\/BeauteSanteLorette\\\/\",\"https:\\\/\\\/www.instagram.com\\\/beautesantelorette\\\/\"]}]}<\/script>\n<!-- \/ Yoast SEO plugin. -->","yoast_head_json":{"title":"Cr\u00e8me Anti-\u00c2ge - Beaut\u00e9 Sant\u00e9 Lorette","description":"Cr\u00e8me Anti-\u00c2ge Druide qui nourrit la peau en l\u2019hydratant de sorte que le teint appara\u00eet revitalis\u00e9 et les rides semblent estomp\u00e9es. Enrichie en extrait de fleur de Marronnier d\u2019Inde et de Lotus, riches en esculine protectrice et en oligo\u00e9l\u00e9ments et en acide hyaluronique. Appliquer quotidiennement, pour une peau qui para\u00eet visiblement revitalis\u00e9e et rajeunie.","robots":{"index":"index","follow":"follow","max-snippet":"max-snippet:-1","max-image-preview":"max-image-preview:large","max-video-preview":"max-video-preview:-1"},"canonical":"https:\/\/beautesantelorette.ca\/fr\/produit\/creme-anti-age\/","og_locale":"fr_FR","og_type":"article","og_title":"Cr\u00e8me Anti-\u00c2ge - Beaut\u00e9 Sant\u00e9 Lorette","og_description":"Cr\u00e8me Anti-\u00c2ge Druide qui nourrit la peau en l\u2019hydratant de sorte que le teint appara\u00eet revitalis\u00e9 et les rides semblent estomp\u00e9es. Enrichie en extrait de fleur de Marronnier d\u2019Inde et de Lotus, riches en esculine protectrice et en oligo\u00e9l\u00e9ments et en acide hyaluronique. Appliquer quotidiennement, pour une peau qui para\u00eet visiblement revitalis\u00e9e et rajeunie.","og_url":"https:\/\/beautesantelorette.ca\/fr\/produit\/creme-anti-age\/","og_site_name":"Beaut\u00e9 Sant\u00e9 Lorette","article_publisher":"https:\/\/www.facebook.com\/BeauteSanteLorette\/","article_modified_time":"2024-11-19T09:54:42+00:00","og_image":[{"width":1200,"height":1200,"url":"https:\/\/beautesantelorette.ca\/wp-content\/uploads\/2021\/10\/Anti-Aging-Cream.jpg","type":"image\/jpeg"}],"twitter_card":"summary_large_image","schema":{"@context":"https:\/\/schema.org","@graph":[{"@type":"WebPage","@id":"https:\/\/beautesantelorette.ca\/fr\/produit\/creme-anti-age\/","url":"https:\/\/beautesantelorette.ca\/fr\/produit\/creme-anti-age\/","name":"Cr\u00e8me Anti-\u00c2ge - Beaut\u00e9 Sant\u00e9 Lorette","isPartOf":{"@id":"https:\/\/beautesantelorette.ca\/fr\/#website"},"primaryImageOfPage":{"@id":"https:\/\/beautesantelorette.ca\/fr\/produit\/creme-anti-age\/#primaryimage"},"image":{"@id":"https:\/\/beautesantelorette.ca\/fr\/produit\/creme-anti-age\/#primaryimage"},"thumbnailUrl":"https:\/\/beautesantelorette.ca\/wp-content\/uploads\/2021\/10\/Anti-Aging-Cream.jpg","datePublished":"2021-10-01T19:27:25+00:00","dateModified":"2024-11-19T09:54:42+00:00","description":"Cr\u00e8me Anti-\u00c2ge Druide qui nourrit la peau en l\u2019hydratant de sorte que le teint appara\u00eet revitalis\u00e9 et les rides semblent estomp\u00e9es. Enrichie en extrait de fleur de Marronnier d\u2019Inde et de Lotus, riches en esculine protectrice et en oligo\u00e9l\u00e9ments et en acide hyaluronique. Appliquer quotidiennement, pour une peau qui para\u00eet visiblement revitalis\u00e9e et rajeunie.","breadcrumb":{"@id":"https:\/\/beautesantelorette.ca\/fr\/produit\/creme-anti-age\/#breadcrumb"},"inLanguage":"fr-FR","potentialAction":[{"@type":"ReadAction","target":["https:\/\/beautesantelorette.ca\/fr\/produit\/creme-anti-age\/"]}]},{"@type":"ImageObject","inLanguage":"fr-FR","@id":"https:\/\/beautesantelorette.ca\/fr\/produit\/creme-anti-age\/#primaryimage","url":"https:\/\/beautesantelorette.ca\/wp-content\/uploads\/2021\/10\/Anti-Aging-Cream.jpg","contentUrl":"https:\/\/beautesantelorette.ca\/wp-content\/uploads\/2021\/10\/Anti-Aging-Cream.jpg","width":1200,"height":1200,"caption":"Cr\u00e8me Anti-\u00c2ge"},{"@type":"BreadcrumbList","@id":"https:\/\/beautesantelorette.ca\/fr\/produit\/creme-anti-age\/#breadcrumb","itemListElement":[{"@type":"ListItem","position":1,"name":"Home","item":"https:\/\/beautesantelorette.ca\/fr\/"},{"@type":"ListItem","position":2,"name":"Boutique","item":"https:\/\/beautesantelorette.ca\/fr\/boutique\/"},{"@type":"ListItem","position":3,"name":"Cr\u00e8me Anti-\u00c2ge"}]},{"@type":"WebSite","@id":"https:\/\/beautesantelorette.ca\/fr\/#website","url":"https:\/\/beautesantelorette.ca\/fr\/","name":"Beaut\u00e9 Sant\u00e9 Lorette","description":"Confiez-Nous Le Soin de VOTRE PEAU","publisher":{"@id":"https:\/\/beautesantelorette.ca\/fr\/#organization"},"potentialAction":[{"@type":"SearchAction","target":{"@type":"EntryPoint","urlTemplate":"https:\/\/beautesantelorette.ca\/fr\/?s={search_term_string}"},"query-input":{"@type":"PropertyValueSpecification","valueRequired":true,"valueName":"search_term_string"}}],"inLanguage":"fr-FR"},{"@type":"Organization","@id":"https:\/\/beautesantelorette.ca\/fr\/#organization","name":"Beaut\u00e9 Sant\u00e9 Lorette","url":"https:\/\/beautesantelorette.ca\/fr\/","logo":{"@type":"ImageObject","inLanguage":"fr-FR","@id":"https:\/\/beautesantelorette.ca\/fr\/#\/schema\/logo\/image\/","url":"https:\/\/beautesantelorette.ca\/wp-content\/uploads\/2021\/10\/bsl_surfgirl_logo_pos-1.svg","contentUrl":"https:\/\/beautesantelorette.ca\/wp-content\/uploads\/2021\/10\/bsl_surfgirl_logo_pos-1.svg","width":1533,"height":1200,"caption":"Beaut\u00e9 Sant\u00e9 Lorette"},"image":{"@id":"https:\/\/beautesantelorette.ca\/fr\/#\/schema\/logo\/image\/"},"sameAs":["https:\/\/www.facebook.com\/BeauteSanteLorette\/","https:\/\/www.instagram.com\/beautesantelorette\/"]}]}},"jetpack_sharing_enabled":true,"_links":{"self":[{"href":"https:\/\/beautesantelorette.ca\/fr\/wp-json\/wp\/v2\/product\/22598","targetHints":{"allow":["GET"]}}],"collection":[{"href":"https:\/\/beautesantelorette.ca\/fr\/wp-json\/wp\/v2\/product"}],"about":[{"href":"https:\/\/beautesantelorette.ca\/fr\/wp-json\/wp\/v2\/types\/product"}],"replies":[{"embeddable":true,"href":"https:\/\/beautesantelorette.ca\/fr\/wp-json\/wp\/v2\/comments?post=22598"}],"wp:featuredmedia":[{"embeddable":true,"href":"https:\/\/beautesantelorette.ca\/fr\/wp-json\/wp\/v2\/media\/21778"}],"wp:attachment":[{"href":"https:\/\/beautesantelorette.ca\/fr\/wp-json\/wp\/v2\/media?parent=22598"}],"wp:term":[{"taxonomy":"product_brand","embeddable":true,"href":"https:\/\/beautesantelorette.ca\/fr\/wp-json\/wp\/v2\/product_brand?post=22598"},{"taxonomy":"product_cat","embeddable":true,"href":"https:\/\/beautesantelorette.ca\/fr\/wp-json\/wp\/v2\/product_cat?post=22598"},{"taxonomy":"product_tag","embeddable":true,"href":"https:\/\/beautesantelorette.ca\/fr\/wp-json\/wp\/v2\/product_tag?post=22598"}],"curies":[{"name":"wp","href":"https:\/\/api.w.org\/{rel}","templated":true}]}}