{"id":22614,"date":"2021-10-02T14:56:26","date_gmt":"2021-10-02T14:56:26","guid":{"rendered":"https:\/\/beautelorette.wpengine.com\/product\/sensual-foaming-bath\/"},"modified":"2022-03-24T14:45:00","modified_gmt":"2022-03-24T14:45:00","slug":"bain-moussant-sensual","status":"publish","type":"product","link":"https:\/\/beautesantelorette.ca\/fr\/produit\/bain-moussant-sensual\/","title":{"rendered":"Bain Moussant Sensual"},"content":{"rendered":"","protected":false},"excerpt":{"rendered":"<p>Le Bain Moussant Sensual Druide est un bain moussant relaxant et enivrant. Contient des extraits euphorisants et r\u00e9confortants d\u2019\u00e9pices exotiques et sucr\u00e9es pour d\u00e9cupler le plaisir des sens. Forme une mousse l\u00e9g\u00e8re qui enveloppe la peau dans un voile de douceur. Senteur envo\u00fbtante qui \u00e9veille les sens. Id\u00e9al pour tous les types de peau.<\/p>\n","protected":false},"featured_media":21845,"comment_status":"open","ping_status":"closed","template":"","meta":[],"product_brand":[],"product_cat":[231,259],"product_tag":[],"class_list":{"0":"post-22614","1":"product","2":"type-product","3":"status-publish","4":"has-post-thumbnail","6":"product_cat-druide-fr","7":"product_cat-soins-des-cheveux-corps","9":"first","10":"instock","11":"taxable","12":"shipping-taxable","13":"purchasable","14":"product-type-simple"},"yoast_head":"<!-- This site is optimized with the Yoast SEO plugin v27.4 - https:\/\/yoast.com\/product\/yoast-seo-wordpress\/ -->\n<title>Bain Moussant Sensual - Beaut\u00e9 Sant\u00e9 Lorette<\/title>\n<meta name=\"description\" content=\"Le Bain Moussant Sensual Druide est un bain moussant relaxant et enivrant. Contient des extraits euphorisants et r\u00e9confortants d\u2019\u00e9pices exotiques et sucr\u00e9es pour d\u00e9cupler le plaisir des sens. Forme une mousse l\u00e9g\u00e8re qui enveloppe la peau dans un voile de douceur. Senteur envo\u00fbtante qui \u00e9veille les sens. Id\u00e9al pour tous les types de peau.\" \/>\n<meta name=\"robots\" content=\"index, follow, max-snippet:-1, max-image-preview:large, max-video-preview:-1\" \/>\n<link rel=\"canonical\" href=\"https:\/\/beautesantelorette.ca\/fr\/produit\/bain-moussant-sensual\/\" \/>\n<meta property=\"og:locale\" content=\"fr_FR\" \/>\n<meta property=\"og:type\" content=\"article\" \/>\n<meta property=\"og:title\" content=\"Bain Moussant Sensual - Beaut\u00e9 Sant\u00e9 Lorette\" \/>\n<meta property=\"og:description\" content=\"Le Bain Moussant Sensual Druide est un bain moussant relaxant et enivrant. Contient des extraits euphorisants et r\u00e9confortants d\u2019\u00e9pices exotiques et sucr\u00e9es pour d\u00e9cupler le plaisir des sens. Forme une mousse l\u00e9g\u00e8re qui enveloppe la peau dans un voile de douceur. Senteur envo\u00fbtante qui \u00e9veille les sens. Id\u00e9al pour tous les types de peau.\" \/>\n<meta property=\"og:url\" content=\"https:\/\/beautesantelorette.ca\/fr\/produit\/bain-moussant-sensual\/\" \/>\n<meta property=\"og:site_name\" content=\"Beaut\u00e9 Sant\u00e9 Lorette\" \/>\n<meta property=\"article:publisher\" content=\"https:\/\/www.facebook.com\/BeauteSanteLorette\/\" \/>\n<meta property=\"article:modified_time\" content=\"2022-03-24T14:45:00+00:00\" \/>\n<meta property=\"og:image\" content=\"https:\/\/beautesantelorette.ca\/wp-content\/uploads\/2021\/10\/Sensual-Foaming-Bath.jpg\" \/>\n\t<meta property=\"og:image:width\" content=\"1000\" \/>\n\t<meta property=\"og:image:height\" content=\"1000\" \/>\n\t<meta property=\"og:image:type\" content=\"image\/jpeg\" \/>\n<meta name=\"twitter:card\" content=\"summary_large_image\" \/>\n<script type=\"application\/ld+json\" class=\"yoast-schema-graph\">{\"@context\":\"https:\\\/\\\/schema.org\",\"@graph\":[{\"@type\":\"WebPage\",\"@id\":\"https:\\\/\\\/beautesantelorette.ca\\\/fr\\\/produit\\\/bain-moussant-sensual\\\/\",\"url\":\"https:\\\/\\\/beautesantelorette.ca\\\/fr\\\/produit\\\/bain-moussant-sensual\\\/\",\"name\":\"Bain Moussant Sensual - Beaut\u00e9 Sant\u00e9 Lorette\",\"isPartOf\":{\"@id\":\"https:\\\/\\\/beautesantelorette.ca\\\/fr\\\/#website\"},\"primaryImageOfPage\":{\"@id\":\"https:\\\/\\\/beautesantelorette.ca\\\/fr\\\/produit\\\/bain-moussant-sensual\\\/#primaryimage\"},\"image\":{\"@id\":\"https:\\\/\\\/beautesantelorette.ca\\\/fr\\\/produit\\\/bain-moussant-sensual\\\/#primaryimage\"},\"thumbnailUrl\":\"https:\\\/\\\/beautesantelorette.ca\\\/wp-content\\\/uploads\\\/2021\\\/10\\\/Sensual-Foaming-Bath.jpg\",\"datePublished\":\"2021-10-02T14:56:26+00:00\",\"dateModified\":\"2022-03-24T14:45:00+00:00\",\"description\":\"Le Bain Moussant Sensual Druide est un bain moussant relaxant et enivrant. Contient des extraits euphorisants et r\u00e9confortants d\u2019\u00e9pices exotiques et sucr\u00e9es pour d\u00e9cupler le plaisir des sens. Forme une mousse l\u00e9g\u00e8re qui enveloppe la peau dans un voile de douceur. Senteur envo\u00fbtante qui \u00e9veille les sens. Id\u00e9al pour tous les types de peau.\",\"breadcrumb\":{\"@id\":\"https:\\\/\\\/beautesantelorette.ca\\\/fr\\\/produit\\\/bain-moussant-sensual\\\/#breadcrumb\"},\"inLanguage\":\"fr-FR\",\"potentialAction\":[{\"@type\":\"ReadAction\",\"target\":[\"https:\\\/\\\/beautesantelorette.ca\\\/fr\\\/produit\\\/bain-moussant-sensual\\\/\"]}]},{\"@type\":\"ImageObject\",\"inLanguage\":\"fr-FR\",\"@id\":\"https:\\\/\\\/beautesantelorette.ca\\\/fr\\\/produit\\\/bain-moussant-sensual\\\/#primaryimage\",\"url\":\"https:\\\/\\\/beautesantelorette.ca\\\/wp-content\\\/uploads\\\/2021\\\/10\\\/Sensual-Foaming-Bath.jpg\",\"contentUrl\":\"https:\\\/\\\/beautesantelorette.ca\\\/wp-content\\\/uploads\\\/2021\\\/10\\\/Sensual-Foaming-Bath.jpg\",\"width\":1000,\"height\":1000,\"caption\":\"Bain Moussant Sensual\"},{\"@type\":\"BreadcrumbList\",\"@id\":\"https:\\\/\\\/beautesantelorette.ca\\\/fr\\\/produit\\\/bain-moussant-sensual\\\/#breadcrumb\",\"itemListElement\":[{\"@type\":\"ListItem\",\"position\":1,\"name\":\"Home\",\"item\":\"https:\\\/\\\/beautesantelorette.ca\\\/fr\\\/\"},{\"@type\":\"ListItem\",\"position\":2,\"name\":\"Boutique\",\"item\":\"https:\\\/\\\/beautesantelorette.ca\\\/fr\\\/boutique\\\/\"},{\"@type\":\"ListItem\",\"position\":3,\"name\":\"Bain Moussant Sensual\"}]},{\"@type\":\"WebSite\",\"@id\":\"https:\\\/\\\/beautesantelorette.ca\\\/fr\\\/#website\",\"url\":\"https:\\\/\\\/beautesantelorette.ca\\\/fr\\\/\",\"name\":\"Beaut\u00e9 Sant\u00e9 Lorette\",\"description\":\"Confiez-Nous Le Soin de VOTRE PEAU\",\"publisher\":{\"@id\":\"https:\\\/\\\/beautesantelorette.ca\\\/fr\\\/#organization\"},\"potentialAction\":[{\"@type\":\"SearchAction\",\"target\":{\"@type\":\"EntryPoint\",\"urlTemplate\":\"https:\\\/\\\/beautesantelorette.ca\\\/fr\\\/?s={search_term_string}\"},\"query-input\":{\"@type\":\"PropertyValueSpecification\",\"valueRequired\":true,\"valueName\":\"search_term_string\"}}],\"inLanguage\":\"fr-FR\"},{\"@type\":\"Organization\",\"@id\":\"https:\\\/\\\/beautesantelorette.ca\\\/fr\\\/#organization\",\"name\":\"Beaut\u00e9 Sant\u00e9 Lorette\",\"url\":\"https:\\\/\\\/beautesantelorette.ca\\\/fr\\\/\",\"logo\":{\"@type\":\"ImageObject\",\"inLanguage\":\"fr-FR\",\"@id\":\"https:\\\/\\\/beautesantelorette.ca\\\/fr\\\/#\\\/schema\\\/logo\\\/image\\\/\",\"url\":\"https:\\\/\\\/beautesantelorette.ca\\\/wp-content\\\/uploads\\\/2021\\\/10\\\/bsl_surfgirl_logo_pos-1.svg\",\"contentUrl\":\"https:\\\/\\\/beautesantelorette.ca\\\/wp-content\\\/uploads\\\/2021\\\/10\\\/bsl_surfgirl_logo_pos-1.svg\",\"width\":1533,\"height\":1200,\"caption\":\"Beaut\u00e9 Sant\u00e9 Lorette\"},\"image\":{\"@id\":\"https:\\\/\\\/beautesantelorette.ca\\\/fr\\\/#\\\/schema\\\/logo\\\/image\\\/\"},\"sameAs\":[\"https:\\\/\\\/www.facebook.com\\\/BeauteSanteLorette\\\/\",\"https:\\\/\\\/www.instagram.com\\\/beautesantelorette\\\/\"]}]}<\/script>\n<!-- \/ Yoast SEO plugin. -->","yoast_head_json":{"title":"Bain Moussant Sensual - Beaut\u00e9 Sant\u00e9 Lorette","description":"Le Bain Moussant Sensual Druide est un bain moussant relaxant et enivrant. Contient des extraits euphorisants et r\u00e9confortants d\u2019\u00e9pices exotiques et sucr\u00e9es pour d\u00e9cupler le plaisir des sens. Forme une mousse l\u00e9g\u00e8re qui enveloppe la peau dans un voile de douceur. Senteur envo\u00fbtante qui \u00e9veille les sens. Id\u00e9al pour tous les types de peau.","robots":{"index":"index","follow":"follow","max-snippet":"max-snippet:-1","max-image-preview":"max-image-preview:large","max-video-preview":"max-video-preview:-1"},"canonical":"https:\/\/beautesantelorette.ca\/fr\/produit\/bain-moussant-sensual\/","og_locale":"fr_FR","og_type":"article","og_title":"Bain Moussant Sensual - Beaut\u00e9 Sant\u00e9 Lorette","og_description":"Le Bain Moussant Sensual Druide est un bain moussant relaxant et enivrant. Contient des extraits euphorisants et r\u00e9confortants d\u2019\u00e9pices exotiques et sucr\u00e9es pour d\u00e9cupler le plaisir des sens. Forme une mousse l\u00e9g\u00e8re qui enveloppe la peau dans un voile de douceur. Senteur envo\u00fbtante qui \u00e9veille les sens. Id\u00e9al pour tous les types de peau.","og_url":"https:\/\/beautesantelorette.ca\/fr\/produit\/bain-moussant-sensual\/","og_site_name":"Beaut\u00e9 Sant\u00e9 Lorette","article_publisher":"https:\/\/www.facebook.com\/BeauteSanteLorette\/","article_modified_time":"2022-03-24T14:45:00+00:00","og_image":[{"width":1000,"height":1000,"url":"https:\/\/beautesantelorette.ca\/wp-content\/uploads\/2021\/10\/Sensual-Foaming-Bath.jpg","type":"image\/jpeg"}],"twitter_card":"summary_large_image","schema":{"@context":"https:\/\/schema.org","@graph":[{"@type":"WebPage","@id":"https:\/\/beautesantelorette.ca\/fr\/produit\/bain-moussant-sensual\/","url":"https:\/\/beautesantelorette.ca\/fr\/produit\/bain-moussant-sensual\/","name":"Bain Moussant Sensual - Beaut\u00e9 Sant\u00e9 Lorette","isPartOf":{"@id":"https:\/\/beautesantelorette.ca\/fr\/#website"},"primaryImageOfPage":{"@id":"https:\/\/beautesantelorette.ca\/fr\/produit\/bain-moussant-sensual\/#primaryimage"},"image":{"@id":"https:\/\/beautesantelorette.ca\/fr\/produit\/bain-moussant-sensual\/#primaryimage"},"thumbnailUrl":"https:\/\/beautesantelorette.ca\/wp-content\/uploads\/2021\/10\/Sensual-Foaming-Bath.jpg","datePublished":"2021-10-02T14:56:26+00:00","dateModified":"2022-03-24T14:45:00+00:00","description":"Le Bain Moussant Sensual Druide est un bain moussant relaxant et enivrant. Contient des extraits euphorisants et r\u00e9confortants d\u2019\u00e9pices exotiques et sucr\u00e9es pour d\u00e9cupler le plaisir des sens. Forme une mousse l\u00e9g\u00e8re qui enveloppe la peau dans un voile de douceur. Senteur envo\u00fbtante qui \u00e9veille les sens. Id\u00e9al pour tous les types de peau.","breadcrumb":{"@id":"https:\/\/beautesantelorette.ca\/fr\/produit\/bain-moussant-sensual\/#breadcrumb"},"inLanguage":"fr-FR","potentialAction":[{"@type":"ReadAction","target":["https:\/\/beautesantelorette.ca\/fr\/produit\/bain-moussant-sensual\/"]}]},{"@type":"ImageObject","inLanguage":"fr-FR","@id":"https:\/\/beautesantelorette.ca\/fr\/produit\/bain-moussant-sensual\/#primaryimage","url":"https:\/\/beautesantelorette.ca\/wp-content\/uploads\/2021\/10\/Sensual-Foaming-Bath.jpg","contentUrl":"https:\/\/beautesantelorette.ca\/wp-content\/uploads\/2021\/10\/Sensual-Foaming-Bath.jpg","width":1000,"height":1000,"caption":"Bain Moussant Sensual"},{"@type":"BreadcrumbList","@id":"https:\/\/beautesantelorette.ca\/fr\/produit\/bain-moussant-sensual\/#breadcrumb","itemListElement":[{"@type":"ListItem","position":1,"name":"Home","item":"https:\/\/beautesantelorette.ca\/fr\/"},{"@type":"ListItem","position":2,"name":"Boutique","item":"https:\/\/beautesantelorette.ca\/fr\/boutique\/"},{"@type":"ListItem","position":3,"name":"Bain Moussant Sensual"}]},{"@type":"WebSite","@id":"https:\/\/beautesantelorette.ca\/fr\/#website","url":"https:\/\/beautesantelorette.ca\/fr\/","name":"Beaut\u00e9 Sant\u00e9 Lorette","description":"Confiez-Nous Le Soin de VOTRE PEAU","publisher":{"@id":"https:\/\/beautesantelorette.ca\/fr\/#organization"},"potentialAction":[{"@type":"SearchAction","target":{"@type":"EntryPoint","urlTemplate":"https:\/\/beautesantelorette.ca\/fr\/?s={search_term_string}"},"query-input":{"@type":"PropertyValueSpecification","valueRequired":true,"valueName":"search_term_string"}}],"inLanguage":"fr-FR"},{"@type":"Organization","@id":"https:\/\/beautesantelorette.ca\/fr\/#organization","name":"Beaut\u00e9 Sant\u00e9 Lorette","url":"https:\/\/beautesantelorette.ca\/fr\/","logo":{"@type":"ImageObject","inLanguage":"fr-FR","@id":"https:\/\/beautesantelorette.ca\/fr\/#\/schema\/logo\/image\/","url":"https:\/\/beautesantelorette.ca\/wp-content\/uploads\/2021\/10\/bsl_surfgirl_logo_pos-1.svg","contentUrl":"https:\/\/beautesantelorette.ca\/wp-content\/uploads\/2021\/10\/bsl_surfgirl_logo_pos-1.svg","width":1533,"height":1200,"caption":"Beaut\u00e9 Sant\u00e9 Lorette"},"image":{"@id":"https:\/\/beautesantelorette.ca\/fr\/#\/schema\/logo\/image\/"},"sameAs":["https:\/\/www.facebook.com\/BeauteSanteLorette\/","https:\/\/www.instagram.com\/beautesantelorette\/"]}]}},"jetpack_sharing_enabled":true,"_links":{"self":[{"href":"https:\/\/beautesantelorette.ca\/fr\/wp-json\/wp\/v2\/product\/22614","targetHints":{"allow":["GET"]}}],"collection":[{"href":"https:\/\/beautesantelorette.ca\/fr\/wp-json\/wp\/v2\/product"}],"about":[{"href":"https:\/\/beautesantelorette.ca\/fr\/wp-json\/wp\/v2\/types\/product"}],"replies":[{"embeddable":true,"href":"https:\/\/beautesantelorette.ca\/fr\/wp-json\/wp\/v2\/comments?post=22614"}],"wp:featuredmedia":[{"embeddable":true,"href":"https:\/\/beautesantelorette.ca\/fr\/wp-json\/wp\/v2\/media\/21845"}],"wp:attachment":[{"href":"https:\/\/beautesantelorette.ca\/fr\/wp-json\/wp\/v2\/media?parent=22614"}],"wp:term":[{"taxonomy":"product_brand","embeddable":true,"href":"https:\/\/beautesantelorette.ca\/fr\/wp-json\/wp\/v2\/product_brand?post=22614"},{"taxonomy":"product_cat","embeddable":true,"href":"https:\/\/beautesantelorette.ca\/fr\/wp-json\/wp\/v2\/product_cat?post=22614"},{"taxonomy":"product_tag","embeddable":true,"href":"https:\/\/beautesantelorette.ca\/fr\/wp-json\/wp\/v2\/product_tag?post=22614"}],"curies":[{"name":"wp","href":"https:\/\/api.w.org\/{rel}","templated":true}]}}