{"id":22626,"date":"2021-10-02T15:57:39","date_gmt":"2021-10-02T15:57:39","guid":{"rendered":"https:\/\/beautelorette.wpengine.com\/product\/instant-detangling-leave-in-conditioner\/"},"modified":"2022-03-24T14:25:55","modified_gmt":"2022-03-24T14:25:55","slug":"revitalisant-demelant-instantane","status":"publish","type":"product","link":"https:\/\/beautesantelorette.ca\/fr\/produit\/revitalisant-demelant-instantane\/","title":{"rendered":"Revitalisant D\u00e9m\u00ealant Instantan\u00e9"},"content":{"rendered":"","protected":false},"excerpt":{"rendered":"<p>Le Revitalisant D\u00e9m\u00ealant Instantan\u00e9 Druide d\u00e9m\u00ealant sans rin\u00e7age. Facilite le coiffage des cheveux et discipline les m\u00e8ches rebelles. Apporte brillance et hydratation \u00e0 la chevelure sans l\u2019alourdir. Senteur naturelle rafra\u00eechissante et fruit\u00e9e. Id\u00e9al pour tous les types de cheveux. Convient aux enfants.<\/p>\n","protected":false},"featured_media":21864,"comment_status":"open","ping_status":"closed","template":"","meta":[],"product_brand":[],"product_cat":[231,259],"product_tag":[],"class_list":{"0":"post-22626","1":"product","2":"type-product","3":"status-publish","4":"has-post-thumbnail","6":"product_cat-druide-fr","7":"product_cat-soins-des-cheveux-corps","9":"first","10":"instock","11":"taxable","12":"shipping-taxable","13":"purchasable","14":"product-type-simple"},"yoast_head":"<!-- This site is optimized with the Yoast SEO plugin v27.4 - https:\/\/yoast.com\/product\/yoast-seo-wordpress\/ -->\n<title>Revitalisant D\u00e9m\u00ealant Instantan\u00e9 - Beaut\u00e9 Sant\u00e9 Lorette<\/title>\n<meta name=\"description\" content=\"Le Revitalisant D\u00e9m\u00ealant Instantan\u00e9 Druide d\u00e9m\u00ealant sans rin\u00e7age. Facilite le coiffage des cheveux et discipline les m\u00e8ches rebelles. Apporte brillance et hydratation \u00e0 la chevelure sans l\u2019alourdir. Senteur naturelle rafra\u00eechissante et fruit\u00e9e. Id\u00e9al pour tous les types de cheveux. Convient aux enfants.\" \/>\n<meta name=\"robots\" content=\"index, follow, max-snippet:-1, max-image-preview:large, max-video-preview:-1\" \/>\n<link rel=\"canonical\" href=\"https:\/\/beautesantelorette.ca\/fr\/produit\/revitalisant-demelant-instantane\/\" \/>\n<meta property=\"og:locale\" content=\"fr_FR\" \/>\n<meta property=\"og:type\" content=\"article\" \/>\n<meta property=\"og:title\" content=\"Revitalisant D\u00e9m\u00ealant Instantan\u00e9 - Beaut\u00e9 Sant\u00e9 Lorette\" \/>\n<meta property=\"og:description\" content=\"Le Revitalisant D\u00e9m\u00ealant Instantan\u00e9 Druide d\u00e9m\u00ealant sans rin\u00e7age. Facilite le coiffage des cheveux et discipline les m\u00e8ches rebelles. Apporte brillance et hydratation \u00e0 la chevelure sans l\u2019alourdir. Senteur naturelle rafra\u00eechissante et fruit\u00e9e. Id\u00e9al pour tous les types de cheveux. Convient aux enfants.\" \/>\n<meta property=\"og:url\" content=\"https:\/\/beautesantelorette.ca\/fr\/produit\/revitalisant-demelant-instantane\/\" \/>\n<meta property=\"og:site_name\" content=\"Beaut\u00e9 Sant\u00e9 Lorette\" \/>\n<meta property=\"article:publisher\" content=\"https:\/\/www.facebook.com\/BeauteSanteLorette\/\" \/>\n<meta property=\"article:modified_time\" content=\"2022-03-24T14:25:55+00:00\" \/>\n<meta property=\"og:image\" content=\"https:\/\/beautesantelorette.ca\/wp-content\/uploads\/2021\/10\/Instant-Detangling-Leave-In-Conditioner.jpg\" \/>\n\t<meta property=\"og:image:width\" content=\"1200\" \/>\n\t<meta property=\"og:image:height\" content=\"1200\" \/>\n\t<meta property=\"og:image:type\" content=\"image\/jpeg\" \/>\n<meta name=\"twitter:card\" content=\"summary_large_image\" \/>\n<script type=\"application\/ld+json\" class=\"yoast-schema-graph\">{\"@context\":\"https:\\\/\\\/schema.org\",\"@graph\":[{\"@type\":\"WebPage\",\"@id\":\"https:\\\/\\\/beautesantelorette.ca\\\/fr\\\/produit\\\/revitalisant-demelant-instantane\\\/\",\"url\":\"https:\\\/\\\/beautesantelorette.ca\\\/fr\\\/produit\\\/revitalisant-demelant-instantane\\\/\",\"name\":\"Revitalisant D\u00e9m\u00ealant Instantan\u00e9 - Beaut\u00e9 Sant\u00e9 Lorette\",\"isPartOf\":{\"@id\":\"https:\\\/\\\/beautesantelorette.ca\\\/fr\\\/#website\"},\"primaryImageOfPage\":{\"@id\":\"https:\\\/\\\/beautesantelorette.ca\\\/fr\\\/produit\\\/revitalisant-demelant-instantane\\\/#primaryimage\"},\"image\":{\"@id\":\"https:\\\/\\\/beautesantelorette.ca\\\/fr\\\/produit\\\/revitalisant-demelant-instantane\\\/#primaryimage\"},\"thumbnailUrl\":\"https:\\\/\\\/beautesantelorette.ca\\\/wp-content\\\/uploads\\\/2021\\\/10\\\/Instant-Detangling-Leave-In-Conditioner.jpg\",\"datePublished\":\"2021-10-02T15:57:39+00:00\",\"dateModified\":\"2022-03-24T14:25:55+00:00\",\"description\":\"Le Revitalisant D\u00e9m\u00ealant Instantan\u00e9 Druide d\u00e9m\u00ealant sans rin\u00e7age. Facilite le coiffage des cheveux et discipline les m\u00e8ches rebelles. Apporte brillance et hydratation \u00e0 la chevelure sans l\u2019alourdir. Senteur naturelle rafra\u00eechissante et fruit\u00e9e. Id\u00e9al pour tous les types de cheveux. Convient aux enfants.\",\"breadcrumb\":{\"@id\":\"https:\\\/\\\/beautesantelorette.ca\\\/fr\\\/produit\\\/revitalisant-demelant-instantane\\\/#breadcrumb\"},\"inLanguage\":\"fr-FR\",\"potentialAction\":[{\"@type\":\"ReadAction\",\"target\":[\"https:\\\/\\\/beautesantelorette.ca\\\/fr\\\/produit\\\/revitalisant-demelant-instantane\\\/\"]}]},{\"@type\":\"ImageObject\",\"inLanguage\":\"fr-FR\",\"@id\":\"https:\\\/\\\/beautesantelorette.ca\\\/fr\\\/produit\\\/revitalisant-demelant-instantane\\\/#primaryimage\",\"url\":\"https:\\\/\\\/beautesantelorette.ca\\\/wp-content\\\/uploads\\\/2021\\\/10\\\/Instant-Detangling-Leave-In-Conditioner.jpg\",\"contentUrl\":\"https:\\\/\\\/beautesantelorette.ca\\\/wp-content\\\/uploads\\\/2021\\\/10\\\/Instant-Detangling-Leave-In-Conditioner.jpg\",\"width\":1200,\"height\":1200,\"caption\":\"Revitalisant D\u00e9m\u00ealant Instantan\u00e9\"},{\"@type\":\"BreadcrumbList\",\"@id\":\"https:\\\/\\\/beautesantelorette.ca\\\/fr\\\/produit\\\/revitalisant-demelant-instantane\\\/#breadcrumb\",\"itemListElement\":[{\"@type\":\"ListItem\",\"position\":1,\"name\":\"Home\",\"item\":\"https:\\\/\\\/beautesantelorette.ca\\\/fr\\\/\"},{\"@type\":\"ListItem\",\"position\":2,\"name\":\"Boutique\",\"item\":\"https:\\\/\\\/beautesantelorette.ca\\\/fr\\\/boutique\\\/\"},{\"@type\":\"ListItem\",\"position\":3,\"name\":\"Revitalisant D\u00e9m\u00ealant Instantan\u00e9\"}]},{\"@type\":\"WebSite\",\"@id\":\"https:\\\/\\\/beautesantelorette.ca\\\/fr\\\/#website\",\"url\":\"https:\\\/\\\/beautesantelorette.ca\\\/fr\\\/\",\"name\":\"Beaut\u00e9 Sant\u00e9 Lorette\",\"description\":\"Confiez-Nous Le Soin de VOTRE PEAU\",\"publisher\":{\"@id\":\"https:\\\/\\\/beautesantelorette.ca\\\/fr\\\/#organization\"},\"potentialAction\":[{\"@type\":\"SearchAction\",\"target\":{\"@type\":\"EntryPoint\",\"urlTemplate\":\"https:\\\/\\\/beautesantelorette.ca\\\/fr\\\/?s={search_term_string}\"},\"query-input\":{\"@type\":\"PropertyValueSpecification\",\"valueRequired\":true,\"valueName\":\"search_term_string\"}}],\"inLanguage\":\"fr-FR\"},{\"@type\":\"Organization\",\"@id\":\"https:\\\/\\\/beautesantelorette.ca\\\/fr\\\/#organization\",\"name\":\"Beaut\u00e9 Sant\u00e9 Lorette\",\"url\":\"https:\\\/\\\/beautesantelorette.ca\\\/fr\\\/\",\"logo\":{\"@type\":\"ImageObject\",\"inLanguage\":\"fr-FR\",\"@id\":\"https:\\\/\\\/beautesantelorette.ca\\\/fr\\\/#\\\/schema\\\/logo\\\/image\\\/\",\"url\":\"https:\\\/\\\/beautesantelorette.ca\\\/wp-content\\\/uploads\\\/2021\\\/10\\\/bsl_surfgirl_logo_pos-1.svg\",\"contentUrl\":\"https:\\\/\\\/beautesantelorette.ca\\\/wp-content\\\/uploads\\\/2021\\\/10\\\/bsl_surfgirl_logo_pos-1.svg\",\"width\":1533,\"height\":1200,\"caption\":\"Beaut\u00e9 Sant\u00e9 Lorette\"},\"image\":{\"@id\":\"https:\\\/\\\/beautesantelorette.ca\\\/fr\\\/#\\\/schema\\\/logo\\\/image\\\/\"},\"sameAs\":[\"https:\\\/\\\/www.facebook.com\\\/BeauteSanteLorette\\\/\",\"https:\\\/\\\/www.instagram.com\\\/beautesantelorette\\\/\"]}]}<\/script>\n<!-- \/ Yoast SEO plugin. -->","yoast_head_json":{"title":"Revitalisant D\u00e9m\u00ealant Instantan\u00e9 - Beaut\u00e9 Sant\u00e9 Lorette","description":"Le Revitalisant D\u00e9m\u00ealant Instantan\u00e9 Druide d\u00e9m\u00ealant sans rin\u00e7age. Facilite le coiffage des cheveux et discipline les m\u00e8ches rebelles. Apporte brillance et hydratation \u00e0 la chevelure sans l\u2019alourdir. Senteur naturelle rafra\u00eechissante et fruit\u00e9e. Id\u00e9al pour tous les types de cheveux. Convient aux enfants.","robots":{"index":"index","follow":"follow","max-snippet":"max-snippet:-1","max-image-preview":"max-image-preview:large","max-video-preview":"max-video-preview:-1"},"canonical":"https:\/\/beautesantelorette.ca\/fr\/produit\/revitalisant-demelant-instantane\/","og_locale":"fr_FR","og_type":"article","og_title":"Revitalisant D\u00e9m\u00ealant Instantan\u00e9 - Beaut\u00e9 Sant\u00e9 Lorette","og_description":"Le Revitalisant D\u00e9m\u00ealant Instantan\u00e9 Druide d\u00e9m\u00ealant sans rin\u00e7age. Facilite le coiffage des cheveux et discipline les m\u00e8ches rebelles. Apporte brillance et hydratation \u00e0 la chevelure sans l\u2019alourdir. Senteur naturelle rafra\u00eechissante et fruit\u00e9e. Id\u00e9al pour tous les types de cheveux. Convient aux enfants.","og_url":"https:\/\/beautesantelorette.ca\/fr\/produit\/revitalisant-demelant-instantane\/","og_site_name":"Beaut\u00e9 Sant\u00e9 Lorette","article_publisher":"https:\/\/www.facebook.com\/BeauteSanteLorette\/","article_modified_time":"2022-03-24T14:25:55+00:00","og_image":[{"width":1200,"height":1200,"url":"https:\/\/beautesantelorette.ca\/wp-content\/uploads\/2021\/10\/Instant-Detangling-Leave-In-Conditioner.jpg","type":"image\/jpeg"}],"twitter_card":"summary_large_image","schema":{"@context":"https:\/\/schema.org","@graph":[{"@type":"WebPage","@id":"https:\/\/beautesantelorette.ca\/fr\/produit\/revitalisant-demelant-instantane\/","url":"https:\/\/beautesantelorette.ca\/fr\/produit\/revitalisant-demelant-instantane\/","name":"Revitalisant D\u00e9m\u00ealant Instantan\u00e9 - Beaut\u00e9 Sant\u00e9 Lorette","isPartOf":{"@id":"https:\/\/beautesantelorette.ca\/fr\/#website"},"primaryImageOfPage":{"@id":"https:\/\/beautesantelorette.ca\/fr\/produit\/revitalisant-demelant-instantane\/#primaryimage"},"image":{"@id":"https:\/\/beautesantelorette.ca\/fr\/produit\/revitalisant-demelant-instantane\/#primaryimage"},"thumbnailUrl":"https:\/\/beautesantelorette.ca\/wp-content\/uploads\/2021\/10\/Instant-Detangling-Leave-In-Conditioner.jpg","datePublished":"2021-10-02T15:57:39+00:00","dateModified":"2022-03-24T14:25:55+00:00","description":"Le Revitalisant D\u00e9m\u00ealant Instantan\u00e9 Druide d\u00e9m\u00ealant sans rin\u00e7age. Facilite le coiffage des cheveux et discipline les m\u00e8ches rebelles. Apporte brillance et hydratation \u00e0 la chevelure sans l\u2019alourdir. Senteur naturelle rafra\u00eechissante et fruit\u00e9e. Id\u00e9al pour tous les types de cheveux. Convient aux enfants.","breadcrumb":{"@id":"https:\/\/beautesantelorette.ca\/fr\/produit\/revitalisant-demelant-instantane\/#breadcrumb"},"inLanguage":"fr-FR","potentialAction":[{"@type":"ReadAction","target":["https:\/\/beautesantelorette.ca\/fr\/produit\/revitalisant-demelant-instantane\/"]}]},{"@type":"ImageObject","inLanguage":"fr-FR","@id":"https:\/\/beautesantelorette.ca\/fr\/produit\/revitalisant-demelant-instantane\/#primaryimage","url":"https:\/\/beautesantelorette.ca\/wp-content\/uploads\/2021\/10\/Instant-Detangling-Leave-In-Conditioner.jpg","contentUrl":"https:\/\/beautesantelorette.ca\/wp-content\/uploads\/2021\/10\/Instant-Detangling-Leave-In-Conditioner.jpg","width":1200,"height":1200,"caption":"Revitalisant D\u00e9m\u00ealant Instantan\u00e9"},{"@type":"BreadcrumbList","@id":"https:\/\/beautesantelorette.ca\/fr\/produit\/revitalisant-demelant-instantane\/#breadcrumb","itemListElement":[{"@type":"ListItem","position":1,"name":"Home","item":"https:\/\/beautesantelorette.ca\/fr\/"},{"@type":"ListItem","position":2,"name":"Boutique","item":"https:\/\/beautesantelorette.ca\/fr\/boutique\/"},{"@type":"ListItem","position":3,"name":"Revitalisant D\u00e9m\u00ealant Instantan\u00e9"}]},{"@type":"WebSite","@id":"https:\/\/beautesantelorette.ca\/fr\/#website","url":"https:\/\/beautesantelorette.ca\/fr\/","name":"Beaut\u00e9 Sant\u00e9 Lorette","description":"Confiez-Nous Le Soin de VOTRE PEAU","publisher":{"@id":"https:\/\/beautesantelorette.ca\/fr\/#organization"},"potentialAction":[{"@type":"SearchAction","target":{"@type":"EntryPoint","urlTemplate":"https:\/\/beautesantelorette.ca\/fr\/?s={search_term_string}"},"query-input":{"@type":"PropertyValueSpecification","valueRequired":true,"valueName":"search_term_string"}}],"inLanguage":"fr-FR"},{"@type":"Organization","@id":"https:\/\/beautesantelorette.ca\/fr\/#organization","name":"Beaut\u00e9 Sant\u00e9 Lorette","url":"https:\/\/beautesantelorette.ca\/fr\/","logo":{"@type":"ImageObject","inLanguage":"fr-FR","@id":"https:\/\/beautesantelorette.ca\/fr\/#\/schema\/logo\/image\/","url":"https:\/\/beautesantelorette.ca\/wp-content\/uploads\/2021\/10\/bsl_surfgirl_logo_pos-1.svg","contentUrl":"https:\/\/beautesantelorette.ca\/wp-content\/uploads\/2021\/10\/bsl_surfgirl_logo_pos-1.svg","width":1533,"height":1200,"caption":"Beaut\u00e9 Sant\u00e9 Lorette"},"image":{"@id":"https:\/\/beautesantelorette.ca\/fr\/#\/schema\/logo\/image\/"},"sameAs":["https:\/\/www.facebook.com\/BeauteSanteLorette\/","https:\/\/www.instagram.com\/beautesantelorette\/"]}]}},"jetpack_sharing_enabled":true,"_links":{"self":[{"href":"https:\/\/beautesantelorette.ca\/fr\/wp-json\/wp\/v2\/product\/22626","targetHints":{"allow":["GET"]}}],"collection":[{"href":"https:\/\/beautesantelorette.ca\/fr\/wp-json\/wp\/v2\/product"}],"about":[{"href":"https:\/\/beautesantelorette.ca\/fr\/wp-json\/wp\/v2\/types\/product"}],"replies":[{"embeddable":true,"href":"https:\/\/beautesantelorette.ca\/fr\/wp-json\/wp\/v2\/comments?post=22626"}],"wp:featuredmedia":[{"embeddable":true,"href":"https:\/\/beautesantelorette.ca\/fr\/wp-json\/wp\/v2\/media\/21864"}],"wp:attachment":[{"href":"https:\/\/beautesantelorette.ca\/fr\/wp-json\/wp\/v2\/media?parent=22626"}],"wp:term":[{"taxonomy":"product_brand","embeddable":true,"href":"https:\/\/beautesantelorette.ca\/fr\/wp-json\/wp\/v2\/product_brand?post=22626"},{"taxonomy":"product_cat","embeddable":true,"href":"https:\/\/beautesantelorette.ca\/fr\/wp-json\/wp\/v2\/product_cat?post=22626"},{"taxonomy":"product_tag","embeddable":true,"href":"https:\/\/beautesantelorette.ca\/fr\/wp-json\/wp\/v2\/product_tag?post=22626"}],"curies":[{"name":"wp","href":"https:\/\/api.w.org\/{rel}","templated":true}]}}