{"id":22648,"date":"2021-10-02T16:49:17","date_gmt":"2021-10-02T16:49:17","guid":{"rendered":"https:\/\/beautelorette.wpengine.com\/product\/face-toner-chamomile-rice-protein\/"},"modified":"2022-03-24T14:15:48","modified_gmt":"2022-03-24T14:15:48","slug":"lotion-tonique-camomille-proteines-de-riz","status":"publish","type":"product","link":"https:\/\/beautesantelorette.ca\/fr\/produit\/lotion-tonique-camomille-proteines-de-riz\/","title":{"rendered":"Lotion Tonique \u2013 Camomille et Prot\u00e9ines de Riz"},"content":{"rendered":"","protected":false},"excerpt":{"rendered":"<p>Lotion Tonique Druide biologique et sans alcool, id\u00e9ale pour \u00e9quilibrer le pH de l\u2019\u00e9piderme et raffermir les pores. Rafra\u00eechit et apaise instantan\u00e9ment la peau. Peut \u00eatre utilis\u00e9e pour apaiser les irritations associ\u00e9es au rasage. Procure \u00e0 la peau confort, souplesse et hydratation.<\/p>\n","protected":false},"featured_media":21870,"comment_status":"open","ping_status":"closed","template":"","meta":[],"product_brand":[],"product_cat":[231,255],"product_tag":[],"class_list":{"0":"post-22648","1":"product","2":"type-product","3":"status-publish","4":"has-post-thumbnail","6":"product_cat-druide-fr","7":"product_cat-toniques","9":"first","10":"instock","11":"taxable","12":"shipping-taxable","13":"purchasable","14":"product-type-simple"},"yoast_head":"<!-- This site is optimized with the Yoast SEO plugin v27.5 - https:\/\/yoast.com\/product\/yoast-seo-wordpress\/ -->\n<title>Lotion Tonique \u2013 Camomille et Prot\u00e9ines de Riz - Beaut\u00e9 Sant\u00e9 Lorette<\/title>\n<meta name=\"description\" content=\"Lotion Tonique Druide biologique et sans alcool, id\u00e9ale pour \u00e9quilibrer le pH de l\u2019\u00e9piderme et raffermir les pores. Rafra\u00eechit et apaise instantan\u00e9ment la peau. Peut \u00eatre utilis\u00e9e pour apaiser les irritations associ\u00e9es au rasage. Procure \u00e0 la peau confort, souplesse et hydratation.\" \/>\n<meta name=\"robots\" content=\"index, follow, max-snippet:-1, max-image-preview:large, max-video-preview:-1\" \/>\n<link rel=\"canonical\" href=\"https:\/\/beautesantelorette.ca\/fr\/produit\/lotion-tonique-camomille-proteines-de-riz\/\" \/>\n<meta property=\"og:locale\" content=\"fr_FR\" \/>\n<meta property=\"og:type\" content=\"article\" \/>\n<meta property=\"og:title\" content=\"Lotion Tonique \u2013 Camomille et Prot\u00e9ines de Riz - Beaut\u00e9 Sant\u00e9 Lorette\" \/>\n<meta property=\"og:description\" content=\"Lotion Tonique Druide biologique et sans alcool, id\u00e9ale pour \u00e9quilibrer le pH de l\u2019\u00e9piderme et raffermir les pores. Rafra\u00eechit et apaise instantan\u00e9ment la peau. Peut \u00eatre utilis\u00e9e pour apaiser les irritations associ\u00e9es au rasage. Procure \u00e0 la peau confort, souplesse et hydratation.\" \/>\n<meta property=\"og:url\" content=\"https:\/\/beautesantelorette.ca\/fr\/produit\/lotion-tonique-camomille-proteines-de-riz\/\" \/>\n<meta property=\"og:site_name\" content=\"Beaut\u00e9 Sant\u00e9 Lorette\" \/>\n<meta property=\"article:publisher\" content=\"https:\/\/www.facebook.com\/BeauteSanteLorette\/\" \/>\n<meta property=\"article:modified_time\" content=\"2022-03-24T14:15:48+00:00\" \/>\n<meta property=\"og:image\" content=\"https:\/\/beautesantelorette.ca\/wp-content\/uploads\/2021\/10\/Face-Toner-\u2013-Chamomile-Rice-Protein.jpg\" \/>\n\t<meta property=\"og:image:width\" content=\"1000\" \/>\n\t<meta property=\"og:image:height\" content=\"1000\" \/>\n\t<meta property=\"og:image:type\" content=\"image\/jpeg\" \/>\n<meta name=\"twitter:card\" content=\"summary_large_image\" \/>\n<script type=\"application\/ld+json\" class=\"yoast-schema-graph\">{\"@context\":\"https:\\\/\\\/schema.org\",\"@graph\":[{\"@type\":\"WebPage\",\"@id\":\"https:\\\/\\\/beautesantelorette.ca\\\/fr\\\/produit\\\/lotion-tonique-camomille-proteines-de-riz\\\/\",\"url\":\"https:\\\/\\\/beautesantelorette.ca\\\/fr\\\/produit\\\/lotion-tonique-camomille-proteines-de-riz\\\/\",\"name\":\"Lotion Tonique \u2013 Camomille et Prot\u00e9ines de Riz - Beaut\u00e9 Sant\u00e9 Lorette\",\"isPartOf\":{\"@id\":\"https:\\\/\\\/beautesantelorette.ca\\\/fr\\\/#website\"},\"primaryImageOfPage\":{\"@id\":\"https:\\\/\\\/beautesantelorette.ca\\\/fr\\\/produit\\\/lotion-tonique-camomille-proteines-de-riz\\\/#primaryimage\"},\"image\":{\"@id\":\"https:\\\/\\\/beautesantelorette.ca\\\/fr\\\/produit\\\/lotion-tonique-camomille-proteines-de-riz\\\/#primaryimage\"},\"thumbnailUrl\":\"https:\\\/\\\/beautesantelorette.ca\\\/wp-content\\\/uploads\\\/2021\\\/10\\\/Face-Toner-\u2013-Chamomile-Rice-Protein.jpg\",\"datePublished\":\"2021-10-02T16:49:17+00:00\",\"dateModified\":\"2022-03-24T14:15:48+00:00\",\"description\":\"Lotion Tonique Druide biologique et sans alcool, id\u00e9ale pour \u00e9quilibrer le pH de l\u2019\u00e9piderme et raffermir les pores. Rafra\u00eechit et apaise instantan\u00e9ment la peau. Peut \u00eatre utilis\u00e9e pour apaiser les irritations associ\u00e9es au rasage. Procure \u00e0 la peau confort, souplesse et hydratation.\",\"breadcrumb\":{\"@id\":\"https:\\\/\\\/beautesantelorette.ca\\\/fr\\\/produit\\\/lotion-tonique-camomille-proteines-de-riz\\\/#breadcrumb\"},\"inLanguage\":\"fr-FR\",\"potentialAction\":[{\"@type\":\"ReadAction\",\"target\":[\"https:\\\/\\\/beautesantelorette.ca\\\/fr\\\/produit\\\/lotion-tonique-camomille-proteines-de-riz\\\/\"]}]},{\"@type\":\"ImageObject\",\"inLanguage\":\"fr-FR\",\"@id\":\"https:\\\/\\\/beautesantelorette.ca\\\/fr\\\/produit\\\/lotion-tonique-camomille-proteines-de-riz\\\/#primaryimage\",\"url\":\"https:\\\/\\\/beautesantelorette.ca\\\/wp-content\\\/uploads\\\/2021\\\/10\\\/Face-Toner-\u2013-Chamomile-Rice-Protein.jpg\",\"contentUrl\":\"https:\\\/\\\/beautesantelorette.ca\\\/wp-content\\\/uploads\\\/2021\\\/10\\\/Face-Toner-\u2013-Chamomile-Rice-Protein.jpg\",\"width\":1000,\"height\":1000,\"caption\":\"Lotion Tonique \u2013 Camomille et Prot\u00e9ines de Riz\"},{\"@type\":\"BreadcrumbList\",\"@id\":\"https:\\\/\\\/beautesantelorette.ca\\\/fr\\\/produit\\\/lotion-tonique-camomille-proteines-de-riz\\\/#breadcrumb\",\"itemListElement\":[{\"@type\":\"ListItem\",\"position\":1,\"name\":\"Home\",\"item\":\"https:\\\/\\\/beautesantelorette.ca\\\/fr\\\/\"},{\"@type\":\"ListItem\",\"position\":2,\"name\":\"Boutique\",\"item\":\"https:\\\/\\\/beautesantelorette.ca\\\/fr\\\/boutique\\\/\"},{\"@type\":\"ListItem\",\"position\":3,\"name\":\"Lotion Tonique \u2013 Camomille et Prot\u00e9ines de Riz\"}]},{\"@type\":\"WebSite\",\"@id\":\"https:\\\/\\\/beautesantelorette.ca\\\/fr\\\/#website\",\"url\":\"https:\\\/\\\/beautesantelorette.ca\\\/fr\\\/\",\"name\":\"Beaut\u00e9 Sant\u00e9 Lorette\",\"description\":\"Confiez-Nous Le Soin de VOTRE PEAU\",\"publisher\":{\"@id\":\"https:\\\/\\\/beautesantelorette.ca\\\/fr\\\/#organization\"},\"potentialAction\":[{\"@type\":\"SearchAction\",\"target\":{\"@type\":\"EntryPoint\",\"urlTemplate\":\"https:\\\/\\\/beautesantelorette.ca\\\/fr\\\/?s={search_term_string}\"},\"query-input\":{\"@type\":\"PropertyValueSpecification\",\"valueRequired\":true,\"valueName\":\"search_term_string\"}}],\"inLanguage\":\"fr-FR\"},{\"@type\":\"Organization\",\"@id\":\"https:\\\/\\\/beautesantelorette.ca\\\/fr\\\/#organization\",\"name\":\"Beaut\u00e9 Sant\u00e9 Lorette\",\"url\":\"https:\\\/\\\/beautesantelorette.ca\\\/fr\\\/\",\"logo\":{\"@type\":\"ImageObject\",\"inLanguage\":\"fr-FR\",\"@id\":\"https:\\\/\\\/beautesantelorette.ca\\\/fr\\\/#\\\/schema\\\/logo\\\/image\\\/\",\"url\":\"https:\\\/\\\/beautesantelorette.ca\\\/wp-content\\\/uploads\\\/2021\\\/10\\\/bsl_surfgirl_logo_pos-1.svg\",\"contentUrl\":\"https:\\\/\\\/beautesantelorette.ca\\\/wp-content\\\/uploads\\\/2021\\\/10\\\/bsl_surfgirl_logo_pos-1.svg\",\"width\":1533,\"height\":1200,\"caption\":\"Beaut\u00e9 Sant\u00e9 Lorette\"},\"image\":{\"@id\":\"https:\\\/\\\/beautesantelorette.ca\\\/fr\\\/#\\\/schema\\\/logo\\\/image\\\/\"},\"sameAs\":[\"https:\\\/\\\/www.facebook.com\\\/BeauteSanteLorette\\\/\",\"https:\\\/\\\/www.instagram.com\\\/beautesantelorette\\\/\"]}]}<\/script>\n<!-- \/ Yoast SEO plugin. -->","yoast_head_json":{"title":"Lotion Tonique \u2013 Camomille et Prot\u00e9ines de Riz - Beaut\u00e9 Sant\u00e9 Lorette","description":"Lotion Tonique Druide biologique et sans alcool, id\u00e9ale pour \u00e9quilibrer le pH de l\u2019\u00e9piderme et raffermir les pores. Rafra\u00eechit et apaise instantan\u00e9ment la peau. Peut \u00eatre utilis\u00e9e pour apaiser les irritations associ\u00e9es au rasage. Procure \u00e0 la peau confort, souplesse et hydratation.","robots":{"index":"index","follow":"follow","max-snippet":"max-snippet:-1","max-image-preview":"max-image-preview:large","max-video-preview":"max-video-preview:-1"},"canonical":"https:\/\/beautesantelorette.ca\/fr\/produit\/lotion-tonique-camomille-proteines-de-riz\/","og_locale":"fr_FR","og_type":"article","og_title":"Lotion Tonique \u2013 Camomille et Prot\u00e9ines de Riz - Beaut\u00e9 Sant\u00e9 Lorette","og_description":"Lotion Tonique Druide biologique et sans alcool, id\u00e9ale pour \u00e9quilibrer le pH de l\u2019\u00e9piderme et raffermir les pores. Rafra\u00eechit et apaise instantan\u00e9ment la peau. Peut \u00eatre utilis\u00e9e pour apaiser les irritations associ\u00e9es au rasage. Procure \u00e0 la peau confort, souplesse et hydratation.","og_url":"https:\/\/beautesantelorette.ca\/fr\/produit\/lotion-tonique-camomille-proteines-de-riz\/","og_site_name":"Beaut\u00e9 Sant\u00e9 Lorette","article_publisher":"https:\/\/www.facebook.com\/BeauteSanteLorette\/","article_modified_time":"2022-03-24T14:15:48+00:00","og_image":[{"width":1000,"height":1000,"url":"https:\/\/beautesantelorette.ca\/wp-content\/uploads\/2021\/10\/Face-Toner-\u2013-Chamomile-Rice-Protein.jpg","type":"image\/jpeg"}],"twitter_card":"summary_large_image","schema":{"@context":"https:\/\/schema.org","@graph":[{"@type":"WebPage","@id":"https:\/\/beautesantelorette.ca\/fr\/produit\/lotion-tonique-camomille-proteines-de-riz\/","url":"https:\/\/beautesantelorette.ca\/fr\/produit\/lotion-tonique-camomille-proteines-de-riz\/","name":"Lotion Tonique \u2013 Camomille et Prot\u00e9ines de Riz - Beaut\u00e9 Sant\u00e9 Lorette","isPartOf":{"@id":"https:\/\/beautesantelorette.ca\/fr\/#website"},"primaryImageOfPage":{"@id":"https:\/\/beautesantelorette.ca\/fr\/produit\/lotion-tonique-camomille-proteines-de-riz\/#primaryimage"},"image":{"@id":"https:\/\/beautesantelorette.ca\/fr\/produit\/lotion-tonique-camomille-proteines-de-riz\/#primaryimage"},"thumbnailUrl":"https:\/\/beautesantelorette.ca\/wp-content\/uploads\/2021\/10\/Face-Toner-\u2013-Chamomile-Rice-Protein.jpg","datePublished":"2021-10-02T16:49:17+00:00","dateModified":"2022-03-24T14:15:48+00:00","description":"Lotion Tonique Druide biologique et sans alcool, id\u00e9ale pour \u00e9quilibrer le pH de l\u2019\u00e9piderme et raffermir les pores. Rafra\u00eechit et apaise instantan\u00e9ment la peau. Peut \u00eatre utilis\u00e9e pour apaiser les irritations associ\u00e9es au rasage. Procure \u00e0 la peau confort, souplesse et hydratation.","breadcrumb":{"@id":"https:\/\/beautesantelorette.ca\/fr\/produit\/lotion-tonique-camomille-proteines-de-riz\/#breadcrumb"},"inLanguage":"fr-FR","potentialAction":[{"@type":"ReadAction","target":["https:\/\/beautesantelorette.ca\/fr\/produit\/lotion-tonique-camomille-proteines-de-riz\/"]}]},{"@type":"ImageObject","inLanguage":"fr-FR","@id":"https:\/\/beautesantelorette.ca\/fr\/produit\/lotion-tonique-camomille-proteines-de-riz\/#primaryimage","url":"https:\/\/beautesantelorette.ca\/wp-content\/uploads\/2021\/10\/Face-Toner-\u2013-Chamomile-Rice-Protein.jpg","contentUrl":"https:\/\/beautesantelorette.ca\/wp-content\/uploads\/2021\/10\/Face-Toner-\u2013-Chamomile-Rice-Protein.jpg","width":1000,"height":1000,"caption":"Lotion Tonique \u2013 Camomille et Prot\u00e9ines de Riz"},{"@type":"BreadcrumbList","@id":"https:\/\/beautesantelorette.ca\/fr\/produit\/lotion-tonique-camomille-proteines-de-riz\/#breadcrumb","itemListElement":[{"@type":"ListItem","position":1,"name":"Home","item":"https:\/\/beautesantelorette.ca\/fr\/"},{"@type":"ListItem","position":2,"name":"Boutique","item":"https:\/\/beautesantelorette.ca\/fr\/boutique\/"},{"@type":"ListItem","position":3,"name":"Lotion Tonique \u2013 Camomille et Prot\u00e9ines de Riz"}]},{"@type":"WebSite","@id":"https:\/\/beautesantelorette.ca\/fr\/#website","url":"https:\/\/beautesantelorette.ca\/fr\/","name":"Beaut\u00e9 Sant\u00e9 Lorette","description":"Confiez-Nous Le Soin de VOTRE PEAU","publisher":{"@id":"https:\/\/beautesantelorette.ca\/fr\/#organization"},"potentialAction":[{"@type":"SearchAction","target":{"@type":"EntryPoint","urlTemplate":"https:\/\/beautesantelorette.ca\/fr\/?s={search_term_string}"},"query-input":{"@type":"PropertyValueSpecification","valueRequired":true,"valueName":"search_term_string"}}],"inLanguage":"fr-FR"},{"@type":"Organization","@id":"https:\/\/beautesantelorette.ca\/fr\/#organization","name":"Beaut\u00e9 Sant\u00e9 Lorette","url":"https:\/\/beautesantelorette.ca\/fr\/","logo":{"@type":"ImageObject","inLanguage":"fr-FR","@id":"https:\/\/beautesantelorette.ca\/fr\/#\/schema\/logo\/image\/","url":"https:\/\/beautesantelorette.ca\/wp-content\/uploads\/2021\/10\/bsl_surfgirl_logo_pos-1.svg","contentUrl":"https:\/\/beautesantelorette.ca\/wp-content\/uploads\/2021\/10\/bsl_surfgirl_logo_pos-1.svg","width":1533,"height":1200,"caption":"Beaut\u00e9 Sant\u00e9 Lorette"},"image":{"@id":"https:\/\/beautesantelorette.ca\/fr\/#\/schema\/logo\/image\/"},"sameAs":["https:\/\/www.facebook.com\/BeauteSanteLorette\/","https:\/\/www.instagram.com\/beautesantelorette\/"]}]}},"jetpack_sharing_enabled":true,"_links":{"self":[{"href":"https:\/\/beautesantelorette.ca\/fr\/wp-json\/wp\/v2\/product\/22648","targetHints":{"allow":["GET"]}}],"collection":[{"href":"https:\/\/beautesantelorette.ca\/fr\/wp-json\/wp\/v2\/product"}],"about":[{"href":"https:\/\/beautesantelorette.ca\/fr\/wp-json\/wp\/v2\/types\/product"}],"replies":[{"embeddable":true,"href":"https:\/\/beautesantelorette.ca\/fr\/wp-json\/wp\/v2\/comments?post=22648"}],"wp:featuredmedia":[{"embeddable":true,"href":"https:\/\/beautesantelorette.ca\/fr\/wp-json\/wp\/v2\/media\/21870"}],"wp:attachment":[{"href":"https:\/\/beautesantelorette.ca\/fr\/wp-json\/wp\/v2\/media?parent=22648"}],"wp:term":[{"taxonomy":"product_brand","embeddable":true,"href":"https:\/\/beautesantelorette.ca\/fr\/wp-json\/wp\/v2\/product_brand?post=22648"},{"taxonomy":"product_cat","embeddable":true,"href":"https:\/\/beautesantelorette.ca\/fr\/wp-json\/wp\/v2\/product_cat?post=22648"},{"taxonomy":"product_tag","embeddable":true,"href":"https:\/\/beautesantelorette.ca\/fr\/wp-json\/wp\/v2\/product_tag?post=22648"}],"curies":[{"name":"wp","href":"https:\/\/api.w.org\/{rel}","templated":true}]}}