{"id":22651,"date":"2021-10-02T16:51:01","date_gmt":"2021-10-02T16:51:01","guid":{"rendered":"https:\/\/beautelorette.wpengine.com\/product\/facial-cleanser-face-toner-duo\/"},"modified":"2022-03-24T14:17:23","modified_gmt":"2022-03-24T14:17:23","slug":"duo-lait-nettoyant-lotion-tonique","status":"publish","type":"product","link":"https:\/\/beautesantelorette.ca\/fr\/produit\/duo-lait-nettoyant-lotion-tonique\/","title":{"rendered":"Duo Lait Nettoyant et Lotion Tonique"},"content":{"rendered":"","protected":false},"excerpt":{"rendered":"<p>Lotion Tonique Druide biologique et sans alcool, id\u00e9ale pour \u00e9quilibrer le pH de l\u2019\u00e9piderme et raffermir les pores. Rafra\u00eechit et apaise instantan\u00e9ment la peau. Peut \u00eatre utilis\u00e9e pour apaiser les irritations associ\u00e9es au rasage. Procure \u00e0 la peau confort, souplesse et hydratation. Lait Nettoyant Druide biologique \u00e0 l\u2019avocat et \u00e0 la camomille, sans parfum. D\u00e9maquille parfaitement le visage, les l\u00e8vres et les paupi\u00e8res. Respecte le pH physiologique cutan\u00e9. Offre toutes les vertus apaisantes, adoucissantes et hydratantes de ses ingr\u00e9dients.<\/p>\n","protected":false},"featured_media":21871,"comment_status":"open","ping_status":"closed","template":"","meta":[],"product_brand":[],"product_cat":[231,248,257,255],"product_tag":[],"class_list":{"0":"post-22651","1":"product","2":"type-product","3":"status-publish","4":"has-post-thumbnail","6":"product_cat-druide-fr","7":"product_cat-nettoyants","8":"product_cat-promotions-fr","9":"product_cat-toniques","11":"first","12":"instock","13":"sale","14":"taxable","15":"shipping-taxable","16":"purchasable","17":"product-type-simple"},"yoast_head":"<!-- This site is optimized with the Yoast SEO plugin v27.5 - https:\/\/yoast.com\/product\/yoast-seo-wordpress\/ -->\n<title>Duo Lait Nettoyant et Lotion Tonique - Beaut\u00e9 Sant\u00e9 Lorette<\/title>\n<meta name=\"description\" content=\"Lotion Tonique Druide biologique et sans alcool, id\u00e9ale pour \u00e9quilibrer le pH de l\u2019\u00e9piderme et raffermir les pores. Rafra\u00eechit et apaise instantan\u00e9ment la peau. Peut \u00eatre utilis\u00e9e pour apaiser les irritations associ\u00e9es au rasage. Procure \u00e0 la peau confort, souplesse et hydratation. Lait Nettoyant Druide biologique \u00e0 l\u2019avocat et \u00e0 la camomille, sans parfum. D\u00e9maquille parfaitement le visage, les l\u00e8vres et les paupi\u00e8res. Respecte le pH physiologique cutan\u00e9. Offre toutes les vertus apaisantes, adoucissantes et hydratantes de ses ingr\u00e9dients.\" \/>\n<meta name=\"robots\" content=\"index, follow, max-snippet:-1, max-image-preview:large, max-video-preview:-1\" \/>\n<link rel=\"canonical\" href=\"https:\/\/beautesantelorette.ca\/fr\/produit\/duo-lait-nettoyant-lotion-tonique\/\" \/>\n<meta property=\"og:locale\" content=\"fr_FR\" \/>\n<meta property=\"og:type\" content=\"article\" \/>\n<meta property=\"og:title\" content=\"Duo Lait Nettoyant et Lotion Tonique - Beaut\u00e9 Sant\u00e9 Lorette\" \/>\n<meta property=\"og:description\" content=\"Lotion Tonique Druide biologique et sans alcool, id\u00e9ale pour \u00e9quilibrer le pH de l\u2019\u00e9piderme et raffermir les pores. Rafra\u00eechit et apaise instantan\u00e9ment la peau. Peut \u00eatre utilis\u00e9e pour apaiser les irritations associ\u00e9es au rasage. Procure \u00e0 la peau confort, souplesse et hydratation. Lait Nettoyant Druide biologique \u00e0 l\u2019avocat et \u00e0 la camomille, sans parfum. D\u00e9maquille parfaitement le visage, les l\u00e8vres et les paupi\u00e8res. Respecte le pH physiologique cutan\u00e9. Offre toutes les vertus apaisantes, adoucissantes et hydratantes de ses ingr\u00e9dients.\" \/>\n<meta property=\"og:url\" content=\"https:\/\/beautesantelorette.ca\/fr\/produit\/duo-lait-nettoyant-lotion-tonique\/\" \/>\n<meta property=\"og:site_name\" content=\"Beaut\u00e9 Sant\u00e9 Lorette\" \/>\n<meta property=\"article:publisher\" content=\"https:\/\/www.facebook.com\/BeauteSanteLorette\/\" \/>\n<meta property=\"article:modified_time\" content=\"2022-03-24T14:17:23+00:00\" \/>\n<meta property=\"og:image\" content=\"https:\/\/beautesantelorette.ca\/wp-content\/uploads\/2021\/10\/Facial-Cleanser-Face-Toner-Duo.jpg\" \/>\n\t<meta property=\"og:image:width\" content=\"1000\" \/>\n\t<meta property=\"og:image:height\" content=\"1000\" \/>\n\t<meta property=\"og:image:type\" content=\"image\/jpeg\" \/>\n<meta name=\"twitter:card\" content=\"summary_large_image\" \/>\n<script type=\"application\/ld+json\" class=\"yoast-schema-graph\">{\"@context\":\"https:\\\/\\\/schema.org\",\"@graph\":[{\"@type\":\"WebPage\",\"@id\":\"https:\\\/\\\/beautesantelorette.ca\\\/fr\\\/produit\\\/duo-lait-nettoyant-lotion-tonique\\\/\",\"url\":\"https:\\\/\\\/beautesantelorette.ca\\\/fr\\\/produit\\\/duo-lait-nettoyant-lotion-tonique\\\/\",\"name\":\"Duo Lait Nettoyant et Lotion Tonique - Beaut\u00e9 Sant\u00e9 Lorette\",\"isPartOf\":{\"@id\":\"https:\\\/\\\/beautesantelorette.ca\\\/fr\\\/#website\"},\"primaryImageOfPage\":{\"@id\":\"https:\\\/\\\/beautesantelorette.ca\\\/fr\\\/produit\\\/duo-lait-nettoyant-lotion-tonique\\\/#primaryimage\"},\"image\":{\"@id\":\"https:\\\/\\\/beautesantelorette.ca\\\/fr\\\/produit\\\/duo-lait-nettoyant-lotion-tonique\\\/#primaryimage\"},\"thumbnailUrl\":\"https:\\\/\\\/beautesantelorette.ca\\\/wp-content\\\/uploads\\\/2021\\\/10\\\/Facial-Cleanser-Face-Toner-Duo.jpg\",\"datePublished\":\"2021-10-02T16:51:01+00:00\",\"dateModified\":\"2022-03-24T14:17:23+00:00\",\"description\":\"Lotion Tonique Druide biologique et sans alcool, id\u00e9ale pour \u00e9quilibrer le pH de l\u2019\u00e9piderme et raffermir les pores. Rafra\u00eechit et apaise instantan\u00e9ment la peau. Peut \u00eatre utilis\u00e9e pour apaiser les irritations associ\u00e9es au rasage. Procure \u00e0 la peau confort, souplesse et hydratation. Lait Nettoyant Druide biologique \u00e0 l\u2019avocat et \u00e0 la camomille, sans parfum. D\u00e9maquille parfaitement le visage, les l\u00e8vres et les paupi\u00e8res. Respecte le pH physiologique cutan\u00e9. Offre toutes les vertus apaisantes, adoucissantes et hydratantes de ses ingr\u00e9dients.\",\"breadcrumb\":{\"@id\":\"https:\\\/\\\/beautesantelorette.ca\\\/fr\\\/produit\\\/duo-lait-nettoyant-lotion-tonique\\\/#breadcrumb\"},\"inLanguage\":\"fr-FR\",\"potentialAction\":[{\"@type\":\"ReadAction\",\"target\":[\"https:\\\/\\\/beautesantelorette.ca\\\/fr\\\/produit\\\/duo-lait-nettoyant-lotion-tonique\\\/\"]}]},{\"@type\":\"ImageObject\",\"inLanguage\":\"fr-FR\",\"@id\":\"https:\\\/\\\/beautesantelorette.ca\\\/fr\\\/produit\\\/duo-lait-nettoyant-lotion-tonique\\\/#primaryimage\",\"url\":\"https:\\\/\\\/beautesantelorette.ca\\\/wp-content\\\/uploads\\\/2021\\\/10\\\/Facial-Cleanser-Face-Toner-Duo.jpg\",\"contentUrl\":\"https:\\\/\\\/beautesantelorette.ca\\\/wp-content\\\/uploads\\\/2021\\\/10\\\/Facial-Cleanser-Face-Toner-Duo.jpg\",\"width\":1000,\"height\":1000,\"caption\":\"Duo Lait Nettoyant et Lotion Tonique\"},{\"@type\":\"BreadcrumbList\",\"@id\":\"https:\\\/\\\/beautesantelorette.ca\\\/fr\\\/produit\\\/duo-lait-nettoyant-lotion-tonique\\\/#breadcrumb\",\"itemListElement\":[{\"@type\":\"ListItem\",\"position\":1,\"name\":\"Home\",\"item\":\"https:\\\/\\\/beautesantelorette.ca\\\/fr\\\/\"},{\"@type\":\"ListItem\",\"position\":2,\"name\":\"Boutique\",\"item\":\"https:\\\/\\\/beautesantelorette.ca\\\/fr\\\/boutique\\\/\"},{\"@type\":\"ListItem\",\"position\":3,\"name\":\"Duo Lait Nettoyant et Lotion Tonique\"}]},{\"@type\":\"WebSite\",\"@id\":\"https:\\\/\\\/beautesantelorette.ca\\\/fr\\\/#website\",\"url\":\"https:\\\/\\\/beautesantelorette.ca\\\/fr\\\/\",\"name\":\"Beaut\u00e9 Sant\u00e9 Lorette\",\"description\":\"Confiez-Nous Le Soin de VOTRE PEAU\",\"publisher\":{\"@id\":\"https:\\\/\\\/beautesantelorette.ca\\\/fr\\\/#organization\"},\"potentialAction\":[{\"@type\":\"SearchAction\",\"target\":{\"@type\":\"EntryPoint\",\"urlTemplate\":\"https:\\\/\\\/beautesantelorette.ca\\\/fr\\\/?s={search_term_string}\"},\"query-input\":{\"@type\":\"PropertyValueSpecification\",\"valueRequired\":true,\"valueName\":\"search_term_string\"}}],\"inLanguage\":\"fr-FR\"},{\"@type\":\"Organization\",\"@id\":\"https:\\\/\\\/beautesantelorette.ca\\\/fr\\\/#organization\",\"name\":\"Beaut\u00e9 Sant\u00e9 Lorette\",\"url\":\"https:\\\/\\\/beautesantelorette.ca\\\/fr\\\/\",\"logo\":{\"@type\":\"ImageObject\",\"inLanguage\":\"fr-FR\",\"@id\":\"https:\\\/\\\/beautesantelorette.ca\\\/fr\\\/#\\\/schema\\\/logo\\\/image\\\/\",\"url\":\"https:\\\/\\\/beautesantelorette.ca\\\/wp-content\\\/uploads\\\/2021\\\/10\\\/bsl_surfgirl_logo_pos-1.svg\",\"contentUrl\":\"https:\\\/\\\/beautesantelorette.ca\\\/wp-content\\\/uploads\\\/2021\\\/10\\\/bsl_surfgirl_logo_pos-1.svg\",\"width\":1533,\"height\":1200,\"caption\":\"Beaut\u00e9 Sant\u00e9 Lorette\"},\"image\":{\"@id\":\"https:\\\/\\\/beautesantelorette.ca\\\/fr\\\/#\\\/schema\\\/logo\\\/image\\\/\"},\"sameAs\":[\"https:\\\/\\\/www.facebook.com\\\/BeauteSanteLorette\\\/\",\"https:\\\/\\\/www.instagram.com\\\/beautesantelorette\\\/\"]}]}<\/script>\n<!-- \/ Yoast SEO plugin. -->","yoast_head_json":{"title":"Duo Lait Nettoyant et Lotion Tonique - Beaut\u00e9 Sant\u00e9 Lorette","description":"Lotion Tonique Druide biologique et sans alcool, id\u00e9ale pour \u00e9quilibrer le pH de l\u2019\u00e9piderme et raffermir les pores. Rafra\u00eechit et apaise instantan\u00e9ment la peau. Peut \u00eatre utilis\u00e9e pour apaiser les irritations associ\u00e9es au rasage. Procure \u00e0 la peau confort, souplesse et hydratation. Lait Nettoyant Druide biologique \u00e0 l\u2019avocat et \u00e0 la camomille, sans parfum. D\u00e9maquille parfaitement le visage, les l\u00e8vres et les paupi\u00e8res. Respecte le pH physiologique cutan\u00e9. Offre toutes les vertus apaisantes, adoucissantes et hydratantes de ses ingr\u00e9dients.","robots":{"index":"index","follow":"follow","max-snippet":"max-snippet:-1","max-image-preview":"max-image-preview:large","max-video-preview":"max-video-preview:-1"},"canonical":"https:\/\/beautesantelorette.ca\/fr\/produit\/duo-lait-nettoyant-lotion-tonique\/","og_locale":"fr_FR","og_type":"article","og_title":"Duo Lait Nettoyant et Lotion Tonique - Beaut\u00e9 Sant\u00e9 Lorette","og_description":"Lotion Tonique Druide biologique et sans alcool, id\u00e9ale pour \u00e9quilibrer le pH de l\u2019\u00e9piderme et raffermir les pores. Rafra\u00eechit et apaise instantan\u00e9ment la peau. Peut \u00eatre utilis\u00e9e pour apaiser les irritations associ\u00e9es au rasage. Procure \u00e0 la peau confort, souplesse et hydratation. Lait Nettoyant Druide biologique \u00e0 l\u2019avocat et \u00e0 la camomille, sans parfum. D\u00e9maquille parfaitement le visage, les l\u00e8vres et les paupi\u00e8res. Respecte le pH physiologique cutan\u00e9. Offre toutes les vertus apaisantes, adoucissantes et hydratantes de ses ingr\u00e9dients.","og_url":"https:\/\/beautesantelorette.ca\/fr\/produit\/duo-lait-nettoyant-lotion-tonique\/","og_site_name":"Beaut\u00e9 Sant\u00e9 Lorette","article_publisher":"https:\/\/www.facebook.com\/BeauteSanteLorette\/","article_modified_time":"2022-03-24T14:17:23+00:00","og_image":[{"width":1000,"height":1000,"url":"https:\/\/beautesantelorette.ca\/wp-content\/uploads\/2021\/10\/Facial-Cleanser-Face-Toner-Duo.jpg","type":"image\/jpeg"}],"twitter_card":"summary_large_image","schema":{"@context":"https:\/\/schema.org","@graph":[{"@type":"WebPage","@id":"https:\/\/beautesantelorette.ca\/fr\/produit\/duo-lait-nettoyant-lotion-tonique\/","url":"https:\/\/beautesantelorette.ca\/fr\/produit\/duo-lait-nettoyant-lotion-tonique\/","name":"Duo Lait Nettoyant et Lotion Tonique - Beaut\u00e9 Sant\u00e9 Lorette","isPartOf":{"@id":"https:\/\/beautesantelorette.ca\/fr\/#website"},"primaryImageOfPage":{"@id":"https:\/\/beautesantelorette.ca\/fr\/produit\/duo-lait-nettoyant-lotion-tonique\/#primaryimage"},"image":{"@id":"https:\/\/beautesantelorette.ca\/fr\/produit\/duo-lait-nettoyant-lotion-tonique\/#primaryimage"},"thumbnailUrl":"https:\/\/beautesantelorette.ca\/wp-content\/uploads\/2021\/10\/Facial-Cleanser-Face-Toner-Duo.jpg","datePublished":"2021-10-02T16:51:01+00:00","dateModified":"2022-03-24T14:17:23+00:00","description":"Lotion Tonique Druide biologique et sans alcool, id\u00e9ale pour \u00e9quilibrer le pH de l\u2019\u00e9piderme et raffermir les pores. Rafra\u00eechit et apaise instantan\u00e9ment la peau. Peut \u00eatre utilis\u00e9e pour apaiser les irritations associ\u00e9es au rasage. Procure \u00e0 la peau confort, souplesse et hydratation. Lait Nettoyant Druide biologique \u00e0 l\u2019avocat et \u00e0 la camomille, sans parfum. D\u00e9maquille parfaitement le visage, les l\u00e8vres et les paupi\u00e8res. Respecte le pH physiologique cutan\u00e9. Offre toutes les vertus apaisantes, adoucissantes et hydratantes de ses ingr\u00e9dients.","breadcrumb":{"@id":"https:\/\/beautesantelorette.ca\/fr\/produit\/duo-lait-nettoyant-lotion-tonique\/#breadcrumb"},"inLanguage":"fr-FR","potentialAction":[{"@type":"ReadAction","target":["https:\/\/beautesantelorette.ca\/fr\/produit\/duo-lait-nettoyant-lotion-tonique\/"]}]},{"@type":"ImageObject","inLanguage":"fr-FR","@id":"https:\/\/beautesantelorette.ca\/fr\/produit\/duo-lait-nettoyant-lotion-tonique\/#primaryimage","url":"https:\/\/beautesantelorette.ca\/wp-content\/uploads\/2021\/10\/Facial-Cleanser-Face-Toner-Duo.jpg","contentUrl":"https:\/\/beautesantelorette.ca\/wp-content\/uploads\/2021\/10\/Facial-Cleanser-Face-Toner-Duo.jpg","width":1000,"height":1000,"caption":"Duo Lait Nettoyant et Lotion Tonique"},{"@type":"BreadcrumbList","@id":"https:\/\/beautesantelorette.ca\/fr\/produit\/duo-lait-nettoyant-lotion-tonique\/#breadcrumb","itemListElement":[{"@type":"ListItem","position":1,"name":"Home","item":"https:\/\/beautesantelorette.ca\/fr\/"},{"@type":"ListItem","position":2,"name":"Boutique","item":"https:\/\/beautesantelorette.ca\/fr\/boutique\/"},{"@type":"ListItem","position":3,"name":"Duo Lait Nettoyant et Lotion Tonique"}]},{"@type":"WebSite","@id":"https:\/\/beautesantelorette.ca\/fr\/#website","url":"https:\/\/beautesantelorette.ca\/fr\/","name":"Beaut\u00e9 Sant\u00e9 Lorette","description":"Confiez-Nous Le Soin de VOTRE PEAU","publisher":{"@id":"https:\/\/beautesantelorette.ca\/fr\/#organization"},"potentialAction":[{"@type":"SearchAction","target":{"@type":"EntryPoint","urlTemplate":"https:\/\/beautesantelorette.ca\/fr\/?s={search_term_string}"},"query-input":{"@type":"PropertyValueSpecification","valueRequired":true,"valueName":"search_term_string"}}],"inLanguage":"fr-FR"},{"@type":"Organization","@id":"https:\/\/beautesantelorette.ca\/fr\/#organization","name":"Beaut\u00e9 Sant\u00e9 Lorette","url":"https:\/\/beautesantelorette.ca\/fr\/","logo":{"@type":"ImageObject","inLanguage":"fr-FR","@id":"https:\/\/beautesantelorette.ca\/fr\/#\/schema\/logo\/image\/","url":"https:\/\/beautesantelorette.ca\/wp-content\/uploads\/2021\/10\/bsl_surfgirl_logo_pos-1.svg","contentUrl":"https:\/\/beautesantelorette.ca\/wp-content\/uploads\/2021\/10\/bsl_surfgirl_logo_pos-1.svg","width":1533,"height":1200,"caption":"Beaut\u00e9 Sant\u00e9 Lorette"},"image":{"@id":"https:\/\/beautesantelorette.ca\/fr\/#\/schema\/logo\/image\/"},"sameAs":["https:\/\/www.facebook.com\/BeauteSanteLorette\/","https:\/\/www.instagram.com\/beautesantelorette\/"]}]}},"jetpack_sharing_enabled":true,"_links":{"self":[{"href":"https:\/\/beautesantelorette.ca\/fr\/wp-json\/wp\/v2\/product\/22651","targetHints":{"allow":["GET"]}}],"collection":[{"href":"https:\/\/beautesantelorette.ca\/fr\/wp-json\/wp\/v2\/product"}],"about":[{"href":"https:\/\/beautesantelorette.ca\/fr\/wp-json\/wp\/v2\/types\/product"}],"replies":[{"embeddable":true,"href":"https:\/\/beautesantelorette.ca\/fr\/wp-json\/wp\/v2\/comments?post=22651"}],"wp:featuredmedia":[{"embeddable":true,"href":"https:\/\/beautesantelorette.ca\/fr\/wp-json\/wp\/v2\/media\/21871"}],"wp:attachment":[{"href":"https:\/\/beautesantelorette.ca\/fr\/wp-json\/wp\/v2\/media?parent=22651"}],"wp:term":[{"taxonomy":"product_brand","embeddable":true,"href":"https:\/\/beautesantelorette.ca\/fr\/wp-json\/wp\/v2\/product_brand?post=22651"},{"taxonomy":"product_cat","embeddable":true,"href":"https:\/\/beautesantelorette.ca\/fr\/wp-json\/wp\/v2\/product_cat?post=22651"},{"taxonomy":"product_tag","embeddable":true,"href":"https:\/\/beautesantelorette.ca\/fr\/wp-json\/wp\/v2\/product_tag?post=22651"}],"curies":[{"name":"wp","href":"https:\/\/api.w.org\/{rel}","templated":true}]}}