{"id":22665,"date":"2021-10-02T14:49:19","date_gmt":"2021-10-02T14:49:19","guid":{"rendered":"https:\/\/beautelorette.wpengine.com\/product\/hand-cream-dry-skin\/"},"modified":"2022-03-24T14:47:12","modified_gmt":"2022-03-24T14:47:12","slug":"creme-a-mains-peau-seche","status":"publish","type":"product","link":"https:\/\/beautesantelorette.ca\/fr\/produit\/creme-a-mains-peau-seche\/","title":{"rendered":"Cr\u00e8me \u00e0 Mains \u2013 Peau S\u00e8che"},"content":{"rendered":"","protected":false},"excerpt":{"rendered":"<p>Cr\u00e8me \u00e0 Mains \u2013 Peau S\u00e8che Druide ultra-hydratante. Texture l\u00e9g\u00e8re qui nourrit et assouplit instantan\u00e9ment la peau des mains. Procure \u00e0 la peau un agr\u00e9able fini doux et confortable.<br \/>\nAssure une protection des mains longue dur\u00e9e. P\u00e9n\u00e8tre rapidement sans fini collant. Id\u00e9al pour les mains s\u00e8ches et sensibles.<\/p>\n","protected":false},"featured_media":21843,"comment_status":"open","ping_status":"closed","template":"","meta":[],"product_brand":[],"product_cat":[231,259],"product_tag":[],"class_list":{"0":"post-22665","1":"product","2":"type-product","3":"status-publish","4":"has-post-thumbnail","6":"product_cat-druide-fr","7":"product_cat-soins-des-cheveux-corps","9":"first","10":"instock","11":"taxable","12":"shipping-taxable","13":"purchasable","14":"product-type-simple"},"yoast_head":"<!-- This site is optimized with the Yoast SEO plugin v27.3 - https:\/\/yoast.com\/product\/yoast-seo-wordpress\/ -->\n<title>Cr\u00e8me \u00e0 Mains \u2013 Peau S\u00e8che - Beaut\u00e9 Sant\u00e9 Lorette<\/title>\n<meta name=\"description\" content=\"Cr\u00e8me \u00e0 Mains \u2013 Peau S\u00e8che Druide ultra-hydratante. Texture l\u00e9g\u00e8re qui nourrit et assouplit instantan\u00e9ment la peau des mains. Procure \u00e0 la peau un agr\u00e9able fini doux et confortable.Assure une protection des mains longue dur\u00e9e. P\u00e9n\u00e8tre rapidement sans fini collant. Id\u00e9al pour les mains s\u00e8ches et sensibles.\" \/>\n<meta name=\"robots\" content=\"index, follow, max-snippet:-1, max-image-preview:large, max-video-preview:-1\" \/>\n<link rel=\"canonical\" href=\"https:\/\/beautesantelorette.ca\/fr\/produit\/creme-a-mains-peau-seche\/\" \/>\n<meta property=\"og:locale\" content=\"fr_FR\" \/>\n<meta property=\"og:type\" content=\"article\" \/>\n<meta property=\"og:title\" content=\"Cr\u00e8me \u00e0 Mains \u2013 Peau S\u00e8che - Beaut\u00e9 Sant\u00e9 Lorette\" \/>\n<meta property=\"og:description\" content=\"Cr\u00e8me \u00e0 Mains \u2013 Peau S\u00e8che Druide ultra-hydratante. Texture l\u00e9g\u00e8re qui nourrit et assouplit instantan\u00e9ment la peau des mains. Procure \u00e0 la peau un agr\u00e9able fini doux et confortable.Assure une protection des mains longue dur\u00e9e. P\u00e9n\u00e8tre rapidement sans fini collant. Id\u00e9al pour les mains s\u00e8ches et sensibles.\" \/>\n<meta property=\"og:url\" content=\"https:\/\/beautesantelorette.ca\/fr\/produit\/creme-a-mains-peau-seche\/\" \/>\n<meta property=\"og:site_name\" content=\"Beaut\u00e9 Sant\u00e9 Lorette\" \/>\n<meta property=\"article:publisher\" content=\"https:\/\/www.facebook.com\/BeauteSanteLorette\/\" \/>\n<meta property=\"article:modified_time\" content=\"2022-03-24T14:47:12+00:00\" \/>\n<meta property=\"og:image\" content=\"https:\/\/beautesantelorette.ca\/wp-content\/uploads\/2021\/10\/Hand-Cream-\u2013-Dry-Skin.jpg\" \/>\n\t<meta property=\"og:image:width\" content=\"1000\" \/>\n\t<meta property=\"og:image:height\" content=\"1000\" \/>\n\t<meta property=\"og:image:type\" content=\"image\/jpeg\" \/>\n<meta name=\"twitter:card\" content=\"summary_large_image\" \/>\n<script type=\"application\/ld+json\" class=\"yoast-schema-graph\">{\"@context\":\"https:\\\/\\\/schema.org\",\"@graph\":[{\"@type\":\"WebPage\",\"@id\":\"https:\\\/\\\/beautesantelorette.ca\\\/fr\\\/produit\\\/creme-a-mains-peau-seche\\\/\",\"url\":\"https:\\\/\\\/beautesantelorette.ca\\\/fr\\\/produit\\\/creme-a-mains-peau-seche\\\/\",\"name\":\"Cr\u00e8me \u00e0 Mains \u2013 Peau S\u00e8che - Beaut\u00e9 Sant\u00e9 Lorette\",\"isPartOf\":{\"@id\":\"https:\\\/\\\/beautesantelorette.ca\\\/fr\\\/#website\"},\"primaryImageOfPage\":{\"@id\":\"https:\\\/\\\/beautesantelorette.ca\\\/fr\\\/produit\\\/creme-a-mains-peau-seche\\\/#primaryimage\"},\"image\":{\"@id\":\"https:\\\/\\\/beautesantelorette.ca\\\/fr\\\/produit\\\/creme-a-mains-peau-seche\\\/#primaryimage\"},\"thumbnailUrl\":\"https:\\\/\\\/beautesantelorette.ca\\\/wp-content\\\/uploads\\\/2021\\\/10\\\/Hand-Cream-\u2013-Dry-Skin.jpg\",\"datePublished\":\"2021-10-02T14:49:19+00:00\",\"dateModified\":\"2022-03-24T14:47:12+00:00\",\"description\":\"Cr\u00e8me \u00e0 Mains \u2013 Peau S\u00e8che Druide ultra-hydratante. Texture l\u00e9g\u00e8re qui nourrit et assouplit instantan\u00e9ment la peau des mains. Procure \u00e0 la peau un agr\u00e9able fini doux et confortable.Assure une protection des mains longue dur\u00e9e. P\u00e9n\u00e8tre rapidement sans fini collant. Id\u00e9al pour les mains s\u00e8ches et sensibles.\",\"breadcrumb\":{\"@id\":\"https:\\\/\\\/beautesantelorette.ca\\\/fr\\\/produit\\\/creme-a-mains-peau-seche\\\/#breadcrumb\"},\"inLanguage\":\"fr-FR\",\"potentialAction\":[{\"@type\":\"ReadAction\",\"target\":[\"https:\\\/\\\/beautesantelorette.ca\\\/fr\\\/produit\\\/creme-a-mains-peau-seche\\\/\"]}]},{\"@type\":\"ImageObject\",\"inLanguage\":\"fr-FR\",\"@id\":\"https:\\\/\\\/beautesantelorette.ca\\\/fr\\\/produit\\\/creme-a-mains-peau-seche\\\/#primaryimage\",\"url\":\"https:\\\/\\\/beautesantelorette.ca\\\/wp-content\\\/uploads\\\/2021\\\/10\\\/Hand-Cream-\u2013-Dry-Skin.jpg\",\"contentUrl\":\"https:\\\/\\\/beautesantelorette.ca\\\/wp-content\\\/uploads\\\/2021\\\/10\\\/Hand-Cream-\u2013-Dry-Skin.jpg\",\"width\":1000,\"height\":1000,\"caption\":\"Cr\u00e8me \u00e0 Mains \u2013 Peau S\u00e8che\"},{\"@type\":\"BreadcrumbList\",\"@id\":\"https:\\\/\\\/beautesantelorette.ca\\\/fr\\\/produit\\\/creme-a-mains-peau-seche\\\/#breadcrumb\",\"itemListElement\":[{\"@type\":\"ListItem\",\"position\":1,\"name\":\"Home\",\"item\":\"https:\\\/\\\/beautesantelorette.ca\\\/fr\\\/\"},{\"@type\":\"ListItem\",\"position\":2,\"name\":\"Boutique\",\"item\":\"https:\\\/\\\/beautesantelorette.ca\\\/fr\\\/boutique\\\/\"},{\"@type\":\"ListItem\",\"position\":3,\"name\":\"Cr\u00e8me \u00e0 Mains \u2013 Peau S\u00e8che\"}]},{\"@type\":\"WebSite\",\"@id\":\"https:\\\/\\\/beautesantelorette.ca\\\/fr\\\/#website\",\"url\":\"https:\\\/\\\/beautesantelorette.ca\\\/fr\\\/\",\"name\":\"Beaut\u00e9 Sant\u00e9 Lorette\",\"description\":\"Confiez-Nous Le Soin de VOTRE PEAU\",\"publisher\":{\"@id\":\"https:\\\/\\\/beautesantelorette.ca\\\/fr\\\/#organization\"},\"potentialAction\":[{\"@type\":\"SearchAction\",\"target\":{\"@type\":\"EntryPoint\",\"urlTemplate\":\"https:\\\/\\\/beautesantelorette.ca\\\/fr\\\/?s={search_term_string}\"},\"query-input\":{\"@type\":\"PropertyValueSpecification\",\"valueRequired\":true,\"valueName\":\"search_term_string\"}}],\"inLanguage\":\"fr-FR\"},{\"@type\":\"Organization\",\"@id\":\"https:\\\/\\\/beautesantelorette.ca\\\/fr\\\/#organization\",\"name\":\"Beaut\u00e9 Sant\u00e9 Lorette\",\"url\":\"https:\\\/\\\/beautesantelorette.ca\\\/fr\\\/\",\"logo\":{\"@type\":\"ImageObject\",\"inLanguage\":\"fr-FR\",\"@id\":\"https:\\\/\\\/beautesantelorette.ca\\\/fr\\\/#\\\/schema\\\/logo\\\/image\\\/\",\"url\":\"https:\\\/\\\/beautesantelorette.ca\\\/wp-content\\\/uploads\\\/2021\\\/10\\\/bsl_surfgirl_logo_pos-1.svg\",\"contentUrl\":\"https:\\\/\\\/beautesantelorette.ca\\\/wp-content\\\/uploads\\\/2021\\\/10\\\/bsl_surfgirl_logo_pos-1.svg\",\"width\":1533,\"height\":1200,\"caption\":\"Beaut\u00e9 Sant\u00e9 Lorette\"},\"image\":{\"@id\":\"https:\\\/\\\/beautesantelorette.ca\\\/fr\\\/#\\\/schema\\\/logo\\\/image\\\/\"},\"sameAs\":[\"https:\\\/\\\/www.facebook.com\\\/BeauteSanteLorette\\\/\",\"https:\\\/\\\/www.instagram.com\\\/beautesantelorette\\\/\"]}]}<\/script>\n<!-- \/ Yoast SEO plugin. -->","yoast_head_json":{"title":"Cr\u00e8me \u00e0 Mains \u2013 Peau S\u00e8che - Beaut\u00e9 Sant\u00e9 Lorette","description":"Cr\u00e8me \u00e0 Mains \u2013 Peau S\u00e8che Druide ultra-hydratante. Texture l\u00e9g\u00e8re qui nourrit et assouplit instantan\u00e9ment la peau des mains. Procure \u00e0 la peau un agr\u00e9able fini doux et confortable.Assure une protection des mains longue dur\u00e9e. P\u00e9n\u00e8tre rapidement sans fini collant. Id\u00e9al pour les mains s\u00e8ches et sensibles.","robots":{"index":"index","follow":"follow","max-snippet":"max-snippet:-1","max-image-preview":"max-image-preview:large","max-video-preview":"max-video-preview:-1"},"canonical":"https:\/\/beautesantelorette.ca\/fr\/produit\/creme-a-mains-peau-seche\/","og_locale":"fr_FR","og_type":"article","og_title":"Cr\u00e8me \u00e0 Mains \u2013 Peau S\u00e8che - Beaut\u00e9 Sant\u00e9 Lorette","og_description":"Cr\u00e8me \u00e0 Mains \u2013 Peau S\u00e8che Druide ultra-hydratante. Texture l\u00e9g\u00e8re qui nourrit et assouplit instantan\u00e9ment la peau des mains. Procure \u00e0 la peau un agr\u00e9able fini doux et confortable.Assure une protection des mains longue dur\u00e9e. P\u00e9n\u00e8tre rapidement sans fini collant. Id\u00e9al pour les mains s\u00e8ches et sensibles.","og_url":"https:\/\/beautesantelorette.ca\/fr\/produit\/creme-a-mains-peau-seche\/","og_site_name":"Beaut\u00e9 Sant\u00e9 Lorette","article_publisher":"https:\/\/www.facebook.com\/BeauteSanteLorette\/","article_modified_time":"2022-03-24T14:47:12+00:00","og_image":[{"width":1000,"height":1000,"url":"https:\/\/beautesantelorette.ca\/wp-content\/uploads\/2021\/10\/Hand-Cream-\u2013-Dry-Skin.jpg","type":"image\/jpeg"}],"twitter_card":"summary_large_image","schema":{"@context":"https:\/\/schema.org","@graph":[{"@type":"WebPage","@id":"https:\/\/beautesantelorette.ca\/fr\/produit\/creme-a-mains-peau-seche\/","url":"https:\/\/beautesantelorette.ca\/fr\/produit\/creme-a-mains-peau-seche\/","name":"Cr\u00e8me \u00e0 Mains \u2013 Peau S\u00e8che - Beaut\u00e9 Sant\u00e9 Lorette","isPartOf":{"@id":"https:\/\/beautesantelorette.ca\/fr\/#website"},"primaryImageOfPage":{"@id":"https:\/\/beautesantelorette.ca\/fr\/produit\/creme-a-mains-peau-seche\/#primaryimage"},"image":{"@id":"https:\/\/beautesantelorette.ca\/fr\/produit\/creme-a-mains-peau-seche\/#primaryimage"},"thumbnailUrl":"https:\/\/beautesantelorette.ca\/wp-content\/uploads\/2021\/10\/Hand-Cream-\u2013-Dry-Skin.jpg","datePublished":"2021-10-02T14:49:19+00:00","dateModified":"2022-03-24T14:47:12+00:00","description":"Cr\u00e8me \u00e0 Mains \u2013 Peau S\u00e8che Druide ultra-hydratante. Texture l\u00e9g\u00e8re qui nourrit et assouplit instantan\u00e9ment la peau des mains. Procure \u00e0 la peau un agr\u00e9able fini doux et confortable.Assure une protection des mains longue dur\u00e9e. P\u00e9n\u00e8tre rapidement sans fini collant. Id\u00e9al pour les mains s\u00e8ches et sensibles.","breadcrumb":{"@id":"https:\/\/beautesantelorette.ca\/fr\/produit\/creme-a-mains-peau-seche\/#breadcrumb"},"inLanguage":"fr-FR","potentialAction":[{"@type":"ReadAction","target":["https:\/\/beautesantelorette.ca\/fr\/produit\/creme-a-mains-peau-seche\/"]}]},{"@type":"ImageObject","inLanguage":"fr-FR","@id":"https:\/\/beautesantelorette.ca\/fr\/produit\/creme-a-mains-peau-seche\/#primaryimage","url":"https:\/\/beautesantelorette.ca\/wp-content\/uploads\/2021\/10\/Hand-Cream-\u2013-Dry-Skin.jpg","contentUrl":"https:\/\/beautesantelorette.ca\/wp-content\/uploads\/2021\/10\/Hand-Cream-\u2013-Dry-Skin.jpg","width":1000,"height":1000,"caption":"Cr\u00e8me \u00e0 Mains \u2013 Peau S\u00e8che"},{"@type":"BreadcrumbList","@id":"https:\/\/beautesantelorette.ca\/fr\/produit\/creme-a-mains-peau-seche\/#breadcrumb","itemListElement":[{"@type":"ListItem","position":1,"name":"Home","item":"https:\/\/beautesantelorette.ca\/fr\/"},{"@type":"ListItem","position":2,"name":"Boutique","item":"https:\/\/beautesantelorette.ca\/fr\/boutique\/"},{"@type":"ListItem","position":3,"name":"Cr\u00e8me \u00e0 Mains \u2013 Peau S\u00e8che"}]},{"@type":"WebSite","@id":"https:\/\/beautesantelorette.ca\/fr\/#website","url":"https:\/\/beautesantelorette.ca\/fr\/","name":"Beaut\u00e9 Sant\u00e9 Lorette","description":"Confiez-Nous Le Soin de VOTRE PEAU","publisher":{"@id":"https:\/\/beautesantelorette.ca\/fr\/#organization"},"potentialAction":[{"@type":"SearchAction","target":{"@type":"EntryPoint","urlTemplate":"https:\/\/beautesantelorette.ca\/fr\/?s={search_term_string}"},"query-input":{"@type":"PropertyValueSpecification","valueRequired":true,"valueName":"search_term_string"}}],"inLanguage":"fr-FR"},{"@type":"Organization","@id":"https:\/\/beautesantelorette.ca\/fr\/#organization","name":"Beaut\u00e9 Sant\u00e9 Lorette","url":"https:\/\/beautesantelorette.ca\/fr\/","logo":{"@type":"ImageObject","inLanguage":"fr-FR","@id":"https:\/\/beautesantelorette.ca\/fr\/#\/schema\/logo\/image\/","url":"https:\/\/beautesantelorette.ca\/wp-content\/uploads\/2021\/10\/bsl_surfgirl_logo_pos-1.svg","contentUrl":"https:\/\/beautesantelorette.ca\/wp-content\/uploads\/2021\/10\/bsl_surfgirl_logo_pos-1.svg","width":1533,"height":1200,"caption":"Beaut\u00e9 Sant\u00e9 Lorette"},"image":{"@id":"https:\/\/beautesantelorette.ca\/fr\/#\/schema\/logo\/image\/"},"sameAs":["https:\/\/www.facebook.com\/BeauteSanteLorette\/","https:\/\/www.instagram.com\/beautesantelorette\/"]}]}},"jetpack_sharing_enabled":true,"_links":{"self":[{"href":"https:\/\/beautesantelorette.ca\/fr\/wp-json\/wp\/v2\/product\/22665","targetHints":{"allow":["GET"]}}],"collection":[{"href":"https:\/\/beautesantelorette.ca\/fr\/wp-json\/wp\/v2\/product"}],"about":[{"href":"https:\/\/beautesantelorette.ca\/fr\/wp-json\/wp\/v2\/types\/product"}],"replies":[{"embeddable":true,"href":"https:\/\/beautesantelorette.ca\/fr\/wp-json\/wp\/v2\/comments?post=22665"}],"wp:featuredmedia":[{"embeddable":true,"href":"https:\/\/beautesantelorette.ca\/fr\/wp-json\/wp\/v2\/media\/21843"}],"wp:attachment":[{"href":"https:\/\/beautesantelorette.ca\/fr\/wp-json\/wp\/v2\/media?parent=22665"}],"wp:term":[{"taxonomy":"product_brand","embeddable":true,"href":"https:\/\/beautesantelorette.ca\/fr\/wp-json\/wp\/v2\/product_brand?post=22665"},{"taxonomy":"product_cat","embeddable":true,"href":"https:\/\/beautesantelorette.ca\/fr\/wp-json\/wp\/v2\/product_cat?post=22665"},{"taxonomy":"product_tag","embeddable":true,"href":"https:\/\/beautesantelorette.ca\/fr\/wp-json\/wp\/v2\/product_tag?post=22665"}],"curies":[{"name":"wp","href":"https:\/\/api.w.org\/{rel}","templated":true}]}}