{"id":22669,"date":"2021-10-02T14:11:53","date_gmt":"2021-10-02T14:11:53","guid":{"rendered":"https:\/\/beautelorette.wpengine.com\/product\/karite-vivifying-soap-x4\/"},"modified":"2022-03-24T14:54:51","modified_gmt":"2022-03-24T14:54:51","slug":"savon-vivifiant-karite-x4","status":"publish","type":"product","link":"https:\/\/beautesantelorette.ca\/fr\/produit\/savon-vivifiant-karite-x4\/","title":{"rendered":"Savon Vivifiant Karit\u00e9 (x4)"},"content":{"rendered":"","protected":false},"excerpt":{"rendered":"<p>Savon Vivifiant Karit\u00e9 Druide en barre vivifiant \u00e0 base de beurre de karit\u00e9 et aux extraits naturels d\u2019agrumes, excellent pour les peaux tr\u00e8s s\u00e8ches. Forme une mousse nettoyante et exfoliante ultra-douce qui laisse la peau propre, douce et lisse sans la dess\u00e9cher. Assure un teint lumineux et raviv\u00e9.<\/p>\n","protected":false},"featured_media":21832,"comment_status":"open","ping_status":"closed","template":"","meta":[],"product_brand":[],"product_cat":[231,257,259],"product_tag":[],"class_list":{"0":"post-22669","1":"product","2":"type-product","3":"status-publish","4":"has-post-thumbnail","6":"product_cat-druide-fr","7":"product_cat-promotions-fr","8":"product_cat-soins-des-cheveux-corps","10":"first","11":"instock","12":"sale","13":"taxable","14":"shipping-taxable","15":"purchasable","16":"product-type-simple"},"yoast_head":"<!-- This site is optimized with the Yoast SEO plugin v27.4 - https:\/\/yoast.com\/product\/yoast-seo-wordpress\/ -->\n<title>Savon Vivifiant Karit\u00e9 (x4) - Beaut\u00e9 Sant\u00e9 Lorette<\/title>\n<meta name=\"description\" content=\"Savon Vivifiant Karit\u00e9 Druide en barre vivifiant \u00e0 base de beurre de karit\u00e9 et aux extraits naturels d\u2019agrumes, excellent pour les peaux tr\u00e8s s\u00e8ches. Forme une mousse nettoyante et exfoliante ultra-douce qui laisse la peau propre, douce et lisse sans la dess\u00e9cher. Assure un teint lumineux et raviv\u00e9.\" \/>\n<meta name=\"robots\" content=\"index, follow, max-snippet:-1, max-image-preview:large, max-video-preview:-1\" \/>\n<link rel=\"canonical\" href=\"https:\/\/beautesantelorette.ca\/fr\/produit\/savon-vivifiant-karite-x4\/\" \/>\n<meta property=\"og:locale\" content=\"fr_FR\" \/>\n<meta property=\"og:type\" content=\"article\" \/>\n<meta property=\"og:title\" content=\"Savon Vivifiant Karit\u00e9 (x4) - Beaut\u00e9 Sant\u00e9 Lorette\" \/>\n<meta property=\"og:description\" content=\"Savon Vivifiant Karit\u00e9 Druide en barre vivifiant \u00e0 base de beurre de karit\u00e9 et aux extraits naturels d\u2019agrumes, excellent pour les peaux tr\u00e8s s\u00e8ches. Forme une mousse nettoyante et exfoliante ultra-douce qui laisse la peau propre, douce et lisse sans la dess\u00e9cher. Assure un teint lumineux et raviv\u00e9.\" \/>\n<meta property=\"og:url\" content=\"https:\/\/beautesantelorette.ca\/fr\/produit\/savon-vivifiant-karite-x4\/\" \/>\n<meta property=\"og:site_name\" content=\"Beaut\u00e9 Sant\u00e9 Lorette\" \/>\n<meta property=\"article:publisher\" content=\"https:\/\/www.facebook.com\/BeauteSanteLorette\/\" \/>\n<meta property=\"article:modified_time\" content=\"2022-03-24T14:54:51+00:00\" \/>\n<meta property=\"og:image\" content=\"https:\/\/beautesantelorette.ca\/wp-content\/uploads\/2021\/10\/Karite-Vivifying-Soap-x4.jpg\" \/>\n\t<meta property=\"og:image:width\" content=\"1000\" \/>\n\t<meta property=\"og:image:height\" content=\"1000\" \/>\n\t<meta property=\"og:image:type\" content=\"image\/jpeg\" \/>\n<meta name=\"twitter:card\" content=\"summary_large_image\" \/>\n<script type=\"application\/ld+json\" class=\"yoast-schema-graph\">{\"@context\":\"https:\\\/\\\/schema.org\",\"@graph\":[{\"@type\":\"WebPage\",\"@id\":\"https:\\\/\\\/beautesantelorette.ca\\\/fr\\\/produit\\\/savon-vivifiant-karite-x4\\\/\",\"url\":\"https:\\\/\\\/beautesantelorette.ca\\\/fr\\\/produit\\\/savon-vivifiant-karite-x4\\\/\",\"name\":\"Savon Vivifiant Karit\u00e9 (x4) - Beaut\u00e9 Sant\u00e9 Lorette\",\"isPartOf\":{\"@id\":\"https:\\\/\\\/beautesantelorette.ca\\\/fr\\\/#website\"},\"primaryImageOfPage\":{\"@id\":\"https:\\\/\\\/beautesantelorette.ca\\\/fr\\\/produit\\\/savon-vivifiant-karite-x4\\\/#primaryimage\"},\"image\":{\"@id\":\"https:\\\/\\\/beautesantelorette.ca\\\/fr\\\/produit\\\/savon-vivifiant-karite-x4\\\/#primaryimage\"},\"thumbnailUrl\":\"https:\\\/\\\/beautesantelorette.ca\\\/wp-content\\\/uploads\\\/2021\\\/10\\\/Karite-Vivifying-Soap-x4.jpg\",\"datePublished\":\"2021-10-02T14:11:53+00:00\",\"dateModified\":\"2022-03-24T14:54:51+00:00\",\"description\":\"Savon Vivifiant Karit\u00e9 Druide en barre vivifiant \u00e0 base de beurre de karit\u00e9 et aux extraits naturels d\u2019agrumes, excellent pour les peaux tr\u00e8s s\u00e8ches. Forme une mousse nettoyante et exfoliante ultra-douce qui laisse la peau propre, douce et lisse sans la dess\u00e9cher. Assure un teint lumineux et raviv\u00e9.\",\"breadcrumb\":{\"@id\":\"https:\\\/\\\/beautesantelorette.ca\\\/fr\\\/produit\\\/savon-vivifiant-karite-x4\\\/#breadcrumb\"},\"inLanguage\":\"fr-FR\",\"potentialAction\":[{\"@type\":\"ReadAction\",\"target\":[\"https:\\\/\\\/beautesantelorette.ca\\\/fr\\\/produit\\\/savon-vivifiant-karite-x4\\\/\"]}]},{\"@type\":\"ImageObject\",\"inLanguage\":\"fr-FR\",\"@id\":\"https:\\\/\\\/beautesantelorette.ca\\\/fr\\\/produit\\\/savon-vivifiant-karite-x4\\\/#primaryimage\",\"url\":\"https:\\\/\\\/beautesantelorette.ca\\\/wp-content\\\/uploads\\\/2021\\\/10\\\/Karite-Vivifying-Soap-x4.jpg\",\"contentUrl\":\"https:\\\/\\\/beautesantelorette.ca\\\/wp-content\\\/uploads\\\/2021\\\/10\\\/Karite-Vivifying-Soap-x4.jpg\",\"width\":1000,\"height\":1000,\"caption\":\"Savon Vivifiant Karit\u00e9 (x4)\"},{\"@type\":\"BreadcrumbList\",\"@id\":\"https:\\\/\\\/beautesantelorette.ca\\\/fr\\\/produit\\\/savon-vivifiant-karite-x4\\\/#breadcrumb\",\"itemListElement\":[{\"@type\":\"ListItem\",\"position\":1,\"name\":\"Home\",\"item\":\"https:\\\/\\\/beautesantelorette.ca\\\/fr\\\/\"},{\"@type\":\"ListItem\",\"position\":2,\"name\":\"Boutique\",\"item\":\"https:\\\/\\\/beautesantelorette.ca\\\/fr\\\/boutique\\\/\"},{\"@type\":\"ListItem\",\"position\":3,\"name\":\"Savon Vivifiant Karit\u00e9 (x4)\"}]},{\"@type\":\"WebSite\",\"@id\":\"https:\\\/\\\/beautesantelorette.ca\\\/fr\\\/#website\",\"url\":\"https:\\\/\\\/beautesantelorette.ca\\\/fr\\\/\",\"name\":\"Beaut\u00e9 Sant\u00e9 Lorette\",\"description\":\"Confiez-Nous Le Soin de VOTRE PEAU\",\"publisher\":{\"@id\":\"https:\\\/\\\/beautesantelorette.ca\\\/fr\\\/#organization\"},\"potentialAction\":[{\"@type\":\"SearchAction\",\"target\":{\"@type\":\"EntryPoint\",\"urlTemplate\":\"https:\\\/\\\/beautesantelorette.ca\\\/fr\\\/?s={search_term_string}\"},\"query-input\":{\"@type\":\"PropertyValueSpecification\",\"valueRequired\":true,\"valueName\":\"search_term_string\"}}],\"inLanguage\":\"fr-FR\"},{\"@type\":\"Organization\",\"@id\":\"https:\\\/\\\/beautesantelorette.ca\\\/fr\\\/#organization\",\"name\":\"Beaut\u00e9 Sant\u00e9 Lorette\",\"url\":\"https:\\\/\\\/beautesantelorette.ca\\\/fr\\\/\",\"logo\":{\"@type\":\"ImageObject\",\"inLanguage\":\"fr-FR\",\"@id\":\"https:\\\/\\\/beautesantelorette.ca\\\/fr\\\/#\\\/schema\\\/logo\\\/image\\\/\",\"url\":\"https:\\\/\\\/beautesantelorette.ca\\\/wp-content\\\/uploads\\\/2021\\\/10\\\/bsl_surfgirl_logo_pos-1.svg\",\"contentUrl\":\"https:\\\/\\\/beautesantelorette.ca\\\/wp-content\\\/uploads\\\/2021\\\/10\\\/bsl_surfgirl_logo_pos-1.svg\",\"width\":1533,\"height\":1200,\"caption\":\"Beaut\u00e9 Sant\u00e9 Lorette\"},\"image\":{\"@id\":\"https:\\\/\\\/beautesantelorette.ca\\\/fr\\\/#\\\/schema\\\/logo\\\/image\\\/\"},\"sameAs\":[\"https:\\\/\\\/www.facebook.com\\\/BeauteSanteLorette\\\/\",\"https:\\\/\\\/www.instagram.com\\\/beautesantelorette\\\/\"]}]}<\/script>\n<!-- \/ Yoast SEO plugin. -->","yoast_head_json":{"title":"Savon Vivifiant Karit\u00e9 (x4) - Beaut\u00e9 Sant\u00e9 Lorette","description":"Savon Vivifiant Karit\u00e9 Druide en barre vivifiant \u00e0 base de beurre de karit\u00e9 et aux extraits naturels d\u2019agrumes, excellent pour les peaux tr\u00e8s s\u00e8ches. Forme une mousse nettoyante et exfoliante ultra-douce qui laisse la peau propre, douce et lisse sans la dess\u00e9cher. Assure un teint lumineux et raviv\u00e9.","robots":{"index":"index","follow":"follow","max-snippet":"max-snippet:-1","max-image-preview":"max-image-preview:large","max-video-preview":"max-video-preview:-1"},"canonical":"https:\/\/beautesantelorette.ca\/fr\/produit\/savon-vivifiant-karite-x4\/","og_locale":"fr_FR","og_type":"article","og_title":"Savon Vivifiant Karit\u00e9 (x4) - Beaut\u00e9 Sant\u00e9 Lorette","og_description":"Savon Vivifiant Karit\u00e9 Druide en barre vivifiant \u00e0 base de beurre de karit\u00e9 et aux extraits naturels d\u2019agrumes, excellent pour les peaux tr\u00e8s s\u00e8ches. Forme une mousse nettoyante et exfoliante ultra-douce qui laisse la peau propre, douce et lisse sans la dess\u00e9cher. Assure un teint lumineux et raviv\u00e9.","og_url":"https:\/\/beautesantelorette.ca\/fr\/produit\/savon-vivifiant-karite-x4\/","og_site_name":"Beaut\u00e9 Sant\u00e9 Lorette","article_publisher":"https:\/\/www.facebook.com\/BeauteSanteLorette\/","article_modified_time":"2022-03-24T14:54:51+00:00","og_image":[{"width":1000,"height":1000,"url":"https:\/\/beautesantelorette.ca\/wp-content\/uploads\/2021\/10\/Karite-Vivifying-Soap-x4.jpg","type":"image\/jpeg"}],"twitter_card":"summary_large_image","schema":{"@context":"https:\/\/schema.org","@graph":[{"@type":"WebPage","@id":"https:\/\/beautesantelorette.ca\/fr\/produit\/savon-vivifiant-karite-x4\/","url":"https:\/\/beautesantelorette.ca\/fr\/produit\/savon-vivifiant-karite-x4\/","name":"Savon Vivifiant Karit\u00e9 (x4) - Beaut\u00e9 Sant\u00e9 Lorette","isPartOf":{"@id":"https:\/\/beautesantelorette.ca\/fr\/#website"},"primaryImageOfPage":{"@id":"https:\/\/beautesantelorette.ca\/fr\/produit\/savon-vivifiant-karite-x4\/#primaryimage"},"image":{"@id":"https:\/\/beautesantelorette.ca\/fr\/produit\/savon-vivifiant-karite-x4\/#primaryimage"},"thumbnailUrl":"https:\/\/beautesantelorette.ca\/wp-content\/uploads\/2021\/10\/Karite-Vivifying-Soap-x4.jpg","datePublished":"2021-10-02T14:11:53+00:00","dateModified":"2022-03-24T14:54:51+00:00","description":"Savon Vivifiant Karit\u00e9 Druide en barre vivifiant \u00e0 base de beurre de karit\u00e9 et aux extraits naturels d\u2019agrumes, excellent pour les peaux tr\u00e8s s\u00e8ches. Forme une mousse nettoyante et exfoliante ultra-douce qui laisse la peau propre, douce et lisse sans la dess\u00e9cher. Assure un teint lumineux et raviv\u00e9.","breadcrumb":{"@id":"https:\/\/beautesantelorette.ca\/fr\/produit\/savon-vivifiant-karite-x4\/#breadcrumb"},"inLanguage":"fr-FR","potentialAction":[{"@type":"ReadAction","target":["https:\/\/beautesantelorette.ca\/fr\/produit\/savon-vivifiant-karite-x4\/"]}]},{"@type":"ImageObject","inLanguage":"fr-FR","@id":"https:\/\/beautesantelorette.ca\/fr\/produit\/savon-vivifiant-karite-x4\/#primaryimage","url":"https:\/\/beautesantelorette.ca\/wp-content\/uploads\/2021\/10\/Karite-Vivifying-Soap-x4.jpg","contentUrl":"https:\/\/beautesantelorette.ca\/wp-content\/uploads\/2021\/10\/Karite-Vivifying-Soap-x4.jpg","width":1000,"height":1000,"caption":"Savon Vivifiant Karit\u00e9 (x4)"},{"@type":"BreadcrumbList","@id":"https:\/\/beautesantelorette.ca\/fr\/produit\/savon-vivifiant-karite-x4\/#breadcrumb","itemListElement":[{"@type":"ListItem","position":1,"name":"Home","item":"https:\/\/beautesantelorette.ca\/fr\/"},{"@type":"ListItem","position":2,"name":"Boutique","item":"https:\/\/beautesantelorette.ca\/fr\/boutique\/"},{"@type":"ListItem","position":3,"name":"Savon Vivifiant Karit\u00e9 (x4)"}]},{"@type":"WebSite","@id":"https:\/\/beautesantelorette.ca\/fr\/#website","url":"https:\/\/beautesantelorette.ca\/fr\/","name":"Beaut\u00e9 Sant\u00e9 Lorette","description":"Confiez-Nous Le Soin de VOTRE PEAU","publisher":{"@id":"https:\/\/beautesantelorette.ca\/fr\/#organization"},"potentialAction":[{"@type":"SearchAction","target":{"@type":"EntryPoint","urlTemplate":"https:\/\/beautesantelorette.ca\/fr\/?s={search_term_string}"},"query-input":{"@type":"PropertyValueSpecification","valueRequired":true,"valueName":"search_term_string"}}],"inLanguage":"fr-FR"},{"@type":"Organization","@id":"https:\/\/beautesantelorette.ca\/fr\/#organization","name":"Beaut\u00e9 Sant\u00e9 Lorette","url":"https:\/\/beautesantelorette.ca\/fr\/","logo":{"@type":"ImageObject","inLanguage":"fr-FR","@id":"https:\/\/beautesantelorette.ca\/fr\/#\/schema\/logo\/image\/","url":"https:\/\/beautesantelorette.ca\/wp-content\/uploads\/2021\/10\/bsl_surfgirl_logo_pos-1.svg","contentUrl":"https:\/\/beautesantelorette.ca\/wp-content\/uploads\/2021\/10\/bsl_surfgirl_logo_pos-1.svg","width":1533,"height":1200,"caption":"Beaut\u00e9 Sant\u00e9 Lorette"},"image":{"@id":"https:\/\/beautesantelorette.ca\/fr\/#\/schema\/logo\/image\/"},"sameAs":["https:\/\/www.facebook.com\/BeauteSanteLorette\/","https:\/\/www.instagram.com\/beautesantelorette\/"]}]}},"jetpack_sharing_enabled":true,"_links":{"self":[{"href":"https:\/\/beautesantelorette.ca\/fr\/wp-json\/wp\/v2\/product\/22669","targetHints":{"allow":["GET"]}}],"collection":[{"href":"https:\/\/beautesantelorette.ca\/fr\/wp-json\/wp\/v2\/product"}],"about":[{"href":"https:\/\/beautesantelorette.ca\/fr\/wp-json\/wp\/v2\/types\/product"}],"replies":[{"embeddable":true,"href":"https:\/\/beautesantelorette.ca\/fr\/wp-json\/wp\/v2\/comments?post=22669"}],"wp:featuredmedia":[{"embeddable":true,"href":"https:\/\/beautesantelorette.ca\/fr\/wp-json\/wp\/v2\/media\/21832"}],"wp:attachment":[{"href":"https:\/\/beautesantelorette.ca\/fr\/wp-json\/wp\/v2\/media?parent=22669"}],"wp:term":[{"taxonomy":"product_brand","embeddable":true,"href":"https:\/\/beautesantelorette.ca\/fr\/wp-json\/wp\/v2\/product_brand?post=22669"},{"taxonomy":"product_cat","embeddable":true,"href":"https:\/\/beautesantelorette.ca\/fr\/wp-json\/wp\/v2\/product_cat?post=22669"},{"taxonomy":"product_tag","embeddable":true,"href":"https:\/\/beautesantelorette.ca\/fr\/wp-json\/wp\/v2\/product_tag?post=22669"}],"curies":[{"name":"wp","href":"https:\/\/api.w.org\/{rel}","templated":true}]}}