{"id":22683,"date":"2021-10-01T22:54:06","date_gmt":"2021-10-01T22:54:06","guid":{"rendered":"https:\/\/beautelorette.wpengine.com\/product\/relaxing-body-soap-lavender-family-size\/"},"modified":"2022-03-24T15:03:15","modified_gmt":"2022-03-24T15:03:15","slug":"savon-corporel-decontractant-lavande-format-familial","status":"publish","type":"product","link":"https:\/\/beautesantelorette.ca\/fr\/produit\/savon-corporel-decontractant-lavande-format-familial\/","title":{"rendered":"Savon Corporel D\u00e9contractant Lavande (Format Familial)"},"content":{"rendered":"","protected":false},"excerpt":{"rendered":"<p>Savon Corporel D\u00e9contractant Lavande Druide aux ar\u00f4mes bois\u00e9s et fruit\u00e9s. Nettoie d\u00e9licatement la peau et les cheveux, en respectant le pH physiologique corporel. Forme une mousse nettoyante d\u00e9licate et onctueuse. Procure propret\u00e9, confort et souplesse \u00e0 la peau et aux cheveux. Id\u00e9al pour une utilisation sur les mains, le visage, le corps et les cheveux. Pour toute la famille.<\/p>\n","protected":false},"featured_media":21825,"comment_status":"open","ping_status":"closed","template":"","meta":[],"product_brand":[],"product_cat":[231,259],"product_tag":[],"class_list":{"0":"post-22683","1":"product","2":"type-product","3":"status-publish","4":"has-post-thumbnail","6":"product_cat-druide-fr","7":"product_cat-soins-des-cheveux-corps","9":"first","10":"instock","11":"taxable","12":"shipping-taxable","13":"purchasable","14":"product-type-simple"},"yoast_head":"<!-- This site is optimized with the Yoast SEO plugin v27.4 - https:\/\/yoast.com\/product\/yoast-seo-wordpress\/ -->\n<title>Savon Corporel D\u00e9contractant Lavande (Format Familial) - Beaut\u00e9 Sant\u00e9 Lorette<\/title>\n<meta name=\"description\" content=\"Savon Corporel D\u00e9contractant Lavande Druide aux ar\u00f4mes bois\u00e9s et fruit\u00e9s. Nettoie d\u00e9licatement la peau et les cheveux, en respectant le pH physiologique corporel. Forme une mousse nettoyante d\u00e9licate et onctueuse. Procure propret\u00e9, confort et souplesse \u00e0 la peau et aux cheveux. Id\u00e9al pour une utilisation sur les mains, le visage, le corps et les cheveux. Pour toute la famille.\" \/>\n<meta name=\"robots\" content=\"index, follow, max-snippet:-1, max-image-preview:large, max-video-preview:-1\" \/>\n<link rel=\"canonical\" href=\"https:\/\/beautesantelorette.ca\/fr\/produit\/savon-corporel-decontractant-lavande-format-familial\/\" \/>\n<meta property=\"og:locale\" content=\"fr_FR\" \/>\n<meta property=\"og:type\" content=\"article\" \/>\n<meta property=\"og:title\" content=\"Savon Corporel D\u00e9contractant Lavande (Format Familial) - Beaut\u00e9 Sant\u00e9 Lorette\" \/>\n<meta property=\"og:description\" content=\"Savon Corporel D\u00e9contractant Lavande Druide aux ar\u00f4mes bois\u00e9s et fruit\u00e9s. Nettoie d\u00e9licatement la peau et les cheveux, en respectant le pH physiologique corporel. Forme une mousse nettoyante d\u00e9licate et onctueuse. Procure propret\u00e9, confort et souplesse \u00e0 la peau et aux cheveux. Id\u00e9al pour une utilisation sur les mains, le visage, le corps et les cheveux. Pour toute la famille.\" \/>\n<meta property=\"og:url\" content=\"https:\/\/beautesantelorette.ca\/fr\/produit\/savon-corporel-decontractant-lavande-format-familial\/\" \/>\n<meta property=\"og:site_name\" content=\"Beaut\u00e9 Sant\u00e9 Lorette\" \/>\n<meta property=\"article:publisher\" content=\"https:\/\/www.facebook.com\/BeauteSanteLorette\/\" \/>\n<meta property=\"article:modified_time\" content=\"2022-03-24T15:03:15+00:00\" \/>\n<meta property=\"og:image\" content=\"https:\/\/beautesantelorette.ca\/wp-content\/uploads\/2021\/10\/Relaxing-Body-Soap-Lavender-Family-Size.jpg\" \/>\n\t<meta property=\"og:image:width\" content=\"1200\" \/>\n\t<meta property=\"og:image:height\" content=\"1200\" \/>\n\t<meta property=\"og:image:type\" content=\"image\/jpeg\" \/>\n<meta name=\"twitter:card\" content=\"summary_large_image\" \/>\n<script type=\"application\/ld+json\" class=\"yoast-schema-graph\">{\"@context\":\"https:\\\/\\\/schema.org\",\"@graph\":[{\"@type\":\"WebPage\",\"@id\":\"https:\\\/\\\/beautesantelorette.ca\\\/fr\\\/produit\\\/savon-corporel-decontractant-lavande-format-familial\\\/\",\"url\":\"https:\\\/\\\/beautesantelorette.ca\\\/fr\\\/produit\\\/savon-corporel-decontractant-lavande-format-familial\\\/\",\"name\":\"Savon Corporel D\u00e9contractant Lavande (Format Familial) - Beaut\u00e9 Sant\u00e9 Lorette\",\"isPartOf\":{\"@id\":\"https:\\\/\\\/beautesantelorette.ca\\\/fr\\\/#website\"},\"primaryImageOfPage\":{\"@id\":\"https:\\\/\\\/beautesantelorette.ca\\\/fr\\\/produit\\\/savon-corporel-decontractant-lavande-format-familial\\\/#primaryimage\"},\"image\":{\"@id\":\"https:\\\/\\\/beautesantelorette.ca\\\/fr\\\/produit\\\/savon-corporel-decontractant-lavande-format-familial\\\/#primaryimage\"},\"thumbnailUrl\":\"https:\\\/\\\/beautesantelorette.ca\\\/wp-content\\\/uploads\\\/2021\\\/10\\\/Relaxing-Body-Soap-Lavender-Family-Size.jpg\",\"datePublished\":\"2021-10-01T22:54:06+00:00\",\"dateModified\":\"2022-03-24T15:03:15+00:00\",\"description\":\"Savon Corporel D\u00e9contractant Lavande Druide aux ar\u00f4mes bois\u00e9s et fruit\u00e9s. Nettoie d\u00e9licatement la peau et les cheveux, en respectant le pH physiologique corporel. Forme une mousse nettoyante d\u00e9licate et onctueuse. Procure propret\u00e9, confort et souplesse \u00e0 la peau et aux cheveux. Id\u00e9al pour une utilisation sur les mains, le visage, le corps et les cheveux. Pour toute la famille.\",\"breadcrumb\":{\"@id\":\"https:\\\/\\\/beautesantelorette.ca\\\/fr\\\/produit\\\/savon-corporel-decontractant-lavande-format-familial\\\/#breadcrumb\"},\"inLanguage\":\"fr-FR\",\"potentialAction\":[{\"@type\":\"ReadAction\",\"target\":[\"https:\\\/\\\/beautesantelorette.ca\\\/fr\\\/produit\\\/savon-corporel-decontractant-lavande-format-familial\\\/\"]}]},{\"@type\":\"ImageObject\",\"inLanguage\":\"fr-FR\",\"@id\":\"https:\\\/\\\/beautesantelorette.ca\\\/fr\\\/produit\\\/savon-corporel-decontractant-lavande-format-familial\\\/#primaryimage\",\"url\":\"https:\\\/\\\/beautesantelorette.ca\\\/wp-content\\\/uploads\\\/2021\\\/10\\\/Relaxing-Body-Soap-Lavender-Family-Size.jpg\",\"contentUrl\":\"https:\\\/\\\/beautesantelorette.ca\\\/wp-content\\\/uploads\\\/2021\\\/10\\\/Relaxing-Body-Soap-Lavender-Family-Size.jpg\",\"width\":1200,\"height\":1200,\"caption\":\"Savon Corporel D\u00e9contractant Lavande (Format Familial)\"},{\"@type\":\"BreadcrumbList\",\"@id\":\"https:\\\/\\\/beautesantelorette.ca\\\/fr\\\/produit\\\/savon-corporel-decontractant-lavande-format-familial\\\/#breadcrumb\",\"itemListElement\":[{\"@type\":\"ListItem\",\"position\":1,\"name\":\"Home\",\"item\":\"https:\\\/\\\/beautesantelorette.ca\\\/fr\\\/\"},{\"@type\":\"ListItem\",\"position\":2,\"name\":\"Boutique\",\"item\":\"https:\\\/\\\/beautesantelorette.ca\\\/fr\\\/boutique\\\/\"},{\"@type\":\"ListItem\",\"position\":3,\"name\":\"Savon Corporel D\u00e9contractant Lavande (Format Familial)\"}]},{\"@type\":\"WebSite\",\"@id\":\"https:\\\/\\\/beautesantelorette.ca\\\/fr\\\/#website\",\"url\":\"https:\\\/\\\/beautesantelorette.ca\\\/fr\\\/\",\"name\":\"Beaut\u00e9 Sant\u00e9 Lorette\",\"description\":\"Confiez-Nous Le Soin de VOTRE PEAU\",\"publisher\":{\"@id\":\"https:\\\/\\\/beautesantelorette.ca\\\/fr\\\/#organization\"},\"potentialAction\":[{\"@type\":\"SearchAction\",\"target\":{\"@type\":\"EntryPoint\",\"urlTemplate\":\"https:\\\/\\\/beautesantelorette.ca\\\/fr\\\/?s={search_term_string}\"},\"query-input\":{\"@type\":\"PropertyValueSpecification\",\"valueRequired\":true,\"valueName\":\"search_term_string\"}}],\"inLanguage\":\"fr-FR\"},{\"@type\":\"Organization\",\"@id\":\"https:\\\/\\\/beautesantelorette.ca\\\/fr\\\/#organization\",\"name\":\"Beaut\u00e9 Sant\u00e9 Lorette\",\"url\":\"https:\\\/\\\/beautesantelorette.ca\\\/fr\\\/\",\"logo\":{\"@type\":\"ImageObject\",\"inLanguage\":\"fr-FR\",\"@id\":\"https:\\\/\\\/beautesantelorette.ca\\\/fr\\\/#\\\/schema\\\/logo\\\/image\\\/\",\"url\":\"https:\\\/\\\/beautesantelorette.ca\\\/wp-content\\\/uploads\\\/2021\\\/10\\\/bsl_surfgirl_logo_pos-1.svg\",\"contentUrl\":\"https:\\\/\\\/beautesantelorette.ca\\\/wp-content\\\/uploads\\\/2021\\\/10\\\/bsl_surfgirl_logo_pos-1.svg\",\"width\":1533,\"height\":1200,\"caption\":\"Beaut\u00e9 Sant\u00e9 Lorette\"},\"image\":{\"@id\":\"https:\\\/\\\/beautesantelorette.ca\\\/fr\\\/#\\\/schema\\\/logo\\\/image\\\/\"},\"sameAs\":[\"https:\\\/\\\/www.facebook.com\\\/BeauteSanteLorette\\\/\",\"https:\\\/\\\/www.instagram.com\\\/beautesantelorette\\\/\"]}]}<\/script>\n<!-- \/ Yoast SEO plugin. -->","yoast_head_json":{"title":"Savon Corporel D\u00e9contractant Lavande (Format Familial) - Beaut\u00e9 Sant\u00e9 Lorette","description":"Savon Corporel D\u00e9contractant Lavande Druide aux ar\u00f4mes bois\u00e9s et fruit\u00e9s. Nettoie d\u00e9licatement la peau et les cheveux, en respectant le pH physiologique corporel. Forme une mousse nettoyante d\u00e9licate et onctueuse. Procure propret\u00e9, confort et souplesse \u00e0 la peau et aux cheveux. Id\u00e9al pour une utilisation sur les mains, le visage, le corps et les cheveux. Pour toute la famille.","robots":{"index":"index","follow":"follow","max-snippet":"max-snippet:-1","max-image-preview":"max-image-preview:large","max-video-preview":"max-video-preview:-1"},"canonical":"https:\/\/beautesantelorette.ca\/fr\/produit\/savon-corporel-decontractant-lavande-format-familial\/","og_locale":"fr_FR","og_type":"article","og_title":"Savon Corporel D\u00e9contractant Lavande (Format Familial) - Beaut\u00e9 Sant\u00e9 Lorette","og_description":"Savon Corporel D\u00e9contractant Lavande Druide aux ar\u00f4mes bois\u00e9s et fruit\u00e9s. Nettoie d\u00e9licatement la peau et les cheveux, en respectant le pH physiologique corporel. Forme une mousse nettoyante d\u00e9licate et onctueuse. Procure propret\u00e9, confort et souplesse \u00e0 la peau et aux cheveux. Id\u00e9al pour une utilisation sur les mains, le visage, le corps et les cheveux. Pour toute la famille.","og_url":"https:\/\/beautesantelorette.ca\/fr\/produit\/savon-corporel-decontractant-lavande-format-familial\/","og_site_name":"Beaut\u00e9 Sant\u00e9 Lorette","article_publisher":"https:\/\/www.facebook.com\/BeauteSanteLorette\/","article_modified_time":"2022-03-24T15:03:15+00:00","og_image":[{"width":1200,"height":1200,"url":"https:\/\/beautesantelorette.ca\/wp-content\/uploads\/2021\/10\/Relaxing-Body-Soap-Lavender-Family-Size.jpg","type":"image\/jpeg"}],"twitter_card":"summary_large_image","schema":{"@context":"https:\/\/schema.org","@graph":[{"@type":"WebPage","@id":"https:\/\/beautesantelorette.ca\/fr\/produit\/savon-corporel-decontractant-lavande-format-familial\/","url":"https:\/\/beautesantelorette.ca\/fr\/produit\/savon-corporel-decontractant-lavande-format-familial\/","name":"Savon Corporel D\u00e9contractant Lavande (Format Familial) - Beaut\u00e9 Sant\u00e9 Lorette","isPartOf":{"@id":"https:\/\/beautesantelorette.ca\/fr\/#website"},"primaryImageOfPage":{"@id":"https:\/\/beautesantelorette.ca\/fr\/produit\/savon-corporel-decontractant-lavande-format-familial\/#primaryimage"},"image":{"@id":"https:\/\/beautesantelorette.ca\/fr\/produit\/savon-corporel-decontractant-lavande-format-familial\/#primaryimage"},"thumbnailUrl":"https:\/\/beautesantelorette.ca\/wp-content\/uploads\/2021\/10\/Relaxing-Body-Soap-Lavender-Family-Size.jpg","datePublished":"2021-10-01T22:54:06+00:00","dateModified":"2022-03-24T15:03:15+00:00","description":"Savon Corporel D\u00e9contractant Lavande Druide aux ar\u00f4mes bois\u00e9s et fruit\u00e9s. Nettoie d\u00e9licatement la peau et les cheveux, en respectant le pH physiologique corporel. Forme une mousse nettoyante d\u00e9licate et onctueuse. Procure propret\u00e9, confort et souplesse \u00e0 la peau et aux cheveux. Id\u00e9al pour une utilisation sur les mains, le visage, le corps et les cheveux. Pour toute la famille.","breadcrumb":{"@id":"https:\/\/beautesantelorette.ca\/fr\/produit\/savon-corporel-decontractant-lavande-format-familial\/#breadcrumb"},"inLanguage":"fr-FR","potentialAction":[{"@type":"ReadAction","target":["https:\/\/beautesantelorette.ca\/fr\/produit\/savon-corporel-decontractant-lavande-format-familial\/"]}]},{"@type":"ImageObject","inLanguage":"fr-FR","@id":"https:\/\/beautesantelorette.ca\/fr\/produit\/savon-corporel-decontractant-lavande-format-familial\/#primaryimage","url":"https:\/\/beautesantelorette.ca\/wp-content\/uploads\/2021\/10\/Relaxing-Body-Soap-Lavender-Family-Size.jpg","contentUrl":"https:\/\/beautesantelorette.ca\/wp-content\/uploads\/2021\/10\/Relaxing-Body-Soap-Lavender-Family-Size.jpg","width":1200,"height":1200,"caption":"Savon Corporel D\u00e9contractant Lavande (Format Familial)"},{"@type":"BreadcrumbList","@id":"https:\/\/beautesantelorette.ca\/fr\/produit\/savon-corporel-decontractant-lavande-format-familial\/#breadcrumb","itemListElement":[{"@type":"ListItem","position":1,"name":"Home","item":"https:\/\/beautesantelorette.ca\/fr\/"},{"@type":"ListItem","position":2,"name":"Boutique","item":"https:\/\/beautesantelorette.ca\/fr\/boutique\/"},{"@type":"ListItem","position":3,"name":"Savon Corporel D\u00e9contractant Lavande (Format Familial)"}]},{"@type":"WebSite","@id":"https:\/\/beautesantelorette.ca\/fr\/#website","url":"https:\/\/beautesantelorette.ca\/fr\/","name":"Beaut\u00e9 Sant\u00e9 Lorette","description":"Confiez-Nous Le Soin de VOTRE PEAU","publisher":{"@id":"https:\/\/beautesantelorette.ca\/fr\/#organization"},"potentialAction":[{"@type":"SearchAction","target":{"@type":"EntryPoint","urlTemplate":"https:\/\/beautesantelorette.ca\/fr\/?s={search_term_string}"},"query-input":{"@type":"PropertyValueSpecification","valueRequired":true,"valueName":"search_term_string"}}],"inLanguage":"fr-FR"},{"@type":"Organization","@id":"https:\/\/beautesantelorette.ca\/fr\/#organization","name":"Beaut\u00e9 Sant\u00e9 Lorette","url":"https:\/\/beautesantelorette.ca\/fr\/","logo":{"@type":"ImageObject","inLanguage":"fr-FR","@id":"https:\/\/beautesantelorette.ca\/fr\/#\/schema\/logo\/image\/","url":"https:\/\/beautesantelorette.ca\/wp-content\/uploads\/2021\/10\/bsl_surfgirl_logo_pos-1.svg","contentUrl":"https:\/\/beautesantelorette.ca\/wp-content\/uploads\/2021\/10\/bsl_surfgirl_logo_pos-1.svg","width":1533,"height":1200,"caption":"Beaut\u00e9 Sant\u00e9 Lorette"},"image":{"@id":"https:\/\/beautesantelorette.ca\/fr\/#\/schema\/logo\/image\/"},"sameAs":["https:\/\/www.facebook.com\/BeauteSanteLorette\/","https:\/\/www.instagram.com\/beautesantelorette\/"]}]}},"jetpack_sharing_enabled":true,"_links":{"self":[{"href":"https:\/\/beautesantelorette.ca\/fr\/wp-json\/wp\/v2\/product\/22683","targetHints":{"allow":["GET"]}}],"collection":[{"href":"https:\/\/beautesantelorette.ca\/fr\/wp-json\/wp\/v2\/product"}],"about":[{"href":"https:\/\/beautesantelorette.ca\/fr\/wp-json\/wp\/v2\/types\/product"}],"replies":[{"embeddable":true,"href":"https:\/\/beautesantelorette.ca\/fr\/wp-json\/wp\/v2\/comments?post=22683"}],"wp:featuredmedia":[{"embeddable":true,"href":"https:\/\/beautesantelorette.ca\/fr\/wp-json\/wp\/v2\/media\/21825"}],"wp:attachment":[{"href":"https:\/\/beautesantelorette.ca\/fr\/wp-json\/wp\/v2\/media?parent=22683"}],"wp:term":[{"taxonomy":"product_brand","embeddable":true,"href":"https:\/\/beautesantelorette.ca\/fr\/wp-json\/wp\/v2\/product_brand?post=22683"},{"taxonomy":"product_cat","embeddable":true,"href":"https:\/\/beautesantelorette.ca\/fr\/wp-json\/wp\/v2\/product_cat?post=22683"},{"taxonomy":"product_tag","embeddable":true,"href":"https:\/\/beautesantelorette.ca\/fr\/wp-json\/wp\/v2\/product_tag?post=22683"}],"curies":[{"name":"wp","href":"https:\/\/api.w.org\/{rel}","templated":true}]}}