{"id":22694,"date":"2021-10-01T21:11:13","date_gmt":"2021-10-01T21:11:13","guid":{"rendered":"https:\/\/beautelorette.wpengine.com\/product\/sunscreen-spf30\/"},"modified":"2022-03-24T15:26:02","modified_gmt":"2022-03-24T15:26:02","slug":"creme-solaire-fps30","status":"publish","type":"product","link":"https:\/\/beautesantelorette.ca\/fr\/produit\/creme-solaire-fps30\/","title":{"rendered":"Cr\u00e8me Solaire FPS30"},"content":{"rendered":"","protected":false},"excerpt":{"rendered":"<p>Notre Cr\u00e8me Solaire FPS30 Druide offre une protection solaire \u00e0 large spectre contre les rayons UVA\/UVB afin de pr\u00e9venir les coups de soleil et d\u2019offrir une protection quotidienne. L\u00e9g\u00e8re, sa texture ultra-innovante se fond dans la peau. Masser simplement la peau pour envelopper d\u2019un voile hydratant et protecteur, sans laisser de r\u00e9sidu gras ni de fini blanc. Approuv\u00e9 par la FDA et par Sant\u00e9 Canada. Biod\u00e9gradable, il constitue l\u2019alternative parfaite aux \u00e9crans solaires chimiques et maintient le plus grand respect pour la peau et l\u2019environnement. Adapt\u00e9 aux peaux les plus sensibles, le nouvel \u00e9cran solaire FPS 30 Druide BioLove est id\u00e9al pour toute la famille, y compris les enfants de plus de 6 mois.<\/p>\n","protected":false},"featured_media":21810,"comment_status":"open","ping_status":"closed","template":"","meta":[],"product_brand":[],"product_cat":[238,231,256],"product_tag":[],"class_list":{"0":"post-22694","1":"product","2":"type-product","3":"status-publish","4":"has-post-thumbnail","6":"product_cat-biolove-fr","7":"product_cat-druide-fr","8":"product_cat-traitements","10":"first","11":"instock","12":"taxable","13":"shipping-taxable","14":"purchasable","15":"product-type-simple"},"yoast_head":"<!-- This site is optimized with the Yoast SEO plugin v27.4 - https:\/\/yoast.com\/product\/yoast-seo-wordpress\/ -->\n<title>Cr\u00e8me Solaire FPS30 - Beaut\u00e9 Sant\u00e9 Lorette<\/title>\n<meta name=\"description\" content=\"Notre Cr\u00e8me Solaire FPS30 Druide offre une protection solaire \u00e0 large spectre contre les rayons UVA\/UVB afin de pr\u00e9venir les coups de soleil et d\u2019offrir une protection quotidienne. L\u00e9g\u00e8re, sa texture ultra-innovante se fond dans la peau. Masser simplement la peau pour envelopper d\u2019un voile hydratant et protecteur, sans laisser de r\u00e9sidu gras ni de fini blanc. Approuv\u00e9 par la FDA et par Sant\u00e9 Canada. Biod\u00e9gradable, il constitue l\u2019alternative parfaite aux \u00e9crans solaires chimiques et maintient le plus grand respect pour la peau et l\u2019environnement. Adapt\u00e9 aux peaux les plus sensibles, le nouvel \u00e9cran solaire FPS 30 Druide BioLove est id\u00e9al pour toute la famille, y compris les enfants de plus de 6 mois.\" \/>\n<meta name=\"robots\" content=\"index, follow, max-snippet:-1, max-image-preview:large, max-video-preview:-1\" \/>\n<link rel=\"canonical\" href=\"https:\/\/beautesantelorette.ca\/fr\/produit\/creme-solaire-fps30\/\" \/>\n<meta property=\"og:locale\" content=\"fr_FR\" \/>\n<meta property=\"og:type\" content=\"article\" \/>\n<meta property=\"og:title\" content=\"Cr\u00e8me Solaire FPS30 - Beaut\u00e9 Sant\u00e9 Lorette\" \/>\n<meta property=\"og:description\" content=\"Notre Cr\u00e8me Solaire FPS30 Druide offre une protection solaire \u00e0 large spectre contre les rayons UVA\/UVB afin de pr\u00e9venir les coups de soleil et d\u2019offrir une protection quotidienne. L\u00e9g\u00e8re, sa texture ultra-innovante se fond dans la peau. Masser simplement la peau pour envelopper d\u2019un voile hydratant et protecteur, sans laisser de r\u00e9sidu gras ni de fini blanc. Approuv\u00e9 par la FDA et par Sant\u00e9 Canada. Biod\u00e9gradable, il constitue l\u2019alternative parfaite aux \u00e9crans solaires chimiques et maintient le plus grand respect pour la peau et l\u2019environnement. Adapt\u00e9 aux peaux les plus sensibles, le nouvel \u00e9cran solaire FPS 30 Druide BioLove est id\u00e9al pour toute la famille, y compris les enfants de plus de 6 mois.\" \/>\n<meta property=\"og:url\" content=\"https:\/\/beautesantelorette.ca\/fr\/produit\/creme-solaire-fps30\/\" \/>\n<meta property=\"og:site_name\" content=\"Beaut\u00e9 Sant\u00e9 Lorette\" \/>\n<meta property=\"article:publisher\" content=\"https:\/\/www.facebook.com\/BeauteSanteLorette\/\" \/>\n<meta property=\"article:modified_time\" content=\"2022-03-24T15:26:02+00:00\" \/>\n<meta property=\"og:image\" content=\"https:\/\/beautesantelorette.ca\/wp-content\/uploads\/2021\/10\/Sunscreen-SPF30.jpg\" \/>\n\t<meta property=\"og:image:width\" content=\"1200\" \/>\n\t<meta property=\"og:image:height\" content=\"1200\" \/>\n\t<meta property=\"og:image:type\" content=\"image\/jpeg\" \/>\n<meta name=\"twitter:card\" content=\"summary_large_image\" \/>\n<script type=\"application\/ld+json\" class=\"yoast-schema-graph\">{\"@context\":\"https:\\\/\\\/schema.org\",\"@graph\":[{\"@type\":\"WebPage\",\"@id\":\"https:\\\/\\\/beautesantelorette.ca\\\/fr\\\/produit\\\/creme-solaire-fps30\\\/\",\"url\":\"https:\\\/\\\/beautesantelorette.ca\\\/fr\\\/produit\\\/creme-solaire-fps30\\\/\",\"name\":\"Cr\u00e8me Solaire FPS30 - Beaut\u00e9 Sant\u00e9 Lorette\",\"isPartOf\":{\"@id\":\"https:\\\/\\\/beautesantelorette.ca\\\/fr\\\/#website\"},\"primaryImageOfPage\":{\"@id\":\"https:\\\/\\\/beautesantelorette.ca\\\/fr\\\/produit\\\/creme-solaire-fps30\\\/#primaryimage\"},\"image\":{\"@id\":\"https:\\\/\\\/beautesantelorette.ca\\\/fr\\\/produit\\\/creme-solaire-fps30\\\/#primaryimage\"},\"thumbnailUrl\":\"https:\\\/\\\/beautesantelorette.ca\\\/wp-content\\\/uploads\\\/2021\\\/10\\\/Sunscreen-SPF30.jpg\",\"datePublished\":\"2021-10-01T21:11:13+00:00\",\"dateModified\":\"2022-03-24T15:26:02+00:00\",\"description\":\"Notre Cr\u00e8me Solaire FPS30 Druide offre une protection solaire \u00e0 large spectre contre les rayons UVA\\\/UVB afin de pr\u00e9venir les coups de soleil et d\u2019offrir une protection quotidienne. L\u00e9g\u00e8re, sa texture ultra-innovante se fond dans la peau. Masser simplement la peau pour envelopper d\u2019un voile hydratant et protecteur, sans laisser de r\u00e9sidu gras ni de fini blanc. Approuv\u00e9 par la FDA et par Sant\u00e9 Canada. Biod\u00e9gradable, il constitue l\u2019alternative parfaite aux \u00e9crans solaires chimiques et maintient le plus grand respect pour la peau et l\u2019environnement. Adapt\u00e9 aux peaux les plus sensibles, le nouvel \u00e9cran solaire FPS 30 Druide BioLove est id\u00e9al pour toute la famille, y compris les enfants de plus de 6 mois.\",\"breadcrumb\":{\"@id\":\"https:\\\/\\\/beautesantelorette.ca\\\/fr\\\/produit\\\/creme-solaire-fps30\\\/#breadcrumb\"},\"inLanguage\":\"fr-FR\",\"potentialAction\":[{\"@type\":\"ReadAction\",\"target\":[\"https:\\\/\\\/beautesantelorette.ca\\\/fr\\\/produit\\\/creme-solaire-fps30\\\/\"]}]},{\"@type\":\"ImageObject\",\"inLanguage\":\"fr-FR\",\"@id\":\"https:\\\/\\\/beautesantelorette.ca\\\/fr\\\/produit\\\/creme-solaire-fps30\\\/#primaryimage\",\"url\":\"https:\\\/\\\/beautesantelorette.ca\\\/wp-content\\\/uploads\\\/2021\\\/10\\\/Sunscreen-SPF30.jpg\",\"contentUrl\":\"https:\\\/\\\/beautesantelorette.ca\\\/wp-content\\\/uploads\\\/2021\\\/10\\\/Sunscreen-SPF30.jpg\",\"width\":1200,\"height\":1200,\"caption\":\"Cr\u00e8me Solaire FPS30\"},{\"@type\":\"BreadcrumbList\",\"@id\":\"https:\\\/\\\/beautesantelorette.ca\\\/fr\\\/produit\\\/creme-solaire-fps30\\\/#breadcrumb\",\"itemListElement\":[{\"@type\":\"ListItem\",\"position\":1,\"name\":\"Home\",\"item\":\"https:\\\/\\\/beautesantelorette.ca\\\/fr\\\/\"},{\"@type\":\"ListItem\",\"position\":2,\"name\":\"Boutique\",\"item\":\"https:\\\/\\\/beautesantelorette.ca\\\/fr\\\/boutique\\\/\"},{\"@type\":\"ListItem\",\"position\":3,\"name\":\"Cr\u00e8me Solaire FPS30\"}]},{\"@type\":\"WebSite\",\"@id\":\"https:\\\/\\\/beautesantelorette.ca\\\/fr\\\/#website\",\"url\":\"https:\\\/\\\/beautesantelorette.ca\\\/fr\\\/\",\"name\":\"Beaut\u00e9 Sant\u00e9 Lorette\",\"description\":\"Confiez-Nous Le Soin de VOTRE PEAU\",\"publisher\":{\"@id\":\"https:\\\/\\\/beautesantelorette.ca\\\/fr\\\/#organization\"},\"potentialAction\":[{\"@type\":\"SearchAction\",\"target\":{\"@type\":\"EntryPoint\",\"urlTemplate\":\"https:\\\/\\\/beautesantelorette.ca\\\/fr\\\/?s={search_term_string}\"},\"query-input\":{\"@type\":\"PropertyValueSpecification\",\"valueRequired\":true,\"valueName\":\"search_term_string\"}}],\"inLanguage\":\"fr-FR\"},{\"@type\":\"Organization\",\"@id\":\"https:\\\/\\\/beautesantelorette.ca\\\/fr\\\/#organization\",\"name\":\"Beaut\u00e9 Sant\u00e9 Lorette\",\"url\":\"https:\\\/\\\/beautesantelorette.ca\\\/fr\\\/\",\"logo\":{\"@type\":\"ImageObject\",\"inLanguage\":\"fr-FR\",\"@id\":\"https:\\\/\\\/beautesantelorette.ca\\\/fr\\\/#\\\/schema\\\/logo\\\/image\\\/\",\"url\":\"https:\\\/\\\/beautesantelorette.ca\\\/wp-content\\\/uploads\\\/2021\\\/10\\\/bsl_surfgirl_logo_pos-1.svg\",\"contentUrl\":\"https:\\\/\\\/beautesantelorette.ca\\\/wp-content\\\/uploads\\\/2021\\\/10\\\/bsl_surfgirl_logo_pos-1.svg\",\"width\":1533,\"height\":1200,\"caption\":\"Beaut\u00e9 Sant\u00e9 Lorette\"},\"image\":{\"@id\":\"https:\\\/\\\/beautesantelorette.ca\\\/fr\\\/#\\\/schema\\\/logo\\\/image\\\/\"},\"sameAs\":[\"https:\\\/\\\/www.facebook.com\\\/BeauteSanteLorette\\\/\",\"https:\\\/\\\/www.instagram.com\\\/beautesantelorette\\\/\"]}]}<\/script>\n<!-- \/ Yoast SEO plugin. -->","yoast_head_json":{"title":"Cr\u00e8me Solaire FPS30 - Beaut\u00e9 Sant\u00e9 Lorette","description":"Notre Cr\u00e8me Solaire FPS30 Druide offre une protection solaire \u00e0 large spectre contre les rayons UVA\/UVB afin de pr\u00e9venir les coups de soleil et d\u2019offrir une protection quotidienne. L\u00e9g\u00e8re, sa texture ultra-innovante se fond dans la peau. Masser simplement la peau pour envelopper d\u2019un voile hydratant et protecteur, sans laisser de r\u00e9sidu gras ni de fini blanc. Approuv\u00e9 par la FDA et par Sant\u00e9 Canada. Biod\u00e9gradable, il constitue l\u2019alternative parfaite aux \u00e9crans solaires chimiques et maintient le plus grand respect pour la peau et l\u2019environnement. Adapt\u00e9 aux peaux les plus sensibles, le nouvel \u00e9cran solaire FPS 30 Druide BioLove est id\u00e9al pour toute la famille, y compris les enfants de plus de 6 mois.","robots":{"index":"index","follow":"follow","max-snippet":"max-snippet:-1","max-image-preview":"max-image-preview:large","max-video-preview":"max-video-preview:-1"},"canonical":"https:\/\/beautesantelorette.ca\/fr\/produit\/creme-solaire-fps30\/","og_locale":"fr_FR","og_type":"article","og_title":"Cr\u00e8me Solaire FPS30 - Beaut\u00e9 Sant\u00e9 Lorette","og_description":"Notre Cr\u00e8me Solaire FPS30 Druide offre une protection solaire \u00e0 large spectre contre les rayons UVA\/UVB afin de pr\u00e9venir les coups de soleil et d\u2019offrir une protection quotidienne. L\u00e9g\u00e8re, sa texture ultra-innovante se fond dans la peau. Masser simplement la peau pour envelopper d\u2019un voile hydratant et protecteur, sans laisser de r\u00e9sidu gras ni de fini blanc. Approuv\u00e9 par la FDA et par Sant\u00e9 Canada. Biod\u00e9gradable, il constitue l\u2019alternative parfaite aux \u00e9crans solaires chimiques et maintient le plus grand respect pour la peau et l\u2019environnement. Adapt\u00e9 aux peaux les plus sensibles, le nouvel \u00e9cran solaire FPS 30 Druide BioLove est id\u00e9al pour toute la famille, y compris les enfants de plus de 6 mois.","og_url":"https:\/\/beautesantelorette.ca\/fr\/produit\/creme-solaire-fps30\/","og_site_name":"Beaut\u00e9 Sant\u00e9 Lorette","article_publisher":"https:\/\/www.facebook.com\/BeauteSanteLorette\/","article_modified_time":"2022-03-24T15:26:02+00:00","og_image":[{"width":1200,"height":1200,"url":"https:\/\/beautesantelorette.ca\/wp-content\/uploads\/2021\/10\/Sunscreen-SPF30.jpg","type":"image\/jpeg"}],"twitter_card":"summary_large_image","schema":{"@context":"https:\/\/schema.org","@graph":[{"@type":"WebPage","@id":"https:\/\/beautesantelorette.ca\/fr\/produit\/creme-solaire-fps30\/","url":"https:\/\/beautesantelorette.ca\/fr\/produit\/creme-solaire-fps30\/","name":"Cr\u00e8me Solaire FPS30 - Beaut\u00e9 Sant\u00e9 Lorette","isPartOf":{"@id":"https:\/\/beautesantelorette.ca\/fr\/#website"},"primaryImageOfPage":{"@id":"https:\/\/beautesantelorette.ca\/fr\/produit\/creme-solaire-fps30\/#primaryimage"},"image":{"@id":"https:\/\/beautesantelorette.ca\/fr\/produit\/creme-solaire-fps30\/#primaryimage"},"thumbnailUrl":"https:\/\/beautesantelorette.ca\/wp-content\/uploads\/2021\/10\/Sunscreen-SPF30.jpg","datePublished":"2021-10-01T21:11:13+00:00","dateModified":"2022-03-24T15:26:02+00:00","description":"Notre Cr\u00e8me Solaire FPS30 Druide offre une protection solaire \u00e0 large spectre contre les rayons UVA\/UVB afin de pr\u00e9venir les coups de soleil et d\u2019offrir une protection quotidienne. L\u00e9g\u00e8re, sa texture ultra-innovante se fond dans la peau. Masser simplement la peau pour envelopper d\u2019un voile hydratant et protecteur, sans laisser de r\u00e9sidu gras ni de fini blanc. Approuv\u00e9 par la FDA et par Sant\u00e9 Canada. Biod\u00e9gradable, il constitue l\u2019alternative parfaite aux \u00e9crans solaires chimiques et maintient le plus grand respect pour la peau et l\u2019environnement. Adapt\u00e9 aux peaux les plus sensibles, le nouvel \u00e9cran solaire FPS 30 Druide BioLove est id\u00e9al pour toute la famille, y compris les enfants de plus de 6 mois.","breadcrumb":{"@id":"https:\/\/beautesantelorette.ca\/fr\/produit\/creme-solaire-fps30\/#breadcrumb"},"inLanguage":"fr-FR","potentialAction":[{"@type":"ReadAction","target":["https:\/\/beautesantelorette.ca\/fr\/produit\/creme-solaire-fps30\/"]}]},{"@type":"ImageObject","inLanguage":"fr-FR","@id":"https:\/\/beautesantelorette.ca\/fr\/produit\/creme-solaire-fps30\/#primaryimage","url":"https:\/\/beautesantelorette.ca\/wp-content\/uploads\/2021\/10\/Sunscreen-SPF30.jpg","contentUrl":"https:\/\/beautesantelorette.ca\/wp-content\/uploads\/2021\/10\/Sunscreen-SPF30.jpg","width":1200,"height":1200,"caption":"Cr\u00e8me Solaire FPS30"},{"@type":"BreadcrumbList","@id":"https:\/\/beautesantelorette.ca\/fr\/produit\/creme-solaire-fps30\/#breadcrumb","itemListElement":[{"@type":"ListItem","position":1,"name":"Home","item":"https:\/\/beautesantelorette.ca\/fr\/"},{"@type":"ListItem","position":2,"name":"Boutique","item":"https:\/\/beautesantelorette.ca\/fr\/boutique\/"},{"@type":"ListItem","position":3,"name":"Cr\u00e8me Solaire FPS30"}]},{"@type":"WebSite","@id":"https:\/\/beautesantelorette.ca\/fr\/#website","url":"https:\/\/beautesantelorette.ca\/fr\/","name":"Beaut\u00e9 Sant\u00e9 Lorette","description":"Confiez-Nous Le Soin de VOTRE PEAU","publisher":{"@id":"https:\/\/beautesantelorette.ca\/fr\/#organization"},"potentialAction":[{"@type":"SearchAction","target":{"@type":"EntryPoint","urlTemplate":"https:\/\/beautesantelorette.ca\/fr\/?s={search_term_string}"},"query-input":{"@type":"PropertyValueSpecification","valueRequired":true,"valueName":"search_term_string"}}],"inLanguage":"fr-FR"},{"@type":"Organization","@id":"https:\/\/beautesantelorette.ca\/fr\/#organization","name":"Beaut\u00e9 Sant\u00e9 Lorette","url":"https:\/\/beautesantelorette.ca\/fr\/","logo":{"@type":"ImageObject","inLanguage":"fr-FR","@id":"https:\/\/beautesantelorette.ca\/fr\/#\/schema\/logo\/image\/","url":"https:\/\/beautesantelorette.ca\/wp-content\/uploads\/2021\/10\/bsl_surfgirl_logo_pos-1.svg","contentUrl":"https:\/\/beautesantelorette.ca\/wp-content\/uploads\/2021\/10\/bsl_surfgirl_logo_pos-1.svg","width":1533,"height":1200,"caption":"Beaut\u00e9 Sant\u00e9 Lorette"},"image":{"@id":"https:\/\/beautesantelorette.ca\/fr\/#\/schema\/logo\/image\/"},"sameAs":["https:\/\/www.facebook.com\/BeauteSanteLorette\/","https:\/\/www.instagram.com\/beautesantelorette\/"]}]}},"jetpack_sharing_enabled":true,"_links":{"self":[{"href":"https:\/\/beautesantelorette.ca\/fr\/wp-json\/wp\/v2\/product\/22694","targetHints":{"allow":["GET"]}}],"collection":[{"href":"https:\/\/beautesantelorette.ca\/fr\/wp-json\/wp\/v2\/product"}],"about":[{"href":"https:\/\/beautesantelorette.ca\/fr\/wp-json\/wp\/v2\/types\/product"}],"replies":[{"embeddable":true,"href":"https:\/\/beautesantelorette.ca\/fr\/wp-json\/wp\/v2\/comments?post=22694"}],"wp:featuredmedia":[{"embeddable":true,"href":"https:\/\/beautesantelorette.ca\/fr\/wp-json\/wp\/v2\/media\/21810"}],"wp:attachment":[{"href":"https:\/\/beautesantelorette.ca\/fr\/wp-json\/wp\/v2\/media?parent=22694"}],"wp:term":[{"taxonomy":"product_brand","embeddable":true,"href":"https:\/\/beautesantelorette.ca\/fr\/wp-json\/wp\/v2\/product_brand?post=22694"},{"taxonomy":"product_cat","embeddable":true,"href":"https:\/\/beautesantelorette.ca\/fr\/wp-json\/wp\/v2\/product_cat?post=22694"},{"taxonomy":"product_tag","embeddable":true,"href":"https:\/\/beautesantelorette.ca\/fr\/wp-json\/wp\/v2\/product_tag?post=22694"}],"curies":[{"name":"wp","href":"https:\/\/api.w.org\/{rel}","templated":true}]}}