{"id":22702,"date":"2021-10-01T20:42:35","date_gmt":"2021-10-01T20:42:35","guid":{"rendered":"https:\/\/beautelorette.wpengine.com\/product\/passion-fruit-hand-cream\/"},"modified":"2022-03-24T15:41:42","modified_gmt":"2022-03-24T15:41:42","slug":"creme-a-mains-fruit-de-la-passion","status":"publish","type":"product","link":"https:\/\/beautesantelorette.ca\/fr\/produit\/creme-a-mains-fruit-de-la-passion\/","title":{"rendered":"Cr\u00e8me \u00e0 Mains Fruit de la Passion"},"content":{"rendered":"","protected":false},"excerpt":{"rendered":"<p>Cr\u00e8me \u00e0 Mains Fruit de la Passion Druide ultra-hydratante id\u00e9ale pour r\u00e9parer les mains s\u00e8ches et les prot\u00e9ger des agressions ext\u00e9rieures. Sa formule certifi\u00e9e COSMOS ORGANIC par Ecocert Greenlife est enrichie d\u2019huiles hydratantes et de beurre nourrissant qui aident \u00e0 renforcer les ongles et \u00e0 prendre soin des mains en leur redonnant toute leur douceur et leur souplesse.<\/p>\n","protected":false},"featured_media":21796,"comment_status":"open","ping_status":"closed","template":"","meta":[],"product_brand":[],"product_cat":[238,231,259],"product_tag":[],"class_list":{"0":"post-22702","1":"product","2":"type-product","3":"status-publish","4":"has-post-thumbnail","6":"product_cat-biolove-fr","7":"product_cat-druide-fr","8":"product_cat-soins-des-cheveux-corps","10":"first","11":"instock","12":"taxable","13":"shipping-taxable","14":"purchasable","15":"product-type-simple"},"yoast_head":"<!-- This site is optimized with the Yoast SEO plugin v27.5 - https:\/\/yoast.com\/product\/yoast-seo-wordpress\/ -->\n<title>Cr\u00e8me \u00e0 Mains Fruit de la Passion - Beaut\u00e9 Sant\u00e9 Lorette<\/title>\n<meta name=\"description\" content=\"Cr\u00e8me \u00e0 Mains Fruit de la Passion Druide ultra-hydratante id\u00e9ale pour r\u00e9parer les mains s\u00e8ches et les prot\u00e9ger des agressions ext\u00e9rieures. Sa formule certifi\u00e9e COSMOS ORGANIC par Ecocert Greenlife est enrichie d\u2019huiles hydratantes et de beurre nourrissant qui aident \u00e0 renforcer les ongles et \u00e0 prendre soin des mains en leur redonnant toute leur douceur et leur souplesse.\" \/>\n<meta name=\"robots\" content=\"index, follow, max-snippet:-1, max-image-preview:large, max-video-preview:-1\" \/>\n<link rel=\"canonical\" href=\"https:\/\/beautesantelorette.ca\/fr\/produit\/creme-a-mains-fruit-de-la-passion\/\" \/>\n<meta property=\"og:locale\" content=\"fr_FR\" \/>\n<meta property=\"og:type\" content=\"article\" \/>\n<meta property=\"og:title\" content=\"Cr\u00e8me \u00e0 Mains Fruit de la Passion - Beaut\u00e9 Sant\u00e9 Lorette\" \/>\n<meta property=\"og:description\" content=\"Cr\u00e8me \u00e0 Mains Fruit de la Passion Druide ultra-hydratante id\u00e9ale pour r\u00e9parer les mains s\u00e8ches et les prot\u00e9ger des agressions ext\u00e9rieures. Sa formule certifi\u00e9e COSMOS ORGANIC par Ecocert Greenlife est enrichie d\u2019huiles hydratantes et de beurre nourrissant qui aident \u00e0 renforcer les ongles et \u00e0 prendre soin des mains en leur redonnant toute leur douceur et leur souplesse.\" \/>\n<meta property=\"og:url\" content=\"https:\/\/beautesantelorette.ca\/fr\/produit\/creme-a-mains-fruit-de-la-passion\/\" \/>\n<meta property=\"og:site_name\" content=\"Beaut\u00e9 Sant\u00e9 Lorette\" \/>\n<meta property=\"article:publisher\" content=\"https:\/\/www.facebook.com\/BeauteSanteLorette\/\" \/>\n<meta property=\"article:modified_time\" content=\"2022-03-24T15:41:42+00:00\" \/>\n<meta property=\"og:image\" content=\"https:\/\/beautesantelorette.ca\/wp-content\/uploads\/2021\/10\/Passion-Fruit-Hand-Cream.jpg\" \/>\n\t<meta property=\"og:image:width\" content=\"1200\" \/>\n\t<meta property=\"og:image:height\" content=\"1200\" \/>\n\t<meta property=\"og:image:type\" content=\"image\/jpeg\" \/>\n<meta name=\"twitter:card\" content=\"summary_large_image\" \/>\n<script type=\"application\/ld+json\" class=\"yoast-schema-graph\">{\"@context\":\"https:\\\/\\\/schema.org\",\"@graph\":[{\"@type\":\"WebPage\",\"@id\":\"https:\\\/\\\/beautesantelorette.ca\\\/fr\\\/produit\\\/creme-a-mains-fruit-de-la-passion\\\/\",\"url\":\"https:\\\/\\\/beautesantelorette.ca\\\/fr\\\/produit\\\/creme-a-mains-fruit-de-la-passion\\\/\",\"name\":\"Cr\u00e8me \u00e0 Mains Fruit de la Passion - Beaut\u00e9 Sant\u00e9 Lorette\",\"isPartOf\":{\"@id\":\"https:\\\/\\\/beautesantelorette.ca\\\/fr\\\/#website\"},\"primaryImageOfPage\":{\"@id\":\"https:\\\/\\\/beautesantelorette.ca\\\/fr\\\/produit\\\/creme-a-mains-fruit-de-la-passion\\\/#primaryimage\"},\"image\":{\"@id\":\"https:\\\/\\\/beautesantelorette.ca\\\/fr\\\/produit\\\/creme-a-mains-fruit-de-la-passion\\\/#primaryimage\"},\"thumbnailUrl\":\"https:\\\/\\\/beautesantelorette.ca\\\/wp-content\\\/uploads\\\/2021\\\/10\\\/Passion-Fruit-Hand-Cream.jpg\",\"datePublished\":\"2021-10-01T20:42:35+00:00\",\"dateModified\":\"2022-03-24T15:41:42+00:00\",\"description\":\"Cr\u00e8me \u00e0 Mains Fruit de la Passion Druide ultra-hydratante id\u00e9ale pour r\u00e9parer les mains s\u00e8ches et les prot\u00e9ger des agressions ext\u00e9rieures. Sa formule certifi\u00e9e COSMOS ORGANIC par Ecocert Greenlife est enrichie d\u2019huiles hydratantes et de beurre nourrissant qui aident \u00e0 renforcer les ongles et \u00e0 prendre soin des mains en leur redonnant toute leur douceur et leur souplesse.\",\"breadcrumb\":{\"@id\":\"https:\\\/\\\/beautesantelorette.ca\\\/fr\\\/produit\\\/creme-a-mains-fruit-de-la-passion\\\/#breadcrumb\"},\"inLanguage\":\"fr-FR\",\"potentialAction\":[{\"@type\":\"ReadAction\",\"target\":[\"https:\\\/\\\/beautesantelorette.ca\\\/fr\\\/produit\\\/creme-a-mains-fruit-de-la-passion\\\/\"]}]},{\"@type\":\"ImageObject\",\"inLanguage\":\"fr-FR\",\"@id\":\"https:\\\/\\\/beautesantelorette.ca\\\/fr\\\/produit\\\/creme-a-mains-fruit-de-la-passion\\\/#primaryimage\",\"url\":\"https:\\\/\\\/beautesantelorette.ca\\\/wp-content\\\/uploads\\\/2021\\\/10\\\/Passion-Fruit-Hand-Cream.jpg\",\"contentUrl\":\"https:\\\/\\\/beautesantelorette.ca\\\/wp-content\\\/uploads\\\/2021\\\/10\\\/Passion-Fruit-Hand-Cream.jpg\",\"width\":1200,\"height\":1200,\"caption\":\"Cr\u00e8me \u00e0 Mains Fruit de la Passion\"},{\"@type\":\"BreadcrumbList\",\"@id\":\"https:\\\/\\\/beautesantelorette.ca\\\/fr\\\/produit\\\/creme-a-mains-fruit-de-la-passion\\\/#breadcrumb\",\"itemListElement\":[{\"@type\":\"ListItem\",\"position\":1,\"name\":\"Home\",\"item\":\"https:\\\/\\\/beautesantelorette.ca\\\/fr\\\/\"},{\"@type\":\"ListItem\",\"position\":2,\"name\":\"Boutique\",\"item\":\"https:\\\/\\\/beautesantelorette.ca\\\/fr\\\/boutique\\\/\"},{\"@type\":\"ListItem\",\"position\":3,\"name\":\"Cr\u00e8me \u00e0 Mains Fruit de la Passion\"}]},{\"@type\":\"WebSite\",\"@id\":\"https:\\\/\\\/beautesantelorette.ca\\\/fr\\\/#website\",\"url\":\"https:\\\/\\\/beautesantelorette.ca\\\/fr\\\/\",\"name\":\"Beaut\u00e9 Sant\u00e9 Lorette\",\"description\":\"Confiez-Nous Le Soin de VOTRE PEAU\",\"publisher\":{\"@id\":\"https:\\\/\\\/beautesantelorette.ca\\\/fr\\\/#organization\"},\"potentialAction\":[{\"@type\":\"SearchAction\",\"target\":{\"@type\":\"EntryPoint\",\"urlTemplate\":\"https:\\\/\\\/beautesantelorette.ca\\\/fr\\\/?s={search_term_string}\"},\"query-input\":{\"@type\":\"PropertyValueSpecification\",\"valueRequired\":true,\"valueName\":\"search_term_string\"}}],\"inLanguage\":\"fr-FR\"},{\"@type\":\"Organization\",\"@id\":\"https:\\\/\\\/beautesantelorette.ca\\\/fr\\\/#organization\",\"name\":\"Beaut\u00e9 Sant\u00e9 Lorette\",\"url\":\"https:\\\/\\\/beautesantelorette.ca\\\/fr\\\/\",\"logo\":{\"@type\":\"ImageObject\",\"inLanguage\":\"fr-FR\",\"@id\":\"https:\\\/\\\/beautesantelorette.ca\\\/fr\\\/#\\\/schema\\\/logo\\\/image\\\/\",\"url\":\"https:\\\/\\\/beautesantelorette.ca\\\/wp-content\\\/uploads\\\/2021\\\/10\\\/bsl_surfgirl_logo_pos-1.svg\",\"contentUrl\":\"https:\\\/\\\/beautesantelorette.ca\\\/wp-content\\\/uploads\\\/2021\\\/10\\\/bsl_surfgirl_logo_pos-1.svg\",\"width\":1533,\"height\":1200,\"caption\":\"Beaut\u00e9 Sant\u00e9 Lorette\"},\"image\":{\"@id\":\"https:\\\/\\\/beautesantelorette.ca\\\/fr\\\/#\\\/schema\\\/logo\\\/image\\\/\"},\"sameAs\":[\"https:\\\/\\\/www.facebook.com\\\/BeauteSanteLorette\\\/\",\"https:\\\/\\\/www.instagram.com\\\/beautesantelorette\\\/\"]}]}<\/script>\n<!-- \/ Yoast SEO plugin. -->","yoast_head_json":{"title":"Cr\u00e8me \u00e0 Mains Fruit de la Passion - Beaut\u00e9 Sant\u00e9 Lorette","description":"Cr\u00e8me \u00e0 Mains Fruit de la Passion Druide ultra-hydratante id\u00e9ale pour r\u00e9parer les mains s\u00e8ches et les prot\u00e9ger des agressions ext\u00e9rieures. Sa formule certifi\u00e9e COSMOS ORGANIC par Ecocert Greenlife est enrichie d\u2019huiles hydratantes et de beurre nourrissant qui aident \u00e0 renforcer les ongles et \u00e0 prendre soin des mains en leur redonnant toute leur douceur et leur souplesse.","robots":{"index":"index","follow":"follow","max-snippet":"max-snippet:-1","max-image-preview":"max-image-preview:large","max-video-preview":"max-video-preview:-1"},"canonical":"https:\/\/beautesantelorette.ca\/fr\/produit\/creme-a-mains-fruit-de-la-passion\/","og_locale":"fr_FR","og_type":"article","og_title":"Cr\u00e8me \u00e0 Mains Fruit de la Passion - Beaut\u00e9 Sant\u00e9 Lorette","og_description":"Cr\u00e8me \u00e0 Mains Fruit de la Passion Druide ultra-hydratante id\u00e9ale pour r\u00e9parer les mains s\u00e8ches et les prot\u00e9ger des agressions ext\u00e9rieures. Sa formule certifi\u00e9e COSMOS ORGANIC par Ecocert Greenlife est enrichie d\u2019huiles hydratantes et de beurre nourrissant qui aident \u00e0 renforcer les ongles et \u00e0 prendre soin des mains en leur redonnant toute leur douceur et leur souplesse.","og_url":"https:\/\/beautesantelorette.ca\/fr\/produit\/creme-a-mains-fruit-de-la-passion\/","og_site_name":"Beaut\u00e9 Sant\u00e9 Lorette","article_publisher":"https:\/\/www.facebook.com\/BeauteSanteLorette\/","article_modified_time":"2022-03-24T15:41:42+00:00","og_image":[{"width":1200,"height":1200,"url":"https:\/\/beautesantelorette.ca\/wp-content\/uploads\/2021\/10\/Passion-Fruit-Hand-Cream.jpg","type":"image\/jpeg"}],"twitter_card":"summary_large_image","schema":{"@context":"https:\/\/schema.org","@graph":[{"@type":"WebPage","@id":"https:\/\/beautesantelorette.ca\/fr\/produit\/creme-a-mains-fruit-de-la-passion\/","url":"https:\/\/beautesantelorette.ca\/fr\/produit\/creme-a-mains-fruit-de-la-passion\/","name":"Cr\u00e8me \u00e0 Mains Fruit de la Passion - Beaut\u00e9 Sant\u00e9 Lorette","isPartOf":{"@id":"https:\/\/beautesantelorette.ca\/fr\/#website"},"primaryImageOfPage":{"@id":"https:\/\/beautesantelorette.ca\/fr\/produit\/creme-a-mains-fruit-de-la-passion\/#primaryimage"},"image":{"@id":"https:\/\/beautesantelorette.ca\/fr\/produit\/creme-a-mains-fruit-de-la-passion\/#primaryimage"},"thumbnailUrl":"https:\/\/beautesantelorette.ca\/wp-content\/uploads\/2021\/10\/Passion-Fruit-Hand-Cream.jpg","datePublished":"2021-10-01T20:42:35+00:00","dateModified":"2022-03-24T15:41:42+00:00","description":"Cr\u00e8me \u00e0 Mains Fruit de la Passion Druide ultra-hydratante id\u00e9ale pour r\u00e9parer les mains s\u00e8ches et les prot\u00e9ger des agressions ext\u00e9rieures. Sa formule certifi\u00e9e COSMOS ORGANIC par Ecocert Greenlife est enrichie d\u2019huiles hydratantes et de beurre nourrissant qui aident \u00e0 renforcer les ongles et \u00e0 prendre soin des mains en leur redonnant toute leur douceur et leur souplesse.","breadcrumb":{"@id":"https:\/\/beautesantelorette.ca\/fr\/produit\/creme-a-mains-fruit-de-la-passion\/#breadcrumb"},"inLanguage":"fr-FR","potentialAction":[{"@type":"ReadAction","target":["https:\/\/beautesantelorette.ca\/fr\/produit\/creme-a-mains-fruit-de-la-passion\/"]}]},{"@type":"ImageObject","inLanguage":"fr-FR","@id":"https:\/\/beautesantelorette.ca\/fr\/produit\/creme-a-mains-fruit-de-la-passion\/#primaryimage","url":"https:\/\/beautesantelorette.ca\/wp-content\/uploads\/2021\/10\/Passion-Fruit-Hand-Cream.jpg","contentUrl":"https:\/\/beautesantelorette.ca\/wp-content\/uploads\/2021\/10\/Passion-Fruit-Hand-Cream.jpg","width":1200,"height":1200,"caption":"Cr\u00e8me \u00e0 Mains Fruit de la Passion"},{"@type":"BreadcrumbList","@id":"https:\/\/beautesantelorette.ca\/fr\/produit\/creme-a-mains-fruit-de-la-passion\/#breadcrumb","itemListElement":[{"@type":"ListItem","position":1,"name":"Home","item":"https:\/\/beautesantelorette.ca\/fr\/"},{"@type":"ListItem","position":2,"name":"Boutique","item":"https:\/\/beautesantelorette.ca\/fr\/boutique\/"},{"@type":"ListItem","position":3,"name":"Cr\u00e8me \u00e0 Mains Fruit de la Passion"}]},{"@type":"WebSite","@id":"https:\/\/beautesantelorette.ca\/fr\/#website","url":"https:\/\/beautesantelorette.ca\/fr\/","name":"Beaut\u00e9 Sant\u00e9 Lorette","description":"Confiez-Nous Le Soin de VOTRE PEAU","publisher":{"@id":"https:\/\/beautesantelorette.ca\/fr\/#organization"},"potentialAction":[{"@type":"SearchAction","target":{"@type":"EntryPoint","urlTemplate":"https:\/\/beautesantelorette.ca\/fr\/?s={search_term_string}"},"query-input":{"@type":"PropertyValueSpecification","valueRequired":true,"valueName":"search_term_string"}}],"inLanguage":"fr-FR"},{"@type":"Organization","@id":"https:\/\/beautesantelorette.ca\/fr\/#organization","name":"Beaut\u00e9 Sant\u00e9 Lorette","url":"https:\/\/beautesantelorette.ca\/fr\/","logo":{"@type":"ImageObject","inLanguage":"fr-FR","@id":"https:\/\/beautesantelorette.ca\/fr\/#\/schema\/logo\/image\/","url":"https:\/\/beautesantelorette.ca\/wp-content\/uploads\/2021\/10\/bsl_surfgirl_logo_pos-1.svg","contentUrl":"https:\/\/beautesantelorette.ca\/wp-content\/uploads\/2021\/10\/bsl_surfgirl_logo_pos-1.svg","width":1533,"height":1200,"caption":"Beaut\u00e9 Sant\u00e9 Lorette"},"image":{"@id":"https:\/\/beautesantelorette.ca\/fr\/#\/schema\/logo\/image\/"},"sameAs":["https:\/\/www.facebook.com\/BeauteSanteLorette\/","https:\/\/www.instagram.com\/beautesantelorette\/"]}]}},"jetpack_sharing_enabled":true,"_links":{"self":[{"href":"https:\/\/beautesantelorette.ca\/fr\/wp-json\/wp\/v2\/product\/22702","targetHints":{"allow":["GET"]}}],"collection":[{"href":"https:\/\/beautesantelorette.ca\/fr\/wp-json\/wp\/v2\/product"}],"about":[{"href":"https:\/\/beautesantelorette.ca\/fr\/wp-json\/wp\/v2\/types\/product"}],"replies":[{"embeddable":true,"href":"https:\/\/beautesantelorette.ca\/fr\/wp-json\/wp\/v2\/comments?post=22702"}],"wp:featuredmedia":[{"embeddable":true,"href":"https:\/\/beautesantelorette.ca\/fr\/wp-json\/wp\/v2\/media\/21796"}],"wp:attachment":[{"href":"https:\/\/beautesantelorette.ca\/fr\/wp-json\/wp\/v2\/media?parent=22702"}],"wp:term":[{"taxonomy":"product_brand","embeddable":true,"href":"https:\/\/beautesantelorette.ca\/fr\/wp-json\/wp\/v2\/product_brand?post=22702"},{"taxonomy":"product_cat","embeddable":true,"href":"https:\/\/beautesantelorette.ca\/fr\/wp-json\/wp\/v2\/product_cat?post=22702"},{"taxonomy":"product_tag","embeddable":true,"href":"https:\/\/beautesantelorette.ca\/fr\/wp-json\/wp\/v2\/product_tag?post=22702"}],"curies":[{"name":"wp","href":"https:\/\/api.w.org\/{rel}","templated":true}]}}