{"id":22716,"date":"2021-10-01T21:09:00","date_gmt":"2021-10-01T21:09:00","guid":{"rendered":"https:\/\/beautelorette.wpengine.com\/product\/sweet-almonds-foaming-bath\/"},"modified":"2022-03-24T15:27:00","modified_gmt":"2022-03-24T15:27:00","slug":"bain-moussant-aux-amandes-douces","status":"publish","type":"product","link":"https:\/\/beautesantelorette.ca\/fr\/produit\/bain-moussant-aux-amandes-douces\/","title":{"rendered":"Bain Moussant Aux Amandes Douces"},"content":{"rendered":"","protected":false},"excerpt":{"rendered":"<p>Bain Moussant Aux Amandes Douces Druide riche en Aloe Vera hydratante avec une mousse onctueuse et g\u00e9n\u00e9reuse. Son pH neutre respecte l\u2019\u00e9quilibre de la peau et la laisse toujours aussi douce au toucher. La formule de notre bain moussant non irritant est ultra-douce pour votre peau. Notre mousse s\u00fbre, riche et g\u00e9n\u00e9reuse est d\u00e9licieusement parfum\u00e9e.<\/p>\n","protected":false},"featured_media":21809,"comment_status":"open","ping_status":"closed","template":"","meta":[],"product_brand":[],"product_cat":[238,231,259],"product_tag":[],"class_list":{"0":"post-22716","1":"product","2":"type-product","3":"status-publish","4":"has-post-thumbnail","6":"product_cat-biolove-fr","7":"product_cat-druide-fr","8":"product_cat-soins-des-cheveux-corps","10":"first","11":"instock","12":"taxable","13":"shipping-taxable","14":"purchasable","15":"product-type-simple"},"yoast_head":"<!-- This site is optimized with the Yoast SEO plugin v27.5 - https:\/\/yoast.com\/product\/yoast-seo-wordpress\/ -->\n<title>Bain Moussant Aux Amandes Douces - Beaut\u00e9 Sant\u00e9 Lorette<\/title>\n<meta name=\"description\" content=\"Bain Moussant Aux Amandes Douces Druide riche en Aloe Vera hydratante avec une mousse onctueuse et g\u00e9n\u00e9reuse. Son pH neutre respecte l\u2019\u00e9quilibre de la peau et la laisse toujours aussi douce au toucher. La formule de notre bain moussant non irritant est ultra-douce pour votre peau. Notre mousse s\u00fbre, riche et g\u00e9n\u00e9reuse est d\u00e9licieusement parfum\u00e9e.\" \/>\n<meta name=\"robots\" content=\"index, follow, max-snippet:-1, max-image-preview:large, max-video-preview:-1\" \/>\n<link rel=\"canonical\" href=\"https:\/\/beautesantelorette.ca\/fr\/produit\/bain-moussant-aux-amandes-douces\/\" \/>\n<meta property=\"og:locale\" content=\"fr_FR\" \/>\n<meta property=\"og:type\" content=\"article\" \/>\n<meta property=\"og:title\" content=\"Bain Moussant Aux Amandes Douces - Beaut\u00e9 Sant\u00e9 Lorette\" \/>\n<meta property=\"og:description\" content=\"Bain Moussant Aux Amandes Douces Druide riche en Aloe Vera hydratante avec une mousse onctueuse et g\u00e9n\u00e9reuse. Son pH neutre respecte l\u2019\u00e9quilibre de la peau et la laisse toujours aussi douce au toucher. La formule de notre bain moussant non irritant est ultra-douce pour votre peau. Notre mousse s\u00fbre, riche et g\u00e9n\u00e9reuse est d\u00e9licieusement parfum\u00e9e.\" \/>\n<meta property=\"og:url\" content=\"https:\/\/beautesantelorette.ca\/fr\/produit\/bain-moussant-aux-amandes-douces\/\" \/>\n<meta property=\"og:site_name\" content=\"Beaut\u00e9 Sant\u00e9 Lorette\" \/>\n<meta property=\"article:publisher\" content=\"https:\/\/www.facebook.com\/BeauteSanteLorette\/\" \/>\n<meta property=\"article:modified_time\" content=\"2022-03-24T15:27:00+00:00\" \/>\n<meta property=\"og:image\" content=\"https:\/\/beautesantelorette.ca\/wp-content\/uploads\/2021\/10\/Sweet-Almonds-Foaming-Bath.jpg\" \/>\n\t<meta property=\"og:image:width\" content=\"1200\" \/>\n\t<meta property=\"og:image:height\" content=\"1200\" \/>\n\t<meta property=\"og:image:type\" content=\"image\/jpeg\" \/>\n<meta name=\"twitter:card\" content=\"summary_large_image\" \/>\n<script type=\"application\/ld+json\" class=\"yoast-schema-graph\">{\"@context\":\"https:\\\/\\\/schema.org\",\"@graph\":[{\"@type\":\"WebPage\",\"@id\":\"https:\\\/\\\/beautesantelorette.ca\\\/fr\\\/produit\\\/bain-moussant-aux-amandes-douces\\\/\",\"url\":\"https:\\\/\\\/beautesantelorette.ca\\\/fr\\\/produit\\\/bain-moussant-aux-amandes-douces\\\/\",\"name\":\"Bain Moussant Aux Amandes Douces - Beaut\u00e9 Sant\u00e9 Lorette\",\"isPartOf\":{\"@id\":\"https:\\\/\\\/beautesantelorette.ca\\\/fr\\\/#website\"},\"primaryImageOfPage\":{\"@id\":\"https:\\\/\\\/beautesantelorette.ca\\\/fr\\\/produit\\\/bain-moussant-aux-amandes-douces\\\/#primaryimage\"},\"image\":{\"@id\":\"https:\\\/\\\/beautesantelorette.ca\\\/fr\\\/produit\\\/bain-moussant-aux-amandes-douces\\\/#primaryimage\"},\"thumbnailUrl\":\"https:\\\/\\\/beautesantelorette.ca\\\/wp-content\\\/uploads\\\/2021\\\/10\\\/Sweet-Almonds-Foaming-Bath.jpg\",\"datePublished\":\"2021-10-01T21:09:00+00:00\",\"dateModified\":\"2022-03-24T15:27:00+00:00\",\"description\":\"Bain Moussant Aux Amandes Douces Druide riche en Aloe Vera hydratante avec une mousse onctueuse et g\u00e9n\u00e9reuse. Son pH neutre respecte l\u2019\u00e9quilibre de la peau et la laisse toujours aussi douce au toucher. La formule de notre bain moussant non irritant est ultra-douce pour votre peau. Notre mousse s\u00fbre, riche et g\u00e9n\u00e9reuse est d\u00e9licieusement parfum\u00e9e.\",\"breadcrumb\":{\"@id\":\"https:\\\/\\\/beautesantelorette.ca\\\/fr\\\/produit\\\/bain-moussant-aux-amandes-douces\\\/#breadcrumb\"},\"inLanguage\":\"fr-FR\",\"potentialAction\":[{\"@type\":\"ReadAction\",\"target\":[\"https:\\\/\\\/beautesantelorette.ca\\\/fr\\\/produit\\\/bain-moussant-aux-amandes-douces\\\/\"]}]},{\"@type\":\"ImageObject\",\"inLanguage\":\"fr-FR\",\"@id\":\"https:\\\/\\\/beautesantelorette.ca\\\/fr\\\/produit\\\/bain-moussant-aux-amandes-douces\\\/#primaryimage\",\"url\":\"https:\\\/\\\/beautesantelorette.ca\\\/wp-content\\\/uploads\\\/2021\\\/10\\\/Sweet-Almonds-Foaming-Bath.jpg\",\"contentUrl\":\"https:\\\/\\\/beautesantelorette.ca\\\/wp-content\\\/uploads\\\/2021\\\/10\\\/Sweet-Almonds-Foaming-Bath.jpg\",\"width\":1200,\"height\":1200,\"caption\":\"Bain Moussant Aux Amandes Douces\"},{\"@type\":\"BreadcrumbList\",\"@id\":\"https:\\\/\\\/beautesantelorette.ca\\\/fr\\\/produit\\\/bain-moussant-aux-amandes-douces\\\/#breadcrumb\",\"itemListElement\":[{\"@type\":\"ListItem\",\"position\":1,\"name\":\"Home\",\"item\":\"https:\\\/\\\/beautesantelorette.ca\\\/fr\\\/\"},{\"@type\":\"ListItem\",\"position\":2,\"name\":\"Boutique\",\"item\":\"https:\\\/\\\/beautesantelorette.ca\\\/fr\\\/boutique\\\/\"},{\"@type\":\"ListItem\",\"position\":3,\"name\":\"Bain Moussant Aux Amandes Douces\"}]},{\"@type\":\"WebSite\",\"@id\":\"https:\\\/\\\/beautesantelorette.ca\\\/fr\\\/#website\",\"url\":\"https:\\\/\\\/beautesantelorette.ca\\\/fr\\\/\",\"name\":\"Beaut\u00e9 Sant\u00e9 Lorette\",\"description\":\"Confiez-Nous Le Soin de VOTRE PEAU\",\"publisher\":{\"@id\":\"https:\\\/\\\/beautesantelorette.ca\\\/fr\\\/#organization\"},\"potentialAction\":[{\"@type\":\"SearchAction\",\"target\":{\"@type\":\"EntryPoint\",\"urlTemplate\":\"https:\\\/\\\/beautesantelorette.ca\\\/fr\\\/?s={search_term_string}\"},\"query-input\":{\"@type\":\"PropertyValueSpecification\",\"valueRequired\":true,\"valueName\":\"search_term_string\"}}],\"inLanguage\":\"fr-FR\"},{\"@type\":\"Organization\",\"@id\":\"https:\\\/\\\/beautesantelorette.ca\\\/fr\\\/#organization\",\"name\":\"Beaut\u00e9 Sant\u00e9 Lorette\",\"url\":\"https:\\\/\\\/beautesantelorette.ca\\\/fr\\\/\",\"logo\":{\"@type\":\"ImageObject\",\"inLanguage\":\"fr-FR\",\"@id\":\"https:\\\/\\\/beautesantelorette.ca\\\/fr\\\/#\\\/schema\\\/logo\\\/image\\\/\",\"url\":\"https:\\\/\\\/beautesantelorette.ca\\\/wp-content\\\/uploads\\\/2021\\\/10\\\/bsl_surfgirl_logo_pos-1.svg\",\"contentUrl\":\"https:\\\/\\\/beautesantelorette.ca\\\/wp-content\\\/uploads\\\/2021\\\/10\\\/bsl_surfgirl_logo_pos-1.svg\",\"width\":1533,\"height\":1200,\"caption\":\"Beaut\u00e9 Sant\u00e9 Lorette\"},\"image\":{\"@id\":\"https:\\\/\\\/beautesantelorette.ca\\\/fr\\\/#\\\/schema\\\/logo\\\/image\\\/\"},\"sameAs\":[\"https:\\\/\\\/www.facebook.com\\\/BeauteSanteLorette\\\/\",\"https:\\\/\\\/www.instagram.com\\\/beautesantelorette\\\/\"]}]}<\/script>\n<!-- \/ Yoast SEO plugin. -->","yoast_head_json":{"title":"Bain Moussant Aux Amandes Douces - Beaut\u00e9 Sant\u00e9 Lorette","description":"Bain Moussant Aux Amandes Douces Druide riche en Aloe Vera hydratante avec une mousse onctueuse et g\u00e9n\u00e9reuse. Son pH neutre respecte l\u2019\u00e9quilibre de la peau et la laisse toujours aussi douce au toucher. La formule de notre bain moussant non irritant est ultra-douce pour votre peau. Notre mousse s\u00fbre, riche et g\u00e9n\u00e9reuse est d\u00e9licieusement parfum\u00e9e.","robots":{"index":"index","follow":"follow","max-snippet":"max-snippet:-1","max-image-preview":"max-image-preview:large","max-video-preview":"max-video-preview:-1"},"canonical":"https:\/\/beautesantelorette.ca\/fr\/produit\/bain-moussant-aux-amandes-douces\/","og_locale":"fr_FR","og_type":"article","og_title":"Bain Moussant Aux Amandes Douces - Beaut\u00e9 Sant\u00e9 Lorette","og_description":"Bain Moussant Aux Amandes Douces Druide riche en Aloe Vera hydratante avec une mousse onctueuse et g\u00e9n\u00e9reuse. Son pH neutre respecte l\u2019\u00e9quilibre de la peau et la laisse toujours aussi douce au toucher. La formule de notre bain moussant non irritant est ultra-douce pour votre peau. Notre mousse s\u00fbre, riche et g\u00e9n\u00e9reuse est d\u00e9licieusement parfum\u00e9e.","og_url":"https:\/\/beautesantelorette.ca\/fr\/produit\/bain-moussant-aux-amandes-douces\/","og_site_name":"Beaut\u00e9 Sant\u00e9 Lorette","article_publisher":"https:\/\/www.facebook.com\/BeauteSanteLorette\/","article_modified_time":"2022-03-24T15:27:00+00:00","og_image":[{"width":1200,"height":1200,"url":"https:\/\/beautesantelorette.ca\/wp-content\/uploads\/2021\/10\/Sweet-Almonds-Foaming-Bath.jpg","type":"image\/jpeg"}],"twitter_card":"summary_large_image","schema":{"@context":"https:\/\/schema.org","@graph":[{"@type":"WebPage","@id":"https:\/\/beautesantelorette.ca\/fr\/produit\/bain-moussant-aux-amandes-douces\/","url":"https:\/\/beautesantelorette.ca\/fr\/produit\/bain-moussant-aux-amandes-douces\/","name":"Bain Moussant Aux Amandes Douces - Beaut\u00e9 Sant\u00e9 Lorette","isPartOf":{"@id":"https:\/\/beautesantelorette.ca\/fr\/#website"},"primaryImageOfPage":{"@id":"https:\/\/beautesantelorette.ca\/fr\/produit\/bain-moussant-aux-amandes-douces\/#primaryimage"},"image":{"@id":"https:\/\/beautesantelorette.ca\/fr\/produit\/bain-moussant-aux-amandes-douces\/#primaryimage"},"thumbnailUrl":"https:\/\/beautesantelorette.ca\/wp-content\/uploads\/2021\/10\/Sweet-Almonds-Foaming-Bath.jpg","datePublished":"2021-10-01T21:09:00+00:00","dateModified":"2022-03-24T15:27:00+00:00","description":"Bain Moussant Aux Amandes Douces Druide riche en Aloe Vera hydratante avec une mousse onctueuse et g\u00e9n\u00e9reuse. Son pH neutre respecte l\u2019\u00e9quilibre de la peau et la laisse toujours aussi douce au toucher. La formule de notre bain moussant non irritant est ultra-douce pour votre peau. Notre mousse s\u00fbre, riche et g\u00e9n\u00e9reuse est d\u00e9licieusement parfum\u00e9e.","breadcrumb":{"@id":"https:\/\/beautesantelorette.ca\/fr\/produit\/bain-moussant-aux-amandes-douces\/#breadcrumb"},"inLanguage":"fr-FR","potentialAction":[{"@type":"ReadAction","target":["https:\/\/beautesantelorette.ca\/fr\/produit\/bain-moussant-aux-amandes-douces\/"]}]},{"@type":"ImageObject","inLanguage":"fr-FR","@id":"https:\/\/beautesantelorette.ca\/fr\/produit\/bain-moussant-aux-amandes-douces\/#primaryimage","url":"https:\/\/beautesantelorette.ca\/wp-content\/uploads\/2021\/10\/Sweet-Almonds-Foaming-Bath.jpg","contentUrl":"https:\/\/beautesantelorette.ca\/wp-content\/uploads\/2021\/10\/Sweet-Almonds-Foaming-Bath.jpg","width":1200,"height":1200,"caption":"Bain Moussant Aux Amandes Douces"},{"@type":"BreadcrumbList","@id":"https:\/\/beautesantelorette.ca\/fr\/produit\/bain-moussant-aux-amandes-douces\/#breadcrumb","itemListElement":[{"@type":"ListItem","position":1,"name":"Home","item":"https:\/\/beautesantelorette.ca\/fr\/"},{"@type":"ListItem","position":2,"name":"Boutique","item":"https:\/\/beautesantelorette.ca\/fr\/boutique\/"},{"@type":"ListItem","position":3,"name":"Bain Moussant Aux Amandes Douces"}]},{"@type":"WebSite","@id":"https:\/\/beautesantelorette.ca\/fr\/#website","url":"https:\/\/beautesantelorette.ca\/fr\/","name":"Beaut\u00e9 Sant\u00e9 Lorette","description":"Confiez-Nous Le Soin de VOTRE PEAU","publisher":{"@id":"https:\/\/beautesantelorette.ca\/fr\/#organization"},"potentialAction":[{"@type":"SearchAction","target":{"@type":"EntryPoint","urlTemplate":"https:\/\/beautesantelorette.ca\/fr\/?s={search_term_string}"},"query-input":{"@type":"PropertyValueSpecification","valueRequired":true,"valueName":"search_term_string"}}],"inLanguage":"fr-FR"},{"@type":"Organization","@id":"https:\/\/beautesantelorette.ca\/fr\/#organization","name":"Beaut\u00e9 Sant\u00e9 Lorette","url":"https:\/\/beautesantelorette.ca\/fr\/","logo":{"@type":"ImageObject","inLanguage":"fr-FR","@id":"https:\/\/beautesantelorette.ca\/fr\/#\/schema\/logo\/image\/","url":"https:\/\/beautesantelorette.ca\/wp-content\/uploads\/2021\/10\/bsl_surfgirl_logo_pos-1.svg","contentUrl":"https:\/\/beautesantelorette.ca\/wp-content\/uploads\/2021\/10\/bsl_surfgirl_logo_pos-1.svg","width":1533,"height":1200,"caption":"Beaut\u00e9 Sant\u00e9 Lorette"},"image":{"@id":"https:\/\/beautesantelorette.ca\/fr\/#\/schema\/logo\/image\/"},"sameAs":["https:\/\/www.facebook.com\/BeauteSanteLorette\/","https:\/\/www.instagram.com\/beautesantelorette\/"]}]}},"jetpack_sharing_enabled":true,"_links":{"self":[{"href":"https:\/\/beautesantelorette.ca\/fr\/wp-json\/wp\/v2\/product\/22716","targetHints":{"allow":["GET"]}}],"collection":[{"href":"https:\/\/beautesantelorette.ca\/fr\/wp-json\/wp\/v2\/product"}],"about":[{"href":"https:\/\/beautesantelorette.ca\/fr\/wp-json\/wp\/v2\/types\/product"}],"replies":[{"embeddable":true,"href":"https:\/\/beautesantelorette.ca\/fr\/wp-json\/wp\/v2\/comments?post=22716"}],"wp:featuredmedia":[{"embeddable":true,"href":"https:\/\/beautesantelorette.ca\/fr\/wp-json\/wp\/v2\/media\/21809"}],"wp:attachment":[{"href":"https:\/\/beautesantelorette.ca\/fr\/wp-json\/wp\/v2\/media?parent=22716"}],"wp:term":[{"taxonomy":"product_brand","embeddable":true,"href":"https:\/\/beautesantelorette.ca\/fr\/wp-json\/wp\/v2\/product_brand?post=22716"},{"taxonomy":"product_cat","embeddable":true,"href":"https:\/\/beautesantelorette.ca\/fr\/wp-json\/wp\/v2\/product_cat?post=22716"},{"taxonomy":"product_tag","embeddable":true,"href":"https:\/\/beautesantelorette.ca\/fr\/wp-json\/wp\/v2\/product_tag?post=22716"}],"curies":[{"name":"wp","href":"https:\/\/api.w.org\/{rel}","templated":true}]}}